{"id":388,"date":"2016-02-08T15:50:40","date_gmt":"2016-02-08T15:50:40","guid":{"rendered":"http:\/\/the7.io\/marketing-agency\/?page_id=388"},"modified":"2025-09-10T06:41:35","modified_gmt":"2025-09-10T06:41:35","slug":"terms-of-use","status":"publish","type":"page","link":"https:\/\/www.paudimodel.com\/de\/terms-of-use\/","title":{"rendered":"Nutzungsbedingungen"},"content":{"rendered":"<p><\/p>\n\n\n<section  class='av_textblock_section av-jnn8k634-35720c490364da25ecea19574bde7fcb'   itemscope=\"itemscope\" itemtype=\"https:\/\/schema.org\/CreativeWork\" ><div class='avia_textblock'  itemprop=\"text\" ><h2>Nutzungsbedingungen<\/h2>\n<p><strong>Annahme der Bedingungen<\/strong><\/p>\n<p>Durch den Zugriff auf diese Website best\u00e4tigen Sie, dass Sie die folgenden Nutzungsbedingungen gelesen, verstanden und akzeptiert haben. Sollten Sie eine der Bedingungen nicht verstehen oder ihr nicht zustimmen, verlassen Sie diese Website bitte umgehend. PDML beh\u00e4lt sich das Recht vor, die Nutzungsbedingungen jederzeit und ohne vorherige Ank\u00fcndigung zu aktualisieren. Bei Verst\u00f6\u00dfen gegen die Nutzungsbedingungen beh\u00e4lt sich PDML das Recht vor, rechtliche Schritte einzuleiten.<\/p>\n<p><strong>Beschr\u00e4nkte Lizenz<\/strong><\/p>\n<p>Alle Inhalte dieser Website sind, sofern nicht anders angegeben, urheberrechtlich gesch\u00fctzt und Eigentum von PDML. Ohne vorherige schriftliche Zustimmung von PDML oder Dritten ist es untersagt, Inhalte dieser Website zu vervielf\u00e4ltigen, zu verbreiten, fotokopieren, abzuspielen, zu verlinken oder per Hyperlink zu \u00fcbertragen, im Rahmen der Spiegelungsmethode auf andere Server zu laden, in Informationssystemen zu speichern oder auf sonstige Weise f\u00fcr kommerzielle Zwecke zu nutzen. Ausgenommen hiervon ist das Herunterladen oder Vervielf\u00e4ltigen f\u00fcr private und nichtkommerzielle Zwecke (wobei jedoch jegliche Bearbeitung des Inhalts untersagt ist und die Urheberrechtsvermerke sowie sonstige Eigentumshinweise in der Originalform beibehalten werden m\u00fcssen).<\/p>\n<p><strong>Warenzeichen<\/strong><\/p>\n<p>Alle auf dieser Website dargestellten, erw\u00e4hnten oder anderweitig verwendeten Marken und Logos sind Eigentum von PDML oder gegebenenfalls von Dritten. Die Verwendung dieser Marken und Logos ist ohne die ausdr\u00fcckliche vorherige schriftliche Genehmigung von PDML oder des jeweiligen Dritten nicht gestattet.<\/p>\n<p><strong>Haftungsausschluss<\/strong><\/p>\n<p>Diese Website und ihre Inhalte dienen lediglich Ihrer Information. Obwohl PDML sich bem\u00fcht hat, auf dieser Website korrekte Informationen bereitzustellen, \u00fcbernimmt PDML keinerlei Gew\u00e4hr f\u00fcr deren Richtigkeit. PDML beh\u00e4lt sich das Recht vor, die Inhalte dieser Website oder die genannten Produkte jederzeit und ohne Vorank\u00fcndigung zu \u00e4ndern.<\/p>\n<p>Alle auf dieser Website bereitgestellten Informationen werden ohne jegliche Gew\u00e4hrleistung, Garantie oder Zusicherung zur Verf\u00fcgung gestellt. PDML schlie\u00dft hiermit im gesetzlich zul\u00e4ssigen Umfang ausdr\u00fccklich alle ausdr\u00fccklichen, stillschweigenden, gesetzlichen oder sonstigen Gew\u00e4hrleistungen, Garantien oder Zusicherungen aus, einschlie\u00dflich, aber nicht beschr\u00e4nkt auf die stillschweigenden Gew\u00e4hrleistungen der Marktg\u00e4ngigkeit, der Eignung f\u00fcr einen bestimmten Zweck oder der Nichtverletzung von Rechten Dritter.<\/p>\n<p><strong>Haftungsbeschr\u00e4nkung<\/strong><\/p>\n<p>Weder PDML noch eines ihrer verbundenen Unternehmen, Tochtergesellschaften, Direktoren, Vertreter, Mitarbeiter oder sonstigen Repr\u00e4sentanten haften f\u00fcr direkte, indirekte, besondere, zuf\u00e4llige, Folgesch\u00e4den, Strafschadenersatz und\/oder Schadensersatz mit Strafcharakter, einschlie\u00dflich, aber nicht beschr\u00e4nkt auf entgangenen Gewinn oder Umsatz, Datenverlust und\/oder Gesch\u00e4ftsverlust im Zusammenhang mit dieser Website oder der Nutzung oder der Unm\u00f6glichkeit der Nutzung dieser Website oder dem Vertrauen auf die hierin enthaltenen Inhalte, selbst wenn PDML auf die M\u00f6glichkeit solcher Sch\u00e4den hingewiesen wurde.<\/p>\n<p><strong>Produktverf\u00fcgbarkeit<\/strong><\/p>\n<p>Die Verf\u00fcgbarkeit der auf dieser Website beschriebenen Produkte und Dienstleistungen sowie deren Beschreibungen k\u00f6nnen je nach Land oder Region variieren. Bitte wenden Sie sich f\u00fcr spezifische Produkt- und\/oder Dienstleistungsinformationen an die lokalen Vertriebsmitarbeiter oder Vertreter von PDML.<\/p>\n<p><strong>Links zu Drittanbietern<\/strong><\/p>\n<p>Obwohl diese Website Links zu Websites Dritter zu Ihrer Bequemlichkeit enthalten kann, \u00fcbernimmt PDML keine Verantwortung f\u00fcr die Inhalte dieser Websites. Sie m\u00fcssen gegebenenfalls die geltenden Nutzungsbedingungen lesen und ihnen zustimmen, bevor Sie diese Websites nutzen. Dar\u00fcber hinaus bedeutet ein Link zu einer Website Dritter nicht, dass PDML die Website oder die dort erw\u00e4hnten Produkte oder Dienstleistungen bef\u00fcrwortet.<\/p>\n<p><strong>Zugang zu passwortgesch\u00fctzten\/sicheren Bereichen<\/strong><\/p>\n<p>Nur autorisierte Benutzer haben Zugriff auf passwortgesch\u00fctzte und\/oder gesicherte Bereiche dieser Website und k\u00f6nnen diese nutzen. Unbefugte Zugriffsversuche k\u00f6nnen strafrechtlich verfolgt werden.<\/p>\n<p><strong>Anwendbares Recht und Gerichtsstand<\/strong><\/p>\n<p>Diese Nutzungsbedingungen unterliegen dem Recht der Volksrepublik China und sind nach diesem auszulegen, unter Ausschluss der kollisionsrechtlichen Bestimmungen. Jegliche Streitigkeiten oder Meinungsverschiedenheiten, die sich aus oder im Zusammenhang mit diesen Nutzungsbedingungen oder dieser Website ergeben und nicht g\u00fctlich beigelegt werden k\u00f6nnen, sind der China International Economic and Trade Arbitration Commission (CIETAC) gem\u00e4\u00df ihrer jeweils geltenden Schiedsordnung zur Entscheidung vorzulegen. Drei (3) gem\u00e4\u00df dieser Ordnung bestellte Schiedsrichter entscheiden \u00fcber das Schiedsgericht. Der Schiedsort ist Peking, China. S\u00e4mtliche Dokumente, Pr\u00e4sentationen und das gesamte Verfahren erfolgen in chinesischer Sprache. Der Schiedsspruch ist endg\u00fcltig und f\u00fcr die beteiligten Parteien bindend.<\/p>\n<p><strong>Gesch\u00e4ftsbedingungen<\/strong><\/p>\n<p>Willkommen bei Paudi.com. Wir, Guangzhou Paudi Model Technology, Ltd., stellen Ihnen Website-Funktionen und andere Produkte und Dienstleistungen zur Verf\u00fcgung, wenn Sie als Besucher auf der Paudi-Website einkaufen, Paudi-Produkte oder -Dienstleistungen nutzen, Paudi-Anwendungen f\u00fcr Mobilger\u00e4te verwenden oder Software nutzen, die von Paudi im Zusammenhang mit den vorgenannten Punkten bereitgestellt wird.<\/p>\n<p>Paudi erbringt die Paudi-Dienstleistungen gem\u00e4\u00df den folgenden Gesch\u00e4ftsbedingungen.\u00a0<strong>Bevor Sie auf die Paudi-Website und die Paudi-Dienste zugreifen oder diese nutzen, lesen Sie bitte die folgenden Nutzungsbedingungen sorgf\u00e4ltig durch.<\/strong>Die PAUDI-Website ist f\u00fcr Personen ab 14 Jahren bestimmt. Sie versichern, dass Sie mindestens 14 Jahre alt sind oder die PAUDI-Website unter Aufsicht eines Elternteils oder Erziehungsberechtigten besuchen.<\/p>\n<p><strong>Einf\u00fchrung<\/strong><\/p>\n<p>Diese Allgemeinen Gesch\u00e4ftsbedingungen (nachfolgend \u201cAGB\u201d) stellen eine rechtsverbindliche Vereinbarung zwischen Ihnen und Paudi dar. Bitte lesen Sie die folgenden AGB sorgf\u00e4ltig durch, bevor Sie sich auf der Paudi-Website registrieren und die Paudi-Dienste nutzen. Mit der Annahme dieser Vereinbarung erkl\u00e4ren Sie sich mit den AGB einverstanden, unabh\u00e4ngig davon, ob Sie ein Konto auf der Paudi-Website erstellen oder eine Bestellung aufgeben. Bei einem Versto\u00df gegen die AGB ist Ihnen die weitere Nutzung der Paudi-Website und der Paudi-Dienste untersagt. Wir behalten uns das Recht vor, diese Paudi-Website und diese AGB jederzeit mit vorheriger Ank\u00fcndigung zu \u00e4ndern.<\/p>\n<p><strong>Nutzungsbedingungen<\/strong><\/p>\n<p>1. Sie stimmen Folgendem zu und sind allein daf\u00fcr verantwortlich:<\/p>\n<p>\u2022 Bereitstellung genauer Informationen, die f\u00fcr die Nutzung der Paudi-Website und der Paudi-Dienste erforderlich sind, einschlie\u00dflich, aber nicht beschr\u00e4nkt auf Informationen zu Ihrem Konto und Ihren Bestellungen.<\/p>\n<p>\u2022 Das Nichtver\u00f6ffentlichen oder \u00dcbermitteln von Material an die Paudi-Website, das: bedrohlich, vertraulich oder privat ist, Urheberrechte, Patente, Marken oder andere Eigentumsrechte einer Person verletzt oder beeintr\u00e4chtigt, die Rechte Dritter verletzt oder m\u00f6glicherweise technische Sch\u00e4den an der Paudi-Website verursachen kann.<\/p>\n<p>2. Paudi beh\u00e4lt sich das Recht vor, Informationen zu entfernen, die unserer Ansicht nach rechtswidrig oder unangemessen sind, gegen die genannten AGB versto\u00dfen oder m\u00f6glicherweise zu einer Haftung f\u00fcr Paudi f\u00fchren k\u00f6nnten.<\/p>\n<p>3. Wenn Sie Paudi-Dienste nutzen oder E-Mails, SMS oder andere Nachrichten von Ihrem Computer oder Mobilger\u00e4t an uns senden, kommunizieren Sie elektronisch mit uns. Sie erkl\u00e4ren sich damit einverstanden, elektronische Mitteilungen von uns zu erhalten. Wir kommunizieren mit Ihnen auf verschiedenen Wegen, beispielsweise per E-Mail, SMS, In-App-Push-Benachrichtigungen oder durch Ver\u00f6ffentlichung von Hinweisen und Nachrichten auf dieser Paudi-Website oder \u00fcber die anderen Paudi-Dienste. Sie stimmen zu, dass alle Vereinbarungen, Hinweise, Offenlegungen und sonstigen Mitteilungen, die wir Ihnen elektronisch \u00fcbermitteln, die gesetzlichen Anforderungen an die Schriftform erf\u00fcllen.<\/p>\n<p>4. Alle von Paudi erhobenen Produktpreise und sonstigen Geb\u00fchren verstehen sich exklusive etwaiger Einfuhrsteuern und -z\u00f6lle (einschlie\u00dflich aller anfallenden Z\u00f6lle, Mehrwertsteuern und Umsatzsteuern). Als Importeur verpflichten Sie sich, die vom Zoll des Ziellandes geforderten Einfuhrsteuern und -z\u00f6lle zu entrichten. Bei Nichtzahlung der Einfuhrsteuern und -z\u00f6lle \u00fcbernimmt Paudi keine Garantie f\u00fcr die erfolgreiche Lieferung an Ihre Zieladresse.<\/p>\n<p><strong>Beendigung der Nutzung<\/strong><\/p>\n<p>Bei einem Versto\u00df Ihrerseits gegen die AGB, gleich aus welchem Grund, haften Sie pers\u00f6nlich f\u00fcr alle Bestellungen und Geb\u00fchren, die vor Beendigung der Nutzung entstanden sind. Paudi beh\u00e4lt sich das Recht vor, die Paudi-Website jederzeit und ohne Vorank\u00fcndigung ganz oder teilweise zu \u00e4ndern oder einzustellen.<\/p>\n<p><strong>Preisfehler und Produktinformationen<\/strong><\/p>\n<p>Die Paudi-Website zeigt Preise und Verf\u00fcgbarkeit von Produkten und Dienstleistungen an, die sich ohne vorherige Ank\u00fcndigung \u00e4ndern k\u00f6nnen. Wir bem\u00fchen uns, Fehler zu korrigieren, sobald sie entdeckt werden. Paudi beh\u00e4lt sich das Recht vor, Angebote jederzeit zu widerrufen und Fehler oder Auslassungen nach der Bestellung zu korrigieren. Paudi bem\u00fcht sich, die Produktinformationen (Details und Bilder) auf dieser Paudi-Website so genau wie m\u00f6glich darzustellen.<\/p>\n<p><strong>Best\u00e4tigung Ihrer Bestellung<\/strong><\/p>\n<p>Nachdem Sie eine Bestellung bei uns aufgegeben haben, f\u00fchrt diese PAUDI-Website eine G\u00fcltigkeitspr\u00fcfung durch. PAUDI beh\u00e4lt sich das Recht vor, Ihre Bestellungen ohne Angabe von Gr\u00fcnden abzulehnen oder zu stornieren und\/oder die Bestellmenge zu begrenzen. Diese Einschr\u00e4nkungen k\u00f6nnen Bestellungen betreffen, die \u00fcber dasselbe Konto, dieselbe Kreditkarte oder dieselbe Rechnungs- oder Lieferadresse aufgegeben wurden. Sollten wir Ihre Bestellung ablehnen, wird unser Kundenservice versuchen, Sie \u00fcber die in Ihrem Konto angegebene E-Mail-Adresse zu benachrichtigen.<\/p>\n<p><strong>Auftragsannahme\/Best\u00e4tigung<\/strong><\/p>\n<p>Der Erhalt einer elektronischen oder sonstigen Auftragsbest\u00e4tigung stellt weder unsere Annahme Ihrer Bestellung noch eine Best\u00e4tigung unseres Verkaufsangebots dar. Die Paudi-Website beh\u00e4lt sich das Recht vor, Ihre Bestellung jederzeit nach Erhalt aus beliebigem Grund anzunehmen oder abzulehnen.<\/p>\n<p><strong>Zahlung bestellen<\/strong><\/p>\n<p>Sobald die Zahlung nach der Aufgabe Ihrer Bestellung eingegangen ist, best\u00e4tigen wir Ihre Bestellung und beginnen mit dem Versand der Bestellung.<\/p>\n<p>Wenn Sie die Stornierung Ihrer Bestellung oder die R\u00fcckgabe von Artikeln beantragen und dieser Antrag von uns genehmigt wird, wird Ihnen die Zahlung, die Sie f\u00fcr die Bestellung geleistet haben, gem\u00e4\u00df unseren R\u00fcckgaberichtlinien zur\u00fcckerstattet.<\/p>\n<p><strong>R\u00fcckgabe \u2013 siehe unsere R\u00fcckgabebestimmungen<\/strong><\/p>\n<p><strong>Datenschutz \u2013 siehe unsere Datenschutzrichtlinie<\/strong><\/p>\n<p><strong>Haftungsausschluss und Haftungsbeschr\u00e4nkung<\/strong><\/p>\n<p>Durch die Nutzung der Paudi-Website und der Paudi-Dienste erkl\u00e4ren Sie sich ausdr\u00fccklich damit einverstanden, dass die Nutzung dieser Paudi-Website und der Paudi-Dienste ausschlie\u00dflich auf Ihr Risiko erfolgt. Wir \u00fcbernehmen keine Garantie f\u00fcr die fehlerfreie Nutzung der Paudi-Website und f\u00fcr die Richtigkeit, Integrit\u00e4t oder Vollst\u00e4ndigkeit der Inhalte, die Sie auf dieser Paudi-Website sehen.<\/p>\n<p>Sie best\u00e4tigen hiermit, dass dieser Absatz f\u00fcr alle Inhalte, Produkte und Dienstleistungen der Paudi-Website gilt. Paudi haftet unter keinen Umst\u00e4nden f\u00fcr direkte oder indirekte Sch\u00e4den, die aus Ihrer Nutzung oder Nichtnutzung der Paudi-Website und der Paudi-Dienste entstehen, insbesondere nicht f\u00fcr Sch\u00e4den, die durch das Vertrauen auf Informationen der Paudi-Website und der Paudi-Dienste verursacht werden und zu Fehlern, L\u00f6schungen, Viren, Verz\u00f6gerungen oder anderen Funktionsst\u00f6rungen der Website f\u00fchren. Obwohl wir uns bem\u00fcht haben, die Richtigkeit der Inhalte dieser Website sicherzustellen, \u00fcbernimmt Paudi keine Gew\u00e4hr f\u00fcr die Richtigkeit der Informationen und stellt alle Informationen ohne Gew\u00e4hr zur Verf\u00fcgung. Paudi, einschlie\u00dflich unserer Partner und verbundenen Unternehmen, assoziierten Dritten, Mitarbeiter, Auftragnehmer und aller am Betrieb der Paudi-Website und der Paudi-Dienste Beteiligten, schlie\u00dft im gesetzlich zul\u00e4ssigen Umfang jegliche Haftung f\u00fcr Verluste oder Sch\u00e4den aus, die Ihnen oder Dritten durch die Paudi-Website oder die darauf angebotenen Produkte entstehen. Dies umfasst insbesondere auch Sch\u00e4den, die auf Fahrl\u00e4ssigkeit beruhen.<\/p>\n<p><strong>H\u00f6here Gewalt<\/strong><\/p>\n<p>Paudi haftet nicht f\u00fcr unvorhergesehene Verz\u00f6gerungen bei der Erf\u00fcllung seiner Verpflichtungen gem\u00e4\u00df diesen Allgemeinen Gesch\u00e4ftsbedingungen und hat Anspruch auf eine angemessene Fristverl\u00e4ngerung f\u00fcr die Erf\u00fcllung dieser Verpflichtungen.<\/p>\n<\/div><\/section>","protected":false},"excerpt":{"rendered":"","protected":false},"author":1,"featured_media":0,"parent":0,"menu_order":5,"comment_status":"closed","ping_status":"closed","template":"","meta":{"footnotes":""},"class_list":["post-388","page","type-page","status-publish","hentry"],"yoast_head":"<!-- This site is optimized with the Yoast SEO Premium plugin v25.6 (Yoast SEO v26.7) - https:\/\/yoast.com\/wordpress\/plugins\/seo\/ -->\n<title>Terms of Use - Paudi Model | High Quality Diecast Model<\/title>\n<meta name=\"robots\" content=\"index, follow, max-snippet:-1, max-image-preview:large, max-video-preview:-1\" \/>\n<link rel=\"canonical\" href=\"https:\/\/www.paudimodel.com\/de\/terms-of-use\/\" \/>\n<meta property=\"og:locale\" content=\"de_DE\" \/>\n<meta property=\"og:type\" content=\"article\" \/>\n<meta property=\"og:title\" content=\"Terms of Use\" \/>\n<meta property=\"og:url\" content=\"https:\/\/www.paudimodel.com\/de\/terms-of-use\/\" \/>\n<meta property=\"og:site_name\" content=\"Paudi Model | High Quality Diecast Model\" \/>\n<meta property=\"article:publisher\" content=\"https:\/\/www.facebook\/paudimodel\" \/>\n<meta property=\"article:modified_time\" content=\"2025-09-10T06:41:35+00:00\" \/>\n<meta name=\"twitter:card\" content=\"summary_large_image\" \/>\n<meta name=\"twitter:site\" content=\"@paudimodel\" \/>\n<meta name=\"twitter:label1\" content=\"Gesch\u00e4tzte Lesezeit\" \/>\n\t<meta name=\"twitter:data1\" content=\"9\u00a0Minuten\" \/>\n<script type=\"application\/ld+json\" class=\"yoast-schema-graph\">{\"@context\":\"https:\/\/schema.org\",\"@graph\":[{\"@type\":\"WebPage\",\"@id\":\"https:\/\/www.paudimodel.com\/terms-of-use\/\",\"url\":\"https:\/\/www.paudimodel.com\/terms-of-use\/\",\"name\":\"Terms of Use - Paudi Model | High Quality Diecast Model\",\"isPartOf\":{\"@id\":\"https:\/\/www.paudimodel.com\/#website\"},\"datePublished\":\"2016-02-08T15:50:40+00:00\",\"dateModified\":\"2025-09-10T06:41:35+00:00\",\"breadcrumb\":{\"@id\":\"https:\/\/www.paudimodel.com\/terms-of-use\/#breadcrumb\"},\"inLanguage\":\"de\",\"potentialAction\":[{\"@type\":\"ReadAction\",\"target\":[\"https:\/\/www.paudimodel.com\/terms-of-use\/\"]}]},{\"@type\":\"BreadcrumbList\",\"@id\":\"https:\/\/www.paudimodel.com\/terms-of-use\/#breadcrumb\",\"itemListElement\":[{\"@type\":\"ListItem\",\"position\":1,\"name\":\"Home\",\"item\":\"https:\/\/www.paudimodel.com\/\"},{\"@type\":\"ListItem\",\"position\":2,\"name\":\"Terms of Use\"}]},{\"@type\":\"WebSite\",\"@id\":\"https:\/\/www.paudimodel.com\/#website\",\"url\":\"https:\/\/www.paudimodel.com\/\",\"name\":\"Paudi Model | High Quality Diecast Model\",\"description\":\"Shop For Diecast Models From Top-Rated Brands Like Dealer Edition, Paudi, Kyosho, Autoart &amp; More. Low Online Prices. Super-Detailed Models.Find Your Make &amp; Model.Huge Selection. Satisfaction Guaranteed. Types: Diecast Model Cars, Diecast Model Trucks.\",\"publisher\":{\"@id\":\"https:\/\/www.paudimodel.com\/#organization\"},\"alternateName\":\"Scale model design, development and production\",\"potentialAction\":[{\"@type\":\"SearchAction\",\"target\":{\"@type\":\"EntryPoint\",\"urlTemplate\":\"https:\/\/www.paudimodel.com\/?s={search_term_string}\"},\"query-input\":{\"@type\":\"PropertyValueSpecification\",\"valueRequired\":true,\"valueName\":\"search_term_string\"}}],\"inLanguage\":\"de\"},{\"@type\":\"Organization\",\"@id\":\"https:\/\/www.paudimodel.com\/#organization\",\"name\":\"Guangzhou Paudi Model Technology Ltd.\",\"url\":\"https:\/\/www.paudimodel.com\/\",\"logo\":{\"@type\":\"ImageObject\",\"inLanguage\":\"de\",\"@id\":\"https:\/\/www.paudimodel.com\/#\/schema\/logo\/image\/\",\"url\":\"https:\/\/www.paudimodel.com\/wp-content\/uploads\/2023\/02\/696x696.png\",\"contentUrl\":\"https:\/\/www.paudimodel.com\/wp-content\/uploads\/2023\/02\/696x696.png\",\"width\":696,\"height\":696,\"caption\":\"Guangzhou Paudi Model Technology Ltd.\"},\"image\":{\"@id\":\"https:\/\/www.paudimodel.com\/#\/schema\/logo\/image\/\"},\"sameAs\":[\"https:\/\/www.facebook\/paudimodel\",\"https:\/\/x.com\/paudimodel\"]}]}<\/script>\n<!-- \/ Yoast SEO Premium plugin. -->","yoast_head_json":{"title":"Terms of Use - Paudi Model | High Quality Diecast Model","robots":{"index":"index","follow":"follow","max-snippet":"max-snippet:-1","max-image-preview":"max-image-preview:large","max-video-preview":"max-video-preview:-1"},"canonical":"https:\/\/www.paudimodel.com\/de\/terms-of-use\/","og_locale":"de_DE","og_type":"article","og_title":"Terms of Use","og_url":"https:\/\/www.paudimodel.com\/de\/terms-of-use\/","og_site_name":"Paudi Model | High Quality Diecast Model","article_publisher":"https:\/\/www.facebook\/paudimodel","article_modified_time":"2025-09-10T06:41:35+00:00","twitter_card":"summary_large_image","twitter_site":"@paudimodel","twitter_misc":{"Gesch\u00e4tzte Lesezeit":"9\u00a0Minuten"},"schema":{"@context":"https:\/\/schema.org","@graph":[{"@type":"WebPage","@id":"https:\/\/www.paudimodel.com\/terms-of-use\/","url":"https:\/\/www.paudimodel.com\/terms-of-use\/","name":"Terms of Use - Paudi Model | High Quality Diecast Model","isPartOf":{"@id":"https:\/\/www.paudimodel.com\/#website"},"datePublished":"2016-02-08T15:50:40+00:00","dateModified":"2025-09-10T06:41:35+00:00","breadcrumb":{"@id":"https:\/\/www.paudimodel.com\/terms-of-use\/#breadcrumb"},"inLanguage":"de","potentialAction":[{"@type":"ReadAction","target":["https:\/\/www.paudimodel.com\/terms-of-use\/"]}]},{"@type":"BreadcrumbList","@id":"https:\/\/www.paudimodel.com\/terms-of-use\/#breadcrumb","itemListElement":[{"@type":"ListItem","position":1,"name":"Home","item":"https:\/\/www.paudimodel.com\/"},{"@type":"ListItem","position":2,"name":"Terms of Use"}]},{"@type":"WebSite","@id":"https:\/\/www.paudimodel.com\/#website","url":"https:\/\/www.paudimodel.com\/","name":"Paudi-Modell | Hochwertiges Druckgussmodell","description":"Kaufen Sie Druckgussmodelle von Top-Marken wie Dealer Edition, Paudi, Kyosho, Autoart und mehr. G\u00fcnstige Online-Preise. Superdetaillierte Modelle. Finden Sie Ihre Marke und Ihr Modell. Riesige Auswahl. Zufriedenheitsgarantie. Typen: Druckguss-Modellautos, Druckguss-Modell-LKWs.","publisher":{"@id":"https:\/\/www.paudimodel.com\/#organization"},"alternateName":"Scale model design, development and production","potentialAction":[{"@type":"SearchAction","target":{"@type":"EntryPoint","urlTemplate":"https:\/\/www.paudimodel.com\/?s={search_term_string}"},"query-input":{"@type":"PropertyValueSpecification","valueRequired":true,"valueName":"search_term_string"}}],"inLanguage":"de"},{"@type":"Organization","@id":"https:\/\/www.paudimodel.com\/#organization","name":"Guangzhou Paudi Model Technology Ltd.","url":"https:\/\/www.paudimodel.com\/","logo":{"@type":"ImageObject","inLanguage":"de","@id":"https:\/\/www.paudimodel.com\/#\/schema\/logo\/image\/","url":"https:\/\/www.paudimodel.com\/wp-content\/uploads\/2023\/02\/696x696.png","contentUrl":"https:\/\/www.paudimodel.com\/wp-content\/uploads\/2023\/02\/696x696.png","width":696,"height":696,"caption":"Guangzhou Paudi Model Technology Ltd."},"image":{"@id":"https:\/\/www.paudimodel.com\/#\/schema\/logo\/image\/"},"sameAs":["https:\/\/www.facebook\/paudimodel","https:\/\/x.com\/paudimodel"]}]}},"_links":{"self":[{"href":"https:\/\/www.paudimodel.com\/de\/wp-json\/wp\/v2\/pages\/388","targetHints":{"allow":["GET"]}}],"collection":[{"href":"https:\/\/www.paudimodel.com\/de\/wp-json\/wp\/v2\/pages"}],"about":[{"href":"https:\/\/www.paudimodel.com\/de\/wp-json\/wp\/v2\/types\/page"}],"author":[{"embeddable":true,"href":"https:\/\/www.paudimodel.com\/de\/wp-json\/wp\/v2\/users\/1"}],"replies":[{"embeddable":true,"href":"https:\/\/www.paudimodel.com\/de\/wp-json\/wp\/v2\/comments?post=388"}],"version-history":[{"count":2,"href":"https:\/\/www.paudimodel.com\/de\/wp-json\/wp\/v2\/pages\/388\/revisions"}],"predecessor-version":[{"id":79383,"href":"https:\/\/www.paudimodel.com\/de\/wp-json\/wp\/v2\/pages\/388\/revisions\/79383"}],"wp:attachment":[{"href":"https:\/\/www.paudimodel.com\/de\/wp-json\/wp\/v2\/media?parent=388"}],"curies":[{"name":"wp","href":"https:\/\/api.w.org\/{rel}","templated":true}]}}