{"id":43143,"date":"2017-02-02T19:20:22","date_gmt":"2017-02-02T19:20:22","guid":{"rendered":"http:\/\/www.paudimodel.com\/?page_id=43143"},"modified":"2019-11-20T04:38:45","modified_gmt":"2019-11-20T04:38:45","slug":"diecast-cars-custom-adn-consult","status":"publish","type":"page","link":"https:\/\/www.paudimodel.com\/de\/our_services\/diecast-cars-custom-adn-consult\/","title":{"rendered":"Modellautos individuell gestaltet &amp; Koffer"},"content":{"rendered":"<style type=\"text\/css\" data-created_by=\"avia_inline_auto\" id=\"style-css-av-4bjvkp3-045388518cbd22212d9cfe242d63ba9a\">\n.flex_column.av-4bjvkp3-045388518cbd22212d9cfe242d63ba9a{\nborder-radius:0px 0px 0px 0px;\npadding:0px 0px 0px 0px;\n}\n<\/style>\n<div  class='flex_column av-4bjvkp3-045388518cbd22212d9cfe242d63ba9a av_one_full  avia-builder-el-0  el_before_av_section  avia-builder-el-no-sibling  first flex_column_div av-zero-column-padding'     ><p>\n<style type=\"text\/css\" data-created_by=\"avia_inline_auto\" id=\"style-css-av-av_heading-e527d419144aa8b600dd6065e6385b00\">\n#top .av-special-heading.av-av_heading-e527d419144aa8b600dd6065e6385b00{\npadding-bottom:10px;\n}\nbody .av-special-heading.av-av_heading-e527d419144aa8b600dd6065e6385b00 .av-special-heading-tag .heading-char{\nfont-size:25px;\n}\n.av-special-heading.av-av_heading-e527d419144aa8b600dd6065e6385b00 .av-subheading{\nfont-size:15px;\n}\n<\/style>\n<div  class='av-special-heading av-av_heading-e527d419144aa8b600dd6065e6385b00 av-special-heading-h1 blockquote modern-quote  avia-builder-el-1  el_before_av_textblock  avia-builder-el-first'><h1 class='av-special-heading-tag'  itemprop=\"headline\"  >WIR HELFEN IHNEN GERNE BEI DER VERMARKTUNG IHRES UNTERNEHMENS, IHRER VERANSTALTUNG ODER IHRES SPONSORINGS!<\/h1><div class=\"special-heading-border\"><div class=\"special-heading-inner-border\"><\/div><\/div><\/div><br \/>\n<section  class='av_textblock_section av-jnlqdxqr-c111cfa36062d294db702dc926d0f223'   itemscope=\"itemscope\" itemtype=\"https:\/\/schema.org\/CreativeWork\" ><div class='avia_textblock'  itemprop=\"text\" ><p>Paudi Model entwickelt individuelle Programme, die Unternehmen bei ihren Marketing-, Werbe- und Markenbekanntheitszielen unterst\u00fctzen. Unsere ma\u00dfgeschneiderten Programme helfen Ihnen, Ihr Unternehmen mit hochwertigen Die-Cast-Modellen, erstklassigen Grafiken, verschiedenen Verpackungsoptionen und geringen Mindestproduktionsmengen zu vermarkten. Wir entwickeln und fertigen auf Basis Ihrer 3D-Daten, Prototypen, Muster oder Skizzen, um Ihre individuellen Marketingbed\u00fcrfnisse zu erf\u00fcllen.<\/p>\n<p>Unsere ma\u00dfgeschneiderten Programme sind hervorragend:<\/p>\n<ul>\n<li>Geschenke zur Kundenbindung<\/li>\n<li>Anreize zur Mitarbeiteranerkennung<\/li>\n<li>Werbegeschenk f\u00fcr die Messe<\/li>\n<li>Produkteinf\u00fchrung<\/li>\n<li>Gedenkst\u00fcck f\u00fcr ein bestimmtes Ereignis<\/li>\n<li>Spendenaktion\/Geschenkartikel<\/li>\n<\/ul>\n<p>Als Hersteller hochwertiger Modellautos k\u00f6nnen wir unsere leistungsstarken Fertigungskapazit\u00e4ten optimal auf Ihre Bed\u00fcrfnisse abstimmen. Ob Werbetreibende, Marken oder H\u00e4ndler \u2013 wir liefern Ihnen gem\u00e4\u00df Ihren Vorgaben exzellente Produkte.<\/p>\n<p>In der Vergangenheit haben wir mehrere ma\u00dfgeschneiderte Geh\u00e4use f\u00fcr INFINITI und Nissan hergestellt, die sich gro\u00dfer Beliebtheit erfreuen und hohes Ansehen genie\u00dfen.<\/p>\n<\/div><\/section><br \/>\n\n<style type=\"text\/css\" data-created_by=\"avia_inline_auto\" id=\"style-css-av-av_heading-1f07f57746ca2188729eaf98d34cf883\">\n#top .av-special-heading.av-av_heading-1f07f57746ca2188729eaf98d34cf883{\npadding-bottom:10px;\n}\nbody .av-special-heading.av-av_heading-1f07f57746ca2188729eaf98d34cf883 .av-special-heading-tag .heading-char{\nfont-size:25px;\n}\n.av-special-heading.av-av_heading-1f07f57746ca2188729eaf98d34cf883 .av-subheading{\nfont-size:15px;\n}\n<\/style>\n<div  class='av-special-heading av-av_heading-1f07f57746ca2188729eaf98d34cf883 av-special-heading-h4  avia-builder-el-3  el_after_av_textblock  el_before_av_portfolio  avia-builder-el-last'><h4 class='av-special-heading-tag'  itemprop=\"headline\"  >Paudi Modell Diecast Modellauto Custom Case<\/h4><div class=\"special-heading-border\"><div class=\"special-heading-inner-border\"><\/div><\/div><\/div><br \/>\n<div  id=\"av-sc-portfolio-1\"  class=\"av-portfolio-grid-sorting-container\"><div class='sort_width_container  av-sort-yes' data-portfolio-id='1' ><div id='js_sort_items' ><div class='sort_by_cat hidden'><a href=\"#\" data-filter=\"all_sort\" class=\"all_sort_button active_sort\"><span class=\"inner_sort_button\"><span>Alle<\/span><small class=\"av-cat-count\"> 5 <\/small><\/span><\/a><span class=\"text-sep customization-case_sort_sep\">\/<\/span><a href=\"#\" data-filter=\"customization-case_sort\" class=\"customization-case_sort_button\" ><span class=\"inner_sort_button\"><span>Anpassungsfall<\/span><small class=\"av-cat-count\"> 5 <\/small><\/span><\/a><\/div><\/div><\/div><div  class='grid-sort-container isotope   no_margin-container with-title-container grid-total-odd grid-col-5 grid-links-' data-portfolio-id='1'><div data-ajax-id='56577' class='grid-entry flex_column isotope-item all_sort no_margin post-entry post-entry-56577 grid-entry-overview grid-loop-1 grid-parity-odd  customization-case_sort  av_one_fifth first default_av_fullwidth'><article class='main_color inner-entry'  itemscope=\"itemscope\" itemtype=\"https:\/\/schema.org\/CreativeWork\" ><a href=\"https:\/\/www.paudimodel.com\/de\/portfolio-item\/infiniti-qx60-2014-special-customized-version\/\" title='Infiniti QX60 2014 \u2013 Spezielle Sonderausf\u00fchrung'  data-rel='grid-1' class='grid-image avia-hover-fx'> <img decoding=\"async\" fetchpriority=\"high\" width=\"990\" height=\"658\" src=\"https:\/\/www.paudimodel.com\/wp-content\/uploads\/2016\/04\/Infiniti_QX60_2014_Ga_12-1.jpg\" class=\"wp-image-27697 avia-img-lazy-loading-not-27697 attachment-no scaling size-no scaling wp-post-image\" alt=\"\" srcset=\"https:\/\/www.paudimodel.com\/wp-content\/uploads\/2016\/04\/Infiniti_QX60_2014_Ga_12-1.jpg 990w, https:\/\/www.paudimodel.com\/wp-content\/uploads\/2016\/04\/Infiniti_QX60_2014_Ga_12-1-300x199.jpg 300w, https:\/\/www.paudimodel.com\/wp-content\/uploads\/2016\/04\/Infiniti_QX60_2014_Ga_12-1-450x299.jpg 450w, https:\/\/www.paudimodel.com\/wp-content\/uploads\/2016\/04\/Infiniti_QX60_2014_Ga_12-1-768x510.jpg 768w\" sizes=\"(max-width: 990px) 100vw, 990px\" \/><\/a><div class='grid-content'><div class='avia-arrow'><\/div><header class=\"entry-content-header\" aria-label=\"Portfolio: Infiniti QX60 2014 \u2013 Spezielle Sonderanfertigung\"><h3 class='grid-entry-title entry-title'  itemprop=\"headline\" ><a href='https:\/\/www.paudimodel.com\/de\/portfolio-item\/infiniti-qx60-2014-special-customized-version\/' title='Infiniti QX60 2014 \u2013 Spezielle Sonderausf\u00fchrung'>Infiniti QX60 2014 \u2013 Spezielle Sonderausf\u00fchrung<\/a><\/h3><\/header><\/div><footer class=\"entry-footer\"><\/footer><\/article><\/div><div data-ajax-id='56614' class='grid-entry flex_column isotope-item all_sort no_margin post-entry post-entry-56614 grid-entry-overview grid-loop-2 grid-parity-even  customization-case_sort  av_one_fifth  default_av_fullwidth'><article class='main_color inner-entry'  itemscope=\"itemscope\" itemtype=\"https:\/\/schema.org\/CreativeWork\" ><a href=\"https:\/\/www.paudimodel.com\/de\/portfolio-item\/infinit-1-18-qx60-variety-tv-show-special-commemorative-model-car\/\" title='INFINIT QX60 TV-Show-Sonderausgabe'  data-rel='grid-1' class='grid-image avia-hover-fx'> <\/a><div class='grid-content'><div class='avia-arrow'><\/div><header class=\"entry-content-header\" aria-label=\"Portfolio: INFINIT QX60 TV-Show-Sonderedition\"><h3 class='grid-entry-title entry-title'  itemprop=\"headline\" ><a href='https:\/\/www.paudimodel.com\/de\/portfolio-item\/infinit-1-18-qx60-variety-tv-show-special-commemorative-model-car\/' title='INFINIT QX60 TV-Show-Sonderausgabe'>INFINIT QX60 TV-Show-Sonderausgabe<\/a><\/h3><\/header><\/div><footer class=\"entry-footer\"><\/footer><\/article><\/div><div data-ajax-id='56617' class='grid-entry flex_column isotope-item all_sort no_margin post-entry post-entry-56617 grid-entry-overview grid-loop-3 grid-parity-odd  customization-case_sort  av_one_fifth  default_av_fullwidth'><article class='main_color inner-entry'  itemscope=\"itemscope\" itemtype=\"https:\/\/schema.org\/CreativeWork\" ><a href=\"https:\/\/www.paudimodel.com\/de\/portfolio-item\/infinit-1-18-qx50-variety-tv-show-special-commemorative-model-car\/\" title='INFINIT QX50 TV-Show-Sonderausgabe'  data-rel='grid-1' class='grid-image avia-hover-fx'> <img decoding=\"async\" fetchpriority=\"high\" width=\"990\" height=\"658\" src=\"https:\/\/www.paudimodel.com\/wp-content\/uploads\/2016\/04\/Infiniti_QX50_2015_R_30-1.jpg\" class=\"wp-image-42706 avia-img-lazy-loading-not-42706 attachment-no scaling size-no scaling wp-post-image\" alt=\"\" srcset=\"https:\/\/www.paudimodel.com\/wp-content\/uploads\/2016\/04\/Infiniti_QX50_2015_R_30-1.jpg 990w, https:\/\/www.paudimodel.com\/wp-content\/uploads\/2016\/04\/Infiniti_QX50_2015_R_30-1-300x199.jpg 300w, https:\/\/www.paudimodel.com\/wp-content\/uploads\/2016\/04\/Infiniti_QX50_2015_R_30-1-450x299.jpg 450w, https:\/\/www.paudimodel.com\/wp-content\/uploads\/2016\/04\/Infiniti_QX50_2015_R_30-1-768x510.jpg 768w\" sizes=\"(max-width: 990px) 100vw, 990px\" \/><\/a><div class='grid-content'><div class='avia-arrow'><\/div><header class=\"entry-content-header\" aria-label=\"Portfolio: INFINIT QX50 TV-Show-Sonderedition\"><h3 class='grid-entry-title entry-title'  itemprop=\"headline\" ><a href='https:\/\/www.paudimodel.com\/de\/portfolio-item\/infinit-1-18-qx50-variety-tv-show-special-commemorative-model-car\/' title='INFINIT QX50 TV-Show-Sonderausgabe'>INFINIT QX50 TV-Show-Sonderausgabe<\/a><\/h3><\/header><\/div><footer class=\"entry-footer\"><\/footer><\/article><\/div><div data-ajax-id='56619' class='grid-entry flex_column isotope-item all_sort no_margin post-entry post-entry-56619 grid-entry-overview grid-loop-4 grid-parity-even  customization-case_sort  av_one_fifth  default_av_fullwidth'><article class='main_color inner-entry'  itemscope=\"itemscope\" itemtype=\"https:\/\/schema.org\/CreativeWork\" ><a href=\"https:\/\/www.paudimodel.com\/de\/portfolio-item\/infinit-1-18-q50-variety-tv-show-special-commemorative-model-car\/\" title='INFINIT Q50L TV-Show-Sonderedition'  data-rel='grid-1' class='grid-image avia-hover-fx'> <img decoding=\"async\" fetchpriority=\"high\" width=\"990\" height=\"658\" src=\"https:\/\/www.paudimodel.com\/wp-content\/uploads\/2016\/04\/Infiniti_Q50L_2015_R_jsqj_07-1.jpg\" class=\"wp-image-42711 avia-img-lazy-loading-not-42711 attachment-no scaling size-no scaling wp-post-image\" alt=\"\" srcset=\"https:\/\/www.paudimodel.com\/wp-content\/uploads\/2016\/04\/Infiniti_Q50L_2015_R_jsqj_07-1.jpg 990w, https:\/\/www.paudimodel.com\/wp-content\/uploads\/2016\/04\/Infiniti_Q50L_2015_R_jsqj_07-1-300x199.jpg 300w, https:\/\/www.paudimodel.com\/wp-content\/uploads\/2016\/04\/Infiniti_Q50L_2015_R_jsqj_07-1-450x299.jpg 450w, https:\/\/www.paudimodel.com\/wp-content\/uploads\/2016\/04\/Infiniti_Q50L_2015_R_jsqj_07-1-768x510.jpg 768w\" sizes=\"(max-width: 990px) 100vw, 990px\" \/><\/a><div class='grid-content'><div class='avia-arrow'><\/div><header class=\"entry-content-header\" aria-label=\"Portfolio: INFINIT Q50L Sonderedition zur TV-Show\"><h3 class='grid-entry-title entry-title'  itemprop=\"headline\" ><a href='https:\/\/www.paudimodel.com\/de\/portfolio-item\/infinit-1-18-q50-variety-tv-show-special-commemorative-model-car\/' title='INFINIT Q50L TV-Show-Sonderedition'>INFINIT Q50L TV-Show-Sonderedition<\/a><\/h3><\/header><\/div><footer class=\"entry-footer\"><\/footer><\/article><\/div><div data-ajax-id='56853' class='grid-entry flex_column isotope-item all_sort no_margin post-entry post-entry-56853 grid-entry-overview grid-loop-5 grid-parity-odd  post-entry-last  1-24-scale_sort customization-case_sort  av_one_fifth  default_av_fullwidth'><article class='main_color inner-entry'  itemscope=\"itemscope\" itemtype=\"https:\/\/schema.org\/CreativeWork\" ><a href=\"https:\/\/www.paudimodel.com\/de\/portfolio-item\/1-24-scale-vinfast-lux-a2-0-sedan-model-car\/\" title='Vinfast LUX A2.0 SEDAN MODELLAUTO IM MA\u00dfSTAB 1\/24'  data-rel='grid-1' class='grid-image avia-hover-fx'> <img decoding=\"async\" fetchpriority=\"high\" width=\"1600\" height=\"1064\" src=\"https:\/\/www.paudimodel.com\/wp-content\/uploads\/2019\/02\/VINFAST-LUX-A2.0-SEDAN_01.jpg\" class=\"wp-image-56890 avia-img-lazy-loading-not-56890 attachment-no scaling size-no scaling wp-post-image\" alt=\"\" srcset=\"https:\/\/www.paudimodel.com\/wp-content\/uploads\/2019\/02\/VINFAST-LUX-A2.0-SEDAN_01.jpg 1600w, https:\/\/www.paudimodel.com\/wp-content\/uploads\/2019\/02\/VINFAST-LUX-A2.0-SEDAN_01-300x200.jpg 300w, https:\/\/www.paudimodel.com\/wp-content\/uploads\/2019\/02\/VINFAST-LUX-A2.0-SEDAN_01-450x299.jpg 450w, https:\/\/www.paudimodel.com\/wp-content\/uploads\/2019\/02\/VINFAST-LUX-A2.0-SEDAN_01-768x511.jpg 768w, https:\/\/www.paudimodel.com\/wp-content\/uploads\/2019\/02\/VINFAST-LUX-A2.0-SEDAN_01-1030x685.jpg 1030w, https:\/\/www.paudimodel.com\/wp-content\/uploads\/2019\/02\/VINFAST-LUX-A2.0-SEDAN_01-1500x998.jpg 1500w, https:\/\/www.paudimodel.com\/wp-content\/uploads\/2019\/02\/VINFAST-LUX-A2.0-SEDAN_01-705x469.jpg 705w\" sizes=\"(max-width: 1600px) 100vw, 1600px\" \/><\/a><div class='grid-content'><div class='avia-arrow'><\/div><header class=\"entry-content-header\" aria-label=\"Portfolio: Vinfast LUX A2.0 Limousine Modellauto im Ma\u00dfstab 1:24\"><h3 class='grid-entry-title entry-title'  itemprop=\"headline\" ><a href='https:\/\/www.paudimodel.com\/de\/portfolio-item\/1-24-scale-vinfast-lux-a2-0-sedan-model-car\/' title='Vinfast LUX A2.0 SEDAN MODELLAUTO IM MA\u00dfSTAB 1\/24'>Vinfast LUX A2.0 SEDAN MODELLAUTO IM MA\u00dfSTAB 1\/24<\/a><\/h3><\/header><\/div><footer class=\"entry-footer\"><\/footer><\/article><\/div><\/div><\/div>   <!--   class=\"av-portfolio-grid-sorting-container\"  --><div class='pagination-wrap'><nav class='pagination'><span class='pagination-meta'>Seite 1 von 4<\/span><span class='current'>1<\/span><a href='https:\/\/www.paudimodel.com\/de\/wp-json\/wp\/v2\/pages\/43143\/?avia-element-paging=2' class='inactive next_page' >2<\/a><a href='https:\/\/www.paudimodel.com\/de\/wp-json\/wp\/v2\/pages\/43143\/?avia-element-paging=3' class='inactive' >3<\/a><a href='https:\/\/www.paudimodel.com\/de\/wp-json\/wp\/v2\/pages\/43143\/?avia-element-paging=4' class='inactive' >4<\/a><\/nav>\n<\/div><\/p><\/div>\n<\/div><\/div><\/div><!-- close content main div --><\/div><\/div>\n<style type=\"text\/css\" data-created_by=\"avia_inline_auto\" id=\"style-css-av-3u06nuv-eb8040c5c66d75bc96ff3e6c7b9c6c70\">\n.avia-section.av-3u06nuv-eb8040c5c66d75bc96ff3e6c7b9c6c70 .av-section-color-overlay{\nopacity:0.5;\nbackground-color:#f7f7f7;\n}\n<\/style>\n<div id='av_section_1'  class='avia-section av-3u06nuv-eb8040c5c66d75bc96ff3e6c7b9c6c70 alternate_color avia-section-large avia-shadow  avia-builder-el-5  el_after_av_one_full  avia-builder-el-last  avia-bg-style-scroll av-section-color-overlay-active container_wrap sidebar_right'  ><div class=\"av-section-color-overlay-wrap\"><div class=\"av-section-color-overlay\"><\/div><div class='container av-section-cont-open' ><div class='template-page content  av-content-small alpha units'><div class='post-entry post-entry-type-page post-entry-43143'><div class='entry-content-wrapper clearfix'>\n\n<style type=\"text\/css\" data-created_by=\"avia_inline_auto\" id=\"style-css-av-js14oz0v-f05e64b98fc6a3181a063e9dfeed2882\">\n.flex_column.av-js14oz0v-f05e64b98fc6a3181a063e9dfeed2882{\nborder-radius:0px 0px 0px 0px;\npadding:0px 0px 0px 0px;\n}\n<\/style>\n<div  class='flex_column av-js14oz0v-f05e64b98fc6a3181a063e9dfeed2882 av_one_full  avia-builder-el-6  avia-builder-el-no-sibling  first flex_column_div av-zero-column-padding'     ><p>\n<style type=\"text\/css\" data-created_by=\"avia_inline_auto\" id=\"style-css-av-av_heading-f4305e0a4389d53a7610db7c9c7e64df\">\n#top .av-special-heading.av-av_heading-f4305e0a4389d53a7610db7c9c7e64df{\npadding-bottom:10px;\n}\nbody .av-special-heading.av-av_heading-f4305e0a4389d53a7610db7c9c7e64df .av-special-heading-tag .heading-char{\nfont-size:25px;\n}\n.av-special-heading.av-av_heading-f4305e0a4389d53a7610db7c9c7e64df .av-subheading{\nfont-size:15px;\n}\n<\/style>\n<div  class='av-special-heading av-av_heading-f4305e0a4389d53a7610db7c9c7e64df av-special-heading-h2 blockquote modern-quote modern-centered  avia-builder-el-7  el_before_av_textblock  avia-builder-el-first'><h2 class='av-special-heading-tag'  itemprop=\"headline\"  >Teilen Sie uns Ihre individuellen Anforderungen mit.<\/h2><div class=\"special-heading-border\"><div class=\"special-heading-inner-border\"><\/div><\/div><\/div><br \/>\n<section  class='av_textblock_section av-jnlqgajm-5208f1d4729e72a7484952091fc85264'   itemscope=\"itemscope\" itemtype=\"https:\/\/schema.org\/CreativeWork\" ><div class='avia_textblock'  itemprop=\"text\" ><p style=\"text-align: center;\">Wenn Sie eine Preisanfrage f\u00fcr Ihr individuelles Projekt ben\u00f6tigen, \u00fcbermitteln Sie uns bitte Ihre individuellen Informationen. Wir werden uns nach sorgf\u00e4ltiger Pr\u00fcfung Ihrer Angaben schnellstm\u00f6glich mit Ihnen in Verbindung setzen.<\/p>\n<\/div><\/section><br \/>\n<div  class='avia-button-wrap av-k36s6hg7-dfa7b63e2becd41d71bd475a21a23c81-wrap avia-button-center  avia-builder-el-9  el_after_av_textblock  avia-builder-el-last'><a href='https:\/\/www.paudimodel.com\/de\/get-customized-pricing\/'  class='avia-button av-k36s6hg7-dfa7b63e2becd41d71bd475a21a23c81 av-link-btn avia-icon_select-yes-left-icon avia-size-small avia-position-center av-icon-on-hover avia-color-theme-color'   aria-label=\"Preisinformationen anfordern\"><span class='avia_button_icon avia_button_icon_left avia-iconfont avia-font-entypo-fontello' data-av_icon='\ue800' data-av_iconfont='entypo-fontello' ><\/span><span class='avia_iconbox_title' >Preisinformationen anfordern<\/span><\/a><\/div><\/p><\/div><\/div><\/div><\/div><!-- close content main div --><\/div><\/div><\/div><div id='after_section_1'  class='main_color av_default_container_wrap container_wrap sidebar_right'  ><div class='container av-section-cont-open' ><div class='template-page content  av-content-small alpha units'><div class='post-entry post-entry-type-page post-entry-43143'><div class='entry-content-wrapper clearfix'>","protected":false},"excerpt":{"rendered":"","protected":false},"author":1,"featured_media":0,"parent":47,"menu_order":0,"comment_status":"closed","ping_status":"closed","template":"","meta":{"footnotes":""},"class_list":["post-43143","page","type-page","status-publish","hentry"],"yoast_head":"<!-- This site is optimized with the Yoast SEO Premium plugin v25.6 (Yoast SEO v26.7) - https:\/\/yoast.com\/wordpress\/plugins\/seo\/ -->\n<title>Diecast Cars Customized &amp; Case - Paudi Model | High Quality Diecast Model<\/title>\n<meta name=\"robots\" content=\"index, follow, max-snippet:-1, max-image-preview:large, max-video-preview:-1\" \/>\n<link rel=\"canonical\" href=\"https:\/\/www.paudimodel.com\/de\/our_services\/diecast-cars-custom-adn-consult\/\" \/>\n<meta property=\"og:locale\" content=\"de_DE\" \/>\n<meta property=\"og:type\" content=\"article\" \/>\n<meta property=\"og:title\" content=\"Diecast Cars Customized &amp; Case\" \/>\n<meta property=\"og:url\" content=\"https:\/\/www.paudimodel.com\/de\/our_services\/diecast-cars-custom-adn-consult\/\" \/>\n<meta property=\"og:site_name\" content=\"Paudi Model | High Quality Diecast Model\" \/>\n<meta property=\"article:publisher\" content=\"https:\/\/www.facebook\/paudimodel\" \/>\n<meta property=\"article:modified_time\" content=\"2019-11-20T04:38:45+00:00\" \/>\n<meta name=\"twitter:card\" content=\"summary_large_image\" \/>\n<meta name=\"twitter:site\" content=\"@paudimodel\" \/>\n<meta name=\"twitter:label1\" content=\"Gesch\u00e4tzte Lesezeit\" \/>\n\t<meta name=\"twitter:data1\" content=\"5\u00a0Minuten\" \/>\n<script type=\"application\/ld+json\" class=\"yoast-schema-graph\">{\"@context\":\"https:\/\/schema.org\",\"@graph\":[{\"@type\":\"WebPage\",\"@id\":\"https:\/\/www.paudimodel.com\/our_services\/diecast-cars-custom-adn-consult\/\",\"url\":\"https:\/\/www.paudimodel.com\/our_services\/diecast-cars-custom-adn-consult\/\",\"name\":\"Diecast Cars Customized & Case - Paudi Model | High Quality Diecast Model\",\"isPartOf\":{\"@id\":\"https:\/\/www.paudimodel.com\/#website\"},\"datePublished\":\"2017-02-02T19:20:22+00:00\",\"dateModified\":\"2019-11-20T04:38:45+00:00\",\"breadcrumb\":{\"@id\":\"https:\/\/www.paudimodel.com\/our_services\/diecast-cars-custom-adn-consult\/#breadcrumb\"},\"inLanguage\":\"de\",\"potentialAction\":[{\"@type\":\"ReadAction\",\"target\":[\"https:\/\/www.paudimodel.com\/our_services\/diecast-cars-custom-adn-consult\/\"]}]},{\"@type\":\"BreadcrumbList\",\"@id\":\"https:\/\/www.paudimodel.com\/our_services\/diecast-cars-custom-adn-consult\/#breadcrumb\",\"itemListElement\":[{\"@type\":\"ListItem\",\"position\":1,\"name\":\"Home\",\"item\":\"https:\/\/www.paudimodel.com\/\"},{\"@type\":\"ListItem\",\"position\":2,\"name\":\"Services\",\"item\":\"https:\/\/www.paudimodel.com\/our_services\/\"},{\"@type\":\"ListItem\",\"position\":3,\"name\":\"Diecast Cars Customized &#038; Case\"}]},{\"@type\":\"WebSite\",\"@id\":\"https:\/\/www.paudimodel.com\/#website\",\"url\":\"https:\/\/www.paudimodel.com\/\",\"name\":\"Paudi Model | High Quality Diecast Model\",\"description\":\"Shop For Diecast Models From Top-Rated Brands Like Dealer Edition, Paudi, Kyosho, Autoart &amp; More. Low Online Prices. Super-Detailed Models.Find Your Make &amp; Model.Huge Selection. Satisfaction Guaranteed. Types: Diecast Model Cars, Diecast Model Trucks.\",\"publisher\":{\"@id\":\"https:\/\/www.paudimodel.com\/#organization\"},\"alternateName\":\"Scale model design, development and production\",\"potentialAction\":[{\"@type\":\"SearchAction\",\"target\":{\"@type\":\"EntryPoint\",\"urlTemplate\":\"https:\/\/www.paudimodel.com\/?s={search_term_string}\"},\"query-input\":{\"@type\":\"PropertyValueSpecification\",\"valueRequired\":true,\"valueName\":\"search_term_string\"}}],\"inLanguage\":\"de\"},{\"@type\":\"Organization\",\"@id\":\"https:\/\/www.paudimodel.com\/#organization\",\"name\":\"Guangzhou Paudi Model Technology Ltd.\",\"url\":\"https:\/\/www.paudimodel.com\/\",\"logo\":{\"@type\":\"ImageObject\",\"inLanguage\":\"de\",\"@id\":\"https:\/\/www.paudimodel.com\/#\/schema\/logo\/image\/\",\"url\":\"https:\/\/www.paudimodel.com\/wp-content\/uploads\/2023\/02\/696x696.png\",\"contentUrl\":\"https:\/\/www.paudimodel.com\/wp-content\/uploads\/2023\/02\/696x696.png\",\"width\":696,\"height\":696,\"caption\":\"Guangzhou Paudi Model Technology Ltd.\"},\"image\":{\"@id\":\"https:\/\/www.paudimodel.com\/#\/schema\/logo\/image\/\"},\"sameAs\":[\"https:\/\/www.facebook\/paudimodel\",\"https:\/\/x.com\/paudimodel\"]}]}<\/script>\n<!-- \/ Yoast SEO Premium plugin. -->","yoast_head_json":{"title":"Modellautos aus Metallguss, individuell gestaltet &amp; im Koffer - Paudi-Modell | Hochwertiges Modellauto aus Metallguss","robots":{"index":"index","follow":"follow","max-snippet":"max-snippet:-1","max-image-preview":"max-image-preview:large","max-video-preview":"max-video-preview:-1"},"canonical":"https:\/\/www.paudimodel.com\/de\/our_services\/diecast-cars-custom-adn-consult\/","og_locale":"de_DE","og_type":"article","og_title":"Diecast Cars Customized & Case","og_url":"https:\/\/www.paudimodel.com\/de\/our_services\/diecast-cars-custom-adn-consult\/","og_site_name":"Paudi Model | High Quality Diecast Model","article_publisher":"https:\/\/www.facebook\/paudimodel","article_modified_time":"2019-11-20T04:38:45+00:00","twitter_card":"summary_large_image","twitter_site":"@paudimodel","twitter_misc":{"Gesch\u00e4tzte Lesezeit":"5\u00a0Minuten"},"schema":{"@context":"https:\/\/schema.org","@graph":[{"@type":"WebPage","@id":"https:\/\/www.paudimodel.com\/our_services\/diecast-cars-custom-adn-consult\/","url":"https:\/\/www.paudimodel.com\/our_services\/diecast-cars-custom-adn-consult\/","name":"Modellautos aus Metallguss, individuell gestaltet &amp; im Koffer - Paudi-Modell | Hochwertiges Modellauto aus Metallguss","isPartOf":{"@id":"https:\/\/www.paudimodel.com\/#website"},"datePublished":"2017-02-02T19:20:22+00:00","dateModified":"2019-11-20T04:38:45+00:00","breadcrumb":{"@id":"https:\/\/www.paudimodel.com\/our_services\/diecast-cars-custom-adn-consult\/#breadcrumb"},"inLanguage":"de","potentialAction":[{"@type":"ReadAction","target":["https:\/\/www.paudimodel.com\/our_services\/diecast-cars-custom-adn-consult\/"]}]},{"@type":"BreadcrumbList","@id":"https:\/\/www.paudimodel.com\/our_services\/diecast-cars-custom-adn-consult\/#breadcrumb","itemListElement":[{"@type":"ListItem","position":1,"name":"Home","item":"https:\/\/www.paudimodel.com\/"},{"@type":"ListItem","position":2,"name":"Services","item":"https:\/\/www.paudimodel.com\/our_services\/"},{"@type":"ListItem","position":3,"name":"Diecast Cars Customized &#038; Case"}]},{"@type":"WebSite","@id":"https:\/\/www.paudimodel.com\/#website","url":"https:\/\/www.paudimodel.com\/","name":"Paudi-Modell | Hochwertiges Druckgussmodell","description":"Kaufen Sie Druckgussmodelle von Top-Marken wie Dealer Edition, Paudi, Kyosho, Autoart und mehr. G\u00fcnstige Online-Preise. Superdetaillierte Modelle. Finden Sie Ihre Marke und Ihr Modell. Riesige Auswahl. Zufriedenheitsgarantie. Typen: Druckguss-Modellautos, Druckguss-Modell-LKWs.","publisher":{"@id":"https:\/\/www.paudimodel.com\/#organization"},"alternateName":"Scale model design, development and production","potentialAction":[{"@type":"SearchAction","target":{"@type":"EntryPoint","urlTemplate":"https:\/\/www.paudimodel.com\/?s={search_term_string}"},"query-input":{"@type":"PropertyValueSpecification","valueRequired":true,"valueName":"search_term_string"}}],"inLanguage":"de"},{"@type":"Organization","@id":"https:\/\/www.paudimodel.com\/#organization","name":"Guangzhou Paudi Model Technology Ltd.","url":"https:\/\/www.paudimodel.com\/","logo":{"@type":"ImageObject","inLanguage":"de","@id":"https:\/\/www.paudimodel.com\/#\/schema\/logo\/image\/","url":"https:\/\/www.paudimodel.com\/wp-content\/uploads\/2023\/02\/696x696.png","contentUrl":"https:\/\/www.paudimodel.com\/wp-content\/uploads\/2023\/02\/696x696.png","width":696,"height":696,"caption":"Guangzhou Paudi Model Technology Ltd."},"image":{"@id":"https:\/\/www.paudimodel.com\/#\/schema\/logo\/image\/"},"sameAs":["https:\/\/www.facebook\/paudimodel","https:\/\/x.com\/paudimodel"]}]}},"_links":{"self":[{"href":"https:\/\/www.paudimodel.com\/de\/wp-json\/wp\/v2\/pages\/43143","targetHints":{"allow":["GET"]}}],"collection":[{"href":"https:\/\/www.paudimodel.com\/de\/wp-json\/wp\/v2\/pages"}],"about":[{"href":"https:\/\/www.paudimodel.com\/de\/wp-json\/wp\/v2\/types\/page"}],"author":[{"embeddable":true,"href":"https:\/\/www.paudimodel.com\/de\/wp-json\/wp\/v2\/users\/1"}],"replies":[{"embeddable":true,"href":"https:\/\/www.paudimodel.com\/de\/wp-json\/wp\/v2\/comments?post=43143"}],"version-history":[{"count":0,"href":"https:\/\/www.paudimodel.com\/de\/wp-json\/wp\/v2\/pages\/43143\/revisions"}],"up":[{"embeddable":true,"href":"https:\/\/www.paudimodel.com\/de\/wp-json\/wp\/v2\/pages\/47"}],"wp:attachment":[{"href":"https:\/\/www.paudimodel.com\/de\/wp-json\/wp\/v2\/media?parent=43143"}],"curies":[{"name":"wp","href":"https:\/\/api.w.org\/{rel}","templated":true}]}}