{"id":43158,"date":"2017-02-02T20:52:01","date_gmt":"2017-02-02T20:52:01","guid":{"rendered":"http:\/\/www.paudimodel.com\/?page_id=43158"},"modified":"2021-10-20T08:42:15","modified_gmt":"2021-10-20T08:42:15","slug":"dealers-registration-guide","status":"publish","type":"page","link":"https:\/\/www.paudimodel.com\/de\/how-to-buy\/become-our-distributor\/dealers-registration-guide\/","title":{"rendered":"H\u00e4ndler-Registrierungshandbuch"},"content":{"rendered":"<h3>PaudiModel H\u00e4ndlerregistrierungsleitfaden<\/h3>\n<h3>PaudiModel-Kanalrichtlinienprinzipien<\/h3>\n<p>Das Prinzip der Vertriebskanalstrategie von PaudiModel lautet: \u201cZusammenarbeit und Kooperation auf einer Win-Win-Basis\u201d.\u201d<br \/>\nArbeiten und kooperieren: Wir maximieren den Wert f\u00fcr unsere Vertriebspartner und Kunden, indem wir die Vertriebspartner motivieren, den Markt zu erkunden und die Marke PaudiModel im Enterprise-Business-Markt zu f\u00f6rdern.<\/p>\n<h3>Klassifizierung der Vertriebspartner<\/h3>\n<p>Zu den Tier-1-Partnern geh\u00f6ren Distributoren.<br \/>\nZu den Partnern der Stufe 2 geh\u00f6ren Gold-, Silber- und autorisierte Partner.<br \/>\nRegistrierte Partner sind Vertriebspartner, die sich erfolgreich im Rahmen des Enterprise-Vertriebspartner-Registrierungsprozesses von PaudiModel registriert haben. Die Partnerregistrierung ist Voraussetzung f\u00fcr die Gesch\u00e4ftskooperation mit PaudiModel und die Vertriebspartnerzertifizierung.<\/p>\n<h3>Struktur der Vertriebspartner<\/h3>\n<p>Aufgaben der Vertriebspartner<br \/>\n\u2022 Als Hauptpartner von PaudiModel Enterprise in regionalen M\u00e4rkten agieren und sich verpflichten, die Gesch\u00e4ftsziele f\u00fcr die zugeh\u00f6rigen Produkte zu erreichen, einschlie\u00dflich der Ziele f\u00fcr das Vertriebsgesch\u00e4ft.<br \/>\n\u2022 Rekrutierung und Betreuung von Tier-2-Partnern, Sicherstellung der Marktabdeckung in den regionalen M\u00e4rkten und Unterst\u00fctzung von PaudiModel bei der Betreuung und Unterst\u00fctzung der Tier-2-Partner, einschlie\u00dflich Logistik, technischem Pre-Sales-Support, technischem Post-Sales-Support und kommerziellem Support.<\/p>","protected":false},"excerpt":{"rendered":"<p>PaudiModel Dealers Registration Guide PaudiModel Channel Policy Principles The principle of PaudiModel channel policy is &#8220;to work and collaborate on a win-win basis.&#8221; Work and collaborate: Maximize the value for our channel partners and customers by motivating channel partners to explore the market and promote PaudiModel&#8217;s brand in the enterprise business market. Classification of Channel [&hellip;]<\/p>\n","protected":false},"author":1,"featured_media":0,"parent":56311,"menu_order":5,"comment_status":"closed","ping_status":"closed","template":"","meta":{"footnotes":""},"class_list":["post-43158","page","type-page","status-publish","hentry"],"yoast_head":"<!-- This site is optimized with the Yoast SEO Premium plugin v25.6 (Yoast SEO v27.5) - https:\/\/yoast.com\/product\/yoast-seo-premium-wordpress\/ -->\n<title>Dealers Registration Guide - Paudi Model | High Quality Diecast Model<\/title>\n<meta name=\"description\" content=\"Registered Partners are Channel Partners who have successfully registered based on PaudiModel\u2019s Enterprise Channel partner registration process. Partner registration is a prerequisite for business cooperation with PaudiModel and channel certification.\" \/>\n<meta name=\"robots\" content=\"index, follow, max-snippet:-1, max-image-preview:large, max-video-preview:-1\" \/>\n<link rel=\"canonical\" href=\"https:\/\/www.paudimodel.com\/de\/how-to-buy\/become-our-distributor\/dealers-registration-guide\/\" \/>\n<meta property=\"og:locale\" content=\"de_DE\" \/>\n<meta property=\"og:type\" content=\"article\" \/>\n<meta property=\"og:title\" content=\"Dealers Registration Guide\" \/>\n<meta property=\"og:description\" content=\"Registered Partners are Channel Partners who have successfully registered based on PaudiModel\u2019s Enterprise Channel partner registration process. Partner registration is a prerequisite for business cooperation with PaudiModel and channel certification.\" \/>\n<meta property=\"og:url\" content=\"https:\/\/www.paudimodel.com\/de\/how-to-buy\/become-our-distributor\/dealers-registration-guide\/\" \/>\n<meta property=\"og:site_name\" content=\"Paudi Model | High Quality Diecast Model\" \/>\n<meta property=\"article:publisher\" content=\"https:\/\/www.facebook\/paudimodel\" \/>\n<meta property=\"article:modified_time\" content=\"2021-10-20T08:42:15+00:00\" \/>\n<meta name=\"twitter:card\" content=\"summary_large_image\" \/>\n<meta name=\"twitter:site\" content=\"@paudimodel\" \/>\n<meta name=\"twitter:label1\" content=\"Gesch\u00e4tzte Lesezeit\" \/>\n\t<meta name=\"twitter:data1\" content=\"1\u00a0Minute\" \/>\n<script type=\"application\/ld+json\" class=\"yoast-schema-graph\">{\"@context\":\"https:\\\/\\\/schema.org\",\"@graph\":[{\"@type\":\"WebPage\",\"@id\":\"https:\\\/\\\/www.paudimodel.com\\\/how-to-buy\\\/become-our-distributor\\\/dealers-registration-guide\\\/\",\"url\":\"https:\\\/\\\/www.paudimodel.com\\\/how-to-buy\\\/become-our-distributor\\\/dealers-registration-guide\\\/\",\"name\":\"Dealers Registration Guide - Paudi Model | High Quality Diecast Model\",\"isPartOf\":{\"@id\":\"https:\\\/\\\/www.paudimodel.com\\\/#website\"},\"datePublished\":\"2017-02-02T20:52:01+00:00\",\"dateModified\":\"2021-10-20T08:42:15+00:00\",\"description\":\"Registered Partners are Channel Partners who have successfully registered based on PaudiModel\u2019s Enterprise Channel partner registration process. Partner registration is a prerequisite for business cooperation with PaudiModel and channel certification.\",\"breadcrumb\":{\"@id\":\"https:\\\/\\\/www.paudimodel.com\\\/how-to-buy\\\/become-our-distributor\\\/dealers-registration-guide\\\/#breadcrumb\"},\"inLanguage\":\"de\",\"potentialAction\":[{\"@type\":\"ReadAction\",\"target\":[\"https:\\\/\\\/www.paudimodel.com\\\/how-to-buy\\\/become-our-distributor\\\/dealers-registration-guide\\\/\"]}]},{\"@type\":\"BreadcrumbList\",\"@id\":\"https:\\\/\\\/www.paudimodel.com\\\/how-to-buy\\\/become-our-distributor\\\/dealers-registration-guide\\\/#breadcrumb\",\"itemListElement\":[{\"@type\":\"ListItem\",\"position\":1,\"name\":\"Home\",\"item\":\"https:\\\/\\\/www.paudimodel.com\\\/\"},{\"@type\":\"ListItem\",\"position\":2,\"name\":\"How to Buy\",\"item\":\"https:\\\/\\\/www.paudimodel.com\\\/how-to-buy\\\/\"},{\"@type\":\"ListItem\",\"position\":3,\"name\":\"Become Our Distributor\",\"item\":\"https:\\\/\\\/www.paudimodel.com\\\/?page_id=56311\"},{\"@type\":\"ListItem\",\"position\":4,\"name\":\"Dealers Registration Guide\"}]},{\"@type\":\"WebSite\",\"@id\":\"https:\\\/\\\/www.paudimodel.com\\\/#website\",\"url\":\"https:\\\/\\\/www.paudimodel.com\\\/\",\"name\":\"Paudi Model | High Quality Diecast Model\",\"description\":\"Shop For Diecast Models From Top-Rated Brands Like Dealer Edition, Paudi, Kyosho, Autoart &amp; More. Low Online Prices. Super-Detailed Models.Find Your Make &amp; Model.Huge Selection. Satisfaction Guaranteed. Types: Diecast Model Cars, Diecast Model Trucks.\",\"publisher\":{\"@id\":\"https:\\\/\\\/www.paudimodel.com\\\/#organization\"},\"alternateName\":\"Scale model design, development and production\",\"potentialAction\":[{\"@type\":\"SearchAction\",\"target\":{\"@type\":\"EntryPoint\",\"urlTemplate\":\"https:\\\/\\\/www.paudimodel.com\\\/?s={search_term_string}\"},\"query-input\":{\"@type\":\"PropertyValueSpecification\",\"valueRequired\":true,\"valueName\":\"search_term_string\"}}],\"inLanguage\":\"de\"},{\"@type\":\"Organization\",\"@id\":\"https:\\\/\\\/www.paudimodel.com\\\/#organization\",\"name\":\"Guangzhou Paudi Model Technology Ltd.\",\"url\":\"https:\\\/\\\/www.paudimodel.com\\\/\",\"logo\":{\"@type\":\"ImageObject\",\"inLanguage\":\"de\",\"@id\":\"https:\\\/\\\/www.paudimodel.com\\\/#\\\/schema\\\/logo\\\/image\\\/\",\"url\":\"https:\\\/\\\/www.paudimodel.com\\\/wp-content\\\/uploads\\\/2023\\\/02\\\/696x696.png\",\"contentUrl\":\"https:\\\/\\\/www.paudimodel.com\\\/wp-content\\\/uploads\\\/2023\\\/02\\\/696x696.png\",\"width\":696,\"height\":696,\"caption\":\"Guangzhou Paudi Model Technology Ltd.\"},\"image\":{\"@id\":\"https:\\\/\\\/www.paudimodel.com\\\/#\\\/schema\\\/logo\\\/image\\\/\"},\"sameAs\":[\"https:\\\/\\\/www.facebook\\\/paudimodel\",\"https:\\\/\\\/x.com\\\/paudimodel\"]}]}<\/script>\n<!-- \/ Yoast SEO Premium plugin. -->","yoast_head_json":{"title":"Dealers Registration Guide - Paudi Model | High Quality Diecast Model","description":"Registered Partners are Channel Partners who have successfully registered based on PaudiModel\u2019s Enterprise Channel partner registration process. Partner registration is a prerequisite for business cooperation with PaudiModel and channel certification.","robots":{"index":"index","follow":"follow","max-snippet":"max-snippet:-1","max-image-preview":"max-image-preview:large","max-video-preview":"max-video-preview:-1"},"canonical":"https:\/\/www.paudimodel.com\/de\/how-to-buy\/become-our-distributor\/dealers-registration-guide\/","og_locale":"de_DE","og_type":"article","og_title":"Dealers Registration Guide","og_description":"Registered Partners are Channel Partners who have successfully registered based on PaudiModel\u2019s Enterprise Channel partner registration process. Partner registration is a prerequisite for business cooperation with PaudiModel and channel certification.","og_url":"https:\/\/www.paudimodel.com\/de\/how-to-buy\/become-our-distributor\/dealers-registration-guide\/","og_site_name":"Paudi Model | High Quality Diecast Model","article_publisher":"https:\/\/www.facebook\/paudimodel","article_modified_time":"2021-10-20T08:42:15+00:00","twitter_card":"summary_large_image","twitter_site":"@paudimodel","twitter_misc":{"Gesch\u00e4tzte Lesezeit":"1\u00a0Minute"},"schema":{"@context":"https:\/\/schema.org","@graph":[{"@type":"WebPage","@id":"https:\/\/www.paudimodel.com\/how-to-buy\/become-our-distributor\/dealers-registration-guide\/","url":"https:\/\/www.paudimodel.com\/how-to-buy\/become-our-distributor\/dealers-registration-guide\/","name":"Dealers Registration Guide - Paudi Model | High Quality Diecast Model","isPartOf":{"@id":"https:\/\/www.paudimodel.com\/#website"},"datePublished":"2017-02-02T20:52:01+00:00","dateModified":"2021-10-20T08:42:15+00:00","description":"Registered Partners are Channel Partners who have successfully registered based on PaudiModel\u2019s Enterprise Channel partner registration process. Partner registration is a prerequisite for business cooperation with PaudiModel and channel certification.","breadcrumb":{"@id":"https:\/\/www.paudimodel.com\/how-to-buy\/become-our-distributor\/dealers-registration-guide\/#breadcrumb"},"inLanguage":"de","potentialAction":[{"@type":"ReadAction","target":["https:\/\/www.paudimodel.com\/how-to-buy\/become-our-distributor\/dealers-registration-guide\/"]}]},{"@type":"BreadcrumbList","@id":"https:\/\/www.paudimodel.com\/how-to-buy\/become-our-distributor\/dealers-registration-guide\/#breadcrumb","itemListElement":[{"@type":"ListItem","position":1,"name":"Home","item":"https:\/\/www.paudimodel.com\/"},{"@type":"ListItem","position":2,"name":"How to Buy","item":"https:\/\/www.paudimodel.com\/how-to-buy\/"},{"@type":"ListItem","position":3,"name":"Become Our Distributor","item":"https:\/\/www.paudimodel.com\/?page_id=56311"},{"@type":"ListItem","position":4,"name":"Dealers Registration Guide"}]},{"@type":"WebSite","@id":"https:\/\/www.paudimodel.com\/#website","url":"https:\/\/www.paudimodel.com\/","name":"Paudi-Modell | Hochwertiges Druckgussmodell","description":"Kaufen Sie Druckgussmodelle von Top-Marken wie Dealer Edition, Paudi, Kyosho, Autoart und mehr. G\u00fcnstige Online-Preise. Superdetaillierte Modelle. Finden Sie Ihre Marke und Ihr Modell. Riesige Auswahl. Zufriedenheitsgarantie. Typen: Druckguss-Modellautos, Druckguss-Modell-LKWs.","publisher":{"@id":"https:\/\/www.paudimodel.com\/#organization"},"alternateName":"Scale model design, development and production","potentialAction":[{"@type":"SearchAction","target":{"@type":"EntryPoint","urlTemplate":"https:\/\/www.paudimodel.com\/?s={search_term_string}"},"query-input":{"@type":"PropertyValueSpecification","valueRequired":true,"valueName":"search_term_string"}}],"inLanguage":"de"},{"@type":"Organization","@id":"https:\/\/www.paudimodel.com\/#organization","name":"Guangzhou Paudi Model Technology Ltd.","url":"https:\/\/www.paudimodel.com\/","logo":{"@type":"ImageObject","inLanguage":"de","@id":"https:\/\/www.paudimodel.com\/#\/schema\/logo\/image\/","url":"https:\/\/www.paudimodel.com\/wp-content\/uploads\/2023\/02\/696x696.png","contentUrl":"https:\/\/www.paudimodel.com\/wp-content\/uploads\/2023\/02\/696x696.png","width":696,"height":696,"caption":"Guangzhou Paudi Model Technology Ltd."},"image":{"@id":"https:\/\/www.paudimodel.com\/#\/schema\/logo\/image\/"},"sameAs":["https:\/\/www.facebook\/paudimodel","https:\/\/x.com\/paudimodel"]}]}},"_links":{"self":[{"href":"https:\/\/www.paudimodel.com\/de\/wp-json\/wp\/v2\/pages\/43158","targetHints":{"allow":["GET"]}}],"collection":[{"href":"https:\/\/www.paudimodel.com\/de\/wp-json\/wp\/v2\/pages"}],"about":[{"href":"https:\/\/www.paudimodel.com\/de\/wp-json\/wp\/v2\/types\/page"}],"author":[{"embeddable":true,"href":"https:\/\/www.paudimodel.com\/de\/wp-json\/wp\/v2\/users\/1"}],"replies":[{"embeddable":true,"href":"https:\/\/www.paudimodel.com\/de\/wp-json\/wp\/v2\/comments?post=43158"}],"version-history":[{"count":0,"href":"https:\/\/www.paudimodel.com\/de\/wp-json\/wp\/v2\/pages\/43158\/revisions"}],"up":[{"embeddable":true,"href":"https:\/\/www.paudimodel.com\/de\/wp-json\/wp\/v2\/pages\/56311"}],"wp:attachment":[{"href":"https:\/\/www.paudimodel.com\/de\/wp-json\/wp\/v2\/media?parent=43158"}],"curies":[{"name":"wp","href":"https:\/\/api.w.org\/{rel}","templated":true}]}}