{"id":43178,"date":"2017-02-05T14:54:35","date_gmt":"2017-02-05T14:54:35","guid":{"rendered":"http:\/\/www.paudimodel.com\/?page_id=43178"},"modified":"2021-10-20T08:48:04","modified_gmt":"2021-10-20T08:48:04","slug":"code-conduct-partners","status":"publish","type":"page","link":"https:\/\/www.paudimodel.com\/de\/how-to-buy\/become-our-distributor\/code-conduct-partners\/","title":{"rendered":"Verhaltenskodex f\u00fcr Partner"},"content":{"rendered":"<h3>Verhaltenskodex f\u00fcr Partner<\/h3>\n<p>I. ZWECK UND ANWENDBARKEIT<\/p>\n<p>Dieser Verhaltenskodex f\u00fcr Partner der PaudiModel Enterprise BG (\u201cVerhaltenskodex\u201d) dient der F\u00f6rderung und Sicherstellung der absoluten Integrit\u00e4t der Gesch\u00e4ftsbeziehungen von PaudiModel mit seinen Partnern. Er legt klare Compliance-Standards und ethische Grunds\u00e4tze fest, die von allen Partnern der PaudiModel Enterprise BG erwartet werden.<\/p>\n<p>II. Einhaltung gesetzlicher Bestimmungen<\/p>\n<p>(1) Allgemeine Einhaltung der Gesetze<\/p>\n<p>Partner m\u00fcssen die in ihrem Sitzland und an ihren jeweiligen T\u00e4tigkeitsorten geltenden Gesetze und Vorschriften sowie alle anwendbaren internationalen Gesetze und Bestimmungen einhalten. Von den Partnern wird erwartet, dass sie sicherstellen, dass die Zusammenarbeit mit PaudiModel nicht durch Probleme bei der Einhaltung gesetzlicher Bestimmungen beeintr\u00e4chtigt wird.<\/p>\n<p>(2) Arbeitnehmerschutz<\/p>\n<p>Die Partner m\u00fcssen ihren Mitarbeitern ein gesundes Arbeitsumfeld bieten, in dem sie mit W\u00fcrde und Fairness behandelt werden, und sicherstellen, dass ihre Mitarbeiter aus jeglichem Grund, einschlie\u00dflich Hautfarbe, ethnischer Zugeh\u00f6rigkeit, Alter, Geschlecht, sexueller Orientierung, Religion oder politischer Zugeh\u00f6rigkeit, frei von Diskriminierung oder Bel\u00e4stigung sind.<\/p>\n<p>(3) Einhaltung der Umweltauflagen<\/p>\n<p>Die Partner m\u00fcssen ihre Gesch\u00e4ftst\u00e4tigkeit umweltvertr\u00e4glich und unter strikter Einhaltung der geltenden Umweltgesetze und -standards durchf\u00fchren.<\/p>\n<p>(4) Unlauterer Wettbewerb<\/p>\n<p>Die Partner d\u00fcrfen den Markt weder monopolisieren noch einzeln oder in Absprache mit anderen unlautere Wettbewerbspraktiken anwenden. Typische Beispiele hierf\u00fcr sind unter anderem Praktiken, die die Rechte und Interessen der Endverbraucher sch\u00e4digen: (i) Aufteilung von M\u00e4rkten durch Vereinbarung oder Absprache; (ii) Festlegung von Wiederverkaufspreisen; (iii) Koordinierung konkurrierender Angebote; (iv) Verpflichtung zum Kauf von Kopplungsprodukten; und (v) Missbrauch einer marktbeherrschenden Stellung.<\/p>\n<p>(5) Ausfuhrkontrolle<\/p>\n<p>Die Partner sind verpflichtet, Folgendes strikt einzuhalten: (i) die geltenden Gesetze, Verordnungen und Beschl\u00fcsse zur Exportkontrolle der L\u00e4nder, in denen sie t\u00e4tig sind; (ii) alle Exportkontrollgesetze der Vereinigten Staaten; und (iii) alle weiteren Exportkontrollverpflichtungen, die PaudiModel einem Partner von Zeit zu Zeit mitteilt, unabh\u00e4ngig davon, ob diese im Vertrag des Partners festgelegt sind oder nicht.<\/p>\n<p>III. UNTERNEHMENSETIK<\/p>\n<p>(1) Vollst\u00e4ndige und wahrheitsgem\u00e4\u00dfe Angaben<\/p>\n<p>Partner m\u00fcssen sicherstellen, dass alle von ihnen an PaudiModel \u00fcbermittelten Unterlagen wahrheitsgem\u00e4\u00df, sachlich, rechtm\u00e4\u00dfig und g\u00fcltig sind und dass die vollst\u00e4ndige Genehmigung Dritter vorliegt, falls die Unterlagen vertrauliche Informationen Dritter enthalten. Partner m\u00fcssen au\u00dferdem best\u00e4tigen, dass alle von ihnen an PaudiModel \u00fcbermittelten Informationen, einschlie\u00dflich, aber nicht beschr\u00e4nkt auf Bestellungen, Verkaufsberichte, Antr\u00e4ge auf Sonderpreise, Rabatte, Zahlungsantr\u00e4ge und \u00c4nderungen wichtiger Unternehmensinformationen, wahrheitsgem\u00e4\u00df, korrekt und vollst\u00e4ndig sind.<\/p>\n<p>(3) Rechtm\u00e4\u00dfige Erlangung und Verwendung von Informationen der Konkurrenz<\/p>\n<p>Es ist Partnern untersagt, illegale oder unethische Mittel einzusetzen, um Gesch\u00e4ftsgeheimnisse oder andere vertrauliche Informationen Dritter zu erlangen und zu nutzen, einschlie\u00dflich, aber nicht beschr\u00e4nkt auf unzul\u00e4ssige Anwerbung oder Entgegennahme von<\/p>\n<p>I. ZWECK UND ANWENDBARKEIT<\/p>\n<p>Dieser Verhaltenskodex f\u00fcr Partner der PaudiModel Enterprise BG (\u201cVerhaltenskodex\u201d) dient der F\u00f6rderung und Sicherstellung der absoluten Integrit\u00e4t der Gesch\u00e4ftsbeziehungen von PaudiModel mit seinen Partnern. Er legt klare Compliance-Standards und ethische Grunds\u00e4tze fest, die von allen Partnern der PaudiModel Enterprise BG erwartet werden.<\/p>\n<p>II. Einhaltung gesetzlicher Bestimmungen<\/p>\n<p>(1) Allgemeine Einhaltung der Gesetze<\/p>\n<p>Partner m\u00fcssen die in ihrem Sitzland und an ihren jeweiligen T\u00e4tigkeitsorten geltenden Gesetze und Vorschriften sowie alle anwendbaren internationalen Gesetze und Bestimmungen einhalten. Von den Partnern wird erwartet, dass sie sicherstellen, dass die Zusammenarbeit mit PaudiModel nicht durch Probleme bei der Einhaltung gesetzlicher Bestimmungen beeintr\u00e4chtigt wird.<\/p>\n<p>(2) Arbeitnehmerschutz<\/p>\n<p>Die Partner m\u00fcssen ihren Mitarbeitern ein gesundes Arbeitsumfeld bieten, in dem sie mit W\u00fcrde und Fairness behandelt werden, und sicherstellen, dass ihre Mitarbeiter aus jeglichem Grund, einschlie\u00dflich Hautfarbe, ethnischer Zugeh\u00f6rigkeit, Alter, Geschlecht, sexueller Orientierung, Religion oder politischer Zugeh\u00f6rigkeit, frei von Diskriminierung oder Bel\u00e4stigung sind.<\/p>\n<p>(3) Einhaltung der Umweltauflagen<\/p>\n<p>Die Partner m\u00fcssen ihre Gesch\u00e4ftst\u00e4tigkeit umweltvertr\u00e4glich und unter strikter Einhaltung der geltenden Umweltgesetze und -standards durchf\u00fchren.<\/p>\n<p>(4) Unlauterer Wettbewerb<\/p>\n<p>Die Partner d\u00fcrfen den Markt weder monopolisieren noch einzeln oder in Absprache mit anderen unlautere Wettbewerbspraktiken anwenden. Typische Beispiele hierf\u00fcr sind unter anderem Praktiken, die die Rechte und Interessen der Endverbraucher sch\u00e4digen: (i) Aufteilung von M\u00e4rkten durch Vereinbarung oder Absprache; (ii) Festlegung von Wiederverkaufspreisen; (iii) Koordinierung konkurrierender Angebote; (iv) Verpflichtung zum Kauf von Kopplungsprodukten; und (v) Missbrauch einer marktbeherrschenden Stellung.<\/p>\n<p>(5) Ausfuhrkontrolle<\/p>\n<p>Die Partner sind verpflichtet, Folgendes strikt einzuhalten: (i) die geltenden Gesetze, Verordnungen und Beschl\u00fcsse zur Exportkontrolle der L\u00e4nder, in denen sie t\u00e4tig sind; (ii) alle Exportkontrollgesetze der Vereinigten Staaten; und (iii) alle weiteren Exportkontrollverpflichtungen, die PaudiModel einem Partner von Zeit zu Zeit mitteilt, unabh\u00e4ngig davon, ob diese im Vertrag des Partners festgelegt sind oder nicht.<\/p>\n<p>III. UNTERNEHMENSETIK<\/p>\n<p>(1) Vollst\u00e4ndige und wahrheitsgem\u00e4\u00dfe Angaben<\/p>\n<p>Partner m\u00fcssen sicherstellen, dass alle von ihnen an PaudiModel \u00fcbermittelten Unterlagen wahrheitsgem\u00e4\u00df, sachlich, rechtm\u00e4\u00dfig und g\u00fcltig sind und dass die vollst\u00e4ndige Genehmigung Dritter vorliegt, falls die Unterlagen vertrauliche Informationen Dritter enthalten. Partner m\u00fcssen au\u00dferdem best\u00e4tigen, dass alle von ihnen an PaudiModel \u00fcbermittelten Informationen, einschlie\u00dflich, aber nicht beschr\u00e4nkt auf Bestellungen, Verkaufsberichte, Antr\u00e4ge auf Sonderpreise, Rabatte, Zahlungsantr\u00e4ge und \u00c4nderungen wichtiger Unternehmensinformationen, wahrheitsgem\u00e4\u00df, korrekt und vollst\u00e4ndig sind.<\/p>\n<p>(3) Rechtm\u00e4\u00dfige Erlangung und Verwendung von Informationen der Konkurrenz<\/p>\n<p>Es ist Partnern untersagt, illegale oder unethische Mittel einzusetzen, um Gesch\u00e4ftsgeheimnisse oder andere vertrauliche Informationen Dritter zu erlangen und zu nutzen, einschlie\u00dflich, aber nicht beschr\u00e4nkt auf unzul\u00e4ssige Anwerbung oder Entgegennahme von<\/p>","protected":false},"excerpt":{"rendered":"<p>Verhaltenskodex f\u00fcr Partner I. ZWECK UND ANWENDBARKEIT Dieser Verhaltenskodex f\u00fcr Partner der PaudiModel Enterprise BG (\u201cVerhaltenskodex\u201d) dient der F\u00f6rderung und Sicherstellung der absoluten Integrit\u00e4t der Gesch\u00e4ftsbeziehungen von PaudiModel mit seinen Partnern. Er legt klare Compliance-Standards und ethische Grunds\u00e4tze fest, die von allen Partnern erwartet werden [\u2026]<\/p>","protected":false},"author":1,"featured_media":0,"parent":56311,"menu_order":7,"comment_status":"closed","ping_status":"closed","template":"","meta":{"footnotes":""},"class_list":["post-43178","page","type-page","status-publish","hentry"],"yoast_head":"<!-- This site is optimized with the Yoast SEO Premium plugin v25.6 (Yoast SEO v26.7) - https:\/\/yoast.com\/wordpress\/plugins\/seo\/ -->\n<title>Code of Conduct for Partners - Paudi Model | High Quality Diecast Model<\/title>\n<meta name=\"description\" content=\"This Code of Conduct for Partners of PaudiModel\u2019s Enterprise BG (\u201cCode of Conduct\u201d) is released to promote and ensure the absolute integrity of PaudiModel\u2019s business dealings with its Partners. It is intended to establish clear compliance standards and ethical principles which are expected of all Partners of PaudiModel\u2019s Enterprise BG.\" \/>\n<meta name=\"robots\" content=\"index, follow, max-snippet:-1, max-image-preview:large, max-video-preview:-1\" \/>\n<link rel=\"canonical\" href=\"https:\/\/www.paudimodel.com\/de\/how-to-buy\/become-our-distributor\/code-conduct-partners\/\" \/>\n<meta property=\"og:locale\" content=\"de_DE\" \/>\n<meta property=\"og:type\" content=\"article\" \/>\n<meta property=\"og:title\" content=\"Code of Conduct for Partners\" \/>\n<meta property=\"og:description\" content=\"This Code of Conduct for Partners of PaudiModel\u2019s Enterprise BG (\u201cCode of Conduct\u201d) is released to promote and ensure the absolute integrity of PaudiModel\u2019s business dealings with its Partners. It is intended to establish clear compliance standards and ethical principles which are expected of all Partners of PaudiModel\u2019s Enterprise BG.\" \/>\n<meta property=\"og:url\" content=\"https:\/\/www.paudimodel.com\/de\/how-to-buy\/become-our-distributor\/code-conduct-partners\/\" \/>\n<meta property=\"og:site_name\" content=\"Paudi Model | High Quality Diecast Model\" \/>\n<meta property=\"article:publisher\" content=\"https:\/\/www.facebook\/paudimodel\" \/>\n<meta property=\"article:modified_time\" content=\"2021-10-20T08:48:04+00:00\" \/>\n<meta name=\"twitter:card\" content=\"summary_large_image\" \/>\n<meta name=\"twitter:site\" content=\"@paudimodel\" \/>\n<meta name=\"twitter:label1\" content=\"Gesch\u00e4tzte Lesezeit\" \/>\n\t<meta name=\"twitter:data1\" content=\"4\u00a0Minuten\" \/>\n<script type=\"application\/ld+json\" class=\"yoast-schema-graph\">{\"@context\":\"https:\/\/schema.org\",\"@graph\":[{\"@type\":\"WebPage\",\"@id\":\"https:\/\/www.paudimodel.com\/how-to-buy\/become-our-distributor\/code-conduct-partners\/\",\"url\":\"https:\/\/www.paudimodel.com\/how-to-buy\/become-our-distributor\/code-conduct-partners\/\",\"name\":\"Code of Conduct for Partners - Paudi Model | High Quality Diecast Model\",\"isPartOf\":{\"@id\":\"https:\/\/www.paudimodel.com\/#website\"},\"datePublished\":\"2017-02-05T14:54:35+00:00\",\"dateModified\":\"2021-10-20T08:48:04+00:00\",\"description\":\"This Code of Conduct for Partners of PaudiModel\u2019s Enterprise BG (\u201cCode of Conduct\u201d) is released to promote and ensure the absolute integrity of PaudiModel\u2019s business dealings with its Partners. It is intended to establish clear compliance standards and ethical principles which are expected of all Partners of PaudiModel\u2019s Enterprise BG.\",\"breadcrumb\":{\"@id\":\"https:\/\/www.paudimodel.com\/how-to-buy\/become-our-distributor\/code-conduct-partners\/#breadcrumb\"},\"inLanguage\":\"de\",\"potentialAction\":[{\"@type\":\"ReadAction\",\"target\":[\"https:\/\/www.paudimodel.com\/how-to-buy\/become-our-distributor\/code-conduct-partners\/\"]}]},{\"@type\":\"BreadcrumbList\",\"@id\":\"https:\/\/www.paudimodel.com\/how-to-buy\/become-our-distributor\/code-conduct-partners\/#breadcrumb\",\"itemListElement\":[{\"@type\":\"ListItem\",\"position\":1,\"name\":\"Home\",\"item\":\"https:\/\/www.paudimodel.com\/\"},{\"@type\":\"ListItem\",\"position\":2,\"name\":\"How to Buy\",\"item\":\"https:\/\/www.paudimodel.com\/how-to-buy\/\"},{\"@type\":\"ListItem\",\"position\":3,\"name\":\"Become Our Distributor\",\"item\":\"https:\/\/www.paudimodel.com\/?page_id=56311\"},{\"@type\":\"ListItem\",\"position\":4,\"name\":\"Code of Conduct for Partners\"}]},{\"@type\":\"WebSite\",\"@id\":\"https:\/\/www.paudimodel.com\/#website\",\"url\":\"https:\/\/www.paudimodel.com\/\",\"name\":\"Paudi Model | High Quality Diecast Model\",\"description\":\"Shop For Diecast Models From Top-Rated Brands Like Dealer Edition, Paudi, Kyosho, Autoart &amp; More. Low Online Prices. Super-Detailed Models.Find Your Make &amp; Model.Huge Selection. Satisfaction Guaranteed. Types: Diecast Model Cars, Diecast Model Trucks.\",\"publisher\":{\"@id\":\"https:\/\/www.paudimodel.com\/#organization\"},\"alternateName\":\"Scale model design, development and production\",\"potentialAction\":[{\"@type\":\"SearchAction\",\"target\":{\"@type\":\"EntryPoint\",\"urlTemplate\":\"https:\/\/www.paudimodel.com\/?s={search_term_string}\"},\"query-input\":{\"@type\":\"PropertyValueSpecification\",\"valueRequired\":true,\"valueName\":\"search_term_string\"}}],\"inLanguage\":\"de\"},{\"@type\":\"Organization\",\"@id\":\"https:\/\/www.paudimodel.com\/#organization\",\"name\":\"Guangzhou Paudi Model Technology Ltd.\",\"url\":\"https:\/\/www.paudimodel.com\/\",\"logo\":{\"@type\":\"ImageObject\",\"inLanguage\":\"de\",\"@id\":\"https:\/\/www.paudimodel.com\/#\/schema\/logo\/image\/\",\"url\":\"https:\/\/www.paudimodel.com\/wp-content\/uploads\/2023\/02\/696x696.png\",\"contentUrl\":\"https:\/\/www.paudimodel.com\/wp-content\/uploads\/2023\/02\/696x696.png\",\"width\":696,\"height\":696,\"caption\":\"Guangzhou Paudi Model Technology Ltd.\"},\"image\":{\"@id\":\"https:\/\/www.paudimodel.com\/#\/schema\/logo\/image\/\"},\"sameAs\":[\"https:\/\/www.facebook\/paudimodel\",\"https:\/\/x.com\/paudimodel\"]}]}<\/script>\n<!-- \/ Yoast SEO Premium plugin. -->","yoast_head_json":{"title":"Verhaltenskodex f\u00fcr Partner \u2013 Paudi-Modell | Hochwertiges Druckgussmodell","description":"Dieser Verhaltenskodex f\u00fcr Partner der PaudiModel Enterprise BG (\u201cVerhaltenskodex\u201d) dient der F\u00f6rderung und Sicherstellung der absoluten Integrit\u00e4t der Gesch\u00e4ftsbeziehungen von PaudiModel mit seinen Partnern. Er legt klare Compliance-Standards und ethische Grunds\u00e4tze fest, die von allen Partnern der PaudiModel Enterprise BG erwartet werden.","robots":{"index":"index","follow":"follow","max-snippet":"max-snippet:-1","max-image-preview":"max-image-preview:large","max-video-preview":"max-video-preview:-1"},"canonical":"https:\/\/www.paudimodel.com\/de\/how-to-buy\/become-our-distributor\/code-conduct-partners\/","og_locale":"de_DE","og_type":"article","og_title":"Code of Conduct for Partners","og_description":"This Code of Conduct for Partners of PaudiModel\u2019s Enterprise BG (\u201cCode of Conduct\u201d) is released to promote and ensure the absolute integrity of PaudiModel\u2019s business dealings with its Partners. It is intended to establish clear compliance standards and ethical principles which are expected of all Partners of PaudiModel\u2019s Enterprise BG.","og_url":"https:\/\/www.paudimodel.com\/de\/how-to-buy\/become-our-distributor\/code-conduct-partners\/","og_site_name":"Paudi Model | High Quality Diecast Model","article_publisher":"https:\/\/www.facebook\/paudimodel","article_modified_time":"2021-10-20T08:48:04+00:00","twitter_card":"summary_large_image","twitter_site":"@paudimodel","twitter_misc":{"Gesch\u00e4tzte Lesezeit":"4\u00a0Minuten"},"schema":{"@context":"https:\/\/schema.org","@graph":[{"@type":"WebPage","@id":"https:\/\/www.paudimodel.com\/how-to-buy\/become-our-distributor\/code-conduct-partners\/","url":"https:\/\/www.paudimodel.com\/how-to-buy\/become-our-distributor\/code-conduct-partners\/","name":"Verhaltenskodex f\u00fcr Partner \u2013 Paudi-Modell | Hochwertiges Druckgussmodell","isPartOf":{"@id":"https:\/\/www.paudimodel.com\/#website"},"datePublished":"2017-02-05T14:54:35+00:00","dateModified":"2021-10-20T08:48:04+00:00","description":"Dieser Verhaltenskodex f\u00fcr Partner der PaudiModel Enterprise BG (\u201cVerhaltenskodex\u201d) dient der F\u00f6rderung und Sicherstellung der absoluten Integrit\u00e4t der Gesch\u00e4ftsbeziehungen von PaudiModel mit seinen Partnern. Er legt klare Compliance-Standards und ethische Grunds\u00e4tze fest, die von allen Partnern der PaudiModel Enterprise BG erwartet werden.","breadcrumb":{"@id":"https:\/\/www.paudimodel.com\/how-to-buy\/become-our-distributor\/code-conduct-partners\/#breadcrumb"},"inLanguage":"de","potentialAction":[{"@type":"ReadAction","target":["https:\/\/www.paudimodel.com\/how-to-buy\/become-our-distributor\/code-conduct-partners\/"]}]},{"@type":"BreadcrumbList","@id":"https:\/\/www.paudimodel.com\/how-to-buy\/become-our-distributor\/code-conduct-partners\/#breadcrumb","itemListElement":[{"@type":"ListItem","position":1,"name":"Home","item":"https:\/\/www.paudimodel.com\/"},{"@type":"ListItem","position":2,"name":"How to Buy","item":"https:\/\/www.paudimodel.com\/how-to-buy\/"},{"@type":"ListItem","position":3,"name":"Become Our Distributor","item":"https:\/\/www.paudimodel.com\/?page_id=56311"},{"@type":"ListItem","position":4,"name":"Code of Conduct for Partners"}]},{"@type":"WebSite","@id":"https:\/\/www.paudimodel.com\/#website","url":"https:\/\/www.paudimodel.com\/","name":"Paudi-Modell | Hochwertiges Druckgussmodell","description":"Kaufen Sie Druckgussmodelle von Top-Marken wie Dealer Edition, Paudi, Kyosho, Autoart und mehr. G\u00fcnstige Online-Preise. Superdetaillierte Modelle. Finden Sie Ihre Marke und Ihr Modell. Riesige Auswahl. Zufriedenheitsgarantie. Typen: Druckguss-Modellautos, Druckguss-Modell-LKWs.","publisher":{"@id":"https:\/\/www.paudimodel.com\/#organization"},"alternateName":"Scale model design, development and production","potentialAction":[{"@type":"SearchAction","target":{"@type":"EntryPoint","urlTemplate":"https:\/\/www.paudimodel.com\/?s={search_term_string}"},"query-input":{"@type":"PropertyValueSpecification","valueRequired":true,"valueName":"search_term_string"}}],"inLanguage":"de"},{"@type":"Organization","@id":"https:\/\/www.paudimodel.com\/#organization","name":"Guangzhou Paudi Model Technology Ltd.","url":"https:\/\/www.paudimodel.com\/","logo":{"@type":"ImageObject","inLanguage":"de","@id":"https:\/\/www.paudimodel.com\/#\/schema\/logo\/image\/","url":"https:\/\/www.paudimodel.com\/wp-content\/uploads\/2023\/02\/696x696.png","contentUrl":"https:\/\/www.paudimodel.com\/wp-content\/uploads\/2023\/02\/696x696.png","width":696,"height":696,"caption":"Guangzhou Paudi Model Technology Ltd."},"image":{"@id":"https:\/\/www.paudimodel.com\/#\/schema\/logo\/image\/"},"sameAs":["https:\/\/www.facebook\/paudimodel","https:\/\/x.com\/paudimodel"]}]}},"_links":{"self":[{"href":"https:\/\/www.paudimodel.com\/de\/wp-json\/wp\/v2\/pages\/43178","targetHints":{"allow":["GET"]}}],"collection":[{"href":"https:\/\/www.paudimodel.com\/de\/wp-json\/wp\/v2\/pages"}],"about":[{"href":"https:\/\/www.paudimodel.com\/de\/wp-json\/wp\/v2\/types\/page"}],"author":[{"embeddable":true,"href":"https:\/\/www.paudimodel.com\/de\/wp-json\/wp\/v2\/users\/1"}],"replies":[{"embeddable":true,"href":"https:\/\/www.paudimodel.com\/de\/wp-json\/wp\/v2\/comments?post=43178"}],"version-history":[{"count":0,"href":"https:\/\/www.paudimodel.com\/de\/wp-json\/wp\/v2\/pages\/43178\/revisions"}],"up":[{"embeddable":true,"href":"https:\/\/www.paudimodel.com\/de\/wp-json\/wp\/v2\/pages\/56311"}],"wp:attachment":[{"href":"https:\/\/www.paudimodel.com\/de\/wp-json\/wp\/v2\/media?parent=43178"}],"curies":[{"name":"wp","href":"https:\/\/api.w.org\/{rel}","templated":true}]}}