{"id":43184,"date":"2017-02-05T15:03:01","date_gmt":"2017-02-05T15:03:01","guid":{"rendered":"http:\/\/www.paudimodel.com\/?page_id=43184"},"modified":"2021-10-21T01:42:49","modified_gmt":"2021-10-21T01:42:49","slug":"minimum-terms-conditions-resellers","status":"publish","type":"page","link":"https:\/\/www.paudimodel.com\/de\/how-to-buy\/become-our-distributor\/minimum-terms-conditions-resellers\/","title":{"rendered":"Mindestbedingungen f\u00fcr andere Wiederverk\u00e4ufer"},"content":{"rendered":"<h3>Mindestbedingungen f\u00fcr andere Wiederverk\u00e4ufer<\/h3>\n<p>Der Distributor muss sicherstellen, dass jede Vereinbarung, die er mit anderen Wiederverk\u00e4ufern schlie\u00dft, die folgenden Mindestbedingungen enth\u00e4lt:<br \/>\n1. Der Distributor gew\u00e4hrt anderen Wiederverk\u00e4ufern ein nicht \u00fcbertragbares, nicht exklusives Recht, die Produkte und\/oder Dienstleistungen direkt an Endbenutzer zu vertreiben.<br \/>\n2. PaudiModel oder der Distributor \u00fcbertragen keine Eigentumsrechte an Produkten, vertraulichen Informationen oder PaudiModel-Materialien an andere Wiederverk\u00e4ufer.<br \/>\n3. Andere Wiederverk\u00e4ufer werden die von PaudiModel bereitgestellten Produkte weder modifizieren noch zerlegen.<br \/>\n4. Andere Wiederverk\u00e4ufer werden alle vertraulichen Informationen von PaudiModel streng vertraulich behandeln.<br \/>\n5. PaudiModel \u00fcbernimmt gegen\u00fcber anderen Wiederverk\u00e4ufern keinerlei ausdr\u00fcckliche oder stillschweigende Garantien hinsichtlich der Produkte und\/oder Dienstleistungen, insbesondere keine Garantien f\u00fcr Fehlerfreiheit, die stillschweigende Garantie der Marktg\u00e4ngigkeit, der Eignung f\u00fcr einen bestimmten Zweck (auch wenn dieser PaudiModel bekannt ist) und der Nichtverletzung von Rechten Dritter. PaudiModel haftet gegen\u00fcber anderen Wiederverk\u00e4ufern oder seinen Kunden nicht f\u00fcr besondere, indirekte, Folge-, Neben- oder Strafsch\u00e4den.<br \/>\n6. PaudiModel haftet gegen\u00fcber anderen Wiederverk\u00e4ufern nicht f\u00fcr Anspr\u00fcche, die von anderen Wiederverk\u00e4ufern in Bezug auf die Verwendung oder Leistung eines Produkts geltend gemacht werden, mit Ausnahme der schriftlichen beschr\u00e4nkten Garantie, die PaudiModel f\u00fcr ein bestimmtes Produkt gew\u00e4hrt. Andere Wiederverk\u00e4ufer d\u00fcrfen keine Garantien oder Zusicherungen in Bezug auf dieses Produkt im Namen von PaudiModel gegen\u00fcber Endbenutzern oder sonstigen Dritten abgeben oder weitergeben und m\u00fcssen alle erforderlichen Ma\u00dfnahmen ergreifen, um sicherzustellen, dass weder PaudiModel noch seine Vertreter oder Mitarbeiter im Namen von PaudiModel Garantien oder Zusicherungen in Bezug auf dieses Produkt gegen\u00fcber Endbenutzern oder sonstigen Drittparteien abgeben oder weitergeben.<\/p>","protected":false},"excerpt":{"rendered":"<p>Mindestbedingungen f\u00fcr andere Wiederverk\u00e4ufer: Der Distributor stellt sicher, dass jede Vereinbarung mit anderen Wiederverk\u00e4ufern die folgenden Mindestbedingungen enth\u00e4lt: 1. Der Distributor r\u00e4umt anderen Wiederverk\u00e4ufern ein nicht \u00fcbertragbares, nicht ausschlie\u00dfliches Recht ein, die Produkte und\/oder Dienstleistungen direkt an Endkunden zu vertreiben. 2. Es verbleibt kein Eigentumsrecht an den Schutzrechten an [\u2026]<\/p>","protected":false},"author":1,"featured_media":0,"parent":56311,"menu_order":8,"comment_status":"closed","ping_status":"closed","template":"","meta":{"footnotes":""},"class_list":["post-43184","page","type-page","status-publish","hentry"],"yoast_head":"<!-- This site is optimized with the Yoast SEO Premium plugin v25.6 (Yoast SEO v26.7) - https:\/\/yoast.com\/wordpress\/plugins\/seo\/ -->\n<title>Minimum Terms and Conditions for Other Resellers - Paudi Model | High Quality Diecast Model<\/title>\n<meta name=\"description\" content=\"Distributor shall ensure that each agreement it enters into with paudi Resellers will contain the following minimum terms and conditions:1. Distributor grants a non-transferable, non-exclusive right to other Resellers to distribute the Products and\/or Service directly to End Users.\" \/>\n<meta name=\"robots\" content=\"index, follow, max-snippet:-1, max-image-preview:large, max-video-preview:-1\" \/>\n<link rel=\"canonical\" href=\"https:\/\/www.paudimodel.com\/de\/how-to-buy\/become-our-distributor\/minimum-terms-conditions-resellers\/\" \/>\n<meta property=\"og:locale\" content=\"de_DE\" \/>\n<meta property=\"og:type\" content=\"article\" \/>\n<meta property=\"og:title\" content=\"Minimum Terms and Conditions for Other Resellers\" \/>\n<meta property=\"og:description\" content=\"Distributor shall ensure that each agreement it enters into with paudi Resellers will contain the following minimum terms and conditions:1. Distributor grants a non-transferable, non-exclusive right to other Resellers to distribute the Products and\/or Service directly to End Users.\" \/>\n<meta property=\"og:url\" content=\"https:\/\/www.paudimodel.com\/de\/how-to-buy\/become-our-distributor\/minimum-terms-conditions-resellers\/\" \/>\n<meta property=\"og:site_name\" content=\"Paudi Model | High Quality Diecast Model\" \/>\n<meta property=\"article:publisher\" content=\"https:\/\/www.facebook\/paudimodel\" \/>\n<meta property=\"article:modified_time\" content=\"2021-10-21T01:42:49+00:00\" \/>\n<meta name=\"twitter:card\" content=\"summary_large_image\" \/>\n<meta name=\"twitter:site\" content=\"@paudimodel\" \/>\n<meta name=\"twitter:label1\" content=\"Gesch\u00e4tzte Lesezeit\" \/>\n\t<meta name=\"twitter:data1\" content=\"2\u00a0Minuten\" \/>\n<script type=\"application\/ld+json\" class=\"yoast-schema-graph\">{\"@context\":\"https:\/\/schema.org\",\"@graph\":[{\"@type\":\"WebPage\",\"@id\":\"https:\/\/www.paudimodel.com\/how-to-buy\/become-our-distributor\/minimum-terms-conditions-resellers\/\",\"url\":\"https:\/\/www.paudimodel.com\/how-to-buy\/become-our-distributor\/minimum-terms-conditions-resellers\/\",\"name\":\"Minimum Terms and Conditions for Other Resellers - Paudi Model | High Quality Diecast Model\",\"isPartOf\":{\"@id\":\"https:\/\/www.paudimodel.com\/#website\"},\"datePublished\":\"2017-02-05T15:03:01+00:00\",\"dateModified\":\"2021-10-21T01:42:49+00:00\",\"description\":\"Distributor shall ensure that each agreement it enters into with paudi Resellers will contain the following minimum terms and conditions:1. Distributor grants a non-transferable, non-exclusive right to other Resellers to distribute the Products and\/or Service directly to End Users.\",\"breadcrumb\":{\"@id\":\"https:\/\/www.paudimodel.com\/how-to-buy\/become-our-distributor\/minimum-terms-conditions-resellers\/#breadcrumb\"},\"inLanguage\":\"de\",\"potentialAction\":[{\"@type\":\"ReadAction\",\"target\":[\"https:\/\/www.paudimodel.com\/how-to-buy\/become-our-distributor\/minimum-terms-conditions-resellers\/\"]}]},{\"@type\":\"BreadcrumbList\",\"@id\":\"https:\/\/www.paudimodel.com\/how-to-buy\/become-our-distributor\/minimum-terms-conditions-resellers\/#breadcrumb\",\"itemListElement\":[{\"@type\":\"ListItem\",\"position\":1,\"name\":\"Home\",\"item\":\"https:\/\/www.paudimodel.com\/\"},{\"@type\":\"ListItem\",\"position\":2,\"name\":\"How to Buy\",\"item\":\"https:\/\/www.paudimodel.com\/how-to-buy\/\"},{\"@type\":\"ListItem\",\"position\":3,\"name\":\"Become Our Distributor\",\"item\":\"https:\/\/www.paudimodel.com\/?page_id=56311\"},{\"@type\":\"ListItem\",\"position\":4,\"name\":\"Minimum Terms and Conditions for Other Resellers\"}]},{\"@type\":\"WebSite\",\"@id\":\"https:\/\/www.paudimodel.com\/#website\",\"url\":\"https:\/\/www.paudimodel.com\/\",\"name\":\"Paudi Model | High Quality Diecast Model\",\"description\":\"Shop For Diecast Models From Top-Rated Brands Like Dealer Edition, Paudi, Kyosho, Autoart &amp; More. Low Online Prices. Super-Detailed Models.Find Your Make &amp; Model.Huge Selection. Satisfaction Guaranteed. Types: Diecast Model Cars, Diecast Model Trucks.\",\"publisher\":{\"@id\":\"https:\/\/www.paudimodel.com\/#organization\"},\"alternateName\":\"Scale model design, development and production\",\"potentialAction\":[{\"@type\":\"SearchAction\",\"target\":{\"@type\":\"EntryPoint\",\"urlTemplate\":\"https:\/\/www.paudimodel.com\/?s={search_term_string}\"},\"query-input\":{\"@type\":\"PropertyValueSpecification\",\"valueRequired\":true,\"valueName\":\"search_term_string\"}}],\"inLanguage\":\"de\"},{\"@type\":\"Organization\",\"@id\":\"https:\/\/www.paudimodel.com\/#organization\",\"name\":\"Guangzhou Paudi Model Technology Ltd.\",\"url\":\"https:\/\/www.paudimodel.com\/\",\"logo\":{\"@type\":\"ImageObject\",\"inLanguage\":\"de\",\"@id\":\"https:\/\/www.paudimodel.com\/#\/schema\/logo\/image\/\",\"url\":\"https:\/\/www.paudimodel.com\/wp-content\/uploads\/2023\/02\/696x696.png\",\"contentUrl\":\"https:\/\/www.paudimodel.com\/wp-content\/uploads\/2023\/02\/696x696.png\",\"width\":696,\"height\":696,\"caption\":\"Guangzhou Paudi Model Technology Ltd.\"},\"image\":{\"@id\":\"https:\/\/www.paudimodel.com\/#\/schema\/logo\/image\/\"},\"sameAs\":[\"https:\/\/www.facebook\/paudimodel\",\"https:\/\/x.com\/paudimodel\"]}]}<\/script>\n<!-- \/ Yoast SEO Premium plugin. -->","yoast_head_json":{"title":"Mindestbedingungen f\u00fcr andere Wiederverk\u00e4ufer \u2013 Paudi-Modell | Hochwertiges Druckgussmodell","description":"Der Distributor hat sicherzustellen, dass jede Vereinbarung, die er mit paudi-Wiederverk\u00e4ufern abschlie\u00dft, die folgenden Mindestbedingungen enth\u00e4lt: 1. Der Distributor gew\u00e4hrt anderen Wiederverk\u00e4ufern ein nicht \u00fcbertragbares, nicht ausschlie\u00dfliches Recht, die Produkte und\/oder Dienstleistungen direkt an Endverbraucher zu vertreiben.","robots":{"index":"index","follow":"follow","max-snippet":"max-snippet:-1","max-image-preview":"max-image-preview:large","max-video-preview":"max-video-preview:-1"},"canonical":"https:\/\/www.paudimodel.com\/de\/how-to-buy\/become-our-distributor\/minimum-terms-conditions-resellers\/","og_locale":"de_DE","og_type":"article","og_title":"Minimum Terms and Conditions for Other Resellers","og_description":"Distributor shall ensure that each agreement it enters into with paudi Resellers will contain the following minimum terms and conditions:1. Distributor grants a non-transferable, non-exclusive right to other Resellers to distribute the Products and\/or Service directly to End Users.","og_url":"https:\/\/www.paudimodel.com\/de\/how-to-buy\/become-our-distributor\/minimum-terms-conditions-resellers\/","og_site_name":"Paudi Model | High Quality Diecast Model","article_publisher":"https:\/\/www.facebook\/paudimodel","article_modified_time":"2021-10-21T01:42:49+00:00","twitter_card":"summary_large_image","twitter_site":"@paudimodel","twitter_misc":{"Gesch\u00e4tzte Lesezeit":"2\u00a0Minuten"},"schema":{"@context":"https:\/\/schema.org","@graph":[{"@type":"WebPage","@id":"https:\/\/www.paudimodel.com\/how-to-buy\/become-our-distributor\/minimum-terms-conditions-resellers\/","url":"https:\/\/www.paudimodel.com\/how-to-buy\/become-our-distributor\/minimum-terms-conditions-resellers\/","name":"Mindestbedingungen f\u00fcr andere Wiederverk\u00e4ufer \u2013 Paudi-Modell | Hochwertiges Druckgussmodell","isPartOf":{"@id":"https:\/\/www.paudimodel.com\/#website"},"datePublished":"2017-02-05T15:03:01+00:00","dateModified":"2021-10-21T01:42:49+00:00","description":"Der Distributor hat sicherzustellen, dass jede Vereinbarung, die er mit paudi-Wiederverk\u00e4ufern abschlie\u00dft, die folgenden Mindestbedingungen enth\u00e4lt: 1. Der Distributor gew\u00e4hrt anderen Wiederverk\u00e4ufern ein nicht \u00fcbertragbares, nicht ausschlie\u00dfliches Recht, die Produkte und\/oder Dienstleistungen direkt an Endverbraucher zu vertreiben.","breadcrumb":{"@id":"https:\/\/www.paudimodel.com\/how-to-buy\/become-our-distributor\/minimum-terms-conditions-resellers\/#breadcrumb"},"inLanguage":"de","potentialAction":[{"@type":"ReadAction","target":["https:\/\/www.paudimodel.com\/how-to-buy\/become-our-distributor\/minimum-terms-conditions-resellers\/"]}]},{"@type":"BreadcrumbList","@id":"https:\/\/www.paudimodel.com\/how-to-buy\/become-our-distributor\/minimum-terms-conditions-resellers\/#breadcrumb","itemListElement":[{"@type":"ListItem","position":1,"name":"Home","item":"https:\/\/www.paudimodel.com\/"},{"@type":"ListItem","position":2,"name":"How to Buy","item":"https:\/\/www.paudimodel.com\/how-to-buy\/"},{"@type":"ListItem","position":3,"name":"Become Our Distributor","item":"https:\/\/www.paudimodel.com\/?page_id=56311"},{"@type":"ListItem","position":4,"name":"Minimum Terms and Conditions for Other Resellers"}]},{"@type":"WebSite","@id":"https:\/\/www.paudimodel.com\/#website","url":"https:\/\/www.paudimodel.com\/","name":"Paudi-Modell | Hochwertiges Druckgussmodell","description":"Kaufen Sie Druckgussmodelle von Top-Marken wie Dealer Edition, Paudi, Kyosho, Autoart und mehr. G\u00fcnstige Online-Preise. Superdetaillierte Modelle. Finden Sie Ihre Marke und Ihr Modell. Riesige Auswahl. Zufriedenheitsgarantie. Typen: Druckguss-Modellautos, Druckguss-Modell-LKWs.","publisher":{"@id":"https:\/\/www.paudimodel.com\/#organization"},"alternateName":"Scale model design, development and production","potentialAction":[{"@type":"SearchAction","target":{"@type":"EntryPoint","urlTemplate":"https:\/\/www.paudimodel.com\/?s={search_term_string}"},"query-input":{"@type":"PropertyValueSpecification","valueRequired":true,"valueName":"search_term_string"}}],"inLanguage":"de"},{"@type":"Organization","@id":"https:\/\/www.paudimodel.com\/#organization","name":"Guangzhou Paudi Model Technology Ltd.","url":"https:\/\/www.paudimodel.com\/","logo":{"@type":"ImageObject","inLanguage":"de","@id":"https:\/\/www.paudimodel.com\/#\/schema\/logo\/image\/","url":"https:\/\/www.paudimodel.com\/wp-content\/uploads\/2023\/02\/696x696.png","contentUrl":"https:\/\/www.paudimodel.com\/wp-content\/uploads\/2023\/02\/696x696.png","width":696,"height":696,"caption":"Guangzhou Paudi Model Technology Ltd."},"image":{"@id":"https:\/\/www.paudimodel.com\/#\/schema\/logo\/image\/"},"sameAs":["https:\/\/www.facebook\/paudimodel","https:\/\/x.com\/paudimodel"]}]}},"_links":{"self":[{"href":"https:\/\/www.paudimodel.com\/de\/wp-json\/wp\/v2\/pages\/43184","targetHints":{"allow":["GET"]}}],"collection":[{"href":"https:\/\/www.paudimodel.com\/de\/wp-json\/wp\/v2\/pages"}],"about":[{"href":"https:\/\/www.paudimodel.com\/de\/wp-json\/wp\/v2\/types\/page"}],"author":[{"embeddable":true,"href":"https:\/\/www.paudimodel.com\/de\/wp-json\/wp\/v2\/users\/1"}],"replies":[{"embeddable":true,"href":"https:\/\/www.paudimodel.com\/de\/wp-json\/wp\/v2\/comments?post=43184"}],"version-history":[{"count":0,"href":"https:\/\/www.paudimodel.com\/de\/wp-json\/wp\/v2\/pages\/43184\/revisions"}],"up":[{"embeddable":true,"href":"https:\/\/www.paudimodel.com\/de\/wp-json\/wp\/v2\/pages\/56311"}],"wp:attachment":[{"href":"https:\/\/www.paudimodel.com\/de\/wp-json\/wp\/v2\/media?parent=43184"}],"curies":[{"name":"wp","href":"https:\/\/api.w.org\/{rel}","templated":true}]}}