{"id":43207,"date":"2017-02-05T15:56:21","date_gmt":"2017-02-05T15:56:21","guid":{"rendered":"http:\/\/www.paudimodel.com\/?page_id=43207"},"modified":"2021-10-21T06:47:15","modified_gmt":"2021-10-21T06:47:15","slug":"faq-channel-policy","status":"publish","type":"page","link":"https:\/\/www.paudimodel.com\/de\/how-to-buy\/become-our-distributor\/faq-channel-policy\/","title":{"rendered":"FAQ zu den Kanalrichtlinien"},"content":{"rendered":"<h3>FAQ zu den Kanalrichtlinien<\/h3>\n<p><strong>1. Was ist das Prinzip der Kanalrichtlinie von PaudiModel?<\/strong><br \/>\nDas Prinzip der Kanalpolitik von Paudi Model besteht darin, \u201cauf einer Win-Win-Basis zu arbeiten und zusammenzuarbeiten\u201d.\u201d<br \/>\nArbeiten und zusammenarbeiten: Maximieren Sie den Wert f\u00fcr Vertriebspartner und Kunden, indem Sie die Vertriebspartner motivieren, den Markt zu erkunden und die Marke PaudiModel im Unternehmensmarkt zu konsolidieren.<br \/>\nWin-Win-Basis: Schaffen Sie ein gesundes \u00d6kosystem f\u00fcr die Entwicklung der Kanalkooperation, indem Sie ein Kanalkooperationssystem einrichten und Kanalpartner im gegenseitigen und langfristigen Interesse von Kunden, PaudiModel und Kanalpartnern unterst\u00fctzen und verwalten.<br \/>\n<strong>2. Wie ist die Kanalstruktur des PaudiModel-Unternehmensgesch\u00e4fts?<\/strong><br \/>\nDie Vertriebsstruktur von PaudiModel besteht aus Generalvertriebspartnern, Gold-Level-Vertriebspartnern, Silber-Level-Vertriebspartnern und autorisierten Partnern. Paudi Model arbeitet mit Partnern zusammen, um ein \u00d6kosystem zu schaffen, das die Entwicklung der Vertriebskooperation f\u00f6rdert und den Markt zum gegenseitigen Nutzen erweitert.<\/p>\n<p><strong>3. Was sind die Merkmale der PaudiModel-Channel-Partner?<\/strong><br \/>\n(1) Generalvertriebsh\u00e4ndler<br \/>\nWir agieren als Hauptpartner des Unternehmens Paudi Model auf den regionalen M\u00e4rkten und versprechen, die Gesch\u00e4ftsziele f\u00fcr verwandte Produkte zu erreichen, einschlie\u00dflich der Ziele f\u00fcr das Vertriebsgesch\u00e4ft.<br \/>\nRekrutieren und verwalten Sie Tier-2-Partner, erreichen Sie eine Abdeckung regionaler M\u00e4rkte und unterst\u00fctzen Sie PaudiModel bei der Verwaltung und Unterst\u00fctzung von Tier-2-Partnern, einschlie\u00dflich Logistik, Finanzierung und technischem Support vor und nach dem Verkauf sowie kommerziellem Support.<br \/>\nKaufen Sie Produkte direkt von PaudiModel und unterlassen Sie den Direktverkauf von Produkten an Endbenutzer ohne die vorherige Zustimmung von PaudiModel.<\/p>\n<p>(2) Gold- und Silberpartner<br \/>\nEntwickeln Sie die Kundenbeziehungsplattform in einer Region\/Branche und verpflichten Sie sich, das Umsatzziel von PaudiModel f\u00fcr die Region\/Branche zu erreichen.<br \/>\nBieten Sie Kunden in der Region\/Branche technischen Support vor und nach dem Verkauf sowie Marketing-Support f\u00fcr die Produkte von Paudi Model.<br \/>\nBeantragen Sie die Zertifizierung als Gold- oder Silberpartner f\u00fcr den Vertrieb, wenn das Vertriebsgesch\u00e4ft in der Region eine bestimmte Gr\u00f6\u00dfenordnung erreicht.<br \/>\n(3) Autorisierte Partner<br \/>\nDienen Sie als Vertriebspartner auf Junior-Ebene, die die Zertifizierung von Paudi Model bestanden haben.<br \/>\nBieten Sie Kunden in einer Region\/Branche Pre-Sales-, Post-Sales- und Marketing-Support f\u00fcr die Produkte von PaudiModel.<\/p>\n<p><strong>4. Warum entscheiden sich Wiederverk\u00e4ufer f\u00fcr den Beitritt zu PaudiModel-Kan\u00e4len?<\/strong><br \/>\nIn den letzten dreizehn Jahrzehnten hat Paudi Model durch die Entwicklung innovativer Technologien enorme Erfolge erzielt. Durch stetiges Wachstum z\u00e4hlt Paudi Model zu den gr\u00f6\u00dften Modellautoherstellern in China.<br \/>\nPaudi bringt jedes Jahr neue Fahrzeugmodelle auf den Markt. Dank der umfassendsten Produktpalette kann Paudi Model die unterschiedlichen Anforderungen von Unternehmenskunden und -projekten effizient erf\u00fcllen. Paudi Model hat das Channel-Partner-Programm entwickelt, um gemeinsam mit Partnern den Markt zu erkunden und ihnen zu helfen, gemeinsam mit Paudi Model zu wachsen.<\/p>\n<p><strong>5. Welche Vorteile bietet die Teilnahme am PaudiModel Channel Partner Program?<\/strong><br \/>\nPaudi Model hat eine Reihe flexibler Anreizprogramme entwickelt, um die Gewinne seiner Vertriebspartner zu steigern. PaudiModel bietet kanalspezifische und wertsch\u00f6pfende Richtlinien basierend auf der Kooperation, dem Beitrag und dem Zertifizierungsniveau seiner Partner.<br \/>\n\u2022 Zu den Vorteilen f\u00fcr Paudi Model Channel-Partner geh\u00f6ren:<br \/>\n\u2022 Priorit\u00e4t beim Verkauf neuer Produkte<br \/>\n\u2022 Sonderangebote einzigartige Unterst\u00fctzung<br \/>\n\u2022 Technischer Support f\u00fcr kundenspezifische Produkte<br \/>\n\u2022 Kreditunterst\u00fctzung<br \/>\n\u2022 Kommerzielle Unterst\u00fctzung<br \/>\n\u2022 Unterst\u00fctzung bei Marketing- und Branding-Kampagnen<br \/>\n<strong>6. Welche Voraussetzungen m\u00fcssen Partner erf\u00fcllen, die am PaudiModel Channel Partner Program teilnehmen m\u00f6chten?<\/strong><br \/>\nZu den Anforderungen f\u00fcr jede Partnerstufe im Channel-Partner-Programm geh\u00f6ren:<br \/>\n(1) Zertifizierungsstandards f\u00fcr H\u00e4ndler<br \/>\nDie Vertriebspartner verf\u00fcgen \u00fcber Vertriebserfahrung mit verwandten Produkten, umfassende St\u00e4rken in Bezug auf Unternehmenskapital, Mitarbeiter, Logistik, Marketing und technischen Support sowie ein starkes Netzwerk an Vertriebspartnern auf unterer Ebene. Ihr Gesch\u00e4ftsumfang deckt wichtige M\u00e4rkte in autorisierten L\u00e4ndern ab und sie haben Niederlassungen in wichtigen St\u00e4dten.<br \/>\n<strong>7. Welche Produkte k\u00f6nnen PaudiModel-Partner verkaufen?<\/strong><br \/>\nPaudiModel-Channel-Partner k\u00f6nnen im Rahmen ihrer Autorisierung eine vollst\u00e4ndige Palette von Paudi Model-Produkten verkaufen.<br \/>\n<strong>8. Wann l\u00e4uft ein PaudiModel-Zertifikat ab?<\/strong><br \/>\nDie Zertifizierung und Autorisierung von Channel-Partnern erfolgt kalenderj\u00e4hrlich. Die G\u00fcltigkeitsdauer einer Vereinbarung betr\u00e4gt grunds\u00e4tzlich maximal zwei Jahre und endet am 31. Dezember des laufenden oder darauffolgenden Jahres.<\/p>\n<p><strong>9. Welche Marketingunterst\u00fctzung k\u00f6nnen Channel-Partner von PaudiModel erhalten?<\/strong><br \/>\nPaudi Model bietet Vertriebspartnern Marketingunterst\u00fctzung, um ihnen zu helfen, den Markt besser zu erkunden und<\/p>","protected":false},"excerpt":{"rendered":"<p>H\u00e4ufig gestellte Fragen zur Vertriebskanalpolitik 1. Welches Prinzip verfolgt die Vertriebskanalpolitik von PaudiModel? Das Prinzip der Vertriebskanalpolitik von PaudiModel lautet: \u201cZusammenarbeit zum beiderseitigen Vorteil\u201d. Zusammenarbeit: Wir maximieren den Wert f\u00fcr unsere Vertriebspartner und Kunden, indem wir sie motivieren, den Markt zu erschlie\u00dfen und die Marke PaudiModel zu st\u00e4rken. [\u2026]<\/p>","protected":false},"author":1,"featured_media":0,"parent":56311,"menu_order":9,"comment_status":"closed","ping_status":"closed","template":"","meta":{"footnotes":""},"class_list":["post-43207","page","type-page","status-publish","hentry"],"yoast_head":"<!-- This site is optimized with the Yoast SEO Premium plugin v25.6 (Yoast SEO v26.7) - https:\/\/yoast.com\/wordpress\/plugins\/seo\/ -->\n<title>FAQ on Channel Policy - Paudi Model | High Quality Diecast Model<\/title>\n<meta name=\"description\" content=\"What is the principle of PaudiModel\u2019s channel policy?The principle of Paudi Model\u2019s channel policy is \u201cto work and collaborate on a win-win basis.\u201d\" \/>\n<meta name=\"robots\" content=\"index, follow, max-snippet:-1, max-image-preview:large, max-video-preview:-1\" \/>\n<link rel=\"canonical\" href=\"https:\/\/www.paudimodel.com\/de\/how-to-buy\/become-our-distributor\/faq-channel-policy\/\" \/>\n<meta property=\"og:locale\" content=\"de_DE\" \/>\n<meta property=\"og:type\" content=\"article\" \/>\n<meta property=\"og:title\" content=\"FAQ on Channel Policy\" \/>\n<meta property=\"og:description\" content=\"What is the principle of PaudiModel\u2019s channel policy?The principle of Paudi Model\u2019s channel policy is \u201cto work and collaborate on a win-win basis.\u201d\" \/>\n<meta property=\"og:url\" content=\"https:\/\/www.paudimodel.com\/de\/how-to-buy\/become-our-distributor\/faq-channel-policy\/\" \/>\n<meta property=\"og:site_name\" content=\"Paudi Model | High Quality Diecast Model\" \/>\n<meta property=\"article:publisher\" content=\"https:\/\/www.facebook\/paudimodel\" \/>\n<meta property=\"article:modified_time\" content=\"2021-10-21T06:47:15+00:00\" \/>\n<meta name=\"twitter:card\" content=\"summary_large_image\" \/>\n<meta name=\"twitter:site\" content=\"@paudimodel\" \/>\n<meta name=\"twitter:label1\" content=\"Gesch\u00e4tzte Lesezeit\" \/>\n\t<meta name=\"twitter:data1\" content=\"3\u00a0Minuten\" \/>\n<script type=\"application\/ld+json\" class=\"yoast-schema-graph\">{\"@context\":\"https:\/\/schema.org\",\"@graph\":[{\"@type\":\"WebPage\",\"@id\":\"https:\/\/www.paudimodel.com\/how-to-buy\/become-our-distributor\/faq-channel-policy\/\",\"url\":\"https:\/\/www.paudimodel.com\/how-to-buy\/become-our-distributor\/faq-channel-policy\/\",\"name\":\"FAQ on Channel Policy - Paudi Model | High Quality Diecast Model\",\"isPartOf\":{\"@id\":\"https:\/\/www.paudimodel.com\/#website\"},\"datePublished\":\"2017-02-05T15:56:21+00:00\",\"dateModified\":\"2021-10-21T06:47:15+00:00\",\"description\":\"What is the principle of PaudiModel\u2019s channel policy?The principle of Paudi Model\u2019s channel policy is \u201cto work and collaborate on a win-win basis.\u201d\",\"breadcrumb\":{\"@id\":\"https:\/\/www.paudimodel.com\/how-to-buy\/become-our-distributor\/faq-channel-policy\/#breadcrumb\"},\"inLanguage\":\"de\",\"potentialAction\":[{\"@type\":\"ReadAction\",\"target\":[\"https:\/\/www.paudimodel.com\/how-to-buy\/become-our-distributor\/faq-channel-policy\/\"]}]},{\"@type\":\"BreadcrumbList\",\"@id\":\"https:\/\/www.paudimodel.com\/how-to-buy\/become-our-distributor\/faq-channel-policy\/#breadcrumb\",\"itemListElement\":[{\"@type\":\"ListItem\",\"position\":1,\"name\":\"Home\",\"item\":\"https:\/\/www.paudimodel.com\/\"},{\"@type\":\"ListItem\",\"position\":2,\"name\":\"How to Buy\",\"item\":\"https:\/\/www.paudimodel.com\/how-to-buy\/\"},{\"@type\":\"ListItem\",\"position\":3,\"name\":\"Become Our Distributor\",\"item\":\"https:\/\/www.paudimodel.com\/?page_id=56311\"},{\"@type\":\"ListItem\",\"position\":4,\"name\":\"FAQ on Channel Policy\"}]},{\"@type\":\"WebSite\",\"@id\":\"https:\/\/www.paudimodel.com\/#website\",\"url\":\"https:\/\/www.paudimodel.com\/\",\"name\":\"Paudi Model | High Quality Diecast Model\",\"description\":\"Shop For Diecast Models From Top-Rated Brands Like Dealer Edition, Paudi, Kyosho, Autoart &amp; More. Low Online Prices. Super-Detailed Models.Find Your Make &amp; Model.Huge Selection. Satisfaction Guaranteed. Types: Diecast Model Cars, Diecast Model Trucks.\",\"publisher\":{\"@id\":\"https:\/\/www.paudimodel.com\/#organization\"},\"alternateName\":\"Scale model design, development and production\",\"potentialAction\":[{\"@type\":\"SearchAction\",\"target\":{\"@type\":\"EntryPoint\",\"urlTemplate\":\"https:\/\/www.paudimodel.com\/?s={search_term_string}\"},\"query-input\":{\"@type\":\"PropertyValueSpecification\",\"valueRequired\":true,\"valueName\":\"search_term_string\"}}],\"inLanguage\":\"de\"},{\"@type\":\"Organization\",\"@id\":\"https:\/\/www.paudimodel.com\/#organization\",\"name\":\"Guangzhou Paudi Model Technology Ltd.\",\"url\":\"https:\/\/www.paudimodel.com\/\",\"logo\":{\"@type\":\"ImageObject\",\"inLanguage\":\"de\",\"@id\":\"https:\/\/www.paudimodel.com\/#\/schema\/logo\/image\/\",\"url\":\"https:\/\/www.paudimodel.com\/wp-content\/uploads\/2023\/02\/696x696.png\",\"contentUrl\":\"https:\/\/www.paudimodel.com\/wp-content\/uploads\/2023\/02\/696x696.png\",\"width\":696,\"height\":696,\"caption\":\"Guangzhou Paudi Model Technology Ltd.\"},\"image\":{\"@id\":\"https:\/\/www.paudimodel.com\/#\/schema\/logo\/image\/\"},\"sameAs\":[\"https:\/\/www.facebook\/paudimodel\",\"https:\/\/x.com\/paudimodel\"]}]}<\/script>\n<!-- \/ Yoast SEO Premium plugin. -->","yoast_head_json":{"title":"H\u00e4ufig gestellte Fragen zur Vertriebspolitik \u2013 Paudi Model | Hochwertiges Druckgussmodell","description":"Was ist das Prinzip der Vertriebskanalstrategie von PaudiModel? Das Prinzip der Vertriebskanalstrategie von PaudiModel lautet: \u201cZusammenarbeit und Kooperation auf einer Win-Win-Basis.\u201d","robots":{"index":"index","follow":"follow","max-snippet":"max-snippet:-1","max-image-preview":"max-image-preview:large","max-video-preview":"max-video-preview:-1"},"canonical":"https:\/\/www.paudimodel.com\/de\/how-to-buy\/become-our-distributor\/faq-channel-policy\/","og_locale":"de_DE","og_type":"article","og_title":"FAQ on Channel Policy","og_description":"What is the principle of PaudiModel\u2019s channel policy?The principle of Paudi Model\u2019s channel policy is \u201cto work and collaborate on a win-win basis.\u201d","og_url":"https:\/\/www.paudimodel.com\/de\/how-to-buy\/become-our-distributor\/faq-channel-policy\/","og_site_name":"Paudi Model | High Quality Diecast Model","article_publisher":"https:\/\/www.facebook\/paudimodel","article_modified_time":"2021-10-21T06:47:15+00:00","twitter_card":"summary_large_image","twitter_site":"@paudimodel","twitter_misc":{"Gesch\u00e4tzte Lesezeit":"3\u00a0Minuten"},"schema":{"@context":"https:\/\/schema.org","@graph":[{"@type":"WebPage","@id":"https:\/\/www.paudimodel.com\/how-to-buy\/become-our-distributor\/faq-channel-policy\/","url":"https:\/\/www.paudimodel.com\/how-to-buy\/become-our-distributor\/faq-channel-policy\/","name":"H\u00e4ufig gestellte Fragen zur Vertriebspolitik \u2013 Paudi Model | Hochwertiges Druckgussmodell","isPartOf":{"@id":"https:\/\/www.paudimodel.com\/#website"},"datePublished":"2017-02-05T15:56:21+00:00","dateModified":"2021-10-21T06:47:15+00:00","description":"Was ist das Prinzip der Vertriebskanalstrategie von PaudiModel? Das Prinzip der Vertriebskanalstrategie von PaudiModel lautet: \u201cZusammenarbeit und Kooperation auf einer Win-Win-Basis.\u201d","breadcrumb":{"@id":"https:\/\/www.paudimodel.com\/how-to-buy\/become-our-distributor\/faq-channel-policy\/#breadcrumb"},"inLanguage":"de","potentialAction":[{"@type":"ReadAction","target":["https:\/\/www.paudimodel.com\/how-to-buy\/become-our-distributor\/faq-channel-policy\/"]}]},{"@type":"BreadcrumbList","@id":"https:\/\/www.paudimodel.com\/how-to-buy\/become-our-distributor\/faq-channel-policy\/#breadcrumb","itemListElement":[{"@type":"ListItem","position":1,"name":"Home","item":"https:\/\/www.paudimodel.com\/"},{"@type":"ListItem","position":2,"name":"How to Buy","item":"https:\/\/www.paudimodel.com\/how-to-buy\/"},{"@type":"ListItem","position":3,"name":"Become Our Distributor","item":"https:\/\/www.paudimodel.com\/?page_id=56311"},{"@type":"ListItem","position":4,"name":"FAQ on Channel Policy"}]},{"@type":"WebSite","@id":"https:\/\/www.paudimodel.com\/#website","url":"https:\/\/www.paudimodel.com\/","name":"Paudi-Modell | Hochwertiges Druckgussmodell","description":"Kaufen Sie Druckgussmodelle von Top-Marken wie Dealer Edition, Paudi, Kyosho, Autoart und mehr. G\u00fcnstige Online-Preise. Superdetaillierte Modelle. Finden Sie Ihre Marke und Ihr Modell. Riesige Auswahl. Zufriedenheitsgarantie. Typen: Druckguss-Modellautos, Druckguss-Modell-LKWs.","publisher":{"@id":"https:\/\/www.paudimodel.com\/#organization"},"alternateName":"Scale model design, development and production","potentialAction":[{"@type":"SearchAction","target":{"@type":"EntryPoint","urlTemplate":"https:\/\/www.paudimodel.com\/?s={search_term_string}"},"query-input":{"@type":"PropertyValueSpecification","valueRequired":true,"valueName":"search_term_string"}}],"inLanguage":"de"},{"@type":"Organization","@id":"https:\/\/www.paudimodel.com\/#organization","name":"Guangzhou Paudi Model Technology Ltd.","url":"https:\/\/www.paudimodel.com\/","logo":{"@type":"ImageObject","inLanguage":"de","@id":"https:\/\/www.paudimodel.com\/#\/schema\/logo\/image\/","url":"https:\/\/www.paudimodel.com\/wp-content\/uploads\/2023\/02\/696x696.png","contentUrl":"https:\/\/www.paudimodel.com\/wp-content\/uploads\/2023\/02\/696x696.png","width":696,"height":696,"caption":"Guangzhou Paudi Model Technology Ltd."},"image":{"@id":"https:\/\/www.paudimodel.com\/#\/schema\/logo\/image\/"},"sameAs":["https:\/\/www.facebook\/paudimodel","https:\/\/x.com\/paudimodel"]}]}},"_links":{"self":[{"href":"https:\/\/www.paudimodel.com\/de\/wp-json\/wp\/v2\/pages\/43207","targetHints":{"allow":["GET"]}}],"collection":[{"href":"https:\/\/www.paudimodel.com\/de\/wp-json\/wp\/v2\/pages"}],"about":[{"href":"https:\/\/www.paudimodel.com\/de\/wp-json\/wp\/v2\/types\/page"}],"author":[{"embeddable":true,"href":"https:\/\/www.paudimodel.com\/de\/wp-json\/wp\/v2\/users\/1"}],"replies":[{"embeddable":true,"href":"https:\/\/www.paudimodel.com\/de\/wp-json\/wp\/v2\/comments?post=43207"}],"version-history":[{"count":0,"href":"https:\/\/www.paudimodel.com\/de\/wp-json\/wp\/v2\/pages\/43207\/revisions"}],"up":[{"embeddable":true,"href":"https:\/\/www.paudimodel.com\/de\/wp-json\/wp\/v2\/pages\/56311"}],"wp:attachment":[{"href":"https:\/\/www.paudimodel.com\/de\/wp-json\/wp\/v2\/media?parent=43207"}],"curies":[{"name":"wp","href":"https:\/\/api.w.org\/{rel}","templated":true}]}}