{"id":66466,"date":"2020-03-12T07:25:28","date_gmt":"2020-03-12T07:25:28","guid":{"rendered":"https:\/\/www.paudimodel.com\/?page_id=66466"},"modified":"2021-10-20T08:29:21","modified_gmt":"2021-10-20T08:29:21","slug":"2020-distribution-business-operation-registration-guide","status":"publish","type":"page","link":"https:\/\/www.paudimodel.com\/de\/how-to-buy\/become-our-distributor\/2020-distribution-business-operation-registration-guide\/","title":{"rendered":"Leitfaden zur Registrierung von Vertriebsunternehmen 2020"},"content":{"rendered":"<style type=\"text\/css\" data-created_by=\"avia_inline_auto\" id=\"style-css-av-av_one_full-79ff81c021393065cee878051452f6a6\">\n.flex_column.av-av_one_full-79ff81c021393065cee878051452f6a6{\nborder-radius:0px 0px 0px 0px;\npadding:0px 0px 0px 0px;\n}\n<\/style>\n<div  class='flex_column av-av_one_full-79ff81c021393065cee878051452f6a6 av_one_full  avia-builder-el-0  el_before_av_one_full  avia-builder-el-first  first flex_column_div av-zero-column-padding'     ><p>\n<style type=\"text\/css\" data-created_by=\"avia_inline_auto\" id=\"style-css-av-k7ofib5s-71ed85e02a79f3a0d0773bca7a15dad5\">\n#top .av-special-heading.av-k7ofib5s-71ed85e02a79f3a0d0773bca7a15dad5{\npadding-bottom:10px;\n}\nbody .av-special-heading.av-k7ofib5s-71ed85e02a79f3a0d0773bca7a15dad5 .av-special-heading-tag .heading-char{\nfont-size:25px;\n}\n.av-special-heading.av-k7ofib5s-71ed85e02a79f3a0d0773bca7a15dad5 .av-subheading{\nfont-size:15px;\n}\n<\/style>\n<div  class='av-special-heading av-k7ofib5s-71ed85e02a79f3a0d0773bca7a15dad5 av-special-heading-h3 blockquote modern-quote modern-centered  avia-builder-el-1  el_before_av_hr  avia-builder-el-first'><h3 class='av-special-heading-tag'  itemprop=\"headline\"  >Leitfaden zur Registrierung von Vertriebsunternehmen 2020<\/h3><div class='av-subheading av-subheading_below'><p>1. M\u00e4rz 2020<\/p>\n<p>Guangzhou Paudi Model Technology, Ltd.<\/p>\n<\/div><div class=\"special-heading-border\"><div class=\"special-heading-inner-border\"><\/div><\/div><\/div><br \/>\n<div  class='hr av-av_hr-7bacd336e8c7b574fdeac16e430feaa5 hr-default  avia-builder-el-2  el_after_av_heading  el_before_av_textblock'><span class='hr-inner'><span class=\"hr-inner-style\"><\/span><\/span><\/div><br \/>\n<section  class='av_textblock_section av-k7oec1i7-93f49e21611cdbd2ba0412986c16b09d'   itemscope=\"itemscope\" itemtype=\"https:\/\/schema.org\/CreativeWork\" ><div class='avia_textblock'  itemprop=\"text\" ><ol>\n<li><strong>Der Zweck<\/strong><\/li>\n<p>Die Definition der Vertriebsprodukte f\u00fcr jede Produktlinie wird pr\u00e4zisiert. Das Verkaufsverhalten des Generaldistributors wird geregelt. Dazu geh\u00f6ren das Vertriebsmodell (Goldmedaille, Silbermedaille), die Leistungsabrechnungsmethode, die Bestellabwicklung und Zahlungsmethode, das Vertriebskanalsystem, die Lagerverwaltung und der Produktvertrieb. Dadurch wird ein stabiles Vertriebsteam aufgebaut, das langfristig mit der Auslandsabteilung nach dem Paudi-Modell zusammenarbeiten m\u00f6chte. Gleichzeitig wird die Marktordnung reguliert und eine gesunde und stabile Entwicklung des Vertriebsmarktes sichergestellt.<\/p>\n<li><strong>Anwendungsbereich<\/strong><\/li>\n<p>Dieses Dokument gilt f\u00fcr Paudis Auslandsgesch\u00e4ft.<\/p>\n<li><strong>Definition<\/strong><\/li>\n<p><strong>3.1 Zertifizierungskanaltyp<\/strong><\/p>\n<ul>\n<li>Vertriebskanal erster Ebene: Generalvertriebe;<\/li>\n<li>Sekund\u00e4re Vertriebskan\u00e4le: Gold, Silber, zertifizierte Vertriebspartner.<\/li>\n<\/ul>\n<p><strong>3.2 Positionierung der allgemeinen Vertriebspartner<\/strong><\/p>\n<ul>\n<li>Als Unterst\u00fctzungsplattform f\u00fcr Logistik, Kapital und sekund\u00e4re Vertriebskan\u00e4le f\u00fcr den nationalen Produktabsatz;<\/li>\n<li>Das Unternehmen zeichnet sich durch St\u00e4rke, ausgewogene Entwicklung und ein landesweites Vertriebsnetz aus;<\/li>\n<li>\u00dcbernahme der Marketingaufgaben f\u00fcr zugelassene Produkte auf dem nationalen Markt oder einem Teil des regionalen Marktes;<\/li>\n<li>Verantwortlich f\u00fcr die Entwicklung von Sekund\u00e4rvertriebspartnern, die Erweiterung des Vertriebskanalmarktes und die Managementverantwortung f\u00fcr den n\u00e4chsth\u00f6heren Vertriebskanal;<\/li>\n<li>Verantwortlich f\u00fcr die Bereitstellung von Kundendienst und Markenpromotion f\u00fcr Paudi-Produkte gegen\u00fcber Anwendern und Sekund\u00e4rvertriebskan\u00e4len;<\/li>\n<li>Als Hauptbestandteil des Lagerbestands orientiert sich der Generalvertriebspartner an den aktuellen Richtpreisen der nachgeordneten Vertriebspartner und legt den Lagerbestand fest;<\/li>\n<li>Bieten Sie Kundendienstleistungen f\u00fcr Anwender und nachgeordnete Vertriebskan\u00e4le an.<\/li>\n<\/ul>\n<p><strong>3.3 Positionierung der Verteilungsgoldmedaille und der Verteilungssilbermedaille<\/strong><\/p>\n<ul>\n<li>Der Vertriebspartner f\u00fcr Gold- und Silbermedaillen ist als Hauptabnehmer der Vertriebsgruppe positioniert, vorwiegend f\u00fcr den Gro\u00dfhandel.;<\/li>\n<li>Im regionalen Gro\u00dfhandelsmarkt verf\u00fcgt das Unternehmen \u00fcber gute Marketing- und Vertriebskapazit\u00e4ten sowie \u00fcber gute Ressourcen im Subkanalbereich.;<\/li>\n<li>Proaktiv Marketingarbeiten in den zugewiesenen Bereichen durchf\u00fchren oder aktiv mit verschiedenen Marketingaktivit\u00e4ten der Auslandsabteilung von Paudi zusammenarbeiten k\u00f6nnen;<\/li>\n<li>Gem\u00e4\u00df den Anforderungen der Auslandsabteilung von Paudi ist die Einrichtung eines Vertriebslagers erforderlich. Bestellungen f\u00fcr Gold- und Silberwaren werden direkt beim Generalvertriebspartner aufgegeben, der die Waren lagert und liefert;<\/li>\n<li>Der Vertrieb von Gold und Silber darf Waren an autorisierte und nicht zertifizierte H\u00e4ndler in autorisierten Gebieten liefern, es ist ihm jedoch untersagt, Waren an alle Vertriebsstufen in nicht autorisierten Gebieten zu liefern;<\/li>\n<li>Es kann Nutzern in autorisierten Regionen Vorverkaufs- und Nachverkaufsdienstleistungen f\u00fcr Produkte der Auslandsgesch\u00e4ftsabteilung anbieten.<\/li>\n<\/ul>\n<p><strong>3.4 Position eines zertifizierten H\u00e4ndlers<\/strong><\/p>\n<ul>\n<li>Paudis Junior-zertifizierter Partner;<\/li>\n<li>Den von Paudi geforderten Leistungsbeitrag erbringen;<\/li>\n<li>Verantwortlich f\u00fcr den technischen Pre-Sales-Support und die Markenpromotion f\u00fcr kundenspezifische Anwender.<\/li>\n<\/ul>\n<p><strong>3.5 Die H\u00e4ndlerzertifizierung wird in drei Arten unterteilt: Erneuerungszertifizierung, Neuzertifizierung und Upgrade-Zertifizierung.<\/strong><\/p>\n<ul>\n<li>Erneuerte Zertifizierung: Zertifizierte Vertriebskan\u00e4le im Jahr 2019, erneuerte Zertifizierung im Jahr 2020 auf der Grundlage der Erf\u00fcllung der Leistungen im Jahr 2019;<\/li>\n<li>Neue Zertifizierung: weder im Zertifizierungsjahr noch im Vorjahr Gold- oder Silberstatus;<\/li>\n<li>Upgrade-Zertifizierung: Sie k\u00f6nnen eine Upgrade-Zertifizierung beantragen, wenn Ihre Leistung einen bestimmten Prozentsatz des Schwellenwerts f\u00fcr Aufgaben der ersten Stufe erreicht.<\/li>\n<\/ul>\n<p><strong>3.6 Produktkategorien<\/strong><\/p>\n<p><strong>3.6.1 Die Klassifizierung von \u201cProduktkategorie\u201d und \u201dProduktunterkategorie\u201d erfolgt wie folgt:<\/strong><\/li>\n<\/ol>\n<\/div><\/section><br \/>\n<section  class='av_textblock_section av-k7oeqqru-461d03bb7df1a15a094c1d8f680e5b2a'   itemscope=\"itemscope\" itemtype=\"https:\/\/schema.org\/CreativeWork\" ><div class='avia_textblock'  itemprop=\"text\" ><p><strong>4. Allgemeine Anforderungen \/ Grunds\u00e4tze \/ Gesamtplan usw.<\/strong><br \/>\nKeiner.<br \/>\n<strong>5. Dokumentinhalt<\/strong><br \/>\n<strong>\u00a0 \u00a0 5.1 Struktur der Vertriebskan\u00e4le im Jahr 2020:<\/strong><\/p>\n<\/div><\/section><\/p><\/div>\n<style type=\"text\/css\" data-created_by=\"avia_inline_auto\" id=\"style-css-av-av_one_full-79ff81c021393065cee878051452f6a6\">\n.flex_column.av-av_one_full-79ff81c021393065cee878051452f6a6{\nborder-radius:0px 0px 0px 0px;\npadding:0px 0px 0px 0px;\n}\n<\/style>\n<div  class='flex_column av-av_one_full-79ff81c021393065cee878051452f6a6 av_one_full  avia-builder-el-5  el_after_av_one_full  el_before_av_one_full  first flex_column_div av-zero-column-padding  column-top-margin'     ><p><section  class='av_textblock_section av-k7oeur1h-8ca8d44ae71dd816c0989aae481cbe9e'   itemscope=\"itemscope\" itemtype=\"https:\/\/schema.org\/CreativeWork\" ><div class='avia_textblock'  itemprop=\"text\" ><p><strong>5.2 Im Jahr 2020 werden die Schwellenwerte f\u00fcr die regionale Gold- und Silberzertifizierung (Umsatzziele) je nach Region unterschiedlich sein, und zwar wie folgt: <\/strong><\/p>\n<p><strong>\u00a0 \u00a0 5.2.1 Regionale Klassifizierung<\/strong><\/p>\n<table width=\"0\">\n<tbody>\n<tr>\n<td rowspan=\"4\" width=\"122\"><strong>Regionale Aufteilung (Gold-, Silberverteilung)<\/strong><\/td>\n<td width=\"101\">Klasse A<\/td>\n<td width=\"325\">Vereinigte Staaten<\/td>\n<\/tr>\n<tr>\n<td width=\"101\">Klasse B<\/td>\n<td width=\"325\">EU, Vereinigtes K\u00f6nigreich, Japan, Korea, Singapur, Hongkong, Kanada<\/td>\n<\/tr>\n<tr>\n<td width=\"101\">Klasse C<\/td>\n<td width=\"325\">Australien, Indonesien, Vereinigte Arabische Emirate, Russland, Malaysia, Thailand, Taiwan, Dubai, Brasilien, Saudi-Arabien, Myanmar, Philippinen, Neuseeland<\/td>\n<\/tr>\n<tr>\n<td width=\"101\">Klasse D<\/td>\n<td width=\"325\">Indien, Vietnam, Irak, S\u00fcdafrika, Mexiko, Ukraine, Griechenland, Pakistan, Afghanistan, Kasachstan, \u00c4gypten, Peru, Chile, Argentinien<\/td>\n<\/tr>\n<\/tbody>\n<\/table>\n<p><strong>\u00a0<\/strong><\/p>\n<\/div><\/section><br \/>\n<section  class='av_textblock_section av-k7oey93d-b4eb6fbf83363d124e22ca07e81be835'   itemscope=\"itemscope\" itemtype=\"https:\/\/schema.org\/CreativeWork\" ><div class='avia_textblock'  itemprop=\"text\" ><ul>\n<li><strong>Verh\u00e4ltnis von H\u00e4ndler-Quartalszertifizierungsschwelle zu Umsatzziel:<\/strong><\/li>\n<\/ul>\n<table width=\"0\">\n<tbody>\n<tr>\n<td width=\"243\">Quartal<\/td>\n<td width=\"76\">Q1<\/td>\n<td width=\"76\">Q2<\/td>\n<td width=\"76\">Q3<\/td>\n<td width=\"76\">4. Quartal<\/td>\n<\/tr>\n<tr>\n<td width=\"243\">Verh\u00e4ltnis Zertifizierungsschwelle \/ Umsatzziel<\/td>\n<td width=\"76\">20%<\/td>\n<td width=\"76\">25%<\/td>\n<td width=\"76\">25%<\/td>\n<td width=\"76\">30%<\/td>\n<\/tr>\n<tr>\n<td colspan=\"5\" width=\"545\">Erl\u00e4uterung:<\/p>\n<p>Ermitteln Sie das Quartalsumsatzziel anhand des Jahresumsatzziels und des Quartalsumsatzziel-Verh\u00e4ltniskoeffizienten. Die neu zertifizierten Gold- und Silberh\u00e4ndler werden viertelj\u00e4hrlich \u00fcberwacht. Verwenden Sie den ersten Tag des Quartals, in dem die Zertifizierung der Auslandsabteilung von Paudi erfolgt, bis zum 31. Dezember des Jahres als Berechnungszyklus f\u00fcr die Ergebnisse und die Rabattberechnung. Das Jahresumsatzziel wird ebenfalls auf Basis der verbleibenden Quartale ab dem aktuellen Quartal berechnet.<\/td>\n<\/tr>\n<\/tbody>\n<\/table>\n<\/div><\/section><\/p><\/div>\n<style type=\"text\/css\" data-created_by=\"avia_inline_auto\" id=\"style-css-av-av_one_full-79ff81c021393065cee878051452f6a6\">\n.flex_column.av-av_one_full-79ff81c021393065cee878051452f6a6{\nborder-radius:0px 0px 0px 0px;\npadding:0px 0px 0px 0px;\n}\n<\/style>\n<div  class='flex_column av-av_one_full-79ff81c021393065cee878051452f6a6 av_one_full  avia-builder-el-8  el_after_av_one_full  avia-builder-el-last  first flex_column_div av-zero-column-padding  column-top-margin'     ><p><section  class='av_textblock_section av-k7of1ycf-9f1f901fb2c2da7d1abac08f335151ad'   itemscope=\"itemscope\" itemtype=\"https:\/\/schema.org\/CreativeWork\" ><div class='avia_textblock'  itemprop=\"text\" ><p><strong>5.3 Einrichtung des Vertriebslagers des H\u00e4ndlers<\/strong><\/p>\n<p><strong>\u00a0 \u00a0 5.3.1 Lagerklassifizierung des Vertriebsh\u00e4ndlers<\/strong><\/p>\n<p>Als Hauptakteure im Vertriebsgesch\u00e4ft sollten Generalvertriebspartner sowie Gold- und Silbervertriebspartner stets einen ausreichenden Lagerbestand vorhalten, um die Marktnachfrage nach den vertriebenen Produkten zeitnah zu decken. Nur Generalvertriebspartner, Platinvertriebspartner, Goldvertriebspartner und Silbervertriebspartner sind berechtigt, Vertriebsprodukte zu lagern.<\/p>\n<p>Der Lagerbestand des H\u00e4ndlervertriebs ist in zwei Kategorien unterteilt: allgemeiner H\u00e4ndlerbestand sowie Gold- und Silberh\u00e4ndlerbestand.<\/p>\n<p><strong>Lagerbestand des allgemeinen Vertriebspartners: <\/strong>Der Generalvertriebspartner bestellt bei der Auslandsabteilung von Paudi Waren f\u00fcr den st\u00e4ndigen Warenbestand. Er kann Gold- und Silberh\u00e4ndler beliefern.<\/p>\n<p><strong>Lagerbestand des Gold- und Silberh\u00e4ndlers: <\/strong>Gold- und Silberh\u00e4ndler bestellen Waren beim Gro\u00dfh\u00e4ndler, um sie auf Lager zu nehmen. Sie k\u00f6nnen die Waren an Zwischenh\u00e4ndler, zertifizierte H\u00e4ndler und nicht zertifizierte K\u00e4ufer weiterverkaufen.<\/p>\n<p>Gem\u00e4\u00df der Exportkontrollpolitik von Paudi ist es ausl\u00e4ndischen H\u00e4ndlern nicht gestattet, Lagerbest\u00e4nde an L\u00e4nder abzugeben, gegen die ein Embargo verh\u00e4ngt wurde.<\/p>\n<\/div><\/section><br \/>\n<section  class='av_textblock_section av-k7ofc7b4-ed049530bfd6291e3ce15ee6bdda9f40'   itemscope=\"itemscope\" itemtype=\"https:\/\/schema.org\/CreativeWork\" ><div class='avia_textblock'  itemprop=\"text\" ><p><strong>5.4 Neue Zertifizierungs- und Upgrade-Verfahren f\u00fcr allgemeine H\u00e4ndler, Goldmedaillen-H\u00e4ndler und Silbermedaillen-H\u00e4ndler<\/strong><\/p>\n<li>Die Zertifizierung von Goldmedaillen-H\u00e4ndlern, Silbermedaillen-H\u00e4ndlern:<\/li>\n<p>Reichen Sie Informationen zu potenziellen Gold- und Silberdistributoren aus der Region ein und pr\u00fcfen Sie deren Qualifikation. Nach erfolgreicher Pr\u00fcfung wird der H\u00e4ndler zum Gold- und Silberdistributor f\u00fcr die Unterkategorien der zertifizierten Produkte im jeweiligen Gebiet ernannt.<\/p>\n<li>Modernisierung des Gold- und Silbermedaillenverteilers:<\/li>\n<p>Sobald die Umsatzleistung des Silber-Distributors im ersten Halbjahr den Zielvorgaben f\u00fcr Goldmedaillen-Distributoren im Jahr 2020 entspricht, kann er einen Antrag auf H\u00f6herstufung zum Goldmedaillen-Distributor stellen. Dasselbe gilt, wenn die Umsatzleistung des Silber-Distributors im zweiten Halbjahr den Zielvorgaben f\u00fcr Goldmedaillen-Distributoren im Jahr 2020 entspricht.<\/p>\n<li><strong>Allgemeine H\u00e4ndlerzertifizierung:<\/strong><\/li>\n<p>5.4.1 Erreicht die j\u00e4hrliche Vertriebsleistungsquote im Jahr 2020 180% oder mehr, qualifiziert sie sich f\u00fcr die Verteilung von Goldmedaillen und ist berechtigt, sich in der ersten H\u00e4lfte des Jahres 2021 f\u00fcr die Zertifizierung als Generalverteiler zu bewerben.<br \/>\n5.4.2 Goldh\u00e4ndler, deren Umsatzleistung im ersten Halbjahr 2020 den 80%-Anteil des Gesamtauftragsvolumens der H\u00e4ndler im ersten Halbjahr 2020 erreicht hat, k\u00f6nnen einen Antrag auf H\u00f6herstufung zum Generalh\u00e4ndler stellen; Goldh\u00e4ndler, deren Umsatzleistung im zweiten Halbjahr 2020 den 80%-Anteil des Gesamtauftragsvolumens der H\u00e4ndler im zweiten Halbjahr 2020 erreicht hat, k\u00f6nnen ebenfalls einen Antrag auf H\u00f6herstufung zum Generalh\u00e4ndler stellen.<\/p>\n<p>5.4.3 Beantragt der Generalvertriebspartner die K\u00fcndigung oder Herabstufung, tritt diese im n\u00e4chsten Quartal in Kraft (d. h. im n\u00e4chsten Quartal gelten die neuen entsprechenden Vertriebskanalrichtlinien und -anreize).<\/p>\n<\/div><\/section><br \/>\n<section  class='av_textblock_section av-k7ofgfmu-e263ba67575acac9169843d8c9225a2b'   itemscope=\"itemscope\" itemtype=\"https:\/\/schema.org\/CreativeWork\" ><div class='avia_textblock'  itemprop=\"text\" ><p>6. <strong>Genehmigungs- und Ablaufdatum<\/strong><br \/>\nDiese Bestimmungen treten mit dem Datum ihrer Ver\u00f6ffentlichung in Kraft, das endg\u00fcltige Auslegungsrecht liegt bei der Auslandsabteilung von Paudi.<\/p>\n<p>7. <strong>Ansprechpartner<\/strong><br \/>\nSollten Sie Fragen zu dieser Richtlinie haben, wenden Sie sich bitte an die Auslandsabteilung von Paudi.<\/p>\n<\/div><\/section><\/p><\/div><\/p>","protected":false},"excerpt":{"rendered":"","protected":false},"author":1,"featured_media":0,"parent":56311,"menu_order":0,"comment_status":"closed","ping_status":"closed","template":"","meta":{"footnotes":""},"class_list":["post-66466","page","type-page","status-publish","hentry"],"yoast_head":"<!-- This site is optimized with the Yoast SEO Premium plugin v25.6 (Yoast SEO v26.7) - https:\/\/yoast.com\/wordpress\/plugins\/seo\/ -->\n<title>2020 Distribution Business Operation Registration Guide - Paudi Model | High Quality Diecast Model<\/title>\n<meta name=\"robots\" content=\"index, follow, max-snippet:-1, max-image-preview:large, max-video-preview:-1\" \/>\n<link rel=\"canonical\" href=\"https:\/\/www.paudimodel.com\/de\/how-to-buy\/become-our-distributor\/2020-distribution-business-operation-registration-guide\/\" \/>\n<meta property=\"og:locale\" content=\"de_DE\" \/>\n<meta property=\"og:type\" content=\"article\" \/>\n<meta property=\"og:title\" content=\"2020 Distribution Business Operation Registration Guide\" \/>\n<meta property=\"og:url\" content=\"https:\/\/www.paudimodel.com\/de\/how-to-buy\/become-our-distributor\/2020-distribution-business-operation-registration-guide\/\" \/>\n<meta property=\"og:site_name\" content=\"Paudi Model | High Quality Diecast Model\" \/>\n<meta property=\"article:publisher\" content=\"https:\/\/www.facebook\/paudimodel\" \/>\n<meta property=\"article:modified_time\" content=\"2021-10-20T08:29:21+00:00\" \/>\n<meta name=\"twitter:card\" content=\"summary_large_image\" \/>\n<meta name=\"twitter:site\" content=\"@paudimodel\" \/>\n<meta name=\"twitter:label1\" content=\"Gesch\u00e4tzte Lesezeit\" \/>\n\t<meta name=\"twitter:data1\" content=\"9\u00a0Minuten\" \/>\n<script type=\"application\/ld+json\" class=\"yoast-schema-graph\">{\"@context\":\"https:\/\/schema.org\",\"@graph\":[{\"@type\":\"WebPage\",\"@id\":\"https:\/\/www.paudimodel.com\/how-to-buy\/become-our-distributor\/2020-distribution-business-operation-registration-guide\/\",\"url\":\"https:\/\/www.paudimodel.com\/how-to-buy\/become-our-distributor\/2020-distribution-business-operation-registration-guide\/\",\"name\":\"2020 Distribution Business Operation Registration Guide - Paudi Model | High Quality Diecast Model\",\"isPartOf\":{\"@id\":\"https:\/\/www.paudimodel.com\/#website\"},\"datePublished\":\"2020-03-12T07:25:28+00:00\",\"dateModified\":\"2021-10-20T08:29:21+00:00\",\"breadcrumb\":{\"@id\":\"https:\/\/www.paudimodel.com\/how-to-buy\/become-our-distributor\/2020-distribution-business-operation-registration-guide\/#breadcrumb\"},\"inLanguage\":\"de\",\"potentialAction\":[{\"@type\":\"ReadAction\",\"target\":[\"https:\/\/www.paudimodel.com\/how-to-buy\/become-our-distributor\/2020-distribution-business-operation-registration-guide\/\"]}]},{\"@type\":\"BreadcrumbList\",\"@id\":\"https:\/\/www.paudimodel.com\/how-to-buy\/become-our-distributor\/2020-distribution-business-operation-registration-guide\/#breadcrumb\",\"itemListElement\":[{\"@type\":\"ListItem\",\"position\":1,\"name\":\"Home\",\"item\":\"https:\/\/www.paudimodel.com\/\"},{\"@type\":\"ListItem\",\"position\":2,\"name\":\"How to Buy\",\"item\":\"https:\/\/www.paudimodel.com\/how-to-buy\/\"},{\"@type\":\"ListItem\",\"position\":3,\"name\":\"Become Our Distributor\",\"item\":\"https:\/\/www.paudimodel.com\/?page_id=56311\"},{\"@type\":\"ListItem\",\"position\":4,\"name\":\"2020 Distribution Business Operation Registration Guide\"}]},{\"@type\":\"WebSite\",\"@id\":\"https:\/\/www.paudimodel.com\/#website\",\"url\":\"https:\/\/www.paudimodel.com\/\",\"name\":\"Paudi Model | High Quality Diecast Model\",\"description\":\"Shop For Diecast Models From Top-Rated Brands Like Dealer Edition, Paudi, Kyosho, Autoart &amp; More. Low Online Prices. Super-Detailed Models.Find Your Make &amp; Model.Huge Selection. Satisfaction Guaranteed. Types: Diecast Model Cars, Diecast Model Trucks.\",\"publisher\":{\"@id\":\"https:\/\/www.paudimodel.com\/#organization\"},\"alternateName\":\"Scale model design, development and production\",\"potentialAction\":[{\"@type\":\"SearchAction\",\"target\":{\"@type\":\"EntryPoint\",\"urlTemplate\":\"https:\/\/www.paudimodel.com\/?s={search_term_string}\"},\"query-input\":{\"@type\":\"PropertyValueSpecification\",\"valueRequired\":true,\"valueName\":\"search_term_string\"}}],\"inLanguage\":\"de\"},{\"@type\":\"Organization\",\"@id\":\"https:\/\/www.paudimodel.com\/#organization\",\"name\":\"Guangzhou Paudi Model Technology Ltd.\",\"url\":\"https:\/\/www.paudimodel.com\/\",\"logo\":{\"@type\":\"ImageObject\",\"inLanguage\":\"de\",\"@id\":\"https:\/\/www.paudimodel.com\/#\/schema\/logo\/image\/\",\"url\":\"https:\/\/www.paudimodel.com\/wp-content\/uploads\/2023\/02\/696x696.png\",\"contentUrl\":\"https:\/\/www.paudimodel.com\/wp-content\/uploads\/2023\/02\/696x696.png\",\"width\":696,\"height\":696,\"caption\":\"Guangzhou Paudi Model Technology Ltd.\"},\"image\":{\"@id\":\"https:\/\/www.paudimodel.com\/#\/schema\/logo\/image\/\"},\"sameAs\":[\"https:\/\/www.facebook\/paudimodel\",\"https:\/\/x.com\/paudimodel\"]}]}<\/script>\n<!-- \/ Yoast SEO Premium plugin. -->","yoast_head_json":{"title":"2020 Distribution Business Operation Registration Guide - Paudi Model | High Quality Diecast Model","robots":{"index":"index","follow":"follow","max-snippet":"max-snippet:-1","max-image-preview":"max-image-preview:large","max-video-preview":"max-video-preview:-1"},"canonical":"https:\/\/www.paudimodel.com\/de\/how-to-buy\/become-our-distributor\/2020-distribution-business-operation-registration-guide\/","og_locale":"de_DE","og_type":"article","og_title":"2020 Distribution Business Operation Registration Guide","og_url":"https:\/\/www.paudimodel.com\/de\/how-to-buy\/become-our-distributor\/2020-distribution-business-operation-registration-guide\/","og_site_name":"Paudi Model | High Quality Diecast Model","article_publisher":"https:\/\/www.facebook\/paudimodel","article_modified_time":"2021-10-20T08:29:21+00:00","twitter_card":"summary_large_image","twitter_site":"@paudimodel","twitter_misc":{"Gesch\u00e4tzte Lesezeit":"9\u00a0Minuten"},"schema":{"@context":"https:\/\/schema.org","@graph":[{"@type":"WebPage","@id":"https:\/\/www.paudimodel.com\/how-to-buy\/become-our-distributor\/2020-distribution-business-operation-registration-guide\/","url":"https:\/\/www.paudimodel.com\/how-to-buy\/become-our-distributor\/2020-distribution-business-operation-registration-guide\/","name":"2020 Distribution Business Operation Registration Guide - Paudi Model | High Quality Diecast Model","isPartOf":{"@id":"https:\/\/www.paudimodel.com\/#website"},"datePublished":"2020-03-12T07:25:28+00:00","dateModified":"2021-10-20T08:29:21+00:00","breadcrumb":{"@id":"https:\/\/www.paudimodel.com\/how-to-buy\/become-our-distributor\/2020-distribution-business-operation-registration-guide\/#breadcrumb"},"inLanguage":"de","potentialAction":[{"@type":"ReadAction","target":["https:\/\/www.paudimodel.com\/how-to-buy\/become-our-distributor\/2020-distribution-business-operation-registration-guide\/"]}]},{"@type":"BreadcrumbList","@id":"https:\/\/www.paudimodel.com\/how-to-buy\/become-our-distributor\/2020-distribution-business-operation-registration-guide\/#breadcrumb","itemListElement":[{"@type":"ListItem","position":1,"name":"Home","item":"https:\/\/www.paudimodel.com\/"},{"@type":"ListItem","position":2,"name":"How to Buy","item":"https:\/\/www.paudimodel.com\/how-to-buy\/"},{"@type":"ListItem","position":3,"name":"Become Our Distributor","item":"https:\/\/www.paudimodel.com\/?page_id=56311"},{"@type":"ListItem","position":4,"name":"2020 Distribution Business Operation Registration Guide"}]},{"@type":"WebSite","@id":"https:\/\/www.paudimodel.com\/#website","url":"https:\/\/www.paudimodel.com\/","name":"Paudi-Modell | Hochwertiges Druckgussmodell","description":"Kaufen Sie Druckgussmodelle von Top-Marken wie Dealer Edition, Paudi, Kyosho, Autoart und mehr. G\u00fcnstige Online-Preise. Superdetaillierte Modelle. Finden Sie Ihre Marke und Ihr Modell. Riesige Auswahl. Zufriedenheitsgarantie. Typen: Druckguss-Modellautos, Druckguss-Modell-LKWs.","publisher":{"@id":"https:\/\/www.paudimodel.com\/#organization"},"alternateName":"Scale model design, development and production","potentialAction":[{"@type":"SearchAction","target":{"@type":"EntryPoint","urlTemplate":"https:\/\/www.paudimodel.com\/?s={search_term_string}"},"query-input":{"@type":"PropertyValueSpecification","valueRequired":true,"valueName":"search_term_string"}}],"inLanguage":"de"},{"@type":"Organization","@id":"https:\/\/www.paudimodel.com\/#organization","name":"Guangzhou Paudi Model Technology Ltd.","url":"https:\/\/www.paudimodel.com\/","logo":{"@type":"ImageObject","inLanguage":"de","@id":"https:\/\/www.paudimodel.com\/#\/schema\/logo\/image\/","url":"https:\/\/www.paudimodel.com\/wp-content\/uploads\/2023\/02\/696x696.png","contentUrl":"https:\/\/www.paudimodel.com\/wp-content\/uploads\/2023\/02\/696x696.png","width":696,"height":696,"caption":"Guangzhou Paudi Model Technology Ltd."},"image":{"@id":"https:\/\/www.paudimodel.com\/#\/schema\/logo\/image\/"},"sameAs":["https:\/\/www.facebook\/paudimodel","https:\/\/x.com\/paudimodel"]}]}},"_links":{"self":[{"href":"https:\/\/www.paudimodel.com\/de\/wp-json\/wp\/v2\/pages\/66466","targetHints":{"allow":["GET"]}}],"collection":[{"href":"https:\/\/www.paudimodel.com\/de\/wp-json\/wp\/v2\/pages"}],"about":[{"href":"https:\/\/www.paudimodel.com\/de\/wp-json\/wp\/v2\/types\/page"}],"author":[{"embeddable":true,"href":"https:\/\/www.paudimodel.com\/de\/wp-json\/wp\/v2\/users\/1"}],"replies":[{"embeddable":true,"href":"https:\/\/www.paudimodel.com\/de\/wp-json\/wp\/v2\/comments?post=66466"}],"version-history":[{"count":0,"href":"https:\/\/www.paudimodel.com\/de\/wp-json\/wp\/v2\/pages\/66466\/revisions"}],"up":[{"embeddable":true,"href":"https:\/\/www.paudimodel.com\/de\/wp-json\/wp\/v2\/pages\/56311"}],"wp:attachment":[{"href":"https:\/\/www.paudimodel.com\/de\/wp-json\/wp\/v2\/media?parent=66466"}],"curies":[{"name":"wp","href":"https:\/\/api.w.org\/{rel}","templated":true}]}}