{"id":69524,"date":"2021-02-13T18:38:24","date_gmt":"2021-02-13T18:38:24","guid":{"rendered":"https:\/\/www.paudimodel.com\/?page_id=69524"},"modified":"2021-10-22T07:32:10","modified_gmt":"2021-10-22T07:32:10","slug":"paudi-marks-usage-agreement","status":"publish","type":"page","link":"https:\/\/www.paudimodel.com\/de\/paudi-marks-usage-agreement\/","title":{"rendered":"Paudi Marks Nutzungsvereinbarung"},"content":{"rendered":"<p>Diese Nutzungsvereinbarung f\u00fcr Paudi-Marken (\u201cVereinbarung\u201d) regelt die rechtlichen Bedingungen f\u00fcr Ihre Nutzung des Namens Paudi, des Logos und anderer eingetragener oder nicht eingetragener Marken und Dienstleistungsmarken von Paudi und seinen verbundenen Unternehmen (\u201cPaudi-Marken\u201d), um Ihre Kunden dar\u00fcber zu informieren, dass Paudi (\u201cwir\u201d, \u201cuns\u201d, \u201cunser\u201d) Dienstleistungen f\u00fcr Ihr Unternehmen erbringt. Eine Liste der zur Nutzung verf\u00fcgbaren Paudi-Marken finden Sie auf unserer Seite \u201cLogos und Ressourcen\u201d. Diese Vereinbarung erg\u00e4nzt Ihre Vereinbarung mit Paudi \u00fcber die Nutzung der von Paudi angebotenen Dienstleistungen (\u201cDienstleistungsvereinbarung\u201d) und unterliegt dieser. Ihre Paudi-Vereinbarung ist die Paudi-Dienstleistungsvereinbarung, sofern Sie und wir keine abweichende Vereinbarung treffen. Begriffe, die in dieser Vereinbarung verwendet, aber nicht definiert werden, wie z. B. \u201cPaudi\u201d und \u201eDienstleistungen\u201c, haben die in der Dienstleistungsvereinbarung festgelegte Bedeutung.<\/p>\n\n\n\n<p><strong>Sie d\u00fcrfen keine Paudi-Marken verwenden, ohne sich mit allen Bedingungen dieser Vereinbarung einverstanden erkl\u00e4rt zu haben, es sei denn, Sie tun dies in \u00dcbereinstimmung mit dieser Vereinbarung.<\/strong><\/p>\n\n\n\n<h2 class=\"wp-block-heading\" id=\"permission-to-use-stripe-marks\">1. Genehmigung zur Verwendung der Paudi-Marken<\/h2>\n\n\n\n<p>Die Marken von Paudi sind wichtige Verm\u00f6genswerte des Unternehmens und durch chinesisches und internationales Recht gesch\u00fctzt. Sie erhalten eine nicht-exklusive und nicht \u00fcbertragbare Lizenz zur Nutzung der Paudi-Marken gem\u00e4\u00df dieser Vereinbarung auf Websites oder Anwendungen, die die Dienste (wie in der Dienstleistungsvereinbarung definiert) nutzen. Ihre Nutzung unterliegt jedoch den Bestimmungen dieser Vereinbarung. Wir k\u00f6nnen Ihre Lizenz jederzeit und nach unserem Ermessen beenden, entweder (i) durch unsere uneingeschr\u00e4nkte Befugnis zur \u00dcberwachung und zum Widerruf Ihrer Lizenz oder (ii) bei Nichtnutzung oder K\u00fcndigung der Dienste. Nach Beendigung der Lizenz verpflichten Sie sich, alle Paudi-Marken innerhalb einer angemessenen Frist von Websites, Anwendungen und anderen Materialien zu entfernen.<\/p>\n\n\n\n<h2 class=\"wp-block-heading\" id=\"proper-use-of-stripe-marks\">2. Korrekte Verwendung der Paudi-Marken<\/h2>\n\n\n\n<p><strong>Richtige Anwendung:<\/strong>&nbsp;Sie d\u00fcrfen die Paudi-Marken nur auf dem Teil Ihrer Website oder Anwendung verwenden, der in direktem Zusammenhang mit den Dienstleistungen steht, beispielsweise auf einer Checkout-Seite, die unsere Zahlungsabwicklungsdienste nutzt. Alle Paudi-Marken m\u00fcssen direkt auf unsere Homepage unter [URL einf\u00fcgen] verlinken.&nbsp;<a href=\"http:\/\/www.paudimodel.com\">www.paudimodel.com<\/a>. Wenn lediglich der Name oder das Logo von Paudi verwendet wird, anstatt der Logos \u201cPowered by Paudi\u201d oder \u201cConnect with Paudi\u201d, bitten wir Sie um eine korrekte Markenkennzeichnung, die uns als Inhaber der Paudi-Marken ausweist, beispielsweise:<\/p>\n\n\n\n<p><em>Der Name Paudi und die zugeh\u00f6rigen Logos sind Marken oder Dienstleistungsmarken der Paudi, Inc. oder ihrer verbundenen Unternehmen in China und anderen L\u00e4ndern. Andere Namen k\u00f6nnen Marken ihrer jeweiligen Inhaber sein.<\/em><\/p>\n\n\n\n<p><strong>Markenrichtlinien:<\/strong>&nbsp;Wir stellen Ihnen gegebenenfalls auch Stil- und Nutzungsrichtlinien zur Verf\u00fcgung, die beispielsweise Gr\u00f6\u00dfe, Farbe oder die Platzierung der Paudi-Marken beschreiben. Sie d\u00fcrfen die Paudi-Marken nur gem\u00e4\u00df diesen Richtlinien verwenden, es sei denn, wir vereinbaren ausdr\u00fccklich schriftlich etwas anderes mit Ihnen. Sie sind verpflichtet, Ihre Verwendung der Paudi-Marken innerhalb einer angemessenen Frist nach unserer Benachrichtigung \u00fcber \u00c4nderungen der Richtlinien entsprechend anzupassen.<\/p>\n\n\n\n<p><strong>Quellenangabe:<\/strong>&nbsp;Das TM- oder SM-Symbol sollte gut sichtbar in Verbindung mit jeder verwendeten Paudi-Marke angezeigt werden, sofern wir nicht ausdr\u00fccklich die Verwendung des \u00ae-Symbols vorschreiben. Alle verwendeten Paudi-Marken sollten direkt auf die Paudi-Homepage unter folgender Adresse verlinken:&nbsp;<a href=\"http:\/\/www.paudimodel.com\">www.paudimodel.com<\/a>.<\/p>\n\n\n\n<p><strong>Nutzer des Paudi Atlas-Dienstes:<\/strong>&nbsp;Wenn Sie den Paudi Atlas Service (gem\u00e4\u00df Definition im Paudi Atlas Servicevertrag) nutzen, d\u00fcrfen Sie das Paudi Atlas-Logo (von Paudi bereitgestellt) gut sichtbar auf der Startseite Ihrer Website platzieren. Das Logo muss direkt auf die Paudi Atlas-Landingpage unter Paudimodel.com\/atlas verlinken. Jede andere Verwendung des Logos bedarf unserer vorherigen schriftlichen Zustimmung und muss den Bestimmungen dieses Vertrags entsprechen. Ihre Nutzung des Paudi Atlas Service unterliegt dem Paudi Atlas Servicevertrag.<\/p>\n\n\n\n<p><strong>Paudi-verifizierte Partner:<\/strong>&nbsp;Wenn Sie ein Paudi-Verifizierter Partner (gem\u00e4\u00df Definition im Paudi-Partnerprogrammvertrag) mit g\u00fcltigem Status sind, d\u00fcrfen Sie das Paudi-Verifizierte-Partner-Siegel (das Ihnen von Paudi zur Verf\u00fcgung gestellt wird) prominent auf der Startseite Ihrer Website platzieren. Jede andere Verwendung des Paudi-Verifizierte-Partner-Siegels bedarf unserer vorherigen schriftlichen Zustimmung und muss im \u00dcbrigen den Bestimmungen dieses Vertrags entsprechen. Ihr Status als Paudi-Verifizierter Partner ist im Paudi-Partnerprogrammvertrag geregelt.<\/p>\n\n\n\n<h2 class=\"wp-block-heading\" id=\"impermissible-uses-of-stripe-marks\">3. Unzul\u00e4ssige Verwendungen von Paudi-Marken<\/h2>\n\n\n\n<p>Sie d\u00fcrfen die Paudi-Marken nur wie in dieser Vereinbarung, den Richtlinien oder anderweitig schriftlich mit Paudi vereinbart anzeigen, kopieren, ver\u00e4ndern, \u00fcbertragen oder anderweitig nutzen. Es ist Ihnen untersagt, die Paudi-Marken zu verwenden, um Paudi oder die Dienstleistungen in einem abwertenden oder herabsetzenden Licht darzustellen oder in einer Weise, die unserer Marke oder unseren Interessen an den Paudi-Marken schaden k\u00f6nnte.<\/p>\n\n\n\n<p>Sie d\u00fcrfen die Paudi-Marken nicht verwenden, um den Eindruck zu erwecken, Paudi w\u00fcrde Ihre Produkte oder Dienstleistungen bef\u00fcrworten, oder um bei Kunden Verwirrung zu stiften. Sie d\u00fcrfen Ihre Beziehung zu Paudi nicht falsch darstellen oder die Paudi-Marken in irref\u00fchrender Weise verwenden. Die Verwendung der Paudi-Marken in Verbindung mit Waren oder Dienstleistungen, die nicht mit den Paudi-Dienstleistungen in Zusammenhang stehen, ist untersagt. Zus\u00e4tzlich zu allen anderen Rechten, die uns zur Durchsetzung dieser Vereinbarung zustehen, sind Sie verpflichtet, jeder Aufforderung unsererseits zur Einstellung der Nutzung der Paudi-Marken, die unserer Ansicht nach gegen diesen Absatz verst\u00f6\u00dft, unverz\u00fcglich nachzukommen.<\/p>\n\n\n\n<p>Neben dem Schutz der Paudi-Marken ist es uns wichtig, dass Sie eine eigenst\u00e4ndige Marke f\u00fchren. Selbst wenn die Verwendung der Paudi-Marken zul\u00e4ssig ist, empfehlen wir Ihnen, Ihre eigenen Marken prominent zu verwenden, sodass Ihre Marke oder jede andere Beschreibung Ihrer Waren\/Dienstleistungen klar von der Marke von Paudi unterscheidbar ist. Zum Beispiel: \u201cFoo Analytics\u201c&nbsp;<em>f\u00fcr Paudi<\/em>\u201doder \u201cBar Analytics\u201c&nbsp;<em>powered by Paudi<\/em>\u201dPaudi Analytics\u201c, \u201dPaudi for Platforms\u201c oder \u201dPaudilytics\u201c sind zul\u00e4ssig und unterstreichen Ihre Marke. Sie d\u00fcrfen die Paudi-Marken oder \u00e4hnliche Namen oder Warenzeichen nicht f\u00fcr Ihr Produkt, Ihre Dienstleistung, Ihr Unternehmen oder Ihre Domain verwenden. Beispielsweise sind Namen wie \u201dPaudi Business Services\u201c, \u201dPaudi for Platforms\u201c oder Domains wie \u201dgetPaudi.com\u201c nicht erlaubt.\u201d<\/p>\n\n\n\n<h2 class=\"wp-block-heading\" id=\"no-warranties\">4. Keine Gew\u00e4hrleistungen<\/h2>\n\n\n\n<p>Im Rahmen dieser Vereinbarung geben wir keinerlei Zusicherungen hinsichtlich Ihrer Nutzung der Paudi-Marken ab. Wir schlie\u00dfen jegliche ausdr\u00fcckliche und stillschweigende Gew\u00e4hrleistung aus, einschlie\u00dflich jeglicher Gew\u00e4hrleistung der Nichtverletzung von Rechten Dritter.<\/p>\n\n\n\n<h2 class=\"wp-block-heading\" id=\"your-liability-for-third-party-claims\">5. Ihre Haftung f\u00fcr Anspr\u00fcche Dritter<\/h2>\n\n\n\n<p>Sie stellen Paudi, ihre verbundenen Unternehmen und deren jeweilige Mitarbeiter und Beauftragte (jeweils eine \u201cPaudi-Gesellschaft\u201d) von allen Anspr\u00fcchen, Klagen, Forderungen, Verlusten, Haftungen, Sch\u00e4den, Verfahren oder sonstigen rechtlichen Schritten (jeweils ein \u201cAnspruch\u201d) frei, die von Dritten gegen eine Paudi-Gesellschaft aufgrund Ihrer unerlaubten Nutzung von Paudi-Marken gem\u00e4\u00df Abschnitt 3 erhoben werden, einschlie\u00dflich Anspr\u00fcchen Dritter wegen Marken- oder Urheberrechtsverletzung, Verw\u00e4sserung, unlauterem Wettbewerb, Produktpiraterie oder unlauterem Wettbewerb. Sie haften au\u00dferdem f\u00fcr alle Paudi-Gesellschaften im Zusammenhang mit solchen Anspr\u00fcchen und erstatten ihnen diese Kosten vollst\u00e4ndig.<\/p>\n\n\n\n<p>Sie werden mit den Paudi-Unternehmen uneingeschr\u00e4nkt zusammenarbeiten, indem Sie ihnen gegebenenfalls angemessene Unterst\u00fctzung, Befugnisse, Informationen und Ressourcen zur Verf\u00fcgung stellen, um die Abwehr der im vorangehenden Absatz beschriebenen Anspr\u00fcche zu unterst\u00fctzen. Sie erkennen das Recht von Paudi an, jegliche Verteidigungs- oder Reaktionsma\u00dfnahmen gegen solche Anspr\u00fcche zu steuern, und erkl\u00e4ren sich bereit, mit jedem Paudi-Unternehmen zusammenzuarbeiten, das dieses Recht geltend machen m\u00f6chte.<\/p>\n\n\n\n<h2 class=\"wp-block-heading\" id=\"contacting-us\">6. Kontaktaufnahme<\/h2>\n\n\n\n<p>Sollten Sie Fragen zu dieser Vereinbarung haben, z\u00f6gern Sie bitte nicht, uns unter trademarks(at)Paudi.com zu kontaktieren.<\/p>\n\n\n\n<h2 class=\"wp-block-heading\" id=\"other-legal-provisions\">7. Sonstige Rechtsvorschriften<\/h2>\n\n\n\n<p>Sofern zwischen Ihnen und uns nichts anderes schriftlich vereinbart wurde, stellt diese Vereinbarung die gesamte Vereinbarung zwischen Ihnen und uns hinsichtlich Ihrer Nutzung der Paudi-Marken dar. Wir k\u00f6nnen diese Vereinbarung jederzeit nach vorheriger Benachrichtigung k\u00fcndigen. Sie d\u00fcrfen diese Vereinbarung nicht an Dritte \u00fcbertragen. Diese Vereinbarung unterliegt den Gesetzen und Streitbeilegungsvorschriften des Dienstleistungsvertrags, der durch Bezugnahme Bestandteil dieser Vereinbarung wird. Sollte eine Bestimmung oder ein Teil dieser Vereinbarung f\u00fcr ung\u00fcltig oder nicht durchsetzbar erkl\u00e4rt werden, wird sie so angepasst und ausgelegt, dass die mit ihr verfolgten Ziele bestm\u00f6glich erreicht werden. Alle \u00fcbrigen Bestimmungen bleiben davon unber\u00fchrt und behalten ihre volle G\u00fcltigkeit.<\/p>","protected":false},"excerpt":{"rendered":"<p>Diese Nutzungsvereinbarung f\u00fcr die Paudi-Marken (\u201cVereinbarung\u201d) regelt die rechtlichen Bedingungen f\u00fcr Ihre Nutzung des Namens Paudi, des Logos und anderer eingetragener oder nicht eingetragener Marken und Dienstleistungsmarken von Paudi und seinen verbundenen Unternehmen (\u201cPaudi-Marken\u201d), um Ihre Kunden dar\u00fcber zu informieren, dass Paudi (\u201cwir\u201d, \u201cuns\u201d, \u201cunser\u201d) Dienstleistungen f\u00fcr Ihr Unternehmen erbringt. Eine Liste [\u2026]<\/p>","protected":false},"author":1,"featured_media":0,"parent":0,"menu_order":0,"comment_status":"closed","ping_status":"closed","template":"","meta":{"footnotes":""},"class_list":["post-69524","page","type-page","status-publish","hentry"],"yoast_head":"<!-- This site is optimized with the Yoast SEO Premium plugin v25.6 (Yoast SEO v26.7) - https:\/\/yoast.com\/wordpress\/plugins\/seo\/ -->\n<title>Paudi Marks Usage Agreement - Paudi Model | High Quality Diecast Model<\/title>\n<meta name=\"description\" content=\"This Paudi Marks Usage Agreement (\u201cAgreement\u201d) sets out the legal terms governing your ability to use the Paudi name, logo, and other registered or unregistered Paudi trademarks and service marks owned by Paudi and its affiliates (\u201cPaudi Marks\u201d) to let your customers know that Paudi (\u201cwe\u201d, \u201cus\u201d, \u201cour\u201d) provides services for your business.\" \/>\n<meta name=\"robots\" content=\"index, follow, max-snippet:-1, max-image-preview:large, max-video-preview:-1\" \/>\n<link rel=\"canonical\" href=\"https:\/\/www.paudimodel.com\/de\/paudi-marks-usage-agreement\/\" \/>\n<meta property=\"og:locale\" content=\"de_DE\" \/>\n<meta property=\"og:type\" content=\"article\" \/>\n<meta property=\"og:title\" content=\"Paudi Marks Usage Agreement\" \/>\n<meta property=\"og:description\" content=\"This Paudi Marks Usage Agreement (\u201cAgreement\u201d) sets out the legal terms governing your ability to use the Paudi name, logo, and other registered or unregistered Paudi trademarks and service marks owned by Paudi and its affiliates (\u201cPaudi Marks\u201d) to let your customers know that Paudi (\u201cwe\u201d, \u201cus\u201d, \u201cour\u201d) provides services for your business.\" \/>\n<meta property=\"og:url\" content=\"https:\/\/www.paudimodel.com\/de\/paudi-marks-usage-agreement\/\" \/>\n<meta property=\"og:site_name\" content=\"Paudi Model | High Quality Diecast Model\" \/>\n<meta property=\"article:publisher\" content=\"https:\/\/www.facebook\/paudimodel\" \/>\n<meta property=\"article:modified_time\" content=\"2021-10-22T07:32:10+00:00\" \/>\n<meta name=\"twitter:card\" content=\"summary_large_image\" \/>\n<meta name=\"twitter:site\" content=\"@paudimodel\" \/>\n<meta name=\"twitter:label1\" content=\"Gesch\u00e4tzte Lesezeit\" \/>\n\t<meta name=\"twitter:data1\" content=\"6\u00a0Minuten\" \/>\n<script type=\"application\/ld+json\" class=\"yoast-schema-graph\">{\"@context\":\"https:\/\/schema.org\",\"@graph\":[{\"@type\":\"WebPage\",\"@id\":\"https:\/\/www.paudimodel.com\/paudi-marks-usage-agreement\/\",\"url\":\"https:\/\/www.paudimodel.com\/paudi-marks-usage-agreement\/\",\"name\":\"Paudi Marks Usage Agreement - Paudi Model | High Quality Diecast Model\",\"isPartOf\":{\"@id\":\"https:\/\/www.paudimodel.com\/#website\"},\"datePublished\":\"2021-02-13T18:38:24+00:00\",\"dateModified\":\"2021-10-22T07:32:10+00:00\",\"description\":\"This Paudi Marks Usage Agreement (\u201cAgreement\u201d) sets out the legal terms governing your ability to use the Paudi name, logo, and other registered or unregistered Paudi trademarks and service marks owned by Paudi and its affiliates (\u201cPaudi Marks\u201d) to let your customers know that Paudi (\u201cwe\u201d, \u201cus\u201d, \u201cour\u201d) provides services for your business.\",\"breadcrumb\":{\"@id\":\"https:\/\/www.paudimodel.com\/paudi-marks-usage-agreement\/#breadcrumb\"},\"inLanguage\":\"de\",\"potentialAction\":[{\"@type\":\"ReadAction\",\"target\":[\"https:\/\/www.paudimodel.com\/paudi-marks-usage-agreement\/\"]}]},{\"@type\":\"BreadcrumbList\",\"@id\":\"https:\/\/www.paudimodel.com\/paudi-marks-usage-agreement\/#breadcrumb\",\"itemListElement\":[{\"@type\":\"ListItem\",\"position\":1,\"name\":\"Home\",\"item\":\"https:\/\/www.paudimodel.com\/\"},{\"@type\":\"ListItem\",\"position\":2,\"name\":\"Paudi Marks Usage Agreement\"}]},{\"@type\":\"WebSite\",\"@id\":\"https:\/\/www.paudimodel.com\/#website\",\"url\":\"https:\/\/www.paudimodel.com\/\",\"name\":\"Paudi Model | High Quality Diecast Model\",\"description\":\"Shop For Diecast Models From Top-Rated Brands Like Dealer Edition, Paudi, Kyosho, Autoart &amp; More. Low Online Prices. Super-Detailed Models.Find Your Make &amp; Model.Huge Selection. Satisfaction Guaranteed. Types: Diecast Model Cars, Diecast Model Trucks.\",\"publisher\":{\"@id\":\"https:\/\/www.paudimodel.com\/#organization\"},\"alternateName\":\"Scale model design, development and production\",\"potentialAction\":[{\"@type\":\"SearchAction\",\"target\":{\"@type\":\"EntryPoint\",\"urlTemplate\":\"https:\/\/www.paudimodel.com\/?s={search_term_string}\"},\"query-input\":{\"@type\":\"PropertyValueSpecification\",\"valueRequired\":true,\"valueName\":\"search_term_string\"}}],\"inLanguage\":\"de\"},{\"@type\":\"Organization\",\"@id\":\"https:\/\/www.paudimodel.com\/#organization\",\"name\":\"Guangzhou Paudi Model Technology Ltd.\",\"url\":\"https:\/\/www.paudimodel.com\/\",\"logo\":{\"@type\":\"ImageObject\",\"inLanguage\":\"de\",\"@id\":\"https:\/\/www.paudimodel.com\/#\/schema\/logo\/image\/\",\"url\":\"https:\/\/www.paudimodel.com\/wp-content\/uploads\/2023\/02\/696x696.png\",\"contentUrl\":\"https:\/\/www.paudimodel.com\/wp-content\/uploads\/2023\/02\/696x696.png\",\"width\":696,\"height\":696,\"caption\":\"Guangzhou Paudi Model Technology Ltd.\"},\"image\":{\"@id\":\"https:\/\/www.paudimodel.com\/#\/schema\/logo\/image\/\"},\"sameAs\":[\"https:\/\/www.facebook\/paudimodel\",\"https:\/\/x.com\/paudimodel\"]}]}<\/script>\n<!-- \/ Yoast SEO Premium plugin. -->","yoast_head_json":{"title":"Nutzungsvereinbarung f\u00fcr Paudi-Marken \u2013 Paudi-Modell | Hochwertiges Druckgussmodell","description":"Diese Nutzungsvereinbarung f\u00fcr Paudi-Marken (\u201cVereinbarung\u201d) legt die rechtlichen Bedingungen fest, die Ihre M\u00f6glichkeit regeln, den Namen Paudi, das Logo und andere eingetragene oder nicht eingetragene Marken und Dienstleistungsmarken von Paudi und seinen verbundenen Unternehmen (\u201cPaudi-Marken\u201d) zu verwenden, um Ihre Kunden dar\u00fcber zu informieren, dass Paudi (\u201cwir\u201d, \u201cuns\u201d, \u201cunser\u201d) Dienstleistungen f\u00fcr Ihr Unternehmen erbringt.","robots":{"index":"index","follow":"follow","max-snippet":"max-snippet:-1","max-image-preview":"max-image-preview:large","max-video-preview":"max-video-preview:-1"},"canonical":"https:\/\/www.paudimodel.com\/de\/paudi-marks-usage-agreement\/","og_locale":"de_DE","og_type":"article","og_title":"Paudi Marks Usage Agreement","og_description":"This Paudi Marks Usage Agreement (\u201cAgreement\u201d) sets out the legal terms governing your ability to use the Paudi name, logo, and other registered or unregistered Paudi trademarks and service marks owned by Paudi and its affiliates (\u201cPaudi Marks\u201d) to let your customers know that Paudi (\u201cwe\u201d, \u201cus\u201d, \u201cour\u201d) provides services for your business.","og_url":"https:\/\/www.paudimodel.com\/de\/paudi-marks-usage-agreement\/","og_site_name":"Paudi Model | High Quality Diecast Model","article_publisher":"https:\/\/www.facebook\/paudimodel","article_modified_time":"2021-10-22T07:32:10+00:00","twitter_card":"summary_large_image","twitter_site":"@paudimodel","twitter_misc":{"Gesch\u00e4tzte Lesezeit":"6\u00a0Minuten"},"schema":{"@context":"https:\/\/schema.org","@graph":[{"@type":"WebPage","@id":"https:\/\/www.paudimodel.com\/paudi-marks-usage-agreement\/","url":"https:\/\/www.paudimodel.com\/paudi-marks-usage-agreement\/","name":"Nutzungsvereinbarung f\u00fcr Paudi-Marken \u2013 Paudi-Modell | Hochwertiges Druckgussmodell","isPartOf":{"@id":"https:\/\/www.paudimodel.com\/#website"},"datePublished":"2021-02-13T18:38:24+00:00","dateModified":"2021-10-22T07:32:10+00:00","description":"Diese Nutzungsvereinbarung f\u00fcr Paudi-Marken (\u201cVereinbarung\u201d) legt die rechtlichen Bedingungen fest, die Ihre M\u00f6glichkeit regeln, den Namen Paudi, das Logo und andere eingetragene oder nicht eingetragene Marken und Dienstleistungsmarken von Paudi und seinen verbundenen Unternehmen (\u201cPaudi-Marken\u201d) zu verwenden, um Ihre Kunden dar\u00fcber zu informieren, dass Paudi (\u201cwir\u201d, \u201cuns\u201d, \u201cunser\u201d) Dienstleistungen f\u00fcr Ihr Unternehmen erbringt.","breadcrumb":{"@id":"https:\/\/www.paudimodel.com\/paudi-marks-usage-agreement\/#breadcrumb"},"inLanguage":"de","potentialAction":[{"@type":"ReadAction","target":["https:\/\/www.paudimodel.com\/paudi-marks-usage-agreement\/"]}]},{"@type":"BreadcrumbList","@id":"https:\/\/www.paudimodel.com\/paudi-marks-usage-agreement\/#breadcrumb","itemListElement":[{"@type":"ListItem","position":1,"name":"Home","item":"https:\/\/www.paudimodel.com\/"},{"@type":"ListItem","position":2,"name":"Paudi Marks Usage Agreement"}]},{"@type":"WebSite","@id":"https:\/\/www.paudimodel.com\/#website","url":"https:\/\/www.paudimodel.com\/","name":"Paudi-Modell | Hochwertiges Druckgussmodell","description":"Kaufen Sie Druckgussmodelle von Top-Marken wie Dealer Edition, Paudi, Kyosho, Autoart und mehr. G\u00fcnstige Online-Preise. Superdetaillierte Modelle. Finden Sie Ihre Marke und Ihr Modell. Riesige Auswahl. Zufriedenheitsgarantie. Typen: Druckguss-Modellautos, Druckguss-Modell-LKWs.","publisher":{"@id":"https:\/\/www.paudimodel.com\/#organization"},"alternateName":"Scale model design, development and production","potentialAction":[{"@type":"SearchAction","target":{"@type":"EntryPoint","urlTemplate":"https:\/\/www.paudimodel.com\/?s={search_term_string}"},"query-input":{"@type":"PropertyValueSpecification","valueRequired":true,"valueName":"search_term_string"}}],"inLanguage":"de"},{"@type":"Organization","@id":"https:\/\/www.paudimodel.com\/#organization","name":"Guangzhou Paudi Model Technology Ltd.","url":"https:\/\/www.paudimodel.com\/","logo":{"@type":"ImageObject","inLanguage":"de","@id":"https:\/\/www.paudimodel.com\/#\/schema\/logo\/image\/","url":"https:\/\/www.paudimodel.com\/wp-content\/uploads\/2023\/02\/696x696.png","contentUrl":"https:\/\/www.paudimodel.com\/wp-content\/uploads\/2023\/02\/696x696.png","width":696,"height":696,"caption":"Guangzhou Paudi Model Technology Ltd."},"image":{"@id":"https:\/\/www.paudimodel.com\/#\/schema\/logo\/image\/"},"sameAs":["https:\/\/www.facebook\/paudimodel","https:\/\/x.com\/paudimodel"]}]}},"_links":{"self":[{"href":"https:\/\/www.paudimodel.com\/de\/wp-json\/wp\/v2\/pages\/69524","targetHints":{"allow":["GET"]}}],"collection":[{"href":"https:\/\/www.paudimodel.com\/de\/wp-json\/wp\/v2\/pages"}],"about":[{"href":"https:\/\/www.paudimodel.com\/de\/wp-json\/wp\/v2\/types\/page"}],"author":[{"embeddable":true,"href":"https:\/\/www.paudimodel.com\/de\/wp-json\/wp\/v2\/users\/1"}],"replies":[{"embeddable":true,"href":"https:\/\/www.paudimodel.com\/de\/wp-json\/wp\/v2\/comments?post=69524"}],"version-history":[{"count":0,"href":"https:\/\/www.paudimodel.com\/de\/wp-json\/wp\/v2\/pages\/69524\/revisions"}],"wp:attachment":[{"href":"https:\/\/www.paudimodel.com\/de\/wp-json\/wp\/v2\/media?parent=69524"}],"curies":[{"name":"wp","href":"https:\/\/api.w.org\/{rel}","templated":true}]}}