{"id":71536,"date":"2021-07-07T12:46:29","date_gmt":"2021-07-07T12:46:29","guid":{"rendered":"https:\/\/www.paudimodel.com\/?page_id=71536"},"modified":"2021-07-07T12:46:29","modified_gmt":"2021-07-07T12:46:29","slug":"returns-and-refunds","status":"publish","type":"page","link":"https:\/\/www.paudimodel.com\/de\/returns-and-refunds\/","title":{"rendered":"R\u00fcckgabe und Erstattung"},"content":{"rendered":"<p><strong>1. R\u00fcckgabe- und Erstattungsberechtigung<\/strong><\/p>\n\n\n\n<figure class=\"wp-block-table\"><table><tbody><tr><td><strong>R\u00fcckgabegr\u00fcnde<\/strong><\/td><td>Defekte Artikel oder Artikel mit Qualit\u00e4tsm\u00e4ngeln<\/td><td>Artikel, die beim Versand besch\u00e4digt wurden, Artikel mit fehlenden Teilen oder die nicht der Beschreibung auf der Website entsprechen.<\/td><td>Andere z. B. pers\u00f6nliche Gr\u00fcnde<\/td><\/tr><tr><td><strong>Beschreibung<\/strong><\/td><td>Die Artikel m\u00fcssen von einem daf\u00fcr vorgesehenen oder autorisierten Kundendienstzentrum gepr\u00fcft werden, das einen Pr\u00fcfbericht ausstellt, oder von einem Kundendienstteam des jeweiligen Paudi-Modells.<\/td><td>Sch\u00e4den umfassen Undichtigkeiten, Risse und Funktionsverlust. Sch\u00e4den m\u00fcssen innerhalb von 72 Stunden nach Erhalt gemeldet werden. Fehlende Teile bezeichnen das Fehlen von Originalteilen und -komponenten des Artikels.<\/td><td>Eine R\u00fcckerstattung aus anderen Gr\u00fcnden ist nur dann m\u00f6glich, wenn der Artikel unversehrt mit s\u00e4mtlichem Zubeh\u00f6r und der Originalverpackung in wiederverkaufsf\u00e4higem Zustand zur\u00fcckgegeben wird.<\/td><\/tr><tr><td><strong>7-t\u00e4giges R\u00fcckgaberecht (aufgrund von Qualit\u00e4tsm\u00e4ngeln)<\/strong><\/td><td>Berechtigt<\/td><td>Nicht berechtigt<\/td><td>Nicht berechtigt<\/td><\/tr><tr><td><strong>15-t\u00e4giges R\u00fcckgaberecht (aufgrund von Qualit\u00e4tsm\u00e4ngeln)<\/strong><\/td><td>Ja<\/td><td>Nicht berechtigt<\/td><td>Nicht berechtigt<\/td><\/tr><tr><td><strong>Versandkosten tr\u00e4gt der Kunde?<\/strong><\/td><td>NEIN<\/td><td>NEIN<\/td><td>Ja<\/td><\/tr><tr><td><strong>Anmerkungen<\/strong><\/td><td>Zur Untermauerung Ihres Anspruchs m\u00fcssen Sie m\u00f6glicherweise einen Inspektionsbericht oder ein deutliches Foto bzw. Video des Artikels vorlegen. Paudi Model bietet im Namen des Herstellers eine befristete Garantie f\u00fcr ausgew\u00e4hlte Artikel an.<\/td><td>M\u00f6glicherweise m\u00fcssen Sie ein deutliches Foto oder Video des Artikels zur Untermauerung Ihrer Reklamation einreichen. Das Paudi-Modell kann sich au\u00dferdem mit dem Lieferpersonal in Verbindung setzen, um weitere Informationen zu erhalten.<\/td><td>Die Kosten f\u00fcr R\u00fcckversand und Steuern tr\u00e4gt der Kunde.<\/td><\/tr><\/tbody><\/table><\/figure>\n\n\n\n<p><strong>\u2013<\/strong><\/p>\n\n\n\n<p><strong>2.&nbsp;<\/strong><strong>Datum des Eingangs und R\u00fcckgabefrist<\/strong><\/p>\n\n\n\n<p>Das Datum des Wareneingangs, das zur Berechnung der R\u00fcckgabefrist herangezogen wird, ist&nbsp;<strong>einen Tag sp\u00e4ter<\/strong>&nbsp;Das Lieferdatum wird auf der Plattform unseres Logistikpartners angezeigt. Sollten Sie die R\u00fcckgabefrist aufgrund einer versp\u00e4teten Lieferung oder fehlerhafter Informationen auf der Plattform verpassen, kontaktieren Sie bitte unseren Kundenservice.<\/p>\n\n\n\n<p><strong>3. Artikel, die nicht zur\u00fcckgegeben werden k\u00f6nnen<\/strong><\/p>\n\n\n\n<p>(1) Kundenspezifische oder personalisierte Artikel<\/p>\n\n\n\n<p>(2) Artikel, die aufgrund ihrer Beschaffenheit nicht zur R\u00fcckgabe geeignet sind, wie Sie zum Zeitpunkt des Kaufs best\u00e4tigt haben:<\/p>\n\n\n\n<p>a) Gegenst\u00e4nde, die als Gefahrgut eingestuft sind oder nach dem \u00d6ffnen leicht verderben.<\/p>\n\n\n\n<p>b) Gegenst\u00e4nde, deren Wert sich nach Gebrauch verringert.<\/p>\n\n\n\n<p>c) Artikel, die wissentlich kurz vor Ablauf des Verfallsdatums oder aufgrund von M\u00e4ngeln gekauft wurden.<\/p>\n\n\n\n<p>d) Artikel mit dem Hinweis \u201cBedingungslose R\u00fcckgabe ausgeschlossen\u201d, wie auf der Produktbeschreibungsseite angegeben.<\/p>\n\n\n\n<p>(3) Artikel, die nicht unversehrt zur\u00fcckgegeben werden k\u00f6nnen, d. h. nicht im Originalzustand mit s\u00e4mtlichem Zubeh\u00f6r und allen dazugeh\u00f6rigen Markenzeichen.<\/p>\n\n\n\n<p>(4) Artikel, die nicht vom Paudi-Modell gekauft wurden<\/p>\n\n\n\n<p>(5) Artikel, die aufgrund nicht autorisierter Reparaturen, Missbrauchs, Fahrl\u00e4ssigkeit, Wassersch\u00e4den, Modifikationen oder unsachgem\u00e4\u00dfer Installation Qualit\u00e4tsm\u00e4ngel aufweisen, oder Artikel, deren Etikett, Ger\u00e4teseriennummer oder Sicherheitsetikett besch\u00e4digt oder ver\u00e4ndert wurde<\/p>\n\n\n\n<p>(6) Artikel, deren Angaben nicht mit den Angaben auf dem Garantiezertifikat \u00fcbereinstimmen.<\/p>\n\n\n\n<p>(7) Artikel, bei denen das Sicherheitssiegel abgekratzt wurde<\/p>\n\n\n\n<p><strong>4. Sonstige R\u00fcckgabebestimmungen<\/strong><\/p>\n\n\n\n<p>&nbsp;&nbsp;&nbsp;&nbsp;Die Artikel m\u00fcssen zusammen mit allen beigef\u00fcgten Gratisgeschenken zur\u00fcckgesendet werden, um eine vollst\u00e4ndige R\u00fcckerstattung zu erhalten.<\/p>\n\n\n\n<p>&nbsp;&nbsp;&nbsp;&nbsp;Bitte pr\u00fcfen Sie Ihre Bestellung bei Erhalt sorgf\u00e4ltig. Sollte die Verpackung oder der Artikel besch\u00e4digt sein und Sie die Annahme verweigern m\u00f6chten, informieren Sie bitte umgehend das Lieferpersonal. Falls Sie nach Erhalt der Ware M\u00e4ngel feststellen, reichen Sie bitte innerhalb von [Zeitraum einf\u00fcgen] einen Antrag auf R\u00fcckerstattung ein.&nbsp;<strong>72<\/strong>&nbsp;Die Best\u00e4tigung kann einige Stunden dauern. M\u00f6glicherweise m\u00fcssen Sie zur Verifizierung ein Foto oder Video Ihres Kaufs vorlegen. Versp\u00e4tete Reklamationen werden nicht akzeptiert.<\/p>\n\n\n\n<p>&nbsp;&nbsp;&nbsp;&nbsp;Sichern Sie alle Daten, bevor Sie Datenspeicherprodukte zur Reparatur an Paudi Model zur\u00fccksenden. Paudi Model bietet keine Datenspeicher- und Exportdienste an und haftet nicht f\u00fcr Datenverlust oder -besch\u00e4digung.<\/p>\n\n\n\n<p>&nbsp;&nbsp;&nbsp;&nbsp;Paudi Model beh\u00e4lt sich das Recht vor, eine R\u00fcckerstattung auch ohne R\u00fccksendung des Artikels zu leisten.<\/p>\n\n\n\n<p>&nbsp;&nbsp;&nbsp;&nbsp;Artikel k\u00f6nnen nur zur\u00fcckgegeben, nicht aber umgetauscht oder ersetzt werden.<\/p>\n\n\n\n<p>&nbsp;&nbsp;&nbsp;&nbsp;Das Modell Paudi stellt eine R\u00fccksendeadresse zur Verf\u00fcgung, Sie stellen Ihr eigenes Versandetikett bereit und bezahlen es.<\/p>\n\n\n\n<p>&nbsp;&nbsp;&nbsp;&nbsp;Zur Begr\u00fcndung von Streitigkeiten bez\u00fcglich der Qualit\u00e4t Ihres Kaufs ist ein Qualit\u00e4tspr\u00fcfbericht oder eine andere von einer Beh\u00f6rde ausgestellte Dokumentation erforderlich.<\/p>\n\n\n\n<p>&nbsp;&nbsp;&nbsp;&nbsp;Zur\u00fcckgesendete Artikel m\u00fcssen unbenutzt, unbesch\u00e4digt und wiederverkaufsf\u00e4hig sein und zusammen mit s\u00e4mtlichem Zubeh\u00f6r zur\u00fcckgesendet werden.<\/p>\n\n\n\n<p>&nbsp;&nbsp;&nbsp;&nbsp;Das Modell Paudi \u00fcbernimmt die Verantwortung f\u00fcr zur\u00fcckgesendete Artikel ab deren Ankunft im jeweiligen Lager.&nbsp;<\/p>","protected":false},"excerpt":{"rendered":"<p>1.\u00a0\u00a0Returns and Refunds Eligibility Reasons for return Defective items or items with quality issues Items damaged during shipping, items with missing parts or not as &nbsp; described on the website Others e.g. personal reasons Description Items must be inspected by a designated or authorized after-sales &nbsp; service center, who will issue an inspection report, or [&hellip;]<\/p>","protected":false},"author":1,"featured_media":0,"parent":0,"menu_order":0,"comment_status":"closed","ping_status":"closed","template":"","meta":{"footnotes":""},"class_list":["post-71536","page","type-page","status-publish","hentry"],"yoast_head":"<!-- This site is optimized with the Yoast SEO Premium plugin v25.6 (Yoast SEO v26.7) - https:\/\/yoast.com\/wordpress\/plugins\/seo\/ -->\n<title>Returns and Refunds - Paudi Model | High Quality Diecast Model<\/title>\n<meta name=\"robots\" content=\"index, follow, max-snippet:-1, max-image-preview:large, max-video-preview:-1\" \/>\n<link rel=\"canonical\" href=\"https:\/\/www.paudimodel.com\/de\/returns-and-refunds\/\" \/>\n<meta property=\"og:locale\" content=\"de_DE\" \/>\n<meta property=\"og:type\" content=\"article\" \/>\n<meta property=\"og:title\" content=\"Returns and Refunds\" \/>\n<meta property=\"og:url\" content=\"https:\/\/www.paudimodel.com\/de\/returns-and-refunds\/\" \/>\n<meta property=\"og:site_name\" content=\"Paudi Model | High Quality Diecast Model\" \/>\n<meta property=\"article:publisher\" content=\"https:\/\/www.facebook\/paudimodel\" \/>\n<meta name=\"twitter:card\" content=\"summary_large_image\" \/>\n<meta name=\"twitter:site\" content=\"@paudimodel\" \/>\n<meta name=\"twitter:label1\" content=\"Gesch\u00e4tzte Lesezeit\" \/>\n\t<meta name=\"twitter:data1\" content=\"4\u00a0Minuten\" \/>\n<script type=\"application\/ld+json\" class=\"yoast-schema-graph\">{\"@context\":\"https:\/\/schema.org\",\"@graph\":[{\"@type\":\"WebPage\",\"@id\":\"https:\/\/www.paudimodel.com\/returns-and-refunds\/\",\"url\":\"https:\/\/www.paudimodel.com\/returns-and-refunds\/\",\"name\":\"Returns and Refunds - Paudi Model | High Quality Diecast Model\",\"isPartOf\":{\"@id\":\"https:\/\/www.paudimodel.com\/#website\"},\"datePublished\":\"2021-07-07T12:46:29+00:00\",\"breadcrumb\":{\"@id\":\"https:\/\/www.paudimodel.com\/returns-and-refunds\/#breadcrumb\"},\"inLanguage\":\"de\",\"potentialAction\":[{\"@type\":\"ReadAction\",\"target\":[\"https:\/\/www.paudimodel.com\/returns-and-refunds\/\"]}]},{\"@type\":\"BreadcrumbList\",\"@id\":\"https:\/\/www.paudimodel.com\/returns-and-refunds\/#breadcrumb\",\"itemListElement\":[{\"@type\":\"ListItem\",\"position\":1,\"name\":\"Home\",\"item\":\"https:\/\/www.paudimodel.com\/\"},{\"@type\":\"ListItem\",\"position\":2,\"name\":\"Returns and Refunds\"}]},{\"@type\":\"WebSite\",\"@id\":\"https:\/\/www.paudimodel.com\/#website\",\"url\":\"https:\/\/www.paudimodel.com\/\",\"name\":\"Paudi Model | High Quality Diecast Model\",\"description\":\"Shop For Diecast Models From Top-Rated Brands Like Dealer Edition, Paudi, Kyosho, Autoart &amp; More. Low Online Prices. Super-Detailed Models.Find Your Make &amp; Model.Huge Selection. Satisfaction Guaranteed. Types: Diecast Model Cars, Diecast Model Trucks.\",\"publisher\":{\"@id\":\"https:\/\/www.paudimodel.com\/#organization\"},\"alternateName\":\"Scale model design, development and production\",\"potentialAction\":[{\"@type\":\"SearchAction\",\"target\":{\"@type\":\"EntryPoint\",\"urlTemplate\":\"https:\/\/www.paudimodel.com\/?s={search_term_string}\"},\"query-input\":{\"@type\":\"PropertyValueSpecification\",\"valueRequired\":true,\"valueName\":\"search_term_string\"}}],\"inLanguage\":\"de\"},{\"@type\":\"Organization\",\"@id\":\"https:\/\/www.paudimodel.com\/#organization\",\"name\":\"Guangzhou Paudi Model Technology Ltd.\",\"url\":\"https:\/\/www.paudimodel.com\/\",\"logo\":{\"@type\":\"ImageObject\",\"inLanguage\":\"de\",\"@id\":\"https:\/\/www.paudimodel.com\/#\/schema\/logo\/image\/\",\"url\":\"https:\/\/www.paudimodel.com\/wp-content\/uploads\/2023\/02\/696x696.png\",\"contentUrl\":\"https:\/\/www.paudimodel.com\/wp-content\/uploads\/2023\/02\/696x696.png\",\"width\":696,\"height\":696,\"caption\":\"Guangzhou Paudi Model Technology Ltd.\"},\"image\":{\"@id\":\"https:\/\/www.paudimodel.com\/#\/schema\/logo\/image\/\"},\"sameAs\":[\"https:\/\/www.facebook\/paudimodel\",\"https:\/\/x.com\/paudimodel\"]}]}<\/script>\n<!-- \/ Yoast SEO Premium plugin. -->","yoast_head_json":{"title":"Returns and Refunds - Paudi Model | High Quality Diecast Model","robots":{"index":"index","follow":"follow","max-snippet":"max-snippet:-1","max-image-preview":"max-image-preview:large","max-video-preview":"max-video-preview:-1"},"canonical":"https:\/\/www.paudimodel.com\/de\/returns-and-refunds\/","og_locale":"de_DE","og_type":"article","og_title":"Returns and Refunds","og_url":"https:\/\/www.paudimodel.com\/de\/returns-and-refunds\/","og_site_name":"Paudi Model | High Quality Diecast Model","article_publisher":"https:\/\/www.facebook\/paudimodel","twitter_card":"summary_large_image","twitter_site":"@paudimodel","twitter_misc":{"Gesch\u00e4tzte Lesezeit":"4\u00a0Minuten"},"schema":{"@context":"https:\/\/schema.org","@graph":[{"@type":"WebPage","@id":"https:\/\/www.paudimodel.com\/returns-and-refunds\/","url":"https:\/\/www.paudimodel.com\/returns-and-refunds\/","name":"Returns and Refunds - Paudi Model | High Quality Diecast Model","isPartOf":{"@id":"https:\/\/www.paudimodel.com\/#website"},"datePublished":"2021-07-07T12:46:29+00:00","breadcrumb":{"@id":"https:\/\/www.paudimodel.com\/returns-and-refunds\/#breadcrumb"},"inLanguage":"de","potentialAction":[{"@type":"ReadAction","target":["https:\/\/www.paudimodel.com\/returns-and-refunds\/"]}]},{"@type":"BreadcrumbList","@id":"https:\/\/www.paudimodel.com\/returns-and-refunds\/#breadcrumb","itemListElement":[{"@type":"ListItem","position":1,"name":"Home","item":"https:\/\/www.paudimodel.com\/"},{"@type":"ListItem","position":2,"name":"Returns and Refunds"}]},{"@type":"WebSite","@id":"https:\/\/www.paudimodel.com\/#website","url":"https:\/\/www.paudimodel.com\/","name":"Paudi-Modell | Hochwertiges Druckgussmodell","description":"Kaufen Sie Druckgussmodelle von Top-Marken wie Dealer Edition, Paudi, Kyosho, Autoart und mehr. G\u00fcnstige Online-Preise. Superdetaillierte Modelle. Finden Sie Ihre Marke und Ihr Modell. Riesige Auswahl. Zufriedenheitsgarantie. Typen: Druckguss-Modellautos, Druckguss-Modell-LKWs.","publisher":{"@id":"https:\/\/www.paudimodel.com\/#organization"},"alternateName":"Scale model design, development and production","potentialAction":[{"@type":"SearchAction","target":{"@type":"EntryPoint","urlTemplate":"https:\/\/www.paudimodel.com\/?s={search_term_string}"},"query-input":{"@type":"PropertyValueSpecification","valueRequired":true,"valueName":"search_term_string"}}],"inLanguage":"de"},{"@type":"Organization","@id":"https:\/\/www.paudimodel.com\/#organization","name":"Guangzhou Paudi Model Technology Ltd.","url":"https:\/\/www.paudimodel.com\/","logo":{"@type":"ImageObject","inLanguage":"de","@id":"https:\/\/www.paudimodel.com\/#\/schema\/logo\/image\/","url":"https:\/\/www.paudimodel.com\/wp-content\/uploads\/2023\/02\/696x696.png","contentUrl":"https:\/\/www.paudimodel.com\/wp-content\/uploads\/2023\/02\/696x696.png","width":696,"height":696,"caption":"Guangzhou Paudi Model Technology Ltd."},"image":{"@id":"https:\/\/www.paudimodel.com\/#\/schema\/logo\/image\/"},"sameAs":["https:\/\/www.facebook\/paudimodel","https:\/\/x.com\/paudimodel"]}]}},"_links":{"self":[{"href":"https:\/\/www.paudimodel.com\/de\/wp-json\/wp\/v2\/pages\/71536","targetHints":{"allow":["GET"]}}],"collection":[{"href":"https:\/\/www.paudimodel.com\/de\/wp-json\/wp\/v2\/pages"}],"about":[{"href":"https:\/\/www.paudimodel.com\/de\/wp-json\/wp\/v2\/types\/page"}],"author":[{"embeddable":true,"href":"https:\/\/www.paudimodel.com\/de\/wp-json\/wp\/v2\/users\/1"}],"replies":[{"embeddable":true,"href":"https:\/\/www.paudimodel.com\/de\/wp-json\/wp\/v2\/comments?post=71536"}],"version-history":[{"count":0,"href":"https:\/\/www.paudimodel.com\/de\/wp-json\/wp\/v2\/pages\/71536\/revisions"}],"wp:attachment":[{"href":"https:\/\/www.paudimodel.com\/de\/wp-json\/wp\/v2\/media?parent=71536"}],"curies":[{"name":"wp","href":"https:\/\/api.w.org\/{rel}","templated":true}]}}