{"id":71541,"date":"2021-07-07T12:49:11","date_gmt":"2021-07-07T12:49:11","guid":{"rendered":"https:\/\/www.paudimodel.com\/?page_id=71541"},"modified":"2021-12-25T03:40:32","modified_gmt":"2021-12-25T03:40:32","slug":"return-process","status":"publish","type":"page","link":"https:\/\/www.paudimodel.com\/de\/help-center-2\/return-process\/","title":{"rendered":"R\u00fcckgabeprozess"},"content":{"rendered":"<p><strong>Der erhaltene Artikel entspricht nicht der Beschreibung.<\/strong><\/p>\n\n\n\n<p>Bitte f\u00fcllen Sie das Serviceformular innerhalb von 7 Tagen nach Erhalt des Pakets aus und f\u00fcgen Sie deutliche Fotos des Artikels, der Au\u00dfenverpackung (von allen Seiten) und des Versandetiketts bei. Falls Sie ein Unboxing-Video aufgenommen haben, geben Sie bitte den Link dazu an. Dies beschleunigt die Bearbeitung Ihres Anliegens.&nbsp;<\/p>\n\n\n\n<h3 class=\"wp-block-heading\" id=\"h-how-do-i-make-a-refund-request\">Wie kann ich eine R\u00fcckerstattung beantragen?<\/h3>\n\n\n\n<p>Wenn Sie einen Artikel zur\u00fccksenden m\u00f6chten, stellen Sie bitte einen R\u00fccksendeantrag unter&nbsp;<strong>Mein Konto &gt; Meine Bestellungen<\/strong>. Wir werden das R\u00fcckerstattungsproblem innerhalb von 2 Werktagen l\u00f6sen.<\/p>\n\n\n\n<h3 class=\"wp-block-heading\" id=\"h-i-applied-for-a-refund-but-still-received-the-item\">Ich habe eine R\u00fcckerstattung beantragt, aber den Artikel trotzdem erhalten.<\/h3>\n\n\n\n<p>Bitte kontaktieren Sie unser Kundenservicecenter unter info@paudimodel.com.<\/p>\n\n\n\n<h3 class=\"wp-block-heading\" id=\"h-how-long-do-i-have-to-request-a-refund\">Wie lange habe ich Zeit, eine R\u00fcckerstattung zu beantragen?<\/h3>\n\n\n\n<p>Die meisten Artikel, die auf paudimodel.com verkauft werden, unterliegen unseren allgemeinen R\u00fcckgabebedingungen. Wenn Sie einen Artikel zur\u00fccksenden, k\u00f6nnen die H\u00f6he Ihrer R\u00fcckerstattung und die Art der R\u00fcckerstattung je nach Zustand des Artikels, der Dauer seines Besitzes und der Art des Kaufs variieren.<\/p>\n\n\n\n<h3 class=\"wp-block-heading\" id=\"h-after-applying-for-a-refund-how-long-will-it-take-to-get-a-response\">Wie lange dauert es, bis ich nach Beantragung einer R\u00fcckerstattung eine Antwort erhalte?<\/h3>\n\n\n\n<p>Sobald eine R\u00fcckerstattung bearbeitet wurde, wird Ihnen das Geld in der Regel innerhalb von 3\u20135 Tagen auf Ihr PayPal- oder Bankkonto zur\u00fcckerstattet. Sollten Sie nach 5 Tagen noch keine R\u00fcckerstattung erhalten haben, kontaktieren Sie uns bitte, damit wir der Sache nachgehen k\u00f6nnen.<\/p>\n\n\n\n<h3 class=\"wp-block-heading\" id=\"h-when-will-i-receive-my-refund\">Wann erhalte ich meine R\u00fcckerstattung?<\/h3>\n\n\n\n<p>Die R\u00fcckerstattungsfrist betr\u00e4gt 3-5 Werktage f\u00fcr Debitkarten und 10-30 Werktage f\u00fcr Kreditkarten.<\/p>\n\n\n\n<h3 class=\"wp-block-heading\" id=\"h-i-didn-t-receive-a-refund-to-my-bank-account\">Ich habe keine R\u00fcckerstattung auf mein Bankkonto erhalten.<\/h3>\n\n\n\n<p>Bitte senden Sie die entsprechende Bestellnummer an unsere Service-E-Mail-Adresse, wir k\u00fcmmern uns darum.<\/p>\n\n\n\n<h3 class=\"wp-block-heading\" id=\"h-why-didn-t-i-receive-a-full-refund\">Warum habe ich keine vollst\u00e4ndige R\u00fcckerstattung erhalten?<\/h3>\n\n\n\n<p>Wir erstatten den Betrag in US-Dollar. Abweichungen zwischen Erstattungs- und Zahlungsbetrag ergeben sich aus Wechselkursschwankungen. Bitte orientieren Sie sich am US-Dollar-Betrag.<\/p>","protected":false},"excerpt":{"rendered":"<p>The item I received doesn&#8217;t match the description. l&nbsp;Please submit the service form within 7 days of receiving the package and attach clear pictures of the item, the outer packaging (all sides), and the shipping label. If you record an unboxing video, you must provide a link to it. This will help facilitate processing your [&hellip;]<\/p>","protected":false},"author":1,"featured_media":0,"parent":71572,"menu_order":0,"comment_status":"closed","ping_status":"closed","template":"","meta":{"footnotes":""},"class_list":["post-71541","page","type-page","status-publish","hentry"],"yoast_head":"<!-- This site is optimized with the Yoast SEO Premium plugin v25.6 (Yoast SEO v26.7) - https:\/\/yoast.com\/wordpress\/plugins\/seo\/ -->\n<title>Return process - Paudi Model | High Quality Diecast Model<\/title>\n<meta name=\"description\" content=\"Most items sold on paudimodel.com follow our general Return\u2019s Policy. When you return an item, your refund and how your refund is issued may differ based on the condition of the item, how long you\u2019ve had it, and how the item was purchased\" \/>\n<meta name=\"robots\" content=\"index, follow, max-snippet:-1, max-image-preview:large, max-video-preview:-1\" \/>\n<link rel=\"canonical\" href=\"https:\/\/www.paudimodel.com\/de\/help-center-2\/return-process\/\" \/>\n<meta property=\"og:locale\" content=\"de_DE\" \/>\n<meta property=\"og:type\" content=\"article\" \/>\n<meta property=\"og:title\" content=\"Return process\" \/>\n<meta property=\"og:description\" content=\"Most items sold on paudimodel.com follow our general Return\u2019s Policy. When you return an item, your refund and how your refund is issued may differ based on the condition of the item, how long you\u2019ve had it, and how the item was purchased\" \/>\n<meta property=\"og:url\" content=\"https:\/\/www.paudimodel.com\/de\/help-center-2\/return-process\/\" \/>\n<meta property=\"og:site_name\" content=\"Paudi Model | High Quality Diecast Model\" \/>\n<meta property=\"article:publisher\" content=\"https:\/\/www.facebook\/paudimodel\" \/>\n<meta property=\"article:modified_time\" content=\"2021-12-25T03:40:32+00:00\" \/>\n<meta name=\"twitter:card\" content=\"summary_large_image\" \/>\n<meta name=\"twitter:site\" content=\"@paudimodel\" \/>\n<meta name=\"twitter:label1\" content=\"Gesch\u00e4tzte Lesezeit\" \/>\n\t<meta name=\"twitter:data1\" content=\"2\u00a0Minuten\" \/>\n<script type=\"application\/ld+json\" class=\"yoast-schema-graph\">{\"@context\":\"https:\/\/schema.org\",\"@graph\":[{\"@type\":\"WebPage\",\"@id\":\"https:\/\/www.paudimodel.com\/help-center-2\/return-process\/\",\"url\":\"https:\/\/www.paudimodel.com\/help-center-2\/return-process\/\",\"name\":\"Return process - Paudi Model | High Quality Diecast Model\",\"isPartOf\":{\"@id\":\"https:\/\/www.paudimodel.com\/#website\"},\"datePublished\":\"2021-07-07T12:49:11+00:00\",\"dateModified\":\"2021-12-25T03:40:32+00:00\",\"description\":\"Most items sold on paudimodel.com follow our general Return\u2019s Policy. When you return an item, your refund and how your refund is issued may differ based on the condition of the item, how long you\u2019ve had it, and how the item was purchased\",\"breadcrumb\":{\"@id\":\"https:\/\/www.paudimodel.com\/help-center-2\/return-process\/#breadcrumb\"},\"inLanguage\":\"de\",\"potentialAction\":[{\"@type\":\"ReadAction\",\"target\":[\"https:\/\/www.paudimodel.com\/help-center-2\/return-process\/\"]}]},{\"@type\":\"BreadcrumbList\",\"@id\":\"https:\/\/www.paudimodel.com\/help-center-2\/return-process\/#breadcrumb\",\"itemListElement\":[{\"@type\":\"ListItem\",\"position\":1,\"name\":\"Home\",\"item\":\"https:\/\/www.paudimodel.com\/\"},{\"@type\":\"ListItem\",\"position\":2,\"name\":\"Help Center\",\"item\":\"https:\/\/www.paudimodel.com\/help-center-2\/\"},{\"@type\":\"ListItem\",\"position\":3,\"name\":\"Return process\"}]},{\"@type\":\"WebSite\",\"@id\":\"https:\/\/www.paudimodel.com\/#website\",\"url\":\"https:\/\/www.paudimodel.com\/\",\"name\":\"Paudi Model | High Quality Diecast Model\",\"description\":\"Shop For Diecast Models From Top-Rated Brands Like Dealer Edition, Paudi, Kyosho, Autoart &amp; More. Low Online Prices. Super-Detailed Models.Find Your Make &amp; Model.Huge Selection. Satisfaction Guaranteed. Types: Diecast Model Cars, Diecast Model Trucks.\",\"publisher\":{\"@id\":\"https:\/\/www.paudimodel.com\/#organization\"},\"alternateName\":\"Scale model design, development and production\",\"potentialAction\":[{\"@type\":\"SearchAction\",\"target\":{\"@type\":\"EntryPoint\",\"urlTemplate\":\"https:\/\/www.paudimodel.com\/?s={search_term_string}\"},\"query-input\":{\"@type\":\"PropertyValueSpecification\",\"valueRequired\":true,\"valueName\":\"search_term_string\"}}],\"inLanguage\":\"de\"},{\"@type\":\"Organization\",\"@id\":\"https:\/\/www.paudimodel.com\/#organization\",\"name\":\"Guangzhou Paudi Model Technology Ltd.\",\"url\":\"https:\/\/www.paudimodel.com\/\",\"logo\":{\"@type\":\"ImageObject\",\"inLanguage\":\"de\",\"@id\":\"https:\/\/www.paudimodel.com\/#\/schema\/logo\/image\/\",\"url\":\"https:\/\/www.paudimodel.com\/wp-content\/uploads\/2023\/02\/696x696.png\",\"contentUrl\":\"https:\/\/www.paudimodel.com\/wp-content\/uploads\/2023\/02\/696x696.png\",\"width\":696,\"height\":696,\"caption\":\"Guangzhou Paudi Model Technology Ltd.\"},\"image\":{\"@id\":\"https:\/\/www.paudimodel.com\/#\/schema\/logo\/image\/\"},\"sameAs\":[\"https:\/\/www.facebook\/paudimodel\",\"https:\/\/x.com\/paudimodel\"]}]}<\/script>\n<!-- \/ Yoast SEO Premium plugin. -->","yoast_head_json":{"title":"Return process - Paudi Model | High Quality Diecast Model","description":"Most items sold on paudimodel.com follow our general Return\u2019s Policy. When you return an item, your refund and how your refund is issued may differ based on the condition of the item, how long you\u2019ve had it, and how the item was purchased","robots":{"index":"index","follow":"follow","max-snippet":"max-snippet:-1","max-image-preview":"max-image-preview:large","max-video-preview":"max-video-preview:-1"},"canonical":"https:\/\/www.paudimodel.com\/de\/help-center-2\/return-process\/","og_locale":"de_DE","og_type":"article","og_title":"Return process","og_description":"Most items sold on paudimodel.com follow our general Return\u2019s Policy. When you return an item, your refund and how your refund is issued may differ based on the condition of the item, how long you\u2019ve had it, and how the item was purchased","og_url":"https:\/\/www.paudimodel.com\/de\/help-center-2\/return-process\/","og_site_name":"Paudi Model | High Quality Diecast Model","article_publisher":"https:\/\/www.facebook\/paudimodel","article_modified_time":"2021-12-25T03:40:32+00:00","twitter_card":"summary_large_image","twitter_site":"@paudimodel","twitter_misc":{"Gesch\u00e4tzte Lesezeit":"2\u00a0Minuten"},"schema":{"@context":"https:\/\/schema.org","@graph":[{"@type":"WebPage","@id":"https:\/\/www.paudimodel.com\/help-center-2\/return-process\/","url":"https:\/\/www.paudimodel.com\/help-center-2\/return-process\/","name":"Return process - Paudi Model | High Quality Diecast Model","isPartOf":{"@id":"https:\/\/www.paudimodel.com\/#website"},"datePublished":"2021-07-07T12:49:11+00:00","dateModified":"2021-12-25T03:40:32+00:00","description":"Most items sold on paudimodel.com follow our general Return\u2019s Policy. When you return an item, your refund and how your refund is issued may differ based on the condition of the item, how long you\u2019ve had it, and how the item was purchased","breadcrumb":{"@id":"https:\/\/www.paudimodel.com\/help-center-2\/return-process\/#breadcrumb"},"inLanguage":"de","potentialAction":[{"@type":"ReadAction","target":["https:\/\/www.paudimodel.com\/help-center-2\/return-process\/"]}]},{"@type":"BreadcrumbList","@id":"https:\/\/www.paudimodel.com\/help-center-2\/return-process\/#breadcrumb","itemListElement":[{"@type":"ListItem","position":1,"name":"Home","item":"https:\/\/www.paudimodel.com\/"},{"@type":"ListItem","position":2,"name":"Help Center","item":"https:\/\/www.paudimodel.com\/help-center-2\/"},{"@type":"ListItem","position":3,"name":"Return process"}]},{"@type":"WebSite","@id":"https:\/\/www.paudimodel.com\/#website","url":"https:\/\/www.paudimodel.com\/","name":"Paudi-Modell | Hochwertiges Druckgussmodell","description":"Kaufen Sie Druckgussmodelle von Top-Marken wie Dealer Edition, Paudi, Kyosho, Autoart und mehr. G\u00fcnstige Online-Preise. Superdetaillierte Modelle. Finden Sie Ihre Marke und Ihr Modell. Riesige Auswahl. Zufriedenheitsgarantie. Typen: Druckguss-Modellautos, Druckguss-Modell-LKWs.","publisher":{"@id":"https:\/\/www.paudimodel.com\/#organization"},"alternateName":"Scale model design, development and production","potentialAction":[{"@type":"SearchAction","target":{"@type":"EntryPoint","urlTemplate":"https:\/\/www.paudimodel.com\/?s={search_term_string}"},"query-input":{"@type":"PropertyValueSpecification","valueRequired":true,"valueName":"search_term_string"}}],"inLanguage":"de"},{"@type":"Organization","@id":"https:\/\/www.paudimodel.com\/#organization","name":"Guangzhou Paudi Model Technology Ltd.","url":"https:\/\/www.paudimodel.com\/","logo":{"@type":"ImageObject","inLanguage":"de","@id":"https:\/\/www.paudimodel.com\/#\/schema\/logo\/image\/","url":"https:\/\/www.paudimodel.com\/wp-content\/uploads\/2023\/02\/696x696.png","contentUrl":"https:\/\/www.paudimodel.com\/wp-content\/uploads\/2023\/02\/696x696.png","width":696,"height":696,"caption":"Guangzhou Paudi Model Technology Ltd."},"image":{"@id":"https:\/\/www.paudimodel.com\/#\/schema\/logo\/image\/"},"sameAs":["https:\/\/www.facebook\/paudimodel","https:\/\/x.com\/paudimodel"]}]}},"_links":{"self":[{"href":"https:\/\/www.paudimodel.com\/de\/wp-json\/wp\/v2\/pages\/71541","targetHints":{"allow":["GET"]}}],"collection":[{"href":"https:\/\/www.paudimodel.com\/de\/wp-json\/wp\/v2\/pages"}],"about":[{"href":"https:\/\/www.paudimodel.com\/de\/wp-json\/wp\/v2\/types\/page"}],"author":[{"embeddable":true,"href":"https:\/\/www.paudimodel.com\/de\/wp-json\/wp\/v2\/users\/1"}],"replies":[{"embeddable":true,"href":"https:\/\/www.paudimodel.com\/de\/wp-json\/wp\/v2\/comments?post=71541"}],"version-history":[{"count":0,"href":"https:\/\/www.paudimodel.com\/de\/wp-json\/wp\/v2\/pages\/71541\/revisions"}],"up":[{"embeddable":true,"href":"https:\/\/www.paudimodel.com\/de\/wp-json\/wp\/v2\/pages\/71572"}],"wp:attachment":[{"href":"https:\/\/www.paudimodel.com\/de\/wp-json\/wp\/v2\/media?parent=71541"}],"curies":[{"name":"wp","href":"https:\/\/api.w.org\/{rel}","templated":true}]}}