{"id":71545,"date":"2021-07-07T12:54:08","date_gmt":"2021-07-07T12:54:08","guid":{"rendered":"https:\/\/www.paudimodel.com\/?page_id=71545"},"modified":"2021-10-20T08:23:52","modified_gmt":"2021-10-20T08:23:52","slug":"website-terms-of-use-user-notice","status":"publish","type":"page","link":"https:\/\/www.paudimodel.com\/de\/help-center-2\/website-terms-of-use-user-notice\/","title":{"rendered":"Nutzungsbedingungen der Website (Benutzerhinweis)"},"content":{"rendered":"<p>Nutzungsbedingungen der Website (Benutzerhinweis)<\/p>\n\n\n\n<p><strong>1. Bedingungen f\u00fcr die Gutscheinnutzung bei Paudi Modell<\/strong><\/p>\n\n\n\n<p>Diese Klausel gilt f\u00fcr alle Gutscheine und ist von allen Nutzern von Paudi Modell.com einzuhalten. Sollten auf der Aktionsseite von Paudimodel.com andere Bedingungen angezeigt werden, haben diese Vorrang.<\/p>\n\n\n\n<p>l Plattform-Coupons k\u00f6nnen f\u00fcr legitime Transaktionen auf paudimodel.com verwendet werden, mit den folgenden Ausnahmen:&nbsp;<\/p>\n\n\n\n<p>a) den Kauf bestimmter spezieller Werbeartikel, beispielsweise Artikel aus dem Super-Deals-Kanal;&nbsp;<\/p>\n\n\n\n<p>b) der Kauf von Werbeartikeln mit Cashback-Angebot;<\/p>\n\n\n\n<p>c) In bestimmten Regionen ist die Verwendung von Coupons nicht gestattet.<\/p>\n\n\n\n<p>l Gutscheine m\u00fcssen innerhalb ihrer G\u00fcltigkeitsdauer eingel\u00f6st werden.<\/p>\n\n\n\n<p>l Coupons sind nicht stapelbar. Sie k\u00f6nnen pro Einkauf nur einen Coupon einl\u00f6sen.<\/p>\n\n\n\n<p>l Wenn der Gutschein einen Mindestkaufpreis angibt, muss der Preis Ihres Einkaufs gleich oder h\u00f6her als der angegebene Mindestkaufpreis sein, damit der Gutschein verwendet werden kann.<\/p>\n\n\n\n<p>l Wenn Sie einen Kauf stornieren, basiert der erstattete Betrag auf dem von Ihnen gezahlten Betrag. Wenn beispielsweise der Bestellwert 10 Dollar betr\u00e4gt und der Rabatt durch den Coupon 2 Dollar betr\u00e4gt, wird Ihnen je nach Situation ein Betrag von $8 oder weniger erstattet.<\/p>\n\n\n\n<p>l Paudi Modell.com beh\u00e4lt sich das Recht vor, K\u00e4ufe zu stornieren, die gegen die oben genannten Regeln versto\u00dfen. Paudi Modell.com beh\u00e4lt sich das Recht vor, Werbeangebote jederzeit zu stornieren.<\/p>\n\n\n\n<p>l Plattform-Coupons sind kein gesetzliches Zahlungsmittel und k\u00f6nnen nicht in Umlauf gebracht oder umgetauscht werden.<\/p>\n\n\n\n<p>l Paudi Modell.com hat das Recht auf endg\u00fcltige Auslegung.<\/p>\n\n\n\n<p><strong>2. Unbezahlte Eink\u00e4ufe<\/strong><\/p>\n\n\n\n<p>Nach der Bestellung ist eine Zahlung erforderlich, andernfalls wird die Transaktion storniert. Sofern der Artikel noch in ausreichendem Umfang verf\u00fcgbar ist, k\u00f6nnen Sie ihn erneut kaufen.<\/p>\n\n\n\n<p><strong>3. Missbrauch der Plattform-Nutzungsbedingungen<\/strong><\/p>\n\n\n\n<p>Sollte es ein Problem mit Ihrem Kauf geben, k\u00f6nnen Sie uns gerne kontaktieren. Bitte missbrauchen Sie die K\u00e4uferschutzvereinbarung nicht, zum Beispiel:<\/p>\n\n\n\n<p>l Streitf\u00e4lle auch nach Erhalt einer R\u00fcckerstattung offen halten;<\/p>\n\n\n\n<p>l Er\u00f6ffnung eines Falls als Vergeltungsma\u00dfnahme gegen einen Verk\u00e4ufer;<\/p>\n\n\n\n<p>l Falsche oder unangemessene Behauptungen gegen\u00fcber einem Verk\u00e4ufer aufzustellen;<\/p>\n\n\n\n<p>l Beanstandung, dass nach Erhalt des Artikels kein Beleg vorliegt;<\/p>\n\n\n\n<p>l Behauptung, dass ein Artikel von seiner Beschreibung abweicht, obwohl der Zustand des Artikels mit der Beschreibung in der Auflistung \u00fcbereinstimmt;<\/p>\n\n\n\n<p>l Drohen Sie Verk\u00e4ufern mit Streitf\u00e4llen, um zus\u00e4tzliche Geschenke und Dienstleistungen zu erhalten, wenn die erhaltenen Artikel der Beschreibung entsprechen.<\/p>\n\n\n\n<p>Was ist sinnvoll:<\/p>\n\n\n\n<p>l Wenn der Verk\u00e4ufer Ihr Problem nicht l\u00f6st, k\u00f6nnen Sie einen Streitfall er\u00f6ffnen.;<\/p>\n\n\n\n<p>l Wenn Sie einen Artikel erhalten haben, der nicht der Beschreibung entspricht, k\u00f6nnen Sie einen Streitfall er\u00f6ffnen.;<\/p>\n\n\n\n<p>l Wenn Sie den Artikel nicht erhalten haben und den Verk\u00e4ufer nach 60 Tagen nicht erreichen k\u00f6nnen, k\u00f6nnen Sie sich an unser Kundendienstzentrum wenden oder eine R\u00fcckerstattung beantragen.<\/p>\n\n\n\n<p>l Stellen Sie sicher, dass Sie die Richtlinien von Paudi Modell einhalten. Andernfalls hat Paudi Modell das Recht, Ihre Einkaufsberechtigung zu widerrufen oder sogar Ihr Konto und die zugeh\u00f6rige Kontonummer zu schlie\u00dfen.;<\/p>\n\n\n\n<p><strong>4. Kommunikationspolitik<\/strong><\/p>\n\n\n\n<p>Wir ermutigen unsere Benutzer, auf der Plattform offen zu kommunizieren, dulden jedoch nicht die folgenden Kommunikationsformen unserer K\u00e4ufer und Verk\u00e4ufer:<\/p>\n\n\n\n<p>l Junk-Mail \u2013 Wir erlauben unseren Verk\u00e4ufern nicht, ohne Erlaubnis Spam an Benutzer zu senden.;<\/p>\n\n\n\n<p>l Verkauf von Artikeln von anderen Plattformen auf Paudi Modell.com;<\/p>\n\n\n\n<p>l Einsch\u00fcchterung, Beleidigungen oder Hassreden.<\/p>\n\n\n\n<p>Stellen Sie sicher, dass Sie die Richtlinien von Paudi Modell befolgen, andernfalls hat die Plattform das Recht, Ihre Nachrichten zu blockieren, Ihre Kaufberechtigungen zu widerrufen oder sogar Ihr Konto zu schlie\u00dfen.;<\/p>\n\n\n\n<p><strong>5. Feedback-Richtlinie<\/strong><\/p>\n\n\n\n<p>Sie k\u00f6nnen die Produktbewertungen in keiner Weise manipulieren.<\/p>\n\n\n\n<p>Paudi Modell erm\u00f6glicht es Ihnen, nach Abschluss einer Bestellung Feedback zu Artikeln zu geben.<\/p>\n\n\n\n<p>Die spezifischen Gesch\u00e4ftsbedingungen lauten wie folgt:<\/p>\n\n\n\n<ul class=\"wp-block-list\"><li>&nbsp;Gef\u00e4lschtes Feedback&nbsp;&nbsp;&nbsp;&nbsp; &nbsp; &nbsp; &nbsp; &nbsp; &nbsp; &nbsp; &nbsp; &nbsp; &nbsp; &nbsp; &nbsp; &nbsp; &nbsp; &nbsp; &nbsp;<\/li><\/ul>\n\n\n\n<p>l Sie k\u00f6nnen eine Bewertung nicht durch gef\u00e4lschtes Feedback manipulieren.<\/p>\n\n\n\n<p>l Sie d\u00fcrfen keine wiederholten K\u00e4ufe bei einem Verk\u00e4ufer t\u00e4tigen, um im Gegenzug f\u00fcr Waren oder Dienstleistungen des Paudi-Modells positives Feedback zu geben;<\/p>\n\n\n\n<p>l Sie k\u00f6nnen den Artikelwert nicht erh\u00f6hen, indem Sie mit anderen zusammenarbeiten oder neue Konten registrieren.;<\/p>\n\n\n\n<p>l Andere unzul\u00e4ssige Mittel zur Erlangung von Gegenst\u00e4nden oder Dienstleistungen<\/p>\n\n\n\n<ul class=\"wp-block-list\"><li>Feedback-Erpressung:<\/li><\/ul>\n\n\n\n<p>Sie k\u00f6nnen Paudi Modell kein negatives Feedback f\u00fcr etwas hinterlassen, das nicht zum Standardservice oder zur urspr\u00fcnglichen Produktliste geh\u00f6rt. Zum Beispiel:<\/p>\n\n\n\n<p>l Beantragung der R\u00fcckgabe von Artikeln oder Dienstleistungen, die nicht der Beschreibung und dem Preis des Originalartikels entsprechen;<\/p>\n\n\n\n<p>l R\u00fcckgabe von Artikeln, die nicht auf der Einkaufsliste stehen;<\/p>\n\n\n\n<p>l Andere unzul\u00e4ssige Mittel zum Erhalt von Gegenst\u00e4nden oder Dienstleistungen.<\/p>\n\n\n\n<p>Stellen Sie sicher, dass Sie die Richtlinien von Paudi Modell einhalten. Andernfalls hat Paudi Modell das Recht, Ihre Einkaufsberechtigung zu widerrufen oder sogar Ihr Konto und die zugeh\u00f6rige Kontonummer zu schlie\u00dfen.<\/p>\n\n\n\n<p><strong>6. Feedback-Manipulation<\/strong><\/p>\n\n\n\n<p>Unter Feedback-Manipulation versteht man alle unzul\u00e4ssigen Mittel, um die Bewertungen eines Verk\u00e4ufers zum pers\u00f6nlichen Vorteil zu verbessern. Niemand darf Feedback manipulieren.<\/p>\n\n\n\n<p>Folgende Feedback-Manipulationen sind strengstens untersagt:<\/p>\n\n\n\n<p>l Verwenden Sie mehrere Konten, um dasselbe Produkt zu kaufen und Feedback zu hinterlassen.;<\/p>\n\n\n\n<p>l Bewusster Kauf bei Paudi Modell, um den Verkauf oder das Suchranking des Artikels zu verbessern.<\/p>","protected":false},"excerpt":{"rendered":"<p>Website Terms of Use (User Notice) 1. Terms and conditions for coupon use on Paudi Modell This clause applies to all coupons, and all users of Paudi Modell.com must comply. If the Paudimodel.com promotions page show other terms and conditions, then those terms and conditions&nbsp;will take precedence. l&nbsp;Platform coupons can be used for legitimate transactions [&hellip;]<\/p>\n","protected":false},"author":1,"featured_media":0,"parent":71572,"menu_order":0,"comment_status":"closed","ping_status":"closed","template":"","meta":{"footnotes":""},"class_list":["post-71545","page","type-page","status-publish","hentry"],"yoast_head":"<!-- This site is optimized with the Yoast SEO Premium plugin v25.6 (Yoast SEO v27.5) - https:\/\/yoast.com\/product\/yoast-seo-premium-wordpress\/ -->\n<title>Website Terms of Use (User Notice) - Paudi Model | High Quality Diecast Model<\/title>\n<meta name=\"description\" content=\"This clause applies to all coupons, and all users of Paudi Model.com must comply. If the Paudimodel.com promotions page show other terms and conditions, then those terms and conditions will take precedence.\" \/>\n<meta name=\"robots\" content=\"index, follow, max-snippet:-1, max-image-preview:large, max-video-preview:-1\" \/>\n<link rel=\"canonical\" href=\"https:\/\/www.paudimodel.com\/de\/help-center-2\/website-terms-of-use-user-notice\/\" \/>\n<meta property=\"og:locale\" content=\"de_DE\" \/>\n<meta property=\"og:type\" content=\"article\" \/>\n<meta property=\"og:title\" content=\"Website Terms of Use (User Notice)\" \/>\n<meta property=\"og:description\" content=\"This clause applies to all coupons, and all users of Paudi Model.com must comply. If the Paudimodel.com promotions page show other terms and conditions, then those terms and conditions will take precedence.\" \/>\n<meta property=\"og:url\" content=\"https:\/\/www.paudimodel.com\/de\/help-center-2\/website-terms-of-use-user-notice\/\" \/>\n<meta property=\"og:site_name\" content=\"Paudi Model | High Quality Diecast Model\" \/>\n<meta property=\"article:publisher\" content=\"https:\/\/www.facebook\/paudimodel\" \/>\n<meta property=\"article:modified_time\" content=\"2021-10-20T08:23:52+00:00\" \/>\n<meta name=\"twitter:card\" content=\"summary_large_image\" \/>\n<meta name=\"twitter:site\" content=\"@paudimodel\" \/>\n<meta name=\"twitter:label1\" content=\"Gesch\u00e4tzte Lesezeit\" \/>\n\t<meta name=\"twitter:data1\" content=\"4\u00a0Minuten\" \/>\n<script type=\"application\/ld+json\" class=\"yoast-schema-graph\">{\"@context\":\"https:\\\/\\\/schema.org\",\"@graph\":[{\"@type\":\"WebPage\",\"@id\":\"https:\\\/\\\/www.paudimodel.com\\\/help-center-2\\\/website-terms-of-use-user-notice\\\/\",\"url\":\"https:\\\/\\\/www.paudimodel.com\\\/help-center-2\\\/website-terms-of-use-user-notice\\\/\",\"name\":\"Website Terms of Use (User Notice) - Paudi Model | High Quality Diecast Model\",\"isPartOf\":{\"@id\":\"https:\\\/\\\/www.paudimodel.com\\\/#website\"},\"datePublished\":\"2021-07-07T12:54:08+00:00\",\"dateModified\":\"2021-10-20T08:23:52+00:00\",\"description\":\"This clause applies to all coupons, and all users of Paudi Model.com must comply. If the Paudimodel.com promotions page show other terms and conditions, then those terms and conditions will take precedence.\",\"breadcrumb\":{\"@id\":\"https:\\\/\\\/www.paudimodel.com\\\/help-center-2\\\/website-terms-of-use-user-notice\\\/#breadcrumb\"},\"inLanguage\":\"de\",\"potentialAction\":[{\"@type\":\"ReadAction\",\"target\":[\"https:\\\/\\\/www.paudimodel.com\\\/help-center-2\\\/website-terms-of-use-user-notice\\\/\"]}]},{\"@type\":\"BreadcrumbList\",\"@id\":\"https:\\\/\\\/www.paudimodel.com\\\/help-center-2\\\/website-terms-of-use-user-notice\\\/#breadcrumb\",\"itemListElement\":[{\"@type\":\"ListItem\",\"position\":1,\"name\":\"Home\",\"item\":\"https:\\\/\\\/www.paudimodel.com\\\/\"},{\"@type\":\"ListItem\",\"position\":2,\"name\":\"Help Center\",\"item\":\"https:\\\/\\\/www.paudimodel.com\\\/help-center-2\\\/\"},{\"@type\":\"ListItem\",\"position\":3,\"name\":\"Website Terms of Use (User Notice)\"}]},{\"@type\":\"WebSite\",\"@id\":\"https:\\\/\\\/www.paudimodel.com\\\/#website\",\"url\":\"https:\\\/\\\/www.paudimodel.com\\\/\",\"name\":\"Paudi Model | High Quality Diecast Model\",\"description\":\"Shop For Diecast Models From Top-Rated Brands Like Dealer Edition, Paudi, Kyosho, Autoart &amp; More. Low Online Prices. Super-Detailed Models.Find Your Make &amp; Model.Huge Selection. Satisfaction Guaranteed. Types: Diecast Model Cars, Diecast Model Trucks.\",\"publisher\":{\"@id\":\"https:\\\/\\\/www.paudimodel.com\\\/#organization\"},\"alternateName\":\"Scale model design, development and production\",\"potentialAction\":[{\"@type\":\"SearchAction\",\"target\":{\"@type\":\"EntryPoint\",\"urlTemplate\":\"https:\\\/\\\/www.paudimodel.com\\\/?s={search_term_string}\"},\"query-input\":{\"@type\":\"PropertyValueSpecification\",\"valueRequired\":true,\"valueName\":\"search_term_string\"}}],\"inLanguage\":\"de\"},{\"@type\":\"Organization\",\"@id\":\"https:\\\/\\\/www.paudimodel.com\\\/#organization\",\"name\":\"Guangzhou Paudi Model Technology Ltd.\",\"url\":\"https:\\\/\\\/www.paudimodel.com\\\/\",\"logo\":{\"@type\":\"ImageObject\",\"inLanguage\":\"de\",\"@id\":\"https:\\\/\\\/www.paudimodel.com\\\/#\\\/schema\\\/logo\\\/image\\\/\",\"url\":\"https:\\\/\\\/www.paudimodel.com\\\/wp-content\\\/uploads\\\/2023\\\/02\\\/696x696.png\",\"contentUrl\":\"https:\\\/\\\/www.paudimodel.com\\\/wp-content\\\/uploads\\\/2023\\\/02\\\/696x696.png\",\"width\":696,\"height\":696,\"caption\":\"Guangzhou Paudi Model Technology Ltd.\"},\"image\":{\"@id\":\"https:\\\/\\\/www.paudimodel.com\\\/#\\\/schema\\\/logo\\\/image\\\/\"},\"sameAs\":[\"https:\\\/\\\/www.facebook\\\/paudimodel\",\"https:\\\/\\\/x.com\\\/paudimodel\"]}]}<\/script>\n<!-- \/ Yoast SEO Premium plugin. -->","yoast_head_json":{"title":"Website Terms of Use (User Notice) - Paudi Model | High Quality Diecast Model","description":"This clause applies to all coupons, and all users of Paudi Model.com must comply. If the Paudimodel.com promotions page show other terms and conditions, then those terms and conditions will take precedence.","robots":{"index":"index","follow":"follow","max-snippet":"max-snippet:-1","max-image-preview":"max-image-preview:large","max-video-preview":"max-video-preview:-1"},"canonical":"https:\/\/www.paudimodel.com\/de\/help-center-2\/website-terms-of-use-user-notice\/","og_locale":"de_DE","og_type":"article","og_title":"Website Terms of Use (User Notice)","og_description":"This clause applies to all coupons, and all users of Paudi Model.com must comply. If the Paudimodel.com promotions page show other terms and conditions, then those terms and conditions will take precedence.","og_url":"https:\/\/www.paudimodel.com\/de\/help-center-2\/website-terms-of-use-user-notice\/","og_site_name":"Paudi Model | High Quality Diecast Model","article_publisher":"https:\/\/www.facebook\/paudimodel","article_modified_time":"2021-10-20T08:23:52+00:00","twitter_card":"summary_large_image","twitter_site":"@paudimodel","twitter_misc":{"Gesch\u00e4tzte Lesezeit":"4\u00a0Minuten"},"schema":{"@context":"https:\/\/schema.org","@graph":[{"@type":"WebPage","@id":"https:\/\/www.paudimodel.com\/help-center-2\/website-terms-of-use-user-notice\/","url":"https:\/\/www.paudimodel.com\/help-center-2\/website-terms-of-use-user-notice\/","name":"Website Terms of Use (User Notice) - Paudi Model | High Quality Diecast Model","isPartOf":{"@id":"https:\/\/www.paudimodel.com\/#website"},"datePublished":"2021-07-07T12:54:08+00:00","dateModified":"2021-10-20T08:23:52+00:00","description":"This clause applies to all coupons, and all users of Paudi Model.com must comply. If the Paudimodel.com promotions page show other terms and conditions, then those terms and conditions will take precedence.","breadcrumb":{"@id":"https:\/\/www.paudimodel.com\/help-center-2\/website-terms-of-use-user-notice\/#breadcrumb"},"inLanguage":"de","potentialAction":[{"@type":"ReadAction","target":["https:\/\/www.paudimodel.com\/help-center-2\/website-terms-of-use-user-notice\/"]}]},{"@type":"BreadcrumbList","@id":"https:\/\/www.paudimodel.com\/help-center-2\/website-terms-of-use-user-notice\/#breadcrumb","itemListElement":[{"@type":"ListItem","position":1,"name":"Home","item":"https:\/\/www.paudimodel.com\/"},{"@type":"ListItem","position":2,"name":"Help Center","item":"https:\/\/www.paudimodel.com\/help-center-2\/"},{"@type":"ListItem","position":3,"name":"Website Terms of Use (User Notice)"}]},{"@type":"WebSite","@id":"https:\/\/www.paudimodel.com\/#website","url":"https:\/\/www.paudimodel.com\/","name":"Paudi-Modell | Hochwertiges Druckgussmodell","description":"Kaufen Sie Druckgussmodelle von Top-Marken wie Dealer Edition, Paudi, Kyosho, Autoart und mehr. G\u00fcnstige Online-Preise. Superdetaillierte Modelle. Finden Sie Ihre Marke und Ihr Modell. Riesige Auswahl. Zufriedenheitsgarantie. Typen: Druckguss-Modellautos, Druckguss-Modell-LKWs.","publisher":{"@id":"https:\/\/www.paudimodel.com\/#organization"},"alternateName":"Scale model design, development and production","potentialAction":[{"@type":"SearchAction","target":{"@type":"EntryPoint","urlTemplate":"https:\/\/www.paudimodel.com\/?s={search_term_string}"},"query-input":{"@type":"PropertyValueSpecification","valueRequired":true,"valueName":"search_term_string"}}],"inLanguage":"de"},{"@type":"Organization","@id":"https:\/\/www.paudimodel.com\/#organization","name":"Guangzhou Paudi Model Technology Ltd.","url":"https:\/\/www.paudimodel.com\/","logo":{"@type":"ImageObject","inLanguage":"de","@id":"https:\/\/www.paudimodel.com\/#\/schema\/logo\/image\/","url":"https:\/\/www.paudimodel.com\/wp-content\/uploads\/2023\/02\/696x696.png","contentUrl":"https:\/\/www.paudimodel.com\/wp-content\/uploads\/2023\/02\/696x696.png","width":696,"height":696,"caption":"Guangzhou Paudi Model Technology Ltd."},"image":{"@id":"https:\/\/www.paudimodel.com\/#\/schema\/logo\/image\/"},"sameAs":["https:\/\/www.facebook\/paudimodel","https:\/\/x.com\/paudimodel"]}]}},"_links":{"self":[{"href":"https:\/\/www.paudimodel.com\/de\/wp-json\/wp\/v2\/pages\/71545","targetHints":{"allow":["GET"]}}],"collection":[{"href":"https:\/\/www.paudimodel.com\/de\/wp-json\/wp\/v2\/pages"}],"about":[{"href":"https:\/\/www.paudimodel.com\/de\/wp-json\/wp\/v2\/types\/page"}],"author":[{"embeddable":true,"href":"https:\/\/www.paudimodel.com\/de\/wp-json\/wp\/v2\/users\/1"}],"replies":[{"embeddable":true,"href":"https:\/\/www.paudimodel.com\/de\/wp-json\/wp\/v2\/comments?post=71545"}],"version-history":[{"count":0,"href":"https:\/\/www.paudimodel.com\/de\/wp-json\/wp\/v2\/pages\/71545\/revisions"}],"up":[{"embeddable":true,"href":"https:\/\/www.paudimodel.com\/de\/wp-json\/wp\/v2\/pages\/71572"}],"wp:attachment":[{"href":"https:\/\/www.paudimodel.com\/de\/wp-json\/wp\/v2\/media?parent=71545"}],"curies":[{"name":"wp","href":"https:\/\/api.w.org\/{rel}","templated":true}]}}