{"id":71549,"date":"2021-07-07T12:57:39","date_gmt":"2021-07-07T12:57:39","guid":{"rendered":"https:\/\/www.paudimodel.com\/?page_id=71549"},"modified":"2021-10-20T07:40:49","modified_gmt":"2021-10-20T07:40:49","slug":"dispute","status":"publish","type":"page","link":"https:\/\/www.paudimodel.com\/de\/help-center-2\/dispute\/","title":{"rendered":"Disput"},"content":{"rendered":"<p><strong>Der erhaltene Artikel entspricht nicht der Beschreibung.<\/strong><\/p>\n\n\n\n<p>Laden Sie bitte das Unboxing-Video, die Garantieinformationen, deutliche Fotos des erhaltenen Artikels und alle weiteren wichtigen Informationen hoch und senden Sie anschlie\u00dfend das Serviceformular ab. Wir werden uns umgehend um Ihre Reklamation k\u00fcmmern.<\/p>\n\n\n\n<h3 class=\"wp-block-heading\" id=\"h-i-didn-t-receive-my-item\">Ich habe meinen Artikel nicht erhalten.<\/h3>\n\n\n\n<p>Manchmal werden die Sendungsverfolgungsinformationen nicht zeitnah aktualisiert. Wir empfehlen Ihnen daher, sich zun\u00e4chst an die Post zu wenden, um zu pr\u00fcfen, ob das Paket angekommen ist. Sollte die Post das Paket nicht vorweisen k\u00f6nnen, bitten Sie um eine Best\u00e4tigung, dass es nicht angenommen wurde. Dies beschleunigt die Bearbeitung Ihres Anliegens. Laden Sie anschlie\u00dfend den Nachweis hoch, dass Sie den Artikel nicht erhalten haben, sowie alle weiteren relevanten Belege. Wir werden uns umgehend um Ihr Anliegen k\u00fcmmern.<\/p>\n\n\n\n<h3 class=\"wp-block-heading\" id=\"h-can-i-cancel-a-dispute\">Kann ich einen Streitfall stornieren?<\/h3>\n\n\n\n<p>Ja. K\u00e4ufer k\u00f6nnen eingereichte Streitf\u00e4lle stornieren.&nbsp;<\/p>","protected":false},"excerpt":{"rendered":"<p>Der erhaltene Artikel entspricht nicht der Beschreibung. Laden Sie bitte ein Unboxing-Video, Garantieinformationen, deutliche Fotos des erhaltenen Artikels und alle weiteren wichtigen Informationen hoch und senden Sie anschlie\u00dfend das Serviceformular ab. Wir werden Ihre Reklamation umgehend bearbeiten. Ich habe meinen Artikel nicht erhalten. Manchmal werden die Sendungsverfolgungsinformationen nicht zeitnah aktualisiert. Es wird empfohlen, [\u2026]<\/p>","protected":false},"author":1,"featured_media":0,"parent":71572,"menu_order":0,"comment_status":"closed","ping_status":"closed","template":"","meta":{"footnotes":""},"class_list":["post-71549","page","type-page","status-publish","hentry"],"yoast_head":"<!-- This site is optimized with the Yoast SEO Premium plugin v25.6 (Yoast SEO v26.7) - https:\/\/yoast.com\/wordpress\/plugins\/seo\/ -->\n<title>Dispute - Paudi Model | High Quality Diecast Model<\/title>\n<meta name=\"description\" content=\"Upload important information such as the unpacking video of the car model, warranty information, and clear pictures of the received items, and then submit the service form. We will deal with your dispute promptly.\" \/>\n<meta name=\"robots\" content=\"index, follow, max-snippet:-1, max-image-preview:large, max-video-preview:-1\" \/>\n<link rel=\"canonical\" href=\"https:\/\/www.paudimodel.com\/de\/help-center-2\/dispute\/\" \/>\n<meta property=\"og:locale\" content=\"de_DE\" \/>\n<meta property=\"og:type\" content=\"article\" \/>\n<meta property=\"og:title\" content=\"Dispute\" \/>\n<meta property=\"og:description\" content=\"Upload important information such as the unpacking video of the car model, warranty information, and clear pictures of the received items, and then submit the service form. We will deal with your dispute promptly.\" \/>\n<meta property=\"og:url\" content=\"https:\/\/www.paudimodel.com\/de\/help-center-2\/dispute\/\" \/>\n<meta property=\"og:site_name\" content=\"Paudi Model | High Quality Diecast Model\" \/>\n<meta property=\"article:publisher\" content=\"https:\/\/www.facebook\/paudimodel\" \/>\n<meta property=\"article:modified_time\" content=\"2021-10-20T07:40:49+00:00\" \/>\n<meta name=\"twitter:card\" content=\"summary_large_image\" \/>\n<meta name=\"twitter:site\" content=\"@paudimodel\" \/>\n<meta name=\"twitter:label1\" content=\"Gesch\u00e4tzte Lesezeit\" \/>\n\t<meta name=\"twitter:data1\" content=\"1\u00a0Minute\" \/>\n<script type=\"application\/ld+json\" class=\"yoast-schema-graph\">{\"@context\":\"https:\/\/schema.org\",\"@graph\":[{\"@type\":\"WebPage\",\"@id\":\"https:\/\/www.paudimodel.com\/help-center-2\/dispute\/\",\"url\":\"https:\/\/www.paudimodel.com\/help-center-2\/dispute\/\",\"name\":\"Dispute - Paudi Model | High Quality Diecast Model\",\"isPartOf\":{\"@id\":\"https:\/\/www.paudimodel.com\/#website\"},\"datePublished\":\"2021-07-07T12:57:39+00:00\",\"dateModified\":\"2021-10-20T07:40:49+00:00\",\"description\":\"Upload important information such as the unpacking video of the car model, warranty information, and clear pictures of the received items, and then submit the service form. We will deal with your dispute promptly.\",\"breadcrumb\":{\"@id\":\"https:\/\/www.paudimodel.com\/help-center-2\/dispute\/#breadcrumb\"},\"inLanguage\":\"de\",\"potentialAction\":[{\"@type\":\"ReadAction\",\"target\":[\"https:\/\/www.paudimodel.com\/help-center-2\/dispute\/\"]}]},{\"@type\":\"BreadcrumbList\",\"@id\":\"https:\/\/www.paudimodel.com\/help-center-2\/dispute\/#breadcrumb\",\"itemListElement\":[{\"@type\":\"ListItem\",\"position\":1,\"name\":\"Home\",\"item\":\"https:\/\/www.paudimodel.com\/\"},{\"@type\":\"ListItem\",\"position\":2,\"name\":\"Help Center\",\"item\":\"https:\/\/www.paudimodel.com\/help-center-2\/\"},{\"@type\":\"ListItem\",\"position\":3,\"name\":\"Dispute\"}]},{\"@type\":\"WebSite\",\"@id\":\"https:\/\/www.paudimodel.com\/#website\",\"url\":\"https:\/\/www.paudimodel.com\/\",\"name\":\"Paudi Model | High Quality Diecast Model\",\"description\":\"Shop For Diecast Models From Top-Rated Brands Like Dealer Edition, Paudi, Kyosho, Autoart &amp; More. Low Online Prices. Super-Detailed Models.Find Your Make &amp; Model.Huge Selection. Satisfaction Guaranteed. Types: Diecast Model Cars, Diecast Model Trucks.\",\"publisher\":{\"@id\":\"https:\/\/www.paudimodel.com\/#organization\"},\"alternateName\":\"Scale model design, development and production\",\"potentialAction\":[{\"@type\":\"SearchAction\",\"target\":{\"@type\":\"EntryPoint\",\"urlTemplate\":\"https:\/\/www.paudimodel.com\/?s={search_term_string}\"},\"query-input\":{\"@type\":\"PropertyValueSpecification\",\"valueRequired\":true,\"valueName\":\"search_term_string\"}}],\"inLanguage\":\"de\"},{\"@type\":\"Organization\",\"@id\":\"https:\/\/www.paudimodel.com\/#organization\",\"name\":\"Guangzhou Paudi Model Technology Ltd.\",\"url\":\"https:\/\/www.paudimodel.com\/\",\"logo\":{\"@type\":\"ImageObject\",\"inLanguage\":\"de\",\"@id\":\"https:\/\/www.paudimodel.com\/#\/schema\/logo\/image\/\",\"url\":\"https:\/\/www.paudimodel.com\/wp-content\/uploads\/2023\/02\/696x696.png\",\"contentUrl\":\"https:\/\/www.paudimodel.com\/wp-content\/uploads\/2023\/02\/696x696.png\",\"width\":696,\"height\":696,\"caption\":\"Guangzhou Paudi Model Technology Ltd.\"},\"image\":{\"@id\":\"https:\/\/www.paudimodel.com\/#\/schema\/logo\/image\/\"},\"sameAs\":[\"https:\/\/www.facebook\/paudimodel\",\"https:\/\/x.com\/paudimodel\"]}]}<\/script>\n<!-- \/ Yoast SEO Premium plugin. -->","yoast_head_json":{"title":"Streitfall \u2013 Paudi-Modell | Hochwertiges Druckgussmodell","description":"Laden Sie wichtige Informationen wie ein Video vom Auspacken des Fahrzeugmodells, Garantieinformationen und deutliche Fotos der erhaltenen Artikel hoch und senden Sie anschlie\u00dfend das Serviceformular ab. Wir werden uns umgehend um Ihre Reklamation k\u00fcmmern.","robots":{"index":"index","follow":"follow","max-snippet":"max-snippet:-1","max-image-preview":"max-image-preview:large","max-video-preview":"max-video-preview:-1"},"canonical":"https:\/\/www.paudimodel.com\/de\/help-center-2\/dispute\/","og_locale":"de_DE","og_type":"article","og_title":"Dispute","og_description":"Upload important information such as the unpacking video of the car model, warranty information, and clear pictures of the received items, and then submit the service form. We will deal with your dispute promptly.","og_url":"https:\/\/www.paudimodel.com\/de\/help-center-2\/dispute\/","og_site_name":"Paudi Model | High Quality Diecast Model","article_publisher":"https:\/\/www.facebook\/paudimodel","article_modified_time":"2021-10-20T07:40:49+00:00","twitter_card":"summary_large_image","twitter_site":"@paudimodel","twitter_misc":{"Gesch\u00e4tzte Lesezeit":"1\u00a0Minute"},"schema":{"@context":"https:\/\/schema.org","@graph":[{"@type":"WebPage","@id":"https:\/\/www.paudimodel.com\/help-center-2\/dispute\/","url":"https:\/\/www.paudimodel.com\/help-center-2\/dispute\/","name":"Streitfall \u2013 Paudi-Modell | Hochwertiges Druckgussmodell","isPartOf":{"@id":"https:\/\/www.paudimodel.com\/#website"},"datePublished":"2021-07-07T12:57:39+00:00","dateModified":"2021-10-20T07:40:49+00:00","description":"Laden Sie wichtige Informationen wie ein Video vom Auspacken des Fahrzeugmodells, Garantieinformationen und deutliche Fotos der erhaltenen Artikel hoch und senden Sie anschlie\u00dfend das Serviceformular ab. Wir werden uns umgehend um Ihre Reklamation k\u00fcmmern.","breadcrumb":{"@id":"https:\/\/www.paudimodel.com\/help-center-2\/dispute\/#breadcrumb"},"inLanguage":"de","potentialAction":[{"@type":"ReadAction","target":["https:\/\/www.paudimodel.com\/help-center-2\/dispute\/"]}]},{"@type":"BreadcrumbList","@id":"https:\/\/www.paudimodel.com\/help-center-2\/dispute\/#breadcrumb","itemListElement":[{"@type":"ListItem","position":1,"name":"Home","item":"https:\/\/www.paudimodel.com\/"},{"@type":"ListItem","position":2,"name":"Help Center","item":"https:\/\/www.paudimodel.com\/help-center-2\/"},{"@type":"ListItem","position":3,"name":"Dispute"}]},{"@type":"WebSite","@id":"https:\/\/www.paudimodel.com\/#website","url":"https:\/\/www.paudimodel.com\/","name":"Paudi-Modell | Hochwertiges Druckgussmodell","description":"Kaufen Sie Druckgussmodelle von Top-Marken wie Dealer Edition, Paudi, Kyosho, Autoart und mehr. G\u00fcnstige Online-Preise. Superdetaillierte Modelle. Finden Sie Ihre Marke und Ihr Modell. Riesige Auswahl. Zufriedenheitsgarantie. Typen: Druckguss-Modellautos, Druckguss-Modell-LKWs.","publisher":{"@id":"https:\/\/www.paudimodel.com\/#organization"},"alternateName":"Scale model design, development and production","potentialAction":[{"@type":"SearchAction","target":{"@type":"EntryPoint","urlTemplate":"https:\/\/www.paudimodel.com\/?s={search_term_string}"},"query-input":{"@type":"PropertyValueSpecification","valueRequired":true,"valueName":"search_term_string"}}],"inLanguage":"de"},{"@type":"Organization","@id":"https:\/\/www.paudimodel.com\/#organization","name":"Guangzhou Paudi Model Technology Ltd.","url":"https:\/\/www.paudimodel.com\/","logo":{"@type":"ImageObject","inLanguage":"de","@id":"https:\/\/www.paudimodel.com\/#\/schema\/logo\/image\/","url":"https:\/\/www.paudimodel.com\/wp-content\/uploads\/2023\/02\/696x696.png","contentUrl":"https:\/\/www.paudimodel.com\/wp-content\/uploads\/2023\/02\/696x696.png","width":696,"height":696,"caption":"Guangzhou Paudi Model Technology Ltd."},"image":{"@id":"https:\/\/www.paudimodel.com\/#\/schema\/logo\/image\/"},"sameAs":["https:\/\/www.facebook\/paudimodel","https:\/\/x.com\/paudimodel"]}]}},"_links":{"self":[{"href":"https:\/\/www.paudimodel.com\/de\/wp-json\/wp\/v2\/pages\/71549","targetHints":{"allow":["GET"]}}],"collection":[{"href":"https:\/\/www.paudimodel.com\/de\/wp-json\/wp\/v2\/pages"}],"about":[{"href":"https:\/\/www.paudimodel.com\/de\/wp-json\/wp\/v2\/types\/page"}],"author":[{"embeddable":true,"href":"https:\/\/www.paudimodel.com\/de\/wp-json\/wp\/v2\/users\/1"}],"replies":[{"embeddable":true,"href":"https:\/\/www.paudimodel.com\/de\/wp-json\/wp\/v2\/comments?post=71549"}],"version-history":[{"count":0,"href":"https:\/\/www.paudimodel.com\/de\/wp-json\/wp\/v2\/pages\/71549\/revisions"}],"up":[{"embeddable":true,"href":"https:\/\/www.paudimodel.com\/de\/wp-json\/wp\/v2\/pages\/71572"}],"wp:attachment":[{"href":"https:\/\/www.paudimodel.com\/de\/wp-json\/wp\/v2\/media?parent=71549"}],"curies":[{"name":"wp","href":"https:\/\/api.w.org\/{rel}","templated":true}]}}