{"id":71552,"date":"2021-07-07T12:59:44","date_gmt":"2021-07-07T12:59:44","guid":{"rendered":"https:\/\/www.paudimodel.com\/?page_id=71552"},"modified":"2021-10-20T07:45:53","modified_gmt":"2021-10-20T07:45:53","slug":"shipping-policy","status":"publish","type":"page","link":"https:\/\/www.paudimodel.com\/de\/help-center-2\/shipping-policy\/","title":{"rendered":"Versandbedingungen"},"content":{"rendered":"<p><strong>Versandbedingungen<\/strong><\/p>\n\n\n\n<p>l Bei einer Stornierung der Bestellung oder einer Warenr\u00fccksendung aus Kundengr\u00fcnden tr\u00e4gt der Kunde die Versandkosten f\u00fcr die Anschaffung und R\u00fccksendung.;<\/p>\n\n\n\n<p>l Alle Informationen, einschlie\u00dflich aller von paudimodel gesendeten E-Mails und der w\u00e4hrend der Werbeaktion bereitgestellten Richtlinien zu Werbeaktionen\/Preisen\/Lieferung\/R\u00fcckgabe, unterliegen den auf paudimodel.com angezeigten Informationen.<\/p>\n\n\n\n<h3 class=\"wp-block-heading\" id=\"h-how-are-customs-duties-and-import-taxes-handled\">Wie werden Z\u00f6lle und Einfuhrsteuern gehandhabt?<\/h3>\n\n\n\n<p>l Alle grenz\u00fcberschreitenden Sendungen m\u00fcssen die Zollabfertigung durchlaufen. Der Kunde ist f\u00fcr alle Z\u00f6lle und Einfuhrsteuern verantwortlich. Z\u00f6lle und Steuern variieren in verschiedenen L\u00e4ndern.<\/p>\n\n\n\n<p>l Die \u00fcblichen Tarife betragen in den USA etwa $200 US-Dollar und in Europa 22 Euro. Die Tarife k\u00f6nnen je nach gekauften Artikeln variieren.<\/p>\n\n\n\n<h3 class=\"wp-block-heading\" id=\"h-after-i-place-an-order-when-will-ship-my-item\">Wann wird mein Artikel versendet, nachdem ich eine Bestellung aufgegeben habe?<\/h3>\n\n\n\n<p>l Ihre Bestellung wird innerhalb von 7 Tagen nach Zahlungseingang versendet. Sobald Ihr Artikel versandt wurde, senden wir Ihnen die Sendungsverfolgungsnummer und die Versandbest\u00e4tigung. Sie k\u00f6nnen Ihr Paket auf der Seite mit den Bestelldetails verfolgen.<\/p>\n\n\n\n<h3 class=\"wp-block-heading\" id=\"h-what-should-i-do-if-the-seller-doesn-t-ship-my-item-on-time\">Was soll ich tun, wenn der Verk\u00e4ufer meinen Artikel nicht rechtzeitig versendet?<\/h3>\n\n\n\n<p>Wenn Ihr Artikel nicht rechtzeitig versendet wird, k\u00f6nnen Sie die Bestellung stornieren. Sie k\u00f6nnen uns auch kontaktieren, um die genaue Lieferzeit zu bestimmen. Wenn Sie die Lieferzeit f\u00fcr akzeptabel halten, bleibt die Bestellung bestehen. Wenn Sie die Lieferzeit f\u00fcr inakzeptabel halten, k\u00f6nnen Sie die Bestellung stornieren.<\/p>\n\n\n\n<h3 class=\"wp-block-heading\" id=\"h-what-if-i-don-t-receive-my-item-on-time\">Was passiert, wenn ich meinen Artikel nicht rechtzeitig erhalte?<\/h3>\n\n\n\n<p>Wir empfehlen Ihnen, zun\u00e4chst den Versandstatus Ihres Artikels zu \u00fcberpr\u00fcfen. Sollte der Artikel nicht zum angegebenen Liefertermin geliefert werden, k\u00f6nnen Sie sich f\u00fcr eine R\u00fcckerstattung an unseren Kundenservice wenden. Derzeit verpflichten wir uns, Artikel in allen L\u00e4ndern und Regionen innerhalb von 60 Tagen nach Versand an den Kunden auszuliefern. Sollte der Verk\u00e4ufer auf der Produktseite eine k\u00fcrzere Lieferzeit versprechen, hat dieses Versprechen Vorrang vor unserem. Sollte w\u00e4hrend des Transports ein Problem mit dem Artikel auftreten, k\u00f6nnen Sie sich an unseren Kundenservice wenden.<\/p>\n\n\n\n<p>l Wenn Sie Ihr Paket nach 60 Tagen nicht erhalten, wenden Sie sich bitte innerhalb von 30 Tagen nach Ihrem voraussichtlichen Liefertermin an den Kundendienst.<\/p>\n\n\n\n<p>&nbsp;Lieferdatum. Reklamationen nach Ablauf dieser 30-t\u00e4gigen Frist werden nicht akzeptiert.<\/p>\n\n\n\n<h3 class=\"wp-block-heading\" id=\"h-how-long-does-it-take-for-my-order-to-be-delivered\">Wie lange dauert die Lieferung meiner Bestellung?<\/h3>\n\n\n\n<p>Die Lieferzeit kann aufgrund l\u00e4nderspezifischer Zollbestimmungen, logistischer Vereinbarungen, Wetterbedingungen und saisonaler Feiertage variieren. Speditionsdienste sind in der Regel schneller als die Post, k\u00f6nnen aber auch teurer sein. Wenn Sie strengere Zeitvorgaben haben und der Verk\u00e4ufer verschiedene Versanddienste anbietet, empfehlen wir Ihnen, einen Speditionsdienst zu w\u00e4hlen.<\/p>\n\n\n\n<p>l Im Allgemeinen werden Bestellungen innerhalb von 3 \u2013 60 Werktagen geliefert.<\/p>\n\n\n\n<h3 class=\"wp-block-heading\" id=\"h-can-i-cancel-an-order-at-any-time\">Kann ich eine Bestellung jederzeit stornieren?<\/h3>\n\n\n\n<p>Sie k\u00f6nnen eine Bestellung jederzeit stornieren, bevor der Artikel an den internationalen Spediteur \u00fcbergeben wird. Aufgrund der Unvorhersehbarkeit des internationalen Versands ist es f\u00fcr uns schwierig, einen Artikel nach der \u00dcbergabe an den Spediteur abzufangen. Dar\u00fcber hinaus ist der internationale Versand teuer und mit hohen Zollgeb\u00fchren verbunden. Wir empfehlen Ihnen daher, die Bestellung nicht zu stornieren, nachdem wir einen Artikel an den Spediteur \u00fcbergeben haben. Andernfalls m\u00fcssen Sie die Versandkosten f\u00fcr den Hin- und R\u00fcckversand sowie m\u00f6glicherweise Zollgeb\u00fchren und -geb\u00fchren bezahlen.<\/p>","protected":false},"excerpt":{"rendered":"<p>Versandrichtlinien | Bei Stornierung oder R\u00fccksendung von Waren aus Kundengr\u00fcnden tr\u00e4gt der Kunde die Kosten f\u00fcr Hin- und R\u00fcckversand. | Alle Informationen, einschlie\u00dflich aller von paudimodel versendeten E-Mails sowie der im Rahmen von Aktionen geltenden Aktions-, Preis-, Liefer- und R\u00fcckgabebedingungen, unterliegen den Angaben auf paudimodel.com. Wie [\u2026]<\/p>","protected":false},"author":1,"featured_media":0,"parent":71572,"menu_order":0,"comment_status":"closed","ping_status":"closed","template":"","meta":{"footnotes":""},"class_list":["post-71552","page","type-page","status-publish","hentry"],"yoast_head":"<!-- This site is optimized with the Yoast SEO Premium plugin v25.6 (Yoast SEO v26.7) - https:\/\/yoast.com\/wordpress\/plugins\/seo\/ -->\n<title>Shipping Policy - Paudi Model | High Quality Diecast Model<\/title>\n<meta name=\"description\" content=\"All the information, including all mails sent by paudimodel, and its promotion\/price\/delivery\/return policies provided during promotion\uff0cis subject to the information displayed on paudimodel.com.\" \/>\n<meta name=\"robots\" content=\"index, follow, max-snippet:-1, max-image-preview:large, max-video-preview:-1\" \/>\n<link rel=\"canonical\" href=\"https:\/\/www.paudimodel.com\/de\/help-center-2\/shipping-policy\/\" \/>\n<meta property=\"og:locale\" content=\"de_DE\" \/>\n<meta property=\"og:type\" content=\"article\" \/>\n<meta property=\"og:title\" content=\"Shipping Policy\" \/>\n<meta property=\"og:description\" content=\"All the information, including all mails sent by paudimodel, and its promotion\/price\/delivery\/return policies provided during promotion\uff0cis subject to the information displayed on paudimodel.com.\" \/>\n<meta property=\"og:url\" content=\"https:\/\/www.paudimodel.com\/de\/help-center-2\/shipping-policy\/\" \/>\n<meta property=\"og:site_name\" content=\"Paudi Model | High Quality Diecast Model\" \/>\n<meta property=\"article:publisher\" content=\"https:\/\/www.facebook\/paudimodel\" \/>\n<meta property=\"article:modified_time\" content=\"2021-10-20T07:45:53+00:00\" \/>\n<meta name=\"twitter:card\" content=\"summary_large_image\" \/>\n<meta name=\"twitter:site\" content=\"@paudimodel\" \/>\n<meta name=\"twitter:label1\" content=\"Gesch\u00e4tzte Lesezeit\" \/>\n\t<meta name=\"twitter:data1\" content=\"3\u00a0Minuten\" \/>\n<script type=\"application\/ld+json\" class=\"yoast-schema-graph\">{\"@context\":\"https:\/\/schema.org\",\"@graph\":[{\"@type\":\"WebPage\",\"@id\":\"https:\/\/www.paudimodel.com\/help-center-2\/shipping-policy\/\",\"url\":\"https:\/\/www.paudimodel.com\/help-center-2\/shipping-policy\/\",\"name\":\"Shipping Policy - Paudi Model | High Quality Diecast Model\",\"isPartOf\":{\"@id\":\"https:\/\/www.paudimodel.com\/#website\"},\"datePublished\":\"2021-07-07T12:59:44+00:00\",\"dateModified\":\"2021-10-20T07:45:53+00:00\",\"description\":\"All the information, including all mails sent by paudimodel, and its promotion\/price\/delivery\/return policies provided during promotion\uff0cis subject to the information displayed on paudimodel.com.\",\"breadcrumb\":{\"@id\":\"https:\/\/www.paudimodel.com\/help-center-2\/shipping-policy\/#breadcrumb\"},\"inLanguage\":\"de\",\"potentialAction\":[{\"@type\":\"ReadAction\",\"target\":[\"https:\/\/www.paudimodel.com\/help-center-2\/shipping-policy\/\"]}]},{\"@type\":\"BreadcrumbList\",\"@id\":\"https:\/\/www.paudimodel.com\/help-center-2\/shipping-policy\/#breadcrumb\",\"itemListElement\":[{\"@type\":\"ListItem\",\"position\":1,\"name\":\"Home\",\"item\":\"https:\/\/www.paudimodel.com\/\"},{\"@type\":\"ListItem\",\"position\":2,\"name\":\"Help Center\",\"item\":\"https:\/\/www.paudimodel.com\/help-center-2\/\"},{\"@type\":\"ListItem\",\"position\":3,\"name\":\"Shipping Policy\"}]},{\"@type\":\"WebSite\",\"@id\":\"https:\/\/www.paudimodel.com\/#website\",\"url\":\"https:\/\/www.paudimodel.com\/\",\"name\":\"Paudi Model | High Quality Diecast Model\",\"description\":\"Shop For Diecast Models From Top-Rated Brands Like Dealer Edition, Paudi, Kyosho, Autoart &amp; More. Low Online Prices. Super-Detailed Models.Find Your Make &amp; Model.Huge Selection. Satisfaction Guaranteed. Types: Diecast Model Cars, Diecast Model Trucks.\",\"publisher\":{\"@id\":\"https:\/\/www.paudimodel.com\/#organization\"},\"alternateName\":\"Scale model design, development and production\",\"potentialAction\":[{\"@type\":\"SearchAction\",\"target\":{\"@type\":\"EntryPoint\",\"urlTemplate\":\"https:\/\/www.paudimodel.com\/?s={search_term_string}\"},\"query-input\":{\"@type\":\"PropertyValueSpecification\",\"valueRequired\":true,\"valueName\":\"search_term_string\"}}],\"inLanguage\":\"de\"},{\"@type\":\"Organization\",\"@id\":\"https:\/\/www.paudimodel.com\/#organization\",\"name\":\"Guangzhou Paudi Model Technology Ltd.\",\"url\":\"https:\/\/www.paudimodel.com\/\",\"logo\":{\"@type\":\"ImageObject\",\"inLanguage\":\"de\",\"@id\":\"https:\/\/www.paudimodel.com\/#\/schema\/logo\/image\/\",\"url\":\"https:\/\/www.paudimodel.com\/wp-content\/uploads\/2023\/02\/696x696.png\",\"contentUrl\":\"https:\/\/www.paudimodel.com\/wp-content\/uploads\/2023\/02\/696x696.png\",\"width\":696,\"height\":696,\"caption\":\"Guangzhou Paudi Model Technology Ltd.\"},\"image\":{\"@id\":\"https:\/\/www.paudimodel.com\/#\/schema\/logo\/image\/\"},\"sameAs\":[\"https:\/\/www.facebook\/paudimodel\",\"https:\/\/x.com\/paudimodel\"]}]}<\/script>\n<!-- \/ Yoast SEO Premium plugin. -->","yoast_head_json":{"title":"Versandrichtlinien \u2013 Paudi Model | Hochwertiges Diecast-Modell","description":"Alle Informationen, einschlie\u00dflich aller von paudimodel versendeten E-Mails sowie der w\u00e4hrend der Werbeaktion geltenden Aktions-, Preis-, Liefer- und R\u00fcckgabebedingungen, unterliegen den auf paudimodel.com angezeigten Informationen.","robots":{"index":"index","follow":"follow","max-snippet":"max-snippet:-1","max-image-preview":"max-image-preview:large","max-video-preview":"max-video-preview:-1"},"canonical":"https:\/\/www.paudimodel.com\/de\/help-center-2\/shipping-policy\/","og_locale":"de_DE","og_type":"article","og_title":"Shipping Policy","og_description":"All the information, including all mails sent by paudimodel, and its promotion\/price\/delivery\/return policies provided during promotion\uff0cis subject to the information displayed on paudimodel.com.","og_url":"https:\/\/www.paudimodel.com\/de\/help-center-2\/shipping-policy\/","og_site_name":"Paudi Model | High Quality Diecast Model","article_publisher":"https:\/\/www.facebook\/paudimodel","article_modified_time":"2021-10-20T07:45:53+00:00","twitter_card":"summary_large_image","twitter_site":"@paudimodel","twitter_misc":{"Gesch\u00e4tzte Lesezeit":"3\u00a0Minuten"},"schema":{"@context":"https:\/\/schema.org","@graph":[{"@type":"WebPage","@id":"https:\/\/www.paudimodel.com\/help-center-2\/shipping-policy\/","url":"https:\/\/www.paudimodel.com\/help-center-2\/shipping-policy\/","name":"Versandrichtlinien \u2013 Paudi Model | Hochwertiges Diecast-Modell","isPartOf":{"@id":"https:\/\/www.paudimodel.com\/#website"},"datePublished":"2021-07-07T12:59:44+00:00","dateModified":"2021-10-20T07:45:53+00:00","description":"Alle Informationen, einschlie\u00dflich aller von paudimodel versendeten E-Mails sowie der w\u00e4hrend der Werbeaktion geltenden Aktions-, Preis-, Liefer- und R\u00fcckgabebedingungen, unterliegen den auf paudimodel.com angezeigten Informationen.","breadcrumb":{"@id":"https:\/\/www.paudimodel.com\/help-center-2\/shipping-policy\/#breadcrumb"},"inLanguage":"de","potentialAction":[{"@type":"ReadAction","target":["https:\/\/www.paudimodel.com\/help-center-2\/shipping-policy\/"]}]},{"@type":"BreadcrumbList","@id":"https:\/\/www.paudimodel.com\/help-center-2\/shipping-policy\/#breadcrumb","itemListElement":[{"@type":"ListItem","position":1,"name":"Home","item":"https:\/\/www.paudimodel.com\/"},{"@type":"ListItem","position":2,"name":"Help Center","item":"https:\/\/www.paudimodel.com\/help-center-2\/"},{"@type":"ListItem","position":3,"name":"Shipping Policy"}]},{"@type":"WebSite","@id":"https:\/\/www.paudimodel.com\/#website","url":"https:\/\/www.paudimodel.com\/","name":"Paudi-Modell | Hochwertiges Druckgussmodell","description":"Kaufen Sie Druckgussmodelle von Top-Marken wie Dealer Edition, Paudi, Kyosho, Autoart und mehr. G\u00fcnstige Online-Preise. Superdetaillierte Modelle. Finden Sie Ihre Marke und Ihr Modell. Riesige Auswahl. Zufriedenheitsgarantie. Typen: Druckguss-Modellautos, Druckguss-Modell-LKWs.","publisher":{"@id":"https:\/\/www.paudimodel.com\/#organization"},"alternateName":"Scale model design, development and production","potentialAction":[{"@type":"SearchAction","target":{"@type":"EntryPoint","urlTemplate":"https:\/\/www.paudimodel.com\/?s={search_term_string}"},"query-input":{"@type":"PropertyValueSpecification","valueRequired":true,"valueName":"search_term_string"}}],"inLanguage":"de"},{"@type":"Organization","@id":"https:\/\/www.paudimodel.com\/#organization","name":"Guangzhou Paudi Model Technology Ltd.","url":"https:\/\/www.paudimodel.com\/","logo":{"@type":"ImageObject","inLanguage":"de","@id":"https:\/\/www.paudimodel.com\/#\/schema\/logo\/image\/","url":"https:\/\/www.paudimodel.com\/wp-content\/uploads\/2023\/02\/696x696.png","contentUrl":"https:\/\/www.paudimodel.com\/wp-content\/uploads\/2023\/02\/696x696.png","width":696,"height":696,"caption":"Guangzhou Paudi Model Technology Ltd."},"image":{"@id":"https:\/\/www.paudimodel.com\/#\/schema\/logo\/image\/"},"sameAs":["https:\/\/www.facebook\/paudimodel","https:\/\/x.com\/paudimodel"]}]}},"_links":{"self":[{"href":"https:\/\/www.paudimodel.com\/de\/wp-json\/wp\/v2\/pages\/71552","targetHints":{"allow":["GET"]}}],"collection":[{"href":"https:\/\/www.paudimodel.com\/de\/wp-json\/wp\/v2\/pages"}],"about":[{"href":"https:\/\/www.paudimodel.com\/de\/wp-json\/wp\/v2\/types\/page"}],"author":[{"embeddable":true,"href":"https:\/\/www.paudimodel.com\/de\/wp-json\/wp\/v2\/users\/1"}],"replies":[{"embeddable":true,"href":"https:\/\/www.paudimodel.com\/de\/wp-json\/wp\/v2\/comments?post=71552"}],"version-history":[{"count":0,"href":"https:\/\/www.paudimodel.com\/de\/wp-json\/wp\/v2\/pages\/71552\/revisions"}],"up":[{"embeddable":true,"href":"https:\/\/www.paudimodel.com\/de\/wp-json\/wp\/v2\/pages\/71572"}],"wp:attachment":[{"href":"https:\/\/www.paudimodel.com\/de\/wp-json\/wp\/v2\/media?parent=71552"}],"curies":[{"name":"wp","href":"https:\/\/api.w.org\/{rel}","templated":true}]}}