{"id":71668,"date":"2021-08-21T17:08:43","date_gmt":"2021-08-21T17:08:43","guid":{"rendered":"https:\/\/www.paudimodel.com\/?page_id=71668"},"modified":"2021-08-21T17:38:12","modified_gmt":"2021-08-21T17:38:12","slug":"registration-and-login","status":"publish","type":"page","link":"https:\/\/www.paudimodel.com\/de\/help-center-2\/registration-and-login\/","title":{"rendered":"Registrierung und Login"},"content":{"rendered":"<style type=\"text\/css\" data-created_by=\"avia_inline_auto\" id=\"style-css-av-ksm2efh3-dc6f05e56bf6597afd9fe81384e5223d\">\n#top .av-special-heading.av-ksm2efh3-dc6f05e56bf6597afd9fe81384e5223d{\npadding-bottom:10px;\n}\nbody .av-special-heading.av-ksm2efh3-dc6f05e56bf6597afd9fe81384e5223d .av-special-heading-tag .heading-char{\nfont-size:25px;\n}\n.av-special-heading.av-ksm2efh3-dc6f05e56bf6597afd9fe81384e5223d .av-subheading{\nfont-size:15px;\n}\n<\/style>\n<div  class='av-special-heading av-ksm2efh3-dc6f05e56bf6597afd9fe81384e5223d av-special-heading-h3  avia-builder-el-0  el_before_av_hr  avia-builder-el-first'><h3 class='av-special-heading-tag'  itemprop=\"headline\"  >Registrierung und Login<\/h3><div class=\"special-heading-border\"><div class=\"special-heading-inner-border\"><\/div><\/div><\/div>\n<div  class='hr av-av_hr-91d7ccd583a503147498e120fee2ff9b hr-default  avia-builder-el-1  el_after_av_heading  el_before_av_toggle_container'><span class='hr-inner'><span class=\"hr-inner-style\"><\/span><\/span><\/div>\n<div  class='togglecontainer av-ksm17pwi-8c29dc806fec67851f4e272281af5ba4  avia-builder-el-2  el_after_av_hr  avia-builder-el-last  toggle_close_all' >\n<section class='av_toggle_section av-ksm0zrol-a58abd17bbc293d0680e13eca7250a3d'  itemscope=\"itemscope\" itemtype=\"https:\/\/schema.org\/CreativeWork\" ><div role=\"tablist\" class=\"single_toggle\" data-tags=\"{Alle} \"  ><p id='toggle-toggle-id-1' data-fake-id='#toggle-id-1' class='toggler  av-title-above'  itemprop=\"headline\"  role='tab' tabindex='0' aria-controls='toggle-id-1' data-slide-speed=\"200\" data-title=\"How do I register for a paudimodel.com account?\" data-title-open=\"\" data-aria_collapsed=\"Click to expand: How do I register for a paudimodel.com account?\" data-aria_expanded=\"Click to collapse: How do I register for a paudimodel.com account?\">Wie registriere ich mich f\u00fcr ein Konto bei paudimodel.com?<span class=\"toggle_icon\"><span class=\"vert_icon\"><\/span><span class=\"hor_icon\"><\/span><\/span><\/p><div id='toggle-id-1' aria-labelledby='toggle-toggle-id-1' role='region' class='toggle_wrap  av-title-above'  ><div class='toggle_content invers-color'  itemprop=\"text\" ><p>Wie registriere ich mich f\u00fcr ein Konto bei paudimodel.com?<br \/>\nl Klicken Sie auf den Registrierungsbutton oben rechts auf der Startseite;<\/p>\n<p>l Geben Sie Ihre E-Mail-Adresse und ein Passwort ein und pr\u00fcfen Sie anschlie\u00dfend Ihren Posteingang auf die E-Mail mit Ihrem Registrierungsbest\u00e4tigungscode;<\/p>\n<p>l Nach Erhalt der Registrierungs-E-Mail klicken Sie auf den Link in der E-Mail oder auf die Schaltfl\u00e4che \u201eAktivieren\u201c, um die Registrierung abzuschlie\u00dfen;<\/p>\n<p>Klicken Sie auf \u201eJetzt einkaufen\u201c und Sie k\u00f6nnen Ihren Einkauf bei paudimodel starten.<\/p>\n<\/div><\/div><\/div><\/section>\n<section class='av_toggle_section av-ksm12mz8-5a574b37e5de1086ba4a9fb1ea73c893'  itemscope=\"itemscope\" itemtype=\"https:\/\/schema.org\/CreativeWork\" ><div role=\"tablist\" class=\"single_toggle\" data-tags=\"{Alle} \"  ><p id='toggle-toggle-id-2' data-fake-id='#toggle-id-2' class='toggler  av-title-above'  itemprop=\"headline\"  role='tab' tabindex='0' aria-controls='toggle-id-2' data-slide-speed=\"200\" data-title=\"Why can\u2019t I register for a paudimodel.com account?\" data-title-open=\"\" data-aria_collapsed=\"Click to expand: Why can\u2019t I register for a paudimodel.com account?\" data-aria_expanded=\"Click to collapse: Why can\u2019t I register for a paudimodel.com account?\">Warum kann ich mich nicht f\u00fcr ein paudimodel.com-Konto registrieren?<span class=\"toggle_icon\"><span class=\"vert_icon\"><\/span><span class=\"hor_icon\"><\/span><\/span><\/p><div id='toggle-id-2' aria-labelledby='toggle-toggle-id-2' role='region' class='toggle_wrap  av-title-above'  ><div class='toggle_content invers-color'  itemprop=\"text\" ><p>Warum kann ich mich nicht f\u00fcr ein paudimodel.com-Konto registrieren?<br \/>\nl Sie m\u00fcssen eine verf\u00fcgbare E-Mail-Adresse verwenden, die nicht mit einem anderen Konto verkn\u00fcpft ist;<\/p>\n<p>Bitte l\u00f6schen Sie die Cookies Ihres Browsers oder verwenden Sie einen anderen Browser zur Registrierung;<\/p>\n<p>Bitte pr\u00fcfen Sie, ob sich die Registrierungs-E-Mail in Ihrem Spam-Ordner befindet.<\/p>\n<\/div><\/div><\/div><\/section>\n<section class='av_toggle_section av-ksm147o5-59951d4b61d36f146a273ac9ec8ebd09'  itemscope=\"itemscope\" itemtype=\"https:\/\/schema.org\/CreativeWork\" ><div role=\"tablist\" class=\"single_toggle\" data-tags=\"{Alle} \"  ><p id='toggle-toggle-id-3' data-fake-id='#toggle-id-3' class='toggler  av-title-above'  itemprop=\"headline\"  role='tab' tabindex='0' aria-controls='toggle-id-3' data-slide-speed=\"200\" data-title=\"Why can\u2019t I login to paudimodel.com?\" data-title-open=\"\" data-aria_collapsed=\"Click to expand: Why can\u2019t I login to paudimodel.com?\" data-aria_expanded=\"Click to collapse: Why can\u2019t I login to paudimodel.com?\">Warum kann ich mich nicht bei paudimodel.com anmelden?<span class=\"toggle_icon\"><span class=\"vert_icon\"><\/span><span class=\"hor_icon\"><\/span><\/span><\/p><div id='toggle-id-3' aria-labelledby='toggle-toggle-id-3' role='region' class='toggle_wrap  av-title-above'  ><div class='toggle_content invers-color'  itemprop=\"text\" ><p>Ihr Konto wurde m\u00f6glicherweise aufgrund eines Versto\u00dfes gegen die Nutzungsbedingungen der Plattform geschlossen;<\/p>\n<p>l Leeren Sie den Cache Ihres Browsers oder verwenden Sie einen anderen Browser;<\/p>\n<p>Bitte pr\u00fcfen Sie, ob die Feststelltaste aktiviert ist und ob Ihr Passwort keine Leerzeichen enth\u00e4lt. Falls Sie Ihr Passwort vergessen haben, klicken Sie bitte auf \u201ePasswort vergessen\u201c, um es zu \u00e4ndern.<\/p>\n<\/div><\/div><\/div><\/section>\n<section class='av_toggle_section av-ksm273us-9d87a21593bdceebeb4ae8f300252b85'  itemscope=\"itemscope\" itemtype=\"https:\/\/schema.org\/CreativeWork\" ><div role=\"tablist\" class=\"single_toggle\" data-tags=\"{Alle} \"  ><p id='toggle-toggle-id-4' data-fake-id='#toggle-id-4' class='toggler  av-title-above'  itemprop=\"headline\"  role='tab' tabindex='0' aria-controls='toggle-id-4' data-slide-speed=\"200\" data-title=\"Can I register for a dealer account on the website?\" data-title-open=\"\" data-aria_collapsed=\"Click to expand: Can I register for a dealer account on the website?\" data-aria_expanded=\"Click to collapse: Can I register for a dealer account on the website?\">Kann ich mich auf der Website f\u00fcr ein H\u00e4ndlerkonto registrieren?<span class=\"toggle_icon\"><span class=\"vert_icon\"><\/span><span class=\"hor_icon\"><\/span><\/span><\/p><div id='toggle-id-4' aria-labelledby='toggle-toggle-id-4' role='region' class='toggle_wrap  av-title-above'  ><div class='toggle_content invers-color'  itemprop=\"text\" ><p>Sie k\u00f6nnen sich \u00fcber die Registrierungsseite als unser Vertriebspartner bewerben, allerdings sind f\u00fcr die Ernennung zum Vertriebspartner mehrere Pr\u00fcfungen erforderlich. Erst nach Bestehen dieser Pr\u00fcfungen k\u00f6nnen Sie unser Vertriebspartner werden.<\/p>\n<\/div><\/div><\/div><\/section>\n<section class='av_toggle_section av-ksm17mrj-f11fbc462eda3dfb24d2040e242d0c17'  itemscope=\"itemscope\" itemtype=\"https:\/\/schema.org\/CreativeWork\" ><div role=\"tablist\" class=\"single_toggle\" data-tags=\"{Alle} \"  ><p id='toggle-toggle-id-5' data-fake-id='#toggle-id-5' class='toggler  av-title-above'  itemprop=\"headline\"  role='tab' tabindex='0' aria-controls='toggle-id-5' data-slide-speed=\"200\" data-title=\"How do I register for another account using the same email?\" data-title-open=\"\" data-aria_collapsed=\"Click to expand: How do I register for another account using the same email?\" data-aria_expanded=\"Click to collapse: How do I register for another account using the same email?\">Wie kann ich mich mit derselben E-Mail-Adresse f\u00fcr ein weiteres Konto registrieren?<span class=\"toggle_icon\"><span class=\"vert_icon\"><\/span><span class=\"hor_icon\"><\/span><\/span><\/p><div id='toggle-id-5' aria-labelledby='toggle-toggle-id-5' role='region' class='toggle_wrap  av-title-above'  ><div class='toggle_content invers-color'  itemprop=\"text\" ><p>Leider k\u00f6nnen Sie sich mit derselben E-Mail-Adresse nur f\u00fcr ein Konto registrieren.<\/p>\n<\/div><\/div><\/div><\/section>\n<\/div>","protected":false},"excerpt":{"rendered":"","protected":false},"author":1,"featured_media":0,"parent":71572,"menu_order":1,"comment_status":"closed","ping_status":"closed","template":"","meta":{"footnotes":""},"class_list":["post-71668","page","type-page","status-publish","hentry"],"yoast_head":"<!-- This site is optimized with the Yoast SEO Premium plugin v25.6 (Yoast SEO v27.5) - https:\/\/yoast.com\/product\/yoast-seo-premium-wordpress\/ -->\n<title>Registration and Login - Paudi Model | High Quality Diecast Model<\/title>\n<meta name=\"robots\" content=\"index, follow, max-snippet:-1, max-image-preview:large, max-video-preview:-1\" \/>\n<link rel=\"canonical\" href=\"https:\/\/www.paudimodel.com\/de\/help-center-2\/registration-and-login\/\" \/>\n<meta property=\"og:locale\" content=\"de_DE\" \/>\n<meta property=\"og:type\" content=\"article\" \/>\n<meta property=\"og:title\" content=\"Registration and Login\" \/>\n<meta property=\"og:url\" content=\"https:\/\/www.paudimodel.com\/de\/help-center-2\/registration-and-login\/\" \/>\n<meta property=\"og:site_name\" content=\"Paudi Model | High Quality Diecast Model\" \/>\n<meta property=\"article:publisher\" content=\"https:\/\/www.facebook\/paudimodel\" \/>\n<meta property=\"article:modified_time\" content=\"2021-08-21T17:38:12+00:00\" \/>\n<meta name=\"twitter:card\" content=\"summary_large_image\" \/>\n<meta name=\"twitter:site\" content=\"@paudimodel\" \/>\n<meta name=\"twitter:label1\" content=\"Gesch\u00e4tzte Lesezeit\" \/>\n\t<meta name=\"twitter:data1\" content=\"2\u00a0Minuten\" \/>\n<script type=\"application\/ld+json\" class=\"yoast-schema-graph\">{\"@context\":\"https:\\\/\\\/schema.org\",\"@graph\":[{\"@type\":\"WebPage\",\"@id\":\"https:\\\/\\\/www.paudimodel.com\\\/help-center-2\\\/registration-and-login\\\/\",\"url\":\"https:\\\/\\\/www.paudimodel.com\\\/help-center-2\\\/registration-and-login\\\/\",\"name\":\"Registration and Login - Paudi Model | High Quality Diecast Model\",\"isPartOf\":{\"@id\":\"https:\\\/\\\/www.paudimodel.com\\\/#website\"},\"datePublished\":\"2021-08-21T17:08:43+00:00\",\"dateModified\":\"2021-08-21T17:38:12+00:00\",\"breadcrumb\":{\"@id\":\"https:\\\/\\\/www.paudimodel.com\\\/help-center-2\\\/registration-and-login\\\/#breadcrumb\"},\"inLanguage\":\"de\",\"potentialAction\":[{\"@type\":\"ReadAction\",\"target\":[\"https:\\\/\\\/www.paudimodel.com\\\/help-center-2\\\/registration-and-login\\\/\"]}]},{\"@type\":\"BreadcrumbList\",\"@id\":\"https:\\\/\\\/www.paudimodel.com\\\/help-center-2\\\/registration-and-login\\\/#breadcrumb\",\"itemListElement\":[{\"@type\":\"ListItem\",\"position\":1,\"name\":\"Home\",\"item\":\"https:\\\/\\\/www.paudimodel.com\\\/\"},{\"@type\":\"ListItem\",\"position\":2,\"name\":\"Help Center\",\"item\":\"https:\\\/\\\/www.paudimodel.com\\\/help-center-2\\\/\"},{\"@type\":\"ListItem\",\"position\":3,\"name\":\"Registration and Login\"}]},{\"@type\":\"WebSite\",\"@id\":\"https:\\\/\\\/www.paudimodel.com\\\/#website\",\"url\":\"https:\\\/\\\/www.paudimodel.com\\\/\",\"name\":\"Paudi Model | High Quality Diecast Model\",\"description\":\"Shop For Diecast Models From Top-Rated Brands Like Dealer Edition, Paudi, Kyosho, Autoart &amp; More. Low Online Prices. Super-Detailed Models.Find Your Make &amp; Model.Huge Selection. Satisfaction Guaranteed. Types: Diecast Model Cars, Diecast Model Trucks.\",\"publisher\":{\"@id\":\"https:\\\/\\\/www.paudimodel.com\\\/#organization\"},\"alternateName\":\"Scale model design, development and production\",\"potentialAction\":[{\"@type\":\"SearchAction\",\"target\":{\"@type\":\"EntryPoint\",\"urlTemplate\":\"https:\\\/\\\/www.paudimodel.com\\\/?s={search_term_string}\"},\"query-input\":{\"@type\":\"PropertyValueSpecification\",\"valueRequired\":true,\"valueName\":\"search_term_string\"}}],\"inLanguage\":\"de\"},{\"@type\":\"Organization\",\"@id\":\"https:\\\/\\\/www.paudimodel.com\\\/#organization\",\"name\":\"Guangzhou Paudi Model Technology Ltd.\",\"url\":\"https:\\\/\\\/www.paudimodel.com\\\/\",\"logo\":{\"@type\":\"ImageObject\",\"inLanguage\":\"de\",\"@id\":\"https:\\\/\\\/www.paudimodel.com\\\/#\\\/schema\\\/logo\\\/image\\\/\",\"url\":\"https:\\\/\\\/www.paudimodel.com\\\/wp-content\\\/uploads\\\/2023\\\/02\\\/696x696.png\",\"contentUrl\":\"https:\\\/\\\/www.paudimodel.com\\\/wp-content\\\/uploads\\\/2023\\\/02\\\/696x696.png\",\"width\":696,\"height\":696,\"caption\":\"Guangzhou Paudi Model Technology Ltd.\"},\"image\":{\"@id\":\"https:\\\/\\\/www.paudimodel.com\\\/#\\\/schema\\\/logo\\\/image\\\/\"},\"sameAs\":[\"https:\\\/\\\/www.facebook\\\/paudimodel\",\"https:\\\/\\\/x.com\\\/paudimodel\"]}]}<\/script>\n<!-- \/ Yoast SEO Premium plugin. -->","yoast_head_json":{"title":"Registration and Login - Paudi Model | High Quality Diecast Model","robots":{"index":"index","follow":"follow","max-snippet":"max-snippet:-1","max-image-preview":"max-image-preview:large","max-video-preview":"max-video-preview:-1"},"canonical":"https:\/\/www.paudimodel.com\/de\/help-center-2\/registration-and-login\/","og_locale":"de_DE","og_type":"article","og_title":"Registration and Login","og_url":"https:\/\/www.paudimodel.com\/de\/help-center-2\/registration-and-login\/","og_site_name":"Paudi Model | High Quality Diecast Model","article_publisher":"https:\/\/www.facebook\/paudimodel","article_modified_time":"2021-08-21T17:38:12+00:00","twitter_card":"summary_large_image","twitter_site":"@paudimodel","twitter_misc":{"Gesch\u00e4tzte Lesezeit":"2\u00a0Minuten"},"schema":{"@context":"https:\/\/schema.org","@graph":[{"@type":"WebPage","@id":"https:\/\/www.paudimodel.com\/help-center-2\/registration-and-login\/","url":"https:\/\/www.paudimodel.com\/help-center-2\/registration-and-login\/","name":"Registration and Login - Paudi Model | High Quality Diecast Model","isPartOf":{"@id":"https:\/\/www.paudimodel.com\/#website"},"datePublished":"2021-08-21T17:08:43+00:00","dateModified":"2021-08-21T17:38:12+00:00","breadcrumb":{"@id":"https:\/\/www.paudimodel.com\/help-center-2\/registration-and-login\/#breadcrumb"},"inLanguage":"de","potentialAction":[{"@type":"ReadAction","target":["https:\/\/www.paudimodel.com\/help-center-2\/registration-and-login\/"]}]},{"@type":"BreadcrumbList","@id":"https:\/\/www.paudimodel.com\/help-center-2\/registration-and-login\/#breadcrumb","itemListElement":[{"@type":"ListItem","position":1,"name":"Home","item":"https:\/\/www.paudimodel.com\/"},{"@type":"ListItem","position":2,"name":"Help Center","item":"https:\/\/www.paudimodel.com\/help-center-2\/"},{"@type":"ListItem","position":3,"name":"Registration and Login"}]},{"@type":"WebSite","@id":"https:\/\/www.paudimodel.com\/#website","url":"https:\/\/www.paudimodel.com\/","name":"Paudi-Modell | Hochwertiges Druckgussmodell","description":"Kaufen Sie Druckgussmodelle von Top-Marken wie Dealer Edition, Paudi, Kyosho, Autoart und mehr. G\u00fcnstige Online-Preise. Superdetaillierte Modelle. Finden Sie Ihre Marke und Ihr Modell. Riesige Auswahl. Zufriedenheitsgarantie. Typen: Druckguss-Modellautos, Druckguss-Modell-LKWs.","publisher":{"@id":"https:\/\/www.paudimodel.com\/#organization"},"alternateName":"Scale model design, development and production","potentialAction":[{"@type":"SearchAction","target":{"@type":"EntryPoint","urlTemplate":"https:\/\/www.paudimodel.com\/?s={search_term_string}"},"query-input":{"@type":"PropertyValueSpecification","valueRequired":true,"valueName":"search_term_string"}}],"inLanguage":"de"},{"@type":"Organization","@id":"https:\/\/www.paudimodel.com\/#organization","name":"Guangzhou Paudi Model Technology Ltd.","url":"https:\/\/www.paudimodel.com\/","logo":{"@type":"ImageObject","inLanguage":"de","@id":"https:\/\/www.paudimodel.com\/#\/schema\/logo\/image\/","url":"https:\/\/www.paudimodel.com\/wp-content\/uploads\/2023\/02\/696x696.png","contentUrl":"https:\/\/www.paudimodel.com\/wp-content\/uploads\/2023\/02\/696x696.png","width":696,"height":696,"caption":"Guangzhou Paudi Model Technology Ltd."},"image":{"@id":"https:\/\/www.paudimodel.com\/#\/schema\/logo\/image\/"},"sameAs":["https:\/\/www.facebook\/paudimodel","https:\/\/x.com\/paudimodel"]}]}},"_links":{"self":[{"href":"https:\/\/www.paudimodel.com\/de\/wp-json\/wp\/v2\/pages\/71668","targetHints":{"allow":["GET"]}}],"collection":[{"href":"https:\/\/www.paudimodel.com\/de\/wp-json\/wp\/v2\/pages"}],"about":[{"href":"https:\/\/www.paudimodel.com\/de\/wp-json\/wp\/v2\/types\/page"}],"author":[{"embeddable":true,"href":"https:\/\/www.paudimodel.com\/de\/wp-json\/wp\/v2\/users\/1"}],"replies":[{"embeddable":true,"href":"https:\/\/www.paudimodel.com\/de\/wp-json\/wp\/v2\/comments?post=71668"}],"version-history":[{"count":0,"href":"https:\/\/www.paudimodel.com\/de\/wp-json\/wp\/v2\/pages\/71668\/revisions"}],"up":[{"embeddable":true,"href":"https:\/\/www.paudimodel.com\/de\/wp-json\/wp\/v2\/pages\/71572"}],"wp:attachment":[{"href":"https:\/\/www.paudimodel.com\/de\/wp-json\/wp\/v2\/media?parent=71668"}],"curies":[{"name":"wp","href":"https:\/\/api.w.org\/{rel}","templated":true}]}}