{"id":42570,"date":"2016-04-20T22:07:34","date_gmt":"2016-04-20T22:07:34","guid":{"rendered":"http:\/\/www.paudimodel.com\/product\/qx60\/"},"modified":"2021-10-22T07:05:17","modified_gmt":"2021-10-22T07:05:17","slug":"infiniti-qx60-2014-118-scale-diecast-model-car","status":"publish","type":"product","link":"https:\/\/www.paudimodel.com\/de\/produkt\/infiniti-qx60-2014-118-scale-diecast-model-car\/","title":{"rendered":"Infiniti QX60 2014, Druckguss-Modellauto im Ma\u00dfstab 1:18"},"content":{"rendered":"<p>Dieses Modellauto ist eine detailgetreue Nachbildung des Infiniti QX60 aus dem Jahr 2014 im Ma\u00dfstab 1:18 und geh\u00f6rt zu den hochwertigen Diecast-Modellautos der Infiniti-Serie. Es besteht aus einer Zinklegierung und ist mit einer dreifachen elektrostatischen Lackierung versehen. Das Modellauto verf\u00fcgt \u00fcber Hunderte von Einzelteilen und ist aufgrund seines Sammlerwerts die ideale Wahl f\u00fcr Sammler und als Geschenk. Die Karosserie ist aus einer Zinklegierung gefertigt und verf\u00fcgt \u00fcber eine Vorder- und Hinterradaufh\u00e4ngung, vier zu \u00f6ffnende T\u00fcren, eine zu \u00f6ffnende Motorhaube, die den Blick auf die verschiedenen Motorteile freigibt, sowie eine zu \u00f6ffnende Heckklappe. Der Innenraum ist mit einem realistischen Teppichboden und galvanisierten Reifen ausgestattet.<\/p>\n<p><img loading=\"lazy\" decoding=\"async\" class=\"alignnone size-full wp-image-44127 aligncenter\" src=\"http:\/\/www.paudimodel.com\/wp-content\/uploads\/2016\/04\/Infiniti-QX60-2014_black-2.jpg\" alt=\"\" width=\"990\" height=\"658\" srcset=\"https:\/\/www.paudimodel.com\/wp-content\/uploads\/2016\/04\/Infiniti-QX60-2014_black-2.jpg 990w, https:\/\/www.paudimodel.com\/wp-content\/uploads\/2016\/04\/Infiniti-QX60-2014_black-2-300x199.jpg 300w, https:\/\/www.paudimodel.com\/wp-content\/uploads\/2016\/04\/Infiniti-QX60-2014_black-2-450x299.jpg 450w, https:\/\/www.paudimodel.com\/wp-content\/uploads\/2016\/04\/Infiniti-QX60-2014_black-2-768x510.jpg 768w\" sizes=\"auto, (max-width: 990px) 100vw, 990px\" \/><\/p>\n<p style=\"text-align: center\"><img loading=\"lazy\" decoding=\"async\" class=\"alignnone size-full wp-image-44128\" src=\"http:\/\/www.paudimodel.com\/wp-content\/uploads\/2016\/04\/Infiniti-QX60-2014_black-3.jpg\" alt=\"\" width=\"990\" height=\"658\" srcset=\"https:\/\/www.paudimodel.com\/wp-content\/uploads\/2016\/04\/Infiniti-QX60-2014_black-3.jpg 990w, https:\/\/www.paudimodel.com\/wp-content\/uploads\/2016\/04\/Infiniti-QX60-2014_black-3-300x199.jpg 300w, https:\/\/www.paudimodel.com\/wp-content\/uploads\/2016\/04\/Infiniti-QX60-2014_black-3-450x299.jpg 450w, https:\/\/www.paudimodel.com\/wp-content\/uploads\/2016\/04\/Infiniti-QX60-2014_black-3-768x510.jpg 768w\" sizes=\"auto, (max-width: 990px) 100vw, 990px\" \/><br \/>\n<img loading=\"lazy\" decoding=\"async\" class=\"alignnone size-full wp-image-44131\" src=\"http:\/\/www.paudimodel.com\/wp-content\/uploads\/2016\/04\/Infiniti-QX60-2014_black-7.jpg\" alt=\"\" width=\"990\" height=\"658\" srcset=\"https:\/\/www.paudimodel.com\/wp-content\/uploads\/2016\/04\/Infiniti-QX60-2014_black-7.jpg 990w, https:\/\/www.paudimodel.com\/wp-content\/uploads\/2016\/04\/Infiniti-QX60-2014_black-7-300x199.jpg 300w, https:\/\/www.paudimodel.com\/wp-content\/uploads\/2016\/04\/Infiniti-QX60-2014_black-7-450x299.jpg 450w, https:\/\/www.paudimodel.com\/wp-content\/uploads\/2016\/04\/Infiniti-QX60-2014_black-7-768x510.jpg 768w\" sizes=\"auto, (max-width: 990px) 100vw, 990px\" \/><\/p>\n<p><img loading=\"lazy\" decoding=\"async\" class=\"alignnone size-full wp-image-44132 aligncenter\" src=\"http:\/\/www.paudimodel.com\/wp-content\/uploads\/2016\/04\/Infiniti-QX60-2014_black-10.jpg\" alt=\"\" width=\"990\" height=\"658\" srcset=\"https:\/\/www.paudimodel.com\/wp-content\/uploads\/2016\/04\/Infiniti-QX60-2014_black-10.jpg 990w, https:\/\/www.paudimodel.com\/wp-content\/uploads\/2016\/04\/Infiniti-QX60-2014_black-10-300x199.jpg 300w, https:\/\/www.paudimodel.com\/wp-content\/uploads\/2016\/04\/Infiniti-QX60-2014_black-10-450x299.jpg 450w, https:\/\/www.paudimodel.com\/wp-content\/uploads\/2016\/04\/Infiniti-QX60-2014_black-10-768x510.jpg 768w\" sizes=\"auto, (max-width: 990px) 100vw, 990px\" \/><br \/>\n<img loading=\"lazy\" decoding=\"async\" class=\"alignnone size-full wp-image-44133 aligncenter\" src=\"http:\/\/www.paudimodel.com\/wp-content\/uploads\/2016\/04\/Infiniti-QX60-2014_black-30.jpg\" alt=\"\" width=\"990\" height=\"658\" srcset=\"https:\/\/www.paudimodel.com\/wp-content\/uploads\/2016\/04\/Infiniti-QX60-2014_black-30.jpg 990w, https:\/\/www.paudimodel.com\/wp-content\/uploads\/2016\/04\/Infiniti-QX60-2014_black-30-300x199.jpg 300w, https:\/\/www.paudimodel.com\/wp-content\/uploads\/2016\/04\/Infiniti-QX60-2014_black-30-450x299.jpg 450w, https:\/\/www.paudimodel.com\/wp-content\/uploads\/2016\/04\/Infiniti-QX60-2014_black-30-768x510.jpg 768w\" sizes=\"auto, (max-width: 990px) 100vw, 990px\" \/><\/p>\n<p>&nbsp;<\/p>","protected":false},"excerpt":{"rendered":"<p><img loading=\"lazy\" decoding=\"async\" class=\"size-full wp-image-42559 alignleft\" src=\"http:\/\/www.paudimodel.com\/wp-content\/uploads\/2016\/04\/7.png\" alt=\"7\" width=\"50\" height=\"49\" \/><img loading=\"lazy\" decoding=\"async\" class=\"size-full wp-image-42568 alignleft\" src=\"http:\/\/www.paudimodel.com\/wp-content\/uploads\/2016\/04\/6.png\" alt=\"6\" width=\"50\" height=\"49\" \/><\/p>\n<p><img loading=\"lazy\" decoding=\"async\" class=\"size-full wp-image-42567 alignleft\" src=\"http:\/\/www.paudimodel.com\/wp-content\/uploads\/2016\/04\/5.png\" alt=\"5\" width=\"50\" height=\"49\" \/><\/p>\n<p><img loading=\"lazy\" decoding=\"async\" class=\"size-full wp-image-42566 alignleft\" src=\"http:\/\/www.paudimodel.com\/wp-content\/uploads\/2016\/04\/4.png\" alt=\"4\" width=\"50\" height=\"48\" \/><\/p>\n<p><img loading=\"lazy\" decoding=\"async\" class=\"size-full wp-image-42565 alignleft\" src=\"http:\/\/www.paudimodel.com\/wp-content\/uploads\/2016\/04\/3.png\" alt=\"3\" width=\"50\" height=\"42\" \/><\/p>\n<p>&nbsp;<\/p>\n<p>&nbsp;<\/p>\n<p><img loading=\"lazy\" decoding=\"async\" class=\"size-full wp-image-42564 alignleft\" src=\"http:\/\/www.paudimodel.com\/wp-content\/uploads\/2016\/04\/2.png\" alt=\"2\" width=\"50\" height=\"45\" \/><\/p>\n<p><img loading=\"lazy\" decoding=\"async\" class=\"size-full wp-image-42563 alignleft\" src=\"http:\/\/www.paudimodel.com\/wp-content\/uploads\/2016\/04\/1.png\" alt=\"1\" width=\"50\" height=\"45\" \/><\/p>\n<p><img loading=\"lazy\" decoding=\"async\" class=\"size-full wp-image-42562 alignleft\" src=\"http:\/\/www.paudimodel.com\/wp-content\/uploads\/2016\/04\/10.png\" alt=\"10\" width=\"50\" height=\"49\" \/><\/p>\n<p><img loading=\"lazy\" decoding=\"async\" class=\"size-full wp-image-42561 alignleft\" src=\"http:\/\/www.paudimodel.com\/wp-content\/uploads\/2016\/04\/9.png\" alt=\"9\" width=\"50\" height=\"49\" \/><\/p>\n<p><img loading=\"lazy\" decoding=\"async\" class=\"size-full wp-image-42560 alignleft\" src=\"http:\/\/www.paudimodel.com\/wp-content\/uploads\/2016\/04\/8.png\" alt=\"8\" width=\"50\" height=\"43\" \/><\/p>","protected":false},"featured_media":42472,"comment_status":"open","ping_status":"closed","template":"","meta":[],"product_brand":[],"product_cat":[466,51],"product_tag":[64],"class_list":{"0":"post-42570","1":"product","2":"type-product","3":"status-publish","4":"has-post-thumbnail","6":"product_cat-1-18-scale","7":"product_cat-infiniti","8":"product_tag-qx60-diecast-model-car","9":"pa_color-blackcolor","10":"pa_color-twilight-red","11":"pa_color-deep-blue-pearl","12":"pa_color-pearl-white","13":"pa_material-zinc-alloy-abs-variety-of-composite-materials","14":"pa_scale-34","16":"first","17":"outofstock","18":"taxable","19":"shipping-taxable","20":"purchasable","21":"product-type-variable","22":"has-default-attributes"},"yoast_head":"<!-- This site is optimized with the Yoast SEO Premium plugin v25.6 (Yoast SEO v26.7) - https:\/\/yoast.com\/wordpress\/plugins\/seo\/ -->\n<title>Infiniti QX60 2014 1\/18 Scale Diecast Model Car - Paudi Model | High Quality Diecast Model<\/title>\n<meta name=\"description\" content=\"1:18 Infiniti QX60 2014 Diecast Model Car\" \/>\n<meta name=\"robots\" content=\"index, follow, max-snippet:-1, max-image-preview:large, max-video-preview:-1\" \/>\n<link rel=\"canonical\" href=\"https:\/\/www.paudimodel.com\/de\/produkt\/infiniti-qx60-2014-118-scale-diecast-model-car\/\" \/>\n<meta property=\"og:locale\" content=\"de_DE\" \/>\n<meta property=\"og:type\" content=\"article\" \/>\n<meta property=\"og:title\" content=\"Infiniti QX60 2014 1\/18 Scale Diecast Model Car\" \/>\n<meta property=\"og:description\" content=\"1:18 Infiniti QX60 2014 Diecast Model Car\" \/>\n<meta property=\"og:url\" content=\"https:\/\/www.paudimodel.com\/de\/produkt\/infiniti-qx60-2014-118-scale-diecast-model-car\/\" \/>\n<meta property=\"og:site_name\" content=\"Paudi Model | High Quality Diecast Model\" \/>\n<meta property=\"article:publisher\" content=\"https:\/\/www.facebook\/paudimodel\" \/>\n<meta property=\"article:modified_time\" content=\"2021-10-22T07:05:17+00:00\" \/>\n<meta property=\"og:image\" content=\"https:\/\/www.paudimodel.com\/wp-content\/uploads\/2016\/04\/Infiniti-QX60-2014_white-1-1-1.jpg\" \/>\n\t<meta property=\"og:image:width\" content=\"990\" \/>\n\t<meta property=\"og:image:height\" content=\"658\" \/>\n\t<meta property=\"og:image:type\" content=\"image\/jpeg\" \/>\n<meta name=\"twitter:card\" content=\"summary_large_image\" \/>\n<meta name=\"twitter:site\" content=\"@paudimodel\" \/>\n<meta name=\"twitter:label1\" content=\"Gesch\u00e4tzte Lesezeit\" \/>\n\t<meta name=\"twitter:data1\" content=\"1\u00a0Minute\" \/>\n<script type=\"application\/ld+json\" class=\"yoast-schema-graph\">{\"@context\":\"https:\/\/schema.org\",\"@graph\":[{\"@type\":\"WebPage\",\"@id\":\"https:\/\/www.paudimodel.com\/product\/infiniti-qx60-2014-118-scale-diecast-model-car\/\",\"url\":\"https:\/\/www.paudimodel.com\/product\/infiniti-qx60-2014-118-scale-diecast-model-car\/\",\"name\":\"Infiniti QX60 2014 1\/18 Scale Diecast Model Car - Paudi Model | High Quality Diecast Model\",\"isPartOf\":{\"@id\":\"https:\/\/www.paudimodel.com\/#website\"},\"primaryImageOfPage\":{\"@id\":\"https:\/\/www.paudimodel.com\/product\/infiniti-qx60-2014-118-scale-diecast-model-car\/#primaryimage\"},\"image\":{\"@id\":\"https:\/\/www.paudimodel.com\/product\/infiniti-qx60-2014-118-scale-diecast-model-car\/#primaryimage\"},\"thumbnailUrl\":\"https:\/\/www.paudimodel.com\/wp-content\/uploads\/2016\/04\/Infiniti-QX60-2014_white-1-1-1.jpg\",\"datePublished\":\"2016-04-20T22:07:34+00:00\",\"dateModified\":\"2021-10-22T07:05:17+00:00\",\"description\":\"1:18 Infiniti QX60 2014 Diecast Model Car\",\"breadcrumb\":{\"@id\":\"https:\/\/www.paudimodel.com\/product\/infiniti-qx60-2014-118-scale-diecast-model-car\/#breadcrumb\"},\"inLanguage\":\"de\",\"potentialAction\":[{\"@type\":\"ReadAction\",\"target\":[\"https:\/\/www.paudimodel.com\/product\/infiniti-qx60-2014-118-scale-diecast-model-car\/\"]}]},{\"@type\":\"ImageObject\",\"inLanguage\":\"de\",\"@id\":\"https:\/\/www.paudimodel.com\/product\/infiniti-qx60-2014-118-scale-diecast-model-car\/#primaryimage\",\"url\":\"https:\/\/www.paudimodel.com\/wp-content\/uploads\/2016\/04\/Infiniti-QX60-2014_white-1-1-1.jpg\",\"contentUrl\":\"https:\/\/www.paudimodel.com\/wp-content\/uploads\/2016\/04\/Infiniti-QX60-2014_white-1-1-1.jpg\",\"width\":990,\"height\":658},{\"@type\":\"BreadcrumbList\",\"@id\":\"https:\/\/www.paudimodel.com\/product\/infiniti-qx60-2014-118-scale-diecast-model-car\/#breadcrumb\",\"itemListElement\":[{\"@type\":\"ListItem\",\"position\":1,\"name\":\"Home\",\"item\":\"https:\/\/www.paudimodel.com\/\"},{\"@type\":\"ListItem\",\"position\":2,\"name\":\"Products\",\"item\":\"https:\/\/www.paudimodel.com\/products\/\"},{\"@type\":\"ListItem\",\"position\":3,\"name\":\"Infiniti QX60 2014 1\/18 Scale Diecast Model Car\"}]},{\"@type\":\"WebSite\",\"@id\":\"https:\/\/www.paudimodel.com\/#website\",\"url\":\"https:\/\/www.paudimodel.com\/\",\"name\":\"Paudi Model | High Quality Diecast Model\",\"description\":\"Shop For Diecast Models From Top-Rated Brands Like Dealer Edition, Paudi, Kyosho, Autoart &amp; More. Low Online Prices. Super-Detailed Models.Find Your Make &amp; Model.Huge Selection. Satisfaction Guaranteed. Types: Diecast Model Cars, Diecast Model Trucks.\",\"publisher\":{\"@id\":\"https:\/\/www.paudimodel.com\/#organization\"},\"alternateName\":\"Scale model design, development and production\",\"potentialAction\":[{\"@type\":\"SearchAction\",\"target\":{\"@type\":\"EntryPoint\",\"urlTemplate\":\"https:\/\/www.paudimodel.com\/?s={search_term_string}\"},\"query-input\":{\"@type\":\"PropertyValueSpecification\",\"valueRequired\":true,\"valueName\":\"search_term_string\"}}],\"inLanguage\":\"de\"},{\"@type\":\"Organization\",\"@id\":\"https:\/\/www.paudimodel.com\/#organization\",\"name\":\"Guangzhou Paudi Model Technology Ltd.\",\"url\":\"https:\/\/www.paudimodel.com\/\",\"logo\":{\"@type\":\"ImageObject\",\"inLanguage\":\"de\",\"@id\":\"https:\/\/www.paudimodel.com\/#\/schema\/logo\/image\/\",\"url\":\"https:\/\/www.paudimodel.com\/wp-content\/uploads\/2023\/02\/696x696.png\",\"contentUrl\":\"https:\/\/www.paudimodel.com\/wp-content\/uploads\/2023\/02\/696x696.png\",\"width\":696,\"height\":696,\"caption\":\"Guangzhou Paudi Model Technology Ltd.\"},\"image\":{\"@id\":\"https:\/\/www.paudimodel.com\/#\/schema\/logo\/image\/\"},\"sameAs\":[\"https:\/\/www.facebook\/paudimodel\",\"https:\/\/x.com\/paudimodel\"]}]}<\/script>\n<!-- \/ Yoast SEO Premium plugin. -->","yoast_head_json":{"title":"Infiniti QX60 2014 1\/18 Scale Diecast Model Car - Paudi Model | High Quality Diecast Model","description":"1:18 Infiniti QX60 2014 Diecast Model Car","robots":{"index":"index","follow":"follow","max-snippet":"max-snippet:-1","max-image-preview":"max-image-preview:large","max-video-preview":"max-video-preview:-1"},"canonical":"https:\/\/www.paudimodel.com\/de\/produkt\/infiniti-qx60-2014-118-scale-diecast-model-car\/","og_locale":"de_DE","og_type":"article","og_title":"Infiniti QX60 2014 1\/18 Scale Diecast Model Car","og_description":"1:18 Infiniti QX60 2014 Diecast Model Car","og_url":"https:\/\/www.paudimodel.com\/de\/produkt\/infiniti-qx60-2014-118-scale-diecast-model-car\/","og_site_name":"Paudi Model | High Quality Diecast Model","article_publisher":"https:\/\/www.facebook\/paudimodel","article_modified_time":"2021-10-22T07:05:17+00:00","og_image":[{"width":990,"height":658,"url":"https:\/\/www.paudimodel.com\/wp-content\/uploads\/2016\/04\/Infiniti-QX60-2014_white-1-1-1.jpg","type":"image\/jpeg"}],"twitter_card":"summary_large_image","twitter_site":"@paudimodel","twitter_misc":{"Gesch\u00e4tzte Lesezeit":"1\u00a0Minute"},"schema":{"@context":"https:\/\/schema.org","@graph":[{"@type":"WebPage","@id":"https:\/\/www.paudimodel.com\/product\/infiniti-qx60-2014-118-scale-diecast-model-car\/","url":"https:\/\/www.paudimodel.com\/product\/infiniti-qx60-2014-118-scale-diecast-model-car\/","name":"Infiniti QX60 2014 1\/18 Scale Diecast Model Car - Paudi Model | High Quality Diecast Model","isPartOf":{"@id":"https:\/\/www.paudimodel.com\/#website"},"primaryImageOfPage":{"@id":"https:\/\/www.paudimodel.com\/product\/infiniti-qx60-2014-118-scale-diecast-model-car\/#primaryimage"},"image":{"@id":"https:\/\/www.paudimodel.com\/product\/infiniti-qx60-2014-118-scale-diecast-model-car\/#primaryimage"},"thumbnailUrl":"https:\/\/www.paudimodel.com\/wp-content\/uploads\/2016\/04\/Infiniti-QX60-2014_white-1-1-1.jpg","datePublished":"2016-04-20T22:07:34+00:00","dateModified":"2021-10-22T07:05:17+00:00","description":"1:18 Infiniti QX60 2014 Diecast Model Car","breadcrumb":{"@id":"https:\/\/www.paudimodel.com\/product\/infiniti-qx60-2014-118-scale-diecast-model-car\/#breadcrumb"},"inLanguage":"de","potentialAction":[{"@type":"ReadAction","target":["https:\/\/www.paudimodel.com\/product\/infiniti-qx60-2014-118-scale-diecast-model-car\/"]}]},{"@type":"ImageObject","inLanguage":"de","@id":"https:\/\/www.paudimodel.com\/product\/infiniti-qx60-2014-118-scale-diecast-model-car\/#primaryimage","url":"https:\/\/www.paudimodel.com\/wp-content\/uploads\/2016\/04\/Infiniti-QX60-2014_white-1-1-1.jpg","contentUrl":"https:\/\/www.paudimodel.com\/wp-content\/uploads\/2016\/04\/Infiniti-QX60-2014_white-1-1-1.jpg","width":990,"height":658},{"@type":"BreadcrumbList","@id":"https:\/\/www.paudimodel.com\/product\/infiniti-qx60-2014-118-scale-diecast-model-car\/#breadcrumb","itemListElement":[{"@type":"ListItem","position":1,"name":"Home","item":"https:\/\/www.paudimodel.com\/"},{"@type":"ListItem","position":2,"name":"Products","item":"https:\/\/www.paudimodel.com\/products\/"},{"@type":"ListItem","position":3,"name":"Infiniti QX60 2014 1\/18 Scale Diecast Model Car"}]},{"@type":"WebSite","@id":"https:\/\/www.paudimodel.com\/#website","url":"https:\/\/www.paudimodel.com\/","name":"Paudi-Modell | Hochwertiges Druckgussmodell","description":"Kaufen Sie Druckgussmodelle von Top-Marken wie Dealer Edition, Paudi, Kyosho, Autoart und mehr. G\u00fcnstige Online-Preise. Superdetaillierte Modelle. Finden Sie Ihre Marke und Ihr Modell. Riesige Auswahl. Zufriedenheitsgarantie. Typen: Druckguss-Modellautos, Druckguss-Modell-LKWs.","publisher":{"@id":"https:\/\/www.paudimodel.com\/#organization"},"alternateName":"Scale model design, development and production","potentialAction":[{"@type":"SearchAction","target":{"@type":"EntryPoint","urlTemplate":"https:\/\/www.paudimodel.com\/?s={search_term_string}"},"query-input":{"@type":"PropertyValueSpecification","valueRequired":true,"valueName":"search_term_string"}}],"inLanguage":"de"},{"@type":"Organization","@id":"https:\/\/www.paudimodel.com\/#organization","name":"Guangzhou Paudi Model Technology Ltd.","url":"https:\/\/www.paudimodel.com\/","logo":{"@type":"ImageObject","inLanguage":"de","@id":"https:\/\/www.paudimodel.com\/#\/schema\/logo\/image\/","url":"https:\/\/www.paudimodel.com\/wp-content\/uploads\/2023\/02\/696x696.png","contentUrl":"https:\/\/www.paudimodel.com\/wp-content\/uploads\/2023\/02\/696x696.png","width":696,"height":696,"caption":"Guangzhou Paudi Model Technology Ltd."},"image":{"@id":"https:\/\/www.paudimodel.com\/#\/schema\/logo\/image\/"},"sameAs":["https:\/\/www.facebook\/paudimodel","https:\/\/x.com\/paudimodel"]}]}},"_links":{"self":[{"href":"https:\/\/www.paudimodel.com\/de\/wp-json\/wp\/v2\/product\/42570","targetHints":{"allow":["GET"]}}],"collection":[{"href":"https:\/\/www.paudimodel.com\/de\/wp-json\/wp\/v2\/product"}],"about":[{"href":"https:\/\/www.paudimodel.com\/de\/wp-json\/wp\/v2\/types\/product"}],"replies":[{"embeddable":true,"href":"https:\/\/www.paudimodel.com\/de\/wp-json\/wp\/v2\/comments?post=42570"}],"wp:featuredmedia":[{"embeddable":true,"href":"https:\/\/www.paudimodel.com\/de\/wp-json\/wp\/v2\/media\/42472"}],"wp:attachment":[{"href":"https:\/\/www.paudimodel.com\/de\/wp-json\/wp\/v2\/media?parent=42570"}],"wp:term":[{"taxonomy":"product_brand","embeddable":true,"href":"https:\/\/www.paudimodel.com\/de\/wp-json\/wp\/v2\/product_brand?post=42570"},{"taxonomy":"product_cat","embeddable":true,"href":"https:\/\/www.paudimodel.com\/de\/wp-json\/wp\/v2\/product_cat?post=42570"},{"taxonomy":"product_tag","embeddable":true,"href":"https:\/\/www.paudimodel.com\/de\/wp-json\/wp\/v2\/product_tag?post=42570"}],"curies":[{"name":"wp","href":"https:\/\/api.w.org\/{rel}","templated":true}]}}