{"id":42574,"date":"2016-04-20T22:21:10","date_gmt":"2016-04-20T22:21:10","guid":{"rendered":"http:\/\/www.paudimodel.com\/product\/infiniti_fx50s_2009\/"},"modified":"2021-10-22T07:03:23","modified_gmt":"2021-10-22T07:03:23","slug":"infiniti-fx50s-2009-118-scale-diecast-model-car","status":"publish","type":"product","link":"https:\/\/www.paudimodel.com\/de\/produkt\/infiniti-fx50s-2009-118-scale-diecast-model-car\/","title":{"rendered":"Infiniti FX50S 2009 Druckguss-Modellauto im Ma\u00dfstab 1:18"},"content":{"rendered":"<p>Dieses Produkt basiert auf dem Infiniti FX50S-Modell und wurde verkleinert produziert. Das Modellauto im Ma\u00dfstab 1:18 ist ein hochwertiges Diecast-Modell aus der Infiniti-Modellauto-Serie. Es besteht aus einer Zinklegierung und ist mit einer dreifachen elektrostatischen Lackierung versehen. Das Modellauto besteht aus Hunderten von Teilen und hat einen hohen Sammlerwert. Es eignet sich hervorragend als Sammlerst\u00fcck oder Geschenk. Wir entwickeln kontinuierlich innovative Produkte, die den Anspr\u00fcchen unserer Kunden gerecht werden. Unsere Modelle in allen Gr\u00f6\u00dfen eignen sich sowohl zum Spielen als auch als begehrte Sammlerst\u00fccke.<br \/>\n<img loading=\"lazy\" decoding=\"async\" class=\"alignnone size-full wp-image-44088 aligncenter\" src=\"http:\/\/www.paudimodel.com\/wp-content\/uploads\/2016\/04\/infiniti_fx50s-2009_bk_01.jpg\" alt=\"\" width=\"600\" height=\"400\" srcset=\"https:\/\/www.paudimodel.com\/wp-content\/uploads\/2016\/04\/infiniti_fx50s-2009_bk_01.jpg 600w, https:\/\/www.paudimodel.com\/wp-content\/uploads\/2016\/04\/infiniti_fx50s-2009_bk_01-300x200.jpg 300w, https:\/\/www.paudimodel.com\/wp-content\/uploads\/2016\/04\/infiniti_fx50s-2009_bk_01-450x300.jpg 450w\" sizes=\"auto, (max-width: 600px) 100vw, 600px\" \/> <img loading=\"lazy\" decoding=\"async\" class=\"alignnone size-full wp-image-44089 aligncenter\" src=\"http:\/\/www.paudimodel.com\/wp-content\/uploads\/2016\/04\/infiniti_fx50s-2009_bk_02.jpg\" alt=\"\" width=\"600\" height=\"400\" srcset=\"https:\/\/www.paudimodel.com\/wp-content\/uploads\/2016\/04\/infiniti_fx50s-2009_bk_02.jpg 600w, https:\/\/www.paudimodel.com\/wp-content\/uploads\/2016\/04\/infiniti_fx50s-2009_bk_02-300x200.jpg 300w, https:\/\/www.paudimodel.com\/wp-content\/uploads\/2016\/04\/infiniti_fx50s-2009_bk_02-450x300.jpg 450w\" sizes=\"auto, (max-width: 600px) 100vw, 600px\" \/> <img loading=\"lazy\" decoding=\"async\" class=\"alignnone size-full wp-image-44090 aligncenter\" src=\"http:\/\/www.paudimodel.com\/wp-content\/uploads\/2016\/04\/infiniti_fx50s-2009_bk_03.jpg\" alt=\"\" width=\"600\" height=\"400\" srcset=\"https:\/\/www.paudimodel.com\/wp-content\/uploads\/2016\/04\/infiniti_fx50s-2009_bk_03.jpg 600w, https:\/\/www.paudimodel.com\/wp-content\/uploads\/2016\/04\/infiniti_fx50s-2009_bk_03-300x200.jpg 300w, https:\/\/www.paudimodel.com\/wp-content\/uploads\/2016\/04\/infiniti_fx50s-2009_bk_03-450x300.jpg 450w\" sizes=\"auto, (max-width: 600px) 100vw, 600px\" \/> <img loading=\"lazy\" decoding=\"async\" class=\"alignnone size-full wp-image-44091 aligncenter\" src=\"http:\/\/www.paudimodel.com\/wp-content\/uploads\/2016\/04\/infiniti_fx50s-2009_bk_04.jpg\" alt=\"\" width=\"600\" height=\"400\" srcset=\"https:\/\/www.paudimodel.com\/wp-content\/uploads\/2016\/04\/infiniti_fx50s-2009_bk_04.jpg 600w, https:\/\/www.paudimodel.com\/wp-content\/uploads\/2016\/04\/infiniti_fx50s-2009_bk_04-300x200.jpg 300w, https:\/\/www.paudimodel.com\/wp-content\/uploads\/2016\/04\/infiniti_fx50s-2009_bk_04-450x300.jpg 450w\" sizes=\"auto, (max-width: 600px) 100vw, 600px\" \/> <img loading=\"lazy\" decoding=\"async\" class=\"alignnone size-full wp-image-44092 aligncenter\" src=\"http:\/\/www.paudimodel.com\/wp-content\/uploads\/2016\/04\/infiniti_fx50s-2009_bk_05.jpg\" alt=\"\" width=\"600\" height=\"400\" srcset=\"https:\/\/www.paudimodel.com\/wp-content\/uploads\/2016\/04\/infiniti_fx50s-2009_bk_05.jpg 600w, https:\/\/www.paudimodel.com\/wp-content\/uploads\/2016\/04\/infiniti_fx50s-2009_bk_05-300x200.jpg 300w, https:\/\/www.paudimodel.com\/wp-content\/uploads\/2016\/04\/infiniti_fx50s-2009_bk_05-450x300.jpg 450w\" sizes=\"auto, (max-width: 600px) 100vw, 600px\" \/> <img loading=\"lazy\" decoding=\"async\" class=\"alignnone size-full wp-image-44093 aligncenter\" src=\"http:\/\/www.paudimodel.com\/wp-content\/uploads\/2016\/04\/infiniti_fx50s-2009_bk_06.jpg\" alt=\"\" width=\"600\" height=\"400\" srcset=\"https:\/\/www.paudimodel.com\/wp-content\/uploads\/2016\/04\/infiniti_fx50s-2009_bk_06.jpg 600w, https:\/\/www.paudimodel.com\/wp-content\/uploads\/2016\/04\/infiniti_fx50s-2009_bk_06-300x200.jpg 300w, https:\/\/www.paudimodel.com\/wp-content\/uploads\/2016\/04\/infiniti_fx50s-2009_bk_06-450x300.jpg 450w\" sizes=\"auto, (max-width: 600px) 100vw, 600px\" \/> <img loading=\"lazy\" decoding=\"async\" class=\"alignnone size-full wp-image-44095 aligncenter\" src=\"http:\/\/www.paudimodel.com\/wp-content\/uploads\/2016\/04\/infiniti_fx50s-2009_bk_07.jpg\" alt=\"\" width=\"600\" height=\"400\" srcset=\"https:\/\/www.paudimodel.com\/wp-content\/uploads\/2016\/04\/infiniti_fx50s-2009_bk_07.jpg 600w, https:\/\/www.paudimodel.com\/wp-content\/uploads\/2016\/04\/infiniti_fx50s-2009_bk_07-300x200.jpg 300w, https:\/\/www.paudimodel.com\/wp-content\/uploads\/2016\/04\/infiniti_fx50s-2009_bk_07-450x300.jpg 450w\" sizes=\"auto, (max-width: 600px) 100vw, 600px\" \/> <img loading=\"lazy\" decoding=\"async\" class=\"alignnone size-full wp-image-44096 aligncenter\" src=\"http:\/\/www.paudimodel.com\/wp-content\/uploads\/2016\/04\/infiniti_fx50s-2009_bk_08.jpg\" alt=\"\" width=\"600\" height=\"400\" srcset=\"https:\/\/www.paudimodel.com\/wp-content\/uploads\/2016\/04\/infiniti_fx50s-2009_bk_08.jpg 600w, https:\/\/www.paudimodel.com\/wp-content\/uploads\/2016\/04\/infiniti_fx50s-2009_bk_08-300x200.jpg 300w, https:\/\/www.paudimodel.com\/wp-content\/uploads\/2016\/04\/infiniti_fx50s-2009_bk_08-450x300.jpg 450w\" sizes=\"auto, (max-width: 600px) 100vw, 600px\" \/> <img loading=\"lazy\" decoding=\"async\" class=\"alignnone size-full wp-image-44097 aligncenter\" src=\"http:\/\/www.paudimodel.com\/wp-content\/uploads\/2016\/04\/infiniti_fx50s-2009_bk_09.jpg\" alt=\"\" width=\"600\" height=\"400\" srcset=\"https:\/\/www.paudimodel.com\/wp-content\/uploads\/2016\/04\/infiniti_fx50s-2009_bk_09.jpg 600w, https:\/\/www.paudimodel.com\/wp-content\/uploads\/2016\/04\/infiniti_fx50s-2009_bk_09-300x200.jpg 300w, https:\/\/www.paudimodel.com\/wp-content\/uploads\/2016\/04\/infiniti_fx50s-2009_bk_09-450x300.jpg 450w\" sizes=\"auto, (max-width: 600px) 100vw, 600px\" \/> <img loading=\"lazy\" decoding=\"async\" class=\"alignnone size-full wp-image-44098 aligncenter\" src=\"http:\/\/www.paudimodel.com\/wp-content\/uploads\/2016\/04\/infiniti_fx50s-2009_bk_13.jpg\" alt=\"\" width=\"600\" height=\"400\" srcset=\"https:\/\/www.paudimodel.com\/wp-content\/uploads\/2016\/04\/infiniti_fx50s-2009_bk_13.jpg 600w, https:\/\/www.paudimodel.com\/wp-content\/uploads\/2016\/04\/infiniti_fx50s-2009_bk_13-300x200.jpg 300w, https:\/\/www.paudimodel.com\/wp-content\/uploads\/2016\/04\/infiniti_fx50s-2009_bk_13-450x300.jpg 450w\" sizes=\"auto, (max-width: 600px) 100vw, 600px\" \/> <img loading=\"lazy\" decoding=\"async\" class=\"alignnone size-full wp-image-44099 aligncenter\" src=\"http:\/\/www.paudimodel.com\/wp-content\/uploads\/2016\/04\/infiniti_fx50s-2009_bk_14.jpg\" alt=\"\" width=\"600\" height=\"400\" srcset=\"https:\/\/www.paudimodel.com\/wp-content\/uploads\/2016\/04\/infiniti_fx50s-2009_bk_14.jpg 600w, https:\/\/www.paudimodel.com\/wp-content\/uploads\/2016\/04\/infiniti_fx50s-2009_bk_14-300x200.jpg 300w, https:\/\/www.paudimodel.com\/wp-content\/uploads\/2016\/04\/infiniti_fx50s-2009_bk_14-450x300.jpg 450w\" sizes=\"auto, (max-width: 600px) 100vw, 600px\" \/><\/p>","protected":false},"excerpt":{"rendered":"<p><img loading=\"lazy\" decoding=\"async\" class=\"size-full wp-image-42559 alignleft\" src=\"http:\/\/www.paudimodel.com\/wp-content\/uploads\/2016\/04\/7.png\" alt=\"7\" width=\"50\" height=\"49\" \/><img loading=\"lazy\" decoding=\"async\" class=\"size-full wp-image-42568 alignleft\" src=\"http:\/\/www.paudimodel.com\/wp-content\/uploads\/2016\/04\/6.png\" alt=\"6\" width=\"50\" height=\"49\" \/><\/p>\n<p><img loading=\"lazy\" decoding=\"async\" class=\"size-full wp-image-42567 alignleft\" src=\"http:\/\/www.paudimodel.com\/wp-content\/uploads\/2016\/04\/5.png\" alt=\"5\" width=\"50\" height=\"49\" \/><\/p>\n<p><img loading=\"lazy\" decoding=\"async\" class=\"size-full wp-image-42566 alignleft\" src=\"http:\/\/www.paudimodel.com\/wp-content\/uploads\/2016\/04\/4.png\" alt=\"4\" width=\"50\" height=\"48\" \/><\/p>\n<p><img loading=\"lazy\" decoding=\"async\" class=\"size-full wp-image-42565 alignleft\" src=\"http:\/\/www.paudimodel.com\/wp-content\/uploads\/2016\/04\/3.png\" alt=\"3\" width=\"50\" height=\"42\" \/><\/p>\n<p>&nbsp;<\/p>\n<p>&nbsp;<\/p>\n<p><img loading=\"lazy\" decoding=\"async\" class=\"size-full wp-image-42564 alignleft\" src=\"http:\/\/www.paudimodel.com\/wp-content\/uploads\/2016\/04\/2.png\" alt=\"2\" width=\"50\" height=\"45\" \/><\/p>\n<p><img loading=\"lazy\" decoding=\"async\" class=\"size-full wp-image-42563 alignleft\" src=\"http:\/\/www.paudimodel.com\/wp-content\/uploads\/2016\/04\/1.png\" alt=\"1\" width=\"50\" height=\"45\" \/><\/p>\n<p><img loading=\"lazy\" decoding=\"async\" class=\"size-full wp-image-42562 alignleft\" src=\"http:\/\/www.paudimodel.com\/wp-content\/uploads\/2016\/04\/10.png\" alt=\"10\" width=\"50\" height=\"49\" \/><\/p>\n<p><img loading=\"lazy\" decoding=\"async\" class=\"size-full wp-image-42561 alignleft\" src=\"http:\/\/www.paudimodel.com\/wp-content\/uploads\/2016\/04\/9.png\" alt=\"9\" width=\"50\" height=\"49\" \/><\/p>\n<p><img loading=\"lazy\" decoding=\"async\" class=\"size-full wp-image-42560 alignleft\" src=\"http:\/\/www.paudimodel.com\/wp-content\/uploads\/2016\/04\/8.png\" alt=\"8\" width=\"50\" height=\"43\" \/><\/p>","protected":false},"featured_media":42473,"comment_status":"open","ping_status":"closed","template":"","meta":[],"product_brand":[],"product_cat":[466,51],"product_tag":[72,73],"class_list":{"0":"post-42574","1":"product","2":"type-product","3":"status-publish","4":"has-post-thumbnail","6":"product_cat-1-18-scale","7":"product_cat-infiniti","8":"product_tag-fx50s-diecast-model-car","9":"product_tag-infiniti-fx50s-2009","10":"pa_color-blackcolor","11":"pa_color-brown","12":"pa_color-gold","13":"pa_color-greycolor","14":"pa_material-zinc-alloy-abs-variety-of-composite-materials","15":"pa_scale-34","17":"first","18":"outofstock","19":"taxable","20":"shipping-taxable","21":"purchasable","22":"product-type-variable","23":"has-default-attributes"},"yoast_head":"<!-- This site is optimized with the Yoast SEO Premium plugin v25.6 (Yoast SEO v26.7) - https:\/\/yoast.com\/wordpress\/plugins\/seo\/ -->\n<title>Infiniti FX50S 2009 1\/18 Scale Diecast Model Car - Paudi Model | High Quality Diecast Model<\/title>\n<meta name=\"description\" content=\"1:18 Infiniti FX50S 2009 Diecast Model Car\" \/>\n<meta name=\"robots\" content=\"index, follow, max-snippet:-1, max-image-preview:large, max-video-preview:-1\" \/>\n<link rel=\"canonical\" href=\"https:\/\/www.paudimodel.com\/de\/produkt\/infiniti-fx50s-2009-118-scale-diecast-model-car\/\" \/>\n<meta property=\"og:locale\" content=\"de_DE\" \/>\n<meta property=\"og:type\" content=\"article\" \/>\n<meta property=\"og:title\" content=\"Infiniti FX50S 2009 1\/18 Scale Diecast Model Car\" \/>\n<meta property=\"og:description\" content=\"1:18 Infiniti FX50S 2009 Diecast Model Car\" \/>\n<meta property=\"og:url\" content=\"https:\/\/www.paudimodel.com\/de\/produkt\/infiniti-fx50s-2009-118-scale-diecast-model-car\/\" \/>\n<meta property=\"og:site_name\" content=\"Paudi Model | High Quality Diecast Model\" \/>\n<meta property=\"article:publisher\" content=\"https:\/\/www.facebook\/paudimodel\" \/>\n<meta property=\"article:modified_time\" content=\"2021-10-22T07:03:23+00:00\" \/>\n<meta property=\"og:image\" content=\"https:\/\/www.paudimodel.com\/wp-content\/uploads\/2016\/04\/Infiniti_FX50S-2009_br_01-1.jpg\" \/>\n\t<meta property=\"og:image:width\" content=\"600\" \/>\n\t<meta property=\"og:image:height\" content=\"400\" \/>\n\t<meta property=\"og:image:type\" content=\"image\/jpeg\" \/>\n<meta name=\"twitter:card\" content=\"summary_large_image\" \/>\n<meta name=\"twitter:site\" content=\"@paudimodel\" \/>\n<script type=\"application\/ld+json\" class=\"yoast-schema-graph\">{\"@context\":\"https:\/\/schema.org\",\"@graph\":[{\"@type\":\"WebPage\",\"@id\":\"https:\/\/www.paudimodel.com\/product\/infiniti-fx50s-2009-118-scale-diecast-model-car\/\",\"url\":\"https:\/\/www.paudimodel.com\/product\/infiniti-fx50s-2009-118-scale-diecast-model-car\/\",\"name\":\"Infiniti FX50S 2009 1\/18 Scale Diecast Model Car - Paudi Model | High Quality Diecast Model\",\"isPartOf\":{\"@id\":\"https:\/\/www.paudimodel.com\/#website\"},\"primaryImageOfPage\":{\"@id\":\"https:\/\/www.paudimodel.com\/product\/infiniti-fx50s-2009-118-scale-diecast-model-car\/#primaryimage\"},\"image\":{\"@id\":\"https:\/\/www.paudimodel.com\/product\/infiniti-fx50s-2009-118-scale-diecast-model-car\/#primaryimage\"},\"thumbnailUrl\":\"https:\/\/www.paudimodel.com\/wp-content\/uploads\/2016\/04\/Infiniti_FX50S-2009_br_01-1.jpg\",\"datePublished\":\"2016-04-20T22:21:10+00:00\",\"dateModified\":\"2021-10-22T07:03:23+00:00\",\"description\":\"1:18 Infiniti FX50S 2009 Diecast Model Car\",\"breadcrumb\":{\"@id\":\"https:\/\/www.paudimodel.com\/product\/infiniti-fx50s-2009-118-scale-diecast-model-car\/#breadcrumb\"},\"inLanguage\":\"de\",\"potentialAction\":[{\"@type\":\"ReadAction\",\"target\":[\"https:\/\/www.paudimodel.com\/product\/infiniti-fx50s-2009-118-scale-diecast-model-car\/\"]}]},{\"@type\":\"ImageObject\",\"inLanguage\":\"de\",\"@id\":\"https:\/\/www.paudimodel.com\/product\/infiniti-fx50s-2009-118-scale-diecast-model-car\/#primaryimage\",\"url\":\"https:\/\/www.paudimodel.com\/wp-content\/uploads\/2016\/04\/Infiniti_FX50S-2009_br_01-1.jpg\",\"contentUrl\":\"https:\/\/www.paudimodel.com\/wp-content\/uploads\/2016\/04\/Infiniti_FX50S-2009_br_01-1.jpg\",\"width\":600,\"height\":400},{\"@type\":\"BreadcrumbList\",\"@id\":\"https:\/\/www.paudimodel.com\/product\/infiniti-fx50s-2009-118-scale-diecast-model-car\/#breadcrumb\",\"itemListElement\":[{\"@type\":\"ListItem\",\"position\":1,\"name\":\"Home\",\"item\":\"https:\/\/www.paudimodel.com\/\"},{\"@type\":\"ListItem\",\"position\":2,\"name\":\"Products\",\"item\":\"https:\/\/www.paudimodel.com\/products\/\"},{\"@type\":\"ListItem\",\"position\":3,\"name\":\"Infiniti FX50S 2009 1\/18 Scale Diecast Model Car\"}]},{\"@type\":\"WebSite\",\"@id\":\"https:\/\/www.paudimodel.com\/#website\",\"url\":\"https:\/\/www.paudimodel.com\/\",\"name\":\"Paudi Model | High Quality Diecast Model\",\"description\":\"Shop For Diecast Models From Top-Rated Brands Like Dealer Edition, Paudi, Kyosho, Autoart &amp; More. Low Online Prices. Super-Detailed Models.Find Your Make &amp; Model.Huge Selection. Satisfaction Guaranteed. Types: Diecast Model Cars, Diecast Model Trucks.\",\"publisher\":{\"@id\":\"https:\/\/www.paudimodel.com\/#organization\"},\"alternateName\":\"Scale model design, development and production\",\"potentialAction\":[{\"@type\":\"SearchAction\",\"target\":{\"@type\":\"EntryPoint\",\"urlTemplate\":\"https:\/\/www.paudimodel.com\/?s={search_term_string}\"},\"query-input\":{\"@type\":\"PropertyValueSpecification\",\"valueRequired\":true,\"valueName\":\"search_term_string\"}}],\"inLanguage\":\"de\"},{\"@type\":\"Organization\",\"@id\":\"https:\/\/www.paudimodel.com\/#organization\",\"name\":\"Guangzhou Paudi Model Technology Ltd.\",\"url\":\"https:\/\/www.paudimodel.com\/\",\"logo\":{\"@type\":\"ImageObject\",\"inLanguage\":\"de\",\"@id\":\"https:\/\/www.paudimodel.com\/#\/schema\/logo\/image\/\",\"url\":\"https:\/\/www.paudimodel.com\/wp-content\/uploads\/2023\/02\/696x696.png\",\"contentUrl\":\"https:\/\/www.paudimodel.com\/wp-content\/uploads\/2023\/02\/696x696.png\",\"width\":696,\"height\":696,\"caption\":\"Guangzhou Paudi Model Technology Ltd.\"},\"image\":{\"@id\":\"https:\/\/www.paudimodel.com\/#\/schema\/logo\/image\/\"},\"sameAs\":[\"https:\/\/www.facebook\/paudimodel\",\"https:\/\/x.com\/paudimodel\"]}]}<\/script>\n<!-- \/ Yoast SEO Premium plugin. -->","yoast_head_json":{"title":"Infiniti FX50S 2009, Ma\u00dfstab 1:18, Diecast-Modellauto \u2013 Paudi Model | Hochwertiges Diecast-Modell","description":"Infiniti FX50S 2009 Modellauto im Ma\u00dfstab 1:18","robots":{"index":"index","follow":"follow","max-snippet":"max-snippet:-1","max-image-preview":"max-image-preview:large","max-video-preview":"max-video-preview:-1"},"canonical":"https:\/\/www.paudimodel.com\/de\/produkt\/infiniti-fx50s-2009-118-scale-diecast-model-car\/","og_locale":"de_DE","og_type":"article","og_title":"Infiniti FX50S 2009 1\/18 Scale Diecast Model Car","og_description":"1:18 Infiniti FX50S 2009 Diecast Model Car","og_url":"https:\/\/www.paudimodel.com\/de\/produkt\/infiniti-fx50s-2009-118-scale-diecast-model-car\/","og_site_name":"Paudi Model | High Quality Diecast Model","article_publisher":"https:\/\/www.facebook\/paudimodel","article_modified_time":"2021-10-22T07:03:23+00:00","og_image":[{"width":600,"height":400,"url":"https:\/\/www.paudimodel.com\/wp-content\/uploads\/2016\/04\/Infiniti_FX50S-2009_br_01-1.jpg","type":"image\/jpeg"}],"twitter_card":"summary_large_image","twitter_site":"@paudimodel","schema":{"@context":"https:\/\/schema.org","@graph":[{"@type":"WebPage","@id":"https:\/\/www.paudimodel.com\/product\/infiniti-fx50s-2009-118-scale-diecast-model-car\/","url":"https:\/\/www.paudimodel.com\/product\/infiniti-fx50s-2009-118-scale-diecast-model-car\/","name":"Infiniti FX50S 2009, Ma\u00dfstab 1:18, Diecast-Modellauto \u2013 Paudi Model | Hochwertiges Diecast-Modell","isPartOf":{"@id":"https:\/\/www.paudimodel.com\/#website"},"primaryImageOfPage":{"@id":"https:\/\/www.paudimodel.com\/product\/infiniti-fx50s-2009-118-scale-diecast-model-car\/#primaryimage"},"image":{"@id":"https:\/\/www.paudimodel.com\/product\/infiniti-fx50s-2009-118-scale-diecast-model-car\/#primaryimage"},"thumbnailUrl":"https:\/\/www.paudimodel.com\/wp-content\/uploads\/2016\/04\/Infiniti_FX50S-2009_br_01-1.jpg","datePublished":"2016-04-20T22:21:10+00:00","dateModified":"2021-10-22T07:03:23+00:00","description":"Infiniti FX50S 2009 Modellauto im Ma\u00dfstab 1:18","breadcrumb":{"@id":"https:\/\/www.paudimodel.com\/product\/infiniti-fx50s-2009-118-scale-diecast-model-car\/#breadcrumb"},"inLanguage":"de","potentialAction":[{"@type":"ReadAction","target":["https:\/\/www.paudimodel.com\/product\/infiniti-fx50s-2009-118-scale-diecast-model-car\/"]}]},{"@type":"ImageObject","inLanguage":"de","@id":"https:\/\/www.paudimodel.com\/product\/infiniti-fx50s-2009-118-scale-diecast-model-car\/#primaryimage","url":"https:\/\/www.paudimodel.com\/wp-content\/uploads\/2016\/04\/Infiniti_FX50S-2009_br_01-1.jpg","contentUrl":"https:\/\/www.paudimodel.com\/wp-content\/uploads\/2016\/04\/Infiniti_FX50S-2009_br_01-1.jpg","width":600,"height":400},{"@type":"BreadcrumbList","@id":"https:\/\/www.paudimodel.com\/product\/infiniti-fx50s-2009-118-scale-diecast-model-car\/#breadcrumb","itemListElement":[{"@type":"ListItem","position":1,"name":"Home","item":"https:\/\/www.paudimodel.com\/"},{"@type":"ListItem","position":2,"name":"Products","item":"https:\/\/www.paudimodel.com\/products\/"},{"@type":"ListItem","position":3,"name":"Infiniti FX50S 2009 1\/18 Scale Diecast Model Car"}]},{"@type":"WebSite","@id":"https:\/\/www.paudimodel.com\/#website","url":"https:\/\/www.paudimodel.com\/","name":"Paudi-Modell | Hochwertiges Druckgussmodell","description":"Kaufen Sie Druckgussmodelle von Top-Marken wie Dealer Edition, Paudi, Kyosho, Autoart und mehr. G\u00fcnstige Online-Preise. Superdetaillierte Modelle. Finden Sie Ihre Marke und Ihr Modell. Riesige Auswahl. Zufriedenheitsgarantie. Typen: Druckguss-Modellautos, Druckguss-Modell-LKWs.","publisher":{"@id":"https:\/\/www.paudimodel.com\/#organization"},"alternateName":"Scale model design, development and production","potentialAction":[{"@type":"SearchAction","target":{"@type":"EntryPoint","urlTemplate":"https:\/\/www.paudimodel.com\/?s={search_term_string}"},"query-input":{"@type":"PropertyValueSpecification","valueRequired":true,"valueName":"search_term_string"}}],"inLanguage":"de"},{"@type":"Organization","@id":"https:\/\/www.paudimodel.com\/#organization","name":"Guangzhou Paudi Model Technology Ltd.","url":"https:\/\/www.paudimodel.com\/","logo":{"@type":"ImageObject","inLanguage":"de","@id":"https:\/\/www.paudimodel.com\/#\/schema\/logo\/image\/","url":"https:\/\/www.paudimodel.com\/wp-content\/uploads\/2023\/02\/696x696.png","contentUrl":"https:\/\/www.paudimodel.com\/wp-content\/uploads\/2023\/02\/696x696.png","width":696,"height":696,"caption":"Guangzhou Paudi Model Technology Ltd."},"image":{"@id":"https:\/\/www.paudimodel.com\/#\/schema\/logo\/image\/"},"sameAs":["https:\/\/www.facebook\/paudimodel","https:\/\/x.com\/paudimodel"]}]}},"_links":{"self":[{"href":"https:\/\/www.paudimodel.com\/de\/wp-json\/wp\/v2\/product\/42574","targetHints":{"allow":["GET"]}}],"collection":[{"href":"https:\/\/www.paudimodel.com\/de\/wp-json\/wp\/v2\/product"}],"about":[{"href":"https:\/\/www.paudimodel.com\/de\/wp-json\/wp\/v2\/types\/product"}],"replies":[{"embeddable":true,"href":"https:\/\/www.paudimodel.com\/de\/wp-json\/wp\/v2\/comments?post=42574"}],"wp:featuredmedia":[{"embeddable":true,"href":"https:\/\/www.paudimodel.com\/de\/wp-json\/wp\/v2\/media\/42473"}],"wp:attachment":[{"href":"https:\/\/www.paudimodel.com\/de\/wp-json\/wp\/v2\/media?parent=42574"}],"wp:term":[{"taxonomy":"product_brand","embeddable":true,"href":"https:\/\/www.paudimodel.com\/de\/wp-json\/wp\/v2\/product_brand?post=42574"},{"taxonomy":"product_cat","embeddable":true,"href":"https:\/\/www.paudimodel.com\/de\/wp-json\/wp\/v2\/product_cat?post=42574"},{"taxonomy":"product_tag","embeddable":true,"href":"https:\/\/www.paudimodel.com\/de\/wp-json\/wp\/v2\/product_tag?post=42574"}],"curies":[{"name":"wp","href":"https:\/\/api.w.org\/{rel}","templated":true}]}}