{"id":42639,"date":"2016-04-21T19:07:32","date_gmt":"2016-04-21T19:07:32","guid":{"rendered":"http:\/\/www.paudimodel.com\/product\/toyota-corolla-2014-diecast-model-car\/"},"modified":"2025-08-03T09:23:04","modified_gmt":"2025-08-03T09:23:04","slug":"toyota-corolla-2014-118-scale-diecast-model-car-wholesale","status":"publish","type":"product","link":"https:\/\/www.paudimodel.com\/de\/produkt\/toyota-corolla-2014-118-scale-diecast-model-car-wholesale\/","title":{"rendered":"Toyota Corolla 2014 1\/18 Ma\u00dfstab Druckguss Modellauto Gro\u00dfhandel"},"content":{"rendered":"<p>Das Produkt basiert auf der Nachbildung und Verkleinerung der Toyota Corolla-Modelle von 2014. Das Modellauto hat einen Ma\u00dfstab von 1:18 und ist eine verfeinerte Druckguss-Modellserie von Toyota. Das Modellauto besteht aus einer Zinklegierung. Die Oberfl\u00e4che wurde mit dreischichtiger elektrostatischer Spr\u00fchlackierung lackiert. Es enth\u00e4lt Hunderte von Modellautoteilen. Dank seines Sammlerwerts ist es die beste Wahl f\u00fcr Sammlerst\u00fccke und Geschenke. Die Karosserie besteht aus einer Legierung. Vor und hinter der Radaufh\u00e4ngung lassen sich vier T\u00fcren \u00f6ffnen. Die Motorhaube l\u00e4sst sich \u00f6ffnen, sodass die Motorkomponenten deutlich sichtbar sind. Die Heckklappe l\u00e4sst sich \u00f6ffnen, der Kofferraumboden l\u00e4sst sich \u00f6ffnen. Im Innenraum der Karosserie befindet sich ein simulierter Teppich.<\/p>\n<p>&nbsp;<\/p>\n<p>&nbsp;<\/p>\n<p><img loading=\"lazy\" decoding=\"async\" class=\"alignnone size-full wp-image-43941\" src=\"http:\/\/www.paudimodel.com\/wp-content\/uploads\/2016\/04\/Toyota_Corolla_2014_BL_08.jpg\" alt=\"\" width=\"1600\" height=\"1064\" srcset=\"https:\/\/www.paudimodel.com\/wp-content\/uploads\/2016\/04\/Toyota_Corolla_2014_BL_08.jpg 1600w, https:\/\/www.paudimodel.com\/wp-content\/uploads\/2016\/04\/Toyota_Corolla_2014_BL_08-300x200.jpg 300w, https:\/\/www.paudimodel.com\/wp-content\/uploads\/2016\/04\/Toyota_Corolla_2014_BL_08-450x299.jpg 450w, https:\/\/www.paudimodel.com\/wp-content\/uploads\/2016\/04\/Toyota_Corolla_2014_BL_08-768x511.jpg 768w, https:\/\/www.paudimodel.com\/wp-content\/uploads\/2016\/04\/Toyota_Corolla_2014_BL_08-1024x681.jpg 1024w\" sizes=\"auto, (max-width: 1600px) 100vw, 1600px\" \/> <img loading=\"lazy\" decoding=\"async\" class=\"alignnone size-full wp-image-43940\" src=\"http:\/\/www.paudimodel.com\/wp-content\/uploads\/2016\/04\/Toyota_Corolla_2014_BL_07.jpg\" alt=\"\" width=\"1600\" height=\"1064\" srcset=\"https:\/\/www.paudimodel.com\/wp-content\/uploads\/2016\/04\/Toyota_Corolla_2014_BL_07.jpg 1600w, https:\/\/www.paudimodel.com\/wp-content\/uploads\/2016\/04\/Toyota_Corolla_2014_BL_07-300x200.jpg 300w, https:\/\/www.paudimodel.com\/wp-content\/uploads\/2016\/04\/Toyota_Corolla_2014_BL_07-450x299.jpg 450w, https:\/\/www.paudimodel.com\/wp-content\/uploads\/2016\/04\/Toyota_Corolla_2014_BL_07-768x511.jpg 768w, https:\/\/www.paudimodel.com\/wp-content\/uploads\/2016\/04\/Toyota_Corolla_2014_BL_07-1024x681.jpg 1024w\" sizes=\"auto, (max-width: 1600px) 100vw, 1600px\" \/> <img loading=\"lazy\" decoding=\"async\" class=\"alignnone size-full wp-image-43939\" src=\"http:\/\/www.paudimodel.com\/wp-content\/uploads\/2016\/04\/Toyota_Corolla_2014_BL_06.jpg\" alt=\"\" width=\"1600\" height=\"1064\" srcset=\"https:\/\/www.paudimodel.com\/wp-content\/uploads\/2016\/04\/Toyota_Corolla_2014_BL_06.jpg 1600w, https:\/\/www.paudimodel.com\/wp-content\/uploads\/2016\/04\/Toyota_Corolla_2014_BL_06-300x200.jpg 300w, https:\/\/www.paudimodel.com\/wp-content\/uploads\/2016\/04\/Toyota_Corolla_2014_BL_06-450x299.jpg 450w, https:\/\/www.paudimodel.com\/wp-content\/uploads\/2016\/04\/Toyota_Corolla_2014_BL_06-768x511.jpg 768w, https:\/\/www.paudimodel.com\/wp-content\/uploads\/2016\/04\/Toyota_Corolla_2014_BL_06-1024x681.jpg 1024w\" sizes=\"auto, (max-width: 1600px) 100vw, 1600px\" \/> <img loading=\"lazy\" decoding=\"async\" class=\"alignnone size-full wp-image-43938\" src=\"http:\/\/www.paudimodel.com\/wp-content\/uploads\/2016\/04\/Toyota_Corolla_2014_BL_05.jpg\" alt=\"\" width=\"1600\" height=\"1064\" srcset=\"https:\/\/www.paudimodel.com\/wp-content\/uploads\/2016\/04\/Toyota_Corolla_2014_BL_05.jpg 1600w, https:\/\/www.paudimodel.com\/wp-content\/uploads\/2016\/04\/Toyota_Corolla_2014_BL_05-300x200.jpg 300w, https:\/\/www.paudimodel.com\/wp-content\/uploads\/2016\/04\/Toyota_Corolla_2014_BL_05-450x299.jpg 450w, https:\/\/www.paudimodel.com\/wp-content\/uploads\/2016\/04\/Toyota_Corolla_2014_BL_05-768x511.jpg 768w, https:\/\/www.paudimodel.com\/wp-content\/uploads\/2016\/04\/Toyota_Corolla_2014_BL_05-1024x681.jpg 1024w\" sizes=\"auto, (max-width: 1600px) 100vw, 1600px\" \/> <img loading=\"lazy\" decoding=\"async\" class=\"alignnone size-full wp-image-43937\" src=\"http:\/\/www.paudimodel.com\/wp-content\/uploads\/2016\/04\/Toyota_Corolla_2014_BL_04.jpg\" alt=\"\" width=\"1600\" height=\"1064\" srcset=\"https:\/\/www.paudimodel.com\/wp-content\/uploads\/2016\/04\/Toyota_Corolla_2014_BL_04.jpg 1600w, https:\/\/www.paudimodel.com\/wp-content\/uploads\/2016\/04\/Toyota_Corolla_2014_BL_04-300x200.jpg 300w, https:\/\/www.paudimodel.com\/wp-content\/uploads\/2016\/04\/Toyota_Corolla_2014_BL_04-450x299.jpg 450w, https:\/\/www.paudimodel.com\/wp-content\/uploads\/2016\/04\/Toyota_Corolla_2014_BL_04-768x511.jpg 768w, https:\/\/www.paudimodel.com\/wp-content\/uploads\/2016\/04\/Toyota_Corolla_2014_BL_04-1024x681.jpg 1024w\" sizes=\"auto, (max-width: 1600px) 100vw, 1600px\" \/> <img loading=\"lazy\" decoding=\"async\" class=\"alignnone size-full wp-image-43936\" src=\"http:\/\/www.paudimodel.com\/wp-content\/uploads\/2016\/04\/Toyota_Corolla_2014_BL_03.jpg\" alt=\"\" width=\"1600\" height=\"1064\" srcset=\"https:\/\/www.paudimodel.com\/wp-content\/uploads\/2016\/04\/Toyota_Corolla_2014_BL_03.jpg 1600w, https:\/\/www.paudimodel.com\/wp-content\/uploads\/2016\/04\/Toyota_Corolla_2014_BL_03-300x200.jpg 300w, https:\/\/www.paudimodel.com\/wp-content\/uploads\/2016\/04\/Toyota_Corolla_2014_BL_03-450x299.jpg 450w, https:\/\/www.paudimodel.com\/wp-content\/uploads\/2016\/04\/Toyota_Corolla_2014_BL_03-768x511.jpg 768w, https:\/\/www.paudimodel.com\/wp-content\/uploads\/2016\/04\/Toyota_Corolla_2014_BL_03-1024x681.jpg 1024w\" sizes=\"auto, (max-width: 1600px) 100vw, 1600px\" \/> <img loading=\"lazy\" decoding=\"async\" class=\"alignnone size-full wp-image-43935\" src=\"http:\/\/www.paudimodel.com\/wp-content\/uploads\/2016\/04\/Toyota_Corolla_2014_BL_02.jpg\" alt=\"\" width=\"1600\" height=\"1064\" srcset=\"https:\/\/www.paudimodel.com\/wp-content\/uploads\/2016\/04\/Toyota_Corolla_2014_BL_02.jpg 1600w, https:\/\/www.paudimodel.com\/wp-content\/uploads\/2016\/04\/Toyota_Corolla_2014_BL_02-300x200.jpg 300w, https:\/\/www.paudimodel.com\/wp-content\/uploads\/2016\/04\/Toyota_Corolla_2014_BL_02-450x299.jpg 450w, https:\/\/www.paudimodel.com\/wp-content\/uploads\/2016\/04\/Toyota_Corolla_2014_BL_02-768x511.jpg 768w, https:\/\/www.paudimodel.com\/wp-content\/uploads\/2016\/04\/Toyota_Corolla_2014_BL_02-1024x681.jpg 1024w\" sizes=\"auto, (max-width: 1600px) 100vw, 1600px\" \/> <img loading=\"lazy\" decoding=\"async\" class=\"alignnone size-full wp-image-43934\" src=\"http:\/\/www.paudimodel.com\/wp-content\/uploads\/2016\/04\/Toyota_Corolla_2014_BL_01.jpg\" alt=\"\" width=\"1600\" height=\"1064\" srcset=\"https:\/\/www.paudimodel.com\/wp-content\/uploads\/2016\/04\/Toyota_Corolla_2014_BL_01.jpg 1600w, https:\/\/www.paudimodel.com\/wp-content\/uploads\/2016\/04\/Toyota_Corolla_2014_BL_01-300x200.jpg 300w, https:\/\/www.paudimodel.com\/wp-content\/uploads\/2016\/04\/Toyota_Corolla_2014_BL_01-450x299.jpg 450w, https:\/\/www.paudimodel.com\/wp-content\/uploads\/2016\/04\/Toyota_Corolla_2014_BL_01-768x511.jpg 768w, https:\/\/www.paudimodel.com\/wp-content\/uploads\/2016\/04\/Toyota_Corolla_2014_BL_01-1024x681.jpg 1024w\" sizes=\"auto, (max-width: 1600px) 100vw, 1600px\" \/> <img loading=\"lazy\" decoding=\"async\" class=\"alignnone size-full wp-image-43933\" src=\"http:\/\/www.paudimodel.com\/wp-content\/uploads\/2016\/04\/Toyota_Corolla_2014_BL_14.jpg\" alt=\"\" width=\"1600\" height=\"1064\" srcset=\"https:\/\/www.paudimodel.com\/wp-content\/uploads\/2016\/04\/Toyota_Corolla_2014_BL_14.jpg 1600w, https:\/\/www.paudimodel.com\/wp-content\/uploads\/2016\/04\/Toyota_Corolla_2014_BL_14-300x200.jpg 300w, https:\/\/www.paudimodel.com\/wp-content\/uploads\/2016\/04\/Toyota_Corolla_2014_BL_14-450x299.jpg 450w, https:\/\/www.paudimodel.com\/wp-content\/uploads\/2016\/04\/Toyota_Corolla_2014_BL_14-768x511.jpg 768w, https:\/\/www.paudimodel.com\/wp-content\/uploads\/2016\/04\/Toyota_Corolla_2014_BL_14-1024x681.jpg 1024w\" sizes=\"auto, (max-width: 1600px) 100vw, 1600px\" \/> <img loading=\"lazy\" decoding=\"async\" class=\"alignnone size-full wp-image-43932\" src=\"http:\/\/www.paudimodel.com\/wp-content\/uploads\/2016\/04\/Toyota_Corolla_2014_BL_13.jpg\" alt=\"\" width=\"1600\" height=\"1064\" srcset=\"https:\/\/www.paudimodel.com\/wp-content\/uploads\/2016\/04\/Toyota_Corolla_2014_BL_13.jpg 1600w, https:\/\/www.paudimodel.com\/wp-content\/uploads\/2016\/04\/Toyota_Corolla_2014_BL_13-300x200.jpg 300w, https:\/\/www.paudimodel.com\/wp-content\/uploads\/2016\/04\/Toyota_Corolla_2014_BL_13-450x299.jpg 450w, https:\/\/www.paudimodel.com\/wp-content\/uploads\/2016\/04\/Toyota_Corolla_2014_BL_13-768x511.jpg 768w, https:\/\/www.paudimodel.com\/wp-content\/uploads\/2016\/04\/Toyota_Corolla_2014_BL_13-1024x681.jpg 1024w\" sizes=\"auto, (max-width: 1600px) 100vw, 1600px\" \/> <img loading=\"lazy\" decoding=\"async\" class=\"alignnone size-full wp-image-43931\" src=\"http:\/\/www.paudimodel.com\/wp-content\/uploads\/2016\/04\/Toyota_Corolla_2014_BL_12.jpg\" alt=\"\" width=\"1600\" height=\"1064\" srcset=\"https:\/\/www.paudimodel.com\/wp-content\/uploads\/2016\/04\/Toyota_Corolla_2014_BL_12.jpg 1600w, https:\/\/www.paudimodel.com\/wp-content\/uploads\/2016\/04\/Toyota_Corolla_2014_BL_12-300x200.jpg 300w, https:\/\/www.paudimodel.com\/wp-content\/uploads\/2016\/04\/Toyota_Corolla_2014_BL_12-450x299.jpg 450w, https:\/\/www.paudimodel.com\/wp-content\/uploads\/2016\/04\/Toyota_Corolla_2014_BL_12-768x511.jpg 768w, https:\/\/www.paudimodel.com\/wp-content\/uploads\/2016\/04\/Toyota_Corolla_2014_BL_12-1024x681.jpg 1024w\" sizes=\"auto, (max-width: 1600px) 100vw, 1600px\" \/> <img loading=\"lazy\" decoding=\"async\" class=\"alignnone size-full wp-image-43929\" src=\"http:\/\/www.paudimodel.com\/wp-content\/uploads\/2016\/04\/Toyota_Corolla_2014_BL_11.jpg\" alt=\"\" width=\"1900\" height=\"1263\" srcset=\"https:\/\/www.paudimodel.com\/wp-content\/uploads\/2016\/04\/Toyota_Corolla_2014_BL_11.jpg 1900w, https:\/\/www.paudimodel.com\/wp-content\/uploads\/2016\/04\/Toyota_Corolla_2014_BL_11-300x199.jpg 300w, https:\/\/www.paudimodel.com\/wp-content\/uploads\/2016\/04\/Toyota_Corolla_2014_BL_11-450x299.jpg 450w, https:\/\/www.paudimodel.com\/wp-content\/uploads\/2016\/04\/Toyota_Corolla_2014_BL_11-768x511.jpg 768w, https:\/\/www.paudimodel.com\/wp-content\/uploads\/2016\/04\/Toyota_Corolla_2014_BL_11-1024x681.jpg 1024w\" sizes=\"auto, (max-width: 1900px) 100vw, 1900px\" \/> <img loading=\"lazy\" decoding=\"async\" class=\"alignnone size-full wp-image-43928\" src=\"http:\/\/www.paudimodel.com\/wp-content\/uploads\/2016\/04\/Toyota_Corolla_2014_BL_10.jpg\" alt=\"\" width=\"1600\" height=\"1064\" srcset=\"https:\/\/www.paudimodel.com\/wp-content\/uploads\/2016\/04\/Toyota_Corolla_2014_BL_10.jpg 1600w, https:\/\/www.paudimodel.com\/wp-content\/uploads\/2016\/04\/Toyota_Corolla_2014_BL_10-300x200.jpg 300w, https:\/\/www.paudimodel.com\/wp-content\/uploads\/2016\/04\/Toyota_Corolla_2014_BL_10-450x299.jpg 450w, https:\/\/www.paudimodel.com\/wp-content\/uploads\/2016\/04\/Toyota_Corolla_2014_BL_10-768x511.jpg 768w, https:\/\/www.paudimodel.com\/wp-content\/uploads\/2016\/04\/Toyota_Corolla_2014_BL_10-1024x681.jpg 1024w\" sizes=\"auto, (max-width: 1600px) 100vw, 1600px\" \/><\/p>","protected":false},"excerpt":{"rendered":"<p><img loading=\"lazy\" decoding=\"async\" class=\"size-full wp-image-42559 alignleft\" src=\"http:\/\/www.paudimodel.com\/wp-content\/uploads\/2016\/04\/7.png\" alt=\"7\" width=\"50\" height=\"49\" \/><img loading=\"lazy\" decoding=\"async\" class=\"size-full wp-image-42568 alignleft\" src=\"http:\/\/www.paudimodel.com\/wp-content\/uploads\/2016\/04\/6.png\" alt=\"6\" width=\"50\" height=\"49\" \/><\/p>\n<p><img loading=\"lazy\" decoding=\"async\" class=\"size-full wp-image-42567 alignleft\" src=\"http:\/\/www.paudimodel.com\/wp-content\/uploads\/2016\/04\/5.png\" alt=\"5\" width=\"50\" height=\"49\" \/><\/p>\n<p><img loading=\"lazy\" decoding=\"async\" class=\"size-full wp-image-42566 alignleft\" src=\"http:\/\/www.paudimodel.com\/wp-content\/uploads\/2016\/04\/4.png\" alt=\"4\" width=\"50\" height=\"48\" \/><\/p>\n<p><img loading=\"lazy\" decoding=\"async\" class=\"size-full wp-image-42565 alignleft\" src=\"http:\/\/www.paudimodel.com\/wp-content\/uploads\/2016\/04\/3.png\" alt=\"3\" width=\"50\" height=\"42\" \/><\/p>\n<p>&nbsp;<\/p>\n<p>&nbsp;<\/p>\n<p><img loading=\"lazy\" decoding=\"async\" class=\"size-full wp-image-42564 alignleft\" src=\"http:\/\/www.paudimodel.com\/wp-content\/uploads\/2016\/04\/2.png\" alt=\"2\" width=\"50\" height=\"45\" \/><\/p>\n<p><img loading=\"lazy\" decoding=\"async\" class=\"size-full wp-image-42563 alignleft\" src=\"http:\/\/www.paudimodel.com\/wp-content\/uploads\/2016\/04\/1.png\" alt=\"1\" width=\"50\" height=\"45\" \/><\/p>\n<p><img loading=\"lazy\" decoding=\"async\" class=\"size-full wp-image-42562 alignleft\" src=\"http:\/\/www.paudimodel.com\/wp-content\/uploads\/2016\/04\/10.png\" alt=\"10\" width=\"50\" height=\"49\" \/><\/p>\n<p><img loading=\"lazy\" decoding=\"async\" class=\"size-full wp-image-42561 alignleft\" src=\"http:\/\/www.paudimodel.com\/wp-content\/uploads\/2016\/04\/9.png\" alt=\"9\" width=\"50\" height=\"49\" \/><\/p>\n<p><img loading=\"lazy\" decoding=\"async\" class=\"size-full wp-image-42560 alignleft\" src=\"http:\/\/www.paudimodel.com\/wp-content\/uploads\/2016\/04\/8.png\" alt=\"8\" width=\"50\" height=\"43\" \/><\/p>","protected":false},"featured_media":42496,"comment_status":"open","ping_status":"closed","template":"","meta":[],"product_brand":[],"product_cat":[466,91],"product_tag":[2485],"class_list":{"0":"post-42639","1":"product","2":"type-product","3":"status-publish","4":"has-post-thumbnail","6":"product_cat-1-18-scale","7":"product_cat-toyota","8":"product_tag-toyota-corolla-2014","9":"pa_color-blackcolor","10":"pa_color-bluecolor","11":"pa_color-gold","12":"pa_color-greycolor","13":"pa_color-redcolor","14":"pa_color-silver","15":"pa_color-whitecolor","16":"pa_material-zinc-alloy-abs-variety-of-composite-materials","17":"pa_scale-34","19":"first","20":"outofstock","21":"taxable","22":"shipping-taxable","23":"purchasable","24":"product-type-variable","25":"has-default-attributes"},"yoast_head":"<!-- This site is optimized with the Yoast SEO Premium plugin v25.6 (Yoast SEO v26.7) - https:\/\/yoast.com\/wordpress\/plugins\/seo\/ -->\n<title>Toyota Corolla 2014 1\/18 Scale Diecast Model Car Wholesale - Paudi Model | High Quality Diecast Model<\/title>\n<meta name=\"description\" content=\"1:18 Toyota Corolla 2014 Diecast Model Car\" \/>\n<meta name=\"robots\" content=\"index, follow, max-snippet:-1, max-image-preview:large, max-video-preview:-1\" \/>\n<link rel=\"canonical\" href=\"https:\/\/www.paudimodel.com\/de\/produkt\/toyota-corolla-2014-118-scale-diecast-model-car-wholesale\/\" \/>\n<meta property=\"og:locale\" content=\"de_DE\" \/>\n<meta property=\"og:type\" content=\"article\" \/>\n<meta property=\"og:title\" content=\"Toyota Corolla 2014 1\/18 Scale Diecast Model Car Wholesale\" \/>\n<meta property=\"og:description\" content=\"1:18 Toyota Corolla 2014 Diecast Model Car\" \/>\n<meta property=\"og:url\" content=\"https:\/\/www.paudimodel.com\/de\/produkt\/toyota-corolla-2014-118-scale-diecast-model-car-wholesale\/\" \/>\n<meta property=\"og:site_name\" content=\"Paudi Model | High Quality Diecast Model\" \/>\n<meta property=\"article:publisher\" content=\"https:\/\/www.facebook\/paudimodel\" \/>\n<meta property=\"article:modified_time\" content=\"2025-08-03T09:23:04+00:00\" \/>\n<meta property=\"og:image\" content=\"https:\/\/www.paudimodel.com\/wp-content\/uploads\/2016\/04\/Toyota_Corolla_2014_W_07-1.jpg\" \/>\n\t<meta property=\"og:image:width\" content=\"990\" \/>\n\t<meta property=\"og:image:height\" content=\"658\" \/>\n\t<meta property=\"og:image:type\" content=\"image\/jpeg\" \/>\n<meta name=\"twitter:card\" content=\"summary_large_image\" \/>\n<meta name=\"twitter:site\" content=\"@paudimodel\" \/>\n<meta name=\"twitter:label1\" content=\"Gesch\u00e4tzte Lesezeit\" \/>\n\t<meta name=\"twitter:data1\" content=\"1\u00a0Minute\" \/>\n<script type=\"application\/ld+json\" class=\"yoast-schema-graph\">{\"@context\":\"https:\/\/schema.org\",\"@graph\":[{\"@type\":\"WebPage\",\"@id\":\"https:\/\/www.paudimodel.com\/product\/toyota-corolla-2014-118-scale-diecast-model-car-wholesale\/\",\"url\":\"https:\/\/www.paudimodel.com\/product\/toyota-corolla-2014-118-scale-diecast-model-car-wholesale\/\",\"name\":\"Toyota Corolla 2014 1\/18 Scale Diecast Model Car Wholesale - Paudi Model | High Quality Diecast Model\",\"isPartOf\":{\"@id\":\"https:\/\/www.paudimodel.com\/#website\"},\"primaryImageOfPage\":{\"@id\":\"https:\/\/www.paudimodel.com\/product\/toyota-corolla-2014-118-scale-diecast-model-car-wholesale\/#primaryimage\"},\"image\":{\"@id\":\"https:\/\/www.paudimodel.com\/product\/toyota-corolla-2014-118-scale-diecast-model-car-wholesale\/#primaryimage\"},\"thumbnailUrl\":\"https:\/\/www.paudimodel.com\/wp-content\/uploads\/2016\/04\/Toyota_Corolla_2014_W_07-1.jpg\",\"datePublished\":\"2016-04-21T19:07:32+00:00\",\"dateModified\":\"2025-08-03T09:23:04+00:00\",\"description\":\"1:18 Toyota Corolla 2014 Diecast Model Car\",\"breadcrumb\":{\"@id\":\"https:\/\/www.paudimodel.com\/product\/toyota-corolla-2014-118-scale-diecast-model-car-wholesale\/#breadcrumb\"},\"inLanguage\":\"de\",\"potentialAction\":[{\"@type\":\"ReadAction\",\"target\":[\"https:\/\/www.paudimodel.com\/product\/toyota-corolla-2014-118-scale-diecast-model-car-wholesale\/\"]}]},{\"@type\":\"ImageObject\",\"inLanguage\":\"de\",\"@id\":\"https:\/\/www.paudimodel.com\/product\/toyota-corolla-2014-118-scale-diecast-model-car-wholesale\/#primaryimage\",\"url\":\"https:\/\/www.paudimodel.com\/wp-content\/uploads\/2016\/04\/Toyota_Corolla_2014_W_07-1.jpg\",\"contentUrl\":\"https:\/\/www.paudimodel.com\/wp-content\/uploads\/2016\/04\/Toyota_Corolla_2014_W_07-1.jpg\",\"width\":990,\"height\":658},{\"@type\":\"BreadcrumbList\",\"@id\":\"https:\/\/www.paudimodel.com\/product\/toyota-corolla-2014-118-scale-diecast-model-car-wholesale\/#breadcrumb\",\"itemListElement\":[{\"@type\":\"ListItem\",\"position\":1,\"name\":\"Home\",\"item\":\"https:\/\/www.paudimodel.com\/\"},{\"@type\":\"ListItem\",\"position\":2,\"name\":\"Products\",\"item\":\"https:\/\/www.paudimodel.com\/products\/\"},{\"@type\":\"ListItem\",\"position\":3,\"name\":\"Toyota Corolla 2014 1\/18 Scale Diecast Model Car Wholesale\"}]},{\"@type\":\"WebSite\",\"@id\":\"https:\/\/www.paudimodel.com\/#website\",\"url\":\"https:\/\/www.paudimodel.com\/\",\"name\":\"Paudi Model | High Quality Diecast Model\",\"description\":\"Shop For Diecast Models From Top-Rated Brands Like Dealer Edition, Paudi, Kyosho, Autoart &amp; More. Low Online Prices. Super-Detailed Models.Find Your Make &amp; Model.Huge Selection. Satisfaction Guaranteed. Types: Diecast Model Cars, Diecast Model Trucks.\",\"publisher\":{\"@id\":\"https:\/\/www.paudimodel.com\/#organization\"},\"alternateName\":\"Scale model design, development and production\",\"potentialAction\":[{\"@type\":\"SearchAction\",\"target\":{\"@type\":\"EntryPoint\",\"urlTemplate\":\"https:\/\/www.paudimodel.com\/?s={search_term_string}\"},\"query-input\":{\"@type\":\"PropertyValueSpecification\",\"valueRequired\":true,\"valueName\":\"search_term_string\"}}],\"inLanguage\":\"de\"},{\"@type\":\"Organization\",\"@id\":\"https:\/\/www.paudimodel.com\/#organization\",\"name\":\"Guangzhou Paudi Model Technology Ltd.\",\"url\":\"https:\/\/www.paudimodel.com\/\",\"logo\":{\"@type\":\"ImageObject\",\"inLanguage\":\"de\",\"@id\":\"https:\/\/www.paudimodel.com\/#\/schema\/logo\/image\/\",\"url\":\"https:\/\/www.paudimodel.com\/wp-content\/uploads\/2023\/02\/696x696.png\",\"contentUrl\":\"https:\/\/www.paudimodel.com\/wp-content\/uploads\/2023\/02\/696x696.png\",\"width\":696,\"height\":696,\"caption\":\"Guangzhou Paudi Model Technology Ltd.\"},\"image\":{\"@id\":\"https:\/\/www.paudimodel.com\/#\/schema\/logo\/image\/\"},\"sameAs\":[\"https:\/\/www.facebook\/paudimodel\",\"https:\/\/x.com\/paudimodel\"]}]}<\/script>\n<!-- \/ Yoast SEO Premium plugin. -->","yoast_head_json":{"title":"Toyota Corolla 2014 1\/18 Scale Diecast Model Car Wholesale - Paudi Model | High Quality Diecast Model","description":"1:18 Toyota Corolla 2014 Diecast Model Car","robots":{"index":"index","follow":"follow","max-snippet":"max-snippet:-1","max-image-preview":"max-image-preview:large","max-video-preview":"max-video-preview:-1"},"canonical":"https:\/\/www.paudimodel.com\/de\/produkt\/toyota-corolla-2014-118-scale-diecast-model-car-wholesale\/","og_locale":"de_DE","og_type":"article","og_title":"Toyota Corolla 2014 1\/18 Scale Diecast Model Car Wholesale","og_description":"1:18 Toyota Corolla 2014 Diecast Model Car","og_url":"https:\/\/www.paudimodel.com\/de\/produkt\/toyota-corolla-2014-118-scale-diecast-model-car-wholesale\/","og_site_name":"Paudi Model | High Quality Diecast Model","article_publisher":"https:\/\/www.facebook\/paudimodel","article_modified_time":"2025-08-03T09:23:04+00:00","og_image":[{"width":990,"height":658,"url":"https:\/\/www.paudimodel.com\/wp-content\/uploads\/2016\/04\/Toyota_Corolla_2014_W_07-1.jpg","type":"image\/jpeg"}],"twitter_card":"summary_large_image","twitter_site":"@paudimodel","twitter_misc":{"Gesch\u00e4tzte Lesezeit":"1\u00a0Minute"},"schema":{"@context":"https:\/\/schema.org","@graph":[{"@type":"WebPage","@id":"https:\/\/www.paudimodel.com\/product\/toyota-corolla-2014-118-scale-diecast-model-car-wholesale\/","url":"https:\/\/www.paudimodel.com\/product\/toyota-corolla-2014-118-scale-diecast-model-car-wholesale\/","name":"Toyota Corolla 2014 1\/18 Scale Diecast Model Car Wholesale - Paudi Model | High Quality Diecast Model","isPartOf":{"@id":"https:\/\/www.paudimodel.com\/#website"},"primaryImageOfPage":{"@id":"https:\/\/www.paudimodel.com\/product\/toyota-corolla-2014-118-scale-diecast-model-car-wholesale\/#primaryimage"},"image":{"@id":"https:\/\/www.paudimodel.com\/product\/toyota-corolla-2014-118-scale-diecast-model-car-wholesale\/#primaryimage"},"thumbnailUrl":"https:\/\/www.paudimodel.com\/wp-content\/uploads\/2016\/04\/Toyota_Corolla_2014_W_07-1.jpg","datePublished":"2016-04-21T19:07:32+00:00","dateModified":"2025-08-03T09:23:04+00:00","description":"1:18 Toyota Corolla 2014 Diecast Model Car","breadcrumb":{"@id":"https:\/\/www.paudimodel.com\/product\/toyota-corolla-2014-118-scale-diecast-model-car-wholesale\/#breadcrumb"},"inLanguage":"de","potentialAction":[{"@type":"ReadAction","target":["https:\/\/www.paudimodel.com\/product\/toyota-corolla-2014-118-scale-diecast-model-car-wholesale\/"]}]},{"@type":"ImageObject","inLanguage":"de","@id":"https:\/\/www.paudimodel.com\/product\/toyota-corolla-2014-118-scale-diecast-model-car-wholesale\/#primaryimage","url":"https:\/\/www.paudimodel.com\/wp-content\/uploads\/2016\/04\/Toyota_Corolla_2014_W_07-1.jpg","contentUrl":"https:\/\/www.paudimodel.com\/wp-content\/uploads\/2016\/04\/Toyota_Corolla_2014_W_07-1.jpg","width":990,"height":658},{"@type":"BreadcrumbList","@id":"https:\/\/www.paudimodel.com\/product\/toyota-corolla-2014-118-scale-diecast-model-car-wholesale\/#breadcrumb","itemListElement":[{"@type":"ListItem","position":1,"name":"Home","item":"https:\/\/www.paudimodel.com\/"},{"@type":"ListItem","position":2,"name":"Products","item":"https:\/\/www.paudimodel.com\/products\/"},{"@type":"ListItem","position":3,"name":"Toyota Corolla 2014 1\/18 Scale Diecast Model Car Wholesale"}]},{"@type":"WebSite","@id":"https:\/\/www.paudimodel.com\/#website","url":"https:\/\/www.paudimodel.com\/","name":"Paudi-Modell | Hochwertiges Druckgussmodell","description":"Kaufen Sie Druckgussmodelle von Top-Marken wie Dealer Edition, Paudi, Kyosho, Autoart und mehr. G\u00fcnstige Online-Preise. Superdetaillierte Modelle. Finden Sie Ihre Marke und Ihr Modell. Riesige Auswahl. Zufriedenheitsgarantie. Typen: Druckguss-Modellautos, Druckguss-Modell-LKWs.","publisher":{"@id":"https:\/\/www.paudimodel.com\/#organization"},"alternateName":"Scale model design, development and production","potentialAction":[{"@type":"SearchAction","target":{"@type":"EntryPoint","urlTemplate":"https:\/\/www.paudimodel.com\/?s={search_term_string}"},"query-input":{"@type":"PropertyValueSpecification","valueRequired":true,"valueName":"search_term_string"}}],"inLanguage":"de"},{"@type":"Organization","@id":"https:\/\/www.paudimodel.com\/#organization","name":"Guangzhou Paudi Model Technology Ltd.","url":"https:\/\/www.paudimodel.com\/","logo":{"@type":"ImageObject","inLanguage":"de","@id":"https:\/\/www.paudimodel.com\/#\/schema\/logo\/image\/","url":"https:\/\/www.paudimodel.com\/wp-content\/uploads\/2023\/02\/696x696.png","contentUrl":"https:\/\/www.paudimodel.com\/wp-content\/uploads\/2023\/02\/696x696.png","width":696,"height":696,"caption":"Guangzhou Paudi Model Technology Ltd."},"image":{"@id":"https:\/\/www.paudimodel.com\/#\/schema\/logo\/image\/"},"sameAs":["https:\/\/www.facebook\/paudimodel","https:\/\/x.com\/paudimodel"]}]}},"_links":{"self":[{"href":"https:\/\/www.paudimodel.com\/de\/wp-json\/wp\/v2\/product\/42639","targetHints":{"allow":["GET"]}}],"collection":[{"href":"https:\/\/www.paudimodel.com\/de\/wp-json\/wp\/v2\/product"}],"about":[{"href":"https:\/\/www.paudimodel.com\/de\/wp-json\/wp\/v2\/types\/product"}],"replies":[{"embeddable":true,"href":"https:\/\/www.paudimodel.com\/de\/wp-json\/wp\/v2\/comments?post=42639"}],"wp:featuredmedia":[{"embeddable":true,"href":"https:\/\/www.paudimodel.com\/de\/wp-json\/wp\/v2\/media\/42496"}],"wp:attachment":[{"href":"https:\/\/www.paudimodel.com\/de\/wp-json\/wp\/v2\/media?parent=42639"}],"wp:term":[{"taxonomy":"product_brand","embeddable":true,"href":"https:\/\/www.paudimodel.com\/de\/wp-json\/wp\/v2\/product_brand?post=42639"},{"taxonomy":"product_cat","embeddable":true,"href":"https:\/\/www.paudimodel.com\/de\/wp-json\/wp\/v2\/product_cat?post=42639"},{"taxonomy":"product_tag","embeddable":true,"href":"https:\/\/www.paudimodel.com\/de\/wp-json\/wp\/v2\/product_tag?post=42639"}],"curies":[{"name":"wp","href":"https:\/\/api.w.org\/{rel}","templated":true}]}}