{"id":42654,"date":"2016-04-21T19:43:06","date_gmt":"2016-04-21T19:43:06","guid":{"rendered":"http:\/\/www.paudimodel.com\/product\/nissan-juke-nismo-rs-2014-diecast-model-car\/"},"modified":"2025-11-27T11:02:08","modified_gmt":"2025-11-27T11:02:08","slug":"nissan-juke-nismo-rs-2014-118-scale-diecast-model-car-wholesale","status":"publish","type":"product","link":"https:\/\/www.paudimodel.com\/de\/produkt\/nissan-juke-nismo-rs-2014-118-scale-diecast-model-car-wholesale\/","title":{"rendered":"Nissan Juke Nismo RS 2014 1\/18 Ma\u00dfstab Druckguss Modellauto Gro\u00dfhandel"},"content":{"rendered":"<p><img loading=\"lazy\" decoding=\"async\" class=\"alignnone size-full wp-image-43847\" src=\"http:\/\/www.paudimodel.com\/wp-content\/uploads\/2016\/04\/Nissan_Juke_RS_2015_W_09.jpg\" alt=\"\" width=\"1600\" height=\"1064\" srcset=\"https:\/\/www.paudimodel.com\/wp-content\/uploads\/2016\/04\/Nissan_Juke_RS_2015_W_09.jpg 1600w, https:\/\/www.paudimodel.com\/wp-content\/uploads\/2016\/04\/Nissan_Juke_RS_2015_W_09-300x200.jpg 300w, https:\/\/www.paudimodel.com\/wp-content\/uploads\/2016\/04\/Nissan_Juke_RS_2015_W_09-450x299.jpg 450w\" sizes=\"auto, (max-width: 1600px) 100vw, 1600px\" \/> <img loading=\"lazy\" decoding=\"async\" class=\"alignnone size-full wp-image-43846\" src=\"http:\/\/www.paudimodel.com\/wp-content\/uploads\/2016\/04\/Nissan_Juke_RS_2015_W_08.jpg\" alt=\"\" width=\"1600\" height=\"1064\" srcset=\"https:\/\/www.paudimodel.com\/wp-content\/uploads\/2016\/04\/Nissan_Juke_RS_2015_W_08.jpg 1600w, https:\/\/www.paudimodel.com\/wp-content\/uploads\/2016\/04\/Nissan_Juke_RS_2015_W_08-300x200.jpg 300w, https:\/\/www.paudimodel.com\/wp-content\/uploads\/2016\/04\/Nissan_Juke_RS_2015_W_08-450x299.jpg 450w, https:\/\/www.paudimodel.com\/wp-content\/uploads\/2016\/04\/Nissan_Juke_RS_2015_W_08-768x511.jpg 768w, https:\/\/www.paudimodel.com\/wp-content\/uploads\/2016\/04\/Nissan_Juke_RS_2015_W_08-1024x681.jpg 1024w\" sizes=\"auto, (max-width: 1600px) 100vw, 1600px\" \/> <img loading=\"lazy\" decoding=\"async\" class=\"alignnone size-full wp-image-43845\" src=\"http:\/\/www.paudimodel.com\/wp-content\/uploads\/2016\/04\/Nissan_Juke_RS_2015_W_07.jpg\" alt=\"\" width=\"1600\" height=\"1064\" srcset=\"https:\/\/www.paudimodel.com\/wp-content\/uploads\/2016\/04\/Nissan_Juke_RS_2015_W_07.jpg 1600w, https:\/\/www.paudimodel.com\/wp-content\/uploads\/2016\/04\/Nissan_Juke_RS_2015_W_07-300x200.jpg 300w, https:\/\/www.paudimodel.com\/wp-content\/uploads\/2016\/04\/Nissan_Juke_RS_2015_W_07-450x299.jpg 450w, https:\/\/www.paudimodel.com\/wp-content\/uploads\/2016\/04\/Nissan_Juke_RS_2015_W_07-768x511.jpg 768w, https:\/\/www.paudimodel.com\/wp-content\/uploads\/2016\/04\/Nissan_Juke_RS_2015_W_07-1024x681.jpg 1024w\" sizes=\"auto, (max-width: 1600px) 100vw, 1600px\" \/> <img loading=\"lazy\" decoding=\"async\" class=\"alignnone size-full wp-image-43844\" src=\"http:\/\/www.paudimodel.com\/wp-content\/uploads\/2016\/04\/Nissan_Juke_RS_2015_W_06.jpg\" alt=\"\" width=\"1600\" height=\"1064\" srcset=\"https:\/\/www.paudimodel.com\/wp-content\/uploads\/2016\/04\/Nissan_Juke_RS_2015_W_06.jpg 1600w, https:\/\/www.paudimodel.com\/wp-content\/uploads\/2016\/04\/Nissan_Juke_RS_2015_W_06-300x200.jpg 300w, https:\/\/www.paudimodel.com\/wp-content\/uploads\/2016\/04\/Nissan_Juke_RS_2015_W_06-450x299.jpg 450w, https:\/\/www.paudimodel.com\/wp-content\/uploads\/2016\/04\/Nissan_Juke_RS_2015_W_06-768x511.jpg 768w, https:\/\/www.paudimodel.com\/wp-content\/uploads\/2016\/04\/Nissan_Juke_RS_2015_W_06-1024x681.jpg 1024w\" sizes=\"auto, (max-width: 1600px) 100vw, 1600px\" \/> <img loading=\"lazy\" decoding=\"async\" class=\"alignnone size-full wp-image-43843\" src=\"http:\/\/www.paudimodel.com\/wp-content\/uploads\/2016\/04\/Nissan_Juke_RS_2015_W_05.jpg\" alt=\"\" width=\"1600\" height=\"1064\" srcset=\"https:\/\/www.paudimodel.com\/wp-content\/uploads\/2016\/04\/Nissan_Juke_RS_2015_W_05.jpg 1600w, https:\/\/www.paudimodel.com\/wp-content\/uploads\/2016\/04\/Nissan_Juke_RS_2015_W_05-300x200.jpg 300w, https:\/\/www.paudimodel.com\/wp-content\/uploads\/2016\/04\/Nissan_Juke_RS_2015_W_05-450x299.jpg 450w, https:\/\/www.paudimodel.com\/wp-content\/uploads\/2016\/04\/Nissan_Juke_RS_2015_W_05-768x511.jpg 768w, https:\/\/www.paudimodel.com\/wp-content\/uploads\/2016\/04\/Nissan_Juke_RS_2015_W_05-1024x681.jpg 1024w\" sizes=\"auto, (max-width: 1600px) 100vw, 1600px\" \/> <img loading=\"lazy\" decoding=\"async\" class=\"alignnone size-full wp-image-43842\" src=\"http:\/\/www.paudimodel.com\/wp-content\/uploads\/2016\/04\/Nissan_Juke_RS_2015_W_04.jpg\" alt=\"\" width=\"1600\" height=\"1064\" srcset=\"https:\/\/www.paudimodel.com\/wp-content\/uploads\/2016\/04\/Nissan_Juke_RS_2015_W_04.jpg 1600w, https:\/\/www.paudimodel.com\/wp-content\/uploads\/2016\/04\/Nissan_Juke_RS_2015_W_04-300x200.jpg 300w, https:\/\/www.paudimodel.com\/wp-content\/uploads\/2016\/04\/Nissan_Juke_RS_2015_W_04-450x299.jpg 450w, https:\/\/www.paudimodel.com\/wp-content\/uploads\/2016\/04\/Nissan_Juke_RS_2015_W_04-768x511.jpg 768w, https:\/\/www.paudimodel.com\/wp-content\/uploads\/2016\/04\/Nissan_Juke_RS_2015_W_04-1024x681.jpg 1024w\" sizes=\"auto, (max-width: 1600px) 100vw, 1600px\" \/> <img loading=\"lazy\" decoding=\"async\" class=\"alignnone size-full wp-image-43841\" src=\"http:\/\/www.paudimodel.com\/wp-content\/uploads\/2016\/04\/Nissan_Juke_RS_2015_W_20.jpg\" alt=\"\" width=\"1600\" height=\"1064\" srcset=\"https:\/\/www.paudimodel.com\/wp-content\/uploads\/2016\/04\/Nissan_Juke_RS_2015_W_20.jpg 1600w, https:\/\/www.paudimodel.com\/wp-content\/uploads\/2016\/04\/Nissan_Juke_RS_2015_W_20-300x200.jpg 300w, https:\/\/www.paudimodel.com\/wp-content\/uploads\/2016\/04\/Nissan_Juke_RS_2015_W_20-450x299.jpg 450w, https:\/\/www.paudimodel.com\/wp-content\/uploads\/2016\/04\/Nissan_Juke_RS_2015_W_20-768x511.jpg 768w, https:\/\/www.paudimodel.com\/wp-content\/uploads\/2016\/04\/Nissan_Juke_RS_2015_W_20-1024x681.jpg 1024w\" sizes=\"auto, (max-width: 1600px) 100vw, 1600px\" \/> <img loading=\"lazy\" decoding=\"async\" class=\"alignnone size-full wp-image-43840\" src=\"http:\/\/www.paudimodel.com\/wp-content\/uploads\/2016\/04\/Nissan_Juke_RS_2015_W_19.jpg\" alt=\"\" width=\"1600\" height=\"1064\" srcset=\"https:\/\/www.paudimodel.com\/wp-content\/uploads\/2016\/04\/Nissan_Juke_RS_2015_W_19.jpg 1600w, https:\/\/www.paudimodel.com\/wp-content\/uploads\/2016\/04\/Nissan_Juke_RS_2015_W_19-300x200.jpg 300w, https:\/\/www.paudimodel.com\/wp-content\/uploads\/2016\/04\/Nissan_Juke_RS_2015_W_19-450x299.jpg 450w, https:\/\/www.paudimodel.com\/wp-content\/uploads\/2016\/04\/Nissan_Juke_RS_2015_W_19-768x511.jpg 768w, https:\/\/www.paudimodel.com\/wp-content\/uploads\/2016\/04\/Nissan_Juke_RS_2015_W_19-1024x681.jpg 1024w\" sizes=\"auto, (max-width: 1600px) 100vw, 1600px\" \/> <img loading=\"lazy\" decoding=\"async\" class=\"alignnone size-full wp-image-43839\" src=\"http:\/\/www.paudimodel.com\/wp-content\/uploads\/2016\/04\/Nissan_Juke_RS_2015_W_18.jpg\" alt=\"\" width=\"1600\" height=\"1064\" srcset=\"https:\/\/www.paudimodel.com\/wp-content\/uploads\/2016\/04\/Nissan_Juke_RS_2015_W_18.jpg 1600w, https:\/\/www.paudimodel.com\/wp-content\/uploads\/2016\/04\/Nissan_Juke_RS_2015_W_18-300x200.jpg 300w, https:\/\/www.paudimodel.com\/wp-content\/uploads\/2016\/04\/Nissan_Juke_RS_2015_W_18-450x299.jpg 450w, https:\/\/www.paudimodel.com\/wp-content\/uploads\/2016\/04\/Nissan_Juke_RS_2015_W_18-768x511.jpg 768w, https:\/\/www.paudimodel.com\/wp-content\/uploads\/2016\/04\/Nissan_Juke_RS_2015_W_18-1024x681.jpg 1024w\" sizes=\"auto, (max-width: 1600px) 100vw, 1600px\" \/> <img loading=\"lazy\" decoding=\"async\" class=\"alignnone size-full wp-image-43838\" src=\"http:\/\/www.paudimodel.com\/wp-content\/uploads\/2016\/04\/Nissan_Juke_RS_2015_W_17.jpg\" alt=\"\" width=\"1600\" height=\"1064\" srcset=\"https:\/\/www.paudimodel.com\/wp-content\/uploads\/2016\/04\/Nissan_Juke_RS_2015_W_17.jpg 1600w, https:\/\/www.paudimodel.com\/wp-content\/uploads\/2016\/04\/Nissan_Juke_RS_2015_W_17-300x200.jpg 300w, https:\/\/www.paudimodel.com\/wp-content\/uploads\/2016\/04\/Nissan_Juke_RS_2015_W_17-450x299.jpg 450w\" sizes=\"auto, (max-width: 1600px) 100vw, 1600px\" \/> <img loading=\"lazy\" decoding=\"async\" class=\"alignnone size-full wp-image-43836\" src=\"http:\/\/www.paudimodel.com\/wp-content\/uploads\/2016\/04\/Nissan_Juke_RS_2015_W_16.jpg\" alt=\"\" width=\"1600\" height=\"1064\" srcset=\"https:\/\/www.paudimodel.com\/wp-content\/uploads\/2016\/04\/Nissan_Juke_RS_2015_W_16.jpg 1600w, https:\/\/www.paudimodel.com\/wp-content\/uploads\/2016\/04\/Nissan_Juke_RS_2015_W_16-300x200.jpg 300w, https:\/\/www.paudimodel.com\/wp-content\/uploads\/2016\/04\/Nissan_Juke_RS_2015_W_16-450x299.jpg 450w, https:\/\/www.paudimodel.com\/wp-content\/uploads\/2016\/04\/Nissan_Juke_RS_2015_W_16-768x511.jpg 768w, https:\/\/www.paudimodel.com\/wp-content\/uploads\/2016\/04\/Nissan_Juke_RS_2015_W_16-1024x681.jpg 1024w\" sizes=\"auto, (max-width: 1600px) 100vw, 1600px\" \/> <img loading=\"lazy\" decoding=\"async\" class=\"alignnone size-full wp-image-43835\" src=\"http:\/\/www.paudimodel.com\/wp-content\/uploads\/2016\/04\/Nissan_Juke_RS_2015_W_15.jpg\" alt=\"\" width=\"1600\" height=\"1064\" srcset=\"https:\/\/www.paudimodel.com\/wp-content\/uploads\/2016\/04\/Nissan_Juke_RS_2015_W_15.jpg 1600w, https:\/\/www.paudimodel.com\/wp-content\/uploads\/2016\/04\/Nissan_Juke_RS_2015_W_15-300x200.jpg 300w, https:\/\/www.paudimodel.com\/wp-content\/uploads\/2016\/04\/Nissan_Juke_RS_2015_W_15-450x299.jpg 450w, https:\/\/www.paudimodel.com\/wp-content\/uploads\/2016\/04\/Nissan_Juke_RS_2015_W_15-768x511.jpg 768w, https:\/\/www.paudimodel.com\/wp-content\/uploads\/2016\/04\/Nissan_Juke_RS_2015_W_15-1024x681.jpg 1024w\" sizes=\"auto, (max-width: 1600px) 100vw, 1600px\" \/><\/p>","protected":false},"excerpt":{"rendered":"<p><b>Produktcode: 5511W<\/b><\/p>\n<p>Farbe: Wei\u00df<\/p>\n<p>Dieses Modellauto ist eine detailgetreue Nachbildung des Nissan Juke Nismo RS 2014 im Ma\u00dfstab 1:18 und geh\u00f6rt zur hochwertigen Diecast-Modellreihe von Nissan. Es besteht aus einer Zinklegierung und ist mit einer dreifachen elektrostatischen Lackierung versehen. Das Modellauto verf\u00fcgt \u00fcber Hunderte von Einzelteilen und ist aufgrund seines Sammlerwerts die ideale Wahl f\u00fcr Sammler und als Geschenk. Die Karosserie ist aus einer Zinklegierung gefertigt und verf\u00fcgt \u00fcber eine Vorder- und Hinterradaufh\u00e4ngung, vier zu \u00f6ffnende T\u00fcren, eine zu \u00f6ffnende Motorhaube, eine zu \u00f6ffnende Heckklappe und einen zu \u00f6ffnenden Kofferraumboden. Der Innenraum ist mit einem realistischen Teppichboden und galvanisierten, detailgetreuen Reifen ausgestattet.<\/p>\n<p><img loading=\"lazy\" decoding=\"async\" class=\"size-full wp-image-42559 alignleft\" src=\"http:\/\/www.paudimodel.com\/wp-content\/uploads\/2016\/04\/7.png\" alt=\"7\" width=\"50\" height=\"49\" \/><img loading=\"lazy\" decoding=\"async\" class=\"size-full wp-image-42568 alignleft\" src=\"http:\/\/www.paudimodel.com\/wp-content\/uploads\/2016\/04\/6.png\" alt=\"6\" width=\"50\" height=\"49\" \/><\/p>\n<p><img loading=\"lazy\" decoding=\"async\" class=\"size-full wp-image-42567 alignleft\" src=\"http:\/\/www.paudimodel.com\/wp-content\/uploads\/2016\/04\/5.png\" alt=\"5\" width=\"50\" height=\"49\" \/><\/p>\n<p><img loading=\"lazy\" decoding=\"async\" class=\"size-full wp-image-42566 alignleft\" src=\"http:\/\/www.paudimodel.com\/wp-content\/uploads\/2016\/04\/4.png\" alt=\"4\" width=\"50\" height=\"48\" \/><\/p>\n<p><img loading=\"lazy\" decoding=\"async\" class=\"size-full wp-image-42565 alignleft\" src=\"http:\/\/www.paudimodel.com\/wp-content\/uploads\/2016\/04\/3.png\" alt=\"3\" width=\"50\" height=\"42\" \/><\/p>\n<p>&nbsp;<\/p>\n<p>&nbsp;<\/p>\n<p><img loading=\"lazy\" decoding=\"async\" class=\"size-full wp-image-42564 alignleft\" src=\"http:\/\/www.paudimodel.com\/wp-content\/uploads\/2016\/04\/2.png\" alt=\"2\" width=\"50\" height=\"45\" \/><\/p>\n<p><img loading=\"lazy\" decoding=\"async\" class=\"size-full wp-image-42563 alignleft\" src=\"http:\/\/www.paudimodel.com\/wp-content\/uploads\/2016\/04\/1.png\" alt=\"1\" width=\"50\" height=\"45\" \/><\/p>\n<p><img loading=\"lazy\" decoding=\"async\" class=\"size-full wp-image-42562 alignleft\" src=\"http:\/\/www.paudimodel.com\/wp-content\/uploads\/2016\/04\/10.png\" alt=\"10\" width=\"50\" height=\"49\" \/><\/p>\n<p><img loading=\"lazy\" decoding=\"async\" class=\"size-full wp-image-42561 alignleft\" src=\"http:\/\/www.paudimodel.com\/wp-content\/uploads\/2016\/04\/9.png\" alt=\"9\" width=\"50\" height=\"49\" \/><\/p>\n<p><img loading=\"lazy\" decoding=\"async\" class=\"size-full wp-image-42560 alignleft\" src=\"http:\/\/www.paudimodel.com\/wp-content\/uploads\/2016\/04\/8.png\" alt=\"8\" width=\"50\" height=\"43\" \/><\/p>","protected":false},"featured_media":42655,"comment_status":"open","ping_status":"closed","template":"","meta":[],"product_brand":[2606],"product_cat":[466,127],"product_tag":[129,130,133],"class_list":{"0":"post-42654","1":"product","2":"type-product","3":"status-publish","4":"has-post-thumbnail","6":"product_brand-paudimodel","7":"product_cat-1-18-scale","8":"product_cat-nissan","9":"product_tag-nissan-juke","10":"product_tag-nissan-juke-nismo-rs","11":"product_tag-paudimodel","12":"pa_color-orange","13":"pa_color-whitecolor","14":"pa_material-zinc-alloy-abs-variety-of-composite-materials","15":"pa_scale-34","17":"first","18":"outofstock","19":"taxable","20":"shipping-taxable","21":"purchasable","22":"product-type-variable","23":"has-default-attributes"},"yoast_head":"<!-- This site is optimized with the Yoast SEO Premium plugin v25.6 (Yoast SEO v26.7) - https:\/\/yoast.com\/wordpress\/plugins\/seo\/ -->\n<title>Nissan Juke Nismo RS 2014 1\/18 Scale Diecast Model Car Wholesale - Paudi Model | High Quality Diecast Model<\/title>\n<meta name=\"description\" content=\"Nissan Juke Nismo RS 2014 Diecast Model Car\uff0cOriginal model car,chinese model car\" \/>\n<meta name=\"robots\" content=\"index, follow, max-snippet:-1, max-image-preview:large, max-video-preview:-1\" \/>\n<link rel=\"canonical\" href=\"https:\/\/www.paudimodel.com\/de\/produkt\/nissan-juke-nismo-rs-2014-118-scale-diecast-model-car-wholesale\/\" \/>\n<meta property=\"og:locale\" content=\"de_DE\" \/>\n<meta property=\"og:type\" content=\"article\" \/>\n<meta property=\"og:title\" content=\"Nissan Juke Nismo RS 2014 1\/18 Scale Diecast Model Car Wholesale\" \/>\n<meta property=\"og:description\" content=\"Nissan Juke Nismo RS 2014 Diecast Model Car\uff0cOriginal model car,chinese model car\" \/>\n<meta property=\"og:url\" content=\"https:\/\/www.paudimodel.com\/de\/produkt\/nissan-juke-nismo-rs-2014-118-scale-diecast-model-car-wholesale\/\" \/>\n<meta property=\"og:site_name\" content=\"Paudi Model | High Quality Diecast Model\" \/>\n<meta property=\"article:publisher\" content=\"https:\/\/www.facebook\/paudimodel\" \/>\n<meta property=\"article:modified_time\" content=\"2025-11-27T11:02:08+00:00\" \/>\n<meta property=\"og:image\" content=\"https:\/\/www.paudimodel.com\/wp-content\/uploads\/2016\/04\/Nissan_Juke_RS_2015_W_03-2.jpg\" \/>\n\t<meta property=\"og:image:width\" content=\"990\" \/>\n\t<meta property=\"og:image:height\" content=\"658\" \/>\n\t<meta property=\"og:image:type\" content=\"image\/jpeg\" \/>\n<meta name=\"twitter:card\" content=\"summary_large_image\" \/>\n<meta name=\"twitter:site\" content=\"@paudimodel\" \/>\n<script type=\"application\/ld+json\" class=\"yoast-schema-graph\">{\"@context\":\"https:\/\/schema.org\",\"@graph\":[{\"@type\":\"WebPage\",\"@id\":\"https:\/\/www.paudimodel.com\/product\/nissan-juke-nismo-rs-2014-118-scale-diecast-model-car-wholesale\/\",\"url\":\"https:\/\/www.paudimodel.com\/product\/nissan-juke-nismo-rs-2014-118-scale-diecast-model-car-wholesale\/\",\"name\":\"Nissan Juke Nismo RS 2014 1\/18 Scale Diecast Model Car Wholesale - Paudi Model | High Quality Diecast Model\",\"isPartOf\":{\"@id\":\"https:\/\/www.paudimodel.com\/#website\"},\"primaryImageOfPage\":{\"@id\":\"https:\/\/www.paudimodel.com\/product\/nissan-juke-nismo-rs-2014-118-scale-diecast-model-car-wholesale\/#primaryimage\"},\"image\":{\"@id\":\"https:\/\/www.paudimodel.com\/product\/nissan-juke-nismo-rs-2014-118-scale-diecast-model-car-wholesale\/#primaryimage\"},\"thumbnailUrl\":\"https:\/\/www.paudimodel.com\/wp-content\/uploads\/2016\/04\/Nissan_Juke_RS_2015_W_03-2.jpg\",\"datePublished\":\"2016-04-21T19:43:06+00:00\",\"dateModified\":\"2025-11-27T11:02:08+00:00\",\"description\":\"Nissan Juke Nismo RS 2014 Diecast Model Car\uff0cOriginal model car,chinese model car\",\"breadcrumb\":{\"@id\":\"https:\/\/www.paudimodel.com\/product\/nissan-juke-nismo-rs-2014-118-scale-diecast-model-car-wholesale\/#breadcrumb\"},\"inLanguage\":\"de\",\"potentialAction\":[{\"@type\":\"ReadAction\",\"target\":[\"https:\/\/www.paudimodel.com\/product\/nissan-juke-nismo-rs-2014-118-scale-diecast-model-car-wholesale\/\"]}]},{\"@type\":\"ImageObject\",\"inLanguage\":\"de\",\"@id\":\"https:\/\/www.paudimodel.com\/product\/nissan-juke-nismo-rs-2014-118-scale-diecast-model-car-wholesale\/#primaryimage\",\"url\":\"https:\/\/www.paudimodel.com\/wp-content\/uploads\/2016\/04\/Nissan_Juke_RS_2015_W_03-2.jpg\",\"contentUrl\":\"https:\/\/www.paudimodel.com\/wp-content\/uploads\/2016\/04\/Nissan_Juke_RS_2015_W_03-2.jpg\",\"width\":990,\"height\":658},{\"@type\":\"BreadcrumbList\",\"@id\":\"https:\/\/www.paudimodel.com\/product\/nissan-juke-nismo-rs-2014-118-scale-diecast-model-car-wholesale\/#breadcrumb\",\"itemListElement\":[{\"@type\":\"ListItem\",\"position\":1,\"name\":\"Home\",\"item\":\"https:\/\/www.paudimodel.com\/\"},{\"@type\":\"ListItem\",\"position\":2,\"name\":\"Products\",\"item\":\"https:\/\/www.paudimodel.com\/products\/\"},{\"@type\":\"ListItem\",\"position\":3,\"name\":\"Nissan Juke Nismo RS 2014 1\/18 Scale Diecast Model Car Wholesale\"}]},{\"@type\":\"WebSite\",\"@id\":\"https:\/\/www.paudimodel.com\/#website\",\"url\":\"https:\/\/www.paudimodel.com\/\",\"name\":\"Paudi Model | High Quality Diecast Model\",\"description\":\"Shop For Diecast Models From Top-Rated Brands Like Dealer Edition, Paudi, Kyosho, Autoart &amp; More. Low Online Prices. Super-Detailed Models.Find Your Make &amp; Model.Huge Selection. Satisfaction Guaranteed. Types: Diecast Model Cars, Diecast Model Trucks.\",\"publisher\":{\"@id\":\"https:\/\/www.paudimodel.com\/#organization\"},\"alternateName\":\"Scale model design, development and production\",\"potentialAction\":[{\"@type\":\"SearchAction\",\"target\":{\"@type\":\"EntryPoint\",\"urlTemplate\":\"https:\/\/www.paudimodel.com\/?s={search_term_string}\"},\"query-input\":{\"@type\":\"PropertyValueSpecification\",\"valueRequired\":true,\"valueName\":\"search_term_string\"}}],\"inLanguage\":\"de\"},{\"@type\":\"Organization\",\"@id\":\"https:\/\/www.paudimodel.com\/#organization\",\"name\":\"Guangzhou Paudi Model Technology Ltd.\",\"url\":\"https:\/\/www.paudimodel.com\/\",\"logo\":{\"@type\":\"ImageObject\",\"inLanguage\":\"de\",\"@id\":\"https:\/\/www.paudimodel.com\/#\/schema\/logo\/image\/\",\"url\":\"https:\/\/www.paudimodel.com\/wp-content\/uploads\/2023\/02\/696x696.png\",\"contentUrl\":\"https:\/\/www.paudimodel.com\/wp-content\/uploads\/2023\/02\/696x696.png\",\"width\":696,\"height\":696,\"caption\":\"Guangzhou Paudi Model Technology Ltd.\"},\"image\":{\"@id\":\"https:\/\/www.paudimodel.com\/#\/schema\/logo\/image\/\"},\"sameAs\":[\"https:\/\/www.facebook\/paudimodel\",\"https:\/\/x.com\/paudimodel\"]}]}<\/script>\n<!-- \/ Yoast SEO Premium plugin. -->","yoast_head_json":{"title":"Nissan Juke Nismo RS 2014, Ma\u00dfstab 1:18, Diecast-Modellauto im Gro\u00dfhandel \u2013 Paudi Model | Hochwertiges Diecast-Modell","description":"Nissan Juke Nismo RS 2014 Diecast-Modellauto, Original-Modellauto, chinesisches Modellauto","robots":{"index":"index","follow":"follow","max-snippet":"max-snippet:-1","max-image-preview":"max-image-preview:large","max-video-preview":"max-video-preview:-1"},"canonical":"https:\/\/www.paudimodel.com\/de\/produkt\/nissan-juke-nismo-rs-2014-118-scale-diecast-model-car-wholesale\/","og_locale":"de_DE","og_type":"article","og_title":"Nissan Juke Nismo RS 2014 1\/18 Scale Diecast Model Car Wholesale","og_description":"Nissan Juke Nismo RS 2014 Diecast Model Car\uff0cOriginal model car,chinese model car","og_url":"https:\/\/www.paudimodel.com\/de\/produkt\/nissan-juke-nismo-rs-2014-118-scale-diecast-model-car-wholesale\/","og_site_name":"Paudi Model | High Quality Diecast Model","article_publisher":"https:\/\/www.facebook\/paudimodel","article_modified_time":"2025-11-27T11:02:08+00:00","og_image":[{"width":990,"height":658,"url":"https:\/\/www.paudimodel.com\/wp-content\/uploads\/2016\/04\/Nissan_Juke_RS_2015_W_03-2.jpg","type":"image\/jpeg"}],"twitter_card":"summary_large_image","twitter_site":"@paudimodel","schema":{"@context":"https:\/\/schema.org","@graph":[{"@type":"WebPage","@id":"https:\/\/www.paudimodel.com\/product\/nissan-juke-nismo-rs-2014-118-scale-diecast-model-car-wholesale\/","url":"https:\/\/www.paudimodel.com\/product\/nissan-juke-nismo-rs-2014-118-scale-diecast-model-car-wholesale\/","name":"Nissan Juke Nismo RS 2014, Ma\u00dfstab 1:18, Diecast-Modellauto im Gro\u00dfhandel \u2013 Paudi Model | Hochwertiges Diecast-Modell","isPartOf":{"@id":"https:\/\/www.paudimodel.com\/#website"},"primaryImageOfPage":{"@id":"https:\/\/www.paudimodel.com\/product\/nissan-juke-nismo-rs-2014-118-scale-diecast-model-car-wholesale\/#primaryimage"},"image":{"@id":"https:\/\/www.paudimodel.com\/product\/nissan-juke-nismo-rs-2014-118-scale-diecast-model-car-wholesale\/#primaryimage"},"thumbnailUrl":"https:\/\/www.paudimodel.com\/wp-content\/uploads\/2016\/04\/Nissan_Juke_RS_2015_W_03-2.jpg","datePublished":"2016-04-21T19:43:06+00:00","dateModified":"2025-11-27T11:02:08+00:00","description":"Nissan Juke Nismo RS 2014 Diecast-Modellauto, Original-Modellauto, chinesisches Modellauto","breadcrumb":{"@id":"https:\/\/www.paudimodel.com\/product\/nissan-juke-nismo-rs-2014-118-scale-diecast-model-car-wholesale\/#breadcrumb"},"inLanguage":"de","potentialAction":[{"@type":"ReadAction","target":["https:\/\/www.paudimodel.com\/product\/nissan-juke-nismo-rs-2014-118-scale-diecast-model-car-wholesale\/"]}]},{"@type":"ImageObject","inLanguage":"de","@id":"https:\/\/www.paudimodel.com\/product\/nissan-juke-nismo-rs-2014-118-scale-diecast-model-car-wholesale\/#primaryimage","url":"https:\/\/www.paudimodel.com\/wp-content\/uploads\/2016\/04\/Nissan_Juke_RS_2015_W_03-2.jpg","contentUrl":"https:\/\/www.paudimodel.com\/wp-content\/uploads\/2016\/04\/Nissan_Juke_RS_2015_W_03-2.jpg","width":990,"height":658},{"@type":"BreadcrumbList","@id":"https:\/\/www.paudimodel.com\/product\/nissan-juke-nismo-rs-2014-118-scale-diecast-model-car-wholesale\/#breadcrumb","itemListElement":[{"@type":"ListItem","position":1,"name":"Home","item":"https:\/\/www.paudimodel.com\/"},{"@type":"ListItem","position":2,"name":"Products","item":"https:\/\/www.paudimodel.com\/products\/"},{"@type":"ListItem","position":3,"name":"Nissan Juke Nismo RS 2014 1\/18 Scale Diecast Model Car Wholesale"}]},{"@type":"WebSite","@id":"https:\/\/www.paudimodel.com\/#website","url":"https:\/\/www.paudimodel.com\/","name":"Paudi-Modell | Hochwertiges Druckgussmodell","description":"Kaufen Sie Druckgussmodelle von Top-Marken wie Dealer Edition, Paudi, Kyosho, Autoart und mehr. G\u00fcnstige Online-Preise. Superdetaillierte Modelle. Finden Sie Ihre Marke und Ihr Modell. Riesige Auswahl. Zufriedenheitsgarantie. Typen: Druckguss-Modellautos, Druckguss-Modell-LKWs.","publisher":{"@id":"https:\/\/www.paudimodel.com\/#organization"},"alternateName":"Scale model design, development and production","potentialAction":[{"@type":"SearchAction","target":{"@type":"EntryPoint","urlTemplate":"https:\/\/www.paudimodel.com\/?s={search_term_string}"},"query-input":{"@type":"PropertyValueSpecification","valueRequired":true,"valueName":"search_term_string"}}],"inLanguage":"de"},{"@type":"Organization","@id":"https:\/\/www.paudimodel.com\/#organization","name":"Guangzhou Paudi Model Technology Ltd.","url":"https:\/\/www.paudimodel.com\/","logo":{"@type":"ImageObject","inLanguage":"de","@id":"https:\/\/www.paudimodel.com\/#\/schema\/logo\/image\/","url":"https:\/\/www.paudimodel.com\/wp-content\/uploads\/2023\/02\/696x696.png","contentUrl":"https:\/\/www.paudimodel.com\/wp-content\/uploads\/2023\/02\/696x696.png","width":696,"height":696,"caption":"Guangzhou Paudi Model Technology Ltd."},"image":{"@id":"https:\/\/www.paudimodel.com\/#\/schema\/logo\/image\/"},"sameAs":["https:\/\/www.facebook\/paudimodel","https:\/\/x.com\/paudimodel"]}]}},"_links":{"self":[{"href":"https:\/\/www.paudimodel.com\/de\/wp-json\/wp\/v2\/product\/42654","targetHints":{"allow":["GET"]}}],"collection":[{"href":"https:\/\/www.paudimodel.com\/de\/wp-json\/wp\/v2\/product"}],"about":[{"href":"https:\/\/www.paudimodel.com\/de\/wp-json\/wp\/v2\/types\/product"}],"replies":[{"embeddable":true,"href":"https:\/\/www.paudimodel.com\/de\/wp-json\/wp\/v2\/comments?post=42654"}],"wp:featuredmedia":[{"embeddable":true,"href":"https:\/\/www.paudimodel.com\/de\/wp-json\/wp\/v2\/media\/42655"}],"wp:attachment":[{"href":"https:\/\/www.paudimodel.com\/de\/wp-json\/wp\/v2\/media?parent=42654"}],"wp:term":[{"taxonomy":"product_brand","embeddable":true,"href":"https:\/\/www.paudimodel.com\/de\/wp-json\/wp\/v2\/product_brand?post=42654"},{"taxonomy":"product_cat","embeddable":true,"href":"https:\/\/www.paudimodel.com\/de\/wp-json\/wp\/v2\/product_cat?post=42654"},{"taxonomy":"product_tag","embeddable":true,"href":"https:\/\/www.paudimodel.com\/de\/wp-json\/wp\/v2\/product_tag?post=42654"}],"curies":[{"name":"wp","href":"https:\/\/api.w.org\/{rel}","templated":true}]}}