{"id":42683,"date":"2016-04-21T20:15:21","date_gmt":"2016-04-21T12:15:21","guid":{"rendered":"http:\/\/www.paudimodel.com\/product\/skoda-yeti-city-2013-diecast-model-car\/"},"modified":"2019-11-20T08:49:36","modified_gmt":"2019-11-20T08:49:36","slug":"skoda-yeti-city-2014-118-scale-diecast-model-car-wholesale","status":"publish","type":"product","link":"https:\/\/www.paudimodel.com\/de\/produkt\/skoda-yeti-city-2014-118-scale-diecast-model-car-wholesale\/","title":{"rendered":"SVW Skoda Yeti City 2014 1\/18 Ma\u00dfstab Druckguss Modellauto Gro\u00dfhandel"},"content":{"rendered":"<p><img loading=\"lazy\" decoding=\"async\" class=\"alignnone size-full wp-image-44288 aligncenter\" src=\"http:\/\/www.paudimodel.com\/wp-content\/uploads\/2016\/04\/DSC_0070-3.jpg\" alt=\"\" width=\"990\" height=\"658\" \/> <img loading=\"lazy\" decoding=\"async\" class=\"alignnone size-full wp-image-44297 aligncenter\" src=\"http:\/\/www.paudimodel.com\/wp-content\/uploads\/2016\/04\/DSC_0116.jpg\" alt=\"\" width=\"990\" height=\"658\" srcset=\"https:\/\/www.paudimodel.com\/wp-content\/uploads\/2016\/04\/DSC_0116.jpg 990w, https:\/\/www.paudimodel.com\/wp-content\/uploads\/2016\/04\/DSC_0116-300x199.jpg 300w, https:\/\/www.paudimodel.com\/wp-content\/uploads\/2016\/04\/DSC_0116-450x299.jpg 450w, https:\/\/www.paudimodel.com\/wp-content\/uploads\/2016\/04\/DSC_0116-768x510.jpg 768w\" sizes=\"auto, (max-width: 990px) 100vw, 990px\" \/> <img loading=\"lazy\" decoding=\"async\" class=\"alignnone size-full wp-image-44296 aligncenter\" src=\"http:\/\/www.paudimodel.com\/wp-content\/uploads\/2016\/04\/DSC_0115.jpg\" alt=\"\" width=\"990\" height=\"658\" srcset=\"https:\/\/www.paudimodel.com\/wp-content\/uploads\/2016\/04\/DSC_0115.jpg 990w, https:\/\/www.paudimodel.com\/wp-content\/uploads\/2016\/04\/DSC_0115-300x199.jpg 300w, https:\/\/www.paudimodel.com\/wp-content\/uploads\/2016\/04\/DSC_0115-450x299.jpg 450w, https:\/\/www.paudimodel.com\/wp-content\/uploads\/2016\/04\/DSC_0115-768x510.jpg 768w\" sizes=\"auto, (max-width: 990px) 100vw, 990px\" \/> <img loading=\"lazy\" decoding=\"async\" class=\"alignnone size-full wp-image-44295 aligncenter\" src=\"http:\/\/www.paudimodel.com\/wp-content\/uploads\/2016\/04\/DSC_0099-1.jpg\" alt=\"\" width=\"990\" height=\"658\" srcset=\"https:\/\/www.paudimodel.com\/wp-content\/uploads\/2016\/04\/DSC_0099-1.jpg 990w, https:\/\/www.paudimodel.com\/wp-content\/uploads\/2016\/04\/DSC_0099-1-300x199.jpg 300w, https:\/\/www.paudimodel.com\/wp-content\/uploads\/2016\/04\/DSC_0099-1-450x299.jpg 450w, https:\/\/www.paudimodel.com\/wp-content\/uploads\/2016\/04\/DSC_0099-1-768x510.jpg 768w\" sizes=\"auto, (max-width: 990px) 100vw, 990px\" \/> <img loading=\"lazy\" decoding=\"async\" class=\"alignnone size-full wp-image-44294 aligncenter\" src=\"http:\/\/www.paudimodel.com\/wp-content\/uploads\/2016\/04\/DSC_0094-1.jpg\" alt=\"\" width=\"990\" height=\"658\" srcset=\"https:\/\/www.paudimodel.com\/wp-content\/uploads\/2016\/04\/DSC_0094-1.jpg 990w, https:\/\/www.paudimodel.com\/wp-content\/uploads\/2016\/04\/DSC_0094-1-300x199.jpg 300w, https:\/\/www.paudimodel.com\/wp-content\/uploads\/2016\/04\/DSC_0094-1-450x299.jpg 450w, https:\/\/www.paudimodel.com\/wp-content\/uploads\/2016\/04\/DSC_0094-1-768x510.jpg 768w\" sizes=\"auto, (max-width: 990px) 100vw, 990px\" \/> <img loading=\"lazy\" decoding=\"async\" class=\"alignnone size-full wp-image-44293 aligncenter\" src=\"http:\/\/www.paudimodel.com\/wp-content\/uploads\/2016\/04\/DSC_0092-1.jpg\" alt=\"\" width=\"990\" height=\"658\" srcset=\"https:\/\/www.paudimodel.com\/wp-content\/uploads\/2016\/04\/DSC_0092-1.jpg 990w, https:\/\/www.paudimodel.com\/wp-content\/uploads\/2016\/04\/DSC_0092-1-300x199.jpg 300w, https:\/\/www.paudimodel.com\/wp-content\/uploads\/2016\/04\/DSC_0092-1-450x299.jpg 450w, https:\/\/www.paudimodel.com\/wp-content\/uploads\/2016\/04\/DSC_0092-1-768x510.jpg 768w\" sizes=\"auto, (max-width: 990px) 100vw, 990px\" \/> <img loading=\"lazy\" decoding=\"async\" class=\"alignnone size-full wp-image-44292 aligncenter\" src=\"http:\/\/www.paudimodel.com\/wp-content\/uploads\/2016\/04\/DSC_0084-1.jpg\" alt=\"\" width=\"990\" height=\"658\" srcset=\"https:\/\/www.paudimodel.com\/wp-content\/uploads\/2016\/04\/DSC_0084-1.jpg 990w, https:\/\/www.paudimodel.com\/wp-content\/uploads\/2016\/04\/DSC_0084-1-300x199.jpg 300w, https:\/\/www.paudimodel.com\/wp-content\/uploads\/2016\/04\/DSC_0084-1-450x299.jpg 450w, https:\/\/www.paudimodel.com\/wp-content\/uploads\/2016\/04\/DSC_0084-1-768x510.jpg 768w\" sizes=\"auto, (max-width: 990px) 100vw, 990px\" \/> <img loading=\"lazy\" decoding=\"async\" class=\"alignnone size-full wp-image-44291 aligncenter\" src=\"http:\/\/www.paudimodel.com\/wp-content\/uploads\/2016\/04\/DSC_0083-1.jpg\" alt=\"\" width=\"990\" height=\"658\" srcset=\"https:\/\/www.paudimodel.com\/wp-content\/uploads\/2016\/04\/DSC_0083-1.jpg 990w, https:\/\/www.paudimodel.com\/wp-content\/uploads\/2016\/04\/DSC_0083-1-300x199.jpg 300w, https:\/\/www.paudimodel.com\/wp-content\/uploads\/2016\/04\/DSC_0083-1-450x299.jpg 450w, https:\/\/www.paudimodel.com\/wp-content\/uploads\/2016\/04\/DSC_0083-1-768x510.jpg 768w\" sizes=\"auto, (max-width: 990px) 100vw, 990px\" \/> <img loading=\"lazy\" decoding=\"async\" class=\"alignnone size-full wp-image-44290 aligncenter\" src=\"http:\/\/www.paudimodel.com\/wp-content\/uploads\/2016\/04\/DSC_0075-1.jpg\" alt=\"\" width=\"990\" height=\"658\" srcset=\"https:\/\/www.paudimodel.com\/wp-content\/uploads\/2016\/04\/DSC_0075-1.jpg 990w, https:\/\/www.paudimodel.com\/wp-content\/uploads\/2016\/04\/DSC_0075-1-300x199.jpg 300w, https:\/\/www.paudimodel.com\/wp-content\/uploads\/2016\/04\/DSC_0075-1-450x299.jpg 450w, https:\/\/www.paudimodel.com\/wp-content\/uploads\/2016\/04\/DSC_0075-1-768x510.jpg 768w\" sizes=\"auto, (max-width: 990px) 100vw, 990px\" \/> <img loading=\"lazy\" decoding=\"async\" class=\"alignnone size-full wp-image-44289 aligncenter\" src=\"http:\/\/www.paudimodel.com\/wp-content\/uploads\/2016\/04\/DSC_0071-1.jpg\" alt=\"\" width=\"990\" height=\"658\" srcset=\"https:\/\/www.paudimodel.com\/wp-content\/uploads\/2016\/04\/DSC_0071-1.jpg 990w, https:\/\/www.paudimodel.com\/wp-content\/uploads\/2016\/04\/DSC_0071-1-300x199.jpg 300w, https:\/\/www.paudimodel.com\/wp-content\/uploads\/2016\/04\/DSC_0071-1-450x299.jpg 450w, https:\/\/www.paudimodel.com\/wp-content\/uploads\/2016\/04\/DSC_0071-1-768x510.jpg 768w\" sizes=\"auto, (max-width: 990px) 100vw, 990px\" \/><\/p>","protected":false},"excerpt":{"rendered":"<p><b>Artikel-Nr.:<span style=\"text-decoration: underline\"> 2328BL, 2328OR<\/span><\/b><\/p>\n<p>Farbe: Orange, Blau<\/p>\n<p>Dieses Modellauto, eine detailgetreue Nachbildung des Yeti-Modells von Skoda (SVW), hat einen Ma\u00dfstab von 1:18 und geh\u00f6rt zu den hochwertigen Diecast-Modellautos der Skoda-Serie. Es besteht aus einer Zinklegierung und ist mit einer dreifachen elektrostatischen Lackierung versehen. Das Modellauto umfasst Hunderte von Teilen und ist aufgrund seines Sammlerwerts die ideale Wahl f\u00fcr Sammler und als Geschenk.<\/p>\n<p><img loading=\"lazy\" decoding=\"async\" class=\"size-full wp-image-42559 alignleft\" src=\"http:\/\/www.paudimodel.com\/wp-content\/uploads\/2016\/04\/7.png\" alt=\"7\" width=\"50\" height=\"49\" \/><img loading=\"lazy\" decoding=\"async\" class=\"size-full wp-image-42568 alignleft\" src=\"http:\/\/www.paudimodel.com\/wp-content\/uploads\/2016\/04\/6.png\" alt=\"6\" width=\"50\" height=\"49\" \/><\/p>\n<p><img loading=\"lazy\" decoding=\"async\" class=\"size-full wp-image-42567 alignleft\" src=\"http:\/\/www.paudimodel.com\/wp-content\/uploads\/2016\/04\/5.png\" alt=\"5\" width=\"50\" height=\"49\" \/><\/p>\n<p><img loading=\"lazy\" decoding=\"async\" class=\"size-full wp-image-42566 alignleft\" src=\"http:\/\/www.paudimodel.com\/wp-content\/uploads\/2016\/04\/4.png\" alt=\"4\" width=\"50\" height=\"48\" \/><\/p>\n<p><img loading=\"lazy\" decoding=\"async\" class=\"size-full wp-image-42565 alignleft\" src=\"http:\/\/www.paudimodel.com\/wp-content\/uploads\/2016\/04\/3.png\" alt=\"3\" width=\"50\" height=\"42\" \/><\/p>\n<p>&nbsp;<\/p>\n<p>&nbsp;<\/p>\n<p><img loading=\"lazy\" decoding=\"async\" class=\"size-full wp-image-42564 alignleft\" src=\"http:\/\/www.paudimodel.com\/wp-content\/uploads\/2016\/04\/2.png\" alt=\"2\" width=\"50\" height=\"45\" \/><\/p>\n<p><img loading=\"lazy\" decoding=\"async\" class=\"size-full wp-image-42563 alignleft\" src=\"http:\/\/www.paudimodel.com\/wp-content\/uploads\/2016\/04\/1.png\" alt=\"1\" width=\"50\" height=\"45\" \/><\/p>\n<p><img loading=\"lazy\" decoding=\"async\" class=\"size-full wp-image-42562 alignleft\" src=\"http:\/\/www.paudimodel.com\/wp-content\/uploads\/2016\/04\/10.png\" alt=\"10\" width=\"50\" height=\"49\" \/><\/p>\n<p><img loading=\"lazy\" decoding=\"async\" class=\"size-full wp-image-42561 alignleft\" src=\"http:\/\/www.paudimodel.com\/wp-content\/uploads\/2016\/04\/9.png\" alt=\"9\" width=\"50\" height=\"49\" \/><\/p>\n<p><img loading=\"lazy\" decoding=\"async\" class=\"size-full wp-image-42560 alignleft\" src=\"http:\/\/www.paudimodel.com\/wp-content\/uploads\/2016\/04\/8.png\" alt=\"8\" width=\"50\" height=\"43\" \/><\/p>","protected":false},"featured_media":42684,"comment_status":"open","ping_status":"closed","template":"","meta":[],"product_brand":[],"product_cat":[466,137],"product_tag":[121,50,63,55,132,133,138,797],"class_list":{"0":"post-42683","1":"product","2":"type-product","3":"status-publish","4":"has-post-thumbnail","6":"product_cat-1-18-scale","7":"product_cat-skoda","8":"product_tag-chinese-model-car","9":"product_tag-diecast-model-car","10":"product_tag-hobby-model-car","11":"product_tag-model-car","12":"product_tag-paudi","13":"product_tag-paudimodel","14":"product_tag-skoda-model-car","15":"product_tag-skoda-yeti","16":"pa_color-orange","17":"pa_color-deep-blue-pearl","18":"pa_material-zinc-alloy-abs-variety-of-composite-materials","20":"first","21":"outofstock","22":"taxable","23":"shipping-taxable","24":"purchasable","25":"product-type-variable"},"yoast_head":"<!-- This site is optimized with the Yoast SEO Premium plugin v25.6 (Yoast SEO v26.7) - https:\/\/yoast.com\/wordpress\/plugins\/seo\/ -->\n<title>SVW Skoda Yeti City 2014 1\/18 Scale Diecast Model Car Wholesale - Paudi Model | High Quality Diecast Model<\/title>\n<meta name=\"description\" content=\"1:18 Skoda Yeti City 2013 Diecast Model Car\uff0cOriginal model car,chinese model car\" \/>\n<meta name=\"robots\" content=\"index, follow, max-snippet:-1, max-image-preview:large, max-video-preview:-1\" \/>\n<link rel=\"canonical\" href=\"https:\/\/www.paudimodel.com\/de\/produkt\/skoda-yeti-city-2014-118-scale-diecast-model-car-wholesale\/\" \/>\n<meta property=\"og:locale\" content=\"de_DE\" \/>\n<meta property=\"og:type\" content=\"article\" \/>\n<meta property=\"og:title\" content=\"SVW Skoda Yeti City 2014 1\/18 Scale Diecast Model Car Wholesale\" \/>\n<meta property=\"og:description\" content=\"1:18 Skoda Yeti City 2013 Diecast Model Car\uff0cOriginal model car,chinese model car\" \/>\n<meta property=\"og:url\" content=\"https:\/\/www.paudimodel.com\/de\/produkt\/skoda-yeti-city-2014-118-scale-diecast-model-car-wholesale\/\" \/>\n<meta property=\"og:site_name\" content=\"Paudi Model | High Quality Diecast Model\" \/>\n<meta property=\"article:publisher\" content=\"https:\/\/www.facebook\/paudimodel\" \/>\n<meta property=\"article:modified_time\" content=\"2019-11-20T08:49:36+00:00\" \/>\n<meta property=\"og:image\" content=\"https:\/\/www.paudimodel.com\/wp-content\/uploads\/2016\/04\/DSC_0070-1.jpg\" \/>\n\t<meta property=\"og:image:width\" content=\"990\" \/>\n\t<meta property=\"og:image:height\" content=\"658\" \/>\n\t<meta property=\"og:image:type\" content=\"image\/jpeg\" \/>\n<meta name=\"twitter:card\" content=\"summary_large_image\" \/>\n<meta name=\"twitter:site\" content=\"@paudimodel\" \/>\n<script type=\"application\/ld+json\" class=\"yoast-schema-graph\">{\"@context\":\"https:\/\/schema.org\",\"@graph\":[{\"@type\":\"WebPage\",\"@id\":\"https:\/\/www.paudimodel.com\/product\/skoda-yeti-city-2014-118-scale-diecast-model-car-wholesale\/\",\"url\":\"https:\/\/www.paudimodel.com\/product\/skoda-yeti-city-2014-118-scale-diecast-model-car-wholesale\/\",\"name\":\"SVW Skoda Yeti City 2014 1\/18 Scale Diecast Model Car Wholesale - Paudi Model | High Quality Diecast Model\",\"isPartOf\":{\"@id\":\"https:\/\/www.paudimodel.com\/#website\"},\"primaryImageOfPage\":{\"@id\":\"https:\/\/www.paudimodel.com\/product\/skoda-yeti-city-2014-118-scale-diecast-model-car-wholesale\/#primaryimage\"},\"image\":{\"@id\":\"https:\/\/www.paudimodel.com\/product\/skoda-yeti-city-2014-118-scale-diecast-model-car-wholesale\/#primaryimage\"},\"thumbnailUrl\":\"https:\/\/www.paudimodel.com\/wp-content\/uploads\/2016\/04\/DSC_0070-1.jpg\",\"datePublished\":\"2016-04-21T12:15:21+00:00\",\"dateModified\":\"2019-11-20T08:49:36+00:00\",\"description\":\"1:18 Skoda Yeti City 2013 Diecast Model Car\uff0cOriginal model car,chinese model car\",\"breadcrumb\":{\"@id\":\"https:\/\/www.paudimodel.com\/product\/skoda-yeti-city-2014-118-scale-diecast-model-car-wholesale\/#breadcrumb\"},\"inLanguage\":\"de\",\"potentialAction\":[{\"@type\":\"ReadAction\",\"target\":[\"https:\/\/www.paudimodel.com\/product\/skoda-yeti-city-2014-118-scale-diecast-model-car-wholesale\/\"]}]},{\"@type\":\"ImageObject\",\"inLanguage\":\"de\",\"@id\":\"https:\/\/www.paudimodel.com\/product\/skoda-yeti-city-2014-118-scale-diecast-model-car-wholesale\/#primaryimage\",\"url\":\"https:\/\/www.paudimodel.com\/wp-content\/uploads\/2016\/04\/DSC_0070-1.jpg\",\"contentUrl\":\"https:\/\/www.paudimodel.com\/wp-content\/uploads\/2016\/04\/DSC_0070-1.jpg\",\"width\":990,\"height\":658},{\"@type\":\"BreadcrumbList\",\"@id\":\"https:\/\/www.paudimodel.com\/product\/skoda-yeti-city-2014-118-scale-diecast-model-car-wholesale\/#breadcrumb\",\"itemListElement\":[{\"@type\":\"ListItem\",\"position\":1,\"name\":\"Home\",\"item\":\"https:\/\/www.paudimodel.com\/\"},{\"@type\":\"ListItem\",\"position\":2,\"name\":\"Products\",\"item\":\"https:\/\/www.paudimodel.com\/products\/\"},{\"@type\":\"ListItem\",\"position\":3,\"name\":\"SVW Skoda Yeti City 2014 1\/18 Scale Diecast Model Car Wholesale\"}]},{\"@type\":\"WebSite\",\"@id\":\"https:\/\/www.paudimodel.com\/#website\",\"url\":\"https:\/\/www.paudimodel.com\/\",\"name\":\"Paudi Model | High Quality Diecast Model\",\"description\":\"Shop For Diecast Models From Top-Rated Brands Like Dealer Edition, Paudi, Kyosho, Autoart &amp; More. Low Online Prices. Super-Detailed Models.Find Your Make &amp; Model.Huge Selection. Satisfaction Guaranteed. Types: Diecast Model Cars, Diecast Model Trucks.\",\"publisher\":{\"@id\":\"https:\/\/www.paudimodel.com\/#organization\"},\"alternateName\":\"Scale model design, development and production\",\"potentialAction\":[{\"@type\":\"SearchAction\",\"target\":{\"@type\":\"EntryPoint\",\"urlTemplate\":\"https:\/\/www.paudimodel.com\/?s={search_term_string}\"},\"query-input\":{\"@type\":\"PropertyValueSpecification\",\"valueRequired\":true,\"valueName\":\"search_term_string\"}}],\"inLanguage\":\"de\"},{\"@type\":\"Organization\",\"@id\":\"https:\/\/www.paudimodel.com\/#organization\",\"name\":\"Guangzhou Paudi Model Technology Ltd.\",\"url\":\"https:\/\/www.paudimodel.com\/\",\"logo\":{\"@type\":\"ImageObject\",\"inLanguage\":\"de\",\"@id\":\"https:\/\/www.paudimodel.com\/#\/schema\/logo\/image\/\",\"url\":\"https:\/\/www.paudimodel.com\/wp-content\/uploads\/2023\/02\/696x696.png\",\"contentUrl\":\"https:\/\/www.paudimodel.com\/wp-content\/uploads\/2023\/02\/696x696.png\",\"width\":696,\"height\":696,\"caption\":\"Guangzhou Paudi Model Technology Ltd.\"},\"image\":{\"@id\":\"https:\/\/www.paudimodel.com\/#\/schema\/logo\/image\/\"},\"sameAs\":[\"https:\/\/www.facebook\/paudimodel\",\"https:\/\/x.com\/paudimodel\"]}]}<\/script>\n<!-- \/ Yoast SEO Premium plugin. -->","yoast_head_json":{"title":"SVW Skoda Yeti City 2014, Ma\u00dfstab 1:18, Modellauto aus Druckguss, Gro\u00dfhandel - Paudi Model | Hochwertiges Druckgussmodell","description":"Skoda Yeti City 2013, Diecast-Modellauto im Ma\u00dfstab 1:18, Original-Modellauto, chinesisches Modellauto","robots":{"index":"index","follow":"follow","max-snippet":"max-snippet:-1","max-image-preview":"max-image-preview:large","max-video-preview":"max-video-preview:-1"},"canonical":"https:\/\/www.paudimodel.com\/de\/produkt\/skoda-yeti-city-2014-118-scale-diecast-model-car-wholesale\/","og_locale":"de_DE","og_type":"article","og_title":"SVW Skoda Yeti City 2014 1\/18 Scale Diecast Model Car Wholesale","og_description":"1:18 Skoda Yeti City 2013 Diecast Model Car\uff0cOriginal model car,chinese model car","og_url":"https:\/\/www.paudimodel.com\/de\/produkt\/skoda-yeti-city-2014-118-scale-diecast-model-car-wholesale\/","og_site_name":"Paudi Model | High Quality Diecast Model","article_publisher":"https:\/\/www.facebook\/paudimodel","article_modified_time":"2019-11-20T08:49:36+00:00","og_image":[{"width":990,"height":658,"url":"https:\/\/www.paudimodel.com\/wp-content\/uploads\/2016\/04\/DSC_0070-1.jpg","type":"image\/jpeg"}],"twitter_card":"summary_large_image","twitter_site":"@paudimodel","schema":{"@context":"https:\/\/schema.org","@graph":[{"@type":"WebPage","@id":"https:\/\/www.paudimodel.com\/product\/skoda-yeti-city-2014-118-scale-diecast-model-car-wholesale\/","url":"https:\/\/www.paudimodel.com\/product\/skoda-yeti-city-2014-118-scale-diecast-model-car-wholesale\/","name":"SVW Skoda Yeti City 2014, Ma\u00dfstab 1:18, Modellauto aus Druckguss, Gro\u00dfhandel - Paudi Model | Hochwertiges Druckgussmodell","isPartOf":{"@id":"https:\/\/www.paudimodel.com\/#website"},"primaryImageOfPage":{"@id":"https:\/\/www.paudimodel.com\/product\/skoda-yeti-city-2014-118-scale-diecast-model-car-wholesale\/#primaryimage"},"image":{"@id":"https:\/\/www.paudimodel.com\/product\/skoda-yeti-city-2014-118-scale-diecast-model-car-wholesale\/#primaryimage"},"thumbnailUrl":"https:\/\/www.paudimodel.com\/wp-content\/uploads\/2016\/04\/DSC_0070-1.jpg","datePublished":"2016-04-21T12:15:21+00:00","dateModified":"2019-11-20T08:49:36+00:00","description":"Skoda Yeti City 2013, Diecast-Modellauto im Ma\u00dfstab 1:18, Original-Modellauto, chinesisches Modellauto","breadcrumb":{"@id":"https:\/\/www.paudimodel.com\/product\/skoda-yeti-city-2014-118-scale-diecast-model-car-wholesale\/#breadcrumb"},"inLanguage":"de","potentialAction":[{"@type":"ReadAction","target":["https:\/\/www.paudimodel.com\/product\/skoda-yeti-city-2014-118-scale-diecast-model-car-wholesale\/"]}]},{"@type":"ImageObject","inLanguage":"de","@id":"https:\/\/www.paudimodel.com\/product\/skoda-yeti-city-2014-118-scale-diecast-model-car-wholesale\/#primaryimage","url":"https:\/\/www.paudimodel.com\/wp-content\/uploads\/2016\/04\/DSC_0070-1.jpg","contentUrl":"https:\/\/www.paudimodel.com\/wp-content\/uploads\/2016\/04\/DSC_0070-1.jpg","width":990,"height":658},{"@type":"BreadcrumbList","@id":"https:\/\/www.paudimodel.com\/product\/skoda-yeti-city-2014-118-scale-diecast-model-car-wholesale\/#breadcrumb","itemListElement":[{"@type":"ListItem","position":1,"name":"Home","item":"https:\/\/www.paudimodel.com\/"},{"@type":"ListItem","position":2,"name":"Products","item":"https:\/\/www.paudimodel.com\/products\/"},{"@type":"ListItem","position":3,"name":"SVW Skoda Yeti City 2014 1\/18 Scale Diecast Model Car Wholesale"}]},{"@type":"WebSite","@id":"https:\/\/www.paudimodel.com\/#website","url":"https:\/\/www.paudimodel.com\/","name":"Paudi-Modell | Hochwertiges Druckgussmodell","description":"Kaufen Sie Druckgussmodelle von Top-Marken wie Dealer Edition, Paudi, Kyosho, Autoart und mehr. G\u00fcnstige Online-Preise. Superdetaillierte Modelle. Finden Sie Ihre Marke und Ihr Modell. Riesige Auswahl. Zufriedenheitsgarantie. Typen: Druckguss-Modellautos, Druckguss-Modell-LKWs.","publisher":{"@id":"https:\/\/www.paudimodel.com\/#organization"},"alternateName":"Scale model design, development and production","potentialAction":[{"@type":"SearchAction","target":{"@type":"EntryPoint","urlTemplate":"https:\/\/www.paudimodel.com\/?s={search_term_string}"},"query-input":{"@type":"PropertyValueSpecification","valueRequired":true,"valueName":"search_term_string"}}],"inLanguage":"de"},{"@type":"Organization","@id":"https:\/\/www.paudimodel.com\/#organization","name":"Guangzhou Paudi Model Technology Ltd.","url":"https:\/\/www.paudimodel.com\/","logo":{"@type":"ImageObject","inLanguage":"de","@id":"https:\/\/www.paudimodel.com\/#\/schema\/logo\/image\/","url":"https:\/\/www.paudimodel.com\/wp-content\/uploads\/2023\/02\/696x696.png","contentUrl":"https:\/\/www.paudimodel.com\/wp-content\/uploads\/2023\/02\/696x696.png","width":696,"height":696,"caption":"Guangzhou Paudi Model Technology Ltd."},"image":{"@id":"https:\/\/www.paudimodel.com\/#\/schema\/logo\/image\/"},"sameAs":["https:\/\/www.facebook\/paudimodel","https:\/\/x.com\/paudimodel"]}]}},"_links":{"self":[{"href":"https:\/\/www.paudimodel.com\/de\/wp-json\/wp\/v2\/product\/42683","targetHints":{"allow":["GET"]}}],"collection":[{"href":"https:\/\/www.paudimodel.com\/de\/wp-json\/wp\/v2\/product"}],"about":[{"href":"https:\/\/www.paudimodel.com\/de\/wp-json\/wp\/v2\/types\/product"}],"replies":[{"embeddable":true,"href":"https:\/\/www.paudimodel.com\/de\/wp-json\/wp\/v2\/comments?post=42683"}],"wp:featuredmedia":[{"embeddable":true,"href":"https:\/\/www.paudimodel.com\/de\/wp-json\/wp\/v2\/media\/42684"}],"wp:attachment":[{"href":"https:\/\/www.paudimodel.com\/de\/wp-json\/wp\/v2\/media?parent=42683"}],"wp:term":[{"taxonomy":"product_brand","embeddable":true,"href":"https:\/\/www.paudimodel.com\/de\/wp-json\/wp\/v2\/product_brand?post=42683"},{"taxonomy":"product_cat","embeddable":true,"href":"https:\/\/www.paudimodel.com\/de\/wp-json\/wp\/v2\/product_cat?post=42683"},{"taxonomy":"product_tag","embeddable":true,"href":"https:\/\/www.paudimodel.com\/de\/wp-json\/wp\/v2\/product_tag?post=42683"}],"curies":[{"name":"wp","href":"https:\/\/api.w.org\/{rel}","templated":true}]}}