{"id":42833,"date":"2016-09-28T16:39:51","date_gmt":"2016-09-28T08:39:51","guid":{"rendered":"http:\/\/www.paudimodel.com\/?post_type=product&#038;p=42833"},"modified":"2023-01-18T04:49:24","modified_gmt":"2023-01-18T04:49:24","slug":"acura-mdx-2016-118-scale-diecast-model-car-wholesale","status":"publish","type":"product","link":"https:\/\/www.paudimodel.com\/de\/produkt\/acura-mdx-2016-118-scale-diecast-model-car-wholesale\/","title":{"rendered":"Acura MDX 2016 1\/18 Ma\u00dfstab Druckguss Modellauto Gro\u00dfhandel"},"content":{"rendered":"<p><img loading=\"lazy\" decoding=\"async\" class=\"alignnone size-full wp-image-44229 aligncenter\" src=\"http:\/\/www.paudimodel.com\/wp-content\/uploads\/2016\/09\/Acura_MDX_2016_R_001-2.jpg\" alt=\"\" width=\"990\" height=\"658\" srcset=\"https:\/\/www.paudimodel.com\/wp-content\/uploads\/2016\/09\/Acura_MDX_2016_R_001-2.jpg 990w, https:\/\/www.paudimodel.com\/wp-content\/uploads\/2016\/09\/Acura_MDX_2016_R_001-2-300x199.jpg 300w, https:\/\/www.paudimodel.com\/wp-content\/uploads\/2016\/09\/Acura_MDX_2016_R_001-2-450x299.jpg 450w, https:\/\/www.paudimodel.com\/wp-content\/uploads\/2016\/09\/Acura_MDX_2016_R_001-2-768x510.jpg 768w\" sizes=\"auto, (max-width: 990px) 100vw, 990px\" \/> <img loading=\"lazy\" decoding=\"async\" class=\"alignnone size-full wp-image-44230 aligncenter\" src=\"http:\/\/www.paudimodel.com\/wp-content\/uploads\/2016\/09\/Acura_MDX_2016_R_002-1.jpg\" alt=\"\" width=\"990\" height=\"658\" srcset=\"https:\/\/www.paudimodel.com\/wp-content\/uploads\/2016\/09\/Acura_MDX_2016_R_002-1.jpg 990w, https:\/\/www.paudimodel.com\/wp-content\/uploads\/2016\/09\/Acura_MDX_2016_R_002-1-300x199.jpg 300w, https:\/\/www.paudimodel.com\/wp-content\/uploads\/2016\/09\/Acura_MDX_2016_R_002-1-450x299.jpg 450w, https:\/\/www.paudimodel.com\/wp-content\/uploads\/2016\/09\/Acura_MDX_2016_R_002-1-768x510.jpg 768w\" sizes=\"auto, (max-width: 990px) 100vw, 990px\" \/> <img loading=\"lazy\" decoding=\"async\" class=\"alignnone size-full wp-image-44231 aligncenter\" src=\"http:\/\/www.paudimodel.com\/wp-content\/uploads\/2016\/09\/Acura_MDX_2016_R_003-1.jpg\" alt=\"\" width=\"990\" height=\"658\" srcset=\"https:\/\/www.paudimodel.com\/wp-content\/uploads\/2016\/09\/Acura_MDX_2016_R_003-1.jpg 990w, https:\/\/www.paudimodel.com\/wp-content\/uploads\/2016\/09\/Acura_MDX_2016_R_003-1-300x199.jpg 300w, https:\/\/www.paudimodel.com\/wp-content\/uploads\/2016\/09\/Acura_MDX_2016_R_003-1-450x299.jpg 450w, https:\/\/www.paudimodel.com\/wp-content\/uploads\/2016\/09\/Acura_MDX_2016_R_003-1-768x510.jpg 768w\" sizes=\"auto, (max-width: 990px) 100vw, 990px\" \/> <img loading=\"lazy\" decoding=\"async\" class=\"alignnone size-full wp-image-44232 aligncenter\" src=\"http:\/\/www.paudimodel.com\/wp-content\/uploads\/2016\/09\/Acura_MDX_2016_R_004-1.jpg\" alt=\"\" width=\"990\" height=\"658\" srcset=\"https:\/\/www.paudimodel.com\/wp-content\/uploads\/2016\/09\/Acura_MDX_2016_R_004-1.jpg 990w, https:\/\/www.paudimodel.com\/wp-content\/uploads\/2016\/09\/Acura_MDX_2016_R_004-1-300x200.jpg 300w, https:\/\/www.paudimodel.com\/wp-content\/uploads\/2016\/09\/Acura_MDX_2016_R_004-1-450x299.jpg 450w\" sizes=\"auto, (max-width: 990px) 100vw, 990px\" \/> <img loading=\"lazy\" decoding=\"async\" class=\"alignnone size-full wp-image-44233 aligncenter\" src=\"http:\/\/www.paudimodel.com\/wp-content\/uploads\/2016\/09\/Acura_MDX_2016_R_005-1.jpg\" alt=\"\" width=\"990\" height=\"658\" srcset=\"https:\/\/www.paudimodel.com\/wp-content\/uploads\/2016\/09\/Acura_MDX_2016_R_005-1.jpg 990w, https:\/\/www.paudimodel.com\/wp-content\/uploads\/2016\/09\/Acura_MDX_2016_R_005-1-300x199.jpg 300w, https:\/\/www.paudimodel.com\/wp-content\/uploads\/2016\/09\/Acura_MDX_2016_R_005-1-450x299.jpg 450w, https:\/\/www.paudimodel.com\/wp-content\/uploads\/2016\/09\/Acura_MDX_2016_R_005-1-768x510.jpg 768w\" sizes=\"auto, (max-width: 990px) 100vw, 990px\" \/> <img loading=\"lazy\" decoding=\"async\" class=\"alignnone size-full wp-image-44234 aligncenter\" src=\"http:\/\/www.paudimodel.com\/wp-content\/uploads\/2016\/09\/Acura_MDX_2016_R_006-1.jpg\" alt=\"\" width=\"990\" height=\"658\" srcset=\"https:\/\/www.paudimodel.com\/wp-content\/uploads\/2016\/09\/Acura_MDX_2016_R_006-1.jpg 990w, https:\/\/www.paudimodel.com\/wp-content\/uploads\/2016\/09\/Acura_MDX_2016_R_006-1-300x199.jpg 300w, https:\/\/www.paudimodel.com\/wp-content\/uploads\/2016\/09\/Acura_MDX_2016_R_006-1-450x299.jpg 450w, https:\/\/www.paudimodel.com\/wp-content\/uploads\/2016\/09\/Acura_MDX_2016_R_006-1-768x510.jpg 768w\" sizes=\"auto, (max-width: 990px) 100vw, 990px\" \/> <img loading=\"lazy\" decoding=\"async\" class=\"alignnone size-full wp-image-44235 aligncenter\" src=\"http:\/\/www.paudimodel.com\/wp-content\/uploads\/2016\/09\/Acura_MDX_2016_R_007-1.jpg\" alt=\"\" width=\"990\" height=\"658\" srcset=\"https:\/\/www.paudimodel.com\/wp-content\/uploads\/2016\/09\/Acura_MDX_2016_R_007-1.jpg 990w, https:\/\/www.paudimodel.com\/wp-content\/uploads\/2016\/09\/Acura_MDX_2016_R_007-1-300x199.jpg 300w, https:\/\/www.paudimodel.com\/wp-content\/uploads\/2016\/09\/Acura_MDX_2016_R_007-1-450x299.jpg 450w, https:\/\/www.paudimodel.com\/wp-content\/uploads\/2016\/09\/Acura_MDX_2016_R_007-1-768x510.jpg 768w\" sizes=\"auto, (max-width: 990px) 100vw, 990px\" \/> <img loading=\"lazy\" decoding=\"async\" class=\"alignnone size-full wp-image-44236 aligncenter\" src=\"http:\/\/www.paudimodel.com\/wp-content\/uploads\/2016\/09\/Acura_MDX_2016_R_008-1.jpg\" alt=\"\" width=\"990\" height=\"658\" srcset=\"https:\/\/www.paudimodel.com\/wp-content\/uploads\/2016\/09\/Acura_MDX_2016_R_008-1.jpg 990w, https:\/\/www.paudimodel.com\/wp-content\/uploads\/2016\/09\/Acura_MDX_2016_R_008-1-300x199.jpg 300w, https:\/\/www.paudimodel.com\/wp-content\/uploads\/2016\/09\/Acura_MDX_2016_R_008-1-450x299.jpg 450w, https:\/\/www.paudimodel.com\/wp-content\/uploads\/2016\/09\/Acura_MDX_2016_R_008-1-768x510.jpg 768w\" sizes=\"auto, (max-width: 990px) 100vw, 990px\" \/> <img loading=\"lazy\" decoding=\"async\" class=\"alignnone size-full wp-image-44237 aligncenter\" src=\"http:\/\/www.paudimodel.com\/wp-content\/uploads\/2016\/09\/Acura_MDX_2016_R_009-1.jpg\" alt=\"\" width=\"990\" height=\"658\" srcset=\"https:\/\/www.paudimodel.com\/wp-content\/uploads\/2016\/09\/Acura_MDX_2016_R_009-1.jpg 990w, https:\/\/www.paudimodel.com\/wp-content\/uploads\/2016\/09\/Acura_MDX_2016_R_009-1-300x199.jpg 300w, https:\/\/www.paudimodel.com\/wp-content\/uploads\/2016\/09\/Acura_MDX_2016_R_009-1-450x299.jpg 450w, https:\/\/www.paudimodel.com\/wp-content\/uploads\/2016\/09\/Acura_MDX_2016_R_009-1-768x510.jpg 768w\" sizes=\"auto, (max-width: 990px) 100vw, 990px\" \/><\/p>","protected":false},"excerpt":{"rendered":"<p><b>Artikel-Nr.:<span style=\"text-decoration: underline\"> 2361R<\/span><\/b><\/p>\n<p>Farbe: Rot<\/p>\n<p>Dieses Modellauto ist eine detailgetreue Nachbildung des Acura MDX 2016 im Ma\u00dfstab 1:18 und geh\u00f6rt zur hochwertigen Diecast-Modellreihe von Acura. Es besteht aus einer Zinklegierung und ist mit einer dreifachen elektrostatischen Lackierung versehen. Das Modellauto verf\u00fcgt \u00fcber Hunderte von Einzelteilen und ist aufgrund seines Sammlerwerts die ideale Wahl f\u00fcr Sammler und als Geschenk. Die Karosserie ist aus einer Zinklegierung gefertigt, alle vier T\u00fcren und die Motorhaube lassen sich \u00f6ffnen, sodass man die verschiedenen Motorteile gut sehen kann. Auch der Kofferraum l\u00e4sst sich \u00f6ffnen. Das Armaturenbrett ist dreidimensional gestaltet, die Vorderr\u00e4der sind lenkbar und die Reifen sind detailgetreu nachgebildet.<\/p>\n<p>&nbsp;<\/p>\n<p><img loading=\"lazy\" decoding=\"async\" class=\"size-full wp-image-42559 alignleft\" src=\"http:\/\/www.paudimodel.com\/wp-content\/uploads\/2016\/04\/7.png\" alt=\"7\" width=\"50\" height=\"49\" \/><img loading=\"lazy\" decoding=\"async\" class=\"size-full wp-image-42568 alignleft\" src=\"http:\/\/www.paudimodel.com\/wp-content\/uploads\/2016\/04\/6.png\" alt=\"6\" width=\"50\" height=\"49\" \/><\/p>\n<p><img loading=\"lazy\" decoding=\"async\" class=\"size-full wp-image-42567 alignleft\" src=\"http:\/\/www.paudimodel.com\/wp-content\/uploads\/2016\/04\/5.png\" alt=\"5\" width=\"50\" height=\"49\" \/><\/p>\n<p><img loading=\"lazy\" decoding=\"async\" class=\"size-full wp-image-42566 alignleft\" src=\"http:\/\/www.paudimodel.com\/wp-content\/uploads\/2016\/04\/4.png\" alt=\"4\" width=\"50\" height=\"48\" \/><\/p>\n<p><img loading=\"lazy\" decoding=\"async\" class=\"size-full wp-image-42565 alignleft\" src=\"http:\/\/www.paudimodel.com\/wp-content\/uploads\/2016\/04\/3.png\" alt=\"3\" width=\"50\" height=\"42\" \/><\/p>\n<p>&nbsp;<\/p>\n<p>&nbsp;<\/p>\n<p><img loading=\"lazy\" decoding=\"async\" class=\"size-full wp-image-42564 alignleft\" src=\"http:\/\/www.paudimodel.com\/wp-content\/uploads\/2016\/04\/2.png\" alt=\"2\" width=\"50\" height=\"45\" \/><\/p>\n<p><img loading=\"lazy\" decoding=\"async\" class=\"size-full wp-image-42563 alignleft\" src=\"http:\/\/www.paudimodel.com\/wp-content\/uploads\/2016\/04\/1.png\" alt=\"1\" width=\"50\" height=\"45\" \/><\/p>\n<p><img loading=\"lazy\" decoding=\"async\" class=\"size-full wp-image-42562 alignleft\" src=\"http:\/\/www.paudimodel.com\/wp-content\/uploads\/2016\/04\/10.png\" alt=\"10\" width=\"50\" height=\"49\" \/><\/p>\n<p><img loading=\"lazy\" decoding=\"async\" class=\"size-full wp-image-42561 alignleft\" src=\"http:\/\/www.paudimodel.com\/wp-content\/uploads\/2016\/04\/9.png\" alt=\"9\" width=\"50\" height=\"49\" \/><\/p>\n<p><img loading=\"lazy\" decoding=\"async\" class=\"size-full wp-image-42560 alignleft\" src=\"http:\/\/www.paudimodel.com\/wp-content\/uploads\/2016\/04\/8.png\" alt=\"8\" width=\"50\" height=\"43\" \/><\/p>","protected":false},"featured_media":42840,"comment_status":"open","ping_status":"closed","template":"","meta":[],"product_brand":[],"product_cat":[466,181],"product_tag":[184,62,50,55,132,133,59],"class_list":{"0":"post-42833","1":"product","2":"type-product","3":"status-publish","4":"has-post-thumbnail","6":"product_cat-1-18-scale","7":"product_cat-acura","8":"product_tag-acura-mdx","9":"product_tag-die-cast-model-car","10":"product_tag-diecast-model-car","11":"product_tag-model-car","12":"product_tag-paudi","13":"product_tag-paudimodel","14":"product_tag-scale-model-car","15":"pa_color-cayenne-red","16":"pa_material-zinc-alloy-abs-variety-of-composite-materials","18":"first","19":"outofstock","20":"taxable","21":"shipping-taxable","22":"purchasable","23":"product-type-simple"},"yoast_head":"<!-- This site is optimized with the Yoast SEO Premium plugin v25.6 (Yoast SEO v26.7) - https:\/\/yoast.com\/wordpress\/plugins\/seo\/ -->\n<title>Acura MDX 2016 1\/18 Scale Diecast Model Car Wholesale - Paudi Model | High Quality Diecast Model<\/title>\n<meta name=\"robots\" content=\"index, follow, max-snippet:-1, max-image-preview:large, max-video-preview:-1\" \/>\n<link rel=\"canonical\" href=\"https:\/\/www.paudimodel.com\/de\/produkt\/acura-mdx-2016-118-scale-diecast-model-car-wholesale\/\" \/>\n<meta property=\"og:locale\" content=\"de_DE\" \/>\n<meta property=\"og:type\" content=\"article\" \/>\n<meta property=\"og:title\" content=\"Acura MDX 2016 1\/18 Scale Diecast Model Car Wholesale\" \/>\n<meta property=\"og:url\" content=\"https:\/\/www.paudimodel.com\/de\/produkt\/acura-mdx-2016-118-scale-diecast-model-car-wholesale\/\" \/>\n<meta property=\"og:site_name\" content=\"Paudi Model | High Quality Diecast Model\" \/>\n<meta property=\"article:publisher\" content=\"https:\/\/www.facebook\/paudimodel\" \/>\n<meta property=\"article:modified_time\" content=\"2023-01-18T04:49:24+00:00\" \/>\n<meta property=\"og:image\" content=\"https:\/\/www.paudimodel.com\/wp-content\/uploads\/2016\/09\/Acura_MDX_2016_R_001.jpg\" \/>\n\t<meta property=\"og:image:width\" content=\"600\" \/>\n\t<meta property=\"og:image:height\" content=\"399\" \/>\n\t<meta property=\"og:image:type\" content=\"image\/jpeg\" \/>\n<meta name=\"twitter:card\" content=\"summary_large_image\" \/>\n<meta name=\"twitter:site\" content=\"@paudimodel\" \/>\n<script type=\"application\/ld+json\" class=\"yoast-schema-graph\">{\"@context\":\"https:\/\/schema.org\",\"@graph\":[{\"@type\":\"WebPage\",\"@id\":\"https:\/\/www.paudimodel.com\/product\/acura-mdx-2016-118-scale-diecast-model-car-wholesale\/\",\"url\":\"https:\/\/www.paudimodel.com\/product\/acura-mdx-2016-118-scale-diecast-model-car-wholesale\/\",\"name\":\"Acura MDX 2016 1\/18 Scale Diecast Model Car Wholesale - Paudi Model | High Quality Diecast Model\",\"isPartOf\":{\"@id\":\"https:\/\/www.paudimodel.com\/#website\"},\"primaryImageOfPage\":{\"@id\":\"https:\/\/www.paudimodel.com\/product\/acura-mdx-2016-118-scale-diecast-model-car-wholesale\/#primaryimage\"},\"image\":{\"@id\":\"https:\/\/www.paudimodel.com\/product\/acura-mdx-2016-118-scale-diecast-model-car-wholesale\/#primaryimage\"},\"thumbnailUrl\":\"https:\/\/www.paudimodel.com\/wp-content\/uploads\/2016\/09\/Acura_MDX_2016_R_001.jpg\",\"datePublished\":\"2016-09-28T08:39:51+00:00\",\"dateModified\":\"2023-01-18T04:49:24+00:00\",\"breadcrumb\":{\"@id\":\"https:\/\/www.paudimodel.com\/product\/acura-mdx-2016-118-scale-diecast-model-car-wholesale\/#breadcrumb\"},\"inLanguage\":\"de\",\"potentialAction\":[{\"@type\":\"ReadAction\",\"target\":[\"https:\/\/www.paudimodel.com\/product\/acura-mdx-2016-118-scale-diecast-model-car-wholesale\/\"]}]},{\"@type\":\"ImageObject\",\"inLanguage\":\"de\",\"@id\":\"https:\/\/www.paudimodel.com\/product\/acura-mdx-2016-118-scale-diecast-model-car-wholesale\/#primaryimage\",\"url\":\"https:\/\/www.paudimodel.com\/wp-content\/uploads\/2016\/09\/Acura_MDX_2016_R_001.jpg\",\"contentUrl\":\"https:\/\/www.paudimodel.com\/wp-content\/uploads\/2016\/09\/Acura_MDX_2016_R_001.jpg\",\"width\":600,\"height\":399},{\"@type\":\"BreadcrumbList\",\"@id\":\"https:\/\/www.paudimodel.com\/product\/acura-mdx-2016-118-scale-diecast-model-car-wholesale\/#breadcrumb\",\"itemListElement\":[{\"@type\":\"ListItem\",\"position\":1,\"name\":\"Home\",\"item\":\"https:\/\/www.paudimodel.com\/\"},{\"@type\":\"ListItem\",\"position\":2,\"name\":\"Products\",\"item\":\"https:\/\/www.paudimodel.com\/products\/\"},{\"@type\":\"ListItem\",\"position\":3,\"name\":\"Acura MDX 2016 1\/18 Scale Diecast Model Car Wholesale\"}]},{\"@type\":\"WebSite\",\"@id\":\"https:\/\/www.paudimodel.com\/#website\",\"url\":\"https:\/\/www.paudimodel.com\/\",\"name\":\"Paudi Model | High Quality Diecast Model\",\"description\":\"Shop For Diecast Models From Top-Rated Brands Like Dealer Edition, Paudi, Kyosho, Autoart &amp; More. Low Online Prices. Super-Detailed Models.Find Your Make &amp; Model.Huge Selection. Satisfaction Guaranteed. Types: Diecast Model Cars, Diecast Model Trucks.\",\"publisher\":{\"@id\":\"https:\/\/www.paudimodel.com\/#organization\"},\"alternateName\":\"Scale model design, development and production\",\"potentialAction\":[{\"@type\":\"SearchAction\",\"target\":{\"@type\":\"EntryPoint\",\"urlTemplate\":\"https:\/\/www.paudimodel.com\/?s={search_term_string}\"},\"query-input\":{\"@type\":\"PropertyValueSpecification\",\"valueRequired\":true,\"valueName\":\"search_term_string\"}}],\"inLanguage\":\"de\"},{\"@type\":\"Organization\",\"@id\":\"https:\/\/www.paudimodel.com\/#organization\",\"name\":\"Guangzhou Paudi Model Technology Ltd.\",\"url\":\"https:\/\/www.paudimodel.com\/\",\"logo\":{\"@type\":\"ImageObject\",\"inLanguage\":\"de\",\"@id\":\"https:\/\/www.paudimodel.com\/#\/schema\/logo\/image\/\",\"url\":\"https:\/\/www.paudimodel.com\/wp-content\/uploads\/2023\/02\/696x696.png\",\"contentUrl\":\"https:\/\/www.paudimodel.com\/wp-content\/uploads\/2023\/02\/696x696.png\",\"width\":696,\"height\":696,\"caption\":\"Guangzhou Paudi Model Technology Ltd.\"},\"image\":{\"@id\":\"https:\/\/www.paudimodel.com\/#\/schema\/logo\/image\/\"},\"sameAs\":[\"https:\/\/www.facebook\/paudimodel\",\"https:\/\/x.com\/paudimodel\"]}]}<\/script>\n<!-- \/ Yoast SEO Premium plugin. -->","yoast_head_json":{"title":"Acura MDX 2016 1\/18 Scale Diecast Model Car Wholesale - Paudi Model | High Quality Diecast Model","robots":{"index":"index","follow":"follow","max-snippet":"max-snippet:-1","max-image-preview":"max-image-preview:large","max-video-preview":"max-video-preview:-1"},"canonical":"https:\/\/www.paudimodel.com\/de\/produkt\/acura-mdx-2016-118-scale-diecast-model-car-wholesale\/","og_locale":"de_DE","og_type":"article","og_title":"Acura MDX 2016 1\/18 Scale Diecast Model Car Wholesale","og_url":"https:\/\/www.paudimodel.com\/de\/produkt\/acura-mdx-2016-118-scale-diecast-model-car-wholesale\/","og_site_name":"Paudi Model | High Quality Diecast Model","article_publisher":"https:\/\/www.facebook\/paudimodel","article_modified_time":"2023-01-18T04:49:24+00:00","og_image":[{"width":600,"height":399,"url":"https:\/\/www.paudimodel.com\/wp-content\/uploads\/2016\/09\/Acura_MDX_2016_R_001.jpg","type":"image\/jpeg"}],"twitter_card":"summary_large_image","twitter_site":"@paudimodel","schema":{"@context":"https:\/\/schema.org","@graph":[{"@type":"WebPage","@id":"https:\/\/www.paudimodel.com\/product\/acura-mdx-2016-118-scale-diecast-model-car-wholesale\/","url":"https:\/\/www.paudimodel.com\/product\/acura-mdx-2016-118-scale-diecast-model-car-wholesale\/","name":"Acura MDX 2016 1\/18 Scale Diecast Model Car Wholesale - Paudi Model | High Quality Diecast Model","isPartOf":{"@id":"https:\/\/www.paudimodel.com\/#website"},"primaryImageOfPage":{"@id":"https:\/\/www.paudimodel.com\/product\/acura-mdx-2016-118-scale-diecast-model-car-wholesale\/#primaryimage"},"image":{"@id":"https:\/\/www.paudimodel.com\/product\/acura-mdx-2016-118-scale-diecast-model-car-wholesale\/#primaryimage"},"thumbnailUrl":"https:\/\/www.paudimodel.com\/wp-content\/uploads\/2016\/09\/Acura_MDX_2016_R_001.jpg","datePublished":"2016-09-28T08:39:51+00:00","dateModified":"2023-01-18T04:49:24+00:00","breadcrumb":{"@id":"https:\/\/www.paudimodel.com\/product\/acura-mdx-2016-118-scale-diecast-model-car-wholesale\/#breadcrumb"},"inLanguage":"de","potentialAction":[{"@type":"ReadAction","target":["https:\/\/www.paudimodel.com\/product\/acura-mdx-2016-118-scale-diecast-model-car-wholesale\/"]}]},{"@type":"ImageObject","inLanguage":"de","@id":"https:\/\/www.paudimodel.com\/product\/acura-mdx-2016-118-scale-diecast-model-car-wholesale\/#primaryimage","url":"https:\/\/www.paudimodel.com\/wp-content\/uploads\/2016\/09\/Acura_MDX_2016_R_001.jpg","contentUrl":"https:\/\/www.paudimodel.com\/wp-content\/uploads\/2016\/09\/Acura_MDX_2016_R_001.jpg","width":600,"height":399},{"@type":"BreadcrumbList","@id":"https:\/\/www.paudimodel.com\/product\/acura-mdx-2016-118-scale-diecast-model-car-wholesale\/#breadcrumb","itemListElement":[{"@type":"ListItem","position":1,"name":"Home","item":"https:\/\/www.paudimodel.com\/"},{"@type":"ListItem","position":2,"name":"Products","item":"https:\/\/www.paudimodel.com\/products\/"},{"@type":"ListItem","position":3,"name":"Acura MDX 2016 1\/18 Scale Diecast Model Car Wholesale"}]},{"@type":"WebSite","@id":"https:\/\/www.paudimodel.com\/#website","url":"https:\/\/www.paudimodel.com\/","name":"Paudi-Modell | Hochwertiges Druckgussmodell","description":"Kaufen Sie Druckgussmodelle von Top-Marken wie Dealer Edition, Paudi, Kyosho, Autoart und mehr. G\u00fcnstige Online-Preise. Superdetaillierte Modelle. Finden Sie Ihre Marke und Ihr Modell. Riesige Auswahl. Zufriedenheitsgarantie. Typen: Druckguss-Modellautos, Druckguss-Modell-LKWs.","publisher":{"@id":"https:\/\/www.paudimodel.com\/#organization"},"alternateName":"Scale model design, development and production","potentialAction":[{"@type":"SearchAction","target":{"@type":"EntryPoint","urlTemplate":"https:\/\/www.paudimodel.com\/?s={search_term_string}"},"query-input":{"@type":"PropertyValueSpecification","valueRequired":true,"valueName":"search_term_string"}}],"inLanguage":"de"},{"@type":"Organization","@id":"https:\/\/www.paudimodel.com\/#organization","name":"Guangzhou Paudi Model Technology Ltd.","url":"https:\/\/www.paudimodel.com\/","logo":{"@type":"ImageObject","inLanguage":"de","@id":"https:\/\/www.paudimodel.com\/#\/schema\/logo\/image\/","url":"https:\/\/www.paudimodel.com\/wp-content\/uploads\/2023\/02\/696x696.png","contentUrl":"https:\/\/www.paudimodel.com\/wp-content\/uploads\/2023\/02\/696x696.png","width":696,"height":696,"caption":"Guangzhou Paudi Model Technology Ltd."},"image":{"@id":"https:\/\/www.paudimodel.com\/#\/schema\/logo\/image\/"},"sameAs":["https:\/\/www.facebook\/paudimodel","https:\/\/x.com\/paudimodel"]}]}},"_links":{"self":[{"href":"https:\/\/www.paudimodel.com\/de\/wp-json\/wp\/v2\/product\/42833","targetHints":{"allow":["GET"]}}],"collection":[{"href":"https:\/\/www.paudimodel.com\/de\/wp-json\/wp\/v2\/product"}],"about":[{"href":"https:\/\/www.paudimodel.com\/de\/wp-json\/wp\/v2\/types\/product"}],"replies":[{"embeddable":true,"href":"https:\/\/www.paudimodel.com\/de\/wp-json\/wp\/v2\/comments?post=42833"}],"wp:featuredmedia":[{"embeddable":true,"href":"https:\/\/www.paudimodel.com\/de\/wp-json\/wp\/v2\/media\/42840"}],"wp:attachment":[{"href":"https:\/\/www.paudimodel.com\/de\/wp-json\/wp\/v2\/media?parent=42833"}],"wp:term":[{"taxonomy":"product_brand","embeddable":true,"href":"https:\/\/www.paudimodel.com\/de\/wp-json\/wp\/v2\/product_brand?post=42833"},{"taxonomy":"product_cat","embeddable":true,"href":"https:\/\/www.paudimodel.com\/de\/wp-json\/wp\/v2\/product_cat?post=42833"},{"taxonomy":"product_tag","embeddable":true,"href":"https:\/\/www.paudimodel.com\/de\/wp-json\/wp\/v2\/product_tag?post=42833"}],"curies":[{"name":"wp","href":"https:\/\/api.w.org\/{rel}","templated":true}]}}