{"id":42850,"date":"2016-09-30T15:12:47","date_gmt":"2016-09-30T07:12:47","guid":{"rendered":"http:\/\/www.paudimodel.com\/product\/118-volkswagen-new-touran-6-2016-diecast-model-car\/"},"modified":"2024-08-27T01:11:03","modified_gmt":"2024-08-27T01:11:03","slug":"volkswagen-touran-touran-l-2016-118-scale-diecast-model-car-wholesale","status":"publish","type":"product","link":"https:\/\/www.paudimodel.com\/de\/produkt\/volkswagen-touran-touran-l-2016-118-scale-diecast-model-car-wholesale\/","title":{"rendered":"Volkswagen Touran Touran L 2016 1\/18 Ma\u00dfstab Diecast Modellauto Gro\u00dfhandel"},"content":{"rendered":"<p><img loading=\"lazy\" decoding=\"async\" class=\"alignnone size-full wp-image-44194 aligncenter\" src=\"http:\/\/www.paudimodel.com\/wp-content\/uploads\/2016\/09\/Volkswagen-All-New-Touran-L-2016_BL_01-1.jpg\" alt=\"\" width=\"990\" height=\"658\" srcset=\"https:\/\/www.paudimodel.com\/wp-content\/uploads\/2016\/09\/Volkswagen-All-New-Touran-L-2016_BL_01-1.jpg 990w, https:\/\/www.paudimodel.com\/wp-content\/uploads\/2016\/09\/Volkswagen-All-New-Touran-L-2016_BL_01-1-300x199.jpg 300w, https:\/\/www.paudimodel.com\/wp-content\/uploads\/2016\/09\/Volkswagen-All-New-Touran-L-2016_BL_01-1-450x299.jpg 450w, https:\/\/www.paudimodel.com\/wp-content\/uploads\/2016\/09\/Volkswagen-All-New-Touran-L-2016_BL_01-1-768x510.jpg 768w\" sizes=\"auto, (max-width: 990px) 100vw, 990px\" \/> <img loading=\"lazy\" decoding=\"async\" class=\"alignnone size-full wp-image-44195 aligncenter\" src=\"http:\/\/www.paudimodel.com\/wp-content\/uploads\/2016\/09\/Volkswagen-All-New-Touran-L-2016_BL_02-1.jpg\" alt=\"\" width=\"990\" height=\"658\" srcset=\"https:\/\/www.paudimodel.com\/wp-content\/uploads\/2016\/09\/Volkswagen-All-New-Touran-L-2016_BL_02-1.jpg 990w, https:\/\/www.paudimodel.com\/wp-content\/uploads\/2016\/09\/Volkswagen-All-New-Touran-L-2016_BL_02-1-300x199.jpg 300w, https:\/\/www.paudimodel.com\/wp-content\/uploads\/2016\/09\/Volkswagen-All-New-Touran-L-2016_BL_02-1-450x299.jpg 450w, https:\/\/www.paudimodel.com\/wp-content\/uploads\/2016\/09\/Volkswagen-All-New-Touran-L-2016_BL_02-1-768x510.jpg 768w\" sizes=\"auto, (max-width: 990px) 100vw, 990px\" \/> <img loading=\"lazy\" decoding=\"async\" class=\"alignnone size-full wp-image-44196 aligncenter\" src=\"http:\/\/www.paudimodel.com\/wp-content\/uploads\/2016\/09\/Volkswagen-All-New-Touran-L-2016_BL_03-1.jpg\" alt=\"\" width=\"990\" height=\"658\" srcset=\"https:\/\/www.paudimodel.com\/wp-content\/uploads\/2016\/09\/Volkswagen-All-New-Touran-L-2016_BL_03-1.jpg 990w, https:\/\/www.paudimodel.com\/wp-content\/uploads\/2016\/09\/Volkswagen-All-New-Touran-L-2016_BL_03-1-300x199.jpg 300w, https:\/\/www.paudimodel.com\/wp-content\/uploads\/2016\/09\/Volkswagen-All-New-Touran-L-2016_BL_03-1-450x299.jpg 450w, https:\/\/www.paudimodel.com\/wp-content\/uploads\/2016\/09\/Volkswagen-All-New-Touran-L-2016_BL_03-1-768x510.jpg 768w\" sizes=\"auto, (max-width: 990px) 100vw, 990px\" \/> <img loading=\"lazy\" decoding=\"async\" class=\"alignnone size-full wp-image-44197 aligncenter\" src=\"http:\/\/www.paudimodel.com\/wp-content\/uploads\/2016\/09\/Volkswagen-All-New-Touran-L-2016_BL_04-1.jpg\" alt=\"\" width=\"990\" height=\"658\" srcset=\"https:\/\/www.paudimodel.com\/wp-content\/uploads\/2016\/09\/Volkswagen-All-New-Touran-L-2016_BL_04-1.jpg 990w, https:\/\/www.paudimodel.com\/wp-content\/uploads\/2016\/09\/Volkswagen-All-New-Touran-L-2016_BL_04-1-300x199.jpg 300w, https:\/\/www.paudimodel.com\/wp-content\/uploads\/2016\/09\/Volkswagen-All-New-Touran-L-2016_BL_04-1-450x299.jpg 450w, https:\/\/www.paudimodel.com\/wp-content\/uploads\/2016\/09\/Volkswagen-All-New-Touran-L-2016_BL_04-1-768x510.jpg 768w\" sizes=\"auto, (max-width: 990px) 100vw, 990px\" \/> <img loading=\"lazy\" decoding=\"async\" class=\"alignnone size-full wp-image-44198 aligncenter\" src=\"http:\/\/www.paudimodel.com\/wp-content\/uploads\/2016\/09\/Volkswagen-All-New-Touran-L-2016_BL_05-1.jpg\" alt=\"\" width=\"990\" height=\"658\" srcset=\"https:\/\/www.paudimodel.com\/wp-content\/uploads\/2016\/09\/Volkswagen-All-New-Touran-L-2016_BL_05-1.jpg 990w, https:\/\/www.paudimodel.com\/wp-content\/uploads\/2016\/09\/Volkswagen-All-New-Touran-L-2016_BL_05-1-300x199.jpg 300w, https:\/\/www.paudimodel.com\/wp-content\/uploads\/2016\/09\/Volkswagen-All-New-Touran-L-2016_BL_05-1-450x299.jpg 450w, https:\/\/www.paudimodel.com\/wp-content\/uploads\/2016\/09\/Volkswagen-All-New-Touran-L-2016_BL_05-1-768x510.jpg 768w\" sizes=\"auto, (max-width: 990px) 100vw, 990px\" \/> <img loading=\"lazy\" decoding=\"async\" class=\"alignnone size-full wp-image-44199 aligncenter\" src=\"http:\/\/www.paudimodel.com\/wp-content\/uploads\/2016\/09\/Volkswagen-All-New-Touran-L-2016_BL_06-1.jpg\" alt=\"\" width=\"990\" height=\"658\" srcset=\"https:\/\/www.paudimodel.com\/wp-content\/uploads\/2016\/09\/Volkswagen-All-New-Touran-L-2016_BL_06-1.jpg 990w, https:\/\/www.paudimodel.com\/wp-content\/uploads\/2016\/09\/Volkswagen-All-New-Touran-L-2016_BL_06-1-300x199.jpg 300w, https:\/\/www.paudimodel.com\/wp-content\/uploads\/2016\/09\/Volkswagen-All-New-Touran-L-2016_BL_06-1-450x299.jpg 450w, https:\/\/www.paudimodel.com\/wp-content\/uploads\/2016\/09\/Volkswagen-All-New-Touran-L-2016_BL_06-1-768x510.jpg 768w\" sizes=\"auto, (max-width: 990px) 100vw, 990px\" \/> <img loading=\"lazy\" decoding=\"async\" class=\"alignnone size-full wp-image-44200 aligncenter\" src=\"http:\/\/www.paudimodel.com\/wp-content\/uploads\/2016\/09\/Volkswagen-All-New-Touran-L-2016_BL_07-1.jpg\" alt=\"\" width=\"990\" height=\"658\" srcset=\"https:\/\/www.paudimodel.com\/wp-content\/uploads\/2016\/09\/Volkswagen-All-New-Touran-L-2016_BL_07-1.jpg 990w, https:\/\/www.paudimodel.com\/wp-content\/uploads\/2016\/09\/Volkswagen-All-New-Touran-L-2016_BL_07-1-300x199.jpg 300w, https:\/\/www.paudimodel.com\/wp-content\/uploads\/2016\/09\/Volkswagen-All-New-Touran-L-2016_BL_07-1-450x299.jpg 450w, https:\/\/www.paudimodel.com\/wp-content\/uploads\/2016\/09\/Volkswagen-All-New-Touran-L-2016_BL_07-1-768x510.jpg 768w\" sizes=\"auto, (max-width: 990px) 100vw, 990px\" \/> <img loading=\"lazy\" decoding=\"async\" class=\"alignnone size-full wp-image-44201 aligncenter\" src=\"http:\/\/www.paudimodel.com\/wp-content\/uploads\/2016\/09\/Volkswagen-All-New-Touran-L-2016_BL_08-1.jpg\" alt=\"\" width=\"990\" height=\"658\" srcset=\"https:\/\/www.paudimodel.com\/wp-content\/uploads\/2016\/09\/Volkswagen-All-New-Touran-L-2016_BL_08-1.jpg 990w, https:\/\/www.paudimodel.com\/wp-content\/uploads\/2016\/09\/Volkswagen-All-New-Touran-L-2016_BL_08-1-300x199.jpg 300w, https:\/\/www.paudimodel.com\/wp-content\/uploads\/2016\/09\/Volkswagen-All-New-Touran-L-2016_BL_08-1-450x299.jpg 450w, https:\/\/www.paudimodel.com\/wp-content\/uploads\/2016\/09\/Volkswagen-All-New-Touran-L-2016_BL_08-1-768x510.jpg 768w\" sizes=\"auto, (max-width: 990px) 100vw, 990px\" \/> <img loading=\"lazy\" decoding=\"async\" class=\"alignnone size-full wp-image-44202 aligncenter\" src=\"http:\/\/www.paudimodel.com\/wp-content\/uploads\/2016\/09\/Volkswagen-All-New-Touran-L-2016_BL_11-1.jpg\" alt=\"\" width=\"990\" height=\"658\" srcset=\"https:\/\/www.paudimodel.com\/wp-content\/uploads\/2016\/09\/Volkswagen-All-New-Touran-L-2016_BL_11-1.jpg 990w, https:\/\/www.paudimodel.com\/wp-content\/uploads\/2016\/09\/Volkswagen-All-New-Touran-L-2016_BL_11-1-300x199.jpg 300w, https:\/\/www.paudimodel.com\/wp-content\/uploads\/2016\/09\/Volkswagen-All-New-Touran-L-2016_BL_11-1-450x299.jpg 450w, https:\/\/www.paudimodel.com\/wp-content\/uploads\/2016\/09\/Volkswagen-All-New-Touran-L-2016_BL_11-1-768x510.jpg 768w\" sizes=\"auto, (max-width: 990px) 100vw, 990px\" \/> <img loading=\"lazy\" decoding=\"async\" class=\"alignnone size-full wp-image-44203 aligncenter\" src=\"http:\/\/www.paudimodel.com\/wp-content\/uploads\/2016\/09\/Volkswagen-All-New-Touran-L-2016_BL_12-1.jpg\" alt=\"\" width=\"990\" height=\"658\" srcset=\"https:\/\/www.paudimodel.com\/wp-content\/uploads\/2016\/09\/Volkswagen-All-New-Touran-L-2016_BL_12-1.jpg 990w, https:\/\/www.paudimodel.com\/wp-content\/uploads\/2016\/09\/Volkswagen-All-New-Touran-L-2016_BL_12-1-300x199.jpg 300w, https:\/\/www.paudimodel.com\/wp-content\/uploads\/2016\/09\/Volkswagen-All-New-Touran-L-2016_BL_12-1-450x299.jpg 450w, https:\/\/www.paudimodel.com\/wp-content\/uploads\/2016\/09\/Volkswagen-All-New-Touran-L-2016_BL_12-1-768x510.jpg 768w\" sizes=\"auto, (max-width: 990px) 100vw, 990px\" \/> <img loading=\"lazy\" decoding=\"async\" class=\"alignnone size-full wp-image-44204 aligncenter\" src=\"http:\/\/www.paudimodel.com\/wp-content\/uploads\/2016\/09\/Volkswagen-All-New-Touran-L-2016_BL_13-1.jpg\" alt=\"\" width=\"990\" height=\"658\" srcset=\"https:\/\/www.paudimodel.com\/wp-content\/uploads\/2016\/09\/Volkswagen-All-New-Touran-L-2016_BL_13-1.jpg 990w, https:\/\/www.paudimodel.com\/wp-content\/uploads\/2016\/09\/Volkswagen-All-New-Touran-L-2016_BL_13-1-300x199.jpg 300w, https:\/\/www.paudimodel.com\/wp-content\/uploads\/2016\/09\/Volkswagen-All-New-Touran-L-2016_BL_13-1-450x299.jpg 450w, https:\/\/www.paudimodel.com\/wp-content\/uploads\/2016\/09\/Volkswagen-All-New-Touran-L-2016_BL_13-1-768x510.jpg 768w\" sizes=\"auto, (max-width: 990px) 100vw, 990px\" \/> <img loading=\"lazy\" decoding=\"async\" class=\"alignnone size-full wp-image-44205 aligncenter\" src=\"http:\/\/www.paudimodel.com\/wp-content\/uploads\/2016\/09\/Volkswagen-All-New-Touran-L-2016_BL_14-1.jpg\" alt=\"\" width=\"990\" height=\"658\" srcset=\"https:\/\/www.paudimodel.com\/wp-content\/uploads\/2016\/09\/Volkswagen-All-New-Touran-L-2016_BL_14-1.jpg 990w, https:\/\/www.paudimodel.com\/wp-content\/uploads\/2016\/09\/Volkswagen-All-New-Touran-L-2016_BL_14-1-300x199.jpg 300w, https:\/\/www.paudimodel.com\/wp-content\/uploads\/2016\/09\/Volkswagen-All-New-Touran-L-2016_BL_14-1-450x299.jpg 450w, https:\/\/www.paudimodel.com\/wp-content\/uploads\/2016\/09\/Volkswagen-All-New-Touran-L-2016_BL_14-1-768x510.jpg 768w\" sizes=\"auto, (max-width: 990px) 100vw, 990px\" \/> <img loading=\"lazy\" decoding=\"async\" class=\"alignnone size-full wp-image-44206 aligncenter\" src=\"http:\/\/www.paudimodel.com\/wp-content\/uploads\/2016\/09\/Volkswagen-All-New-Touran-L-2016_BL_15-1.jpg\" alt=\"\" width=\"990\" height=\"658\" srcset=\"https:\/\/www.paudimodel.com\/wp-content\/uploads\/2016\/09\/Volkswagen-All-New-Touran-L-2016_BL_15-1.jpg 990w, https:\/\/www.paudimodel.com\/wp-content\/uploads\/2016\/09\/Volkswagen-All-New-Touran-L-2016_BL_15-1-300x199.jpg 300w, https:\/\/www.paudimodel.com\/wp-content\/uploads\/2016\/09\/Volkswagen-All-New-Touran-L-2016_BL_15-1-450x299.jpg 450w, https:\/\/www.paudimodel.com\/wp-content\/uploads\/2016\/09\/Volkswagen-All-New-Touran-L-2016_BL_15-1-768x510.jpg 768w\" sizes=\"auto, (max-width: 990px) 100vw, 990px\" \/><\/p>","protected":false},"excerpt":{"rendered":"<p><b>Artikel-Nr.:<span style=\"text-decoration: underline\"> 2370BR, 2370BL, 2370R<\/span><\/b><\/p>\n<p>Farben: Blau, Braun, Rot<\/p>\n<p>Dieses Modellauto basiert auf dem Volkswagen Touran 2016 und wurde im Ma\u00dfstab 1:18 verkleinert und ist ein hochwertiges Diecast-Modell aus der Volkswagen-Modellauto-Serie. Es besteht aus einer Zinklegierung und ist mit einer dreifachen elektrostatischen Lackierung versehen. Das Modellauto besteht aus Hunderten von Teilen und hat einen hohen Sammlerwert. Es eignet sich hervorragend als Sammlerst\u00fcck oder Geschenk. Material: Zinklegierung + ABS, Verpackung: Fensterbox, Ma\u00dfstab: 1:18. Diese detailgetreue Diecast-Metallreplik verf\u00fcgt \u00fcber feine Details wie zu \u00f6ffnende T\u00fcren und einen Kofferraum sowie eine verstellbare Lenkung. Sammeln Sie Modelle und begeistern Sie Ihre Freunde!.<\/p>\n<p><img loading=\"lazy\" decoding=\"async\" class=\"size-full wp-image-42559 alignleft\" src=\"http:\/\/www.paudimodel.com\/wp-content\/uploads\/2016\/04\/7.png\" alt=\"7\" width=\"50\" height=\"49\" \/><img loading=\"lazy\" decoding=\"async\" class=\"size-full wp-image-42568 alignleft\" src=\"http:\/\/www.paudimodel.com\/wp-content\/uploads\/2016\/04\/6.png\" alt=\"6\" width=\"50\" height=\"49\" \/><\/p>\n<p><img loading=\"lazy\" decoding=\"async\" class=\"size-full wp-image-42567 alignleft\" src=\"http:\/\/www.paudimodel.com\/wp-content\/uploads\/2016\/04\/5.png\" alt=\"5\" width=\"50\" height=\"49\" \/><\/p>\n<p><img loading=\"lazy\" decoding=\"async\" class=\"size-full wp-image-42566 alignleft\" src=\"http:\/\/www.paudimodel.com\/wp-content\/uploads\/2016\/04\/4.png\" alt=\"4\" width=\"50\" height=\"48\" \/><\/p>\n<p><img loading=\"lazy\" decoding=\"async\" class=\"size-full wp-image-42565 alignleft\" src=\"http:\/\/www.paudimodel.com\/wp-content\/uploads\/2016\/04\/3.png\" alt=\"3\" width=\"50\" height=\"42\" \/><\/p>\n<p>&nbsp;<\/p>\n<p>&nbsp;<\/p>\n<p><img loading=\"lazy\" decoding=\"async\" class=\"size-full wp-image-42564 alignleft\" src=\"http:\/\/www.paudimodel.com\/wp-content\/uploads\/2016\/04\/2.png\" alt=\"2\" width=\"50\" height=\"45\" \/><\/p>\n<p><img loading=\"lazy\" decoding=\"async\" class=\"size-full wp-image-42563 alignleft\" src=\"http:\/\/www.paudimodel.com\/wp-content\/uploads\/2016\/04\/1.png\" alt=\"1\" width=\"50\" height=\"45\" \/><\/p>\n<p><img loading=\"lazy\" decoding=\"async\" class=\"size-full wp-image-42562 alignleft\" src=\"http:\/\/www.paudimodel.com\/wp-content\/uploads\/2016\/04\/10.png\" alt=\"10\" width=\"50\" height=\"49\" \/><\/p>\n<p><img loading=\"lazy\" decoding=\"async\" class=\"size-full wp-image-42561 alignleft\" src=\"http:\/\/www.paudimodel.com\/wp-content\/uploads\/2016\/04\/9.png\" alt=\"9\" width=\"50\" height=\"49\" \/><\/p>\n<p><img loading=\"lazy\" decoding=\"async\" class=\"size-full wp-image-42560 alignleft\" src=\"http:\/\/www.paudimodel.com\/wp-content\/uploads\/2016\/04\/8.png\" alt=\"8\" width=\"50\" height=\"43\" \/><\/p>","protected":false},"featured_media":44194,"comment_status":"open","ping_status":"closed","template":"","meta":[],"product_brand":[],"product_cat":[466,147],"product_tag":[63,55,124,132,133,59,191,192],"class_list":{"0":"post-42850","1":"product","2":"type-product","3":"status-publish","4":"has-post-thumbnail","6":"product_cat-1-18-scale","7":"product_cat-volkswagen","8":"product_tag-hobby-model-car","9":"product_tag-model-car","10":"product_tag-original-model-car","11":"product_tag-paudi","12":"product_tag-paudimodel","13":"product_tag-scale-model-car","14":"product_tag-touran-model-car","15":"product_tag-volkswagen-touran-l","16":"pa_color-bluecolor","17":"pa_color-brown","18":"pa_color-redcolor","19":"pa_material-zinc-alloy-abs-variety-of-composite-materials","20":"pa_scale-34","22":"first","23":"outofstock","24":"taxable","25":"shipping-taxable","26":"purchasable","27":"product-type-variable"},"yoast_head":"<!-- This site is optimized with the Yoast SEO Premium plugin v25.6 (Yoast SEO v26.7) - https:\/\/yoast.com\/wordpress\/plugins\/seo\/ -->\n<title>Volkswagen Touran Touran L 2016 1\/18 Scale Diecast Model Car Wholesale - Paudi Model | High Quality Diecast Model<\/title>\n<meta name=\"robots\" content=\"index, follow, max-snippet:-1, max-image-preview:large, max-video-preview:-1\" \/>\n<link rel=\"canonical\" href=\"https:\/\/www.paudimodel.com\/de\/produkt\/volkswagen-touran-touran-l-2016-118-scale-diecast-model-car-wholesale\/\" \/>\n<meta property=\"og:locale\" content=\"de_DE\" \/>\n<meta property=\"og:type\" content=\"article\" \/>\n<meta property=\"og:title\" content=\"Volkswagen Touran Touran L 2016 1\/18 Scale Diecast Model Car Wholesale\" \/>\n<meta property=\"og:url\" content=\"https:\/\/www.paudimodel.com\/de\/produkt\/volkswagen-touran-touran-l-2016-118-scale-diecast-model-car-wholesale\/\" \/>\n<meta property=\"og:site_name\" content=\"Paudi Model | High Quality Diecast Model\" \/>\n<meta property=\"article:publisher\" content=\"https:\/\/www.facebook\/paudimodel\" \/>\n<meta property=\"article:modified_time\" content=\"2024-08-27T01:11:03+00:00\" \/>\n<meta property=\"og:image\" content=\"https:\/\/www.paudimodel.com\/wp-content\/uploads\/2016\/09\/Volkswagen-All-New-Touran-L-2016_BL_01-1.jpg\" \/>\n\t<meta property=\"og:image:width\" content=\"990\" \/>\n\t<meta property=\"og:image:height\" content=\"658\" \/>\n\t<meta property=\"og:image:type\" content=\"image\/jpeg\" \/>\n<meta name=\"twitter:card\" content=\"summary_large_image\" \/>\n<meta name=\"twitter:site\" content=\"@paudimodel\" \/>\n<meta name=\"twitter:label1\" content=\"Gesch\u00e4tzte Lesezeit\" \/>\n\t<meta name=\"twitter:data1\" content=\"3\u00a0Minuten\" \/>\n<script type=\"application\/ld+json\" class=\"yoast-schema-graph\">{\"@context\":\"https:\/\/schema.org\",\"@graph\":[{\"@type\":\"WebPage\",\"@id\":\"https:\/\/www.paudimodel.com\/product\/volkswagen-touran-touran-l-2016-118-scale-diecast-model-car-wholesale\/\",\"url\":\"https:\/\/www.paudimodel.com\/product\/volkswagen-touran-touran-l-2016-118-scale-diecast-model-car-wholesale\/\",\"name\":\"Volkswagen Touran Touran L 2016 1\/18 Scale Diecast Model Car Wholesale - Paudi Model | High Quality Diecast Model\",\"isPartOf\":{\"@id\":\"https:\/\/www.paudimodel.com\/#website\"},\"primaryImageOfPage\":{\"@id\":\"https:\/\/www.paudimodel.com\/product\/volkswagen-touran-touran-l-2016-118-scale-diecast-model-car-wholesale\/#primaryimage\"},\"image\":{\"@id\":\"https:\/\/www.paudimodel.com\/product\/volkswagen-touran-touran-l-2016-118-scale-diecast-model-car-wholesale\/#primaryimage\"},\"thumbnailUrl\":\"https:\/\/www.paudimodel.com\/wp-content\/uploads\/2016\/09\/Volkswagen-All-New-Touran-L-2016_BL_01-1.jpg\",\"datePublished\":\"2016-09-30T07:12:47+00:00\",\"dateModified\":\"2024-08-27T01:11:03+00:00\",\"breadcrumb\":{\"@id\":\"https:\/\/www.paudimodel.com\/product\/volkswagen-touran-touran-l-2016-118-scale-diecast-model-car-wholesale\/#breadcrumb\"},\"inLanguage\":\"de\",\"potentialAction\":[{\"@type\":\"ReadAction\",\"target\":[\"https:\/\/www.paudimodel.com\/product\/volkswagen-touran-touran-l-2016-118-scale-diecast-model-car-wholesale\/\"]}]},{\"@type\":\"ImageObject\",\"inLanguage\":\"de\",\"@id\":\"https:\/\/www.paudimodel.com\/product\/volkswagen-touran-touran-l-2016-118-scale-diecast-model-car-wholesale\/#primaryimage\",\"url\":\"https:\/\/www.paudimodel.com\/wp-content\/uploads\/2016\/09\/Volkswagen-All-New-Touran-L-2016_BL_01-1.jpg\",\"contentUrl\":\"https:\/\/www.paudimodel.com\/wp-content\/uploads\/2016\/09\/Volkswagen-All-New-Touran-L-2016_BL_01-1.jpg\",\"width\":990,\"height\":658},{\"@type\":\"BreadcrumbList\",\"@id\":\"https:\/\/www.paudimodel.com\/product\/volkswagen-touran-touran-l-2016-118-scale-diecast-model-car-wholesale\/#breadcrumb\",\"itemListElement\":[{\"@type\":\"ListItem\",\"position\":1,\"name\":\"Home\",\"item\":\"https:\/\/www.paudimodel.com\/\"},{\"@type\":\"ListItem\",\"position\":2,\"name\":\"Products\",\"item\":\"https:\/\/www.paudimodel.com\/products\/\"},{\"@type\":\"ListItem\",\"position\":3,\"name\":\"Volkswagen Touran Touran L 2016 1\/18 Scale Diecast Model Car Wholesale\"}]},{\"@type\":\"WebSite\",\"@id\":\"https:\/\/www.paudimodel.com\/#website\",\"url\":\"https:\/\/www.paudimodel.com\/\",\"name\":\"Paudi Model | High Quality Diecast Model\",\"description\":\"Shop For Diecast Models From Top-Rated Brands Like Dealer Edition, Paudi, Kyosho, Autoart &amp; More. Low Online Prices. Super-Detailed Models.Find Your Make &amp; Model.Huge Selection. Satisfaction Guaranteed. Types: Diecast Model Cars, Diecast Model Trucks.\",\"publisher\":{\"@id\":\"https:\/\/www.paudimodel.com\/#organization\"},\"alternateName\":\"Scale model design, development and production\",\"potentialAction\":[{\"@type\":\"SearchAction\",\"target\":{\"@type\":\"EntryPoint\",\"urlTemplate\":\"https:\/\/www.paudimodel.com\/?s={search_term_string}\"},\"query-input\":{\"@type\":\"PropertyValueSpecification\",\"valueRequired\":true,\"valueName\":\"search_term_string\"}}],\"inLanguage\":\"de\"},{\"@type\":\"Organization\",\"@id\":\"https:\/\/www.paudimodel.com\/#organization\",\"name\":\"Guangzhou Paudi Model Technology Ltd.\",\"url\":\"https:\/\/www.paudimodel.com\/\",\"logo\":{\"@type\":\"ImageObject\",\"inLanguage\":\"de\",\"@id\":\"https:\/\/www.paudimodel.com\/#\/schema\/logo\/image\/\",\"url\":\"https:\/\/www.paudimodel.com\/wp-content\/uploads\/2023\/02\/696x696.png\",\"contentUrl\":\"https:\/\/www.paudimodel.com\/wp-content\/uploads\/2023\/02\/696x696.png\",\"width\":696,\"height\":696,\"caption\":\"Guangzhou Paudi Model Technology Ltd.\"},\"image\":{\"@id\":\"https:\/\/www.paudimodel.com\/#\/schema\/logo\/image\/\"},\"sameAs\":[\"https:\/\/www.facebook\/paudimodel\",\"https:\/\/x.com\/paudimodel\"]}]}<\/script>\n<!-- \/ Yoast SEO Premium plugin. -->","yoast_head_json":{"title":"Volkswagen Touran Touran L 2016, Ma\u00dfstab 1:18, Diecast-Modellauto im Gro\u00dfhandel \u2013 Paudi Model | Hochwertiges Diecast-Modell","robots":{"index":"index","follow":"follow","max-snippet":"max-snippet:-1","max-image-preview":"max-image-preview:large","max-video-preview":"max-video-preview:-1"},"canonical":"https:\/\/www.paudimodel.com\/de\/produkt\/volkswagen-touran-touran-l-2016-118-scale-diecast-model-car-wholesale\/","og_locale":"de_DE","og_type":"article","og_title":"Volkswagen Touran Touran L 2016 1\/18 Scale Diecast Model Car Wholesale","og_url":"https:\/\/www.paudimodel.com\/de\/produkt\/volkswagen-touran-touran-l-2016-118-scale-diecast-model-car-wholesale\/","og_site_name":"Paudi Model | High Quality Diecast Model","article_publisher":"https:\/\/www.facebook\/paudimodel","article_modified_time":"2024-08-27T01:11:03+00:00","og_image":[{"width":990,"height":658,"url":"https:\/\/www.paudimodel.com\/wp-content\/uploads\/2016\/09\/Volkswagen-All-New-Touran-L-2016_BL_01-1.jpg","type":"image\/jpeg"}],"twitter_card":"summary_large_image","twitter_site":"@paudimodel","twitter_misc":{"Gesch\u00e4tzte Lesezeit":"3\u00a0Minuten"},"schema":{"@context":"https:\/\/schema.org","@graph":[{"@type":"WebPage","@id":"https:\/\/www.paudimodel.com\/product\/volkswagen-touran-touran-l-2016-118-scale-diecast-model-car-wholesale\/","url":"https:\/\/www.paudimodel.com\/product\/volkswagen-touran-touran-l-2016-118-scale-diecast-model-car-wholesale\/","name":"Volkswagen Touran Touran L 2016, Ma\u00dfstab 1:18, Diecast-Modellauto im Gro\u00dfhandel \u2013 Paudi Model | Hochwertiges Diecast-Modell","isPartOf":{"@id":"https:\/\/www.paudimodel.com\/#website"},"primaryImageOfPage":{"@id":"https:\/\/www.paudimodel.com\/product\/volkswagen-touran-touran-l-2016-118-scale-diecast-model-car-wholesale\/#primaryimage"},"image":{"@id":"https:\/\/www.paudimodel.com\/product\/volkswagen-touran-touran-l-2016-118-scale-diecast-model-car-wholesale\/#primaryimage"},"thumbnailUrl":"https:\/\/www.paudimodel.com\/wp-content\/uploads\/2016\/09\/Volkswagen-All-New-Touran-L-2016_BL_01-1.jpg","datePublished":"2016-09-30T07:12:47+00:00","dateModified":"2024-08-27T01:11:03+00:00","breadcrumb":{"@id":"https:\/\/www.paudimodel.com\/product\/volkswagen-touran-touran-l-2016-118-scale-diecast-model-car-wholesale\/#breadcrumb"},"inLanguage":"de","potentialAction":[{"@type":"ReadAction","target":["https:\/\/www.paudimodel.com\/product\/volkswagen-touran-touran-l-2016-118-scale-diecast-model-car-wholesale\/"]}]},{"@type":"ImageObject","inLanguage":"de","@id":"https:\/\/www.paudimodel.com\/product\/volkswagen-touran-touran-l-2016-118-scale-diecast-model-car-wholesale\/#primaryimage","url":"https:\/\/www.paudimodel.com\/wp-content\/uploads\/2016\/09\/Volkswagen-All-New-Touran-L-2016_BL_01-1.jpg","contentUrl":"https:\/\/www.paudimodel.com\/wp-content\/uploads\/2016\/09\/Volkswagen-All-New-Touran-L-2016_BL_01-1.jpg","width":990,"height":658},{"@type":"BreadcrumbList","@id":"https:\/\/www.paudimodel.com\/product\/volkswagen-touran-touran-l-2016-118-scale-diecast-model-car-wholesale\/#breadcrumb","itemListElement":[{"@type":"ListItem","position":1,"name":"Home","item":"https:\/\/www.paudimodel.com\/"},{"@type":"ListItem","position":2,"name":"Products","item":"https:\/\/www.paudimodel.com\/products\/"},{"@type":"ListItem","position":3,"name":"Volkswagen Touran Touran L 2016 1\/18 Scale Diecast Model Car Wholesale"}]},{"@type":"WebSite","@id":"https:\/\/www.paudimodel.com\/#website","url":"https:\/\/www.paudimodel.com\/","name":"Paudi-Modell | Hochwertiges Druckgussmodell","description":"Kaufen Sie Druckgussmodelle von Top-Marken wie Dealer Edition, Paudi, Kyosho, Autoart und mehr. G\u00fcnstige Online-Preise. Superdetaillierte Modelle. Finden Sie Ihre Marke und Ihr Modell. Riesige Auswahl. Zufriedenheitsgarantie. Typen: Druckguss-Modellautos, Druckguss-Modell-LKWs.","publisher":{"@id":"https:\/\/www.paudimodel.com\/#organization"},"alternateName":"Scale model design, development and production","potentialAction":[{"@type":"SearchAction","target":{"@type":"EntryPoint","urlTemplate":"https:\/\/www.paudimodel.com\/?s={search_term_string}"},"query-input":{"@type":"PropertyValueSpecification","valueRequired":true,"valueName":"search_term_string"}}],"inLanguage":"de"},{"@type":"Organization","@id":"https:\/\/www.paudimodel.com\/#organization","name":"Guangzhou Paudi Model Technology Ltd.","url":"https:\/\/www.paudimodel.com\/","logo":{"@type":"ImageObject","inLanguage":"de","@id":"https:\/\/www.paudimodel.com\/#\/schema\/logo\/image\/","url":"https:\/\/www.paudimodel.com\/wp-content\/uploads\/2023\/02\/696x696.png","contentUrl":"https:\/\/www.paudimodel.com\/wp-content\/uploads\/2023\/02\/696x696.png","width":696,"height":696,"caption":"Guangzhou Paudi Model Technology Ltd."},"image":{"@id":"https:\/\/www.paudimodel.com\/#\/schema\/logo\/image\/"},"sameAs":["https:\/\/www.facebook\/paudimodel","https:\/\/x.com\/paudimodel"]}]}},"_links":{"self":[{"href":"https:\/\/www.paudimodel.com\/de\/wp-json\/wp\/v2\/product\/42850","targetHints":{"allow":["GET"]}}],"collection":[{"href":"https:\/\/www.paudimodel.com\/de\/wp-json\/wp\/v2\/product"}],"about":[{"href":"https:\/\/www.paudimodel.com\/de\/wp-json\/wp\/v2\/types\/product"}],"replies":[{"embeddable":true,"href":"https:\/\/www.paudimodel.com\/de\/wp-json\/wp\/v2\/comments?post=42850"}],"wp:featuredmedia":[{"embeddable":true,"href":"https:\/\/www.paudimodel.com\/de\/wp-json\/wp\/v2\/media\/44194"}],"wp:attachment":[{"href":"https:\/\/www.paudimodel.com\/de\/wp-json\/wp\/v2\/media?parent=42850"}],"wp:term":[{"taxonomy":"product_brand","embeddable":true,"href":"https:\/\/www.paudimodel.com\/de\/wp-json\/wp\/v2\/product_brand?post=42850"},{"taxonomy":"product_cat","embeddable":true,"href":"https:\/\/www.paudimodel.com\/de\/wp-json\/wp\/v2\/product_cat?post=42850"},{"taxonomy":"product_tag","embeddable":true,"href":"https:\/\/www.paudimodel.com\/de\/wp-json\/wp\/v2\/product_tag?post=42850"}],"curies":[{"name":"wp","href":"https:\/\/api.w.org\/{rel}","templated":true}]}}