{"id":42859,"date":"2016-09-30T15:31:26","date_gmt":"2016-09-30T07:31:26","guid":{"rendered":"http:\/\/www.paudimodel.com\/product\/118-nissan-tiida-2016-diecast-model-car\/"},"modified":"2025-11-27T11:01:57","modified_gmt":"2025-11-27T11:01:57","slug":"nissan-tiida-2011-118-scale-diecast-model-car-wholesale","status":"publish","type":"product","link":"https:\/\/www.paudimodel.com\/de\/produkt\/nissan-tiida-2011-118-scale-diecast-model-car-wholesale\/","title":{"rendered":"Nissan Tiida 2011, Ma\u00dfstab 1:18, Diecast-Modellauto (Gro\u00dfhandel)"},"content":{"rendered":"<p><img loading=\"lazy\" decoding=\"async\" class=\"alignnone size-full wp-image-44173 aligncenter\" src=\"http:\/\/www.paudimodel.com\/wp-content\/uploads\/2016\/09\/Nissan_Tiida-2011_bk_01-1.jpg\" alt=\"\" width=\"990\" height=\"660\" srcset=\"https:\/\/www.paudimodel.com\/wp-content\/uploads\/2016\/09\/Nissan_Tiida-2011_bk_01-1.jpg 990w, https:\/\/www.paudimodel.com\/wp-content\/uploads\/2016\/09\/Nissan_Tiida-2011_bk_01-1-300x200.jpg 300w, https:\/\/www.paudimodel.com\/wp-content\/uploads\/2016\/09\/Nissan_Tiida-2011_bk_01-1-450x300.jpg 450w, https:\/\/www.paudimodel.com\/wp-content\/uploads\/2016\/09\/Nissan_Tiida-2011_bk_01-1-768x512.jpg 768w\" sizes=\"auto, (max-width: 990px) 100vw, 990px\" \/> <img loading=\"lazy\" decoding=\"async\" class=\"alignnone size-full wp-image-44174 aligncenter\" src=\"http:\/\/www.paudimodel.com\/wp-content\/uploads\/2016\/09\/Nissan_Tiida-2011_bk_02-1.jpg\" alt=\"\" width=\"990\" height=\"660\" srcset=\"https:\/\/www.paudimodel.com\/wp-content\/uploads\/2016\/09\/Nissan_Tiida-2011_bk_02-1.jpg 990w, https:\/\/www.paudimodel.com\/wp-content\/uploads\/2016\/09\/Nissan_Tiida-2011_bk_02-1-300x200.jpg 300w, https:\/\/www.paudimodel.com\/wp-content\/uploads\/2016\/09\/Nissan_Tiida-2011_bk_02-1-450x300.jpg 450w, https:\/\/www.paudimodel.com\/wp-content\/uploads\/2016\/09\/Nissan_Tiida-2011_bk_02-1-768x512.jpg 768w\" sizes=\"auto, (max-width: 990px) 100vw, 990px\" \/> <img loading=\"lazy\" decoding=\"async\" class=\"alignnone size-full wp-image-44175 aligncenter\" src=\"http:\/\/www.paudimodel.com\/wp-content\/uploads\/2016\/09\/Nissan_Tiida-2011_bk_03-1.jpg\" alt=\"\" width=\"990\" height=\"660\" srcset=\"https:\/\/www.paudimodel.com\/wp-content\/uploads\/2016\/09\/Nissan_Tiida-2011_bk_03-1.jpg 990w, https:\/\/www.paudimodel.com\/wp-content\/uploads\/2016\/09\/Nissan_Tiida-2011_bk_03-1-300x200.jpg 300w, https:\/\/www.paudimodel.com\/wp-content\/uploads\/2016\/09\/Nissan_Tiida-2011_bk_03-1-450x300.jpg 450w, https:\/\/www.paudimodel.com\/wp-content\/uploads\/2016\/09\/Nissan_Tiida-2011_bk_03-1-768x512.jpg 768w\" sizes=\"auto, (max-width: 990px) 100vw, 990px\" \/> <img loading=\"lazy\" decoding=\"async\" class=\"alignnone size-full wp-image-44176 aligncenter\" src=\"http:\/\/www.paudimodel.com\/wp-content\/uploads\/2016\/09\/Nissan_Tiida-2011_bk_04-1.jpg\" alt=\"\" width=\"990\" height=\"660\" srcset=\"https:\/\/www.paudimodel.com\/wp-content\/uploads\/2016\/09\/Nissan_Tiida-2011_bk_04-1.jpg 990w, https:\/\/www.paudimodel.com\/wp-content\/uploads\/2016\/09\/Nissan_Tiida-2011_bk_04-1-300x200.jpg 300w, https:\/\/www.paudimodel.com\/wp-content\/uploads\/2016\/09\/Nissan_Tiida-2011_bk_04-1-450x300.jpg 450w, https:\/\/www.paudimodel.com\/wp-content\/uploads\/2016\/09\/Nissan_Tiida-2011_bk_04-1-768x512.jpg 768w\" sizes=\"auto, (max-width: 990px) 100vw, 990px\" \/> <img loading=\"lazy\" decoding=\"async\" class=\"alignnone size-full wp-image-44177 aligncenter\" src=\"http:\/\/www.paudimodel.com\/wp-content\/uploads\/2016\/09\/Nissan_Tiida-2011_bk_05-1.jpg\" alt=\"\" width=\"990\" height=\"660\" srcset=\"https:\/\/www.paudimodel.com\/wp-content\/uploads\/2016\/09\/Nissan_Tiida-2011_bk_05-1.jpg 990w, https:\/\/www.paudimodel.com\/wp-content\/uploads\/2016\/09\/Nissan_Tiida-2011_bk_05-1-300x200.jpg 300w, https:\/\/www.paudimodel.com\/wp-content\/uploads\/2016\/09\/Nissan_Tiida-2011_bk_05-1-450x300.jpg 450w, https:\/\/www.paudimodel.com\/wp-content\/uploads\/2016\/09\/Nissan_Tiida-2011_bk_05-1-768x512.jpg 768w\" sizes=\"auto, (max-width: 990px) 100vw, 990px\" \/> <img loading=\"lazy\" decoding=\"async\" class=\"alignnone size-full wp-image-44178 aligncenter\" src=\"http:\/\/www.paudimodel.com\/wp-content\/uploads\/2016\/09\/Nissan_Tiida-2011_bk_06-1.jpg\" alt=\"\" width=\"990\" height=\"660\" srcset=\"https:\/\/www.paudimodel.com\/wp-content\/uploads\/2016\/09\/Nissan_Tiida-2011_bk_06-1.jpg 990w, https:\/\/www.paudimodel.com\/wp-content\/uploads\/2016\/09\/Nissan_Tiida-2011_bk_06-1-300x200.jpg 300w, https:\/\/www.paudimodel.com\/wp-content\/uploads\/2016\/09\/Nissan_Tiida-2011_bk_06-1-450x300.jpg 450w, https:\/\/www.paudimodel.com\/wp-content\/uploads\/2016\/09\/Nissan_Tiida-2011_bk_06-1-768x512.jpg 768w\" sizes=\"auto, (max-width: 990px) 100vw, 990px\" \/> <img loading=\"lazy\" decoding=\"async\" class=\"alignnone size-full wp-image-44179 aligncenter\" src=\"http:\/\/www.paudimodel.com\/wp-content\/uploads\/2016\/09\/Nissan_Tiida-2011_bk_09-1.jpg\" alt=\"\" width=\"990\" height=\"660\" srcset=\"https:\/\/www.paudimodel.com\/wp-content\/uploads\/2016\/09\/Nissan_Tiida-2011_bk_09-1.jpg 990w, https:\/\/www.paudimodel.com\/wp-content\/uploads\/2016\/09\/Nissan_Tiida-2011_bk_09-1-300x200.jpg 300w, https:\/\/www.paudimodel.com\/wp-content\/uploads\/2016\/09\/Nissan_Tiida-2011_bk_09-1-450x300.jpg 450w, https:\/\/www.paudimodel.com\/wp-content\/uploads\/2016\/09\/Nissan_Tiida-2011_bk_09-1-768x512.jpg 768w\" sizes=\"auto, (max-width: 990px) 100vw, 990px\" \/> <img loading=\"lazy\" decoding=\"async\" class=\"alignnone size-full wp-image-44180 aligncenter\" src=\"http:\/\/www.paudimodel.com\/wp-content\/uploads\/2016\/09\/Nissan_Tiida-2011_bk_10-1.jpg\" alt=\"\" width=\"990\" height=\"660\" srcset=\"https:\/\/www.paudimodel.com\/wp-content\/uploads\/2016\/09\/Nissan_Tiida-2011_bk_10-1.jpg 990w, https:\/\/www.paudimodel.com\/wp-content\/uploads\/2016\/09\/Nissan_Tiida-2011_bk_10-1-300x200.jpg 300w, https:\/\/www.paudimodel.com\/wp-content\/uploads\/2016\/09\/Nissan_Tiida-2011_bk_10-1-450x300.jpg 450w, https:\/\/www.paudimodel.com\/wp-content\/uploads\/2016\/09\/Nissan_Tiida-2011_bk_10-1-768x512.jpg 768w\" sizes=\"auto, (max-width: 990px) 100vw, 990px\" \/> <img loading=\"lazy\" decoding=\"async\" class=\"alignnone size-full wp-image-44181 aligncenter\" src=\"http:\/\/www.paudimodel.com\/wp-content\/uploads\/2016\/09\/Nissan_Tiida-2011_bk_11-1.jpg\" alt=\"\" width=\"990\" height=\"660\" srcset=\"https:\/\/www.paudimodel.com\/wp-content\/uploads\/2016\/09\/Nissan_Tiida-2011_bk_11-1.jpg 990w, https:\/\/www.paudimodel.com\/wp-content\/uploads\/2016\/09\/Nissan_Tiida-2011_bk_11-1-300x200.jpg 300w, https:\/\/www.paudimodel.com\/wp-content\/uploads\/2016\/09\/Nissan_Tiida-2011_bk_11-1-450x300.jpg 450w, https:\/\/www.paudimodel.com\/wp-content\/uploads\/2016\/09\/Nissan_Tiida-2011_bk_11-1-768x512.jpg 768w\" sizes=\"auto, (max-width: 990px) 100vw, 990px\" \/> <img loading=\"lazy\" decoding=\"async\" class=\"alignnone size-full wp-image-44182 aligncenter\" src=\"http:\/\/www.paudimodel.com\/wp-content\/uploads\/2016\/09\/Nissan_Tiida-2011_bk_12-1.jpg\" alt=\"\" width=\"990\" height=\"660\" srcset=\"https:\/\/www.paudimodel.com\/wp-content\/uploads\/2016\/09\/Nissan_Tiida-2011_bk_12-1.jpg 990w, https:\/\/www.paudimodel.com\/wp-content\/uploads\/2016\/09\/Nissan_Tiida-2011_bk_12-1-300x200.jpg 300w, https:\/\/www.paudimodel.com\/wp-content\/uploads\/2016\/09\/Nissan_Tiida-2011_bk_12-1-450x300.jpg 450w, https:\/\/www.paudimodel.com\/wp-content\/uploads\/2016\/09\/Nissan_Tiida-2011_bk_12-1-768x512.jpg 768w\" sizes=\"auto, (max-width: 990px) 100vw, 990px\" \/><\/p>","protected":false},"excerpt":{"rendered":"<p><b>Artikel-Nr.:<span style=\"text-decoration: underline;\"> 2372R, 2372BK, 2372GR<\/span><\/b><\/p>\n<p>Farben: Rot, Schwarz, Grau<\/p>\n<p>Dieses Modellauto, eine detailgetreue Nachbildung des Nissan Tiida 2011 im Ma\u00dfstab 1:18, ist ein hochwertiges Diecast-Modell aus der Nissan-Modellauto-Serie. Es besteht aus einer Zinklegierung und ist mit einer dreifachen elektrostatischen Lackierung versehen. Das Modellauto verf\u00fcgt \u00fcber Hunderte von Einzelteilen und ist aufgrund seines Sammlerwerts die ideale Wahl f\u00fcr Sammler und als Geschenk. Die Karosserie ist aus einer Zinklegierung gefertigt und mit Vorder- und Hinterradaufh\u00e4ngung, vier zu \u00f6ffnenden T\u00fcren, einer zu \u00f6ffnenden Motorhaube, die den Blick auf die Motorkomponenten freigibt, sowie einem zu \u00f6ffnenden Kofferraum ausgestattet. Der Innenraumteppich, das Armaturenbrett und die Bodenplatte aus Metall sind detailgetreu nachgebildet.<\/p>\n<p><img loading=\"lazy\" decoding=\"async\" class=\"size-full wp-image-42559 alignleft\" src=\"http:\/\/www.paudimodel.com\/wp-content\/uploads\/2016\/04\/7.png\" alt=\"7\" width=\"50\" height=\"49\" \/><img loading=\"lazy\" decoding=\"async\" class=\"size-full wp-image-42568 alignleft\" src=\"http:\/\/www.paudimodel.com\/wp-content\/uploads\/2016\/04\/6.png\" alt=\"6\" width=\"50\" height=\"49\" \/><\/p>\n<p><img loading=\"lazy\" decoding=\"async\" class=\"size-full wp-image-42567 alignleft\" src=\"http:\/\/www.paudimodel.com\/wp-content\/uploads\/2016\/04\/5.png\" alt=\"5\" width=\"50\" height=\"49\" \/><\/p>\n<p><img loading=\"lazy\" decoding=\"async\" class=\"size-full wp-image-42566 alignleft\" src=\"http:\/\/www.paudimodel.com\/wp-content\/uploads\/2016\/04\/4.png\" alt=\"4\" width=\"50\" height=\"48\" \/><\/p>\n<p><img loading=\"lazy\" decoding=\"async\" class=\"size-full wp-image-42565 alignleft\" src=\"http:\/\/www.paudimodel.com\/wp-content\/uploads\/2016\/04\/3.png\" alt=\"3\" width=\"50\" height=\"42\" \/><\/p>\n<p>&nbsp;<\/p>\n<p>&nbsp;<\/p>\n<p><img loading=\"lazy\" decoding=\"async\" class=\"size-full wp-image-42564 alignleft\" src=\"http:\/\/www.paudimodel.com\/wp-content\/uploads\/2016\/04\/2.png\" alt=\"2\" width=\"50\" height=\"45\" \/><\/p>\n<p><img loading=\"lazy\" decoding=\"async\" class=\"size-full wp-image-42563 alignleft\" src=\"http:\/\/www.paudimodel.com\/wp-content\/uploads\/2016\/04\/1.png\" alt=\"1\" width=\"50\" height=\"45\" \/><\/p>\n<p><img loading=\"lazy\" decoding=\"async\" class=\"size-full wp-image-42562 alignleft\" src=\"http:\/\/www.paudimodel.com\/wp-content\/uploads\/2016\/04\/10.png\" alt=\"10\" width=\"50\" height=\"49\" \/><\/p>\n<p><img loading=\"lazy\" decoding=\"async\" class=\"size-full wp-image-42561 alignleft\" src=\"http:\/\/www.paudimodel.com\/wp-content\/uploads\/2016\/04\/9.png\" alt=\"9\" width=\"50\" height=\"49\" \/><\/p>\n<p><img loading=\"lazy\" decoding=\"async\" class=\"size-full wp-image-42560 alignleft\" src=\"http:\/\/www.paudimodel.com\/wp-content\/uploads\/2016\/04\/8.png\" alt=\"8\" width=\"50\" height=\"43\" \/><\/p>","protected":false},"featured_media":48036,"comment_status":"open","ping_status":"closed","template":"","meta":[],"product_brand":[2608],"product_cat":[466,127],"product_tag":[198],"class_list":{"0":"post-42859","1":"product","2":"type-product","3":"status-publish","4":"has-post-thumbnail","6":"product_brand-dongfeng-nissan","7":"product_cat-1-18-scale","8":"product_cat-nissan","9":"product_tag-nissan-tiida","10":"pa_color-blackcolor","11":"pa_color-redcolor","12":"pa_color-silver","13":"pa_material-zinc-alloy-abs-variety-of-composite-materials","14":"pa_scale-34","16":"first","17":"outofstock","18":"taxable","19":"shipping-taxable","20":"purchasable","21":"product-type-variable","22":"has-default-attributes"},"yoast_head":"<!-- This site is optimized with the Yoast SEO Premium plugin v25.6 (Yoast SEO v26.7) - https:\/\/yoast.com\/wordpress\/plugins\/seo\/ -->\n<title>Nissan Tiida 2011 1\/18 Scale Diecast Model Car Wholesale - Paudi Model | High Quality Diecast Model<\/title>\n<meta name=\"robots\" content=\"index, follow, max-snippet:-1, max-image-preview:large, max-video-preview:-1\" \/>\n<link rel=\"canonical\" href=\"https:\/\/www.paudimodel.com\/de\/produkt\/nissan-tiida-2011-118-scale-diecast-model-car-wholesale\/\" \/>\n<meta property=\"og:locale\" content=\"de_DE\" \/>\n<meta property=\"og:type\" content=\"article\" \/>\n<meta property=\"og:title\" content=\"Nissan Tiida 2011 1\/18 Scale Diecast Model Car Wholesale\" \/>\n<meta property=\"og:url\" content=\"https:\/\/www.paudimodel.com\/de\/produkt\/nissan-tiida-2011-118-scale-diecast-model-car-wholesale\/\" \/>\n<meta property=\"og:site_name\" content=\"Paudi Model | High Quality Diecast Model\" \/>\n<meta property=\"article:publisher\" content=\"https:\/\/www.facebook\/paudimodel\" \/>\n<meta property=\"article:modified_time\" content=\"2025-11-27T11:01:57+00:00\" \/>\n<meta property=\"og:image\" content=\"https:\/\/www.paudimodel.com\/wp-content\/uploads\/2016\/09\/Nissan_Tiida-2011_r_01-1.jpg\" \/>\n\t<meta property=\"og:image:width\" content=\"990\" \/>\n\t<meta property=\"og:image:height\" content=\"660\" \/>\n\t<meta property=\"og:image:type\" content=\"image\/jpeg\" \/>\n<meta name=\"twitter:card\" content=\"summary_large_image\" \/>\n<meta name=\"twitter:site\" content=\"@paudimodel\" \/>\n<script type=\"application\/ld+json\" class=\"yoast-schema-graph\">{\"@context\":\"https:\/\/schema.org\",\"@graph\":[{\"@type\":\"WebPage\",\"@id\":\"https:\/\/www.paudimodel.com\/product\/nissan-tiida-2011-118-scale-diecast-model-car-wholesale\/\",\"url\":\"https:\/\/www.paudimodel.com\/product\/nissan-tiida-2011-118-scale-diecast-model-car-wholesale\/\",\"name\":\"Nissan Tiida 2011 1\/18 Scale Diecast Model Car Wholesale - Paudi Model | High Quality Diecast Model\",\"isPartOf\":{\"@id\":\"https:\/\/www.paudimodel.com\/#website\"},\"primaryImageOfPage\":{\"@id\":\"https:\/\/www.paudimodel.com\/product\/nissan-tiida-2011-118-scale-diecast-model-car-wholesale\/#primaryimage\"},\"image\":{\"@id\":\"https:\/\/www.paudimodel.com\/product\/nissan-tiida-2011-118-scale-diecast-model-car-wholesale\/#primaryimage\"},\"thumbnailUrl\":\"https:\/\/www.paudimodel.com\/wp-content\/uploads\/2016\/09\/Nissan_Tiida-2011_r_01-1.jpg\",\"datePublished\":\"2016-09-30T07:31:26+00:00\",\"dateModified\":\"2025-11-27T11:01:57+00:00\",\"breadcrumb\":{\"@id\":\"https:\/\/www.paudimodel.com\/product\/nissan-tiida-2011-118-scale-diecast-model-car-wholesale\/#breadcrumb\"},\"inLanguage\":\"de\",\"potentialAction\":[{\"@type\":\"ReadAction\",\"target\":[\"https:\/\/www.paudimodel.com\/product\/nissan-tiida-2011-118-scale-diecast-model-car-wholesale\/\"]}]},{\"@type\":\"ImageObject\",\"inLanguage\":\"de\",\"@id\":\"https:\/\/www.paudimodel.com\/product\/nissan-tiida-2011-118-scale-diecast-model-car-wholesale\/#primaryimage\",\"url\":\"https:\/\/www.paudimodel.com\/wp-content\/uploads\/2016\/09\/Nissan_Tiida-2011_r_01-1.jpg\",\"contentUrl\":\"https:\/\/www.paudimodel.com\/wp-content\/uploads\/2016\/09\/Nissan_Tiida-2011_r_01-1.jpg\",\"width\":990,\"height\":660},{\"@type\":\"BreadcrumbList\",\"@id\":\"https:\/\/www.paudimodel.com\/product\/nissan-tiida-2011-118-scale-diecast-model-car-wholesale\/#breadcrumb\",\"itemListElement\":[{\"@type\":\"ListItem\",\"position\":1,\"name\":\"Home\",\"item\":\"https:\/\/www.paudimodel.com\/\"},{\"@type\":\"ListItem\",\"position\":2,\"name\":\"Products\",\"item\":\"https:\/\/www.paudimodel.com\/products\/\"},{\"@type\":\"ListItem\",\"position\":3,\"name\":\"Nissan Tiida 2011 1\/18 Scale Diecast Model Car Wholesale\"}]},{\"@type\":\"WebSite\",\"@id\":\"https:\/\/www.paudimodel.com\/#website\",\"url\":\"https:\/\/www.paudimodel.com\/\",\"name\":\"Paudi Model | High Quality Diecast Model\",\"description\":\"Shop For Diecast Models From Top-Rated Brands Like Dealer Edition, Paudi, Kyosho, Autoart &amp; More. Low Online Prices. Super-Detailed Models.Find Your Make &amp; Model.Huge Selection. Satisfaction Guaranteed. Types: Diecast Model Cars, Diecast Model Trucks.\",\"publisher\":{\"@id\":\"https:\/\/www.paudimodel.com\/#organization\"},\"alternateName\":\"Scale model design, development and production\",\"potentialAction\":[{\"@type\":\"SearchAction\",\"target\":{\"@type\":\"EntryPoint\",\"urlTemplate\":\"https:\/\/www.paudimodel.com\/?s={search_term_string}\"},\"query-input\":{\"@type\":\"PropertyValueSpecification\",\"valueRequired\":true,\"valueName\":\"search_term_string\"}}],\"inLanguage\":\"de\"},{\"@type\":\"Organization\",\"@id\":\"https:\/\/www.paudimodel.com\/#organization\",\"name\":\"Guangzhou Paudi Model Technology Ltd.\",\"url\":\"https:\/\/www.paudimodel.com\/\",\"logo\":{\"@type\":\"ImageObject\",\"inLanguage\":\"de\",\"@id\":\"https:\/\/www.paudimodel.com\/#\/schema\/logo\/image\/\",\"url\":\"https:\/\/www.paudimodel.com\/wp-content\/uploads\/2023\/02\/696x696.png\",\"contentUrl\":\"https:\/\/www.paudimodel.com\/wp-content\/uploads\/2023\/02\/696x696.png\",\"width\":696,\"height\":696,\"caption\":\"Guangzhou Paudi Model Technology Ltd.\"},\"image\":{\"@id\":\"https:\/\/www.paudimodel.com\/#\/schema\/logo\/image\/\"},\"sameAs\":[\"https:\/\/www.facebook\/paudimodel\",\"https:\/\/x.com\/paudimodel\"]}]}<\/script>\n<!-- \/ Yoast SEO Premium plugin. -->","yoast_head_json":{"title":"Nissan Tiida 2011 1\/18 Scale Diecast Model Car Wholesale - Paudi Model | High Quality Diecast Model","robots":{"index":"index","follow":"follow","max-snippet":"max-snippet:-1","max-image-preview":"max-image-preview:large","max-video-preview":"max-video-preview:-1"},"canonical":"https:\/\/www.paudimodel.com\/de\/produkt\/nissan-tiida-2011-118-scale-diecast-model-car-wholesale\/","og_locale":"de_DE","og_type":"article","og_title":"Nissan Tiida 2011 1\/18 Scale Diecast Model Car Wholesale","og_url":"https:\/\/www.paudimodel.com\/de\/produkt\/nissan-tiida-2011-118-scale-diecast-model-car-wholesale\/","og_site_name":"Paudi Model | High Quality Diecast Model","article_publisher":"https:\/\/www.facebook\/paudimodel","article_modified_time":"2025-11-27T11:01:57+00:00","og_image":[{"width":990,"height":660,"url":"https:\/\/www.paudimodel.com\/wp-content\/uploads\/2016\/09\/Nissan_Tiida-2011_r_01-1.jpg","type":"image\/jpeg"}],"twitter_card":"summary_large_image","twitter_site":"@paudimodel","schema":{"@context":"https:\/\/schema.org","@graph":[{"@type":"WebPage","@id":"https:\/\/www.paudimodel.com\/product\/nissan-tiida-2011-118-scale-diecast-model-car-wholesale\/","url":"https:\/\/www.paudimodel.com\/product\/nissan-tiida-2011-118-scale-diecast-model-car-wholesale\/","name":"Nissan Tiida 2011 1\/18 Scale Diecast Model Car Wholesale - Paudi Model | High Quality Diecast Model","isPartOf":{"@id":"https:\/\/www.paudimodel.com\/#website"},"primaryImageOfPage":{"@id":"https:\/\/www.paudimodel.com\/product\/nissan-tiida-2011-118-scale-diecast-model-car-wholesale\/#primaryimage"},"image":{"@id":"https:\/\/www.paudimodel.com\/product\/nissan-tiida-2011-118-scale-diecast-model-car-wholesale\/#primaryimage"},"thumbnailUrl":"https:\/\/www.paudimodel.com\/wp-content\/uploads\/2016\/09\/Nissan_Tiida-2011_r_01-1.jpg","datePublished":"2016-09-30T07:31:26+00:00","dateModified":"2025-11-27T11:01:57+00:00","breadcrumb":{"@id":"https:\/\/www.paudimodel.com\/product\/nissan-tiida-2011-118-scale-diecast-model-car-wholesale\/#breadcrumb"},"inLanguage":"de","potentialAction":[{"@type":"ReadAction","target":["https:\/\/www.paudimodel.com\/product\/nissan-tiida-2011-118-scale-diecast-model-car-wholesale\/"]}]},{"@type":"ImageObject","inLanguage":"de","@id":"https:\/\/www.paudimodel.com\/product\/nissan-tiida-2011-118-scale-diecast-model-car-wholesale\/#primaryimage","url":"https:\/\/www.paudimodel.com\/wp-content\/uploads\/2016\/09\/Nissan_Tiida-2011_r_01-1.jpg","contentUrl":"https:\/\/www.paudimodel.com\/wp-content\/uploads\/2016\/09\/Nissan_Tiida-2011_r_01-1.jpg","width":990,"height":660},{"@type":"BreadcrumbList","@id":"https:\/\/www.paudimodel.com\/product\/nissan-tiida-2011-118-scale-diecast-model-car-wholesale\/#breadcrumb","itemListElement":[{"@type":"ListItem","position":1,"name":"Home","item":"https:\/\/www.paudimodel.com\/"},{"@type":"ListItem","position":2,"name":"Products","item":"https:\/\/www.paudimodel.com\/products\/"},{"@type":"ListItem","position":3,"name":"Nissan Tiida 2011 1\/18 Scale Diecast Model Car Wholesale"}]},{"@type":"WebSite","@id":"https:\/\/www.paudimodel.com\/#website","url":"https:\/\/www.paudimodel.com\/","name":"Paudi-Modell | Hochwertiges Druckgussmodell","description":"Kaufen Sie Druckgussmodelle von Top-Marken wie Dealer Edition, Paudi, Kyosho, Autoart und mehr. G\u00fcnstige Online-Preise. Superdetaillierte Modelle. Finden Sie Ihre Marke und Ihr Modell. Riesige Auswahl. Zufriedenheitsgarantie. Typen: Druckguss-Modellautos, Druckguss-Modell-LKWs.","publisher":{"@id":"https:\/\/www.paudimodel.com\/#organization"},"alternateName":"Scale model design, development and production","potentialAction":[{"@type":"SearchAction","target":{"@type":"EntryPoint","urlTemplate":"https:\/\/www.paudimodel.com\/?s={search_term_string}"},"query-input":{"@type":"PropertyValueSpecification","valueRequired":true,"valueName":"search_term_string"}}],"inLanguage":"de"},{"@type":"Organization","@id":"https:\/\/www.paudimodel.com\/#organization","name":"Guangzhou Paudi Model Technology Ltd.","url":"https:\/\/www.paudimodel.com\/","logo":{"@type":"ImageObject","inLanguage":"de","@id":"https:\/\/www.paudimodel.com\/#\/schema\/logo\/image\/","url":"https:\/\/www.paudimodel.com\/wp-content\/uploads\/2023\/02\/696x696.png","contentUrl":"https:\/\/www.paudimodel.com\/wp-content\/uploads\/2023\/02\/696x696.png","width":696,"height":696,"caption":"Guangzhou Paudi Model Technology Ltd."},"image":{"@id":"https:\/\/www.paudimodel.com\/#\/schema\/logo\/image\/"},"sameAs":["https:\/\/www.facebook\/paudimodel","https:\/\/x.com\/paudimodel"]}]}},"_links":{"self":[{"href":"https:\/\/www.paudimodel.com\/de\/wp-json\/wp\/v2\/product\/42859","targetHints":{"allow":["GET"]}}],"collection":[{"href":"https:\/\/www.paudimodel.com\/de\/wp-json\/wp\/v2\/product"}],"about":[{"href":"https:\/\/www.paudimodel.com\/de\/wp-json\/wp\/v2\/types\/product"}],"replies":[{"embeddable":true,"href":"https:\/\/www.paudimodel.com\/de\/wp-json\/wp\/v2\/comments?post=42859"}],"wp:featuredmedia":[{"embeddable":true,"href":"https:\/\/www.paudimodel.com\/de\/wp-json\/wp\/v2\/media\/48036"}],"wp:attachment":[{"href":"https:\/\/www.paudimodel.com\/de\/wp-json\/wp\/v2\/media?parent=42859"}],"wp:term":[{"taxonomy":"product_brand","embeddable":true,"href":"https:\/\/www.paudimodel.com\/de\/wp-json\/wp\/v2\/product_brand?post=42859"},{"taxonomy":"product_cat","embeddable":true,"href":"https:\/\/www.paudimodel.com\/de\/wp-json\/wp\/v2\/product_cat?post=42859"},{"taxonomy":"product_tag","embeddable":true,"href":"https:\/\/www.paudimodel.com\/de\/wp-json\/wp\/v2\/product_tag?post=42859"}],"curies":[{"name":"wp","href":"https:\/\/api.w.org\/{rel}","templated":true}]}}