{"id":43609,"date":"2017-02-10T09:49:35","date_gmt":"2017-02-10T01:49:35","guid":{"rendered":"http:\/\/www.paudimodel.com\/?post_type=product&#038;p=43609"},"modified":"2020-10-12T11:58:32","modified_gmt":"2020-10-12T11:58:32","slug":"audi-a4l-2011-118-scale-diecast-model-car-wholesale","status":"publish","type":"product","link":"https:\/\/www.paudimodel.com\/de\/produkt\/audi-a4l-2011-118-scale-diecast-model-car-wholesale\/","title":{"rendered":"Audi A4L 2011 1\/18 Ma\u00dfstab Diecast Modellauto Gro\u00dfhandel"},"content":{"rendered":"<p><img loading=\"lazy\" decoding=\"async\" class=\"alignnone size-full wp-image-44163 aligncenter\" src=\"http:\/\/www.paudimodel.com\/wp-content\/uploads\/2017\/02\/Audi_A4L_2011_black_01-1.jpg\" alt=\"\" width=\"990\" height=\"658\" srcset=\"https:\/\/www.paudimodel.com\/wp-content\/uploads\/2017\/02\/Audi_A4L_2011_black_01-1.jpg 990w, https:\/\/www.paudimodel.com\/wp-content\/uploads\/2017\/02\/Audi_A4L_2011_black_01-1-300x199.jpg 300w, https:\/\/www.paudimodel.com\/wp-content\/uploads\/2017\/02\/Audi_A4L_2011_black_01-1-450x299.jpg 450w, https:\/\/www.paudimodel.com\/wp-content\/uploads\/2017\/02\/Audi_A4L_2011_black_01-1-768x510.jpg 768w\" sizes=\"auto, (max-width: 990px) 100vw, 990px\" \/> <img loading=\"lazy\" decoding=\"async\" class=\"alignnone size-full wp-image-44164 aligncenter\" src=\"http:\/\/www.paudimodel.com\/wp-content\/uploads\/2017\/02\/Audi_A4L_2011_black_02.jpg\" alt=\"\" width=\"990\" height=\"658\" srcset=\"https:\/\/www.paudimodel.com\/wp-content\/uploads\/2017\/02\/Audi_A4L_2011_black_02.jpg 990w, https:\/\/www.paudimodel.com\/wp-content\/uploads\/2017\/02\/Audi_A4L_2011_black_02-300x199.jpg 300w, https:\/\/www.paudimodel.com\/wp-content\/uploads\/2017\/02\/Audi_A4L_2011_black_02-450x299.jpg 450w, https:\/\/www.paudimodel.com\/wp-content\/uploads\/2017\/02\/Audi_A4L_2011_black_02-768x510.jpg 768w\" sizes=\"auto, (max-width: 990px) 100vw, 990px\" \/> <img loading=\"lazy\" decoding=\"async\" class=\"alignnone size-full wp-image-44165 aligncenter\" src=\"http:\/\/www.paudimodel.com\/wp-content\/uploads\/2017\/02\/Audi_A4L_2011_black_03.jpg\" alt=\"\" width=\"990\" height=\"658\" srcset=\"https:\/\/www.paudimodel.com\/wp-content\/uploads\/2017\/02\/Audi_A4L_2011_black_03.jpg 990w, https:\/\/www.paudimodel.com\/wp-content\/uploads\/2017\/02\/Audi_A4L_2011_black_03-300x199.jpg 300w, https:\/\/www.paudimodel.com\/wp-content\/uploads\/2017\/02\/Audi_A4L_2011_black_03-450x299.jpg 450w, https:\/\/www.paudimodel.com\/wp-content\/uploads\/2017\/02\/Audi_A4L_2011_black_03-768x510.jpg 768w\" sizes=\"auto, (max-width: 990px) 100vw, 990px\" \/> <img loading=\"lazy\" decoding=\"async\" class=\"alignnone size-full wp-image-44166 aligncenter\" src=\"http:\/\/www.paudimodel.com\/wp-content\/uploads\/2017\/02\/Audi_A4L_2011_black_04.jpg\" alt=\"\" width=\"990\" height=\"658\" srcset=\"https:\/\/www.paudimodel.com\/wp-content\/uploads\/2017\/02\/Audi_A4L_2011_black_04.jpg 990w, https:\/\/www.paudimodel.com\/wp-content\/uploads\/2017\/02\/Audi_A4L_2011_black_04-300x199.jpg 300w, https:\/\/www.paudimodel.com\/wp-content\/uploads\/2017\/02\/Audi_A4L_2011_black_04-450x299.jpg 450w, https:\/\/www.paudimodel.com\/wp-content\/uploads\/2017\/02\/Audi_A4L_2011_black_04-768x510.jpg 768w\" sizes=\"auto, (max-width: 990px) 100vw, 990px\" \/> <img loading=\"lazy\" decoding=\"async\" class=\"alignnone size-full wp-image-44167 aligncenter\" src=\"http:\/\/www.paudimodel.com\/wp-content\/uploads\/2017\/02\/Audi_A4L_2011_black_05.jpg\" alt=\"\" width=\"990\" height=\"658\" srcset=\"https:\/\/www.paudimodel.com\/wp-content\/uploads\/2017\/02\/Audi_A4L_2011_black_05.jpg 990w, https:\/\/www.paudimodel.com\/wp-content\/uploads\/2017\/02\/Audi_A4L_2011_black_05-300x199.jpg 300w, https:\/\/www.paudimodel.com\/wp-content\/uploads\/2017\/02\/Audi_A4L_2011_black_05-450x299.jpg 450w, https:\/\/www.paudimodel.com\/wp-content\/uploads\/2017\/02\/Audi_A4L_2011_black_05-768x510.jpg 768w\" sizes=\"auto, (max-width: 990px) 100vw, 990px\" \/> <img loading=\"lazy\" decoding=\"async\" class=\"alignnone size-full wp-image-44168 aligncenter\" src=\"http:\/\/www.paudimodel.com\/wp-content\/uploads\/2017\/02\/Audi_A4L_2011_black_06.jpg\" alt=\"\" width=\"990\" height=\"658\" srcset=\"https:\/\/www.paudimodel.com\/wp-content\/uploads\/2017\/02\/Audi_A4L_2011_black_06.jpg 990w, https:\/\/www.paudimodel.com\/wp-content\/uploads\/2017\/02\/Audi_A4L_2011_black_06-300x199.jpg 300w, https:\/\/www.paudimodel.com\/wp-content\/uploads\/2017\/02\/Audi_A4L_2011_black_06-450x299.jpg 450w, https:\/\/www.paudimodel.com\/wp-content\/uploads\/2017\/02\/Audi_A4L_2011_black_06-768x510.jpg 768w\" sizes=\"auto, (max-width: 990px) 100vw, 990px\" \/> <img loading=\"lazy\" decoding=\"async\" class=\"alignnone size-full wp-image-44169 aligncenter\" src=\"http:\/\/www.paudimodel.com\/wp-content\/uploads\/2017\/02\/Audi_A4L_2011_black_07.jpg\" alt=\"\" width=\"990\" height=\"658\" srcset=\"https:\/\/www.paudimodel.com\/wp-content\/uploads\/2017\/02\/Audi_A4L_2011_black_07.jpg 990w, https:\/\/www.paudimodel.com\/wp-content\/uploads\/2017\/02\/Audi_A4L_2011_black_07-300x199.jpg 300w, https:\/\/www.paudimodel.com\/wp-content\/uploads\/2017\/02\/Audi_A4L_2011_black_07-450x299.jpg 450w, https:\/\/www.paudimodel.com\/wp-content\/uploads\/2017\/02\/Audi_A4L_2011_black_07-768x510.jpg 768w\" sizes=\"auto, (max-width: 990px) 100vw, 990px\" \/> <img loading=\"lazy\" decoding=\"async\" class=\"alignnone size-full wp-image-44170 aligncenter\" src=\"http:\/\/www.paudimodel.com\/wp-content\/uploads\/2017\/02\/Audi_A4L_2011_black_08.jpg\" alt=\"\" width=\"990\" height=\"658\" srcset=\"https:\/\/www.paudimodel.com\/wp-content\/uploads\/2017\/02\/Audi_A4L_2011_black_08.jpg 990w, https:\/\/www.paudimodel.com\/wp-content\/uploads\/2017\/02\/Audi_A4L_2011_black_08-300x199.jpg 300w, https:\/\/www.paudimodel.com\/wp-content\/uploads\/2017\/02\/Audi_A4L_2011_black_08-450x299.jpg 450w, https:\/\/www.paudimodel.com\/wp-content\/uploads\/2017\/02\/Audi_A4L_2011_black_08-768x510.jpg 768w\" sizes=\"auto, (max-width: 990px) 100vw, 990px\" \/> <img loading=\"lazy\" decoding=\"async\" class=\"alignnone size-full wp-image-44171 aligncenter\" src=\"http:\/\/www.paudimodel.com\/wp-content\/uploads\/2017\/02\/Audi_A4L_2011_black_09.jpg\" alt=\"\" width=\"990\" height=\"658\" srcset=\"https:\/\/www.paudimodel.com\/wp-content\/uploads\/2017\/02\/Audi_A4L_2011_black_09.jpg 990w, https:\/\/www.paudimodel.com\/wp-content\/uploads\/2017\/02\/Audi_A4L_2011_black_09-300x199.jpg 300w, https:\/\/www.paudimodel.com\/wp-content\/uploads\/2017\/02\/Audi_A4L_2011_black_09-450x299.jpg 450w, https:\/\/www.paudimodel.com\/wp-content\/uploads\/2017\/02\/Audi_A4L_2011_black_09-768x510.jpg 768w\" sizes=\"auto, (max-width: 990px) 100vw, 990px\" \/> <img loading=\"lazy\" decoding=\"async\" class=\"alignnone size-full wp-image-44172 aligncenter\" src=\"http:\/\/www.paudimodel.com\/wp-content\/uploads\/2017\/02\/Audi_A4L_2011_black_10.jpg\" alt=\"\" width=\"990\" height=\"658\" srcset=\"https:\/\/www.paudimodel.com\/wp-content\/uploads\/2017\/02\/Audi_A4L_2011_black_10.jpg 990w, https:\/\/www.paudimodel.com\/wp-content\/uploads\/2017\/02\/Audi_A4L_2011_black_10-300x199.jpg 300w, https:\/\/www.paudimodel.com\/wp-content\/uploads\/2017\/02\/Audi_A4L_2011_black_10-450x299.jpg 450w, https:\/\/www.paudimodel.com\/wp-content\/uploads\/2017\/02\/Audi_A4L_2011_black_10-768x510.jpg 768w\" sizes=\"auto, (max-width: 990px) 100vw, 990px\" \/><\/p>","protected":false},"excerpt":{"rendered":"<p><b>Produktcode: 2234BK, 2234W, 2234GY<br \/>\n<\/b><\/p>\n<p>Farben: Wei\u00df, Schwarz, Grau<\/p>\n<p>Dieses Modellauto ist eine detailgetreue Nachbildung des Audi A4L (Baujahr 2011) im Ma\u00dfstab 1:18 und geh\u00f6rt zur hochwertigen Diecast-Modellreihe von Audi. Es besteht aus einer Zinklegierung und ist dreifach elektrostatisch lackiert. Das Modellauto verf\u00fcgt \u00fcber Hunderte von Einzelteilen und ist aufgrund seines Sammlerwerts die ideale Wahl f\u00fcr Sammler und als Geschenk. Die Karosserie ist aus einer Zinklegierung gefertigt und verf\u00fcgt \u00fcber eine Vorder- und Hinterradaufh\u00e4ngung, vier zu \u00f6ffnende T\u00fcren, eine zu \u00f6ffnende Motorhaube, die den Blick auf die Motorkomponenten freigibt, sowie einen zu \u00f6ffnenden Kofferraum. Der Innenraum ist detailgetreu nachgebildet, ebenso wie der Teppich, das Armaturenbrett und die Bodenplatte aus Metall.<\/p>","protected":false},"featured_media":43611,"comment_status":"open","ping_status":"closed","template":"","meta":[],"product_brand":[],"product_cat":[466,36],"product_tag":[505],"class_list":{"0":"post-43609","1":"product","2":"type-product","3":"status-publish","4":"has-post-thumbnail","6":"product_cat-1-18-scale","7":"product_cat-audi","8":"product_tag-audi-a4l","9":"pa_color-blackcolor","10":"pa_color-greycolor","11":"pa_color-whitecolor","12":"pa_material-zinc-alloy-abs-variety-of-composite-materials","13":"pa_scale-34","15":"first","16":"instock","17":"taxable","18":"shipping-taxable","19":"purchasable","20":"product-type-variable","21":"has-default-attributes"},"yoast_head":"<!-- This site is optimized with the Yoast SEO Premium plugin v25.6 (Yoast SEO v26.7) - https:\/\/yoast.com\/wordpress\/plugins\/seo\/ -->\n<title>Audi A4L 2011 1\/18 Scale Diecast Model Car Wholesale - Paudi Model | High Quality Diecast Model<\/title>\n<meta name=\"robots\" content=\"index, follow, max-snippet:-1, max-image-preview:large, max-video-preview:-1\" \/>\n<link rel=\"canonical\" href=\"https:\/\/www.paudimodel.com\/de\/produkt\/audi-a4l-2011-118-scale-diecast-model-car-wholesale\/\" \/>\n<meta property=\"og:locale\" content=\"de_DE\" \/>\n<meta property=\"og:type\" content=\"article\" \/>\n<meta property=\"og:title\" content=\"Audi A4L 2011 1\/18 Scale Diecast Model Car Wholesale\" \/>\n<meta property=\"og:url\" content=\"https:\/\/www.paudimodel.com\/de\/produkt\/audi-a4l-2011-118-scale-diecast-model-car-wholesale\/\" \/>\n<meta property=\"og:site_name\" content=\"Paudi Model | High Quality Diecast Model\" \/>\n<meta property=\"article:publisher\" content=\"https:\/\/www.facebook\/paudimodel\" \/>\n<meta property=\"article:modified_time\" content=\"2020-10-12T11:58:32+00:00\" \/>\n<meta property=\"og:image\" content=\"https:\/\/www.paudimodel.com\/wp-content\/uploads\/2017\/02\/Audi_A4L_2011_black_01.jpg\" \/>\n\t<meta property=\"og:image:width\" content=\"990\" \/>\n\t<meta property=\"og:image:height\" content=\"658\" \/>\n\t<meta property=\"og:image:type\" content=\"image\/jpeg\" \/>\n<meta name=\"twitter:card\" content=\"summary_large_image\" \/>\n<meta name=\"twitter:site\" content=\"@paudimodel\" \/>\n<script type=\"application\/ld+json\" class=\"yoast-schema-graph\">{\"@context\":\"https:\/\/schema.org\",\"@graph\":[{\"@type\":\"WebPage\",\"@id\":\"https:\/\/www.paudimodel.com\/product\/audi-a4l-2011-118-scale-diecast-model-car-wholesale\/\",\"url\":\"https:\/\/www.paudimodel.com\/product\/audi-a4l-2011-118-scale-diecast-model-car-wholesale\/\",\"name\":\"Audi A4L 2011 1\/18 Scale Diecast Model Car Wholesale - Paudi Model | High Quality Diecast Model\",\"isPartOf\":{\"@id\":\"https:\/\/www.paudimodel.com\/#website\"},\"primaryImageOfPage\":{\"@id\":\"https:\/\/www.paudimodel.com\/product\/audi-a4l-2011-118-scale-diecast-model-car-wholesale\/#primaryimage\"},\"image\":{\"@id\":\"https:\/\/www.paudimodel.com\/product\/audi-a4l-2011-118-scale-diecast-model-car-wholesale\/#primaryimage\"},\"thumbnailUrl\":\"https:\/\/www.paudimodel.com\/wp-content\/uploads\/2017\/02\/Audi_A4L_2011_black_01.jpg\",\"datePublished\":\"2017-02-10T01:49:35+00:00\",\"dateModified\":\"2020-10-12T11:58:32+00:00\",\"breadcrumb\":{\"@id\":\"https:\/\/www.paudimodel.com\/product\/audi-a4l-2011-118-scale-diecast-model-car-wholesale\/#breadcrumb\"},\"inLanguage\":\"de\",\"potentialAction\":[{\"@type\":\"ReadAction\",\"target\":[\"https:\/\/www.paudimodel.com\/product\/audi-a4l-2011-118-scale-diecast-model-car-wholesale\/\"]}]},{\"@type\":\"ImageObject\",\"inLanguage\":\"de\",\"@id\":\"https:\/\/www.paudimodel.com\/product\/audi-a4l-2011-118-scale-diecast-model-car-wholesale\/#primaryimage\",\"url\":\"https:\/\/www.paudimodel.com\/wp-content\/uploads\/2017\/02\/Audi_A4L_2011_black_01.jpg\",\"contentUrl\":\"https:\/\/www.paudimodel.com\/wp-content\/uploads\/2017\/02\/Audi_A4L_2011_black_01.jpg\",\"width\":990,\"height\":658},{\"@type\":\"BreadcrumbList\",\"@id\":\"https:\/\/www.paudimodel.com\/product\/audi-a4l-2011-118-scale-diecast-model-car-wholesale\/#breadcrumb\",\"itemListElement\":[{\"@type\":\"ListItem\",\"position\":1,\"name\":\"Home\",\"item\":\"https:\/\/www.paudimodel.com\/\"},{\"@type\":\"ListItem\",\"position\":2,\"name\":\"Products\",\"item\":\"https:\/\/www.paudimodel.com\/products\/\"},{\"@type\":\"ListItem\",\"position\":3,\"name\":\"Audi A4L 2011 1\/18 Scale Diecast Model Car Wholesale\"}]},{\"@type\":\"WebSite\",\"@id\":\"https:\/\/www.paudimodel.com\/#website\",\"url\":\"https:\/\/www.paudimodel.com\/\",\"name\":\"Paudi Model | High Quality Diecast Model\",\"description\":\"Shop For Diecast Models From Top-Rated Brands Like Dealer Edition, Paudi, Kyosho, Autoart &amp; More. Low Online Prices. Super-Detailed Models.Find Your Make &amp; Model.Huge Selection. Satisfaction Guaranteed. Types: Diecast Model Cars, Diecast Model Trucks.\",\"publisher\":{\"@id\":\"https:\/\/www.paudimodel.com\/#organization\"},\"alternateName\":\"Scale model design, development and production\",\"potentialAction\":[{\"@type\":\"SearchAction\",\"target\":{\"@type\":\"EntryPoint\",\"urlTemplate\":\"https:\/\/www.paudimodel.com\/?s={search_term_string}\"},\"query-input\":{\"@type\":\"PropertyValueSpecification\",\"valueRequired\":true,\"valueName\":\"search_term_string\"}}],\"inLanguage\":\"de\"},{\"@type\":\"Organization\",\"@id\":\"https:\/\/www.paudimodel.com\/#organization\",\"name\":\"Guangzhou Paudi Model Technology Ltd.\",\"url\":\"https:\/\/www.paudimodel.com\/\",\"logo\":{\"@type\":\"ImageObject\",\"inLanguage\":\"de\",\"@id\":\"https:\/\/www.paudimodel.com\/#\/schema\/logo\/image\/\",\"url\":\"https:\/\/www.paudimodel.com\/wp-content\/uploads\/2023\/02\/696x696.png\",\"contentUrl\":\"https:\/\/www.paudimodel.com\/wp-content\/uploads\/2023\/02\/696x696.png\",\"width\":696,\"height\":696,\"caption\":\"Guangzhou Paudi Model Technology Ltd.\"},\"image\":{\"@id\":\"https:\/\/www.paudimodel.com\/#\/schema\/logo\/image\/\"},\"sameAs\":[\"https:\/\/www.facebook\/paudimodel\",\"https:\/\/x.com\/paudimodel\"]}]}<\/script>\n<!-- \/ Yoast SEO Premium plugin. -->","yoast_head_json":{"title":"Audi A4L 2011, Ma\u00dfstab 1:18, Diecast-Modellauto im Gro\u00dfhandel \u2013 Paudi Model | Hochwertiges Diecast-Modell","robots":{"index":"index","follow":"follow","max-snippet":"max-snippet:-1","max-image-preview":"max-image-preview:large","max-video-preview":"max-video-preview:-1"},"canonical":"https:\/\/www.paudimodel.com\/de\/produkt\/audi-a4l-2011-118-scale-diecast-model-car-wholesale\/","og_locale":"de_DE","og_type":"article","og_title":"Audi A4L 2011 1\/18 Scale Diecast Model Car Wholesale","og_url":"https:\/\/www.paudimodel.com\/de\/produkt\/audi-a4l-2011-118-scale-diecast-model-car-wholesale\/","og_site_name":"Paudi Model | High Quality Diecast Model","article_publisher":"https:\/\/www.facebook\/paudimodel","article_modified_time":"2020-10-12T11:58:32+00:00","og_image":[{"width":990,"height":658,"url":"https:\/\/www.paudimodel.com\/wp-content\/uploads\/2017\/02\/Audi_A4L_2011_black_01.jpg","type":"image\/jpeg"}],"twitter_card":"summary_large_image","twitter_site":"@paudimodel","schema":{"@context":"https:\/\/schema.org","@graph":[{"@type":"WebPage","@id":"https:\/\/www.paudimodel.com\/product\/audi-a4l-2011-118-scale-diecast-model-car-wholesale\/","url":"https:\/\/www.paudimodel.com\/product\/audi-a4l-2011-118-scale-diecast-model-car-wholesale\/","name":"Audi A4L 2011, Ma\u00dfstab 1:18, Diecast-Modellauto im Gro\u00dfhandel \u2013 Paudi Model | Hochwertiges Diecast-Modell","isPartOf":{"@id":"https:\/\/www.paudimodel.com\/#website"},"primaryImageOfPage":{"@id":"https:\/\/www.paudimodel.com\/product\/audi-a4l-2011-118-scale-diecast-model-car-wholesale\/#primaryimage"},"image":{"@id":"https:\/\/www.paudimodel.com\/product\/audi-a4l-2011-118-scale-diecast-model-car-wholesale\/#primaryimage"},"thumbnailUrl":"https:\/\/www.paudimodel.com\/wp-content\/uploads\/2017\/02\/Audi_A4L_2011_black_01.jpg","datePublished":"2017-02-10T01:49:35+00:00","dateModified":"2020-10-12T11:58:32+00:00","breadcrumb":{"@id":"https:\/\/www.paudimodel.com\/product\/audi-a4l-2011-118-scale-diecast-model-car-wholesale\/#breadcrumb"},"inLanguage":"de","potentialAction":[{"@type":"ReadAction","target":["https:\/\/www.paudimodel.com\/product\/audi-a4l-2011-118-scale-diecast-model-car-wholesale\/"]}]},{"@type":"ImageObject","inLanguage":"de","@id":"https:\/\/www.paudimodel.com\/product\/audi-a4l-2011-118-scale-diecast-model-car-wholesale\/#primaryimage","url":"https:\/\/www.paudimodel.com\/wp-content\/uploads\/2017\/02\/Audi_A4L_2011_black_01.jpg","contentUrl":"https:\/\/www.paudimodel.com\/wp-content\/uploads\/2017\/02\/Audi_A4L_2011_black_01.jpg","width":990,"height":658},{"@type":"BreadcrumbList","@id":"https:\/\/www.paudimodel.com\/product\/audi-a4l-2011-118-scale-diecast-model-car-wholesale\/#breadcrumb","itemListElement":[{"@type":"ListItem","position":1,"name":"Home","item":"https:\/\/www.paudimodel.com\/"},{"@type":"ListItem","position":2,"name":"Products","item":"https:\/\/www.paudimodel.com\/products\/"},{"@type":"ListItem","position":3,"name":"Audi A4L 2011 1\/18 Scale Diecast Model Car Wholesale"}]},{"@type":"WebSite","@id":"https:\/\/www.paudimodel.com\/#website","url":"https:\/\/www.paudimodel.com\/","name":"Paudi-Modell | Hochwertiges Druckgussmodell","description":"Kaufen Sie Druckgussmodelle von Top-Marken wie Dealer Edition, Paudi, Kyosho, Autoart und mehr. G\u00fcnstige Online-Preise. Superdetaillierte Modelle. Finden Sie Ihre Marke und Ihr Modell. Riesige Auswahl. Zufriedenheitsgarantie. Typen: Druckguss-Modellautos, Druckguss-Modell-LKWs.","publisher":{"@id":"https:\/\/www.paudimodel.com\/#organization"},"alternateName":"Scale model design, development and production","potentialAction":[{"@type":"SearchAction","target":{"@type":"EntryPoint","urlTemplate":"https:\/\/www.paudimodel.com\/?s={search_term_string}"},"query-input":{"@type":"PropertyValueSpecification","valueRequired":true,"valueName":"search_term_string"}}],"inLanguage":"de"},{"@type":"Organization","@id":"https:\/\/www.paudimodel.com\/#organization","name":"Guangzhou Paudi Model Technology Ltd.","url":"https:\/\/www.paudimodel.com\/","logo":{"@type":"ImageObject","inLanguage":"de","@id":"https:\/\/www.paudimodel.com\/#\/schema\/logo\/image\/","url":"https:\/\/www.paudimodel.com\/wp-content\/uploads\/2023\/02\/696x696.png","contentUrl":"https:\/\/www.paudimodel.com\/wp-content\/uploads\/2023\/02\/696x696.png","width":696,"height":696,"caption":"Guangzhou Paudi Model Technology Ltd."},"image":{"@id":"https:\/\/www.paudimodel.com\/#\/schema\/logo\/image\/"},"sameAs":["https:\/\/www.facebook\/paudimodel","https:\/\/x.com\/paudimodel"]}]}},"_links":{"self":[{"href":"https:\/\/www.paudimodel.com\/de\/wp-json\/wp\/v2\/product\/43609","targetHints":{"allow":["GET"]}}],"collection":[{"href":"https:\/\/www.paudimodel.com\/de\/wp-json\/wp\/v2\/product"}],"about":[{"href":"https:\/\/www.paudimodel.com\/de\/wp-json\/wp\/v2\/types\/product"}],"replies":[{"embeddable":true,"href":"https:\/\/www.paudimodel.com\/de\/wp-json\/wp\/v2\/comments?post=43609"}],"wp:featuredmedia":[{"embeddable":true,"href":"https:\/\/www.paudimodel.com\/de\/wp-json\/wp\/v2\/media\/43611"}],"wp:attachment":[{"href":"https:\/\/www.paudimodel.com\/de\/wp-json\/wp\/v2\/media?parent=43609"}],"wp:term":[{"taxonomy":"product_brand","embeddable":true,"href":"https:\/\/www.paudimodel.com\/de\/wp-json\/wp\/v2\/product_brand?post=43609"},{"taxonomy":"product_cat","embeddable":true,"href":"https:\/\/www.paudimodel.com\/de\/wp-json\/wp\/v2\/product_cat?post=43609"},{"taxonomy":"product_tag","embeddable":true,"href":"https:\/\/www.paudimodel.com\/de\/wp-json\/wp\/v2\/product_tag?post=43609"}],"curies":[{"name":"wp","href":"https:\/\/api.w.org\/{rel}","templated":true}]}}