{"id":44349,"date":"2017-02-10T19:26:28","date_gmt":"2017-02-10T11:26:28","guid":{"rendered":"http:\/\/www.paudimodel.com\/?post_type=product&#038;p=44349"},"modified":"2025-11-27T11:41:54","modified_gmt":"2025-11-27T11:41:54","slug":"toyota-ez-2011-118-scale-diecast-model-car-wholesale","status":"publish","type":"product","link":"https:\/\/www.paudimodel.com\/de\/produkt\/toyota-ez-2011-118-scale-diecast-model-car-wholesale\/","title":{"rendered":"Toyota E&#039;Z 2011 1\/18 Ma\u00dfstab Druckguss Modellauto Gro\u00dfhandel"},"content":{"rendered":"<p><img loading=\"lazy\" decoding=\"async\" class=\"alignnone size-full wp-image-44351 aligncenter\" src=\"http:\/\/www.paudimodel.com\/wp-content\/uploads\/2017\/02\/Toyota_EZ-2011_s_01.jpg\" alt=\"\" width=\"600\" height=\"400\" srcset=\"https:\/\/www.paudimodel.com\/wp-content\/uploads\/2017\/02\/Toyota_EZ-2011_s_01.jpg 600w, https:\/\/www.paudimodel.com\/wp-content\/uploads\/2017\/02\/Toyota_EZ-2011_s_01-300x200.jpg 300w, https:\/\/www.paudimodel.com\/wp-content\/uploads\/2017\/02\/Toyota_EZ-2011_s_01-450x300.jpg 450w\" sizes=\"auto, (max-width: 600px) 100vw, 600px\" \/> <img loading=\"lazy\" decoding=\"async\" class=\"alignnone size-full wp-image-44352 aligncenter\" src=\"http:\/\/www.paudimodel.com\/wp-content\/uploads\/2017\/02\/Toyota_EZ-2011_s_02.jpg\" alt=\"\" width=\"600\" height=\"400\" srcset=\"https:\/\/www.paudimodel.com\/wp-content\/uploads\/2017\/02\/Toyota_EZ-2011_s_02.jpg 600w, https:\/\/www.paudimodel.com\/wp-content\/uploads\/2017\/02\/Toyota_EZ-2011_s_02-300x200.jpg 300w, https:\/\/www.paudimodel.com\/wp-content\/uploads\/2017\/02\/Toyota_EZ-2011_s_02-450x300.jpg 450w\" sizes=\"auto, (max-width: 600px) 100vw, 600px\" \/> <img loading=\"lazy\" decoding=\"async\" class=\"alignnone size-full wp-image-44353 aligncenter\" src=\"http:\/\/www.paudimodel.com\/wp-content\/uploads\/2017\/02\/Toyota_EZ-2011_s_03.jpg\" alt=\"\" width=\"600\" height=\"400\" srcset=\"https:\/\/www.paudimodel.com\/wp-content\/uploads\/2017\/02\/Toyota_EZ-2011_s_03.jpg 600w, https:\/\/www.paudimodel.com\/wp-content\/uploads\/2017\/02\/Toyota_EZ-2011_s_03-300x200.jpg 300w, https:\/\/www.paudimodel.com\/wp-content\/uploads\/2017\/02\/Toyota_EZ-2011_s_03-450x300.jpg 450w\" sizes=\"auto, (max-width: 600px) 100vw, 600px\" \/> <img loading=\"lazy\" decoding=\"async\" class=\"alignnone size-full wp-image-44354 aligncenter\" src=\"http:\/\/www.paudimodel.com\/wp-content\/uploads\/2017\/02\/Toyota_EZ-2011_s_04.jpg\" alt=\"\" width=\"600\" height=\"400\" srcset=\"https:\/\/www.paudimodel.com\/wp-content\/uploads\/2017\/02\/Toyota_EZ-2011_s_04.jpg 600w, https:\/\/www.paudimodel.com\/wp-content\/uploads\/2017\/02\/Toyota_EZ-2011_s_04-300x200.jpg 300w, https:\/\/www.paudimodel.com\/wp-content\/uploads\/2017\/02\/Toyota_EZ-2011_s_04-450x300.jpg 450w\" sizes=\"auto, (max-width: 600px) 100vw, 600px\" \/> <img loading=\"lazy\" decoding=\"async\" class=\"alignnone size-full wp-image-44355 aligncenter\" src=\"http:\/\/www.paudimodel.com\/wp-content\/uploads\/2017\/02\/Toyota_EZ-2011_s_05.jpg\" alt=\"\" width=\"600\" height=\"400\" srcset=\"https:\/\/www.paudimodel.com\/wp-content\/uploads\/2017\/02\/Toyota_EZ-2011_s_05.jpg 600w, https:\/\/www.paudimodel.com\/wp-content\/uploads\/2017\/02\/Toyota_EZ-2011_s_05-300x200.jpg 300w, https:\/\/www.paudimodel.com\/wp-content\/uploads\/2017\/02\/Toyota_EZ-2011_s_05-450x300.jpg 450w\" sizes=\"auto, (max-width: 600px) 100vw, 600px\" \/> <img loading=\"lazy\" decoding=\"async\" class=\"alignnone size-full wp-image-44356 aligncenter\" src=\"http:\/\/www.paudimodel.com\/wp-content\/uploads\/2017\/02\/Toyota_EZ-2011_s_06.jpg\" alt=\"\" width=\"600\" height=\"400\" srcset=\"https:\/\/www.paudimodel.com\/wp-content\/uploads\/2017\/02\/Toyota_EZ-2011_s_06.jpg 600w, https:\/\/www.paudimodel.com\/wp-content\/uploads\/2017\/02\/Toyota_EZ-2011_s_06-300x200.jpg 300w, https:\/\/www.paudimodel.com\/wp-content\/uploads\/2017\/02\/Toyota_EZ-2011_s_06-450x300.jpg 450w\" sizes=\"auto, (max-width: 600px) 100vw, 600px\" \/> <img loading=\"lazy\" decoding=\"async\" class=\"alignnone size-full wp-image-44357 aligncenter\" src=\"http:\/\/www.paudimodel.com\/wp-content\/uploads\/2017\/02\/Toyota_EZ-2011_s_07.jpg\" alt=\"\" width=\"600\" height=\"400\" srcset=\"https:\/\/www.paudimodel.com\/wp-content\/uploads\/2017\/02\/Toyota_EZ-2011_s_07.jpg 600w, https:\/\/www.paudimodel.com\/wp-content\/uploads\/2017\/02\/Toyota_EZ-2011_s_07-300x200.jpg 300w, https:\/\/www.paudimodel.com\/wp-content\/uploads\/2017\/02\/Toyota_EZ-2011_s_07-450x300.jpg 450w\" sizes=\"auto, (max-width: 600px) 100vw, 600px\" \/> <img loading=\"lazy\" decoding=\"async\" class=\"alignnone size-full wp-image-44358 aligncenter\" src=\"http:\/\/www.paudimodel.com\/wp-content\/uploads\/2017\/02\/Toyota_EZ-2011_s_08.jpg\" alt=\"\" width=\"600\" height=\"400\" srcset=\"https:\/\/www.paudimodel.com\/wp-content\/uploads\/2017\/02\/Toyota_EZ-2011_s_08.jpg 600w, https:\/\/www.paudimodel.com\/wp-content\/uploads\/2017\/02\/Toyota_EZ-2011_s_08-300x200.jpg 300w, https:\/\/www.paudimodel.com\/wp-content\/uploads\/2017\/02\/Toyota_EZ-2011_s_08-450x300.jpg 450w\" sizes=\"auto, (max-width: 600px) 100vw, 600px\" \/> <img loading=\"lazy\" decoding=\"async\" class=\"alignnone size-full wp-image-44359 aligncenter\" src=\"http:\/\/www.paudimodel.com\/wp-content\/uploads\/2017\/02\/Toyota_EZ-2011_s_09.jpg\" alt=\"\" width=\"600\" height=\"400\" srcset=\"https:\/\/www.paudimodel.com\/wp-content\/uploads\/2017\/02\/Toyota_EZ-2011_s_09.jpg 600w, https:\/\/www.paudimodel.com\/wp-content\/uploads\/2017\/02\/Toyota_EZ-2011_s_09-300x200.jpg 300w, https:\/\/www.paudimodel.com\/wp-content\/uploads\/2017\/02\/Toyota_EZ-2011_s_09-450x300.jpg 450w\" sizes=\"auto, (max-width: 600px) 100vw, 600px\" \/> <img loading=\"lazy\" decoding=\"async\" class=\"alignnone size-full wp-image-44360 aligncenter\" src=\"http:\/\/www.paudimodel.com\/wp-content\/uploads\/2017\/02\/Toyota_EZ-2011_s_10.jpg\" alt=\"\" width=\"600\" height=\"400\" srcset=\"https:\/\/www.paudimodel.com\/wp-content\/uploads\/2017\/02\/Toyota_EZ-2011_s_10.jpg 600w, https:\/\/www.paudimodel.com\/wp-content\/uploads\/2017\/02\/Toyota_EZ-2011_s_10-300x200.jpg 300w, https:\/\/www.paudimodel.com\/wp-content\/uploads\/2017\/02\/Toyota_EZ-2011_s_10-450x300.jpg 450w\" sizes=\"auto, (max-width: 600px) 100vw, 600px\" \/> <img loading=\"lazy\" decoding=\"async\" class=\"alignnone size-full wp-image-44361 aligncenter\" src=\"http:\/\/www.paudimodel.com\/wp-content\/uploads\/2017\/02\/Toyota_EZ-2011_s_11.jpg\" alt=\"\" width=\"600\" height=\"400\" srcset=\"https:\/\/www.paudimodel.com\/wp-content\/uploads\/2017\/02\/Toyota_EZ-2011_s_11.jpg 600w, https:\/\/www.paudimodel.com\/wp-content\/uploads\/2017\/02\/Toyota_EZ-2011_s_11-300x200.jpg 300w, https:\/\/www.paudimodel.com\/wp-content\/uploads\/2017\/02\/Toyota_EZ-2011_s_11-450x300.jpg 450w\" sizes=\"auto, (max-width: 600px) 100vw, 600px\" \/> <img loading=\"lazy\" decoding=\"async\" class=\"alignnone size-full wp-image-44364 aligncenter\" src=\"http:\/\/www.paudimodel.com\/wp-content\/uploads\/2017\/02\/Toyota_EZ-2011_w_01.jpg\" alt=\"\" width=\"990\" height=\"660\" srcset=\"https:\/\/www.paudimodel.com\/wp-content\/uploads\/2017\/02\/Toyota_EZ-2011_w_01.jpg 990w, https:\/\/www.paudimodel.com\/wp-content\/uploads\/2017\/02\/Toyota_EZ-2011_w_01-300x200.jpg 300w, https:\/\/www.paudimodel.com\/wp-content\/uploads\/2017\/02\/Toyota_EZ-2011_w_01-450x300.jpg 450w, https:\/\/www.paudimodel.com\/wp-content\/uploads\/2017\/02\/Toyota_EZ-2011_w_01-768x512.jpg 768w\" sizes=\"auto, (max-width: 990px) 100vw, 990px\" \/><\/p>","protected":false},"excerpt":{"rendered":"<p>Produktcode: 2329W, 2329BK, 2329S<\/p>\n<p>Farben: Wei\u00df, Silber, Schwarz<\/p>\n<p>Dieses Modellauto, eine detailgetreue Nachbildung des Toyota E&#039;Z 2011 Modells im Ma\u00dfstab 1:18, geh\u00f6rt zur hochwertigen Diecast-Modellauto-Serie von Toyota. Es besteht aus einer Zinklegierung und ist mit einer dreifachen elektrostatischen Lackierung versehen. Das Modellauto verf\u00fcgt \u00fcber Hunderte von Einzelteilen und ist aufgrund seines Sammlerwerts die ideale Wahl f\u00fcr Sammler und als Geschenk. Die Karosserie ist aus einer Zinklegierung gefertigt. Alle vier T\u00fcren, die Motorhaube und der Kofferraum lassen sich \u00f6ffnen, sodass man die verschiedenen Motorteile gut erkennen kann. Die Karosserie ist mit realistisch gestalteten Teppichen, Instrumenten und Bedienelementen ausgestattet. Die detailgetreue Verarbeitung erm\u00f6glicht es, die verschiedenen Komponenten der Struktur zu erkennen. Die Radnaben sind hochglanzpoliert und galvanisiert.<\/p>","protected":false},"featured_media":44351,"comment_status":"open","ping_status":"closed","template":"","meta":[],"product_brand":[2610],"product_cat":[466,91],"product_tag":[514],"class_list":{"0":"post-44349","1":"product","2":"type-product","3":"status-publish","4":"has-post-thumbnail","6":"product_brand-gac-toyota","7":"product_cat-1-18-scale","8":"product_cat-toyota","9":"product_tag-toyota-ez","10":"pa_color-blackcolor","11":"pa_color-silver","12":"pa_color-whitecolor","13":"pa_material-zinc-alloy-abs-variety-of-composite-materials","14":"pa_scale-34","16":"first","17":"outofstock","18":"taxable","19":"shipping-taxable","20":"purchasable","21":"product-type-variable","22":"has-default-attributes"},"yoast_head":"<!-- This site is optimized with the Yoast SEO Premium plugin v25.6 (Yoast SEO v26.7) - https:\/\/yoast.com\/wordpress\/plugins\/seo\/ -->\n<title>Toyota E&#039;Z 2011 1\/18 Scale Diecast Model Car Wholesale - Paudi Model | High Quality Diecast Model<\/title>\n<meta name=\"robots\" content=\"index, follow, max-snippet:-1, max-image-preview:large, max-video-preview:-1\" \/>\n<link rel=\"canonical\" href=\"https:\/\/www.paudimodel.com\/de\/produkt\/toyota-ez-2011-118-scale-diecast-model-car-wholesale\/\" \/>\n<meta property=\"og:locale\" content=\"de_DE\" \/>\n<meta property=\"og:type\" content=\"article\" \/>\n<meta property=\"og:title\" content=\"Toyota E&#039;Z 2011 1\/18 Scale Diecast Model Car Wholesale\" \/>\n<meta property=\"og:url\" content=\"https:\/\/www.paudimodel.com\/de\/produkt\/toyota-ez-2011-118-scale-diecast-model-car-wholesale\/\" \/>\n<meta property=\"og:site_name\" content=\"Paudi Model | High Quality Diecast Model\" \/>\n<meta property=\"article:publisher\" content=\"https:\/\/www.facebook\/paudimodel\" \/>\n<meta property=\"article:modified_time\" content=\"2025-11-27T11:41:54+00:00\" \/>\n<meta property=\"og:image\" content=\"https:\/\/www.paudimodel.com\/wp-content\/uploads\/2017\/02\/Toyota_EZ-2011_s_01.jpg\" \/>\n\t<meta property=\"og:image:width\" content=\"600\" \/>\n\t<meta property=\"og:image:height\" content=\"400\" \/>\n\t<meta property=\"og:image:type\" content=\"image\/jpeg\" \/>\n<meta name=\"twitter:card\" content=\"summary_large_image\" \/>\n<meta name=\"twitter:site\" content=\"@paudimodel\" \/>\n<script type=\"application\/ld+json\" class=\"yoast-schema-graph\">{\"@context\":\"https:\/\/schema.org\",\"@graph\":[{\"@type\":\"WebPage\",\"@id\":\"https:\/\/www.paudimodel.com\/product\/toyota-ez-2011-118-scale-diecast-model-car-wholesale\/\",\"url\":\"https:\/\/www.paudimodel.com\/product\/toyota-ez-2011-118-scale-diecast-model-car-wholesale\/\",\"name\":\"Toyota E'Z 2011 1\/18 Scale Diecast Model Car Wholesale - Paudi Model | High Quality Diecast Model\",\"isPartOf\":{\"@id\":\"https:\/\/www.paudimodel.com\/#website\"},\"primaryImageOfPage\":{\"@id\":\"https:\/\/www.paudimodel.com\/product\/toyota-ez-2011-118-scale-diecast-model-car-wholesale\/#primaryimage\"},\"image\":{\"@id\":\"https:\/\/www.paudimodel.com\/product\/toyota-ez-2011-118-scale-diecast-model-car-wholesale\/#primaryimage\"},\"thumbnailUrl\":\"https:\/\/www.paudimodel.com\/wp-content\/uploads\/2017\/02\/Toyota_EZ-2011_s_01.jpg\",\"datePublished\":\"2017-02-10T11:26:28+00:00\",\"dateModified\":\"2025-11-27T11:41:54+00:00\",\"breadcrumb\":{\"@id\":\"https:\/\/www.paudimodel.com\/product\/toyota-ez-2011-118-scale-diecast-model-car-wholesale\/#breadcrumb\"},\"inLanguage\":\"de\",\"potentialAction\":[{\"@type\":\"ReadAction\",\"target\":[\"https:\/\/www.paudimodel.com\/product\/toyota-ez-2011-118-scale-diecast-model-car-wholesale\/\"]}]},{\"@type\":\"ImageObject\",\"inLanguage\":\"de\",\"@id\":\"https:\/\/www.paudimodel.com\/product\/toyota-ez-2011-118-scale-diecast-model-car-wholesale\/#primaryimage\",\"url\":\"https:\/\/www.paudimodel.com\/wp-content\/uploads\/2017\/02\/Toyota_EZ-2011_s_01.jpg\",\"contentUrl\":\"https:\/\/www.paudimodel.com\/wp-content\/uploads\/2017\/02\/Toyota_EZ-2011_s_01.jpg\",\"width\":600,\"height\":400},{\"@type\":\"BreadcrumbList\",\"@id\":\"https:\/\/www.paudimodel.com\/product\/toyota-ez-2011-118-scale-diecast-model-car-wholesale\/#breadcrumb\",\"itemListElement\":[{\"@type\":\"ListItem\",\"position\":1,\"name\":\"Home\",\"item\":\"https:\/\/www.paudimodel.com\/\"},{\"@type\":\"ListItem\",\"position\":2,\"name\":\"Products\",\"item\":\"https:\/\/www.paudimodel.com\/products\/\"},{\"@type\":\"ListItem\",\"position\":3,\"name\":\"Toyota E&#8217;Z 2011 1\/18 Scale Diecast Model Car Wholesale\"}]},{\"@type\":\"WebSite\",\"@id\":\"https:\/\/www.paudimodel.com\/#website\",\"url\":\"https:\/\/www.paudimodel.com\/\",\"name\":\"Paudi Model | High Quality Diecast Model\",\"description\":\"Shop For Diecast Models From Top-Rated Brands Like Dealer Edition, Paudi, Kyosho, Autoart &amp; More. Low Online Prices. Super-Detailed Models.Find Your Make &amp; Model.Huge Selection. Satisfaction Guaranteed. Types: Diecast Model Cars, Diecast Model Trucks.\",\"publisher\":{\"@id\":\"https:\/\/www.paudimodel.com\/#organization\"},\"alternateName\":\"Scale model design, development and production\",\"potentialAction\":[{\"@type\":\"SearchAction\",\"target\":{\"@type\":\"EntryPoint\",\"urlTemplate\":\"https:\/\/www.paudimodel.com\/?s={search_term_string}\"},\"query-input\":{\"@type\":\"PropertyValueSpecification\",\"valueRequired\":true,\"valueName\":\"search_term_string\"}}],\"inLanguage\":\"de\"},{\"@type\":\"Organization\",\"@id\":\"https:\/\/www.paudimodel.com\/#organization\",\"name\":\"Guangzhou Paudi Model Technology Ltd.\",\"url\":\"https:\/\/www.paudimodel.com\/\",\"logo\":{\"@type\":\"ImageObject\",\"inLanguage\":\"de\",\"@id\":\"https:\/\/www.paudimodel.com\/#\/schema\/logo\/image\/\",\"url\":\"https:\/\/www.paudimodel.com\/wp-content\/uploads\/2023\/02\/696x696.png\",\"contentUrl\":\"https:\/\/www.paudimodel.com\/wp-content\/uploads\/2023\/02\/696x696.png\",\"width\":696,\"height\":696,\"caption\":\"Guangzhou Paudi Model Technology Ltd.\"},\"image\":{\"@id\":\"https:\/\/www.paudimodel.com\/#\/schema\/logo\/image\/\"},\"sameAs\":[\"https:\/\/www.facebook\/paudimodel\",\"https:\/\/x.com\/paudimodel\"]}]}<\/script>\n<!-- \/ Yoast SEO Premium plugin. -->","yoast_head_json":{"title":"Toyota E'Z 2011 1\/18 Scale Diecast Model Car Wholesale - Paudi Model | High Quality Diecast Model","robots":{"index":"index","follow":"follow","max-snippet":"max-snippet:-1","max-image-preview":"max-image-preview:large","max-video-preview":"max-video-preview:-1"},"canonical":"https:\/\/www.paudimodel.com\/de\/produkt\/toyota-ez-2011-118-scale-diecast-model-car-wholesale\/","og_locale":"de_DE","og_type":"article","og_title":"Toyota E'Z 2011 1\/18 Scale Diecast Model Car Wholesale","og_url":"https:\/\/www.paudimodel.com\/de\/produkt\/toyota-ez-2011-118-scale-diecast-model-car-wholesale\/","og_site_name":"Paudi Model | High Quality Diecast Model","article_publisher":"https:\/\/www.facebook\/paudimodel","article_modified_time":"2025-11-27T11:41:54+00:00","og_image":[{"width":600,"height":400,"url":"https:\/\/www.paudimodel.com\/wp-content\/uploads\/2017\/02\/Toyota_EZ-2011_s_01.jpg","type":"image\/jpeg"}],"twitter_card":"summary_large_image","twitter_site":"@paudimodel","schema":{"@context":"https:\/\/schema.org","@graph":[{"@type":"WebPage","@id":"https:\/\/www.paudimodel.com\/product\/toyota-ez-2011-118-scale-diecast-model-car-wholesale\/","url":"https:\/\/www.paudimodel.com\/product\/toyota-ez-2011-118-scale-diecast-model-car-wholesale\/","name":"Toyota E'Z 2011 1\/18 Scale Diecast Model Car Wholesale - Paudi Model | High Quality Diecast Model","isPartOf":{"@id":"https:\/\/www.paudimodel.com\/#website"},"primaryImageOfPage":{"@id":"https:\/\/www.paudimodel.com\/product\/toyota-ez-2011-118-scale-diecast-model-car-wholesale\/#primaryimage"},"image":{"@id":"https:\/\/www.paudimodel.com\/product\/toyota-ez-2011-118-scale-diecast-model-car-wholesale\/#primaryimage"},"thumbnailUrl":"https:\/\/www.paudimodel.com\/wp-content\/uploads\/2017\/02\/Toyota_EZ-2011_s_01.jpg","datePublished":"2017-02-10T11:26:28+00:00","dateModified":"2025-11-27T11:41:54+00:00","breadcrumb":{"@id":"https:\/\/www.paudimodel.com\/product\/toyota-ez-2011-118-scale-diecast-model-car-wholesale\/#breadcrumb"},"inLanguage":"de","potentialAction":[{"@type":"ReadAction","target":["https:\/\/www.paudimodel.com\/product\/toyota-ez-2011-118-scale-diecast-model-car-wholesale\/"]}]},{"@type":"ImageObject","inLanguage":"de","@id":"https:\/\/www.paudimodel.com\/product\/toyota-ez-2011-118-scale-diecast-model-car-wholesale\/#primaryimage","url":"https:\/\/www.paudimodel.com\/wp-content\/uploads\/2017\/02\/Toyota_EZ-2011_s_01.jpg","contentUrl":"https:\/\/www.paudimodel.com\/wp-content\/uploads\/2017\/02\/Toyota_EZ-2011_s_01.jpg","width":600,"height":400},{"@type":"BreadcrumbList","@id":"https:\/\/www.paudimodel.com\/product\/toyota-ez-2011-118-scale-diecast-model-car-wholesale\/#breadcrumb","itemListElement":[{"@type":"ListItem","position":1,"name":"Home","item":"https:\/\/www.paudimodel.com\/"},{"@type":"ListItem","position":2,"name":"Products","item":"https:\/\/www.paudimodel.com\/products\/"},{"@type":"ListItem","position":3,"name":"Toyota E&#8217;Z 2011 1\/18 Scale Diecast Model Car Wholesale"}]},{"@type":"WebSite","@id":"https:\/\/www.paudimodel.com\/#website","url":"https:\/\/www.paudimodel.com\/","name":"Paudi-Modell | Hochwertiges Druckgussmodell","description":"Kaufen Sie Druckgussmodelle von Top-Marken wie Dealer Edition, Paudi, Kyosho, Autoart und mehr. G\u00fcnstige Online-Preise. Superdetaillierte Modelle. Finden Sie Ihre Marke und Ihr Modell. Riesige Auswahl. Zufriedenheitsgarantie. Typen: Druckguss-Modellautos, Druckguss-Modell-LKWs.","publisher":{"@id":"https:\/\/www.paudimodel.com\/#organization"},"alternateName":"Scale model design, development and production","potentialAction":[{"@type":"SearchAction","target":{"@type":"EntryPoint","urlTemplate":"https:\/\/www.paudimodel.com\/?s={search_term_string}"},"query-input":{"@type":"PropertyValueSpecification","valueRequired":true,"valueName":"search_term_string"}}],"inLanguage":"de"},{"@type":"Organization","@id":"https:\/\/www.paudimodel.com\/#organization","name":"Guangzhou Paudi Model Technology Ltd.","url":"https:\/\/www.paudimodel.com\/","logo":{"@type":"ImageObject","inLanguage":"de","@id":"https:\/\/www.paudimodel.com\/#\/schema\/logo\/image\/","url":"https:\/\/www.paudimodel.com\/wp-content\/uploads\/2023\/02\/696x696.png","contentUrl":"https:\/\/www.paudimodel.com\/wp-content\/uploads\/2023\/02\/696x696.png","width":696,"height":696,"caption":"Guangzhou Paudi Model Technology Ltd."},"image":{"@id":"https:\/\/www.paudimodel.com\/#\/schema\/logo\/image\/"},"sameAs":["https:\/\/www.facebook\/paudimodel","https:\/\/x.com\/paudimodel"]}]}},"_links":{"self":[{"href":"https:\/\/www.paudimodel.com\/de\/wp-json\/wp\/v2\/product\/44349","targetHints":{"allow":["GET"]}}],"collection":[{"href":"https:\/\/www.paudimodel.com\/de\/wp-json\/wp\/v2\/product"}],"about":[{"href":"https:\/\/www.paudimodel.com\/de\/wp-json\/wp\/v2\/types\/product"}],"replies":[{"embeddable":true,"href":"https:\/\/www.paudimodel.com\/de\/wp-json\/wp\/v2\/comments?post=44349"}],"wp:featuredmedia":[{"embeddable":true,"href":"https:\/\/www.paudimodel.com\/de\/wp-json\/wp\/v2\/media\/44351"}],"wp:attachment":[{"href":"https:\/\/www.paudimodel.com\/de\/wp-json\/wp\/v2\/media?parent=44349"}],"wp:term":[{"taxonomy":"product_brand","embeddable":true,"href":"https:\/\/www.paudimodel.com\/de\/wp-json\/wp\/v2\/product_brand?post=44349"},{"taxonomy":"product_cat","embeddable":true,"href":"https:\/\/www.paudimodel.com\/de\/wp-json\/wp\/v2\/product_cat?post=44349"},{"taxonomy":"product_tag","embeddable":true,"href":"https:\/\/www.paudimodel.com\/de\/wp-json\/wp\/v2\/product_tag?post=44349"}],"curies":[{"name":"wp","href":"https:\/\/api.w.org\/{rel}","templated":true}]}}