{"id":44365,"date":"2017-02-10T19:30:38","date_gmt":"2017-02-10T19:30:38","guid":{"rendered":"http:\/\/www.paudimodel.com\/?post_type=product&#038;p=44365"},"modified":"2025-11-27T11:41:46","modified_gmt":"2025-11-27T11:41:46","slug":"toyota-gt86-2013-118-scale-diecast-model-car-wholesale","status":"publish","type":"product","link":"https:\/\/www.paudimodel.com\/de\/produkt\/toyota-gt86-2013-118-scale-diecast-model-car-wholesale\/","title":{"rendered":"Toyota GT86 2013 1\/18 Ma\u00dfstab Diecast Modellauto Gro\u00dfhandel"},"content":{"rendered":"<p>Dieses Modellauto, eine detailgetreue Nachbildung des Toyota GT86 im Ma\u00dfstab 1:18, ist ein hochwertiges Diecast-Modell aus der Toyota-Modellauto-Serie. Es besteht aus einer Zinklegierung und ist mit einer dreifachen elektrostatischen Lackierung versehen. Das Modellauto verf\u00fcgt \u00fcber Hunderte von Einzelteilen und ist aufgrund seines Sammlerwerts die ideale Wahl f\u00fcr Sammler und als Geschenk. Die Karosserie ist aus einer Zinklegierung gefertigt. Alle vier T\u00fcren, die Motorhaube und der Kofferraum lassen sich \u00f6ffnen, sodass man die verschiedenen Motorteile gut erkennen kann. Die Karosserie ist mit realistisch gestalteten Teppichen, Instrumenten und Bedienelementen ausgestattet. Die detailgetreue Verarbeitung erm\u00f6glicht es, die verschiedenen Komponenten der Struktur zu erkennen. Die Radnaben sind hochglanzpoliert und galvanisiert.<\/p>\n<p><img loading=\"lazy\" decoding=\"async\" class=\"alignnone size-full wp-image-44367 aligncenter\" src=\"http:\/\/www.paudimodel.com\/wp-content\/uploads\/2017\/02\/toyota_GT86_2013_orange_001.jpg\" alt=\"\" width=\"900\" height=\"598\" srcset=\"https:\/\/www.paudimodel.com\/wp-content\/uploads\/2017\/02\/toyota_GT86_2013_orange_001.jpg 900w, https:\/\/www.paudimodel.com\/wp-content\/uploads\/2017\/02\/toyota_GT86_2013_orange_001-300x199.jpg 300w, https:\/\/www.paudimodel.com\/wp-content\/uploads\/2017\/02\/toyota_GT86_2013_orange_001-450x299.jpg 450w, https:\/\/www.paudimodel.com\/wp-content\/uploads\/2017\/02\/toyota_GT86_2013_orange_001-768x510.jpg 768w\" sizes=\"auto, (max-width: 900px) 100vw, 900px\" \/><br \/>\n<img loading=\"lazy\" decoding=\"async\" class=\"alignnone size-full wp-image-44368 aligncenter\" src=\"http:\/\/www.paudimodel.com\/wp-content\/uploads\/2017\/02\/toyota_GT86_2013_orange_002.jpg\" alt=\"\" width=\"900\" height=\"598\" srcset=\"https:\/\/www.paudimodel.com\/wp-content\/uploads\/2017\/02\/toyota_GT86_2013_orange_002.jpg 900w, https:\/\/www.paudimodel.com\/wp-content\/uploads\/2017\/02\/toyota_GT86_2013_orange_002-300x199.jpg 300w, https:\/\/www.paudimodel.com\/wp-content\/uploads\/2017\/02\/toyota_GT86_2013_orange_002-450x299.jpg 450w, https:\/\/www.paudimodel.com\/wp-content\/uploads\/2017\/02\/toyota_GT86_2013_orange_002-768x510.jpg 768w\" sizes=\"auto, (max-width: 900px) 100vw, 900px\" \/><br \/>\n<img loading=\"lazy\" decoding=\"async\" class=\"alignnone size-full wp-image-44369 aligncenter\" src=\"http:\/\/www.paudimodel.com\/wp-content\/uploads\/2017\/02\/toyota_GT86_2013_orange_003.jpg\" alt=\"\" width=\"900\" height=\"598\" srcset=\"https:\/\/www.paudimodel.com\/wp-content\/uploads\/2017\/02\/toyota_GT86_2013_orange_003.jpg 900w, https:\/\/www.paudimodel.com\/wp-content\/uploads\/2017\/02\/toyota_GT86_2013_orange_003-300x199.jpg 300w, https:\/\/www.paudimodel.com\/wp-content\/uploads\/2017\/02\/toyota_GT86_2013_orange_003-450x299.jpg 450w, https:\/\/www.paudimodel.com\/wp-content\/uploads\/2017\/02\/toyota_GT86_2013_orange_003-768x510.jpg 768w\" sizes=\"auto, (max-width: 900px) 100vw, 900px\" \/><br \/>\n <img loading=\"lazy\" decoding=\"async\" class=\"alignnone size-full wp-image-44370 aligncenter\" src=\"http:\/\/www.paudimodel.com\/wp-content\/uploads\/2017\/02\/toyota_GT86_2013_orange_004.jpg\" alt=\"\" width=\"900\" height=\"598\" srcset=\"https:\/\/www.paudimodel.com\/wp-content\/uploads\/2017\/02\/toyota_GT86_2013_orange_004.jpg 900w, https:\/\/www.paudimodel.com\/wp-content\/uploads\/2017\/02\/toyota_GT86_2013_orange_004-300x199.jpg 300w, https:\/\/www.paudimodel.com\/wp-content\/uploads\/2017\/02\/toyota_GT86_2013_orange_004-450x299.jpg 450w, https:\/\/www.paudimodel.com\/wp-content\/uploads\/2017\/02\/toyota_GT86_2013_orange_004-768x510.jpg 768w\" sizes=\"auto, (max-width: 900px) 100vw, 900px\" \/><br \/>\n<img loading=\"lazy\" decoding=\"async\" class=\"alignnone size-full wp-image-44371 aligncenter\" src=\"http:\/\/www.paudimodel.com\/wp-content\/uploads\/2017\/02\/toyota_GT86_2013_orange_005.jpg\" alt=\"\" width=\"900\" height=\"598\" srcset=\"https:\/\/www.paudimodel.com\/wp-content\/uploads\/2017\/02\/toyota_GT86_2013_orange_005.jpg 900w, https:\/\/www.paudimodel.com\/wp-content\/uploads\/2017\/02\/toyota_GT86_2013_orange_005-300x199.jpg 300w, https:\/\/www.paudimodel.com\/wp-content\/uploads\/2017\/02\/toyota_GT86_2013_orange_005-450x299.jpg 450w, https:\/\/www.paudimodel.com\/wp-content\/uploads\/2017\/02\/toyota_GT86_2013_orange_005-768x510.jpg 768w\" sizes=\"auto, (max-width: 900px) 100vw, 900px\" \/><br \/>\n<img loading=\"lazy\" decoding=\"async\" class=\"alignnone size-full wp-image-44372 aligncenter\" src=\"http:\/\/www.paudimodel.com\/wp-content\/uploads\/2017\/02\/toyota_GT86_2013_orange_006.jpg\" alt=\"\" width=\"900\" height=\"598\" srcset=\"https:\/\/www.paudimodel.com\/wp-content\/uploads\/2017\/02\/toyota_GT86_2013_orange_006.jpg 900w, https:\/\/www.paudimodel.com\/wp-content\/uploads\/2017\/02\/toyota_GT86_2013_orange_006-300x199.jpg 300w, https:\/\/www.paudimodel.com\/wp-content\/uploads\/2017\/02\/toyota_GT86_2013_orange_006-450x299.jpg 450w, https:\/\/www.paudimodel.com\/wp-content\/uploads\/2017\/02\/toyota_GT86_2013_orange_006-768x510.jpg 768w\" sizes=\"auto, (max-width: 900px) 100vw, 900px\" \/><br \/>\n<img loading=\"lazy\" decoding=\"async\" class=\"alignnone size-full wp-image-44373 aligncenter\" src=\"http:\/\/www.paudimodel.com\/wp-content\/uploads\/2017\/02\/toyota_GT86_2013_orange_007.jpg\" alt=\"\" width=\"900\" height=\"598\" srcset=\"https:\/\/www.paudimodel.com\/wp-content\/uploads\/2017\/02\/toyota_GT86_2013_orange_007.jpg 900w, https:\/\/www.paudimodel.com\/wp-content\/uploads\/2017\/02\/toyota_GT86_2013_orange_007-300x199.jpg 300w, https:\/\/www.paudimodel.com\/wp-content\/uploads\/2017\/02\/toyota_GT86_2013_orange_007-450x299.jpg 450w, https:\/\/www.paudimodel.com\/wp-content\/uploads\/2017\/02\/toyota_GT86_2013_orange_007-768x510.jpg 768w\" sizes=\"auto, (max-width: 900px) 100vw, 900px\" \/><br \/>\n<img loading=\"lazy\" decoding=\"async\" class=\"alignnone size-full wp-image-44374 aligncenter\" src=\"http:\/\/www.paudimodel.com\/wp-content\/uploads\/2017\/02\/toyota_GT86_2013_orange_008.jpg\" alt=\"\" width=\"900\" height=\"598\" srcset=\"https:\/\/www.paudimodel.com\/wp-content\/uploads\/2017\/02\/toyota_GT86_2013_orange_008.jpg 900w, https:\/\/www.paudimodel.com\/wp-content\/uploads\/2017\/02\/toyota_GT86_2013_orange_008-300x199.jpg 300w, https:\/\/www.paudimodel.com\/wp-content\/uploads\/2017\/02\/toyota_GT86_2013_orange_008-450x299.jpg 450w, https:\/\/www.paudimodel.com\/wp-content\/uploads\/2017\/02\/toyota_GT86_2013_orange_008-768x510.jpg 768w\" sizes=\"auto, (max-width: 900px) 100vw, 900px\" \/><br \/>\n<img loading=\"lazy\" decoding=\"async\" class=\"alignnone size-full wp-image-44375 aligncenter\" src=\"http:\/\/www.paudimodel.com\/wp-content\/uploads\/2017\/02\/toyota_GT86_2013_orange_009.jpg\" alt=\"\" width=\"900\" height=\"598\" srcset=\"https:\/\/www.paudimodel.com\/wp-content\/uploads\/2017\/02\/toyota_GT86_2013_orange_009.jpg 900w, https:\/\/www.paudimodel.com\/wp-content\/uploads\/2017\/02\/toyota_GT86_2013_orange_009-300x199.jpg 300w, https:\/\/www.paudimodel.com\/wp-content\/uploads\/2017\/02\/toyota_GT86_2013_orange_009-450x299.jpg 450w, https:\/\/www.paudimodel.com\/wp-content\/uploads\/2017\/02\/toyota_GT86_2013_orange_009-768x510.jpg 768w\" sizes=\"auto, (max-width: 900px) 100vw, 900px\" \/><br \/>\n<img loading=\"lazy\" decoding=\"async\" class=\"alignnone size-full wp-image-44376 aligncenter\" src=\"http:\/\/www.paudimodel.com\/wp-content\/uploads\/2017\/02\/toyota_GT86_2013_orange_012.jpg\" alt=\"\" width=\"900\" height=\"598\" srcset=\"https:\/\/www.paudimodel.com\/wp-content\/uploads\/2017\/02\/toyota_GT86_2013_orange_012.jpg 900w, https:\/\/www.paudimodel.com\/wp-content\/uploads\/2017\/02\/toyota_GT86_2013_orange_012-300x199.jpg 300w, https:\/\/www.paudimodel.com\/wp-content\/uploads\/2017\/02\/toyota_GT86_2013_orange_012-450x299.jpg 450w, https:\/\/www.paudimodel.com\/wp-content\/uploads\/2017\/02\/toyota_GT86_2013_orange_012-768x510.jpg 768w\" sizes=\"auto, (max-width: 900px) 100vw, 900px\" \/><br \/>\n<img loading=\"lazy\" decoding=\"async\" class=\"alignnone size-full wp-image-44377 aligncenter\" src=\"http:\/\/www.paudimodel.com\/wp-content\/uploads\/2017\/02\/toyota_GT86_2013_orange_013.jpg\" alt=\"\" width=\"900\" height=\"598\" srcset=\"https:\/\/www.paudimodel.com\/wp-content\/uploads\/2017\/02\/toyota_GT86_2013_orange_013.jpg 900w, https:\/\/www.paudimodel.com\/wp-content\/uploads\/2017\/02\/toyota_GT86_2013_orange_013-300x199.jpg 300w, https:\/\/www.paudimodel.com\/wp-content\/uploads\/2017\/02\/toyota_GT86_2013_orange_013-450x299.jpg 450w, https:\/\/www.paudimodel.com\/wp-content\/uploads\/2017\/02\/toyota_GT86_2013_orange_013-768x510.jpg 768w\" sizes=\"auto, (max-width: 900px) 100vw, 900px\" \/><br \/>\n<img loading=\"lazy\" decoding=\"async\" class=\"alignnone size-full wp-image-44378 aligncenter\" src=\"http:\/\/www.paudimodel.com\/wp-content\/uploads\/2017\/02\/toyota_GT86_2013_orange_014.jpg\" alt=\"\" width=\"900\" height=\"598\" srcset=\"https:\/\/www.paudimodel.com\/wp-content\/uploads\/2017\/02\/toyota_GT86_2013_orange_014.jpg 900w, https:\/\/www.paudimodel.com\/wp-content\/uploads\/2017\/02\/toyota_GT86_2013_orange_014-300x199.jpg 300w, https:\/\/www.paudimodel.com\/wp-content\/uploads\/2017\/02\/toyota_GT86_2013_orange_014-450x299.jpg 450w, https:\/\/www.paudimodel.com\/wp-content\/uploads\/2017\/02\/toyota_GT86_2013_orange_014-768x510.jpg 768w\" sizes=\"auto, (max-width: 900px) 100vw, 900px\" \/><br \/>\n<img loading=\"lazy\" decoding=\"async\" class=\"alignnone size-full wp-image-44379 aligncenter\" src=\"http:\/\/www.paudimodel.com\/wp-content\/uploads\/2017\/02\/toyota_GT86_2013_orange_015.jpg\" alt=\"\" width=\"900\" height=\"581\" srcset=\"https:\/\/www.paudimodel.com\/wp-content\/uploads\/2017\/02\/toyota_GT86_2013_orange_015.jpg 900w, https:\/\/www.paudimodel.com\/wp-content\/uploads\/2017\/02\/toyota_GT86_2013_orange_015-450x291.jpg 450w, https:\/\/www.paudimodel.com\/wp-content\/uploads\/2017\/02\/toyota_GT86_2013_orange_015-300x194.jpg 300w, https:\/\/www.paudimodel.com\/wp-content\/uploads\/2017\/02\/toyota_GT86_2013_orange_015-768x496.jpg 768w\" sizes=\"auto, (max-width: 900px) 100vw, 900px\" \/><\/p>","protected":false},"excerpt":{"rendered":"<p>The product according to the Toyota company GT86 models to replicate and shrink production, the model car proportion to 1:18 scale, is the Toyota scale model cars series of a refined diecast model cars. The model car adopts zinc alloy material, Paint surface using three-layer electrostatic spray painting, model car parts as many as hundreds. [&hellip;]<\/p>","protected":false},"featured_media":44367,"comment_status":"open","ping_status":"closed","template":"","meta":[],"product_brand":[2610],"product_cat":[466,91],"product_tag":[794],"class_list":{"0":"post-44365","1":"product","2":"type-product","3":"status-publish","4":"has-post-thumbnail","6":"product_brand-gac-toyota","7":"product_cat-1-18-scale","8":"product_cat-toyota","9":"product_tag-toyota-gt86","10":"pa_color-orange","11":"pa_material-zinc-alloy-abs-variety-of-composite-materials","12":"pa_scale-34","14":"first","15":"outofstock","16":"taxable","17":"shipping-taxable","18":"purchasable","19":"product-type-simple"},"yoast_head":"<!-- This site is optimized with the Yoast SEO Premium plugin v25.6 (Yoast SEO v26.7) - https:\/\/yoast.com\/wordpress\/plugins\/seo\/ -->\n<title>Toyota GT86 2013 1\/18 Scale Diecast Model Car Wholesale - Paudi Model | High Quality Diecast Model<\/title>\n<meta name=\"robots\" content=\"index, follow, max-snippet:-1, max-image-preview:large, max-video-preview:-1\" \/>\n<link rel=\"canonical\" href=\"https:\/\/www.paudimodel.com\/de\/produkt\/toyota-gt86-2013-118-scale-diecast-model-car-wholesale\/\" \/>\n<meta property=\"og:locale\" content=\"de_DE\" \/>\n<meta property=\"og:type\" content=\"article\" \/>\n<meta property=\"og:title\" content=\"Toyota GT86 2013 1\/18 Scale Diecast Model Car Wholesale\" \/>\n<meta property=\"og:url\" content=\"https:\/\/www.paudimodel.com\/de\/produkt\/toyota-gt86-2013-118-scale-diecast-model-car-wholesale\/\" \/>\n<meta property=\"og:site_name\" content=\"Paudi Model | High Quality Diecast Model\" \/>\n<meta property=\"article:publisher\" content=\"https:\/\/www.facebook\/paudimodel\" \/>\n<meta property=\"article:modified_time\" content=\"2025-11-27T11:41:46+00:00\" \/>\n<meta property=\"og:image\" content=\"https:\/\/www.paudimodel.com\/wp-content\/uploads\/2017\/02\/toyota_GT86_2013_orange_001.jpg\" \/>\n\t<meta property=\"og:image:width\" content=\"900\" \/>\n\t<meta property=\"og:image:height\" content=\"598\" \/>\n\t<meta property=\"og:image:type\" content=\"image\/jpeg\" \/>\n<meta name=\"twitter:card\" content=\"summary_large_image\" \/>\n<meta name=\"twitter:site\" content=\"@paudimodel\" \/>\n<meta name=\"twitter:label1\" content=\"Gesch\u00e4tzte Lesezeit\" \/>\n\t<meta name=\"twitter:data1\" content=\"1\u00a0Minute\" \/>\n<script type=\"application\/ld+json\" class=\"yoast-schema-graph\">{\"@context\":\"https:\/\/schema.org\",\"@graph\":[{\"@type\":\"WebPage\",\"@id\":\"https:\/\/www.paudimodel.com\/product\/toyota-gt86-2013-118-scale-diecast-model-car-wholesale\/\",\"url\":\"https:\/\/www.paudimodel.com\/product\/toyota-gt86-2013-118-scale-diecast-model-car-wholesale\/\",\"name\":\"Toyota GT86 2013 1\/18 Scale Diecast Model Car Wholesale - Paudi Model | High Quality Diecast Model\",\"isPartOf\":{\"@id\":\"https:\/\/www.paudimodel.com\/#website\"},\"primaryImageOfPage\":{\"@id\":\"https:\/\/www.paudimodel.com\/product\/toyota-gt86-2013-118-scale-diecast-model-car-wholesale\/#primaryimage\"},\"image\":{\"@id\":\"https:\/\/www.paudimodel.com\/product\/toyota-gt86-2013-118-scale-diecast-model-car-wholesale\/#primaryimage\"},\"thumbnailUrl\":\"https:\/\/www.paudimodel.com\/wp-content\/uploads\/2017\/02\/toyota_GT86_2013_orange_001.jpg\",\"datePublished\":\"2017-02-10T19:30:38+00:00\",\"dateModified\":\"2025-11-27T11:41:46+00:00\",\"breadcrumb\":{\"@id\":\"https:\/\/www.paudimodel.com\/product\/toyota-gt86-2013-118-scale-diecast-model-car-wholesale\/#breadcrumb\"},\"inLanguage\":\"de\",\"potentialAction\":[{\"@type\":\"ReadAction\",\"target\":[\"https:\/\/www.paudimodel.com\/product\/toyota-gt86-2013-118-scale-diecast-model-car-wholesale\/\"]}]},{\"@type\":\"ImageObject\",\"inLanguage\":\"de\",\"@id\":\"https:\/\/www.paudimodel.com\/product\/toyota-gt86-2013-118-scale-diecast-model-car-wholesale\/#primaryimage\",\"url\":\"https:\/\/www.paudimodel.com\/wp-content\/uploads\/2017\/02\/toyota_GT86_2013_orange_001.jpg\",\"contentUrl\":\"https:\/\/www.paudimodel.com\/wp-content\/uploads\/2017\/02\/toyota_GT86_2013_orange_001.jpg\",\"width\":900,\"height\":598},{\"@type\":\"BreadcrumbList\",\"@id\":\"https:\/\/www.paudimodel.com\/product\/toyota-gt86-2013-118-scale-diecast-model-car-wholesale\/#breadcrumb\",\"itemListElement\":[{\"@type\":\"ListItem\",\"position\":1,\"name\":\"Home\",\"item\":\"https:\/\/www.paudimodel.com\/\"},{\"@type\":\"ListItem\",\"position\":2,\"name\":\"Products\",\"item\":\"https:\/\/www.paudimodel.com\/products\/\"},{\"@type\":\"ListItem\",\"position\":3,\"name\":\"Toyota GT86 2013 1\/18 Scale Diecast Model Car Wholesale\"}]},{\"@type\":\"WebSite\",\"@id\":\"https:\/\/www.paudimodel.com\/#website\",\"url\":\"https:\/\/www.paudimodel.com\/\",\"name\":\"Paudi Model | High Quality Diecast Model\",\"description\":\"Shop For Diecast Models From Top-Rated Brands Like Dealer Edition, Paudi, Kyosho, Autoart &amp; More. Low Online Prices. Super-Detailed Models.Find Your Make &amp; Model.Huge Selection. Satisfaction Guaranteed. Types: Diecast Model Cars, Diecast Model Trucks.\",\"publisher\":{\"@id\":\"https:\/\/www.paudimodel.com\/#organization\"},\"alternateName\":\"Scale model design, development and production\",\"potentialAction\":[{\"@type\":\"SearchAction\",\"target\":{\"@type\":\"EntryPoint\",\"urlTemplate\":\"https:\/\/www.paudimodel.com\/?s={search_term_string}\"},\"query-input\":{\"@type\":\"PropertyValueSpecification\",\"valueRequired\":true,\"valueName\":\"search_term_string\"}}],\"inLanguage\":\"de\"},{\"@type\":\"Organization\",\"@id\":\"https:\/\/www.paudimodel.com\/#organization\",\"name\":\"Guangzhou Paudi Model Technology Ltd.\",\"url\":\"https:\/\/www.paudimodel.com\/\",\"logo\":{\"@type\":\"ImageObject\",\"inLanguage\":\"de\",\"@id\":\"https:\/\/www.paudimodel.com\/#\/schema\/logo\/image\/\",\"url\":\"https:\/\/www.paudimodel.com\/wp-content\/uploads\/2023\/02\/696x696.png\",\"contentUrl\":\"https:\/\/www.paudimodel.com\/wp-content\/uploads\/2023\/02\/696x696.png\",\"width\":696,\"height\":696,\"caption\":\"Guangzhou Paudi Model Technology Ltd.\"},\"image\":{\"@id\":\"https:\/\/www.paudimodel.com\/#\/schema\/logo\/image\/\"},\"sameAs\":[\"https:\/\/www.facebook\/paudimodel\",\"https:\/\/x.com\/paudimodel\"]}]}<\/script>\n<!-- \/ Yoast SEO Premium plugin. -->","yoast_head_json":{"title":"Toyota GT86 2013 1\/18 Scale Diecast Model Car Wholesale - Paudi Model | High Quality Diecast Model","robots":{"index":"index","follow":"follow","max-snippet":"max-snippet:-1","max-image-preview":"max-image-preview:large","max-video-preview":"max-video-preview:-1"},"canonical":"https:\/\/www.paudimodel.com\/de\/produkt\/toyota-gt86-2013-118-scale-diecast-model-car-wholesale\/","og_locale":"de_DE","og_type":"article","og_title":"Toyota GT86 2013 1\/18 Scale Diecast Model Car Wholesale","og_url":"https:\/\/www.paudimodel.com\/de\/produkt\/toyota-gt86-2013-118-scale-diecast-model-car-wholesale\/","og_site_name":"Paudi Model | High Quality Diecast Model","article_publisher":"https:\/\/www.facebook\/paudimodel","article_modified_time":"2025-11-27T11:41:46+00:00","og_image":[{"width":900,"height":598,"url":"https:\/\/www.paudimodel.com\/wp-content\/uploads\/2017\/02\/toyota_GT86_2013_orange_001.jpg","type":"image\/jpeg"}],"twitter_card":"summary_large_image","twitter_site":"@paudimodel","twitter_misc":{"Gesch\u00e4tzte Lesezeit":"1\u00a0Minute"},"schema":{"@context":"https:\/\/schema.org","@graph":[{"@type":"WebPage","@id":"https:\/\/www.paudimodel.com\/product\/toyota-gt86-2013-118-scale-diecast-model-car-wholesale\/","url":"https:\/\/www.paudimodel.com\/product\/toyota-gt86-2013-118-scale-diecast-model-car-wholesale\/","name":"Toyota GT86 2013 1\/18 Scale Diecast Model Car Wholesale - Paudi Model | High Quality Diecast Model","isPartOf":{"@id":"https:\/\/www.paudimodel.com\/#website"},"primaryImageOfPage":{"@id":"https:\/\/www.paudimodel.com\/product\/toyota-gt86-2013-118-scale-diecast-model-car-wholesale\/#primaryimage"},"image":{"@id":"https:\/\/www.paudimodel.com\/product\/toyota-gt86-2013-118-scale-diecast-model-car-wholesale\/#primaryimage"},"thumbnailUrl":"https:\/\/www.paudimodel.com\/wp-content\/uploads\/2017\/02\/toyota_GT86_2013_orange_001.jpg","datePublished":"2017-02-10T19:30:38+00:00","dateModified":"2025-11-27T11:41:46+00:00","breadcrumb":{"@id":"https:\/\/www.paudimodel.com\/product\/toyota-gt86-2013-118-scale-diecast-model-car-wholesale\/#breadcrumb"},"inLanguage":"de","potentialAction":[{"@type":"ReadAction","target":["https:\/\/www.paudimodel.com\/product\/toyota-gt86-2013-118-scale-diecast-model-car-wholesale\/"]}]},{"@type":"ImageObject","inLanguage":"de","@id":"https:\/\/www.paudimodel.com\/product\/toyota-gt86-2013-118-scale-diecast-model-car-wholesale\/#primaryimage","url":"https:\/\/www.paudimodel.com\/wp-content\/uploads\/2017\/02\/toyota_GT86_2013_orange_001.jpg","contentUrl":"https:\/\/www.paudimodel.com\/wp-content\/uploads\/2017\/02\/toyota_GT86_2013_orange_001.jpg","width":900,"height":598},{"@type":"BreadcrumbList","@id":"https:\/\/www.paudimodel.com\/product\/toyota-gt86-2013-118-scale-diecast-model-car-wholesale\/#breadcrumb","itemListElement":[{"@type":"ListItem","position":1,"name":"Home","item":"https:\/\/www.paudimodel.com\/"},{"@type":"ListItem","position":2,"name":"Products","item":"https:\/\/www.paudimodel.com\/products\/"},{"@type":"ListItem","position":3,"name":"Toyota GT86 2013 1\/18 Scale Diecast Model Car Wholesale"}]},{"@type":"WebSite","@id":"https:\/\/www.paudimodel.com\/#website","url":"https:\/\/www.paudimodel.com\/","name":"Paudi-Modell | Hochwertiges Druckgussmodell","description":"Kaufen Sie Druckgussmodelle von Top-Marken wie Dealer Edition, Paudi, Kyosho, Autoart und mehr. G\u00fcnstige Online-Preise. Superdetaillierte Modelle. Finden Sie Ihre Marke und Ihr Modell. Riesige Auswahl. Zufriedenheitsgarantie. Typen: Druckguss-Modellautos, Druckguss-Modell-LKWs.","publisher":{"@id":"https:\/\/www.paudimodel.com\/#organization"},"alternateName":"Scale model design, development and production","potentialAction":[{"@type":"SearchAction","target":{"@type":"EntryPoint","urlTemplate":"https:\/\/www.paudimodel.com\/?s={search_term_string}"},"query-input":{"@type":"PropertyValueSpecification","valueRequired":true,"valueName":"search_term_string"}}],"inLanguage":"de"},{"@type":"Organization","@id":"https:\/\/www.paudimodel.com\/#organization","name":"Guangzhou Paudi Model Technology Ltd.","url":"https:\/\/www.paudimodel.com\/","logo":{"@type":"ImageObject","inLanguage":"de","@id":"https:\/\/www.paudimodel.com\/#\/schema\/logo\/image\/","url":"https:\/\/www.paudimodel.com\/wp-content\/uploads\/2023\/02\/696x696.png","contentUrl":"https:\/\/www.paudimodel.com\/wp-content\/uploads\/2023\/02\/696x696.png","width":696,"height":696,"caption":"Guangzhou Paudi Model Technology Ltd."},"image":{"@id":"https:\/\/www.paudimodel.com\/#\/schema\/logo\/image\/"},"sameAs":["https:\/\/www.facebook\/paudimodel","https:\/\/x.com\/paudimodel"]}]}},"_links":{"self":[{"href":"https:\/\/www.paudimodel.com\/de\/wp-json\/wp\/v2\/product\/44365","targetHints":{"allow":["GET"]}}],"collection":[{"href":"https:\/\/www.paudimodel.com\/de\/wp-json\/wp\/v2\/product"}],"about":[{"href":"https:\/\/www.paudimodel.com\/de\/wp-json\/wp\/v2\/types\/product"}],"replies":[{"embeddable":true,"href":"https:\/\/www.paudimodel.com\/de\/wp-json\/wp\/v2\/comments?post=44365"}],"wp:featuredmedia":[{"embeddable":true,"href":"https:\/\/www.paudimodel.com\/de\/wp-json\/wp\/v2\/media\/44367"}],"wp:attachment":[{"href":"https:\/\/www.paudimodel.com\/de\/wp-json\/wp\/v2\/media?parent=44365"}],"wp:term":[{"taxonomy":"product_brand","embeddable":true,"href":"https:\/\/www.paudimodel.com\/de\/wp-json\/wp\/v2\/product_brand?post=44365"},{"taxonomy":"product_cat","embeddable":true,"href":"https:\/\/www.paudimodel.com\/de\/wp-json\/wp\/v2\/product_cat?post=44365"},{"taxonomy":"product_tag","embeddable":true,"href":"https:\/\/www.paudimodel.com\/de\/wp-json\/wp\/v2\/product_tag?post=44365"}],"curies":[{"name":"wp","href":"https:\/\/api.w.org\/{rel}","templated":true}]}}