{"id":44380,"date":"2017-02-10T19:34:47","date_gmt":"2017-02-10T19:34:47","guid":{"rendered":"http:\/\/www.paudimodel.com\/?post_type=product&#038;p=44380"},"modified":"2025-11-27T11:41:39","modified_gmt":"2025-11-27T11:41:39","slug":"toyota-corolla-2011-118-scale-diecast-model-car-wholesale","status":"publish","type":"product","link":"https:\/\/www.paudimodel.com\/de\/produkt\/toyota-corolla-2011-118-scale-diecast-model-car-wholesale\/","title":{"rendered":"Toyota Corolla 2011, Ma\u00dfstab 1:18, Diecast-Modellauto (Gro\u00dfhandel)"},"content":{"rendered":"<p>Dieses Modellauto im Ma\u00dfstab 1:18 ist eine detailgetreue Nachbildung des Toyota Corolla 2011 und geh\u00f6rt zur hochwertigen Diecast-Modellauto-Serie von Toyota. Es besteht aus einer Zinklegierung und ist dreifach elektrostatisch lackiert. Das Modellauto verf\u00fcgt \u00fcber Hunderte von Einzelteilen und ist aufgrund seines Sammlerwerts die ideale Wahl f\u00fcr Sammler und als Geschenk. Die Karosserie ist aus einer Zinklegierung gefertigt und verf\u00fcgt \u00fcber eine Vorder- und Hinterradaufh\u00e4ngung, vier zu \u00f6ffnende T\u00fcren, eine zu \u00f6ffnende Motorhaube, die den Blick auf die Motorkomponenten freigibt, sowie eine zu \u00f6ffnende Heckklappe mit beweglichem Kofferraumdeckel. Die Karosserieverkleidung ist detailgetreu nachgebildet, ebenso wie der Teppich, das Armaturenbrett mit dreidimensionalen Mustern, die galvanisierten Aluminiumreifen und die metallischen Bremsbel\u00e4ge.<\/p>\n<p><img loading=\"lazy\" decoding=\"async\" class=\"alignnone size-full wp-image-44382 aligncenter\" src=\"http:\/\/www.paudimodel.com\/wp-content\/uploads\/2017\/02\/Toyota_Corolla_2011_Red_001.jpg\" alt=\"\" width=\"990\" height=\"658\" srcset=\"https:\/\/www.paudimodel.com\/wp-content\/uploads\/2017\/02\/Toyota_Corolla_2011_Red_001.jpg 990w, https:\/\/www.paudimodel.com\/wp-content\/uploads\/2017\/02\/Toyota_Corolla_2011_Red_001-300x199.jpg 300w, https:\/\/www.paudimodel.com\/wp-content\/uploads\/2017\/02\/Toyota_Corolla_2011_Red_001-450x299.jpg 450w, https:\/\/www.paudimodel.com\/wp-content\/uploads\/2017\/02\/Toyota_Corolla_2011_Red_001-768x510.jpg 768w\" sizes=\"auto, (max-width: 990px) 100vw, 990px\" \/><br \/>\n<img loading=\"lazy\" decoding=\"async\" class=\"alignnone size-full wp-image-44383 aligncenter\" src=\"http:\/\/www.paudimodel.com\/wp-content\/uploads\/2017\/02\/Toyota_Corolla_2011_Red_0011.jpg\" alt=\"\" width=\"990\" height=\"658\" srcset=\"https:\/\/www.paudimodel.com\/wp-content\/uploads\/2017\/02\/Toyota_Corolla_2011_Red_0011.jpg 990w, https:\/\/www.paudimodel.com\/wp-content\/uploads\/2017\/02\/Toyota_Corolla_2011_Red_0011-300x199.jpg 300w, https:\/\/www.paudimodel.com\/wp-content\/uploads\/2017\/02\/Toyota_Corolla_2011_Red_0011-450x299.jpg 450w, https:\/\/www.paudimodel.com\/wp-content\/uploads\/2017\/02\/Toyota_Corolla_2011_Red_0011-768x510.jpg 768w\" sizes=\"auto, (max-width: 990px) 100vw, 990px\" \/><br \/>\n<img loading=\"lazy\" decoding=\"async\" class=\"alignnone size-full wp-image-44384 aligncenter\" src=\"http:\/\/www.paudimodel.com\/wp-content\/uploads\/2017\/02\/Toyota_Corolla_2011_Red_002.jpg\" alt=\"\" width=\"990\" height=\"658\" srcset=\"https:\/\/www.paudimodel.com\/wp-content\/uploads\/2017\/02\/Toyota_Corolla_2011_Red_002.jpg 990w, https:\/\/www.paudimodel.com\/wp-content\/uploads\/2017\/02\/Toyota_Corolla_2011_Red_002-300x199.jpg 300w, https:\/\/www.paudimodel.com\/wp-content\/uploads\/2017\/02\/Toyota_Corolla_2011_Red_002-450x299.jpg 450w, https:\/\/www.paudimodel.com\/wp-content\/uploads\/2017\/02\/Toyota_Corolla_2011_Red_002-768x510.jpg 768w\" sizes=\"auto, (max-width: 990px) 100vw, 990px\" \/><br \/>\n<img loading=\"lazy\" decoding=\"async\" class=\"alignnone size-full wp-image-44385 aligncenter\" src=\"http:\/\/www.paudimodel.com\/wp-content\/uploads\/2017\/02\/Toyota_Corolla_2011_Red_0021.jpg\" alt=\"\" width=\"990\" height=\"658\" srcset=\"https:\/\/www.paudimodel.com\/wp-content\/uploads\/2017\/02\/Toyota_Corolla_2011_Red_0021.jpg 990w, https:\/\/www.paudimodel.com\/wp-content\/uploads\/2017\/02\/Toyota_Corolla_2011_Red_0021-300x199.jpg 300w, https:\/\/www.paudimodel.com\/wp-content\/uploads\/2017\/02\/Toyota_Corolla_2011_Red_0021-450x299.jpg 450w, https:\/\/www.paudimodel.com\/wp-content\/uploads\/2017\/02\/Toyota_Corolla_2011_Red_0021-768x510.jpg 768w\" sizes=\"auto, (max-width: 990px) 100vw, 990px\" \/><br \/>\n<img loading=\"lazy\" decoding=\"async\" class=\"alignnone size-full wp-image-44386 aligncenter\" src=\"http:\/\/www.paudimodel.com\/wp-content\/uploads\/2017\/02\/Toyota_Corolla_2011_Red_003.jpg\" alt=\"\" width=\"990\" height=\"658\" srcset=\"https:\/\/www.paudimodel.com\/wp-content\/uploads\/2017\/02\/Toyota_Corolla_2011_Red_003.jpg 990w, https:\/\/www.paudimodel.com\/wp-content\/uploads\/2017\/02\/Toyota_Corolla_2011_Red_003-300x199.jpg 300w, https:\/\/www.paudimodel.com\/wp-content\/uploads\/2017\/02\/Toyota_Corolla_2011_Red_003-450x299.jpg 450w, https:\/\/www.paudimodel.com\/wp-content\/uploads\/2017\/02\/Toyota_Corolla_2011_Red_003-768x510.jpg 768w\" sizes=\"auto, (max-width: 990px) 100vw, 990px\" \/><br \/>\n<img loading=\"lazy\" decoding=\"async\" class=\"alignnone size-full wp-image-44387 aligncenter\" src=\"http:\/\/www.paudimodel.com\/wp-content\/uploads\/2017\/02\/Toyota_Corolla_2011_Red_0031.jpg\" alt=\"\" width=\"990\" height=\"658\" srcset=\"https:\/\/www.paudimodel.com\/wp-content\/uploads\/2017\/02\/Toyota_Corolla_2011_Red_0031.jpg 990w, https:\/\/www.paudimodel.com\/wp-content\/uploads\/2017\/02\/Toyota_Corolla_2011_Red_0031-300x199.jpg 300w, https:\/\/www.paudimodel.com\/wp-content\/uploads\/2017\/02\/Toyota_Corolla_2011_Red_0031-450x299.jpg 450w, https:\/\/www.paudimodel.com\/wp-content\/uploads\/2017\/02\/Toyota_Corolla_2011_Red_0031-768x510.jpg 768w\" sizes=\"auto, (max-width: 990px) 100vw, 990px\" \/><br \/>\n<img loading=\"lazy\" decoding=\"async\" class=\"alignnone size-full wp-image-44388 aligncenter\" src=\"http:\/\/www.paudimodel.com\/wp-content\/uploads\/2017\/02\/Toyota_Corolla_2011_Red_004.jpg\" alt=\"\" width=\"990\" height=\"658\" srcset=\"https:\/\/www.paudimodel.com\/wp-content\/uploads\/2017\/02\/Toyota_Corolla_2011_Red_004.jpg 990w, https:\/\/www.paudimodel.com\/wp-content\/uploads\/2017\/02\/Toyota_Corolla_2011_Red_004-300x199.jpg 300w, https:\/\/www.paudimodel.com\/wp-content\/uploads\/2017\/02\/Toyota_Corolla_2011_Red_004-450x299.jpg 450w, https:\/\/www.paudimodel.com\/wp-content\/uploads\/2017\/02\/Toyota_Corolla_2011_Red_004-768x510.jpg 768w\" sizes=\"auto, (max-width: 990px) 100vw, 990px\" \/><br \/>\n<img loading=\"lazy\" decoding=\"async\" class=\"alignnone size-full wp-image-44389 aligncenter\" src=\"http:\/\/www.paudimodel.com\/wp-content\/uploads\/2017\/02\/Toyota_Corolla_2011_Red_0041.jpg\" alt=\"\" width=\"990\" height=\"658\" srcset=\"https:\/\/www.paudimodel.com\/wp-content\/uploads\/2017\/02\/Toyota_Corolla_2011_Red_0041.jpg 990w, https:\/\/www.paudimodel.com\/wp-content\/uploads\/2017\/02\/Toyota_Corolla_2011_Red_0041-300x199.jpg 300w, https:\/\/www.paudimodel.com\/wp-content\/uploads\/2017\/02\/Toyota_Corolla_2011_Red_0041-450x299.jpg 450w, https:\/\/www.paudimodel.com\/wp-content\/uploads\/2017\/02\/Toyota_Corolla_2011_Red_0041-768x510.jpg 768w\" sizes=\"auto, (max-width: 990px) 100vw, 990px\" \/><br \/>\n<img loading=\"lazy\" decoding=\"async\" class=\"alignnone size-full wp-image-44390 aligncenter\" src=\"http:\/\/www.paudimodel.com\/wp-content\/uploads\/2017\/02\/Toyota_Corolla_2011_Red_005.jpg\" alt=\"\" width=\"990\" height=\"658\" srcset=\"https:\/\/www.paudimodel.com\/wp-content\/uploads\/2017\/02\/Toyota_Corolla_2011_Red_005.jpg 990w, https:\/\/www.paudimodel.com\/wp-content\/uploads\/2017\/02\/Toyota_Corolla_2011_Red_005-300x199.jpg 300w, https:\/\/www.paudimodel.com\/wp-content\/uploads\/2017\/02\/Toyota_Corolla_2011_Red_005-450x299.jpg 450w, https:\/\/www.paudimodel.com\/wp-content\/uploads\/2017\/02\/Toyota_Corolla_2011_Red_005-768x510.jpg 768w\" sizes=\"auto, (max-width: 990px) 100vw, 990px\" \/><br \/>\n<img loading=\"lazy\" decoding=\"async\" class=\"alignnone size-full wp-image-44391 aligncenter\" src=\"http:\/\/www.paudimodel.com\/wp-content\/uploads\/2017\/02\/Toyota_Corolla_2011_Red_0051.jpg\" alt=\"\" width=\"990\" height=\"658\" srcset=\"https:\/\/www.paudimodel.com\/wp-content\/uploads\/2017\/02\/Toyota_Corolla_2011_Red_0051.jpg 990w, https:\/\/www.paudimodel.com\/wp-content\/uploads\/2017\/02\/Toyota_Corolla_2011_Red_0051-300x199.jpg 300w, https:\/\/www.paudimodel.com\/wp-content\/uploads\/2017\/02\/Toyota_Corolla_2011_Red_0051-450x299.jpg 450w, https:\/\/www.paudimodel.com\/wp-content\/uploads\/2017\/02\/Toyota_Corolla_2011_Red_0051-768x510.jpg 768w\" sizes=\"auto, (max-width: 990px) 100vw, 990px\" \/><br \/>\n<img loading=\"lazy\" decoding=\"async\" class=\"alignnone size-full wp-image-44392 aligncenter\" src=\"http:\/\/www.paudimodel.com\/wp-content\/uploads\/2017\/02\/Toyota_Corolla_2011_Red_0101.jpg\" alt=\"\" width=\"990\" height=\"658\" srcset=\"https:\/\/www.paudimodel.com\/wp-content\/uploads\/2017\/02\/Toyota_Corolla_2011_Red_0101.jpg 990w, https:\/\/www.paudimodel.com\/wp-content\/uploads\/2017\/02\/Toyota_Corolla_2011_Red_0101-300x199.jpg 300w, https:\/\/www.paudimodel.com\/wp-content\/uploads\/2017\/02\/Toyota_Corolla_2011_Red_0101-450x299.jpg 450w, https:\/\/www.paudimodel.com\/wp-content\/uploads\/2017\/02\/Toyota_Corolla_2011_Red_0101-768x510.jpg 768w\" sizes=\"auto, (max-width: 990px) 100vw, 990px\" \/><br \/>\n<img loading=\"lazy\" decoding=\"async\" class=\"alignnone size-full wp-image-44393 aligncenter\" src=\"http:\/\/www.paudimodel.com\/wp-content\/uploads\/2017\/02\/Toyota_Corolla_2011_Red_011.jpg\" alt=\"\" width=\"990\" height=\"658\" srcset=\"https:\/\/www.paudimodel.com\/wp-content\/uploads\/2017\/02\/Toyota_Corolla_2011_Red_011.jpg 990w, https:\/\/www.paudimodel.com\/wp-content\/uploads\/2017\/02\/Toyota_Corolla_2011_Red_011-300x199.jpg 300w, https:\/\/www.paudimodel.com\/wp-content\/uploads\/2017\/02\/Toyota_Corolla_2011_Red_011-450x299.jpg 450w, https:\/\/www.paudimodel.com\/wp-content\/uploads\/2017\/02\/Toyota_Corolla_2011_Red_011-768x510.jpg 768w\" sizes=\"auto, (max-width: 990px) 100vw, 990px\" \/><br \/>\n<img loading=\"lazy\" decoding=\"async\" class=\"alignnone size-full wp-image-44394 aligncenter\" src=\"http:\/\/www.paudimodel.com\/wp-content\/uploads\/2017\/02\/Toyota_Corolla_2011_Red_0111.jpg\" alt=\"\" width=\"990\" height=\"658\" srcset=\"https:\/\/www.paudimodel.com\/wp-content\/uploads\/2017\/02\/Toyota_Corolla_2011_Red_0111.jpg 990w, https:\/\/www.paudimodel.com\/wp-content\/uploads\/2017\/02\/Toyota_Corolla_2011_Red_0111-300x199.jpg 300w, https:\/\/www.paudimodel.com\/wp-content\/uploads\/2017\/02\/Toyota_Corolla_2011_Red_0111-450x299.jpg 450w, https:\/\/www.paudimodel.com\/wp-content\/uploads\/2017\/02\/Toyota_Corolla_2011_Red_0111-768x510.jpg 768w\" sizes=\"auto, (max-width: 990px) 100vw, 990px\" \/><\/p>","protected":false},"excerpt":{"rendered":"<p>Dieses Produkt basiert auf dem Toyota Corolla-Modell von 2011 und wurde verkleinert produziert. Das Modellauto im Ma\u00dfstab 1:18 ist ein hochwertiges Diecast-Modell aus der Toyota-Modellauto-Serie. Es besteht aus einer Zinklegierung und ist mit einer dreischichtigen elektrostatischen Lackierung versehen. Weitere Details finden Sie in der vollst\u00e4ndigen Produktbeschreibung.<\/p>","protected":false},"featured_media":44382,"comment_status":"open","ping_status":"closed","template":"","meta":[],"product_brand":[2610],"product_cat":[466,91],"product_tag":[63],"class_list":{"0":"post-44380","1":"product","2":"type-product","3":"status-publish","4":"has-post-thumbnail","6":"product_brand-gac-toyota","7":"product_cat-1-18-scale","8":"product_cat-toyota","9":"product_tag-hobby-model-car","10":"pa_color-cayenne-red","11":"pa_material-zinc-alloy-abs-variety-of-composite-materials","12":"pa_scale-34","14":"first","15":"outofstock","16":"taxable","17":"shipping-taxable","18":"purchasable","19":"product-type-simple"},"yoast_head":"<!-- This site is optimized with the Yoast SEO Premium plugin v25.6 (Yoast SEO v26.7) - https:\/\/yoast.com\/wordpress\/plugins\/seo\/ -->\n<title>Toyota Corolla 2011 1\/18 Scale Diecast Model Car Wholesale - Paudi Model | High Quality Diecast Model<\/title>\n<meta name=\"robots\" content=\"index, follow, max-snippet:-1, max-image-preview:large, max-video-preview:-1\" \/>\n<link rel=\"canonical\" href=\"https:\/\/www.paudimodel.com\/de\/produkt\/toyota-corolla-2011-118-scale-diecast-model-car-wholesale\/\" \/>\n<meta property=\"og:locale\" content=\"de_DE\" \/>\n<meta property=\"og:type\" content=\"article\" \/>\n<meta property=\"og:title\" content=\"Toyota Corolla 2011 1\/18 Scale Diecast Model Car Wholesale\" \/>\n<meta property=\"og:url\" content=\"https:\/\/www.paudimodel.com\/de\/produkt\/toyota-corolla-2011-118-scale-diecast-model-car-wholesale\/\" \/>\n<meta property=\"og:site_name\" content=\"Paudi Model | High Quality Diecast Model\" \/>\n<meta property=\"article:publisher\" content=\"https:\/\/www.facebook\/paudimodel\" \/>\n<meta property=\"article:modified_time\" content=\"2025-11-27T11:41:39+00:00\" \/>\n<meta property=\"og:image\" content=\"https:\/\/www.paudimodel.com\/wp-content\/uploads\/2017\/02\/Toyota_Corolla_2011_Red_001.jpg\" \/>\n\t<meta property=\"og:image:width\" content=\"990\" \/>\n\t<meta property=\"og:image:height\" content=\"658\" \/>\n\t<meta property=\"og:image:type\" content=\"image\/jpeg\" \/>\n<meta name=\"twitter:card\" content=\"summary_large_image\" \/>\n<meta name=\"twitter:site\" content=\"@paudimodel\" \/>\n<meta name=\"twitter:label1\" content=\"Gesch\u00e4tzte Lesezeit\" \/>\n\t<meta name=\"twitter:data1\" content=\"1\u00a0Minute\" \/>\n<script type=\"application\/ld+json\" class=\"yoast-schema-graph\">{\"@context\":\"https:\/\/schema.org\",\"@graph\":[{\"@type\":\"WebPage\",\"@id\":\"https:\/\/www.paudimodel.com\/product\/toyota-corolla-2011-118-scale-diecast-model-car-wholesale\/\",\"url\":\"https:\/\/www.paudimodel.com\/product\/toyota-corolla-2011-118-scale-diecast-model-car-wholesale\/\",\"name\":\"Toyota Corolla 2011 1\/18 Scale Diecast Model Car Wholesale - Paudi Model | High Quality Diecast Model\",\"isPartOf\":{\"@id\":\"https:\/\/www.paudimodel.com\/#website\"},\"primaryImageOfPage\":{\"@id\":\"https:\/\/www.paudimodel.com\/product\/toyota-corolla-2011-118-scale-diecast-model-car-wholesale\/#primaryimage\"},\"image\":{\"@id\":\"https:\/\/www.paudimodel.com\/product\/toyota-corolla-2011-118-scale-diecast-model-car-wholesale\/#primaryimage\"},\"thumbnailUrl\":\"https:\/\/www.paudimodel.com\/wp-content\/uploads\/2017\/02\/Toyota_Corolla_2011_Red_001.jpg\",\"datePublished\":\"2017-02-10T19:34:47+00:00\",\"dateModified\":\"2025-11-27T11:41:39+00:00\",\"breadcrumb\":{\"@id\":\"https:\/\/www.paudimodel.com\/product\/toyota-corolla-2011-118-scale-diecast-model-car-wholesale\/#breadcrumb\"},\"inLanguage\":\"de\",\"potentialAction\":[{\"@type\":\"ReadAction\",\"target\":[\"https:\/\/www.paudimodel.com\/product\/toyota-corolla-2011-118-scale-diecast-model-car-wholesale\/\"]}]},{\"@type\":\"ImageObject\",\"inLanguage\":\"de\",\"@id\":\"https:\/\/www.paudimodel.com\/product\/toyota-corolla-2011-118-scale-diecast-model-car-wholesale\/#primaryimage\",\"url\":\"https:\/\/www.paudimodel.com\/wp-content\/uploads\/2017\/02\/Toyota_Corolla_2011_Red_001.jpg\",\"contentUrl\":\"https:\/\/www.paudimodel.com\/wp-content\/uploads\/2017\/02\/Toyota_Corolla_2011_Red_001.jpg\",\"width\":990,\"height\":658},{\"@type\":\"BreadcrumbList\",\"@id\":\"https:\/\/www.paudimodel.com\/product\/toyota-corolla-2011-118-scale-diecast-model-car-wholesale\/#breadcrumb\",\"itemListElement\":[{\"@type\":\"ListItem\",\"position\":1,\"name\":\"Home\",\"item\":\"https:\/\/www.paudimodel.com\/\"},{\"@type\":\"ListItem\",\"position\":2,\"name\":\"Products\",\"item\":\"https:\/\/www.paudimodel.com\/products\/\"},{\"@type\":\"ListItem\",\"position\":3,\"name\":\"Toyota Corolla 2011 1\/18 Scale Diecast Model Car Wholesale\"}]},{\"@type\":\"WebSite\",\"@id\":\"https:\/\/www.paudimodel.com\/#website\",\"url\":\"https:\/\/www.paudimodel.com\/\",\"name\":\"Paudi Model | High Quality Diecast Model\",\"description\":\"Shop For Diecast Models From Top-Rated Brands Like Dealer Edition, Paudi, Kyosho, Autoart &amp; More. Low Online Prices. Super-Detailed Models.Find Your Make &amp; Model.Huge Selection. Satisfaction Guaranteed. Types: Diecast Model Cars, Diecast Model Trucks.\",\"publisher\":{\"@id\":\"https:\/\/www.paudimodel.com\/#organization\"},\"alternateName\":\"Scale model design, development and production\",\"potentialAction\":[{\"@type\":\"SearchAction\",\"target\":{\"@type\":\"EntryPoint\",\"urlTemplate\":\"https:\/\/www.paudimodel.com\/?s={search_term_string}\"},\"query-input\":{\"@type\":\"PropertyValueSpecification\",\"valueRequired\":true,\"valueName\":\"search_term_string\"}}],\"inLanguage\":\"de\"},{\"@type\":\"Organization\",\"@id\":\"https:\/\/www.paudimodel.com\/#organization\",\"name\":\"Guangzhou Paudi Model Technology Ltd.\",\"url\":\"https:\/\/www.paudimodel.com\/\",\"logo\":{\"@type\":\"ImageObject\",\"inLanguage\":\"de\",\"@id\":\"https:\/\/www.paudimodel.com\/#\/schema\/logo\/image\/\",\"url\":\"https:\/\/www.paudimodel.com\/wp-content\/uploads\/2023\/02\/696x696.png\",\"contentUrl\":\"https:\/\/www.paudimodel.com\/wp-content\/uploads\/2023\/02\/696x696.png\",\"width\":696,\"height\":696,\"caption\":\"Guangzhou Paudi Model Technology Ltd.\"},\"image\":{\"@id\":\"https:\/\/www.paudimodel.com\/#\/schema\/logo\/image\/\"},\"sameAs\":[\"https:\/\/www.facebook\/paudimodel\",\"https:\/\/x.com\/paudimodel\"]}]}<\/script>\n<!-- \/ Yoast SEO Premium plugin. -->","yoast_head_json":{"title":"Toyota Corolla 2011 1\/18 Scale Diecast Model Car Wholesale - Paudi Model | High Quality Diecast Model","robots":{"index":"index","follow":"follow","max-snippet":"max-snippet:-1","max-image-preview":"max-image-preview:large","max-video-preview":"max-video-preview:-1"},"canonical":"https:\/\/www.paudimodel.com\/de\/produkt\/toyota-corolla-2011-118-scale-diecast-model-car-wholesale\/","og_locale":"de_DE","og_type":"article","og_title":"Toyota Corolla 2011 1\/18 Scale Diecast Model Car Wholesale","og_url":"https:\/\/www.paudimodel.com\/de\/produkt\/toyota-corolla-2011-118-scale-diecast-model-car-wholesale\/","og_site_name":"Paudi Model | High Quality Diecast Model","article_publisher":"https:\/\/www.facebook\/paudimodel","article_modified_time":"2025-11-27T11:41:39+00:00","og_image":[{"width":990,"height":658,"url":"https:\/\/www.paudimodel.com\/wp-content\/uploads\/2017\/02\/Toyota_Corolla_2011_Red_001.jpg","type":"image\/jpeg"}],"twitter_card":"summary_large_image","twitter_site":"@paudimodel","twitter_misc":{"Gesch\u00e4tzte Lesezeit":"1\u00a0Minute"},"schema":{"@context":"https:\/\/schema.org","@graph":[{"@type":"WebPage","@id":"https:\/\/www.paudimodel.com\/product\/toyota-corolla-2011-118-scale-diecast-model-car-wholesale\/","url":"https:\/\/www.paudimodel.com\/product\/toyota-corolla-2011-118-scale-diecast-model-car-wholesale\/","name":"Toyota Corolla 2011 1\/18 Scale Diecast Model Car Wholesale - Paudi Model | High Quality Diecast Model","isPartOf":{"@id":"https:\/\/www.paudimodel.com\/#website"},"primaryImageOfPage":{"@id":"https:\/\/www.paudimodel.com\/product\/toyota-corolla-2011-118-scale-diecast-model-car-wholesale\/#primaryimage"},"image":{"@id":"https:\/\/www.paudimodel.com\/product\/toyota-corolla-2011-118-scale-diecast-model-car-wholesale\/#primaryimage"},"thumbnailUrl":"https:\/\/www.paudimodel.com\/wp-content\/uploads\/2017\/02\/Toyota_Corolla_2011_Red_001.jpg","datePublished":"2017-02-10T19:34:47+00:00","dateModified":"2025-11-27T11:41:39+00:00","breadcrumb":{"@id":"https:\/\/www.paudimodel.com\/product\/toyota-corolla-2011-118-scale-diecast-model-car-wholesale\/#breadcrumb"},"inLanguage":"de","potentialAction":[{"@type":"ReadAction","target":["https:\/\/www.paudimodel.com\/product\/toyota-corolla-2011-118-scale-diecast-model-car-wholesale\/"]}]},{"@type":"ImageObject","inLanguage":"de","@id":"https:\/\/www.paudimodel.com\/product\/toyota-corolla-2011-118-scale-diecast-model-car-wholesale\/#primaryimage","url":"https:\/\/www.paudimodel.com\/wp-content\/uploads\/2017\/02\/Toyota_Corolla_2011_Red_001.jpg","contentUrl":"https:\/\/www.paudimodel.com\/wp-content\/uploads\/2017\/02\/Toyota_Corolla_2011_Red_001.jpg","width":990,"height":658},{"@type":"BreadcrumbList","@id":"https:\/\/www.paudimodel.com\/product\/toyota-corolla-2011-118-scale-diecast-model-car-wholesale\/#breadcrumb","itemListElement":[{"@type":"ListItem","position":1,"name":"Home","item":"https:\/\/www.paudimodel.com\/"},{"@type":"ListItem","position":2,"name":"Products","item":"https:\/\/www.paudimodel.com\/products\/"},{"@type":"ListItem","position":3,"name":"Toyota Corolla 2011 1\/18 Scale Diecast Model Car Wholesale"}]},{"@type":"WebSite","@id":"https:\/\/www.paudimodel.com\/#website","url":"https:\/\/www.paudimodel.com\/","name":"Paudi-Modell | Hochwertiges Druckgussmodell","description":"Kaufen Sie Druckgussmodelle von Top-Marken wie Dealer Edition, Paudi, Kyosho, Autoart und mehr. G\u00fcnstige Online-Preise. Superdetaillierte Modelle. Finden Sie Ihre Marke und Ihr Modell. Riesige Auswahl. Zufriedenheitsgarantie. Typen: Druckguss-Modellautos, Druckguss-Modell-LKWs.","publisher":{"@id":"https:\/\/www.paudimodel.com\/#organization"},"alternateName":"Scale model design, development and production","potentialAction":[{"@type":"SearchAction","target":{"@type":"EntryPoint","urlTemplate":"https:\/\/www.paudimodel.com\/?s={search_term_string}"},"query-input":{"@type":"PropertyValueSpecification","valueRequired":true,"valueName":"search_term_string"}}],"inLanguage":"de"},{"@type":"Organization","@id":"https:\/\/www.paudimodel.com\/#organization","name":"Guangzhou Paudi Model Technology Ltd.","url":"https:\/\/www.paudimodel.com\/","logo":{"@type":"ImageObject","inLanguage":"de","@id":"https:\/\/www.paudimodel.com\/#\/schema\/logo\/image\/","url":"https:\/\/www.paudimodel.com\/wp-content\/uploads\/2023\/02\/696x696.png","contentUrl":"https:\/\/www.paudimodel.com\/wp-content\/uploads\/2023\/02\/696x696.png","width":696,"height":696,"caption":"Guangzhou Paudi Model Technology Ltd."},"image":{"@id":"https:\/\/www.paudimodel.com\/#\/schema\/logo\/image\/"},"sameAs":["https:\/\/www.facebook\/paudimodel","https:\/\/x.com\/paudimodel"]}]}},"_links":{"self":[{"href":"https:\/\/www.paudimodel.com\/de\/wp-json\/wp\/v2\/product\/44380","targetHints":{"allow":["GET"]}}],"collection":[{"href":"https:\/\/www.paudimodel.com\/de\/wp-json\/wp\/v2\/product"}],"about":[{"href":"https:\/\/www.paudimodel.com\/de\/wp-json\/wp\/v2\/types\/product"}],"replies":[{"embeddable":true,"href":"https:\/\/www.paudimodel.com\/de\/wp-json\/wp\/v2\/comments?post=44380"}],"wp:featuredmedia":[{"embeddable":true,"href":"https:\/\/www.paudimodel.com\/de\/wp-json\/wp\/v2\/media\/44382"}],"wp:attachment":[{"href":"https:\/\/www.paudimodel.com\/de\/wp-json\/wp\/v2\/media?parent=44380"}],"wp:term":[{"taxonomy":"product_brand","embeddable":true,"href":"https:\/\/www.paudimodel.com\/de\/wp-json\/wp\/v2\/product_brand?post=44380"},{"taxonomy":"product_cat","embeddable":true,"href":"https:\/\/www.paudimodel.com\/de\/wp-json\/wp\/v2\/product_cat?post=44380"},{"taxonomy":"product_tag","embeddable":true,"href":"https:\/\/www.paudimodel.com\/de\/wp-json\/wp\/v2\/product_tag?post=44380"}],"curies":[{"name":"wp","href":"https:\/\/api.w.org\/{rel}","templated":true}]}}