{"id":44395,"date":"2017-02-10T19:39:57","date_gmt":"2017-02-10T19:39:57","guid":{"rendered":"http:\/\/www.paudimodel.com\/?post_type=product&#038;p=44395"},"modified":"2025-11-27T11:41:30","modified_gmt":"2025-11-27T11:41:30","slug":"wholesale-118-scale-toyota-vios-2008-diecast-model-car","status":"publish","type":"product","link":"https:\/\/www.paudimodel.com\/de\/produkt\/wholesale-118-scale-toyota-vios-2008-diecast-model-car\/","title":{"rendered":"Toyota Vios 2008, Ma\u00dfstab 1:18, Diecast-Modellauto, Gro\u00dfhandel"},"content":{"rendered":"<p>Dieses Modellauto, eine detailgetreue Nachbildung des Toyota Vios 2008 im Ma\u00dfstab 1:18, geh\u00f6rt zur hochwertigen Diecast-Modellauto-Serie von Toyota. Es besteht aus einer Zinklegierung und ist dreifach elektrostatisch lackiert. Das Modellauto umfasst Hunderte von Teilen und ist aufgrund seines Sammlerwerts die ideale Wahl f\u00fcr Sammler und als Geschenk. Die Karosserie ist aus einer Zinklegierung gefertigt und verf\u00fcgt \u00fcber eine Vorder- und Hinterradaufh\u00e4ngung, vier zu \u00f6ffnende T\u00fcren, eine zu \u00f6ffnende Motorhaube, die den Blick auf die Motorkomponenten freigibt, sowie eine zu \u00f6ffnende Heckklappe mit beweglichem Kofferraumdeckel. Die Karosserieverkleidung ist mit realistisch wirkendem Teppichboden, dreidimensionalen Instrumententafeln, hochpr\u00e4zisen galvanisierten Aluminiumreifen und metallischen Bremsbel\u00e4gen ausgestattet.<\/p>\n<p><img loading=\"lazy\" decoding=\"async\" class=\"alignnone size-full wp-image-44397 aligncenter\" src=\"http:\/\/www.paudimodel.com\/wp-content\/uploads\/2017\/02\/vios_bk_02.jpg\" alt=\"\" width=\"600\" height=\"400\" srcset=\"https:\/\/www.paudimodel.com\/wp-content\/uploads\/2017\/02\/vios_bk_02.jpg 600w, https:\/\/www.paudimodel.com\/wp-content\/uploads\/2017\/02\/vios_bk_02-300x200.jpg 300w, https:\/\/www.paudimodel.com\/wp-content\/uploads\/2017\/02\/vios_bk_02-450x300.jpg 450w\" sizes=\"auto, (max-width: 600px) 100vw, 600px\" \/><br \/>\n<img loading=\"lazy\" decoding=\"async\" class=\"alignnone size-full wp-image-44398 aligncenter\" src=\"http:\/\/www.paudimodel.com\/wp-content\/uploads\/2017\/02\/vios_bk_03.jpg\" alt=\"\" width=\"600\" height=\"400\" srcset=\"https:\/\/www.paudimodel.com\/wp-content\/uploads\/2017\/02\/vios_bk_03.jpg 600w, https:\/\/www.paudimodel.com\/wp-content\/uploads\/2017\/02\/vios_bk_03-300x200.jpg 300w, https:\/\/www.paudimodel.com\/wp-content\/uploads\/2017\/02\/vios_bk_03-450x300.jpg 450w\" sizes=\"auto, (max-width: 600px) 100vw, 600px\" \/><br \/>\n<img loading=\"lazy\" decoding=\"async\" class=\"alignnone size-full wp-image-44399 aligncenter\" src=\"http:\/\/www.paudimodel.com\/wp-content\/uploads\/2017\/02\/vios_bk_04.jpg\" alt=\"\" width=\"600\" height=\"400\" srcset=\"https:\/\/www.paudimodel.com\/wp-content\/uploads\/2017\/02\/vios_bk_04.jpg 600w, https:\/\/www.paudimodel.com\/wp-content\/uploads\/2017\/02\/vios_bk_04-300x200.jpg 300w, https:\/\/www.paudimodel.com\/wp-content\/uploads\/2017\/02\/vios_bk_04-450x300.jpg 450w\" sizes=\"auto, (max-width: 600px) 100vw, 600px\" \/><br \/>\n<img loading=\"lazy\" decoding=\"async\" class=\"alignnone size-full wp-image-44400 aligncenter\" src=\"http:\/\/www.paudimodel.com\/wp-content\/uploads\/2017\/02\/vios_bk_05.jpg\" alt=\"\" width=\"600\" height=\"400\" srcset=\"https:\/\/www.paudimodel.com\/wp-content\/uploads\/2017\/02\/vios_bk_05.jpg 600w, https:\/\/www.paudimodel.com\/wp-content\/uploads\/2017\/02\/vios_bk_05-300x200.jpg 300w, https:\/\/www.paudimodel.com\/wp-content\/uploads\/2017\/02\/vios_bk_05-450x300.jpg 450w\" sizes=\"auto, (max-width: 600px) 100vw, 600px\" \/><br \/>\n<img loading=\"lazy\" decoding=\"async\" class=\"alignnone size-full wp-image-44401 aligncenter\" src=\"http:\/\/www.paudimodel.com\/wp-content\/uploads\/2017\/02\/vios_bk_06.jpg\" alt=\"\" width=\"600\" height=\"400\" srcset=\"https:\/\/www.paudimodel.com\/wp-content\/uploads\/2017\/02\/vios_bk_06.jpg 600w, https:\/\/www.paudimodel.com\/wp-content\/uploads\/2017\/02\/vios_bk_06-300x200.jpg 300w, https:\/\/www.paudimodel.com\/wp-content\/uploads\/2017\/02\/vios_bk_06-450x300.jpg 450w\" sizes=\"auto, (max-width: 600px) 100vw, 600px\" \/><br \/>\n<img loading=\"lazy\" decoding=\"async\" class=\"alignnone size-full wp-image-44402 aligncenter\" src=\"http:\/\/www.paudimodel.com\/wp-content\/uploads\/2017\/02\/vios_bk_07.jpg\" alt=\"\" width=\"600\" height=\"400\" srcset=\"https:\/\/www.paudimodel.com\/wp-content\/uploads\/2017\/02\/vios_bk_07.jpg 600w, https:\/\/www.paudimodel.com\/wp-content\/uploads\/2017\/02\/vios_bk_07-300x200.jpg 300w, https:\/\/www.paudimodel.com\/wp-content\/uploads\/2017\/02\/vios_bk_07-450x300.jpg 450w\" sizes=\"auto, (max-width: 600px) 100vw, 600px\" \/><\/p>\n<p><img loading=\"lazy\" decoding=\"async\" class=\"alignnone size-full wp-image-44403 aligncenter\" src=\"http:\/\/www.paudimodel.com\/wp-content\/uploads\/2017\/02\/vios_bk_08.jpg\" alt=\"\" width=\"600\" height=\"400\" srcset=\"https:\/\/www.paudimodel.com\/wp-content\/uploads\/2017\/02\/vios_bk_08.jpg 600w, https:\/\/www.paudimodel.com\/wp-content\/uploads\/2017\/02\/vios_bk_08-300x200.jpg 300w, https:\/\/www.paudimodel.com\/wp-content\/uploads\/2017\/02\/vios_bk_08-450x300.jpg 450w\" sizes=\"auto, (max-width: 600px) 100vw, 600px\" \/><\/p>\n<p><img loading=\"lazy\" decoding=\"async\" class=\"alignnone size-full wp-image-44404 aligncenter\" src=\"http:\/\/www.paudimodel.com\/wp-content\/uploads\/2017\/02\/vios_bk_09.jpg\" alt=\"\" width=\"600\" height=\"400\" srcset=\"https:\/\/www.paudimodel.com\/wp-content\/uploads\/2017\/02\/vios_bk_09.jpg 600w, https:\/\/www.paudimodel.com\/wp-content\/uploads\/2017\/02\/vios_bk_09-300x200.jpg 300w, https:\/\/www.paudimodel.com\/wp-content\/uploads\/2017\/02\/vios_bk_09-450x300.jpg 450w\" sizes=\"auto, (max-width: 600px) 100vw, 600px\" \/><br \/>\n<img loading=\"lazy\" decoding=\"async\" class=\"alignnone size-full wp-image-44405 aligncenter\" src=\"http:\/\/www.paudimodel.com\/wp-content\/uploads\/2017\/02\/vois08_01.jpg\" alt=\"\" width=\"600\" height=\"400\" srcset=\"https:\/\/www.paudimodel.com\/wp-content\/uploads\/2017\/02\/vois08_01.jpg 600w, https:\/\/www.paudimodel.com\/wp-content\/uploads\/2017\/02\/vois08_01-300x200.jpg 300w, https:\/\/www.paudimodel.com\/wp-content\/uploads\/2017\/02\/vois08_01-450x300.jpg 450w\" sizes=\"auto, (max-width: 600px) 100vw, 600px\" \/><\/p>","protected":false},"excerpt":{"rendered":"<p>The product according to the Toyota company Vios 2008 models to replicate and shrink production, the model car proportion to 1:18 scale, is the Toyota scale model cars series of a refined diecast model cars. The model car adopts zinc alloy material, Paint surface using three-layer electrostatic spray painting, model car parts as many as [&hellip;]<\/p>","protected":false},"featured_media":50638,"comment_status":"open","ping_status":"closed","template":"","meta":[],"product_brand":[2610],"product_cat":[466,91],"product_tag":[515],"class_list":{"0":"post-44395","1":"product","2":"type-product","3":"status-publish","4":"has-post-thumbnail","6":"product_brand-gac-toyota","7":"product_cat-1-18-scale","8":"product_cat-toyota","9":"product_tag-vios-2008","10":"pa_color-blackcolor","11":"pa_color-gold","12":"pa_color-silver","13":"pa_color-deep-blue-pearl","14":"pa_material-zinc-alloy-abs-variety-of-composite-materials","15":"pa_scale-818","17":"first","18":"outofstock","19":"taxable","20":"shipping-taxable","21":"purchasable","22":"product-type-variable","23":"has-default-attributes"},"yoast_head":"<!-- This site is optimized with the Yoast SEO Premium plugin v25.6 (Yoast SEO v26.7) - https:\/\/yoast.com\/wordpress\/plugins\/seo\/ -->\n<title>Toyota Vios 2008 1\/18 Scale Diecast Model Car Wholesale - Paudi Model | High Quality Diecast Model<\/title>\n<meta name=\"robots\" content=\"index, follow, max-snippet:-1, max-image-preview:large, max-video-preview:-1\" \/>\n<link rel=\"canonical\" href=\"https:\/\/www.paudimodel.com\/de\/produkt\/wholesale-118-scale-toyota-vios-2008-diecast-model-car\/\" \/>\n<meta property=\"og:locale\" content=\"de_DE\" \/>\n<meta property=\"og:type\" content=\"article\" \/>\n<meta property=\"og:title\" content=\"Toyota Vios 2008 1\/18 Scale Diecast Model Car Wholesale\" \/>\n<meta property=\"og:url\" content=\"https:\/\/www.paudimodel.com\/de\/produkt\/wholesale-118-scale-toyota-vios-2008-diecast-model-car\/\" \/>\n<meta property=\"og:site_name\" content=\"Paudi Model | High Quality Diecast Model\" \/>\n<meta property=\"article:publisher\" content=\"https:\/\/www.facebook\/paudimodel\" \/>\n<meta property=\"article:modified_time\" content=\"2025-11-27T11:41:30+00:00\" \/>\n<meta property=\"og:image\" content=\"https:\/\/www.paudimodel.com\/wp-content\/uploads\/2017\/02\/vios_s_01-1.jpg\" \/>\n\t<meta property=\"og:image:width\" content=\"990\" \/>\n\t<meta property=\"og:image:height\" content=\"660\" \/>\n\t<meta property=\"og:image:type\" content=\"image\/jpeg\" \/>\n<meta name=\"twitter:card\" content=\"summary_large_image\" \/>\n<meta name=\"twitter:site\" content=\"@paudimodel\" \/>\n<meta name=\"twitter:label1\" content=\"Gesch\u00e4tzte Lesezeit\" \/>\n\t<meta name=\"twitter:data1\" content=\"1\u00a0Minute\" \/>\n<script type=\"application\/ld+json\" class=\"yoast-schema-graph\">{\"@context\":\"https:\/\/schema.org\",\"@graph\":[{\"@type\":\"WebPage\",\"@id\":\"https:\/\/www.paudimodel.com\/product\/wholesale-118-scale-toyota-vios-2008-diecast-model-car\/\",\"url\":\"https:\/\/www.paudimodel.com\/product\/wholesale-118-scale-toyota-vios-2008-diecast-model-car\/\",\"name\":\"Toyota Vios 2008 1\/18 Scale Diecast Model Car Wholesale - Paudi Model | High Quality Diecast Model\",\"isPartOf\":{\"@id\":\"https:\/\/www.paudimodel.com\/#website\"},\"primaryImageOfPage\":{\"@id\":\"https:\/\/www.paudimodel.com\/product\/wholesale-118-scale-toyota-vios-2008-diecast-model-car\/#primaryimage\"},\"image\":{\"@id\":\"https:\/\/www.paudimodel.com\/product\/wholesale-118-scale-toyota-vios-2008-diecast-model-car\/#primaryimage\"},\"thumbnailUrl\":\"https:\/\/www.paudimodel.com\/wp-content\/uploads\/2017\/02\/vios_s_01-1.jpg\",\"datePublished\":\"2017-02-10T19:39:57+00:00\",\"dateModified\":\"2025-11-27T11:41:30+00:00\",\"breadcrumb\":{\"@id\":\"https:\/\/www.paudimodel.com\/product\/wholesale-118-scale-toyota-vios-2008-diecast-model-car\/#breadcrumb\"},\"inLanguage\":\"de\",\"potentialAction\":[{\"@type\":\"ReadAction\",\"target\":[\"https:\/\/www.paudimodel.com\/product\/wholesale-118-scale-toyota-vios-2008-diecast-model-car\/\"]}]},{\"@type\":\"ImageObject\",\"inLanguage\":\"de\",\"@id\":\"https:\/\/www.paudimodel.com\/product\/wholesale-118-scale-toyota-vios-2008-diecast-model-car\/#primaryimage\",\"url\":\"https:\/\/www.paudimodel.com\/wp-content\/uploads\/2017\/02\/vios_s_01-1.jpg\",\"contentUrl\":\"https:\/\/www.paudimodel.com\/wp-content\/uploads\/2017\/02\/vios_s_01-1.jpg\",\"width\":990,\"height\":660},{\"@type\":\"BreadcrumbList\",\"@id\":\"https:\/\/www.paudimodel.com\/product\/wholesale-118-scale-toyota-vios-2008-diecast-model-car\/#breadcrumb\",\"itemListElement\":[{\"@type\":\"ListItem\",\"position\":1,\"name\":\"Home\",\"item\":\"https:\/\/www.paudimodel.com\/\"},{\"@type\":\"ListItem\",\"position\":2,\"name\":\"Products\",\"item\":\"https:\/\/www.paudimodel.com\/products\/\"},{\"@type\":\"ListItem\",\"position\":3,\"name\":\"Toyota Vios 2008 1\/18 Scale Diecast Model Car Wholesale\"}]},{\"@type\":\"WebSite\",\"@id\":\"https:\/\/www.paudimodel.com\/#website\",\"url\":\"https:\/\/www.paudimodel.com\/\",\"name\":\"Paudi Model | High Quality Diecast Model\",\"description\":\"Shop For Diecast Models From Top-Rated Brands Like Dealer Edition, Paudi, Kyosho, Autoart &amp; More. Low Online Prices. Super-Detailed Models.Find Your Make &amp; Model.Huge Selection. Satisfaction Guaranteed. Types: Diecast Model Cars, Diecast Model Trucks.\",\"publisher\":{\"@id\":\"https:\/\/www.paudimodel.com\/#organization\"},\"alternateName\":\"Scale model design, development and production\",\"potentialAction\":[{\"@type\":\"SearchAction\",\"target\":{\"@type\":\"EntryPoint\",\"urlTemplate\":\"https:\/\/www.paudimodel.com\/?s={search_term_string}\"},\"query-input\":{\"@type\":\"PropertyValueSpecification\",\"valueRequired\":true,\"valueName\":\"search_term_string\"}}],\"inLanguage\":\"de\"},{\"@type\":\"Organization\",\"@id\":\"https:\/\/www.paudimodel.com\/#organization\",\"name\":\"Guangzhou Paudi Model Technology Ltd.\",\"url\":\"https:\/\/www.paudimodel.com\/\",\"logo\":{\"@type\":\"ImageObject\",\"inLanguage\":\"de\",\"@id\":\"https:\/\/www.paudimodel.com\/#\/schema\/logo\/image\/\",\"url\":\"https:\/\/www.paudimodel.com\/wp-content\/uploads\/2023\/02\/696x696.png\",\"contentUrl\":\"https:\/\/www.paudimodel.com\/wp-content\/uploads\/2023\/02\/696x696.png\",\"width\":696,\"height\":696,\"caption\":\"Guangzhou Paudi Model Technology Ltd.\"},\"image\":{\"@id\":\"https:\/\/www.paudimodel.com\/#\/schema\/logo\/image\/\"},\"sameAs\":[\"https:\/\/www.facebook\/paudimodel\",\"https:\/\/x.com\/paudimodel\"]}]}<\/script>\n<!-- \/ Yoast SEO Premium plugin. -->","yoast_head_json":{"title":"Toyota Vios 2008 1\/18 Scale Diecast Model Car Wholesale - Paudi Model | High Quality Diecast Model","robots":{"index":"index","follow":"follow","max-snippet":"max-snippet:-1","max-image-preview":"max-image-preview:large","max-video-preview":"max-video-preview:-1"},"canonical":"https:\/\/www.paudimodel.com\/de\/produkt\/wholesale-118-scale-toyota-vios-2008-diecast-model-car\/","og_locale":"de_DE","og_type":"article","og_title":"Toyota Vios 2008 1\/18 Scale Diecast Model Car Wholesale","og_url":"https:\/\/www.paudimodel.com\/de\/produkt\/wholesale-118-scale-toyota-vios-2008-diecast-model-car\/","og_site_name":"Paudi Model | High Quality Diecast Model","article_publisher":"https:\/\/www.facebook\/paudimodel","article_modified_time":"2025-11-27T11:41:30+00:00","og_image":[{"width":990,"height":660,"url":"https:\/\/www.paudimodel.com\/wp-content\/uploads\/2017\/02\/vios_s_01-1.jpg","type":"image\/jpeg"}],"twitter_card":"summary_large_image","twitter_site":"@paudimodel","twitter_misc":{"Gesch\u00e4tzte Lesezeit":"1\u00a0Minute"},"schema":{"@context":"https:\/\/schema.org","@graph":[{"@type":"WebPage","@id":"https:\/\/www.paudimodel.com\/product\/wholesale-118-scale-toyota-vios-2008-diecast-model-car\/","url":"https:\/\/www.paudimodel.com\/product\/wholesale-118-scale-toyota-vios-2008-diecast-model-car\/","name":"Toyota Vios 2008 1\/18 Scale Diecast Model Car Wholesale - Paudi Model | High Quality Diecast Model","isPartOf":{"@id":"https:\/\/www.paudimodel.com\/#website"},"primaryImageOfPage":{"@id":"https:\/\/www.paudimodel.com\/product\/wholesale-118-scale-toyota-vios-2008-diecast-model-car\/#primaryimage"},"image":{"@id":"https:\/\/www.paudimodel.com\/product\/wholesale-118-scale-toyota-vios-2008-diecast-model-car\/#primaryimage"},"thumbnailUrl":"https:\/\/www.paudimodel.com\/wp-content\/uploads\/2017\/02\/vios_s_01-1.jpg","datePublished":"2017-02-10T19:39:57+00:00","dateModified":"2025-11-27T11:41:30+00:00","breadcrumb":{"@id":"https:\/\/www.paudimodel.com\/product\/wholesale-118-scale-toyota-vios-2008-diecast-model-car\/#breadcrumb"},"inLanguage":"de","potentialAction":[{"@type":"ReadAction","target":["https:\/\/www.paudimodel.com\/product\/wholesale-118-scale-toyota-vios-2008-diecast-model-car\/"]}]},{"@type":"ImageObject","inLanguage":"de","@id":"https:\/\/www.paudimodel.com\/product\/wholesale-118-scale-toyota-vios-2008-diecast-model-car\/#primaryimage","url":"https:\/\/www.paudimodel.com\/wp-content\/uploads\/2017\/02\/vios_s_01-1.jpg","contentUrl":"https:\/\/www.paudimodel.com\/wp-content\/uploads\/2017\/02\/vios_s_01-1.jpg","width":990,"height":660},{"@type":"BreadcrumbList","@id":"https:\/\/www.paudimodel.com\/product\/wholesale-118-scale-toyota-vios-2008-diecast-model-car\/#breadcrumb","itemListElement":[{"@type":"ListItem","position":1,"name":"Home","item":"https:\/\/www.paudimodel.com\/"},{"@type":"ListItem","position":2,"name":"Products","item":"https:\/\/www.paudimodel.com\/products\/"},{"@type":"ListItem","position":3,"name":"Toyota Vios 2008 1\/18 Scale Diecast Model Car Wholesale"}]},{"@type":"WebSite","@id":"https:\/\/www.paudimodel.com\/#website","url":"https:\/\/www.paudimodel.com\/","name":"Paudi-Modell | Hochwertiges Druckgussmodell","description":"Kaufen Sie Druckgussmodelle von Top-Marken wie Dealer Edition, Paudi, Kyosho, Autoart und mehr. G\u00fcnstige Online-Preise. Superdetaillierte Modelle. Finden Sie Ihre Marke und Ihr Modell. Riesige Auswahl. Zufriedenheitsgarantie. Typen: Druckguss-Modellautos, Druckguss-Modell-LKWs.","publisher":{"@id":"https:\/\/www.paudimodel.com\/#organization"},"alternateName":"Scale model design, development and production","potentialAction":[{"@type":"SearchAction","target":{"@type":"EntryPoint","urlTemplate":"https:\/\/www.paudimodel.com\/?s={search_term_string}"},"query-input":{"@type":"PropertyValueSpecification","valueRequired":true,"valueName":"search_term_string"}}],"inLanguage":"de"},{"@type":"Organization","@id":"https:\/\/www.paudimodel.com\/#organization","name":"Guangzhou Paudi Model Technology Ltd.","url":"https:\/\/www.paudimodel.com\/","logo":{"@type":"ImageObject","inLanguage":"de","@id":"https:\/\/www.paudimodel.com\/#\/schema\/logo\/image\/","url":"https:\/\/www.paudimodel.com\/wp-content\/uploads\/2023\/02\/696x696.png","contentUrl":"https:\/\/www.paudimodel.com\/wp-content\/uploads\/2023\/02\/696x696.png","width":696,"height":696,"caption":"Guangzhou Paudi Model Technology Ltd."},"image":{"@id":"https:\/\/www.paudimodel.com\/#\/schema\/logo\/image\/"},"sameAs":["https:\/\/www.facebook\/paudimodel","https:\/\/x.com\/paudimodel"]}]}},"_links":{"self":[{"href":"https:\/\/www.paudimodel.com\/de\/wp-json\/wp\/v2\/product\/44395","targetHints":{"allow":["GET"]}}],"collection":[{"href":"https:\/\/www.paudimodel.com\/de\/wp-json\/wp\/v2\/product"}],"about":[{"href":"https:\/\/www.paudimodel.com\/de\/wp-json\/wp\/v2\/types\/product"}],"replies":[{"embeddable":true,"href":"https:\/\/www.paudimodel.com\/de\/wp-json\/wp\/v2\/comments?post=44395"}],"wp:featuredmedia":[{"embeddable":true,"href":"https:\/\/www.paudimodel.com\/de\/wp-json\/wp\/v2\/media\/50638"}],"wp:attachment":[{"href":"https:\/\/www.paudimodel.com\/de\/wp-json\/wp\/v2\/media?parent=44395"}],"wp:term":[{"taxonomy":"product_brand","embeddable":true,"href":"https:\/\/www.paudimodel.com\/de\/wp-json\/wp\/v2\/product_brand?post=44395"},{"taxonomy":"product_cat","embeddable":true,"href":"https:\/\/www.paudimodel.com\/de\/wp-json\/wp\/v2\/product_cat?post=44395"},{"taxonomy":"product_tag","embeddable":true,"href":"https:\/\/www.paudimodel.com\/de\/wp-json\/wp\/v2\/product_tag?post=44395"}],"curies":[{"name":"wp","href":"https:\/\/api.w.org\/{rel}","templated":true}]}}