{"id":44408,"date":"2017-02-10T19:43:25","date_gmt":"2017-02-10T19:43:25","guid":{"rendered":"http:\/\/www.paudimodel.com\/?post_type=product&#038;p=44408"},"modified":"2025-08-03T08:06:19","modified_gmt":"2025-08-03T08:06:19","slug":"wholesale-124-scale-toyota-coaster-2013-diecast-model-car","status":"publish","type":"product","link":"https:\/\/www.paudimodel.com\/de\/produkt\/wholesale-124-scale-toyota-coaster-2013-diecast-model-car\/","title":{"rendered":"Toyota Coaster 2013, Ma\u00dfstab 1:24, Diecast-Modellauto, Gro\u00dfhandel"},"content":{"rendered":"<p><img loading=\"lazy\" decoding=\"async\" class=\"alignnone size-full wp-image-44410 aligncenter\" src=\"http:\/\/www.paudimodel.com\/wp-content\/uploads\/2017\/02\/Toyota_Coaster_Y_01.jpg\" alt=\"\" width=\"990\" height=\"658\" srcset=\"https:\/\/www.paudimodel.com\/wp-content\/uploads\/2017\/02\/Toyota_Coaster_Y_01.jpg 990w, https:\/\/www.paudimodel.com\/wp-content\/uploads\/2017\/02\/Toyota_Coaster_Y_01-300x199.jpg 300w, https:\/\/www.paudimodel.com\/wp-content\/uploads\/2017\/02\/Toyota_Coaster_Y_01-450x299.jpg 450w, https:\/\/www.paudimodel.com\/wp-content\/uploads\/2017\/02\/Toyota_Coaster_Y_01-768x510.jpg 768w\" sizes=\"auto, (max-width: 990px) 100vw, 990px\" \/> <img loading=\"lazy\" decoding=\"async\" class=\"alignnone size-full wp-image-44411 aligncenter\" src=\"http:\/\/www.paudimodel.com\/wp-content\/uploads\/2017\/02\/Toyota_Coaster_Y_02.jpg\" alt=\"\" width=\"990\" height=\"658\" srcset=\"https:\/\/www.paudimodel.com\/wp-content\/uploads\/2017\/02\/Toyota_Coaster_Y_02.jpg 990w, https:\/\/www.paudimodel.com\/wp-content\/uploads\/2017\/02\/Toyota_Coaster_Y_02-300x199.jpg 300w, https:\/\/www.paudimodel.com\/wp-content\/uploads\/2017\/02\/Toyota_Coaster_Y_02-450x299.jpg 450w, https:\/\/www.paudimodel.com\/wp-content\/uploads\/2017\/02\/Toyota_Coaster_Y_02-768x510.jpg 768w\" sizes=\"auto, (max-width: 990px) 100vw, 990px\" \/> <img loading=\"lazy\" decoding=\"async\" class=\"alignnone size-full wp-image-44412 aligncenter\" src=\"http:\/\/www.paudimodel.com\/wp-content\/uploads\/2017\/02\/Toyota_Coaster_Y_03.jpg\" alt=\"\" width=\"990\" height=\"658\" srcset=\"https:\/\/www.paudimodel.com\/wp-content\/uploads\/2017\/02\/Toyota_Coaster_Y_03.jpg 990w, https:\/\/www.paudimodel.com\/wp-content\/uploads\/2017\/02\/Toyota_Coaster_Y_03-300x199.jpg 300w, https:\/\/www.paudimodel.com\/wp-content\/uploads\/2017\/02\/Toyota_Coaster_Y_03-450x299.jpg 450w, https:\/\/www.paudimodel.com\/wp-content\/uploads\/2017\/02\/Toyota_Coaster_Y_03-768x510.jpg 768w\" sizes=\"auto, (max-width: 990px) 100vw, 990px\" \/> <img loading=\"lazy\" decoding=\"async\" class=\"alignnone size-full wp-image-44413 aligncenter\" src=\"http:\/\/www.paudimodel.com\/wp-content\/uploads\/2017\/02\/Toyota_Coaster_Y_04.jpg\" alt=\"\" width=\"990\" height=\"658\" srcset=\"https:\/\/www.paudimodel.com\/wp-content\/uploads\/2017\/02\/Toyota_Coaster_Y_04.jpg 990w, https:\/\/www.paudimodel.com\/wp-content\/uploads\/2017\/02\/Toyota_Coaster_Y_04-300x199.jpg 300w, https:\/\/www.paudimodel.com\/wp-content\/uploads\/2017\/02\/Toyota_Coaster_Y_04-450x299.jpg 450w, https:\/\/www.paudimodel.com\/wp-content\/uploads\/2017\/02\/Toyota_Coaster_Y_04-768x510.jpg 768w\" sizes=\"auto, (max-width: 990px) 100vw, 990px\" \/> <img loading=\"lazy\" decoding=\"async\" class=\"alignnone size-full wp-image-44414 aligncenter\" src=\"http:\/\/www.paudimodel.com\/wp-content\/uploads\/2017\/02\/Toyota_Coaster_Y_05.jpg\" alt=\"\" width=\"990\" height=\"658\" srcset=\"https:\/\/www.paudimodel.com\/wp-content\/uploads\/2017\/02\/Toyota_Coaster_Y_05.jpg 990w, https:\/\/www.paudimodel.com\/wp-content\/uploads\/2017\/02\/Toyota_Coaster_Y_05-300x199.jpg 300w, https:\/\/www.paudimodel.com\/wp-content\/uploads\/2017\/02\/Toyota_Coaster_Y_05-450x299.jpg 450w, https:\/\/www.paudimodel.com\/wp-content\/uploads\/2017\/02\/Toyota_Coaster_Y_05-768x510.jpg 768w\" sizes=\"auto, (max-width: 990px) 100vw, 990px\" \/> <img loading=\"lazy\" decoding=\"async\" class=\"alignnone size-full wp-image-44415 aligncenter\" src=\"http:\/\/www.paudimodel.com\/wp-content\/uploads\/2017\/02\/Toyota_Coaster_Y_06.jpg\" alt=\"\" width=\"990\" height=\"658\" srcset=\"https:\/\/www.paudimodel.com\/wp-content\/uploads\/2017\/02\/Toyota_Coaster_Y_06.jpg 990w, https:\/\/www.paudimodel.com\/wp-content\/uploads\/2017\/02\/Toyota_Coaster_Y_06-300x199.jpg 300w, https:\/\/www.paudimodel.com\/wp-content\/uploads\/2017\/02\/Toyota_Coaster_Y_06-450x299.jpg 450w, https:\/\/www.paudimodel.com\/wp-content\/uploads\/2017\/02\/Toyota_Coaster_Y_06-768x510.jpg 768w\" sizes=\"auto, (max-width: 990px) 100vw, 990px\" \/> <img loading=\"lazy\" decoding=\"async\" class=\"alignnone size-full wp-image-44416 aligncenter\" src=\"http:\/\/www.paudimodel.com\/wp-content\/uploads\/2017\/02\/Toyota_Coaster_Y_07.jpg\" alt=\"\" width=\"990\" height=\"658\" srcset=\"https:\/\/www.paudimodel.com\/wp-content\/uploads\/2017\/02\/Toyota_Coaster_Y_07.jpg 990w, https:\/\/www.paudimodel.com\/wp-content\/uploads\/2017\/02\/Toyota_Coaster_Y_07-300x199.jpg 300w, https:\/\/www.paudimodel.com\/wp-content\/uploads\/2017\/02\/Toyota_Coaster_Y_07-450x299.jpg 450w, https:\/\/www.paudimodel.com\/wp-content\/uploads\/2017\/02\/Toyota_Coaster_Y_07-768x510.jpg 768w\" sizes=\"auto, (max-width: 990px) 100vw, 990px\" \/> <img loading=\"lazy\" decoding=\"async\" class=\"alignnone size-full wp-image-44417 aligncenter\" src=\"http:\/\/www.paudimodel.com\/wp-content\/uploads\/2017\/02\/Toyota_Coaster_Y_08.jpg\" alt=\"\" width=\"990\" height=\"658\" srcset=\"https:\/\/www.paudimodel.com\/wp-content\/uploads\/2017\/02\/Toyota_Coaster_Y_08.jpg 990w, https:\/\/www.paudimodel.com\/wp-content\/uploads\/2017\/02\/Toyota_Coaster_Y_08-300x199.jpg 300w, https:\/\/www.paudimodel.com\/wp-content\/uploads\/2017\/02\/Toyota_Coaster_Y_08-450x299.jpg 450w, https:\/\/www.paudimodel.com\/wp-content\/uploads\/2017\/02\/Toyota_Coaster_Y_08-768x510.jpg 768w\" sizes=\"auto, (max-width: 990px) 100vw, 990px\" \/> <img loading=\"lazy\" decoding=\"async\" class=\"alignnone size-full wp-image-44418 aligncenter\" src=\"http:\/\/www.paudimodel.com\/wp-content\/uploads\/2017\/02\/Toyota_Coaster_Y_09.jpg\" alt=\"\" width=\"990\" height=\"658\" srcset=\"https:\/\/www.paudimodel.com\/wp-content\/uploads\/2017\/02\/Toyota_Coaster_Y_09.jpg 990w, https:\/\/www.paudimodel.com\/wp-content\/uploads\/2017\/02\/Toyota_Coaster_Y_09-300x199.jpg 300w, https:\/\/www.paudimodel.com\/wp-content\/uploads\/2017\/02\/Toyota_Coaster_Y_09-450x299.jpg 450w, https:\/\/www.paudimodel.com\/wp-content\/uploads\/2017\/02\/Toyota_Coaster_Y_09-768x510.jpg 768w\" sizes=\"auto, (max-width: 990px) 100vw, 990px\" \/> <img loading=\"lazy\" decoding=\"async\" class=\"alignnone size-full wp-image-44419 aligncenter\" src=\"http:\/\/www.paudimodel.com\/wp-content\/uploads\/2017\/02\/Toyota_Coaster_Y_10.jpg\" alt=\"\" width=\"990\" height=\"658\" srcset=\"https:\/\/www.paudimodel.com\/wp-content\/uploads\/2017\/02\/Toyota_Coaster_Y_10.jpg 990w, https:\/\/www.paudimodel.com\/wp-content\/uploads\/2017\/02\/Toyota_Coaster_Y_10-300x199.jpg 300w, https:\/\/www.paudimodel.com\/wp-content\/uploads\/2017\/02\/Toyota_Coaster_Y_10-450x299.jpg 450w, https:\/\/www.paudimodel.com\/wp-content\/uploads\/2017\/02\/Toyota_Coaster_Y_10-768x510.jpg 768w\" sizes=\"auto, (max-width: 990px) 100vw, 990px\" \/> <img loading=\"lazy\" decoding=\"async\" class=\"alignnone size-full wp-image-44420 aligncenter\" src=\"http:\/\/www.paudimodel.com\/wp-content\/uploads\/2017\/02\/Toyota_Coaster_Y_11.jpg\" alt=\"\" width=\"990\" height=\"658\" srcset=\"https:\/\/www.paudimodel.com\/wp-content\/uploads\/2017\/02\/Toyota_Coaster_Y_11.jpg 990w, https:\/\/www.paudimodel.com\/wp-content\/uploads\/2017\/02\/Toyota_Coaster_Y_11-300x199.jpg 300w, https:\/\/www.paudimodel.com\/wp-content\/uploads\/2017\/02\/Toyota_Coaster_Y_11-450x299.jpg 450w, https:\/\/www.paudimodel.com\/wp-content\/uploads\/2017\/02\/Toyota_Coaster_Y_11-768x510.jpg 768w\" sizes=\"auto, (max-width: 990px) 100vw, 990px\" \/><\/p>","protected":false},"excerpt":{"rendered":"<p>Produktcode: 2359BG<\/p>\n<p>Farbe: Beige<\/p>\n<p>Dieses Produkt basiert auf den Toyota Coaster-Modellen und wurde verkleinert produziert. Das Modellauto im Ma\u00dfstab 1:18 ist ein hochwertiges Diecast-Modell aus der Toyota-Modellauto-Serie. Es besteht aus einer Zinklegierung und ist mit einer dreifachen elektrostatischen Lackierung versehen. Das Modellauto besteht aus Hunderten von Teilen und hat einen hohen Sammlerwert. Es eignet sich hervorragend als Sammlerst\u00fcck oder Geschenk. Die T\u00fcren, die Motorhaube und der Kofferraum lassen sich \u00f6ffnen, und der Innenraum ist beflockt.<\/p>","protected":false},"featured_media":44410,"comment_status":"open","ping_status":"closed","template":"","meta":[],"product_brand":[],"product_cat":[466,91],"product_tag":[516,62,50,63,55,793],"class_list":{"0":"post-44408","1":"product","2":"type-product","3":"status-publish","4":"has-post-thumbnail","6":"product_cat-1-18-scale","7":"product_cat-toyota","8":"product_tag-124-model-car","9":"product_tag-die-cast-model-car","10":"product_tag-diecast-model-car","11":"product_tag-hobby-model-car","12":"product_tag-model-car","13":"product_tag-toyota-coaster","14":"pa_color-beige","15":"pa_material-zinc-alloy-abs-variety-of-composite-materials","17":"first","18":"outofstock","19":"taxable","20":"shipping-taxable","21":"purchasable","22":"product-type-simple"},"yoast_head":"<!-- This site is optimized with the Yoast SEO Premium plugin v25.6 (Yoast SEO v26.7) - https:\/\/yoast.com\/wordpress\/plugins\/seo\/ -->\n<title>Toyota Coaster 2013 1\/24 Scale Diecast Model Car Wholesale - Paudi Model | High Quality Diecast Model<\/title>\n<meta name=\"robots\" content=\"index, follow, max-snippet:-1, max-image-preview:large, max-video-preview:-1\" \/>\n<link rel=\"canonical\" href=\"https:\/\/www.paudimodel.com\/de\/produkt\/wholesale-124-scale-toyota-coaster-2013-diecast-model-car\/\" \/>\n<meta property=\"og:locale\" content=\"de_DE\" \/>\n<meta property=\"og:type\" content=\"article\" \/>\n<meta property=\"og:title\" content=\"Toyota Coaster 2013 1\/24 Scale Diecast Model Car Wholesale\" \/>\n<meta property=\"og:url\" content=\"https:\/\/www.paudimodel.com\/de\/produkt\/wholesale-124-scale-toyota-coaster-2013-diecast-model-car\/\" \/>\n<meta property=\"og:site_name\" content=\"Paudi Model | High Quality Diecast Model\" \/>\n<meta property=\"article:publisher\" content=\"https:\/\/www.facebook\/paudimodel\" \/>\n<meta property=\"article:modified_time\" content=\"2025-08-03T08:06:19+00:00\" \/>\n<meta property=\"og:image\" content=\"https:\/\/www.paudimodel.com\/wp-content\/uploads\/2017\/02\/Toyota_Coaster_Y_01.jpg\" \/>\n\t<meta property=\"og:image:width\" content=\"990\" \/>\n\t<meta property=\"og:image:height\" content=\"658\" \/>\n\t<meta property=\"og:image:type\" content=\"image\/jpeg\" \/>\n<meta name=\"twitter:card\" content=\"summary_large_image\" \/>\n<meta name=\"twitter:site\" content=\"@paudimodel\" \/>\n<script type=\"application\/ld+json\" class=\"yoast-schema-graph\">{\"@context\":\"https:\/\/schema.org\",\"@graph\":[{\"@type\":\"WebPage\",\"@id\":\"https:\/\/www.paudimodel.com\/product\/wholesale-124-scale-toyota-coaster-2013-diecast-model-car\/\",\"url\":\"https:\/\/www.paudimodel.com\/product\/wholesale-124-scale-toyota-coaster-2013-diecast-model-car\/\",\"name\":\"Toyota Coaster 2013 1\/24 Scale Diecast Model Car Wholesale - Paudi Model | High Quality Diecast Model\",\"isPartOf\":{\"@id\":\"https:\/\/www.paudimodel.com\/#website\"},\"primaryImageOfPage\":{\"@id\":\"https:\/\/www.paudimodel.com\/product\/wholesale-124-scale-toyota-coaster-2013-diecast-model-car\/#primaryimage\"},\"image\":{\"@id\":\"https:\/\/www.paudimodel.com\/product\/wholesale-124-scale-toyota-coaster-2013-diecast-model-car\/#primaryimage\"},\"thumbnailUrl\":\"https:\/\/www.paudimodel.com\/wp-content\/uploads\/2017\/02\/Toyota_Coaster_Y_01.jpg\",\"datePublished\":\"2017-02-10T19:43:25+00:00\",\"dateModified\":\"2025-08-03T08:06:19+00:00\",\"breadcrumb\":{\"@id\":\"https:\/\/www.paudimodel.com\/product\/wholesale-124-scale-toyota-coaster-2013-diecast-model-car\/#breadcrumb\"},\"inLanguage\":\"de\",\"potentialAction\":[{\"@type\":\"ReadAction\",\"target\":[\"https:\/\/www.paudimodel.com\/product\/wholesale-124-scale-toyota-coaster-2013-diecast-model-car\/\"]}]},{\"@type\":\"ImageObject\",\"inLanguage\":\"de\",\"@id\":\"https:\/\/www.paudimodel.com\/product\/wholesale-124-scale-toyota-coaster-2013-diecast-model-car\/#primaryimage\",\"url\":\"https:\/\/www.paudimodel.com\/wp-content\/uploads\/2017\/02\/Toyota_Coaster_Y_01.jpg\",\"contentUrl\":\"https:\/\/www.paudimodel.com\/wp-content\/uploads\/2017\/02\/Toyota_Coaster_Y_01.jpg\",\"width\":990,\"height\":658},{\"@type\":\"BreadcrumbList\",\"@id\":\"https:\/\/www.paudimodel.com\/product\/wholesale-124-scale-toyota-coaster-2013-diecast-model-car\/#breadcrumb\",\"itemListElement\":[{\"@type\":\"ListItem\",\"position\":1,\"name\":\"Home\",\"item\":\"https:\/\/www.paudimodel.com\/\"},{\"@type\":\"ListItem\",\"position\":2,\"name\":\"Products\",\"item\":\"https:\/\/www.paudimodel.com\/products\/\"},{\"@type\":\"ListItem\",\"position\":3,\"name\":\"Toyota Coaster 2013 1\/24 Scale Diecast Model Car Wholesale\"}]},{\"@type\":\"WebSite\",\"@id\":\"https:\/\/www.paudimodel.com\/#website\",\"url\":\"https:\/\/www.paudimodel.com\/\",\"name\":\"Paudi Model | High Quality Diecast Model\",\"description\":\"Shop For Diecast Models From Top-Rated Brands Like Dealer Edition, Paudi, Kyosho, Autoart &amp; More. Low Online Prices. Super-Detailed Models.Find Your Make &amp; Model.Huge Selection. Satisfaction Guaranteed. Types: Diecast Model Cars, Diecast Model Trucks.\",\"publisher\":{\"@id\":\"https:\/\/www.paudimodel.com\/#organization\"},\"alternateName\":\"Scale model design, development and production\",\"potentialAction\":[{\"@type\":\"SearchAction\",\"target\":{\"@type\":\"EntryPoint\",\"urlTemplate\":\"https:\/\/www.paudimodel.com\/?s={search_term_string}\"},\"query-input\":{\"@type\":\"PropertyValueSpecification\",\"valueRequired\":true,\"valueName\":\"search_term_string\"}}],\"inLanguage\":\"de\"},{\"@type\":\"Organization\",\"@id\":\"https:\/\/www.paudimodel.com\/#organization\",\"name\":\"Guangzhou Paudi Model Technology Ltd.\",\"url\":\"https:\/\/www.paudimodel.com\/\",\"logo\":{\"@type\":\"ImageObject\",\"inLanguage\":\"de\",\"@id\":\"https:\/\/www.paudimodel.com\/#\/schema\/logo\/image\/\",\"url\":\"https:\/\/www.paudimodel.com\/wp-content\/uploads\/2023\/02\/696x696.png\",\"contentUrl\":\"https:\/\/www.paudimodel.com\/wp-content\/uploads\/2023\/02\/696x696.png\",\"width\":696,\"height\":696,\"caption\":\"Guangzhou Paudi Model Technology Ltd.\"},\"image\":{\"@id\":\"https:\/\/www.paudimodel.com\/#\/schema\/logo\/image\/\"},\"sameAs\":[\"https:\/\/www.facebook\/paudimodel\",\"https:\/\/x.com\/paudimodel\"]}]}<\/script>\n<!-- \/ Yoast SEO Premium plugin. -->","yoast_head_json":{"title":"Toyota Coaster 2013 1\/24 Scale Diecast Model Car Wholesale - Paudi Model | High Quality Diecast Model","robots":{"index":"index","follow":"follow","max-snippet":"max-snippet:-1","max-image-preview":"max-image-preview:large","max-video-preview":"max-video-preview:-1"},"canonical":"https:\/\/www.paudimodel.com\/de\/produkt\/wholesale-124-scale-toyota-coaster-2013-diecast-model-car\/","og_locale":"de_DE","og_type":"article","og_title":"Toyota Coaster 2013 1\/24 Scale Diecast Model Car Wholesale","og_url":"https:\/\/www.paudimodel.com\/de\/produkt\/wholesale-124-scale-toyota-coaster-2013-diecast-model-car\/","og_site_name":"Paudi Model | High Quality Diecast Model","article_publisher":"https:\/\/www.facebook\/paudimodel","article_modified_time":"2025-08-03T08:06:19+00:00","og_image":[{"width":990,"height":658,"url":"https:\/\/www.paudimodel.com\/wp-content\/uploads\/2017\/02\/Toyota_Coaster_Y_01.jpg","type":"image\/jpeg"}],"twitter_card":"summary_large_image","twitter_site":"@paudimodel","schema":{"@context":"https:\/\/schema.org","@graph":[{"@type":"WebPage","@id":"https:\/\/www.paudimodel.com\/product\/wholesale-124-scale-toyota-coaster-2013-diecast-model-car\/","url":"https:\/\/www.paudimodel.com\/product\/wholesale-124-scale-toyota-coaster-2013-diecast-model-car\/","name":"Toyota Coaster 2013 1\/24 Scale Diecast Model Car Wholesale - Paudi Model | High Quality Diecast Model","isPartOf":{"@id":"https:\/\/www.paudimodel.com\/#website"},"primaryImageOfPage":{"@id":"https:\/\/www.paudimodel.com\/product\/wholesale-124-scale-toyota-coaster-2013-diecast-model-car\/#primaryimage"},"image":{"@id":"https:\/\/www.paudimodel.com\/product\/wholesale-124-scale-toyota-coaster-2013-diecast-model-car\/#primaryimage"},"thumbnailUrl":"https:\/\/www.paudimodel.com\/wp-content\/uploads\/2017\/02\/Toyota_Coaster_Y_01.jpg","datePublished":"2017-02-10T19:43:25+00:00","dateModified":"2025-08-03T08:06:19+00:00","breadcrumb":{"@id":"https:\/\/www.paudimodel.com\/product\/wholesale-124-scale-toyota-coaster-2013-diecast-model-car\/#breadcrumb"},"inLanguage":"de","potentialAction":[{"@type":"ReadAction","target":["https:\/\/www.paudimodel.com\/product\/wholesale-124-scale-toyota-coaster-2013-diecast-model-car\/"]}]},{"@type":"ImageObject","inLanguage":"de","@id":"https:\/\/www.paudimodel.com\/product\/wholesale-124-scale-toyota-coaster-2013-diecast-model-car\/#primaryimage","url":"https:\/\/www.paudimodel.com\/wp-content\/uploads\/2017\/02\/Toyota_Coaster_Y_01.jpg","contentUrl":"https:\/\/www.paudimodel.com\/wp-content\/uploads\/2017\/02\/Toyota_Coaster_Y_01.jpg","width":990,"height":658},{"@type":"BreadcrumbList","@id":"https:\/\/www.paudimodel.com\/product\/wholesale-124-scale-toyota-coaster-2013-diecast-model-car\/#breadcrumb","itemListElement":[{"@type":"ListItem","position":1,"name":"Home","item":"https:\/\/www.paudimodel.com\/"},{"@type":"ListItem","position":2,"name":"Products","item":"https:\/\/www.paudimodel.com\/products\/"},{"@type":"ListItem","position":3,"name":"Toyota Coaster 2013 1\/24 Scale Diecast Model Car Wholesale"}]},{"@type":"WebSite","@id":"https:\/\/www.paudimodel.com\/#website","url":"https:\/\/www.paudimodel.com\/","name":"Paudi-Modell | Hochwertiges Druckgussmodell","description":"Kaufen Sie Druckgussmodelle von Top-Marken wie Dealer Edition, Paudi, Kyosho, Autoart und mehr. G\u00fcnstige Online-Preise. Superdetaillierte Modelle. Finden Sie Ihre Marke und Ihr Modell. Riesige Auswahl. Zufriedenheitsgarantie. Typen: Druckguss-Modellautos, Druckguss-Modell-LKWs.","publisher":{"@id":"https:\/\/www.paudimodel.com\/#organization"},"alternateName":"Scale model design, development and production","potentialAction":[{"@type":"SearchAction","target":{"@type":"EntryPoint","urlTemplate":"https:\/\/www.paudimodel.com\/?s={search_term_string}"},"query-input":{"@type":"PropertyValueSpecification","valueRequired":true,"valueName":"search_term_string"}}],"inLanguage":"de"},{"@type":"Organization","@id":"https:\/\/www.paudimodel.com\/#organization","name":"Guangzhou Paudi Model Technology Ltd.","url":"https:\/\/www.paudimodel.com\/","logo":{"@type":"ImageObject","inLanguage":"de","@id":"https:\/\/www.paudimodel.com\/#\/schema\/logo\/image\/","url":"https:\/\/www.paudimodel.com\/wp-content\/uploads\/2023\/02\/696x696.png","contentUrl":"https:\/\/www.paudimodel.com\/wp-content\/uploads\/2023\/02\/696x696.png","width":696,"height":696,"caption":"Guangzhou Paudi Model Technology Ltd."},"image":{"@id":"https:\/\/www.paudimodel.com\/#\/schema\/logo\/image\/"},"sameAs":["https:\/\/www.facebook\/paudimodel","https:\/\/x.com\/paudimodel"]}]}},"_links":{"self":[{"href":"https:\/\/www.paudimodel.com\/de\/wp-json\/wp\/v2\/product\/44408","targetHints":{"allow":["GET"]}}],"collection":[{"href":"https:\/\/www.paudimodel.com\/de\/wp-json\/wp\/v2\/product"}],"about":[{"href":"https:\/\/www.paudimodel.com\/de\/wp-json\/wp\/v2\/types\/product"}],"replies":[{"embeddable":true,"href":"https:\/\/www.paudimodel.com\/de\/wp-json\/wp\/v2\/comments?post=44408"}],"wp:featuredmedia":[{"embeddable":true,"href":"https:\/\/www.paudimodel.com\/de\/wp-json\/wp\/v2\/media\/44410"}],"wp:attachment":[{"href":"https:\/\/www.paudimodel.com\/de\/wp-json\/wp\/v2\/media?parent=44408"}],"wp:term":[{"taxonomy":"product_brand","embeddable":true,"href":"https:\/\/www.paudimodel.com\/de\/wp-json\/wp\/v2\/product_brand?post=44408"},{"taxonomy":"product_cat","embeddable":true,"href":"https:\/\/www.paudimodel.com\/de\/wp-json\/wp\/v2\/product_cat?post=44408"},{"taxonomy":"product_tag","embeddable":true,"href":"https:\/\/www.paudimodel.com\/de\/wp-json\/wp\/v2\/product_tag?post=44408"}],"curies":[{"name":"wp","href":"https:\/\/api.w.org\/{rel}","templated":true}]}}