{"id":44512,"date":"2017-02-13T10:11:51","date_gmt":"2017-02-13T02:11:51","guid":{"rendered":"http:\/\/www.paudimodel.com\/?post_type=product&#038;p=44512"},"modified":"2020-10-13T09:00:18","modified_gmt":"2020-10-13T09:00:18","slug":"vw-volkswagen-new-cross-polo-2012-118-scale-diecast-model-car-wholesale","status":"publish","type":"product","link":"https:\/\/www.paudimodel.com\/de\/produkt\/vw-volkswagen-new-cross-polo-2012-118-scale-diecast-model-car-wholesale\/","title":{"rendered":"VW Volkswagen NEW CROSS POLO 2012 1\/18 Ma\u00dfstab Druckguss Modellauto Gro\u00dfhandel"},"content":{"rendered":"<p><img loading=\"lazy\" decoding=\"async\" class=\"alignnone size-full wp-image-44514 aligncenter\" src=\"http:\/\/www.paudimodel.com\/wp-content\/uploads\/2017\/02\/Volkswagen_Cross-Polo-2012_or_01.jpg\" alt=\"\" width=\"990\" height=\"660\" srcset=\"https:\/\/www.paudimodel.com\/wp-content\/uploads\/2017\/02\/Volkswagen_Cross-Polo-2012_or_01.jpg 990w, https:\/\/www.paudimodel.com\/wp-content\/uploads\/2017\/02\/Volkswagen_Cross-Polo-2012_or_01-300x200.jpg 300w, https:\/\/www.paudimodel.com\/wp-content\/uploads\/2017\/02\/Volkswagen_Cross-Polo-2012_or_01-450x300.jpg 450w, https:\/\/www.paudimodel.com\/wp-content\/uploads\/2017\/02\/Volkswagen_Cross-Polo-2012_or_01-768x512.jpg 768w\" sizes=\"auto, (max-width: 990px) 100vw, 990px\" \/> <img loading=\"lazy\" decoding=\"async\" class=\"alignnone size-full wp-image-44515 aligncenter\" src=\"http:\/\/www.paudimodel.com\/wp-content\/uploads\/2017\/02\/Volkswagen_Cross-Polo-2012_or_02.jpg\" alt=\"\" width=\"990\" height=\"660\" srcset=\"https:\/\/www.paudimodel.com\/wp-content\/uploads\/2017\/02\/Volkswagen_Cross-Polo-2012_or_02.jpg 990w, https:\/\/www.paudimodel.com\/wp-content\/uploads\/2017\/02\/Volkswagen_Cross-Polo-2012_or_02-300x200.jpg 300w, https:\/\/www.paudimodel.com\/wp-content\/uploads\/2017\/02\/Volkswagen_Cross-Polo-2012_or_02-450x300.jpg 450w, https:\/\/www.paudimodel.com\/wp-content\/uploads\/2017\/02\/Volkswagen_Cross-Polo-2012_or_02-768x512.jpg 768w\" sizes=\"auto, (max-width: 990px) 100vw, 990px\" \/> <img loading=\"lazy\" decoding=\"async\" class=\"alignnone size-full wp-image-44516 aligncenter\" src=\"http:\/\/www.paudimodel.com\/wp-content\/uploads\/2017\/02\/Volkswagen_Cross-Polo-2012_or_03.jpg\" alt=\"\" width=\"990\" height=\"660\" srcset=\"https:\/\/www.paudimodel.com\/wp-content\/uploads\/2017\/02\/Volkswagen_Cross-Polo-2012_or_03.jpg 990w, https:\/\/www.paudimodel.com\/wp-content\/uploads\/2017\/02\/Volkswagen_Cross-Polo-2012_or_03-300x200.jpg 300w, https:\/\/www.paudimodel.com\/wp-content\/uploads\/2017\/02\/Volkswagen_Cross-Polo-2012_or_03-450x300.jpg 450w, https:\/\/www.paudimodel.com\/wp-content\/uploads\/2017\/02\/Volkswagen_Cross-Polo-2012_or_03-768x512.jpg 768w\" sizes=\"auto, (max-width: 990px) 100vw, 990px\" \/> <img loading=\"lazy\" decoding=\"async\" class=\"alignnone size-full wp-image-44517 aligncenter\" src=\"http:\/\/www.paudimodel.com\/wp-content\/uploads\/2017\/02\/Volkswagen_Cross-Polo-2012_or_04.jpg\" alt=\"\" width=\"990\" height=\"660\" srcset=\"https:\/\/www.paudimodel.com\/wp-content\/uploads\/2017\/02\/Volkswagen_Cross-Polo-2012_or_04.jpg 990w, https:\/\/www.paudimodel.com\/wp-content\/uploads\/2017\/02\/Volkswagen_Cross-Polo-2012_or_04-300x200.jpg 300w, https:\/\/www.paudimodel.com\/wp-content\/uploads\/2017\/02\/Volkswagen_Cross-Polo-2012_or_04-450x300.jpg 450w, https:\/\/www.paudimodel.com\/wp-content\/uploads\/2017\/02\/Volkswagen_Cross-Polo-2012_or_04-768x512.jpg 768w\" sizes=\"auto, (max-width: 990px) 100vw, 990px\" \/> <img loading=\"lazy\" decoding=\"async\" class=\"alignnone size-full wp-image-44518 aligncenter\" src=\"http:\/\/www.paudimodel.com\/wp-content\/uploads\/2017\/02\/Volkswagen_Cross-Polo-2012_or_05.jpg\" alt=\"\" width=\"990\" height=\"660\" srcset=\"https:\/\/www.paudimodel.com\/wp-content\/uploads\/2017\/02\/Volkswagen_Cross-Polo-2012_or_05.jpg 990w, https:\/\/www.paudimodel.com\/wp-content\/uploads\/2017\/02\/Volkswagen_Cross-Polo-2012_or_05-300x200.jpg 300w, https:\/\/www.paudimodel.com\/wp-content\/uploads\/2017\/02\/Volkswagen_Cross-Polo-2012_or_05-450x300.jpg 450w, https:\/\/www.paudimodel.com\/wp-content\/uploads\/2017\/02\/Volkswagen_Cross-Polo-2012_or_05-768x512.jpg 768w\" sizes=\"auto, (max-width: 990px) 100vw, 990px\" \/> <img loading=\"lazy\" decoding=\"async\" class=\"alignnone size-full wp-image-44519 aligncenter\" src=\"http:\/\/www.paudimodel.com\/wp-content\/uploads\/2017\/02\/Volkswagen_Cross-Polo-2012_or_06.jpg\" alt=\"\" width=\"990\" height=\"660\" srcset=\"https:\/\/www.paudimodel.com\/wp-content\/uploads\/2017\/02\/Volkswagen_Cross-Polo-2012_or_06.jpg 990w, https:\/\/www.paudimodel.com\/wp-content\/uploads\/2017\/02\/Volkswagen_Cross-Polo-2012_or_06-300x200.jpg 300w, https:\/\/www.paudimodel.com\/wp-content\/uploads\/2017\/02\/Volkswagen_Cross-Polo-2012_or_06-450x300.jpg 450w, https:\/\/www.paudimodel.com\/wp-content\/uploads\/2017\/02\/Volkswagen_Cross-Polo-2012_or_06-768x512.jpg 768w\" sizes=\"auto, (max-width: 990px) 100vw, 990px\" \/> <img loading=\"lazy\" decoding=\"async\" class=\"alignnone size-full wp-image-44520 aligncenter\" src=\"http:\/\/www.paudimodel.com\/wp-content\/uploads\/2017\/02\/Volkswagen_Cross-Polo-2012_or_07.jpg\" alt=\"\" width=\"990\" height=\"660\" srcset=\"https:\/\/www.paudimodel.com\/wp-content\/uploads\/2017\/02\/Volkswagen_Cross-Polo-2012_or_07.jpg 990w, https:\/\/www.paudimodel.com\/wp-content\/uploads\/2017\/02\/Volkswagen_Cross-Polo-2012_or_07-300x200.jpg 300w, https:\/\/www.paudimodel.com\/wp-content\/uploads\/2017\/02\/Volkswagen_Cross-Polo-2012_or_07-450x300.jpg 450w, https:\/\/www.paudimodel.com\/wp-content\/uploads\/2017\/02\/Volkswagen_Cross-Polo-2012_or_07-768x512.jpg 768w\" sizes=\"auto, (max-width: 990px) 100vw, 990px\" \/> <img loading=\"lazy\" decoding=\"async\" class=\"alignnone size-full wp-image-44521 aligncenter\" src=\"http:\/\/www.paudimodel.com\/wp-content\/uploads\/2017\/02\/Volkswagen_Cross-Polo-2012_or_08.jpg\" alt=\"\" width=\"990\" height=\"660\" srcset=\"https:\/\/www.paudimodel.com\/wp-content\/uploads\/2017\/02\/Volkswagen_Cross-Polo-2012_or_08.jpg 990w, https:\/\/www.paudimodel.com\/wp-content\/uploads\/2017\/02\/Volkswagen_Cross-Polo-2012_or_08-300x200.jpg 300w, https:\/\/www.paudimodel.com\/wp-content\/uploads\/2017\/02\/Volkswagen_Cross-Polo-2012_or_08-450x300.jpg 450w, https:\/\/www.paudimodel.com\/wp-content\/uploads\/2017\/02\/Volkswagen_Cross-Polo-2012_or_08-768x512.jpg 768w\" sizes=\"auto, (max-width: 990px) 100vw, 990px\" \/> <img loading=\"lazy\" decoding=\"async\" class=\"alignnone size-full wp-image-44522 aligncenter\" src=\"http:\/\/www.paudimodel.com\/wp-content\/uploads\/2017\/02\/Volkswagen_Cross-Polo-2012_or_09.jpg\" alt=\"\" width=\"990\" height=\"660\" srcset=\"https:\/\/www.paudimodel.com\/wp-content\/uploads\/2017\/02\/Volkswagen_Cross-Polo-2012_or_09.jpg 990w, https:\/\/www.paudimodel.com\/wp-content\/uploads\/2017\/02\/Volkswagen_Cross-Polo-2012_or_09-300x200.jpg 300w, https:\/\/www.paudimodel.com\/wp-content\/uploads\/2017\/02\/Volkswagen_Cross-Polo-2012_or_09-450x300.jpg 450w, https:\/\/www.paudimodel.com\/wp-content\/uploads\/2017\/02\/Volkswagen_Cross-Polo-2012_or_09-768x512.jpg 768w\" sizes=\"auto, (max-width: 990px) 100vw, 990px\" \/> <img loading=\"lazy\" decoding=\"async\" class=\"alignnone size-full wp-image-44523 aligncenter\" src=\"http:\/\/www.paudimodel.com\/wp-content\/uploads\/2017\/02\/Volkswagen_Cross-Polo-2012_or_10.jpg\" alt=\"\" width=\"990\" height=\"660\" srcset=\"https:\/\/www.paudimodel.com\/wp-content\/uploads\/2017\/02\/Volkswagen_Cross-Polo-2012_or_10.jpg 990w, https:\/\/www.paudimodel.com\/wp-content\/uploads\/2017\/02\/Volkswagen_Cross-Polo-2012_or_10-300x200.jpg 300w, https:\/\/www.paudimodel.com\/wp-content\/uploads\/2017\/02\/Volkswagen_Cross-Polo-2012_or_10-450x300.jpg 450w, https:\/\/www.paudimodel.com\/wp-content\/uploads\/2017\/02\/Volkswagen_Cross-Polo-2012_or_10-768x512.jpg 768w\" sizes=\"auto, (max-width: 990px) 100vw, 990px\" \/> <img loading=\"lazy\" decoding=\"async\" class=\"alignnone size-full wp-image-44524 aligncenter\" src=\"http:\/\/www.paudimodel.com\/wp-content\/uploads\/2017\/02\/Volkswagen_Cross-Polo-2012_or_11.jpg\" alt=\"\" width=\"990\" height=\"660\" srcset=\"https:\/\/www.paudimodel.com\/wp-content\/uploads\/2017\/02\/Volkswagen_Cross-Polo-2012_or_11.jpg 990w, https:\/\/www.paudimodel.com\/wp-content\/uploads\/2017\/02\/Volkswagen_Cross-Polo-2012_or_11-300x200.jpg 300w, https:\/\/www.paudimodel.com\/wp-content\/uploads\/2017\/02\/Volkswagen_Cross-Polo-2012_or_11-450x300.jpg 450w, https:\/\/www.paudimodel.com\/wp-content\/uploads\/2017\/02\/Volkswagen_Cross-Polo-2012_or_11-768x512.jpg 768w\" sizes=\"auto, (max-width: 990px) 100vw, 990px\" \/> <img loading=\"lazy\" decoding=\"async\" class=\"alignnone size-full wp-image-44525 aligncenter\" src=\"http:\/\/www.paudimodel.com\/wp-content\/uploads\/2017\/02\/Volkswagen_Cross-Polo-2012_or_12.jpg\" alt=\"\" width=\"990\" height=\"660\" srcset=\"https:\/\/www.paudimodel.com\/wp-content\/uploads\/2017\/02\/Volkswagen_Cross-Polo-2012_or_12.jpg 990w, https:\/\/www.paudimodel.com\/wp-content\/uploads\/2017\/02\/Volkswagen_Cross-Polo-2012_or_12-300x200.jpg 300w, https:\/\/www.paudimodel.com\/wp-content\/uploads\/2017\/02\/Volkswagen_Cross-Polo-2012_or_12-450x300.jpg 450w, https:\/\/www.paudimodel.com\/wp-content\/uploads\/2017\/02\/Volkswagen_Cross-Polo-2012_or_12-768x512.jpg 768w\" sizes=\"auto, (max-width: 990px) 100vw, 990px\" \/> <img loading=\"lazy\" decoding=\"async\" class=\"alignnone size-full wp-image-44526 aligncenter\" src=\"http:\/\/www.paudimodel.com\/wp-content\/uploads\/2017\/02\/Volkswagen_Cross-Polo-2012_or_13.jpg\" alt=\"\" width=\"990\" height=\"660\" srcset=\"https:\/\/www.paudimodel.com\/wp-content\/uploads\/2017\/02\/Volkswagen_Cross-Polo-2012_or_13.jpg 990w, https:\/\/www.paudimodel.com\/wp-content\/uploads\/2017\/02\/Volkswagen_Cross-Polo-2012_or_13-300x200.jpg 300w, https:\/\/www.paudimodel.com\/wp-content\/uploads\/2017\/02\/Volkswagen_Cross-Polo-2012_or_13-450x300.jpg 450w, https:\/\/www.paudimodel.com\/wp-content\/uploads\/2017\/02\/Volkswagen_Cross-Polo-2012_or_13-768x512.jpg 768w\" sizes=\"auto, (max-width: 990px) 100vw, 990px\" \/> <img loading=\"lazy\" decoding=\"async\" class=\"alignnone size-full wp-image-44527 aligncenter\" src=\"http:\/\/www.paudimodel.com\/wp-content\/uploads\/2017\/02\/Volkswagen_Cross-Polo-2012_or_14.jpg\" alt=\"\" width=\"990\" height=\"660\" srcset=\"https:\/\/www.paudimodel.com\/wp-content\/uploads\/2017\/02\/Volkswagen_Cross-Polo-2012_or_14.jpg 990w, https:\/\/www.paudimodel.com\/wp-content\/uploads\/2017\/02\/Volkswagen_Cross-Polo-2012_or_14-300x200.jpg 300w, https:\/\/www.paudimodel.com\/wp-content\/uploads\/2017\/02\/Volkswagen_Cross-Polo-2012_or_14-450x300.jpg 450w, https:\/\/www.paudimodel.com\/wp-content\/uploads\/2017\/02\/Volkswagen_Cross-Polo-2012_or_14-768x512.jpg 768w\" sizes=\"auto, (max-width: 990px) 100vw, 990px\" \/><\/p>","protected":false},"excerpt":{"rendered":"<p>Produktcode: 2276OR<\/p>\n<p>Farbe: Orange<\/p>\n<p>Dieses Modellauto, eine detailgetreue Nachbildung des Volkswagen Cross Polo im Ma\u00dfstab 1:18, ist ein hochwertiges Diecast-Modell aus der Volkswagen-Modellauto-Serie. Es besteht aus einer Zinklegierung und ist mit einer dreifachen elektrostatischen Lackierung versehen. Das Modellauto verf\u00fcgt \u00fcber Hunderte von Einzelteilen und ist aufgrund seines Sammlerwerts die ideale Wahl f\u00fcr Sammler und als Geschenk. Die Karosserie ist aus einer Zinklegierung gefertigt und verf\u00fcgt \u00fcber Vorder- und Hinterradaufh\u00e4ngung, vier zu \u00f6ffnende T\u00fcren, eine zu \u00f6ffnende Motorhaube, die den Blick auf die Motorkomponenten freigibt, eine zu \u00f6ffnende Heckklappe, ein dreidimensionales Armaturenbrett und hochpr\u00e4zise galvanisierte Reifen.<\/p>","protected":false},"featured_media":44514,"comment_status":"open","ping_status":"closed","template":"","meta":[],"product_brand":[],"product_cat":[466,147],"product_tag":[520],"class_list":{"0":"post-44512","1":"product","2":"type-product","3":"status-publish","4":"has-post-thumbnail","6":"product_cat-1-18-scale","7":"product_cat-volkswagen","8":"product_tag-cross-polo","9":"pa_color-orange","10":"pa_material-zinc-alloy-abs-variety-of-composite-materials","11":"pa_scale-34","13":"first","14":"outofstock","15":"taxable","16":"shipping-taxable","17":"purchasable","18":"product-type-simple"},"yoast_head":"<!-- This site is optimized with the Yoast SEO Premium plugin v25.6 (Yoast SEO v26.7) - https:\/\/yoast.com\/wordpress\/plugins\/seo\/ -->\n<title>VW Volkswagen NEW CROSS POLO 2012 1\/18 Scale Diecast Model Car Wholesale - Paudi Model | High Quality Diecast Model<\/title>\n<meta name=\"robots\" content=\"index, follow, max-snippet:-1, max-image-preview:large, max-video-preview:-1\" \/>\n<link rel=\"canonical\" href=\"https:\/\/www.paudimodel.com\/de\/produkt\/vw-volkswagen-new-cross-polo-2012-118-scale-diecast-model-car-wholesale\/\" \/>\n<meta property=\"og:locale\" content=\"de_DE\" \/>\n<meta property=\"og:type\" content=\"article\" \/>\n<meta property=\"og:title\" content=\"VW Volkswagen NEW CROSS POLO 2012 1\/18 Scale Diecast Model Car Wholesale\" \/>\n<meta property=\"og:url\" content=\"https:\/\/www.paudimodel.com\/de\/produkt\/vw-volkswagen-new-cross-polo-2012-118-scale-diecast-model-car-wholesale\/\" \/>\n<meta property=\"og:site_name\" content=\"Paudi Model | High Quality Diecast Model\" \/>\n<meta property=\"article:publisher\" content=\"https:\/\/www.facebook\/paudimodel\" \/>\n<meta property=\"article:modified_time\" content=\"2020-10-13T09:00:18+00:00\" \/>\n<meta property=\"og:image\" content=\"https:\/\/www.paudimodel.com\/wp-content\/uploads\/2017\/02\/Volkswagen_Cross-Polo-2012_or_01.jpg\" \/>\n\t<meta property=\"og:image:width\" content=\"990\" \/>\n\t<meta property=\"og:image:height\" content=\"660\" \/>\n\t<meta property=\"og:image:type\" content=\"image\/jpeg\" \/>\n<meta name=\"twitter:card\" content=\"summary_large_image\" \/>\n<meta name=\"twitter:site\" content=\"@paudimodel\" \/>\n<script type=\"application\/ld+json\" class=\"yoast-schema-graph\">{\"@context\":\"https:\/\/schema.org\",\"@graph\":[{\"@type\":\"WebPage\",\"@id\":\"https:\/\/www.paudimodel.com\/product\/vw-volkswagen-new-cross-polo-2012-118-scale-diecast-model-car-wholesale\/\",\"url\":\"https:\/\/www.paudimodel.com\/product\/vw-volkswagen-new-cross-polo-2012-118-scale-diecast-model-car-wholesale\/\",\"name\":\"VW Volkswagen NEW CROSS POLO 2012 1\/18 Scale Diecast Model Car Wholesale - Paudi Model | High Quality Diecast Model\",\"isPartOf\":{\"@id\":\"https:\/\/www.paudimodel.com\/#website\"},\"primaryImageOfPage\":{\"@id\":\"https:\/\/www.paudimodel.com\/product\/vw-volkswagen-new-cross-polo-2012-118-scale-diecast-model-car-wholesale\/#primaryimage\"},\"image\":{\"@id\":\"https:\/\/www.paudimodel.com\/product\/vw-volkswagen-new-cross-polo-2012-118-scale-diecast-model-car-wholesale\/#primaryimage\"},\"thumbnailUrl\":\"https:\/\/www.paudimodel.com\/wp-content\/uploads\/2017\/02\/Volkswagen_Cross-Polo-2012_or_01.jpg\",\"datePublished\":\"2017-02-13T02:11:51+00:00\",\"dateModified\":\"2020-10-13T09:00:18+00:00\",\"breadcrumb\":{\"@id\":\"https:\/\/www.paudimodel.com\/product\/vw-volkswagen-new-cross-polo-2012-118-scale-diecast-model-car-wholesale\/#breadcrumb\"},\"inLanguage\":\"de\",\"potentialAction\":[{\"@type\":\"ReadAction\",\"target\":[\"https:\/\/www.paudimodel.com\/product\/vw-volkswagen-new-cross-polo-2012-118-scale-diecast-model-car-wholesale\/\"]}]},{\"@type\":\"ImageObject\",\"inLanguage\":\"de\",\"@id\":\"https:\/\/www.paudimodel.com\/product\/vw-volkswagen-new-cross-polo-2012-118-scale-diecast-model-car-wholesale\/#primaryimage\",\"url\":\"https:\/\/www.paudimodel.com\/wp-content\/uploads\/2017\/02\/Volkswagen_Cross-Polo-2012_or_01.jpg\",\"contentUrl\":\"https:\/\/www.paudimodel.com\/wp-content\/uploads\/2017\/02\/Volkswagen_Cross-Polo-2012_or_01.jpg\",\"width\":990,\"height\":660},{\"@type\":\"BreadcrumbList\",\"@id\":\"https:\/\/www.paudimodel.com\/product\/vw-volkswagen-new-cross-polo-2012-118-scale-diecast-model-car-wholesale\/#breadcrumb\",\"itemListElement\":[{\"@type\":\"ListItem\",\"position\":1,\"name\":\"Home\",\"item\":\"https:\/\/www.paudimodel.com\/\"},{\"@type\":\"ListItem\",\"position\":2,\"name\":\"Products\",\"item\":\"https:\/\/www.paudimodel.com\/products\/\"},{\"@type\":\"ListItem\",\"position\":3,\"name\":\"VW Volkswagen NEW CROSS POLO 2012 1\/18 Scale Diecast Model Car Wholesale\"}]},{\"@type\":\"WebSite\",\"@id\":\"https:\/\/www.paudimodel.com\/#website\",\"url\":\"https:\/\/www.paudimodel.com\/\",\"name\":\"Paudi Model | High Quality Diecast Model\",\"description\":\"Shop For Diecast Models From Top-Rated Brands Like Dealer Edition, Paudi, Kyosho, Autoart &amp; More. Low Online Prices. Super-Detailed Models.Find Your Make &amp; Model.Huge Selection. Satisfaction Guaranteed. Types: Diecast Model Cars, Diecast Model Trucks.\",\"publisher\":{\"@id\":\"https:\/\/www.paudimodel.com\/#organization\"},\"alternateName\":\"Scale model design, development and production\",\"potentialAction\":[{\"@type\":\"SearchAction\",\"target\":{\"@type\":\"EntryPoint\",\"urlTemplate\":\"https:\/\/www.paudimodel.com\/?s={search_term_string}\"},\"query-input\":{\"@type\":\"PropertyValueSpecification\",\"valueRequired\":true,\"valueName\":\"search_term_string\"}}],\"inLanguage\":\"de\"},{\"@type\":\"Organization\",\"@id\":\"https:\/\/www.paudimodel.com\/#organization\",\"name\":\"Guangzhou Paudi Model Technology Ltd.\",\"url\":\"https:\/\/www.paudimodel.com\/\",\"logo\":{\"@type\":\"ImageObject\",\"inLanguage\":\"de\",\"@id\":\"https:\/\/www.paudimodel.com\/#\/schema\/logo\/image\/\",\"url\":\"https:\/\/www.paudimodel.com\/wp-content\/uploads\/2023\/02\/696x696.png\",\"contentUrl\":\"https:\/\/www.paudimodel.com\/wp-content\/uploads\/2023\/02\/696x696.png\",\"width\":696,\"height\":696,\"caption\":\"Guangzhou Paudi Model Technology Ltd.\"},\"image\":{\"@id\":\"https:\/\/www.paudimodel.com\/#\/schema\/logo\/image\/\"},\"sameAs\":[\"https:\/\/www.facebook\/paudimodel\",\"https:\/\/x.com\/paudimodel\"]}]}<\/script>\n<!-- \/ Yoast SEO Premium plugin. -->","yoast_head_json":{"title":"VW Volkswagen NEW CROSS POLO 2012 1\/18 Scale Diecast Model Car Wholesale - Paudi Model | High Quality Diecast Model","robots":{"index":"index","follow":"follow","max-snippet":"max-snippet:-1","max-image-preview":"max-image-preview:large","max-video-preview":"max-video-preview:-1"},"canonical":"https:\/\/www.paudimodel.com\/de\/produkt\/vw-volkswagen-new-cross-polo-2012-118-scale-diecast-model-car-wholesale\/","og_locale":"de_DE","og_type":"article","og_title":"VW Volkswagen NEW CROSS POLO 2012 1\/18 Scale Diecast Model Car Wholesale","og_url":"https:\/\/www.paudimodel.com\/de\/produkt\/vw-volkswagen-new-cross-polo-2012-118-scale-diecast-model-car-wholesale\/","og_site_name":"Paudi Model | High Quality Diecast Model","article_publisher":"https:\/\/www.facebook\/paudimodel","article_modified_time":"2020-10-13T09:00:18+00:00","og_image":[{"width":990,"height":660,"url":"https:\/\/www.paudimodel.com\/wp-content\/uploads\/2017\/02\/Volkswagen_Cross-Polo-2012_or_01.jpg","type":"image\/jpeg"}],"twitter_card":"summary_large_image","twitter_site":"@paudimodel","schema":{"@context":"https:\/\/schema.org","@graph":[{"@type":"WebPage","@id":"https:\/\/www.paudimodel.com\/product\/vw-volkswagen-new-cross-polo-2012-118-scale-diecast-model-car-wholesale\/","url":"https:\/\/www.paudimodel.com\/product\/vw-volkswagen-new-cross-polo-2012-118-scale-diecast-model-car-wholesale\/","name":"VW Volkswagen NEW CROSS POLO 2012 1\/18 Scale Diecast Model Car Wholesale - Paudi Model | High Quality Diecast Model","isPartOf":{"@id":"https:\/\/www.paudimodel.com\/#website"},"primaryImageOfPage":{"@id":"https:\/\/www.paudimodel.com\/product\/vw-volkswagen-new-cross-polo-2012-118-scale-diecast-model-car-wholesale\/#primaryimage"},"image":{"@id":"https:\/\/www.paudimodel.com\/product\/vw-volkswagen-new-cross-polo-2012-118-scale-diecast-model-car-wholesale\/#primaryimage"},"thumbnailUrl":"https:\/\/www.paudimodel.com\/wp-content\/uploads\/2017\/02\/Volkswagen_Cross-Polo-2012_or_01.jpg","datePublished":"2017-02-13T02:11:51+00:00","dateModified":"2020-10-13T09:00:18+00:00","breadcrumb":{"@id":"https:\/\/www.paudimodel.com\/product\/vw-volkswagen-new-cross-polo-2012-118-scale-diecast-model-car-wholesale\/#breadcrumb"},"inLanguage":"de","potentialAction":[{"@type":"ReadAction","target":["https:\/\/www.paudimodel.com\/product\/vw-volkswagen-new-cross-polo-2012-118-scale-diecast-model-car-wholesale\/"]}]},{"@type":"ImageObject","inLanguage":"de","@id":"https:\/\/www.paudimodel.com\/product\/vw-volkswagen-new-cross-polo-2012-118-scale-diecast-model-car-wholesale\/#primaryimage","url":"https:\/\/www.paudimodel.com\/wp-content\/uploads\/2017\/02\/Volkswagen_Cross-Polo-2012_or_01.jpg","contentUrl":"https:\/\/www.paudimodel.com\/wp-content\/uploads\/2017\/02\/Volkswagen_Cross-Polo-2012_or_01.jpg","width":990,"height":660},{"@type":"BreadcrumbList","@id":"https:\/\/www.paudimodel.com\/product\/vw-volkswagen-new-cross-polo-2012-118-scale-diecast-model-car-wholesale\/#breadcrumb","itemListElement":[{"@type":"ListItem","position":1,"name":"Home","item":"https:\/\/www.paudimodel.com\/"},{"@type":"ListItem","position":2,"name":"Products","item":"https:\/\/www.paudimodel.com\/products\/"},{"@type":"ListItem","position":3,"name":"VW Volkswagen NEW CROSS POLO 2012 1\/18 Scale Diecast Model Car Wholesale"}]},{"@type":"WebSite","@id":"https:\/\/www.paudimodel.com\/#website","url":"https:\/\/www.paudimodel.com\/","name":"Paudi-Modell | Hochwertiges Druckgussmodell","description":"Kaufen Sie Druckgussmodelle von Top-Marken wie Dealer Edition, Paudi, Kyosho, Autoart und mehr. G\u00fcnstige Online-Preise. Superdetaillierte Modelle. Finden Sie Ihre Marke und Ihr Modell. Riesige Auswahl. Zufriedenheitsgarantie. Typen: Druckguss-Modellautos, Druckguss-Modell-LKWs.","publisher":{"@id":"https:\/\/www.paudimodel.com\/#organization"},"alternateName":"Scale model design, development and production","potentialAction":[{"@type":"SearchAction","target":{"@type":"EntryPoint","urlTemplate":"https:\/\/www.paudimodel.com\/?s={search_term_string}"},"query-input":{"@type":"PropertyValueSpecification","valueRequired":true,"valueName":"search_term_string"}}],"inLanguage":"de"},{"@type":"Organization","@id":"https:\/\/www.paudimodel.com\/#organization","name":"Guangzhou Paudi Model Technology Ltd.","url":"https:\/\/www.paudimodel.com\/","logo":{"@type":"ImageObject","inLanguage":"de","@id":"https:\/\/www.paudimodel.com\/#\/schema\/logo\/image\/","url":"https:\/\/www.paudimodel.com\/wp-content\/uploads\/2023\/02\/696x696.png","contentUrl":"https:\/\/www.paudimodel.com\/wp-content\/uploads\/2023\/02\/696x696.png","width":696,"height":696,"caption":"Guangzhou Paudi Model Technology Ltd."},"image":{"@id":"https:\/\/www.paudimodel.com\/#\/schema\/logo\/image\/"},"sameAs":["https:\/\/www.facebook\/paudimodel","https:\/\/x.com\/paudimodel"]}]}},"_links":{"self":[{"href":"https:\/\/www.paudimodel.com\/de\/wp-json\/wp\/v2\/product\/44512","targetHints":{"allow":["GET"]}}],"collection":[{"href":"https:\/\/www.paudimodel.com\/de\/wp-json\/wp\/v2\/product"}],"about":[{"href":"https:\/\/www.paudimodel.com\/de\/wp-json\/wp\/v2\/types\/product"}],"replies":[{"embeddable":true,"href":"https:\/\/www.paudimodel.com\/de\/wp-json\/wp\/v2\/comments?post=44512"}],"wp:featuredmedia":[{"embeddable":true,"href":"https:\/\/www.paudimodel.com\/de\/wp-json\/wp\/v2\/media\/44514"}],"wp:attachment":[{"href":"https:\/\/www.paudimodel.com\/de\/wp-json\/wp\/v2\/media?parent=44512"}],"wp:term":[{"taxonomy":"product_brand","embeddable":true,"href":"https:\/\/www.paudimodel.com\/de\/wp-json\/wp\/v2\/product_brand?post=44512"},{"taxonomy":"product_cat","embeddable":true,"href":"https:\/\/www.paudimodel.com\/de\/wp-json\/wp\/v2\/product_cat?post=44512"},{"taxonomy":"product_tag","embeddable":true,"href":"https:\/\/www.paudimodel.com\/de\/wp-json\/wp\/v2\/product_tag?post=44512"}],"curies":[{"name":"wp","href":"https:\/\/api.w.org\/{rel}","templated":true}]}}