{"id":44533,"date":"2017-02-13T10:24:48","date_gmt":"2017-02-13T02:24:48","guid":{"rendered":"http:\/\/www.paudimodel.com\/?post_type=product&#038;p=44533"},"modified":"2025-01-02T01:53:20","modified_gmt":"2025-01-02T01:53:20","slug":"volkswagen-new-bora-2012-118-scale-diecast-model-car-wholesale","status":"publish","type":"product","link":"https:\/\/www.paudimodel.com\/de\/produkt\/volkswagen-new-bora-2012-118-scale-diecast-model-car-wholesale\/","title":{"rendered":"Volkswagen New Bora 2012 1\/18 Ma\u00dfstab Diecast Modellauto Gro\u00dfhandel"},"content":{"rendered":"<p>Dieses Modellauto basiert auf dem Volkswagen New Bora 2012 und wurde im Ma\u00dfstab 1:18 verkleinert und ist ein hochwertiges Diecast-Modell aus der Volkswagen-Modellauto-Serie. Es besteht aus einer Zinklegierung und ist mit einer dreifachen elektrostatischen Lackierung versehen. Das Modellauto besteht aus Hunderten von Teilen und hat einen hohen Sammlerwert. Es eignet sich hervorragend als Sammlerst\u00fcck oder Geschenk. Die Unterseite des Modells ist komplex gestaltet. Mit dem beiliegenden Werkzeug l\u00e4sst sich der Tank \u00f6ffnen. Auch die Motorhaube l\u00e4sst sich mit dem beiliegenden Werkzeug \u00f6ffnen, sodass die detaillierte Innenstruktur des Motors gut sichtbar ist. Das Modell verf\u00fcgt \u00fcber Sto\u00dfd\u00e4mpfer an allen vier R\u00e4dern, und die R\u00e4der sind vorw\u00e4rts und r\u00fcckw\u00e4rts beweglich.<\/p>\n<p><img loading=\"lazy\" decoding=\"async\" class=\"alignnone size-full wp-image-44535 aligncenter\" src=\"http:\/\/www.paudimodel.com\/wp-content\/uploads\/2017\/02\/Volkswagen_Bora-2012_bk_01.jpg\" alt=\"\" width=\"990\" height=\"658\" srcset=\"https:\/\/www.paudimodel.com\/wp-content\/uploads\/2017\/02\/Volkswagen_Bora-2012_bk_01.jpg 990w, https:\/\/www.paudimodel.com\/wp-content\/uploads\/2017\/02\/Volkswagen_Bora-2012_bk_01-300x199.jpg 300w, https:\/\/www.paudimodel.com\/wp-content\/uploads\/2017\/02\/Volkswagen_Bora-2012_bk_01-450x299.jpg 450w, https:\/\/www.paudimodel.com\/wp-content\/uploads\/2017\/02\/Volkswagen_Bora-2012_bk_01-768x510.jpg 768w\" sizes=\"auto, (max-width: 990px) 100vw, 990px\" \/><br \/>\n<img loading=\"lazy\" decoding=\"async\" class=\"alignnone size-full wp-image-44536 aligncenter\" src=\"http:\/\/www.paudimodel.com\/wp-content\/uploads\/2017\/02\/Volkswagen_Bora-2012_bk_02.jpg\" alt=\"\" width=\"990\" height=\"658\" srcset=\"https:\/\/www.paudimodel.com\/wp-content\/uploads\/2017\/02\/Volkswagen_Bora-2012_bk_02.jpg 990w, https:\/\/www.paudimodel.com\/wp-content\/uploads\/2017\/02\/Volkswagen_Bora-2012_bk_02-300x199.jpg 300w, https:\/\/www.paudimodel.com\/wp-content\/uploads\/2017\/02\/Volkswagen_Bora-2012_bk_02-450x299.jpg 450w, https:\/\/www.paudimodel.com\/wp-content\/uploads\/2017\/02\/Volkswagen_Bora-2012_bk_02-768x510.jpg 768w\" sizes=\"auto, (max-width: 990px) 100vw, 990px\" \/><br \/>\n<img loading=\"lazy\" decoding=\"async\" class=\"alignnone size-full wp-image-44537 aligncenter\" src=\"http:\/\/www.paudimodel.com\/wp-content\/uploads\/2017\/02\/Volkswagen_Bora-2012_bk_03.jpg\" alt=\"\" width=\"990\" height=\"658\" srcset=\"https:\/\/www.paudimodel.com\/wp-content\/uploads\/2017\/02\/Volkswagen_Bora-2012_bk_03.jpg 990w, https:\/\/www.paudimodel.com\/wp-content\/uploads\/2017\/02\/Volkswagen_Bora-2012_bk_03-300x199.jpg 300w, https:\/\/www.paudimodel.com\/wp-content\/uploads\/2017\/02\/Volkswagen_Bora-2012_bk_03-450x299.jpg 450w, https:\/\/www.paudimodel.com\/wp-content\/uploads\/2017\/02\/Volkswagen_Bora-2012_bk_03-768x510.jpg 768w\" sizes=\"auto, (max-width: 990px) 100vw, 990px\" \/><br \/>\n<img loading=\"lazy\" decoding=\"async\" class=\"alignnone size-full wp-image-44538 aligncenter\" src=\"http:\/\/www.paudimodel.com\/wp-content\/uploads\/2017\/02\/Volkswagen_Bora-2012_bk_04.jpg\" alt=\"\" width=\"990\" height=\"658\" srcset=\"https:\/\/www.paudimodel.com\/wp-content\/uploads\/2017\/02\/Volkswagen_Bora-2012_bk_04.jpg 990w, https:\/\/www.paudimodel.com\/wp-content\/uploads\/2017\/02\/Volkswagen_Bora-2012_bk_04-300x199.jpg 300w, https:\/\/www.paudimodel.com\/wp-content\/uploads\/2017\/02\/Volkswagen_Bora-2012_bk_04-450x299.jpg 450w, https:\/\/www.paudimodel.com\/wp-content\/uploads\/2017\/02\/Volkswagen_Bora-2012_bk_04-768x510.jpg 768w\" sizes=\"auto, (max-width: 990px) 100vw, 990px\" \/><br \/>\n<img loading=\"lazy\" decoding=\"async\" class=\"alignnone size-full wp-image-44539 aligncenter\" src=\"http:\/\/www.paudimodel.com\/wp-content\/uploads\/2017\/02\/Volkswagen_Bora-2012_bk_05.jpg\" alt=\"\" width=\"990\" height=\"658\" srcset=\"https:\/\/www.paudimodel.com\/wp-content\/uploads\/2017\/02\/Volkswagen_Bora-2012_bk_05.jpg 990w, https:\/\/www.paudimodel.com\/wp-content\/uploads\/2017\/02\/Volkswagen_Bora-2012_bk_05-300x199.jpg 300w, https:\/\/www.paudimodel.com\/wp-content\/uploads\/2017\/02\/Volkswagen_Bora-2012_bk_05-450x299.jpg 450w, https:\/\/www.paudimodel.com\/wp-content\/uploads\/2017\/02\/Volkswagen_Bora-2012_bk_05-768x510.jpg 768w\" sizes=\"auto, (max-width: 990px) 100vw, 990px\" \/><br \/>\n<img loading=\"lazy\" decoding=\"async\" class=\"alignnone size-full wp-image-44540 aligncenter\" src=\"http:\/\/www.paudimodel.com\/wp-content\/uploads\/2017\/02\/Volkswagen_Bora-2012_bk_06.jpg\" alt=\"\" width=\"990\" height=\"658\" srcset=\"https:\/\/www.paudimodel.com\/wp-content\/uploads\/2017\/02\/Volkswagen_Bora-2012_bk_06.jpg 990w, https:\/\/www.paudimodel.com\/wp-content\/uploads\/2017\/02\/Volkswagen_Bora-2012_bk_06-300x199.jpg 300w, https:\/\/www.paudimodel.com\/wp-content\/uploads\/2017\/02\/Volkswagen_Bora-2012_bk_06-450x299.jpg 450w, https:\/\/www.paudimodel.com\/wp-content\/uploads\/2017\/02\/Volkswagen_Bora-2012_bk_06-768x510.jpg 768w\" sizes=\"auto, (max-width: 990px) 100vw, 990px\" \/><br \/>\n<img loading=\"lazy\" decoding=\"async\" class=\"alignnone size-full wp-image-44541 aligncenter\" src=\"http:\/\/www.paudimodel.com\/wp-content\/uploads\/2017\/02\/Volkswagen_Bora-2012_bk_07.jpg\" alt=\"\" width=\"990\" height=\"658\" srcset=\"https:\/\/www.paudimodel.com\/wp-content\/uploads\/2017\/02\/Volkswagen_Bora-2012_bk_07.jpg 990w, https:\/\/www.paudimodel.com\/wp-content\/uploads\/2017\/02\/Volkswagen_Bora-2012_bk_07-300x199.jpg 300w, https:\/\/www.paudimodel.com\/wp-content\/uploads\/2017\/02\/Volkswagen_Bora-2012_bk_07-450x299.jpg 450w, https:\/\/www.paudimodel.com\/wp-content\/uploads\/2017\/02\/Volkswagen_Bora-2012_bk_07-768x510.jpg 768w\" sizes=\"auto, (max-width: 990px) 100vw, 990px\" \/><br \/>\n<img loading=\"lazy\" decoding=\"async\" class=\"alignnone size-full wp-image-44542 aligncenter\" src=\"http:\/\/www.paudimodel.com\/wp-content\/uploads\/2017\/02\/Volkswagen_Bora-2012_bk_08.jpg\" alt=\"\" width=\"990\" height=\"658\" srcset=\"https:\/\/www.paudimodel.com\/wp-content\/uploads\/2017\/02\/Volkswagen_Bora-2012_bk_08.jpg 990w, https:\/\/www.paudimodel.com\/wp-content\/uploads\/2017\/02\/Volkswagen_Bora-2012_bk_08-300x199.jpg 300w, https:\/\/www.paudimodel.com\/wp-content\/uploads\/2017\/02\/Volkswagen_Bora-2012_bk_08-450x299.jpg 450w, https:\/\/www.paudimodel.com\/wp-content\/uploads\/2017\/02\/Volkswagen_Bora-2012_bk_08-768x510.jpg 768w\" sizes=\"auto, (max-width: 990px) 100vw, 990px\" \/><br \/>\n<img loading=\"lazy\" decoding=\"async\" class=\"alignnone size-full wp-image-44543 aligncenter\" src=\"http:\/\/www.paudimodel.com\/wp-content\/uploads\/2017\/02\/Volkswagen_Bora-2012_bk_09.jpg\" alt=\"\" width=\"990\" height=\"658\" srcset=\"https:\/\/www.paudimodel.com\/wp-content\/uploads\/2017\/02\/Volkswagen_Bora-2012_bk_09.jpg 990w, https:\/\/www.paudimodel.com\/wp-content\/uploads\/2017\/02\/Volkswagen_Bora-2012_bk_09-300x199.jpg 300w, https:\/\/www.paudimodel.com\/wp-content\/uploads\/2017\/02\/Volkswagen_Bora-2012_bk_09-450x299.jpg 450w, https:\/\/www.paudimodel.com\/wp-content\/uploads\/2017\/02\/Volkswagen_Bora-2012_bk_09-768x510.jpg 768w\" sizes=\"auto, (max-width: 990px) 100vw, 990px\" \/><br \/>\n<img loading=\"lazy\" decoding=\"async\" class=\"alignnone size-full wp-image-44544 aligncenter\" src=\"http:\/\/www.paudimodel.com\/wp-content\/uploads\/2017\/02\/Volkswagen_Bora-2012_bk_10.jpg\" alt=\"\" width=\"990\" height=\"658\" srcset=\"https:\/\/www.paudimodel.com\/wp-content\/uploads\/2017\/02\/Volkswagen_Bora-2012_bk_10.jpg 990w, https:\/\/www.paudimodel.com\/wp-content\/uploads\/2017\/02\/Volkswagen_Bora-2012_bk_10-300x199.jpg 300w, https:\/\/www.paudimodel.com\/wp-content\/uploads\/2017\/02\/Volkswagen_Bora-2012_bk_10-450x299.jpg 450w, https:\/\/www.paudimodel.com\/wp-content\/uploads\/2017\/02\/Volkswagen_Bora-2012_bk_10-768x510.jpg 768w\" sizes=\"auto, (max-width: 990px) 100vw, 990px\" \/><\/p>","protected":false},"excerpt":{"rendered":"<p>Das Produkt basiert auf dem Volkswagen New Bora 2012 und wurde verkleinert produziert. Das Modellauto im Ma\u00dfstab 1:18 ist ein hochwertiges Diecast-Modell aus der Volkswagen-Modellauto-Serie. Es besteht aus einer Zinklegierung und ist mit einer dreischichtigen elektrostatischen Lackierung versehen. Viele weitere Teile sind ebenfalls vorhanden.<\/p>","protected":false},"featured_media":44535,"comment_status":"open","ping_status":"closed","template":"","meta":[],"product_brand":[],"product_cat":[466,147],"product_tag":[521],"class_list":{"0":"post-44533","1":"product","2":"type-product","3":"status-publish","4":"has-post-thumbnail","6":"product_cat-1-18-scale","7":"product_cat-volkswagen","8":"product_tag-new-bora-2012","9":"pa_color-blackcolor","10":"pa_material-zinc-alloy-abs-variety-of-composite-materials","11":"pa_scale-34","13":"first","14":"outofstock","15":"taxable","16":"shipping-taxable","17":"purchasable","18":"product-type-simple"},"yoast_head":"<!-- This site is optimized with the Yoast SEO Premium plugin v25.6 (Yoast SEO v26.7) - https:\/\/yoast.com\/wordpress\/plugins\/seo\/ -->\n<title>Volkswagen New Bora 2012 1\/18 Scale Diecast Model Car Wholesale - Paudi Model | High Quality Diecast Model<\/title>\n<meta name=\"robots\" content=\"index, follow, max-snippet:-1, max-image-preview:large, max-video-preview:-1\" \/>\n<link rel=\"canonical\" href=\"https:\/\/www.paudimodel.com\/de\/produkt\/volkswagen-new-bora-2012-118-scale-diecast-model-car-wholesale\/\" \/>\n<meta property=\"og:locale\" content=\"de_DE\" \/>\n<meta property=\"og:type\" content=\"article\" \/>\n<meta property=\"og:title\" content=\"Volkswagen New Bora 2012 1\/18 Scale Diecast Model Car Wholesale\" \/>\n<meta property=\"og:url\" content=\"https:\/\/www.paudimodel.com\/de\/produkt\/volkswagen-new-bora-2012-118-scale-diecast-model-car-wholesale\/\" \/>\n<meta property=\"og:site_name\" content=\"Paudi Model | High Quality Diecast Model\" \/>\n<meta property=\"article:publisher\" content=\"https:\/\/www.facebook\/paudimodel\" \/>\n<meta property=\"article:modified_time\" content=\"2025-01-02T01:53:20+00:00\" \/>\n<meta property=\"og:image\" content=\"https:\/\/www.paudimodel.com\/wp-content\/uploads\/2017\/02\/Volkswagen_Bora-2012_bk_01.jpg\" \/>\n\t<meta property=\"og:image:width\" content=\"990\" \/>\n\t<meta property=\"og:image:height\" content=\"658\" \/>\n\t<meta property=\"og:image:type\" content=\"image\/jpeg\" \/>\n<meta name=\"twitter:card\" content=\"summary_large_image\" \/>\n<meta name=\"twitter:site\" content=\"@paudimodel\" \/>\n<meta name=\"twitter:label1\" content=\"Gesch\u00e4tzte Lesezeit\" \/>\n\t<meta name=\"twitter:data1\" content=\"3\u00a0Minuten\" \/>\n<script type=\"application\/ld+json\" class=\"yoast-schema-graph\">{\"@context\":\"https:\/\/schema.org\",\"@graph\":[{\"@type\":\"WebPage\",\"@id\":\"https:\/\/www.paudimodel.com\/product\/volkswagen-new-bora-2012-118-scale-diecast-model-car-wholesale\/\",\"url\":\"https:\/\/www.paudimodel.com\/product\/volkswagen-new-bora-2012-118-scale-diecast-model-car-wholesale\/\",\"name\":\"Volkswagen New Bora 2012 1\/18 Scale Diecast Model Car Wholesale - Paudi Model | High Quality Diecast Model\",\"isPartOf\":{\"@id\":\"https:\/\/www.paudimodel.com\/#website\"},\"primaryImageOfPage\":{\"@id\":\"https:\/\/www.paudimodel.com\/product\/volkswagen-new-bora-2012-118-scale-diecast-model-car-wholesale\/#primaryimage\"},\"image\":{\"@id\":\"https:\/\/www.paudimodel.com\/product\/volkswagen-new-bora-2012-118-scale-diecast-model-car-wholesale\/#primaryimage\"},\"thumbnailUrl\":\"https:\/\/www.paudimodel.com\/wp-content\/uploads\/2017\/02\/Volkswagen_Bora-2012_bk_01.jpg\",\"datePublished\":\"2017-02-13T02:24:48+00:00\",\"dateModified\":\"2025-01-02T01:53:20+00:00\",\"breadcrumb\":{\"@id\":\"https:\/\/www.paudimodel.com\/product\/volkswagen-new-bora-2012-118-scale-diecast-model-car-wholesale\/#breadcrumb\"},\"inLanguage\":\"de\",\"potentialAction\":[{\"@type\":\"ReadAction\",\"target\":[\"https:\/\/www.paudimodel.com\/product\/volkswagen-new-bora-2012-118-scale-diecast-model-car-wholesale\/\"]}]},{\"@type\":\"ImageObject\",\"inLanguage\":\"de\",\"@id\":\"https:\/\/www.paudimodel.com\/product\/volkswagen-new-bora-2012-118-scale-diecast-model-car-wholesale\/#primaryimage\",\"url\":\"https:\/\/www.paudimodel.com\/wp-content\/uploads\/2017\/02\/Volkswagen_Bora-2012_bk_01.jpg\",\"contentUrl\":\"https:\/\/www.paudimodel.com\/wp-content\/uploads\/2017\/02\/Volkswagen_Bora-2012_bk_01.jpg\",\"width\":990,\"height\":658},{\"@type\":\"BreadcrumbList\",\"@id\":\"https:\/\/www.paudimodel.com\/product\/volkswagen-new-bora-2012-118-scale-diecast-model-car-wholesale\/#breadcrumb\",\"itemListElement\":[{\"@type\":\"ListItem\",\"position\":1,\"name\":\"Home\",\"item\":\"https:\/\/www.paudimodel.com\/\"},{\"@type\":\"ListItem\",\"position\":2,\"name\":\"Products\",\"item\":\"https:\/\/www.paudimodel.com\/products\/\"},{\"@type\":\"ListItem\",\"position\":3,\"name\":\"Volkswagen New Bora 2012 1\/18 Scale Diecast Model Car Wholesale\"}]},{\"@type\":\"WebSite\",\"@id\":\"https:\/\/www.paudimodel.com\/#website\",\"url\":\"https:\/\/www.paudimodel.com\/\",\"name\":\"Paudi Model | High Quality Diecast Model\",\"description\":\"Shop For Diecast Models From Top-Rated Brands Like Dealer Edition, Paudi, Kyosho, Autoart &amp; More. Low Online Prices. Super-Detailed Models.Find Your Make &amp; Model.Huge Selection. Satisfaction Guaranteed. Types: Diecast Model Cars, Diecast Model Trucks.\",\"publisher\":{\"@id\":\"https:\/\/www.paudimodel.com\/#organization\"},\"alternateName\":\"Scale model design, development and production\",\"potentialAction\":[{\"@type\":\"SearchAction\",\"target\":{\"@type\":\"EntryPoint\",\"urlTemplate\":\"https:\/\/www.paudimodel.com\/?s={search_term_string}\"},\"query-input\":{\"@type\":\"PropertyValueSpecification\",\"valueRequired\":true,\"valueName\":\"search_term_string\"}}],\"inLanguage\":\"de\"},{\"@type\":\"Organization\",\"@id\":\"https:\/\/www.paudimodel.com\/#organization\",\"name\":\"Guangzhou Paudi Model Technology Ltd.\",\"url\":\"https:\/\/www.paudimodel.com\/\",\"logo\":{\"@type\":\"ImageObject\",\"inLanguage\":\"de\",\"@id\":\"https:\/\/www.paudimodel.com\/#\/schema\/logo\/image\/\",\"url\":\"https:\/\/www.paudimodel.com\/wp-content\/uploads\/2023\/02\/696x696.png\",\"contentUrl\":\"https:\/\/www.paudimodel.com\/wp-content\/uploads\/2023\/02\/696x696.png\",\"width\":696,\"height\":696,\"caption\":\"Guangzhou Paudi Model Technology Ltd.\"},\"image\":{\"@id\":\"https:\/\/www.paudimodel.com\/#\/schema\/logo\/image\/\"},\"sameAs\":[\"https:\/\/www.facebook\/paudimodel\",\"https:\/\/x.com\/paudimodel\"]}]}<\/script>\n<!-- \/ Yoast SEO Premium plugin. -->","yoast_head_json":{"title":"Volkswagen New Bora 2012 1\/18 Scale Diecast Model Car Wholesale - Paudi Model | High Quality Diecast Model","robots":{"index":"index","follow":"follow","max-snippet":"max-snippet:-1","max-image-preview":"max-image-preview:large","max-video-preview":"max-video-preview:-1"},"canonical":"https:\/\/www.paudimodel.com\/de\/produkt\/volkswagen-new-bora-2012-118-scale-diecast-model-car-wholesale\/","og_locale":"de_DE","og_type":"article","og_title":"Volkswagen New Bora 2012 1\/18 Scale Diecast Model Car Wholesale","og_url":"https:\/\/www.paudimodel.com\/de\/produkt\/volkswagen-new-bora-2012-118-scale-diecast-model-car-wholesale\/","og_site_name":"Paudi Model | High Quality Diecast Model","article_publisher":"https:\/\/www.facebook\/paudimodel","article_modified_time":"2025-01-02T01:53:20+00:00","og_image":[{"width":990,"height":658,"url":"https:\/\/www.paudimodel.com\/wp-content\/uploads\/2017\/02\/Volkswagen_Bora-2012_bk_01.jpg","type":"image\/jpeg"}],"twitter_card":"summary_large_image","twitter_site":"@paudimodel","twitter_misc":{"Gesch\u00e4tzte Lesezeit":"3\u00a0Minuten"},"schema":{"@context":"https:\/\/schema.org","@graph":[{"@type":"WebPage","@id":"https:\/\/www.paudimodel.com\/product\/volkswagen-new-bora-2012-118-scale-diecast-model-car-wholesale\/","url":"https:\/\/www.paudimodel.com\/product\/volkswagen-new-bora-2012-118-scale-diecast-model-car-wholesale\/","name":"Volkswagen New Bora 2012 1\/18 Scale Diecast Model Car Wholesale - Paudi Model | High Quality Diecast Model","isPartOf":{"@id":"https:\/\/www.paudimodel.com\/#website"},"primaryImageOfPage":{"@id":"https:\/\/www.paudimodel.com\/product\/volkswagen-new-bora-2012-118-scale-diecast-model-car-wholesale\/#primaryimage"},"image":{"@id":"https:\/\/www.paudimodel.com\/product\/volkswagen-new-bora-2012-118-scale-diecast-model-car-wholesale\/#primaryimage"},"thumbnailUrl":"https:\/\/www.paudimodel.com\/wp-content\/uploads\/2017\/02\/Volkswagen_Bora-2012_bk_01.jpg","datePublished":"2017-02-13T02:24:48+00:00","dateModified":"2025-01-02T01:53:20+00:00","breadcrumb":{"@id":"https:\/\/www.paudimodel.com\/product\/volkswagen-new-bora-2012-118-scale-diecast-model-car-wholesale\/#breadcrumb"},"inLanguage":"de","potentialAction":[{"@type":"ReadAction","target":["https:\/\/www.paudimodel.com\/product\/volkswagen-new-bora-2012-118-scale-diecast-model-car-wholesale\/"]}]},{"@type":"ImageObject","inLanguage":"de","@id":"https:\/\/www.paudimodel.com\/product\/volkswagen-new-bora-2012-118-scale-diecast-model-car-wholesale\/#primaryimage","url":"https:\/\/www.paudimodel.com\/wp-content\/uploads\/2017\/02\/Volkswagen_Bora-2012_bk_01.jpg","contentUrl":"https:\/\/www.paudimodel.com\/wp-content\/uploads\/2017\/02\/Volkswagen_Bora-2012_bk_01.jpg","width":990,"height":658},{"@type":"BreadcrumbList","@id":"https:\/\/www.paudimodel.com\/product\/volkswagen-new-bora-2012-118-scale-diecast-model-car-wholesale\/#breadcrumb","itemListElement":[{"@type":"ListItem","position":1,"name":"Home","item":"https:\/\/www.paudimodel.com\/"},{"@type":"ListItem","position":2,"name":"Products","item":"https:\/\/www.paudimodel.com\/products\/"},{"@type":"ListItem","position":3,"name":"Volkswagen New Bora 2012 1\/18 Scale Diecast Model Car Wholesale"}]},{"@type":"WebSite","@id":"https:\/\/www.paudimodel.com\/#website","url":"https:\/\/www.paudimodel.com\/","name":"Paudi-Modell | Hochwertiges Druckgussmodell","description":"Kaufen Sie Druckgussmodelle von Top-Marken wie Dealer Edition, Paudi, Kyosho, Autoart und mehr. G\u00fcnstige Online-Preise. Superdetaillierte Modelle. Finden Sie Ihre Marke und Ihr Modell. Riesige Auswahl. Zufriedenheitsgarantie. Typen: Druckguss-Modellautos, Druckguss-Modell-LKWs.","publisher":{"@id":"https:\/\/www.paudimodel.com\/#organization"},"alternateName":"Scale model design, development and production","potentialAction":[{"@type":"SearchAction","target":{"@type":"EntryPoint","urlTemplate":"https:\/\/www.paudimodel.com\/?s={search_term_string}"},"query-input":{"@type":"PropertyValueSpecification","valueRequired":true,"valueName":"search_term_string"}}],"inLanguage":"de"},{"@type":"Organization","@id":"https:\/\/www.paudimodel.com\/#organization","name":"Guangzhou Paudi Model Technology Ltd.","url":"https:\/\/www.paudimodel.com\/","logo":{"@type":"ImageObject","inLanguage":"de","@id":"https:\/\/www.paudimodel.com\/#\/schema\/logo\/image\/","url":"https:\/\/www.paudimodel.com\/wp-content\/uploads\/2023\/02\/696x696.png","contentUrl":"https:\/\/www.paudimodel.com\/wp-content\/uploads\/2023\/02\/696x696.png","width":696,"height":696,"caption":"Guangzhou Paudi Model Technology Ltd."},"image":{"@id":"https:\/\/www.paudimodel.com\/#\/schema\/logo\/image\/"},"sameAs":["https:\/\/www.facebook\/paudimodel","https:\/\/x.com\/paudimodel"]}]}},"_links":{"self":[{"href":"https:\/\/www.paudimodel.com\/de\/wp-json\/wp\/v2\/product\/44533","targetHints":{"allow":["GET"]}}],"collection":[{"href":"https:\/\/www.paudimodel.com\/de\/wp-json\/wp\/v2\/product"}],"about":[{"href":"https:\/\/www.paudimodel.com\/de\/wp-json\/wp\/v2\/types\/product"}],"replies":[{"embeddable":true,"href":"https:\/\/www.paudimodel.com\/de\/wp-json\/wp\/v2\/comments?post=44533"}],"wp:featuredmedia":[{"embeddable":true,"href":"https:\/\/www.paudimodel.com\/de\/wp-json\/wp\/v2\/media\/44535"}],"wp:attachment":[{"href":"https:\/\/www.paudimodel.com\/de\/wp-json\/wp\/v2\/media?parent=44533"}],"wp:term":[{"taxonomy":"product_brand","embeddable":true,"href":"https:\/\/www.paudimodel.com\/de\/wp-json\/wp\/v2\/product_brand?post=44533"},{"taxonomy":"product_cat","embeddable":true,"href":"https:\/\/www.paudimodel.com\/de\/wp-json\/wp\/v2\/product_cat?post=44533"},{"taxonomy":"product_tag","embeddable":true,"href":"https:\/\/www.paudimodel.com\/de\/wp-json\/wp\/v2\/product_tag?post=44533"}],"curies":[{"name":"wp","href":"https:\/\/api.w.org\/{rel}","templated":true}]}}