{"id":44552,"date":"2017-02-13T10:36:57","date_gmt":"2017-02-13T10:36:57","guid":{"rendered":"http:\/\/www.paudimodel.com\/?post_type=product&#038;p=44552"},"modified":"2022-04-12T02:01:35","modified_gmt":"2022-04-12T02:01:35","slug":"volkswagen-tiguan-2013-118-scale-diecast-model-car-wholesale","status":"publish","type":"product","link":"https:\/\/www.paudimodel.com\/de\/produkt\/volkswagen-tiguan-2013-118-scale-diecast-model-car-wholesale\/","title":{"rendered":"Volkswagen Tiguan 2013 1\/18 Ma\u00dfstab Druckguss Modellauto Gro\u00dfhandel"},"content":{"rendered":"<p><img loading=\"lazy\" decoding=\"async\" class=\"alignnone size-full wp-image-44554 aligncenter\" src=\"http:\/\/www.paudimodel.com\/wp-content\/uploads\/2017\/02\/Volkswagen_-New-Tiguan_2013_white1-.jpg\" alt=\"\" width=\"990\" height=\"658\" srcset=\"https:\/\/www.paudimodel.com\/wp-content\/uploads\/2017\/02\/Volkswagen_-New-Tiguan_2013_white1-.jpg 990w, https:\/\/www.paudimodel.com\/wp-content\/uploads\/2017\/02\/Volkswagen_-New-Tiguan_2013_white1--300x199.jpg 300w, https:\/\/www.paudimodel.com\/wp-content\/uploads\/2017\/02\/Volkswagen_-New-Tiguan_2013_white1--450x299.jpg 450w, https:\/\/www.paudimodel.com\/wp-content\/uploads\/2017\/02\/Volkswagen_-New-Tiguan_2013_white1--768x510.jpg 768w\" sizes=\"auto, (max-width: 990px) 100vw, 990px\" \/> <img loading=\"lazy\" decoding=\"async\" class=\"alignnone size-full wp-image-44555 aligncenter\" src=\"http:\/\/www.paudimodel.com\/wp-content\/uploads\/2017\/02\/Volkswagen_-New-Tiguan_2013_white2-.jpg\" alt=\"\" width=\"990\" height=\"658\" srcset=\"https:\/\/www.paudimodel.com\/wp-content\/uploads\/2017\/02\/Volkswagen_-New-Tiguan_2013_white2-.jpg 990w, https:\/\/www.paudimodel.com\/wp-content\/uploads\/2017\/02\/Volkswagen_-New-Tiguan_2013_white2--300x199.jpg 300w, https:\/\/www.paudimodel.com\/wp-content\/uploads\/2017\/02\/Volkswagen_-New-Tiguan_2013_white2--450x299.jpg 450w, https:\/\/www.paudimodel.com\/wp-content\/uploads\/2017\/02\/Volkswagen_-New-Tiguan_2013_white2--768x510.jpg 768w\" sizes=\"auto, (max-width: 990px) 100vw, 990px\" \/> <img loading=\"lazy\" decoding=\"async\" class=\"alignnone size-full wp-image-44556 aligncenter\" src=\"http:\/\/www.paudimodel.com\/wp-content\/uploads\/2017\/02\/Volkswagen_-New-Tiguan_2013_white3-.jpg\" alt=\"\" width=\"990\" height=\"658\" srcset=\"https:\/\/www.paudimodel.com\/wp-content\/uploads\/2017\/02\/Volkswagen_-New-Tiguan_2013_white3-.jpg 990w, https:\/\/www.paudimodel.com\/wp-content\/uploads\/2017\/02\/Volkswagen_-New-Tiguan_2013_white3--300x199.jpg 300w, https:\/\/www.paudimodel.com\/wp-content\/uploads\/2017\/02\/Volkswagen_-New-Tiguan_2013_white3--450x299.jpg 450w, https:\/\/www.paudimodel.com\/wp-content\/uploads\/2017\/02\/Volkswagen_-New-Tiguan_2013_white3--768x510.jpg 768w\" sizes=\"auto, (max-width: 990px) 100vw, 990px\" \/> <img loading=\"lazy\" decoding=\"async\" class=\"alignnone size-full wp-image-44557 aligncenter\" src=\"http:\/\/www.paudimodel.com\/wp-content\/uploads\/2017\/02\/Volkswagen_-New-Tiguan_2013_white4-.jpg\" alt=\"\" width=\"990\" height=\"658\" srcset=\"https:\/\/www.paudimodel.com\/wp-content\/uploads\/2017\/02\/Volkswagen_-New-Tiguan_2013_white4-.jpg 990w, https:\/\/www.paudimodel.com\/wp-content\/uploads\/2017\/02\/Volkswagen_-New-Tiguan_2013_white4--300x199.jpg 300w, https:\/\/www.paudimodel.com\/wp-content\/uploads\/2017\/02\/Volkswagen_-New-Tiguan_2013_white4--450x299.jpg 450w, https:\/\/www.paudimodel.com\/wp-content\/uploads\/2017\/02\/Volkswagen_-New-Tiguan_2013_white4--768x510.jpg 768w\" sizes=\"auto, (max-width: 990px) 100vw, 990px\" \/> <img loading=\"lazy\" decoding=\"async\" class=\"alignnone size-full wp-image-44558 aligncenter\" src=\"http:\/\/www.paudimodel.com\/wp-content\/uploads\/2017\/02\/Volkswagen_-New-Tiguan_2013_white5-.jpg\" alt=\"\" width=\"990\" height=\"658\" srcset=\"https:\/\/www.paudimodel.com\/wp-content\/uploads\/2017\/02\/Volkswagen_-New-Tiguan_2013_white5-.jpg 990w, https:\/\/www.paudimodel.com\/wp-content\/uploads\/2017\/02\/Volkswagen_-New-Tiguan_2013_white5--300x199.jpg 300w, https:\/\/www.paudimodel.com\/wp-content\/uploads\/2017\/02\/Volkswagen_-New-Tiguan_2013_white5--450x299.jpg 450w, https:\/\/www.paudimodel.com\/wp-content\/uploads\/2017\/02\/Volkswagen_-New-Tiguan_2013_white5--768x510.jpg 768w\" sizes=\"auto, (max-width: 990px) 100vw, 990px\" \/> <img loading=\"lazy\" decoding=\"async\" class=\"alignnone size-full wp-image-44559 aligncenter\" src=\"http:\/\/www.paudimodel.com\/wp-content\/uploads\/2017\/02\/Volkswagen_-New-Tiguan_2013_white6-.jpg\" alt=\"\" width=\"990\" height=\"658\" srcset=\"https:\/\/www.paudimodel.com\/wp-content\/uploads\/2017\/02\/Volkswagen_-New-Tiguan_2013_white6-.jpg 990w, https:\/\/www.paudimodel.com\/wp-content\/uploads\/2017\/02\/Volkswagen_-New-Tiguan_2013_white6--300x199.jpg 300w, https:\/\/www.paudimodel.com\/wp-content\/uploads\/2017\/02\/Volkswagen_-New-Tiguan_2013_white6--450x299.jpg 450w, https:\/\/www.paudimodel.com\/wp-content\/uploads\/2017\/02\/Volkswagen_-New-Tiguan_2013_white6--768x510.jpg 768w\" sizes=\"auto, (max-width: 990px) 100vw, 990px\" \/> <img loading=\"lazy\" decoding=\"async\" class=\"alignnone size-full wp-image-44560 aligncenter\" src=\"http:\/\/www.paudimodel.com\/wp-content\/uploads\/2017\/02\/Volkswagen_-New-Tiguan_2013_white7-.jpg\" alt=\"\" width=\"990\" height=\"658\" srcset=\"https:\/\/www.paudimodel.com\/wp-content\/uploads\/2017\/02\/Volkswagen_-New-Tiguan_2013_white7-.jpg 990w, https:\/\/www.paudimodel.com\/wp-content\/uploads\/2017\/02\/Volkswagen_-New-Tiguan_2013_white7--300x199.jpg 300w, https:\/\/www.paudimodel.com\/wp-content\/uploads\/2017\/02\/Volkswagen_-New-Tiguan_2013_white7--450x299.jpg 450w, https:\/\/www.paudimodel.com\/wp-content\/uploads\/2017\/02\/Volkswagen_-New-Tiguan_2013_white7--768x510.jpg 768w\" sizes=\"auto, (max-width: 990px) 100vw, 990px\" \/> <img loading=\"lazy\" decoding=\"async\" class=\"alignnone size-full wp-image-44561 aligncenter\" src=\"http:\/\/www.paudimodel.com\/wp-content\/uploads\/2017\/02\/Volkswagen_-New-Tiguan_2013_white8-.jpg\" alt=\"\" width=\"990\" height=\"658\" srcset=\"https:\/\/www.paudimodel.com\/wp-content\/uploads\/2017\/02\/Volkswagen_-New-Tiguan_2013_white8-.jpg 990w, https:\/\/www.paudimodel.com\/wp-content\/uploads\/2017\/02\/Volkswagen_-New-Tiguan_2013_white8--300x199.jpg 300w, https:\/\/www.paudimodel.com\/wp-content\/uploads\/2017\/02\/Volkswagen_-New-Tiguan_2013_white8--450x299.jpg 450w, https:\/\/www.paudimodel.com\/wp-content\/uploads\/2017\/02\/Volkswagen_-New-Tiguan_2013_white8--768x510.jpg 768w\" sizes=\"auto, (max-width: 990px) 100vw, 990px\" \/> <img loading=\"lazy\" decoding=\"async\" class=\"alignnone size-full wp-image-44562 aligncenter\" src=\"http:\/\/www.paudimodel.com\/wp-content\/uploads\/2017\/02\/Volkswagen_-New-Tiguan_2013_white9-.jpg\" alt=\"\" width=\"990\" height=\"658\" srcset=\"https:\/\/www.paudimodel.com\/wp-content\/uploads\/2017\/02\/Volkswagen_-New-Tiguan_2013_white9-.jpg 990w, https:\/\/www.paudimodel.com\/wp-content\/uploads\/2017\/02\/Volkswagen_-New-Tiguan_2013_white9--300x199.jpg 300w, https:\/\/www.paudimodel.com\/wp-content\/uploads\/2017\/02\/Volkswagen_-New-Tiguan_2013_white9--450x299.jpg 450w, https:\/\/www.paudimodel.com\/wp-content\/uploads\/2017\/02\/Volkswagen_-New-Tiguan_2013_white9--768x510.jpg 768w\" sizes=\"auto, (max-width: 990px) 100vw, 990px\" \/> <img loading=\"lazy\" decoding=\"async\" class=\"alignnone size-full wp-image-44563 aligncenter\" src=\"http:\/\/www.paudimodel.com\/wp-content\/uploads\/2017\/02\/Volkswagen_-New-Tiguan_2013_white10-.jpg\" alt=\"\" width=\"990\" height=\"658\" srcset=\"https:\/\/www.paudimodel.com\/wp-content\/uploads\/2017\/02\/Volkswagen_-New-Tiguan_2013_white10-.jpg 990w, https:\/\/www.paudimodel.com\/wp-content\/uploads\/2017\/02\/Volkswagen_-New-Tiguan_2013_white10--300x199.jpg 300w, https:\/\/www.paudimodel.com\/wp-content\/uploads\/2017\/02\/Volkswagen_-New-Tiguan_2013_white10--450x299.jpg 450w, https:\/\/www.paudimodel.com\/wp-content\/uploads\/2017\/02\/Volkswagen_-New-Tiguan_2013_white10--768x510.jpg 768w\" sizes=\"auto, (max-width: 990px) 100vw, 990px\" \/><\/p>","protected":false},"excerpt":{"rendered":"<p>Produktcode: 2312W, 2312GL, 2312R, 2312BR, 2312BK<\/p>\n<p>Farben: Wei\u00df, Gold, Rot, Braun, Schwarz<\/p>\n<p>Dieses detailgetreue Modell des Volkswagen Tiguan 2013 im Ma\u00dfstab 1:18 ist ein hochwertiges Diecast-Modell aus der Volkswagen-Modellauto-Serie. Es besteht aus einer Zinklegierung und ist mit einer dreifachen elektrostatischen Lackierung versehen. Das Modellauto umfasst Hunderte von Teilen und ist aufgrund seines Sammlerwerts die ideale Wahl f\u00fcr Sammler und als Geschenk. Motorhaube, T\u00fcren und Kofferraum lassen sich \u00f6ffnen, und die Vorderr\u00e4der sind lenkbar. Das detaillierte Chassis verf\u00fcgt \u00fcber ein separates Auspuffsystem. Die Karosserie besteht aus Metallguss und Kunststoffteilen in authentischen Farben.<\/p>","protected":false},"featured_media":50606,"comment_status":"open","ping_status":"closed","template":"","meta":[],"product_brand":[],"product_cat":[466,147],"product_tag":[62,50,55,124,133,59,524],"class_list":{"0":"post-44552","1":"product","2":"type-product","3":"status-publish","4":"has-post-thumbnail","6":"product_cat-1-18-scale","7":"product_cat-volkswagen","8":"product_tag-die-cast-model-car","9":"product_tag-diecast-model-car","10":"product_tag-model-car","11":"product_tag-original-model-car","12":"product_tag-paudimodel","13":"product_tag-scale-model-car","14":"product_tag-tiguan","15":"pa_color-blackcolor","16":"pa_color-brown","17":"pa_color-gold","18":"pa_color-redcolor","19":"pa_color-whitecolor","20":"pa_material-zinc-alloy-abs-variety-of-composite-materials","21":"pa_scale-34","23":"first","24":"outofstock","25":"taxable","26":"shipping-taxable","27":"purchasable","28":"product-type-variable","29":"has-default-attributes"},"yoast_head":"<!-- This site is optimized with the Yoast SEO Premium plugin v25.6 (Yoast SEO v26.7) - https:\/\/yoast.com\/wordpress\/plugins\/seo\/ -->\n<title>Volkswagen Tiguan 2013 1\/18 Scale Diecast Model Car Wholesale - Paudi Model | High Quality Diecast Model<\/title>\n<meta name=\"robots\" content=\"index, follow, max-snippet:-1, max-image-preview:large, max-video-preview:-1\" \/>\n<link rel=\"canonical\" href=\"https:\/\/www.paudimodel.com\/de\/produkt\/volkswagen-tiguan-2013-118-scale-diecast-model-car-wholesale\/\" \/>\n<meta property=\"og:locale\" content=\"de_DE\" \/>\n<meta property=\"og:type\" content=\"article\" \/>\n<meta property=\"og:title\" content=\"Volkswagen Tiguan 2013 1\/18 Scale Diecast Model Car Wholesale\" \/>\n<meta property=\"og:url\" content=\"https:\/\/www.paudimodel.com\/de\/produkt\/volkswagen-tiguan-2013-118-scale-diecast-model-car-wholesale\/\" \/>\n<meta property=\"og:site_name\" content=\"Paudi Model | High Quality Diecast Model\" \/>\n<meta property=\"article:publisher\" content=\"https:\/\/www.facebook\/paudimodel\" \/>\n<meta property=\"article:modified_time\" content=\"2022-04-12T02:01:35+00:00\" \/>\n<meta property=\"og:image\" content=\"https:\/\/www.paudimodel.com\/wp-content\/uploads\/2017\/02\/Volkswagen_-New-Tiguan_2013_white2-1-1.jpg\" \/>\n\t<meta property=\"og:image:width\" content=\"990\" \/>\n\t<meta property=\"og:image:height\" content=\"658\" \/>\n\t<meta property=\"og:image:type\" content=\"image\/jpeg\" \/>\n<meta name=\"twitter:card\" content=\"summary_large_image\" \/>\n<meta name=\"twitter:site\" content=\"@paudimodel\" \/>\n<script type=\"application\/ld+json\" class=\"yoast-schema-graph\">{\"@context\":\"https:\/\/schema.org\",\"@graph\":[{\"@type\":\"WebPage\",\"@id\":\"https:\/\/www.paudimodel.com\/product\/volkswagen-tiguan-2013-118-scale-diecast-model-car-wholesale\/\",\"url\":\"https:\/\/www.paudimodel.com\/product\/volkswagen-tiguan-2013-118-scale-diecast-model-car-wholesale\/\",\"name\":\"Volkswagen Tiguan 2013 1\/18 Scale Diecast Model Car Wholesale - Paudi Model | High Quality Diecast Model\",\"isPartOf\":{\"@id\":\"https:\/\/www.paudimodel.com\/#website\"},\"primaryImageOfPage\":{\"@id\":\"https:\/\/www.paudimodel.com\/product\/volkswagen-tiguan-2013-118-scale-diecast-model-car-wholesale\/#primaryimage\"},\"image\":{\"@id\":\"https:\/\/www.paudimodel.com\/product\/volkswagen-tiguan-2013-118-scale-diecast-model-car-wholesale\/#primaryimage\"},\"thumbnailUrl\":\"https:\/\/www.paudimodel.com\/wp-content\/uploads\/2017\/02\/Volkswagen_-New-Tiguan_2013_white2-1-1.jpg\",\"datePublished\":\"2017-02-13T10:36:57+00:00\",\"dateModified\":\"2022-04-12T02:01:35+00:00\",\"breadcrumb\":{\"@id\":\"https:\/\/www.paudimodel.com\/product\/volkswagen-tiguan-2013-118-scale-diecast-model-car-wholesale\/#breadcrumb\"},\"inLanguage\":\"de\",\"potentialAction\":[{\"@type\":\"ReadAction\",\"target\":[\"https:\/\/www.paudimodel.com\/product\/volkswagen-tiguan-2013-118-scale-diecast-model-car-wholesale\/\"]}]},{\"@type\":\"ImageObject\",\"inLanguage\":\"de\",\"@id\":\"https:\/\/www.paudimodel.com\/product\/volkswagen-tiguan-2013-118-scale-diecast-model-car-wholesale\/#primaryimage\",\"url\":\"https:\/\/www.paudimodel.com\/wp-content\/uploads\/2017\/02\/Volkswagen_-New-Tiguan_2013_white2-1-1.jpg\",\"contentUrl\":\"https:\/\/www.paudimodel.com\/wp-content\/uploads\/2017\/02\/Volkswagen_-New-Tiguan_2013_white2-1-1.jpg\",\"width\":990,\"height\":658},{\"@type\":\"BreadcrumbList\",\"@id\":\"https:\/\/www.paudimodel.com\/product\/volkswagen-tiguan-2013-118-scale-diecast-model-car-wholesale\/#breadcrumb\",\"itemListElement\":[{\"@type\":\"ListItem\",\"position\":1,\"name\":\"Home\",\"item\":\"https:\/\/www.paudimodel.com\/\"},{\"@type\":\"ListItem\",\"position\":2,\"name\":\"Products\",\"item\":\"https:\/\/www.paudimodel.com\/products\/\"},{\"@type\":\"ListItem\",\"position\":3,\"name\":\"Volkswagen Tiguan 2013 1\/18 Scale Diecast Model Car Wholesale\"}]},{\"@type\":\"WebSite\",\"@id\":\"https:\/\/www.paudimodel.com\/#website\",\"url\":\"https:\/\/www.paudimodel.com\/\",\"name\":\"Paudi Model | High Quality Diecast Model\",\"description\":\"Shop For Diecast Models From Top-Rated Brands Like Dealer Edition, Paudi, Kyosho, Autoart &amp; More. Low Online Prices. Super-Detailed Models.Find Your Make &amp; Model.Huge Selection. Satisfaction Guaranteed. Types: Diecast Model Cars, Diecast Model Trucks.\",\"publisher\":{\"@id\":\"https:\/\/www.paudimodel.com\/#organization\"},\"alternateName\":\"Scale model design, development and production\",\"potentialAction\":[{\"@type\":\"SearchAction\",\"target\":{\"@type\":\"EntryPoint\",\"urlTemplate\":\"https:\/\/www.paudimodel.com\/?s={search_term_string}\"},\"query-input\":{\"@type\":\"PropertyValueSpecification\",\"valueRequired\":true,\"valueName\":\"search_term_string\"}}],\"inLanguage\":\"de\"},{\"@type\":\"Organization\",\"@id\":\"https:\/\/www.paudimodel.com\/#organization\",\"name\":\"Guangzhou Paudi Model Technology Ltd.\",\"url\":\"https:\/\/www.paudimodel.com\/\",\"logo\":{\"@type\":\"ImageObject\",\"inLanguage\":\"de\",\"@id\":\"https:\/\/www.paudimodel.com\/#\/schema\/logo\/image\/\",\"url\":\"https:\/\/www.paudimodel.com\/wp-content\/uploads\/2023\/02\/696x696.png\",\"contentUrl\":\"https:\/\/www.paudimodel.com\/wp-content\/uploads\/2023\/02\/696x696.png\",\"width\":696,\"height\":696,\"caption\":\"Guangzhou Paudi Model Technology Ltd.\"},\"image\":{\"@id\":\"https:\/\/www.paudimodel.com\/#\/schema\/logo\/image\/\"},\"sameAs\":[\"https:\/\/www.facebook\/paudimodel\",\"https:\/\/x.com\/paudimodel\"]}]}<\/script>\n<!-- \/ Yoast SEO Premium plugin. -->","yoast_head_json":{"title":"Volkswagen Tiguan 2013 1\/18 Scale Diecast Model Car Wholesale - Paudi Model | High Quality Diecast Model","robots":{"index":"index","follow":"follow","max-snippet":"max-snippet:-1","max-image-preview":"max-image-preview:large","max-video-preview":"max-video-preview:-1"},"canonical":"https:\/\/www.paudimodel.com\/de\/produkt\/volkswagen-tiguan-2013-118-scale-diecast-model-car-wholesale\/","og_locale":"de_DE","og_type":"article","og_title":"Volkswagen Tiguan 2013 1\/18 Scale Diecast Model Car Wholesale","og_url":"https:\/\/www.paudimodel.com\/de\/produkt\/volkswagen-tiguan-2013-118-scale-diecast-model-car-wholesale\/","og_site_name":"Paudi Model | High Quality Diecast Model","article_publisher":"https:\/\/www.facebook\/paudimodel","article_modified_time":"2022-04-12T02:01:35+00:00","og_image":[{"width":990,"height":658,"url":"https:\/\/www.paudimodel.com\/wp-content\/uploads\/2017\/02\/Volkswagen_-New-Tiguan_2013_white2-1-1.jpg","type":"image\/jpeg"}],"twitter_card":"summary_large_image","twitter_site":"@paudimodel","schema":{"@context":"https:\/\/schema.org","@graph":[{"@type":"WebPage","@id":"https:\/\/www.paudimodel.com\/product\/volkswagen-tiguan-2013-118-scale-diecast-model-car-wholesale\/","url":"https:\/\/www.paudimodel.com\/product\/volkswagen-tiguan-2013-118-scale-diecast-model-car-wholesale\/","name":"Volkswagen Tiguan 2013 1\/18 Scale Diecast Model Car Wholesale - Paudi Model | High Quality Diecast Model","isPartOf":{"@id":"https:\/\/www.paudimodel.com\/#website"},"primaryImageOfPage":{"@id":"https:\/\/www.paudimodel.com\/product\/volkswagen-tiguan-2013-118-scale-diecast-model-car-wholesale\/#primaryimage"},"image":{"@id":"https:\/\/www.paudimodel.com\/product\/volkswagen-tiguan-2013-118-scale-diecast-model-car-wholesale\/#primaryimage"},"thumbnailUrl":"https:\/\/www.paudimodel.com\/wp-content\/uploads\/2017\/02\/Volkswagen_-New-Tiguan_2013_white2-1-1.jpg","datePublished":"2017-02-13T10:36:57+00:00","dateModified":"2022-04-12T02:01:35+00:00","breadcrumb":{"@id":"https:\/\/www.paudimodel.com\/product\/volkswagen-tiguan-2013-118-scale-diecast-model-car-wholesale\/#breadcrumb"},"inLanguage":"de","potentialAction":[{"@type":"ReadAction","target":["https:\/\/www.paudimodel.com\/product\/volkswagen-tiguan-2013-118-scale-diecast-model-car-wholesale\/"]}]},{"@type":"ImageObject","inLanguage":"de","@id":"https:\/\/www.paudimodel.com\/product\/volkswagen-tiguan-2013-118-scale-diecast-model-car-wholesale\/#primaryimage","url":"https:\/\/www.paudimodel.com\/wp-content\/uploads\/2017\/02\/Volkswagen_-New-Tiguan_2013_white2-1-1.jpg","contentUrl":"https:\/\/www.paudimodel.com\/wp-content\/uploads\/2017\/02\/Volkswagen_-New-Tiguan_2013_white2-1-1.jpg","width":990,"height":658},{"@type":"BreadcrumbList","@id":"https:\/\/www.paudimodel.com\/product\/volkswagen-tiguan-2013-118-scale-diecast-model-car-wholesale\/#breadcrumb","itemListElement":[{"@type":"ListItem","position":1,"name":"Home","item":"https:\/\/www.paudimodel.com\/"},{"@type":"ListItem","position":2,"name":"Products","item":"https:\/\/www.paudimodel.com\/products\/"},{"@type":"ListItem","position":3,"name":"Volkswagen Tiguan 2013 1\/18 Scale Diecast Model Car Wholesale"}]},{"@type":"WebSite","@id":"https:\/\/www.paudimodel.com\/#website","url":"https:\/\/www.paudimodel.com\/","name":"Paudi-Modell | Hochwertiges Druckgussmodell","description":"Kaufen Sie Druckgussmodelle von Top-Marken wie Dealer Edition, Paudi, Kyosho, Autoart und mehr. G\u00fcnstige Online-Preise. Superdetaillierte Modelle. Finden Sie Ihre Marke und Ihr Modell. Riesige Auswahl. Zufriedenheitsgarantie. Typen: Druckguss-Modellautos, Druckguss-Modell-LKWs.","publisher":{"@id":"https:\/\/www.paudimodel.com\/#organization"},"alternateName":"Scale model design, development and production","potentialAction":[{"@type":"SearchAction","target":{"@type":"EntryPoint","urlTemplate":"https:\/\/www.paudimodel.com\/?s={search_term_string}"},"query-input":{"@type":"PropertyValueSpecification","valueRequired":true,"valueName":"search_term_string"}}],"inLanguage":"de"},{"@type":"Organization","@id":"https:\/\/www.paudimodel.com\/#organization","name":"Guangzhou Paudi Model Technology Ltd.","url":"https:\/\/www.paudimodel.com\/","logo":{"@type":"ImageObject","inLanguage":"de","@id":"https:\/\/www.paudimodel.com\/#\/schema\/logo\/image\/","url":"https:\/\/www.paudimodel.com\/wp-content\/uploads\/2023\/02\/696x696.png","contentUrl":"https:\/\/www.paudimodel.com\/wp-content\/uploads\/2023\/02\/696x696.png","width":696,"height":696,"caption":"Guangzhou Paudi Model Technology Ltd."},"image":{"@id":"https:\/\/www.paudimodel.com\/#\/schema\/logo\/image\/"},"sameAs":["https:\/\/www.facebook\/paudimodel","https:\/\/x.com\/paudimodel"]}]}},"_links":{"self":[{"href":"https:\/\/www.paudimodel.com\/de\/wp-json\/wp\/v2\/product\/44552","targetHints":{"allow":["GET"]}}],"collection":[{"href":"https:\/\/www.paudimodel.com\/de\/wp-json\/wp\/v2\/product"}],"about":[{"href":"https:\/\/www.paudimodel.com\/de\/wp-json\/wp\/v2\/types\/product"}],"replies":[{"embeddable":true,"href":"https:\/\/www.paudimodel.com\/de\/wp-json\/wp\/v2\/comments?post=44552"}],"wp:featuredmedia":[{"embeddable":true,"href":"https:\/\/www.paudimodel.com\/de\/wp-json\/wp\/v2\/media\/50606"}],"wp:attachment":[{"href":"https:\/\/www.paudimodel.com\/de\/wp-json\/wp\/v2\/media?parent=44552"}],"wp:term":[{"taxonomy":"product_brand","embeddable":true,"href":"https:\/\/www.paudimodel.com\/de\/wp-json\/wp\/v2\/product_brand?post=44552"},{"taxonomy":"product_cat","embeddable":true,"href":"https:\/\/www.paudimodel.com\/de\/wp-json\/wp\/v2\/product_cat?post=44552"},{"taxonomy":"product_tag","embeddable":true,"href":"https:\/\/www.paudimodel.com\/de\/wp-json\/wp\/v2\/product_tag?post=44552"}],"curies":[{"name":"wp","href":"https:\/\/api.w.org\/{rel}","templated":true}]}}