{"id":44634,"date":"2017-02-13T11:14:17","date_gmt":"2017-02-13T11:14:17","guid":{"rendered":"http:\/\/www.paudimodel.com\/?post_type=product&#038;p=44634"},"modified":"2025-11-27T11:01:20","modified_gmt":"2025-11-27T11:01:20","slug":"nissan-march-2010-118-scale-diecast-model-car-wholesale","status":"publish","type":"product","link":"https:\/\/www.paudimodel.com\/de\/produkt\/nissan-march-2010-118-scale-diecast-model-car-wholesale\/","title":{"rendered":"Nissan M\u00e4rz 2010 1\/18 Ma\u00dfstab Diecast Modellauto Gro\u00dfhandel"},"content":{"rendered":"<p>Die Karosserie besteht aus einer Leichtmetalllegierung, alle vier T\u00fcren und die Motorhaube lassen sich \u00f6ffnen, sodass man die verschiedenen Teile der Motoreinheit deutlich sehen kann. Auch der Kofferraum l\u00e4sst sich \u00f6ffnen. Die Karosserieverkleidung ist mit einem simulierten Teppichboden versehen, die Verarbeitung ist exquisit, und man kann die verschiedenen Komponenten der Struktur deutlich erkennen. Vorder- und Hinterradaufh\u00e4ngung, h\u00f6henverzinkte Radnaben in simulierter H\u00f6he.<\/p>\n<p><img loading=\"lazy\" decoding=\"async\" class=\"alignnone size-full wp-image-44636 aligncenter\" src=\"http:\/\/www.paudimodel.com\/wp-content\/uploads\/2017\/02\/001.jpg\" alt=\"\" width=\"990\" height=\"557\" srcset=\"https:\/\/www.paudimodel.com\/wp-content\/uploads\/2017\/02\/001.jpg 990w, https:\/\/www.paudimodel.com\/wp-content\/uploads\/2017\/02\/001-450x253.jpg 450w, https:\/\/www.paudimodel.com\/wp-content\/uploads\/2017\/02\/001-300x169.jpg 300w, https:\/\/www.paudimodel.com\/wp-content\/uploads\/2017\/02\/001-768x432.jpg 768w\" sizes=\"auto, (max-width: 990px) 100vw, 990px\" \/><br \/>\n<img loading=\"lazy\" decoding=\"async\" class=\"alignnone size-full wp-image-44637 aligncenter\" src=\"http:\/\/www.paudimodel.com\/wp-content\/uploads\/2017\/02\/03.jpg\" alt=\"\" width=\"990\" height=\"557\" srcset=\"https:\/\/www.paudimodel.com\/wp-content\/uploads\/2017\/02\/03.jpg 990w, https:\/\/www.paudimodel.com\/wp-content\/uploads\/2017\/02\/03-450x253.jpg 450w, https:\/\/www.paudimodel.com\/wp-content\/uploads\/2017\/02\/03-300x169.jpg 300w, https:\/\/www.paudimodel.com\/wp-content\/uploads\/2017\/02\/03-768x432.jpg 768w\" sizes=\"auto, (max-width: 990px) 100vw, 990px\" \/><\/p>\n<p><img loading=\"lazy\" decoding=\"async\" class=\"alignnone size-full wp-image-44639 aligncenter\" src=\"http:\/\/www.paudimodel.com\/wp-content\/uploads\/2017\/02\/nissan_march_or_01.jpg\" alt=\"\" width=\"990\" height=\"660\" srcset=\"https:\/\/www.paudimodel.com\/wp-content\/uploads\/2017\/02\/nissan_march_or_01.jpg 990w, https:\/\/www.paudimodel.com\/wp-content\/uploads\/2017\/02\/nissan_march_or_01-300x200.jpg 300w, https:\/\/www.paudimodel.com\/wp-content\/uploads\/2017\/02\/nissan_march_or_01-450x300.jpg 450w, https:\/\/www.paudimodel.com\/wp-content\/uploads\/2017\/02\/nissan_march_or_01-768x512.jpg 768w\" sizes=\"auto, (max-width: 990px) 100vw, 990px\" \/><br \/>\n<img loading=\"lazy\" decoding=\"async\" class=\"alignnone size-full wp-image-44640 aligncenter\" src=\"http:\/\/www.paudimodel.com\/wp-content\/uploads\/2017\/02\/nissan_march_or_02.jpg\" alt=\"\" width=\"990\" height=\"660\" srcset=\"https:\/\/www.paudimodel.com\/wp-content\/uploads\/2017\/02\/nissan_march_or_02.jpg 990w, https:\/\/www.paudimodel.com\/wp-content\/uploads\/2017\/02\/nissan_march_or_02-300x200.jpg 300w, https:\/\/www.paudimodel.com\/wp-content\/uploads\/2017\/02\/nissan_march_or_02-450x300.jpg 450w, https:\/\/www.paudimodel.com\/wp-content\/uploads\/2017\/02\/nissan_march_or_02-768x512.jpg 768w\" sizes=\"auto, (max-width: 990px) 100vw, 990px\" \/><br \/>\n<img loading=\"lazy\" decoding=\"async\" class=\"alignnone size-full wp-image-44641 aligncenter\" src=\"http:\/\/www.paudimodel.com\/wp-content\/uploads\/2017\/02\/nissan_march_or_03.jpg\" alt=\"\" width=\"990\" height=\"660\" srcset=\"https:\/\/www.paudimodel.com\/wp-content\/uploads\/2017\/02\/nissan_march_or_03.jpg 990w, https:\/\/www.paudimodel.com\/wp-content\/uploads\/2017\/02\/nissan_march_or_03-300x200.jpg 300w, https:\/\/www.paudimodel.com\/wp-content\/uploads\/2017\/02\/nissan_march_or_03-450x300.jpg 450w, https:\/\/www.paudimodel.com\/wp-content\/uploads\/2017\/02\/nissan_march_or_03-768x512.jpg 768w\" sizes=\"auto, (max-width: 990px) 100vw, 990px\" \/><br \/>\n<img loading=\"lazy\" decoding=\"async\" class=\"alignnone size-full wp-image-44642 aligncenter\" src=\"http:\/\/www.paudimodel.com\/wp-content\/uploads\/2017\/02\/nissan_march_or_04.jpg\" alt=\"\" width=\"990\" height=\"660\" srcset=\"https:\/\/www.paudimodel.com\/wp-content\/uploads\/2017\/02\/nissan_march_or_04.jpg 990w, https:\/\/www.paudimodel.com\/wp-content\/uploads\/2017\/02\/nissan_march_or_04-300x200.jpg 300w, https:\/\/www.paudimodel.com\/wp-content\/uploads\/2017\/02\/nissan_march_or_04-450x300.jpg 450w, https:\/\/www.paudimodel.com\/wp-content\/uploads\/2017\/02\/nissan_march_or_04-768x512.jpg 768w\" sizes=\"auto, (max-width: 990px) 100vw, 990px\" \/><br \/>\n<img loading=\"lazy\" decoding=\"async\" class=\"alignnone size-full wp-image-44643 aligncenter\" src=\"http:\/\/www.paudimodel.com\/wp-content\/uploads\/2017\/02\/nissan_march_or_05.jpg\" alt=\"\" width=\"990\" height=\"660\" srcset=\"https:\/\/www.paudimodel.com\/wp-content\/uploads\/2017\/02\/nissan_march_or_05.jpg 990w, https:\/\/www.paudimodel.com\/wp-content\/uploads\/2017\/02\/nissan_march_or_05-300x200.jpg 300w, https:\/\/www.paudimodel.com\/wp-content\/uploads\/2017\/02\/nissan_march_or_05-450x300.jpg 450w, https:\/\/www.paudimodel.com\/wp-content\/uploads\/2017\/02\/nissan_march_or_05-768x512.jpg 768w\" sizes=\"auto, (max-width: 990px) 100vw, 990px\" \/><br \/>\n<img loading=\"lazy\" decoding=\"async\" class=\"alignnone size-full wp-image-44644 aligncenter\" src=\"http:\/\/www.paudimodel.com\/wp-content\/uploads\/2017\/02\/nissan_march_or_12.jpg\" alt=\"\" width=\"990\" height=\"660\" srcset=\"https:\/\/www.paudimodel.com\/wp-content\/uploads\/2017\/02\/nissan_march_or_12.jpg 990w, https:\/\/www.paudimodel.com\/wp-content\/uploads\/2017\/02\/nissan_march_or_12-300x200.jpg 300w, https:\/\/www.paudimodel.com\/wp-content\/uploads\/2017\/02\/nissan_march_or_12-450x300.jpg 450w, https:\/\/www.paudimodel.com\/wp-content\/uploads\/2017\/02\/nissan_march_or_12-768x512.jpg 768w\" sizes=\"auto, (max-width: 990px) 100vw, 990px\" \/><br \/>\n<img loading=\"lazy\" decoding=\"async\" class=\"alignnone size-full wp-image-44632 aligncenter\" src=\"http:\/\/www.paudimodel.com\/wp-content\/uploads\/2017\/02\/Murano_2015_BR_12.jpg\" alt=\"\" width=\"990\" height=\"658\" \/><br \/>\n<img loading=\"lazy\" decoding=\"async\" class=\"alignnone size-full wp-image-44631 aligncenter\" src=\"http:\/\/www.paudimodel.com\/wp-content\/uploads\/2017\/02\/Murano_2015_BR_11.jpg\" alt=\"\" width=\"990\" height=\"658\" srcset=\"https:\/\/www.paudimodel.com\/wp-content\/uploads\/2017\/02\/Murano_2015_BR_11.jpg 990w, https:\/\/www.paudimodel.com\/wp-content\/uploads\/2017\/02\/Murano_2015_BR_11-300x199.jpg 300w, https:\/\/www.paudimodel.com\/wp-content\/uploads\/2017\/02\/Murano_2015_BR_11-450x299.jpg 450w, https:\/\/www.paudimodel.com\/wp-content\/uploads\/2017\/02\/Murano_2015_BR_11-768x510.jpg 768w\" sizes=\"auto, (max-width: 990px) 100vw, 990px\" \/><\/p>","protected":false},"excerpt":{"rendered":"<p>&nbsp;<\/p>\n<p>&nbsp;<\/p>","protected":false},"featured_media":44636,"comment_status":"open","ping_status":"closed","template":"","meta":[],"product_brand":[2608],"product_cat":[466,127],"product_tag":[532],"class_list":{"0":"post-44634","1":"product","2":"type-product","3":"status-publish","4":"has-post-thumbnail","6":"product_brand-dongfeng-nissan","7":"product_cat-1-18-scale","8":"product_cat-nissan","9":"product_tag-march-2010","10":"pa_color-orange","11":"pa_material-zinc-alloy-abs-variety-of-composite-materials","12":"pa_scale-34","14":"first","15":"outofstock","16":"taxable","17":"shipping-taxable","18":"purchasable","19":"product-type-simple"},"yoast_head":"<!-- This site is optimized with the Yoast SEO Premium plugin v25.6 (Yoast SEO v26.7) - https:\/\/yoast.com\/wordpress\/plugins\/seo\/ -->\n<title>Nissan march 2010 1\/18 Scale Diecast Model Car Wholesale - Paudi Model | High Quality Diecast Model<\/title>\n<meta name=\"robots\" content=\"index, follow, max-snippet:-1, max-image-preview:large, max-video-preview:-1\" \/>\n<link rel=\"canonical\" href=\"https:\/\/www.paudimodel.com\/de\/produkt\/nissan-march-2010-118-scale-diecast-model-car-wholesale\/\" \/>\n<meta property=\"og:locale\" content=\"de_DE\" \/>\n<meta property=\"og:type\" content=\"article\" \/>\n<meta property=\"og:title\" content=\"Nissan march 2010 1\/18 Scale Diecast Model Car Wholesale\" \/>\n<meta property=\"og:url\" content=\"https:\/\/www.paudimodel.com\/de\/produkt\/nissan-march-2010-118-scale-diecast-model-car-wholesale\/\" \/>\n<meta property=\"og:site_name\" content=\"Paudi Model | High Quality Diecast Model\" \/>\n<meta property=\"article:publisher\" content=\"https:\/\/www.facebook\/paudimodel\" \/>\n<meta property=\"article:modified_time\" content=\"2025-11-27T11:01:20+00:00\" \/>\n<meta property=\"og:image\" content=\"https:\/\/www.paudimodel.com\/wp-content\/uploads\/2017\/02\/001.jpg\" \/>\n\t<meta property=\"og:image:width\" content=\"990\" \/>\n\t<meta property=\"og:image:height\" content=\"557\" \/>\n\t<meta property=\"og:image:type\" content=\"image\/jpeg\" \/>\n<meta name=\"twitter:card\" content=\"summary_large_image\" \/>\n<meta name=\"twitter:site\" content=\"@paudimodel\" \/>\n<script type=\"application\/ld+json\" class=\"yoast-schema-graph\">{\"@context\":\"https:\/\/schema.org\",\"@graph\":[{\"@type\":\"WebPage\",\"@id\":\"https:\/\/www.paudimodel.com\/product\/nissan-march-2010-118-scale-diecast-model-car-wholesale\/\",\"url\":\"https:\/\/www.paudimodel.com\/product\/nissan-march-2010-118-scale-diecast-model-car-wholesale\/\",\"name\":\"Nissan march 2010 1\/18 Scale Diecast Model Car Wholesale - Paudi Model | High Quality Diecast Model\",\"isPartOf\":{\"@id\":\"https:\/\/www.paudimodel.com\/#website\"},\"primaryImageOfPage\":{\"@id\":\"https:\/\/www.paudimodel.com\/product\/nissan-march-2010-118-scale-diecast-model-car-wholesale\/#primaryimage\"},\"image\":{\"@id\":\"https:\/\/www.paudimodel.com\/product\/nissan-march-2010-118-scale-diecast-model-car-wholesale\/#primaryimage\"},\"thumbnailUrl\":\"https:\/\/www.paudimodel.com\/wp-content\/uploads\/2017\/02\/001.jpg\",\"datePublished\":\"2017-02-13T11:14:17+00:00\",\"dateModified\":\"2025-11-27T11:01:20+00:00\",\"breadcrumb\":{\"@id\":\"https:\/\/www.paudimodel.com\/product\/nissan-march-2010-118-scale-diecast-model-car-wholesale\/#breadcrumb\"},\"inLanguage\":\"de\",\"potentialAction\":[{\"@type\":\"ReadAction\",\"target\":[\"https:\/\/www.paudimodel.com\/product\/nissan-march-2010-118-scale-diecast-model-car-wholesale\/\"]}]},{\"@type\":\"ImageObject\",\"inLanguage\":\"de\",\"@id\":\"https:\/\/www.paudimodel.com\/product\/nissan-march-2010-118-scale-diecast-model-car-wholesale\/#primaryimage\",\"url\":\"https:\/\/www.paudimodel.com\/wp-content\/uploads\/2017\/02\/001.jpg\",\"contentUrl\":\"https:\/\/www.paudimodel.com\/wp-content\/uploads\/2017\/02\/001.jpg\",\"width\":990,\"height\":557},{\"@type\":\"BreadcrumbList\",\"@id\":\"https:\/\/www.paudimodel.com\/product\/nissan-march-2010-118-scale-diecast-model-car-wholesale\/#breadcrumb\",\"itemListElement\":[{\"@type\":\"ListItem\",\"position\":1,\"name\":\"Home\",\"item\":\"https:\/\/www.paudimodel.com\/\"},{\"@type\":\"ListItem\",\"position\":2,\"name\":\"Products\",\"item\":\"https:\/\/www.paudimodel.com\/products\/\"},{\"@type\":\"ListItem\",\"position\":3,\"name\":\"Nissan march 2010 1\/18 Scale Diecast Model Car Wholesale\"}]},{\"@type\":\"WebSite\",\"@id\":\"https:\/\/www.paudimodel.com\/#website\",\"url\":\"https:\/\/www.paudimodel.com\/\",\"name\":\"Paudi Model | High Quality Diecast Model\",\"description\":\"Shop For Diecast Models From Top-Rated Brands Like Dealer Edition, Paudi, Kyosho, Autoart &amp; More. Low Online Prices. Super-Detailed Models.Find Your Make &amp; Model.Huge Selection. Satisfaction Guaranteed. Types: Diecast Model Cars, Diecast Model Trucks.\",\"publisher\":{\"@id\":\"https:\/\/www.paudimodel.com\/#organization\"},\"alternateName\":\"Scale model design, development and production\",\"potentialAction\":[{\"@type\":\"SearchAction\",\"target\":{\"@type\":\"EntryPoint\",\"urlTemplate\":\"https:\/\/www.paudimodel.com\/?s={search_term_string}\"},\"query-input\":{\"@type\":\"PropertyValueSpecification\",\"valueRequired\":true,\"valueName\":\"search_term_string\"}}],\"inLanguage\":\"de\"},{\"@type\":\"Organization\",\"@id\":\"https:\/\/www.paudimodel.com\/#organization\",\"name\":\"Guangzhou Paudi Model Technology Ltd.\",\"url\":\"https:\/\/www.paudimodel.com\/\",\"logo\":{\"@type\":\"ImageObject\",\"inLanguage\":\"de\",\"@id\":\"https:\/\/www.paudimodel.com\/#\/schema\/logo\/image\/\",\"url\":\"https:\/\/www.paudimodel.com\/wp-content\/uploads\/2023\/02\/696x696.png\",\"contentUrl\":\"https:\/\/www.paudimodel.com\/wp-content\/uploads\/2023\/02\/696x696.png\",\"width\":696,\"height\":696,\"caption\":\"Guangzhou Paudi Model Technology Ltd.\"},\"image\":{\"@id\":\"https:\/\/www.paudimodel.com\/#\/schema\/logo\/image\/\"},\"sameAs\":[\"https:\/\/www.facebook\/paudimodel\",\"https:\/\/x.com\/paudimodel\"]}]}<\/script>\n<!-- \/ Yoast SEO Premium plugin. -->","yoast_head_json":{"title":"Nissan march 2010 1\/18 Scale Diecast Model Car Wholesale - Paudi Model | High Quality Diecast Model","robots":{"index":"index","follow":"follow","max-snippet":"max-snippet:-1","max-image-preview":"max-image-preview:large","max-video-preview":"max-video-preview:-1"},"canonical":"https:\/\/www.paudimodel.com\/de\/produkt\/nissan-march-2010-118-scale-diecast-model-car-wholesale\/","og_locale":"de_DE","og_type":"article","og_title":"Nissan march 2010 1\/18 Scale Diecast Model Car Wholesale","og_url":"https:\/\/www.paudimodel.com\/de\/produkt\/nissan-march-2010-118-scale-diecast-model-car-wholesale\/","og_site_name":"Paudi Model | High Quality Diecast Model","article_publisher":"https:\/\/www.facebook\/paudimodel","article_modified_time":"2025-11-27T11:01:20+00:00","og_image":[{"width":990,"height":557,"url":"https:\/\/www.paudimodel.com\/wp-content\/uploads\/2017\/02\/001.jpg","type":"image\/jpeg"}],"twitter_card":"summary_large_image","twitter_site":"@paudimodel","schema":{"@context":"https:\/\/schema.org","@graph":[{"@type":"WebPage","@id":"https:\/\/www.paudimodel.com\/product\/nissan-march-2010-118-scale-diecast-model-car-wholesale\/","url":"https:\/\/www.paudimodel.com\/product\/nissan-march-2010-118-scale-diecast-model-car-wholesale\/","name":"Nissan march 2010 1\/18 Scale Diecast Model Car Wholesale - Paudi Model | High Quality Diecast Model","isPartOf":{"@id":"https:\/\/www.paudimodel.com\/#website"},"primaryImageOfPage":{"@id":"https:\/\/www.paudimodel.com\/product\/nissan-march-2010-118-scale-diecast-model-car-wholesale\/#primaryimage"},"image":{"@id":"https:\/\/www.paudimodel.com\/product\/nissan-march-2010-118-scale-diecast-model-car-wholesale\/#primaryimage"},"thumbnailUrl":"https:\/\/www.paudimodel.com\/wp-content\/uploads\/2017\/02\/001.jpg","datePublished":"2017-02-13T11:14:17+00:00","dateModified":"2025-11-27T11:01:20+00:00","breadcrumb":{"@id":"https:\/\/www.paudimodel.com\/product\/nissan-march-2010-118-scale-diecast-model-car-wholesale\/#breadcrumb"},"inLanguage":"de","potentialAction":[{"@type":"ReadAction","target":["https:\/\/www.paudimodel.com\/product\/nissan-march-2010-118-scale-diecast-model-car-wholesale\/"]}]},{"@type":"ImageObject","inLanguage":"de","@id":"https:\/\/www.paudimodel.com\/product\/nissan-march-2010-118-scale-diecast-model-car-wholesale\/#primaryimage","url":"https:\/\/www.paudimodel.com\/wp-content\/uploads\/2017\/02\/001.jpg","contentUrl":"https:\/\/www.paudimodel.com\/wp-content\/uploads\/2017\/02\/001.jpg","width":990,"height":557},{"@type":"BreadcrumbList","@id":"https:\/\/www.paudimodel.com\/product\/nissan-march-2010-118-scale-diecast-model-car-wholesale\/#breadcrumb","itemListElement":[{"@type":"ListItem","position":1,"name":"Home","item":"https:\/\/www.paudimodel.com\/"},{"@type":"ListItem","position":2,"name":"Products","item":"https:\/\/www.paudimodel.com\/products\/"},{"@type":"ListItem","position":3,"name":"Nissan march 2010 1\/18 Scale Diecast Model Car Wholesale"}]},{"@type":"WebSite","@id":"https:\/\/www.paudimodel.com\/#website","url":"https:\/\/www.paudimodel.com\/","name":"Paudi-Modell | Hochwertiges Druckgussmodell","description":"Kaufen Sie Druckgussmodelle von Top-Marken wie Dealer Edition, Paudi, Kyosho, Autoart und mehr. G\u00fcnstige Online-Preise. Superdetaillierte Modelle. Finden Sie Ihre Marke und Ihr Modell. Riesige Auswahl. Zufriedenheitsgarantie. Typen: Druckguss-Modellautos, Druckguss-Modell-LKWs.","publisher":{"@id":"https:\/\/www.paudimodel.com\/#organization"},"alternateName":"Scale model design, development and production","potentialAction":[{"@type":"SearchAction","target":{"@type":"EntryPoint","urlTemplate":"https:\/\/www.paudimodel.com\/?s={search_term_string}"},"query-input":{"@type":"PropertyValueSpecification","valueRequired":true,"valueName":"search_term_string"}}],"inLanguage":"de"},{"@type":"Organization","@id":"https:\/\/www.paudimodel.com\/#organization","name":"Guangzhou Paudi Model Technology Ltd.","url":"https:\/\/www.paudimodel.com\/","logo":{"@type":"ImageObject","inLanguage":"de","@id":"https:\/\/www.paudimodel.com\/#\/schema\/logo\/image\/","url":"https:\/\/www.paudimodel.com\/wp-content\/uploads\/2023\/02\/696x696.png","contentUrl":"https:\/\/www.paudimodel.com\/wp-content\/uploads\/2023\/02\/696x696.png","width":696,"height":696,"caption":"Guangzhou Paudi Model Technology Ltd."},"image":{"@id":"https:\/\/www.paudimodel.com\/#\/schema\/logo\/image\/"},"sameAs":["https:\/\/www.facebook\/paudimodel","https:\/\/x.com\/paudimodel"]}]}},"_links":{"self":[{"href":"https:\/\/www.paudimodel.com\/de\/wp-json\/wp\/v2\/product\/44634","targetHints":{"allow":["GET"]}}],"collection":[{"href":"https:\/\/www.paudimodel.com\/de\/wp-json\/wp\/v2\/product"}],"about":[{"href":"https:\/\/www.paudimodel.com\/de\/wp-json\/wp\/v2\/types\/product"}],"replies":[{"embeddable":true,"href":"https:\/\/www.paudimodel.com\/de\/wp-json\/wp\/v2\/comments?post=44634"}],"wp:featuredmedia":[{"embeddable":true,"href":"https:\/\/www.paudimodel.com\/de\/wp-json\/wp\/v2\/media\/44636"}],"wp:attachment":[{"href":"https:\/\/www.paudimodel.com\/de\/wp-json\/wp\/v2\/media?parent=44634"}],"wp:term":[{"taxonomy":"product_brand","embeddable":true,"href":"https:\/\/www.paudimodel.com\/de\/wp-json\/wp\/v2\/product_brand?post=44634"},{"taxonomy":"product_cat","embeddable":true,"href":"https:\/\/www.paudimodel.com\/de\/wp-json\/wp\/v2\/product_cat?post=44634"},{"taxonomy":"product_tag","embeddable":true,"href":"https:\/\/www.paudimodel.com\/de\/wp-json\/wp\/v2\/product_tag?post=44634"}],"curies":[{"name":"wp","href":"https:\/\/api.w.org\/{rel}","templated":true}]}}