{"id":46248,"date":"2017-03-06T10:53:18","date_gmt":"2017-03-06T02:53:18","guid":{"rendered":"http:\/\/www.paudimodel.com\/?post_type=product&#038;p=46248"},"modified":"2023-12-05T10:08:41","modified_gmt":"2023-12-05T10:08:41","slug":"vw-volkswagen-phideon-2016-118-scale-diecast-model-car-wholesale","status":"publish","type":"product","link":"https:\/\/www.paudimodel.com\/de\/produkt\/vw-volkswagen-phideon-2016-118-scale-diecast-model-car-wholesale\/","title":{"rendered":"VW Volkswagen Phideon 2016 1\/18 Ma\u00dfstab Diecast Modellauto Gro\u00dfhandel"},"content":{"rendered":"<p><img loading=\"lazy\" decoding=\"async\" class=\"alignnone size-full wp-image-47899\" src=\"http:\/\/www.paudimodel.com\/wp-content\/uploads\/2017\/03\/Phideon-black-01.jpg\" alt=\"\" width=\"990\" height=\"737\" srcset=\"https:\/\/www.paudimodel.com\/wp-content\/uploads\/2017\/03\/Phideon-black-01.jpg 990w, https:\/\/www.paudimodel.com\/wp-content\/uploads\/2017\/03\/Phideon-black-01-450x335.jpg 450w, https:\/\/www.paudimodel.com\/wp-content\/uploads\/2017\/03\/Phideon-black-01-300x223.jpg 300w, https:\/\/www.paudimodel.com\/wp-content\/uploads\/2017\/03\/Phideon-black-01-768x572.jpg 768w\" sizes=\"auto, (max-width: 990px) 100vw, 990px\" \/> <img loading=\"lazy\" decoding=\"async\" class=\"alignnone size-full wp-image-47901\" src=\"http:\/\/www.paudimodel.com\/wp-content\/uploads\/2017\/03\/Phideon-black-02.jpg\" alt=\"\" width=\"990\" height=\"624\" srcset=\"https:\/\/www.paudimodel.com\/wp-content\/uploads\/2017\/03\/Phideon-black-02.jpg 990w, https:\/\/www.paudimodel.com\/wp-content\/uploads\/2017\/03\/Phideon-black-02-450x284.jpg 450w, https:\/\/www.paudimodel.com\/wp-content\/uploads\/2017\/03\/Phideon-black-02-300x189.jpg 300w, https:\/\/www.paudimodel.com\/wp-content\/uploads\/2017\/03\/Phideon-black-02-768x484.jpg 768w\" sizes=\"auto, (max-width: 990px) 100vw, 990px\" \/> <img loading=\"lazy\" decoding=\"async\" class=\"alignnone size-full wp-image-47903\" src=\"http:\/\/www.paudimodel.com\/wp-content\/uploads\/2017\/03\/Phideon-black-03.jpg\" alt=\"\" width=\"990\" height=\"619\" srcset=\"https:\/\/www.paudimodel.com\/wp-content\/uploads\/2017\/03\/Phideon-black-03.jpg 990w, https:\/\/www.paudimodel.com\/wp-content\/uploads\/2017\/03\/Phideon-black-03-450x281.jpg 450w, https:\/\/www.paudimodel.com\/wp-content\/uploads\/2017\/03\/Phideon-black-03-300x188.jpg 300w, https:\/\/www.paudimodel.com\/wp-content\/uploads\/2017\/03\/Phideon-black-03-768x480.jpg 768w\" sizes=\"auto, (max-width: 990px) 100vw, 990px\" \/> <img loading=\"lazy\" decoding=\"async\" class=\"alignnone size-full wp-image-47905\" src=\"http:\/\/www.paudimodel.com\/wp-content\/uploads\/2017\/03\/Phideon-black-04.jpg\" alt=\"\" width=\"990\" height=\"616\" srcset=\"https:\/\/www.paudimodel.com\/wp-content\/uploads\/2017\/03\/Phideon-black-04.jpg 990w, https:\/\/www.paudimodel.com\/wp-content\/uploads\/2017\/03\/Phideon-black-04-450x280.jpg 450w, https:\/\/www.paudimodel.com\/wp-content\/uploads\/2017\/03\/Phideon-black-04-300x187.jpg 300w, https:\/\/www.paudimodel.com\/wp-content\/uploads\/2017\/03\/Phideon-black-04-768x478.jpg 768w\" sizes=\"auto, (max-width: 990px) 100vw, 990px\" \/><\/p>","protected":false},"excerpt":{"rendered":"<p>Produktcode: 2380BK, 2380S, 2380BR<\/p>\n<p>Farben: Schwarz, Silber, Braun<\/p>\n<p>Dieses Produkt, das nach den VW-Modellen von Phideon gefertigt und verkleinert wurde, ist ein detailgetreues Modellauto im Ma\u00dfstab 1:18 und geh\u00f6rt zur hochwertigen Diecast-Modellreihe von VW. Das Modellauto besteht aus einer Zinklegierung und ist mit einer dreifachen elektrostatischen Lackierung versehen. Es verf\u00fcgt \u00fcber Hunderte von Einzelteilen und ist aufgrund seines Sammlerwerts die ideale Wahl f\u00fcr Sammler und als Geschenk.<\/p>","protected":false},"featured_media":47899,"comment_status":"open","ping_status":"closed","template":"","meta":[],"product_brand":[],"product_cat":[466,147],"product_tag":[50,63,124,59,715],"class_list":{"0":"post-46248","1":"product","2":"type-product","3":"status-publish","4":"has-post-thumbnail","6":"product_cat-1-18-scale","7":"product_cat-volkswagen","8":"product_tag-diecast-model-car","9":"product_tag-hobby-model-car","10":"product_tag-original-model-car","11":"product_tag-scale-model-car","12":"product_tag-volkswagen","13":"pa_color-blackcolor","14":"pa_color-brown","15":"pa_color-silver","16":"pa_material-zinc-alloy-abs-variety-of-composite-materials","17":"pa_scale-34","19":"first","20":"instock","21":"taxable","22":"shipping-taxable","23":"purchasable","24":"product-type-variable"},"yoast_head":"<!-- This site is optimized with the Yoast SEO Premium plugin v25.6 (Yoast SEO v26.7) - https:\/\/yoast.com\/wordpress\/plugins\/seo\/ -->\n<title>VW Volkswagen Phideon 2016 1\/18 Scale Diecast Model Car Wholesale - Paudi Model | High Quality Diecast Model<\/title>\n<meta name=\"robots\" content=\"index, follow, max-snippet:-1, max-image-preview:large, max-video-preview:-1\" \/>\n<link rel=\"canonical\" href=\"https:\/\/www.paudimodel.com\/de\/produkt\/vw-volkswagen-phideon-2016-118-scale-diecast-model-car-wholesale\/\" \/>\n<meta property=\"og:locale\" content=\"de_DE\" \/>\n<meta property=\"og:type\" content=\"article\" \/>\n<meta property=\"og:title\" content=\"VW Volkswagen Phideon 2016 1\/18 Scale Diecast Model Car Wholesale\" \/>\n<meta property=\"og:url\" content=\"https:\/\/www.paudimodel.com\/de\/produkt\/vw-volkswagen-phideon-2016-118-scale-diecast-model-car-wholesale\/\" \/>\n<meta property=\"og:site_name\" content=\"Paudi Model | High Quality Diecast Model\" \/>\n<meta property=\"article:publisher\" content=\"https:\/\/www.facebook\/paudimodel\" \/>\n<meta property=\"article:modified_time\" content=\"2023-12-05T10:08:41+00:00\" \/>\n<meta property=\"og:image\" content=\"https:\/\/www.paudimodel.com\/wp-content\/uploads\/2017\/03\/Phideon-black-01.jpg\" \/>\n\t<meta property=\"og:image:width\" content=\"990\" \/>\n\t<meta property=\"og:image:height\" content=\"737\" \/>\n\t<meta property=\"og:image:type\" content=\"image\/jpeg\" \/>\n<meta name=\"twitter:card\" content=\"summary_large_image\" \/>\n<meta name=\"twitter:site\" content=\"@paudimodel\" \/>\n<script type=\"application\/ld+json\" class=\"yoast-schema-graph\">{\"@context\":\"https:\/\/schema.org\",\"@graph\":[{\"@type\":\"WebPage\",\"@id\":\"https:\/\/www.paudimodel.com\/product\/vw-volkswagen-phideon-2016-118-scale-diecast-model-car-wholesale\/\",\"url\":\"https:\/\/www.paudimodel.com\/product\/vw-volkswagen-phideon-2016-118-scale-diecast-model-car-wholesale\/\",\"name\":\"VW Volkswagen Phideon 2016 1\/18 Scale Diecast Model Car Wholesale - Paudi Model | High Quality Diecast Model\",\"isPartOf\":{\"@id\":\"https:\/\/www.paudimodel.com\/#website\"},\"primaryImageOfPage\":{\"@id\":\"https:\/\/www.paudimodel.com\/product\/vw-volkswagen-phideon-2016-118-scale-diecast-model-car-wholesale\/#primaryimage\"},\"image\":{\"@id\":\"https:\/\/www.paudimodel.com\/product\/vw-volkswagen-phideon-2016-118-scale-diecast-model-car-wholesale\/#primaryimage\"},\"thumbnailUrl\":\"https:\/\/www.paudimodel.com\/wp-content\/uploads\/2017\/03\/Phideon-black-01.jpg\",\"datePublished\":\"2017-03-06T02:53:18+00:00\",\"dateModified\":\"2023-12-05T10:08:41+00:00\",\"breadcrumb\":{\"@id\":\"https:\/\/www.paudimodel.com\/product\/vw-volkswagen-phideon-2016-118-scale-diecast-model-car-wholesale\/#breadcrumb\"},\"inLanguage\":\"de\",\"potentialAction\":[{\"@type\":\"ReadAction\",\"target\":[\"https:\/\/www.paudimodel.com\/product\/vw-volkswagen-phideon-2016-118-scale-diecast-model-car-wholesale\/\"]}]},{\"@type\":\"ImageObject\",\"inLanguage\":\"de\",\"@id\":\"https:\/\/www.paudimodel.com\/product\/vw-volkswagen-phideon-2016-118-scale-diecast-model-car-wholesale\/#primaryimage\",\"url\":\"https:\/\/www.paudimodel.com\/wp-content\/uploads\/2017\/03\/Phideon-black-01.jpg\",\"contentUrl\":\"https:\/\/www.paudimodel.com\/wp-content\/uploads\/2017\/03\/Phideon-black-01.jpg\",\"width\":990,\"height\":737},{\"@type\":\"BreadcrumbList\",\"@id\":\"https:\/\/www.paudimodel.com\/product\/vw-volkswagen-phideon-2016-118-scale-diecast-model-car-wholesale\/#breadcrumb\",\"itemListElement\":[{\"@type\":\"ListItem\",\"position\":1,\"name\":\"Home\",\"item\":\"https:\/\/www.paudimodel.com\/\"},{\"@type\":\"ListItem\",\"position\":2,\"name\":\"Products\",\"item\":\"https:\/\/www.paudimodel.com\/products\/\"},{\"@type\":\"ListItem\",\"position\":3,\"name\":\"VW Volkswagen Phideon 2016 1\/18 Scale Diecast Model Car Wholesale\"}]},{\"@type\":\"WebSite\",\"@id\":\"https:\/\/www.paudimodel.com\/#website\",\"url\":\"https:\/\/www.paudimodel.com\/\",\"name\":\"Paudi Model | High Quality Diecast Model\",\"description\":\"Shop For Diecast Models From Top-Rated Brands Like Dealer Edition, Paudi, Kyosho, Autoart &amp; More. Low Online Prices. Super-Detailed Models.Find Your Make &amp; Model.Huge Selection. Satisfaction Guaranteed. Types: Diecast Model Cars, Diecast Model Trucks.\",\"publisher\":{\"@id\":\"https:\/\/www.paudimodel.com\/#organization\"},\"alternateName\":\"Scale model design, development and production\",\"potentialAction\":[{\"@type\":\"SearchAction\",\"target\":{\"@type\":\"EntryPoint\",\"urlTemplate\":\"https:\/\/www.paudimodel.com\/?s={search_term_string}\"},\"query-input\":{\"@type\":\"PropertyValueSpecification\",\"valueRequired\":true,\"valueName\":\"search_term_string\"}}],\"inLanguage\":\"de\"},{\"@type\":\"Organization\",\"@id\":\"https:\/\/www.paudimodel.com\/#organization\",\"name\":\"Guangzhou Paudi Model Technology Ltd.\",\"url\":\"https:\/\/www.paudimodel.com\/\",\"logo\":{\"@type\":\"ImageObject\",\"inLanguage\":\"de\",\"@id\":\"https:\/\/www.paudimodel.com\/#\/schema\/logo\/image\/\",\"url\":\"https:\/\/www.paudimodel.com\/wp-content\/uploads\/2023\/02\/696x696.png\",\"contentUrl\":\"https:\/\/www.paudimodel.com\/wp-content\/uploads\/2023\/02\/696x696.png\",\"width\":696,\"height\":696,\"caption\":\"Guangzhou Paudi Model Technology Ltd.\"},\"image\":{\"@id\":\"https:\/\/www.paudimodel.com\/#\/schema\/logo\/image\/\"},\"sameAs\":[\"https:\/\/www.facebook\/paudimodel\",\"https:\/\/x.com\/paudimodel\"]}]}<\/script>\n<!-- \/ Yoast SEO Premium plugin. -->","yoast_head_json":{"title":"VW Volkswagen Phideon 2016 1\/18 Scale Diecast Model Car Wholesale - Paudi Model | High Quality Diecast Model","robots":{"index":"index","follow":"follow","max-snippet":"max-snippet:-1","max-image-preview":"max-image-preview:large","max-video-preview":"max-video-preview:-1"},"canonical":"https:\/\/www.paudimodel.com\/de\/produkt\/vw-volkswagen-phideon-2016-118-scale-diecast-model-car-wholesale\/","og_locale":"de_DE","og_type":"article","og_title":"VW Volkswagen Phideon 2016 1\/18 Scale Diecast Model Car Wholesale","og_url":"https:\/\/www.paudimodel.com\/de\/produkt\/vw-volkswagen-phideon-2016-118-scale-diecast-model-car-wholesale\/","og_site_name":"Paudi Model | High Quality Diecast Model","article_publisher":"https:\/\/www.facebook\/paudimodel","article_modified_time":"2023-12-05T10:08:41+00:00","og_image":[{"width":990,"height":737,"url":"https:\/\/www.paudimodel.com\/wp-content\/uploads\/2017\/03\/Phideon-black-01.jpg","type":"image\/jpeg"}],"twitter_card":"summary_large_image","twitter_site":"@paudimodel","schema":{"@context":"https:\/\/schema.org","@graph":[{"@type":"WebPage","@id":"https:\/\/www.paudimodel.com\/product\/vw-volkswagen-phideon-2016-118-scale-diecast-model-car-wholesale\/","url":"https:\/\/www.paudimodel.com\/product\/vw-volkswagen-phideon-2016-118-scale-diecast-model-car-wholesale\/","name":"VW Volkswagen Phideon 2016 1\/18 Scale Diecast Model Car Wholesale - Paudi Model | High Quality Diecast Model","isPartOf":{"@id":"https:\/\/www.paudimodel.com\/#website"},"primaryImageOfPage":{"@id":"https:\/\/www.paudimodel.com\/product\/vw-volkswagen-phideon-2016-118-scale-diecast-model-car-wholesale\/#primaryimage"},"image":{"@id":"https:\/\/www.paudimodel.com\/product\/vw-volkswagen-phideon-2016-118-scale-diecast-model-car-wholesale\/#primaryimage"},"thumbnailUrl":"https:\/\/www.paudimodel.com\/wp-content\/uploads\/2017\/03\/Phideon-black-01.jpg","datePublished":"2017-03-06T02:53:18+00:00","dateModified":"2023-12-05T10:08:41+00:00","breadcrumb":{"@id":"https:\/\/www.paudimodel.com\/product\/vw-volkswagen-phideon-2016-118-scale-diecast-model-car-wholesale\/#breadcrumb"},"inLanguage":"de","potentialAction":[{"@type":"ReadAction","target":["https:\/\/www.paudimodel.com\/product\/vw-volkswagen-phideon-2016-118-scale-diecast-model-car-wholesale\/"]}]},{"@type":"ImageObject","inLanguage":"de","@id":"https:\/\/www.paudimodel.com\/product\/vw-volkswagen-phideon-2016-118-scale-diecast-model-car-wholesale\/#primaryimage","url":"https:\/\/www.paudimodel.com\/wp-content\/uploads\/2017\/03\/Phideon-black-01.jpg","contentUrl":"https:\/\/www.paudimodel.com\/wp-content\/uploads\/2017\/03\/Phideon-black-01.jpg","width":990,"height":737},{"@type":"BreadcrumbList","@id":"https:\/\/www.paudimodel.com\/product\/vw-volkswagen-phideon-2016-118-scale-diecast-model-car-wholesale\/#breadcrumb","itemListElement":[{"@type":"ListItem","position":1,"name":"Home","item":"https:\/\/www.paudimodel.com\/"},{"@type":"ListItem","position":2,"name":"Products","item":"https:\/\/www.paudimodel.com\/products\/"},{"@type":"ListItem","position":3,"name":"VW Volkswagen Phideon 2016 1\/18 Scale Diecast Model Car Wholesale"}]},{"@type":"WebSite","@id":"https:\/\/www.paudimodel.com\/#website","url":"https:\/\/www.paudimodel.com\/","name":"Paudi-Modell | Hochwertiges Druckgussmodell","description":"Kaufen Sie Druckgussmodelle von Top-Marken wie Dealer Edition, Paudi, Kyosho, Autoart und mehr. G\u00fcnstige Online-Preise. Superdetaillierte Modelle. Finden Sie Ihre Marke und Ihr Modell. Riesige Auswahl. Zufriedenheitsgarantie. Typen: Druckguss-Modellautos, Druckguss-Modell-LKWs.","publisher":{"@id":"https:\/\/www.paudimodel.com\/#organization"},"alternateName":"Scale model design, development and production","potentialAction":[{"@type":"SearchAction","target":{"@type":"EntryPoint","urlTemplate":"https:\/\/www.paudimodel.com\/?s={search_term_string}"},"query-input":{"@type":"PropertyValueSpecification","valueRequired":true,"valueName":"search_term_string"}}],"inLanguage":"de"},{"@type":"Organization","@id":"https:\/\/www.paudimodel.com\/#organization","name":"Guangzhou Paudi Model Technology Ltd.","url":"https:\/\/www.paudimodel.com\/","logo":{"@type":"ImageObject","inLanguage":"de","@id":"https:\/\/www.paudimodel.com\/#\/schema\/logo\/image\/","url":"https:\/\/www.paudimodel.com\/wp-content\/uploads\/2023\/02\/696x696.png","contentUrl":"https:\/\/www.paudimodel.com\/wp-content\/uploads\/2023\/02\/696x696.png","width":696,"height":696,"caption":"Guangzhou Paudi Model Technology Ltd."},"image":{"@id":"https:\/\/www.paudimodel.com\/#\/schema\/logo\/image\/"},"sameAs":["https:\/\/www.facebook\/paudimodel","https:\/\/x.com\/paudimodel"]}]}},"_links":{"self":[{"href":"https:\/\/www.paudimodel.com\/de\/wp-json\/wp\/v2\/product\/46248","targetHints":{"allow":["GET"]}}],"collection":[{"href":"https:\/\/www.paudimodel.com\/de\/wp-json\/wp\/v2\/product"}],"about":[{"href":"https:\/\/www.paudimodel.com\/de\/wp-json\/wp\/v2\/types\/product"}],"replies":[{"embeddable":true,"href":"https:\/\/www.paudimodel.com\/de\/wp-json\/wp\/v2\/comments?post=46248"}],"wp:featuredmedia":[{"embeddable":true,"href":"https:\/\/www.paudimodel.com\/de\/wp-json\/wp\/v2\/media\/47899"}],"wp:attachment":[{"href":"https:\/\/www.paudimodel.com\/de\/wp-json\/wp\/v2\/media?parent=46248"}],"wp:term":[{"taxonomy":"product_brand","embeddable":true,"href":"https:\/\/www.paudimodel.com\/de\/wp-json\/wp\/v2\/product_brand?post=46248"},{"taxonomy":"product_cat","embeddable":true,"href":"https:\/\/www.paudimodel.com\/de\/wp-json\/wp\/v2\/product_cat?post=46248"},{"taxonomy":"product_tag","embeddable":true,"href":"https:\/\/www.paudimodel.com\/de\/wp-json\/wp\/v2\/product_tag?post=46248"}],"curies":[{"name":"wp","href":"https:\/\/api.w.org\/{rel}","templated":true}]}}