{"id":46314,"date":"2017-03-10T09:54:51","date_gmt":"2017-03-10T01:54:51","guid":{"rendered":"http:\/\/www.paudimodel.com\/?post_type=product&#038;p=46314"},"modified":"2025-11-27T11:40:58","modified_gmt":"2025-11-27T11:40:58","slug":"toyota-yaris-2008-118-scale-diecast-model-car-wholesale","status":"publish","type":"product","link":"https:\/\/www.paudimodel.com\/de\/produkt\/toyota-yaris-2008-118-scale-diecast-model-car-wholesale\/","title":{"rendered":"Toyota Yaris 2008, Ma\u00dfstab 1:18, Diecast-Modellauto (Gro\u00dfhandel)"},"content":{"rendered":"<p>Dieses Modellauto im Ma\u00dfstab 1:18 ist eine detailgetreue Nachbildung des Toyota Yaris und geh\u00f6rt zur hochwertigen Diecast-Modellauto-Serie von Toyota. Es besteht aus einer Zinklegierung und ist mit einer dreifachen elektrostatischen Lackierung versehen. Das Modellauto umfasst Hunderte von Teilen und ist aufgrund seines Sammlerwerts die ideale Wahl f\u00fcr Sammler und als Geschenk.<\/p>\n<p><img loading=\"lazy\" decoding=\"async\" class=\"alignnone size-full wp-image-47623\" src=\"http:\/\/www.paudimodel.com\/wp-content\/uploads\/2017\/03\/yaris_01.jpg\" alt=\"\" width=\"990\" height=\"660\" srcset=\"https:\/\/www.paudimodel.com\/wp-content\/uploads\/2017\/03\/yaris_01.jpg 990w, https:\/\/www.paudimodel.com\/wp-content\/uploads\/2017\/03\/yaris_01-300x200.jpg 300w, https:\/\/www.paudimodel.com\/wp-content\/uploads\/2017\/03\/yaris_01-450x300.jpg 450w, https:\/\/www.paudimodel.com\/wp-content\/uploads\/2017\/03\/yaris_01-768x512.jpg 768w\" sizes=\"auto, (max-width: 990px) 100vw, 990px\" \/><br \/>\n<img loading=\"lazy\" decoding=\"async\" class=\"alignnone size-full wp-image-47625\" src=\"http:\/\/www.paudimodel.com\/wp-content\/uploads\/2017\/03\/yaris_002.jpg\" alt=\"\" width=\"990\" height=\"660\" srcset=\"https:\/\/www.paudimodel.com\/wp-content\/uploads\/2017\/03\/yaris_002.jpg 990w, https:\/\/www.paudimodel.com\/wp-content\/uploads\/2017\/03\/yaris_002-300x200.jpg 300w, https:\/\/www.paudimodel.com\/wp-content\/uploads\/2017\/03\/yaris_002-450x300.jpg 450w, https:\/\/www.paudimodel.com\/wp-content\/uploads\/2017\/03\/yaris_002-768x512.jpg 768w\" sizes=\"auto, (max-width: 990px) 100vw, 990px\" \/><br \/>\n<img loading=\"lazy\" decoding=\"async\" class=\"alignnone size-full wp-image-47627\" src=\"http:\/\/www.paudimodel.com\/wp-content\/uploads\/2017\/03\/yaris_004.jpg\" alt=\"\" width=\"990\" height=\"660\" srcset=\"https:\/\/www.paudimodel.com\/wp-content\/uploads\/2017\/03\/yaris_004.jpg 990w, https:\/\/www.paudimodel.com\/wp-content\/uploads\/2017\/03\/yaris_004-300x200.jpg 300w, https:\/\/www.paudimodel.com\/wp-content\/uploads\/2017\/03\/yaris_004-450x300.jpg 450w, https:\/\/www.paudimodel.com\/wp-content\/uploads\/2017\/03\/yaris_004-768x512.jpg 768w\" sizes=\"auto, (max-width: 990px) 100vw, 990px\" \/><br \/>\n<img loading=\"lazy\" decoding=\"async\" class=\"alignnone size-full wp-image-47629\" src=\"http:\/\/www.paudimodel.com\/wp-content\/uploads\/2017\/03\/yaris_005.jpg\" alt=\"\" width=\"990\" height=\"660\" srcset=\"https:\/\/www.paudimodel.com\/wp-content\/uploads\/2017\/03\/yaris_005.jpg 990w, https:\/\/www.paudimodel.com\/wp-content\/uploads\/2017\/03\/yaris_005-300x200.jpg 300w, https:\/\/www.paudimodel.com\/wp-content\/uploads\/2017\/03\/yaris_005-450x300.jpg 450w, https:\/\/www.paudimodel.com\/wp-content\/uploads\/2017\/03\/yaris_005-768x512.jpg 768w\" sizes=\"auto, (max-width: 990px) 100vw, 990px\" \/><br \/>\n<img loading=\"lazy\" decoding=\"async\" class=\"alignnone size-full wp-image-47631\" src=\"http:\/\/www.paudimodel.com\/wp-content\/uploads\/2017\/03\/yaris_006.jpg\" alt=\"\" width=\"990\" height=\"660\" srcset=\"https:\/\/www.paudimodel.com\/wp-content\/uploads\/2017\/03\/yaris_006.jpg 990w, https:\/\/www.paudimodel.com\/wp-content\/uploads\/2017\/03\/yaris_006-300x200.jpg 300w, https:\/\/www.paudimodel.com\/wp-content\/uploads\/2017\/03\/yaris_006-450x300.jpg 450w, https:\/\/www.paudimodel.com\/wp-content\/uploads\/2017\/03\/yaris_006-768x512.jpg 768w\" sizes=\"auto, (max-width: 990px) 100vw, 990px\" \/><br \/>\n<img loading=\"lazy\" decoding=\"async\" class=\"alignnone size-full wp-image-47633\" src=\"http:\/\/www.paudimodel.com\/wp-content\/uploads\/2017\/03\/yls_bk_02.jpg\" alt=\"\" width=\"990\" height=\"660\" srcset=\"https:\/\/www.paudimodel.com\/wp-content\/uploads\/2017\/03\/yls_bk_02.jpg 990w, https:\/\/www.paudimodel.com\/wp-content\/uploads\/2017\/03\/yls_bk_02-300x200.jpg 300w, https:\/\/www.paudimodel.com\/wp-content\/uploads\/2017\/03\/yls_bk_02-450x300.jpg 450w, https:\/\/www.paudimodel.com\/wp-content\/uploads\/2017\/03\/yls_bk_02-768x512.jpg 768w\" sizes=\"auto, (max-width: 990px) 100vw, 990px\" \/><\/p>","protected":false},"excerpt":{"rendered":"<p>Dieses Produkt basiert auf dem Toyota Yaris und wurde verkleinert im Ma\u00dfstab 1:18 gefertigt. Es handelt sich um ein hochwertiges Diecast-Modellauto aus der Toyota-Modellauto-Serie. Das Modellauto besteht aus einer Zinklegierung und ist dreifach elektrostatisch lackiert. Es umfasst Hunderte von Teilen. [\u2026]<\/p>","protected":false},"featured_media":47625,"comment_status":"open","ping_status":"closed","template":"","meta":[],"product_brand":[2610],"product_cat":[466,91],"product_tag":[787],"class_list":{"0":"post-46314","1":"product","2":"type-product","3":"status-publish","4":"has-post-thumbnail","6":"product_brand-gac-toyota","7":"product_cat-1-18-scale","8":"product_cat-toyota","9":"product_tag-toyota-yaris","10":"pa_color-blackcolor","11":"pa_color-bordeaux-purple","12":"pa_material-zinc-alloy-abs-variety-of-composite-materials","13":"pa_scale-34","15":"first","16":"outofstock","17":"taxable","18":"shipping-taxable","19":"purchasable","20":"product-type-simple"},"yoast_head":"<!-- This site is optimized with the Yoast SEO Premium plugin v25.6 (Yoast SEO v26.7) - https:\/\/yoast.com\/wordpress\/plugins\/seo\/ -->\n<title>Toyota Yaris 2008 1\/18 Scale Diecast Model Car Wholesale - Paudi Model | High Quality Diecast Model<\/title>\n<meta name=\"robots\" content=\"index, follow, max-snippet:-1, max-image-preview:large, max-video-preview:-1\" \/>\n<link rel=\"canonical\" href=\"https:\/\/www.paudimodel.com\/de\/produkt\/toyota-yaris-2008-118-scale-diecast-model-car-wholesale\/\" \/>\n<meta property=\"og:locale\" content=\"de_DE\" \/>\n<meta property=\"og:type\" content=\"article\" \/>\n<meta property=\"og:title\" content=\"Toyota Yaris 2008 1\/18 Scale Diecast Model Car Wholesale\" \/>\n<meta property=\"og:url\" content=\"https:\/\/www.paudimodel.com\/de\/produkt\/toyota-yaris-2008-118-scale-diecast-model-car-wholesale\/\" \/>\n<meta property=\"og:site_name\" content=\"Paudi Model | High Quality Diecast Model\" \/>\n<meta property=\"article:publisher\" content=\"https:\/\/www.facebook\/paudimodel\" \/>\n<meta property=\"article:modified_time\" content=\"2025-11-27T11:40:58+00:00\" \/>\n<meta property=\"og:image\" content=\"https:\/\/www.paudimodel.com\/wp-content\/uploads\/2017\/03\/yaris_002.jpg\" \/>\n\t<meta property=\"og:image:width\" content=\"990\" \/>\n\t<meta property=\"og:image:height\" content=\"660\" \/>\n\t<meta property=\"og:image:type\" content=\"image\/jpeg\" \/>\n<meta name=\"twitter:card\" content=\"summary_large_image\" \/>\n<meta name=\"twitter:site\" content=\"@paudimodel\" \/>\n<script type=\"application\/ld+json\" class=\"yoast-schema-graph\">{\"@context\":\"https:\/\/schema.org\",\"@graph\":[{\"@type\":\"WebPage\",\"@id\":\"https:\/\/www.paudimodel.com\/product\/toyota-yaris-2008-118-scale-diecast-model-car-wholesale\/\",\"url\":\"https:\/\/www.paudimodel.com\/product\/toyota-yaris-2008-118-scale-diecast-model-car-wholesale\/\",\"name\":\"Toyota Yaris 2008 1\/18 Scale Diecast Model Car Wholesale - Paudi Model | High Quality Diecast Model\",\"isPartOf\":{\"@id\":\"https:\/\/www.paudimodel.com\/#website\"},\"primaryImageOfPage\":{\"@id\":\"https:\/\/www.paudimodel.com\/product\/toyota-yaris-2008-118-scale-diecast-model-car-wholesale\/#primaryimage\"},\"image\":{\"@id\":\"https:\/\/www.paudimodel.com\/product\/toyota-yaris-2008-118-scale-diecast-model-car-wholesale\/#primaryimage\"},\"thumbnailUrl\":\"https:\/\/www.paudimodel.com\/wp-content\/uploads\/2017\/03\/yaris_002.jpg\",\"datePublished\":\"2017-03-10T01:54:51+00:00\",\"dateModified\":\"2025-11-27T11:40:58+00:00\",\"breadcrumb\":{\"@id\":\"https:\/\/www.paudimodel.com\/product\/toyota-yaris-2008-118-scale-diecast-model-car-wholesale\/#breadcrumb\"},\"inLanguage\":\"de\",\"potentialAction\":[{\"@type\":\"ReadAction\",\"target\":[\"https:\/\/www.paudimodel.com\/product\/toyota-yaris-2008-118-scale-diecast-model-car-wholesale\/\"]}]},{\"@type\":\"ImageObject\",\"inLanguage\":\"de\",\"@id\":\"https:\/\/www.paudimodel.com\/product\/toyota-yaris-2008-118-scale-diecast-model-car-wholesale\/#primaryimage\",\"url\":\"https:\/\/www.paudimodel.com\/wp-content\/uploads\/2017\/03\/yaris_002.jpg\",\"contentUrl\":\"https:\/\/www.paudimodel.com\/wp-content\/uploads\/2017\/03\/yaris_002.jpg\",\"width\":990,\"height\":660},{\"@type\":\"BreadcrumbList\",\"@id\":\"https:\/\/www.paudimodel.com\/product\/toyota-yaris-2008-118-scale-diecast-model-car-wholesale\/#breadcrumb\",\"itemListElement\":[{\"@type\":\"ListItem\",\"position\":1,\"name\":\"Home\",\"item\":\"https:\/\/www.paudimodel.com\/\"},{\"@type\":\"ListItem\",\"position\":2,\"name\":\"Products\",\"item\":\"https:\/\/www.paudimodel.com\/products\/\"},{\"@type\":\"ListItem\",\"position\":3,\"name\":\"Toyota Yaris 2008 1\/18 Scale Diecast Model Car Wholesale\"}]},{\"@type\":\"WebSite\",\"@id\":\"https:\/\/www.paudimodel.com\/#website\",\"url\":\"https:\/\/www.paudimodel.com\/\",\"name\":\"Paudi Model | High Quality Diecast Model\",\"description\":\"Shop For Diecast Models From Top-Rated Brands Like Dealer Edition, Paudi, Kyosho, Autoart &amp; More. Low Online Prices. Super-Detailed Models.Find Your Make &amp; Model.Huge Selection. Satisfaction Guaranteed. Types: Diecast Model Cars, Diecast Model Trucks.\",\"publisher\":{\"@id\":\"https:\/\/www.paudimodel.com\/#organization\"},\"alternateName\":\"Scale model design, development and production\",\"potentialAction\":[{\"@type\":\"SearchAction\",\"target\":{\"@type\":\"EntryPoint\",\"urlTemplate\":\"https:\/\/www.paudimodel.com\/?s={search_term_string}\"},\"query-input\":{\"@type\":\"PropertyValueSpecification\",\"valueRequired\":true,\"valueName\":\"search_term_string\"}}],\"inLanguage\":\"de\"},{\"@type\":\"Organization\",\"@id\":\"https:\/\/www.paudimodel.com\/#organization\",\"name\":\"Guangzhou Paudi Model Technology Ltd.\",\"url\":\"https:\/\/www.paudimodel.com\/\",\"logo\":{\"@type\":\"ImageObject\",\"inLanguage\":\"de\",\"@id\":\"https:\/\/www.paudimodel.com\/#\/schema\/logo\/image\/\",\"url\":\"https:\/\/www.paudimodel.com\/wp-content\/uploads\/2023\/02\/696x696.png\",\"contentUrl\":\"https:\/\/www.paudimodel.com\/wp-content\/uploads\/2023\/02\/696x696.png\",\"width\":696,\"height\":696,\"caption\":\"Guangzhou Paudi Model Technology Ltd.\"},\"image\":{\"@id\":\"https:\/\/www.paudimodel.com\/#\/schema\/logo\/image\/\"},\"sameAs\":[\"https:\/\/www.facebook\/paudimodel\",\"https:\/\/x.com\/paudimodel\"]}]}<\/script>\n<!-- \/ Yoast SEO Premium plugin. -->","yoast_head_json":{"title":"Toyota Yaris 2008 Modellauto im Ma\u00dfstab 1:18 \u2013 Gro\u00dfhandel \u2013 Paudi Model | Hochwertiges Diecast-Modell","robots":{"index":"index","follow":"follow","max-snippet":"max-snippet:-1","max-image-preview":"max-image-preview:large","max-video-preview":"max-video-preview:-1"},"canonical":"https:\/\/www.paudimodel.com\/de\/produkt\/toyota-yaris-2008-118-scale-diecast-model-car-wholesale\/","og_locale":"de_DE","og_type":"article","og_title":"Toyota Yaris 2008 1\/18 Scale Diecast Model Car Wholesale","og_url":"https:\/\/www.paudimodel.com\/de\/produkt\/toyota-yaris-2008-118-scale-diecast-model-car-wholesale\/","og_site_name":"Paudi Model | High Quality Diecast Model","article_publisher":"https:\/\/www.facebook\/paudimodel","article_modified_time":"2025-11-27T11:40:58+00:00","og_image":[{"width":990,"height":660,"url":"https:\/\/www.paudimodel.com\/wp-content\/uploads\/2017\/03\/yaris_002.jpg","type":"image\/jpeg"}],"twitter_card":"summary_large_image","twitter_site":"@paudimodel","schema":{"@context":"https:\/\/schema.org","@graph":[{"@type":"WebPage","@id":"https:\/\/www.paudimodel.com\/product\/toyota-yaris-2008-118-scale-diecast-model-car-wholesale\/","url":"https:\/\/www.paudimodel.com\/product\/toyota-yaris-2008-118-scale-diecast-model-car-wholesale\/","name":"Toyota Yaris 2008 Modellauto im Ma\u00dfstab 1:18 \u2013 Gro\u00dfhandel \u2013 Paudi Model | Hochwertiges Diecast-Modell","isPartOf":{"@id":"https:\/\/www.paudimodel.com\/#website"},"primaryImageOfPage":{"@id":"https:\/\/www.paudimodel.com\/product\/toyota-yaris-2008-118-scale-diecast-model-car-wholesale\/#primaryimage"},"image":{"@id":"https:\/\/www.paudimodel.com\/product\/toyota-yaris-2008-118-scale-diecast-model-car-wholesale\/#primaryimage"},"thumbnailUrl":"https:\/\/www.paudimodel.com\/wp-content\/uploads\/2017\/03\/yaris_002.jpg","datePublished":"2017-03-10T01:54:51+00:00","dateModified":"2025-11-27T11:40:58+00:00","breadcrumb":{"@id":"https:\/\/www.paudimodel.com\/product\/toyota-yaris-2008-118-scale-diecast-model-car-wholesale\/#breadcrumb"},"inLanguage":"de","potentialAction":[{"@type":"ReadAction","target":["https:\/\/www.paudimodel.com\/product\/toyota-yaris-2008-118-scale-diecast-model-car-wholesale\/"]}]},{"@type":"ImageObject","inLanguage":"de","@id":"https:\/\/www.paudimodel.com\/product\/toyota-yaris-2008-118-scale-diecast-model-car-wholesale\/#primaryimage","url":"https:\/\/www.paudimodel.com\/wp-content\/uploads\/2017\/03\/yaris_002.jpg","contentUrl":"https:\/\/www.paudimodel.com\/wp-content\/uploads\/2017\/03\/yaris_002.jpg","width":990,"height":660},{"@type":"BreadcrumbList","@id":"https:\/\/www.paudimodel.com\/product\/toyota-yaris-2008-118-scale-diecast-model-car-wholesale\/#breadcrumb","itemListElement":[{"@type":"ListItem","position":1,"name":"Home","item":"https:\/\/www.paudimodel.com\/"},{"@type":"ListItem","position":2,"name":"Products","item":"https:\/\/www.paudimodel.com\/products\/"},{"@type":"ListItem","position":3,"name":"Toyota Yaris 2008 1\/18 Scale Diecast Model Car Wholesale"}]},{"@type":"WebSite","@id":"https:\/\/www.paudimodel.com\/#website","url":"https:\/\/www.paudimodel.com\/","name":"Paudi-Modell | Hochwertiges Druckgussmodell","description":"Kaufen Sie Druckgussmodelle von Top-Marken wie Dealer Edition, Paudi, Kyosho, Autoart und mehr. G\u00fcnstige Online-Preise. Superdetaillierte Modelle. Finden Sie Ihre Marke und Ihr Modell. Riesige Auswahl. Zufriedenheitsgarantie. Typen: Druckguss-Modellautos, Druckguss-Modell-LKWs.","publisher":{"@id":"https:\/\/www.paudimodel.com\/#organization"},"alternateName":"Scale model design, development and production","potentialAction":[{"@type":"SearchAction","target":{"@type":"EntryPoint","urlTemplate":"https:\/\/www.paudimodel.com\/?s={search_term_string}"},"query-input":{"@type":"PropertyValueSpecification","valueRequired":true,"valueName":"search_term_string"}}],"inLanguage":"de"},{"@type":"Organization","@id":"https:\/\/www.paudimodel.com\/#organization","name":"Guangzhou Paudi Model Technology Ltd.","url":"https:\/\/www.paudimodel.com\/","logo":{"@type":"ImageObject","inLanguage":"de","@id":"https:\/\/www.paudimodel.com\/#\/schema\/logo\/image\/","url":"https:\/\/www.paudimodel.com\/wp-content\/uploads\/2023\/02\/696x696.png","contentUrl":"https:\/\/www.paudimodel.com\/wp-content\/uploads\/2023\/02\/696x696.png","width":696,"height":696,"caption":"Guangzhou Paudi Model Technology Ltd."},"image":{"@id":"https:\/\/www.paudimodel.com\/#\/schema\/logo\/image\/"},"sameAs":["https:\/\/www.facebook\/paudimodel","https:\/\/x.com\/paudimodel"]}]}},"_links":{"self":[{"href":"https:\/\/www.paudimodel.com\/de\/wp-json\/wp\/v2\/product\/46314","targetHints":{"allow":["GET"]}}],"collection":[{"href":"https:\/\/www.paudimodel.com\/de\/wp-json\/wp\/v2\/product"}],"about":[{"href":"https:\/\/www.paudimodel.com\/de\/wp-json\/wp\/v2\/types\/product"}],"replies":[{"embeddable":true,"href":"https:\/\/www.paudimodel.com\/de\/wp-json\/wp\/v2\/comments?post=46314"}],"wp:featuredmedia":[{"embeddable":true,"href":"https:\/\/www.paudimodel.com\/de\/wp-json\/wp\/v2\/media\/47625"}],"wp:attachment":[{"href":"https:\/\/www.paudimodel.com\/de\/wp-json\/wp\/v2\/media?parent=46314"}],"wp:term":[{"taxonomy":"product_brand","embeddable":true,"href":"https:\/\/www.paudimodel.com\/de\/wp-json\/wp\/v2\/product_brand?post=46314"},{"taxonomy":"product_cat","embeddable":true,"href":"https:\/\/www.paudimodel.com\/de\/wp-json\/wp\/v2\/product_cat?post=46314"},{"taxonomy":"product_tag","embeddable":true,"href":"https:\/\/www.paudimodel.com\/de\/wp-json\/wp\/v2\/product_tag?post=46314"}],"curies":[{"name":"wp","href":"https:\/\/api.w.org\/{rel}","templated":true}]}}