{"id":46388,"date":"2017-03-13T17:26:20","date_gmt":"2017-03-13T17:26:20","guid":{"rendered":"http:\/\/www.paudimodel.com\/?post_type=product&#038;p=46388"},"modified":"2018-07-12T08:31:58","modified_gmt":"2018-07-12T08:31:58","slug":"mazda-mx-5-2012-red-118-scale-diecast-model-car","status":"publish","type":"product","link":"https:\/\/www.paudimodel.com\/de\/produkt\/mazda-mx-5-2012-red-118-scale-diecast-model-car\/","title":{"rendered":"Mazda MX-5 2012 Rot, Ma\u00dfstab 1:18, Diecast-Modellauto"},"content":{"rendered":"<h2>Mazda MX-5 2012, Ma\u00dfstab 1:18, Diecast-Modellauto \u2013 Kurzbeschreibung:<\/h2>\n<p>Beim Entnehmen des Produkts sollten Sie sich an die Unterseite des Styropors stellen, die Karosserie des Fahrzeugs fest greifen und mit gleichm\u00e4\u00dfiger Kraft senkrecht nach oben das Modellauto entnehmen.<br \/>\n<span style=\"text-decoration: underline\"><strong>Erw\u00e4rmen!<\/strong>\u00a0Um die T\u00fcr des Modellautos zu \u00f6ffnen, verwenden Sie bitte den speziellen T\u00fcrschl\u00fcssel im Styropor und verwenden Sie einen Schnittwinkel von etwa 45 Grad, um die T\u00fcr zu \u00f6ffnen. Drehen Sie zum \u00d6ffnen der T\u00fcr nicht den R\u00fcckspiegel!<\/span><\/p>\n<p>1. Bei den Druckgussautos lassen sich sowohl die Vordert\u00fcr als auch die Hintert\u00fcr des Autos frei \u00f6ffnen, die Scharniere der Autot\u00fcr sind flexible Scharniere. Nachdem Sie die Autot\u00fcr ge\u00f6ffnet haben, k\u00f6nnen Sie das Innere des Cockpits sehen.<br \/>\n2. Doppelschichtiges Oberlicht, die innere Schicht kann verschoben werden und die \u00e4u\u00dfere Schicht kann um 15 Grad ge\u00f6ffnet werden.<br \/>\n3.Die vier R\u00e4der k\u00f6nnen sich hin und her bewegen und haben die Funktion von Sto\u00dfd\u00e4mpfern<br \/>\n4. Der Tankdeckel kann ge\u00f6ffnet werden<br \/>\n5. Der linke und rechte Seitenspiegel kann eingeklappt werden<br \/>\n6. Um die Frontabdeckung zu \u00f6ffnen, sollten Sie zuerst die untere Taste dr\u00fccken und sie dann mit dem T\u00fcrschl\u00fcssel \u00f6ffnen.<br \/>\n7. \u00d6ffnen Sie die vordere Abdeckung, um die innere Struktur des Motors deutlich zu sehen<br \/>\n8. Drehen Sie das Lenkrad kann fahren<br \/>\n9. vorne vorne kann sich hin und her bewegen<br \/>\n10. Die Endabdeckung kann ge\u00f6ffnet werden, um das Innere zu sehen.<\/p>\n<p><img loading=\"lazy\" decoding=\"async\" class=\"alignnone size-full wp-image-46390 aligncenter\" src=\"http:\/\/www.paudimodel.com\/wp-content\/uploads\/2017\/03\/Mazda_MX5-2012_r_01.jpg\" alt=\"\" width=\"990\" height=\"658\" srcset=\"https:\/\/www.paudimodel.com\/wp-content\/uploads\/2017\/03\/Mazda_MX5-2012_r_01.jpg 990w, https:\/\/www.paudimodel.com\/wp-content\/uploads\/2017\/03\/Mazda_MX5-2012_r_01-300x199.jpg 300w, https:\/\/www.paudimodel.com\/wp-content\/uploads\/2017\/03\/Mazda_MX5-2012_r_01-450x299.jpg 450w, https:\/\/www.paudimodel.com\/wp-content\/uploads\/2017\/03\/Mazda_MX5-2012_r_01-768x510.jpg 768w\" sizes=\"auto, (max-width: 990px) 100vw, 990px\" \/> <img loading=\"lazy\" decoding=\"async\" class=\"alignnone size-full wp-image-46391 aligncenter\" src=\"http:\/\/www.paudimodel.com\/wp-content\/uploads\/2017\/03\/Mazda_MX5-2012_r_02.jpg\" alt=\"\" width=\"990\" height=\"658\" srcset=\"https:\/\/www.paudimodel.com\/wp-content\/uploads\/2017\/03\/Mazda_MX5-2012_r_02.jpg 990w, https:\/\/www.paudimodel.com\/wp-content\/uploads\/2017\/03\/Mazda_MX5-2012_r_02-300x199.jpg 300w, https:\/\/www.paudimodel.com\/wp-content\/uploads\/2017\/03\/Mazda_MX5-2012_r_02-450x299.jpg 450w, https:\/\/www.paudimodel.com\/wp-content\/uploads\/2017\/03\/Mazda_MX5-2012_r_02-768x510.jpg 768w\" sizes=\"auto, (max-width: 990px) 100vw, 990px\" \/> <img loading=\"lazy\" decoding=\"async\" class=\"alignnone size-full wp-image-46392 aligncenter\" src=\"http:\/\/www.paudimodel.com\/wp-content\/uploads\/2017\/03\/Mazda_MX5-2012_r_03.jpg\" alt=\"\" width=\"990\" height=\"658\" srcset=\"https:\/\/www.paudimodel.com\/wp-content\/uploads\/2017\/03\/Mazda_MX5-2012_r_03.jpg 990w, https:\/\/www.paudimodel.com\/wp-content\/uploads\/2017\/03\/Mazda_MX5-2012_r_03-300x199.jpg 300w, https:\/\/www.paudimodel.com\/wp-content\/uploads\/2017\/03\/Mazda_MX5-2012_r_03-450x299.jpg 450w, https:\/\/www.paudimodel.com\/wp-content\/uploads\/2017\/03\/Mazda_MX5-2012_r_03-768x510.jpg 768w\" sizes=\"auto, (max-width: 990px) 100vw, 990px\" \/> <img loading=\"lazy\" decoding=\"async\" class=\"alignnone size-full wp-image-46393 aligncenter\" src=\"http:\/\/www.paudimodel.com\/wp-content\/uploads\/2017\/03\/Mazda_MX5-2012_r_04.jpg\" alt=\"\" width=\"990\" height=\"658\" srcset=\"https:\/\/www.paudimodel.com\/wp-content\/uploads\/2017\/03\/Mazda_MX5-2012_r_04.jpg 990w, https:\/\/www.paudimodel.com\/wp-content\/uploads\/2017\/03\/Mazda_MX5-2012_r_04-300x199.jpg 300w, https:\/\/www.paudimodel.com\/wp-content\/uploads\/2017\/03\/Mazda_MX5-2012_r_04-450x299.jpg 450w, https:\/\/www.paudimodel.com\/wp-content\/uploads\/2017\/03\/Mazda_MX5-2012_r_04-768x510.jpg 768w\" sizes=\"auto, (max-width: 990px) 100vw, 990px\" \/> <img loading=\"lazy\" decoding=\"async\" class=\"alignnone size-full wp-image-46394 aligncenter\" src=\"http:\/\/www.paudimodel.com\/wp-content\/uploads\/2017\/03\/Mazda_MX5-2012_r_05.jpg\" alt=\"\" width=\"990\" height=\"658\" srcset=\"https:\/\/www.paudimodel.com\/wp-content\/uploads\/2017\/03\/Mazda_MX5-2012_r_05.jpg 990w, https:\/\/www.paudimodel.com\/wp-content\/uploads\/2017\/03\/Mazda_MX5-2012_r_05-300x199.jpg 300w, https:\/\/www.paudimodel.com\/wp-content\/uploads\/2017\/03\/Mazda_MX5-2012_r_05-450x299.jpg 450w, https:\/\/www.paudimodel.com\/wp-content\/uploads\/2017\/03\/Mazda_MX5-2012_r_05-768x510.jpg 768w\" sizes=\"auto, (max-width: 990px) 100vw, 990px\" \/> <img loading=\"lazy\" decoding=\"async\" class=\"alignnone size-full wp-image-46395 aligncenter\" src=\"http:\/\/www.paudimodel.com\/wp-content\/uploads\/2017\/03\/Mazda_MX5-2012_r_06.jpg\" alt=\"\" width=\"990\" height=\"658\" srcset=\"https:\/\/www.paudimodel.com\/wp-content\/uploads\/2017\/03\/Mazda_MX5-2012_r_06.jpg 990w, https:\/\/www.paudimodel.com\/wp-content\/uploads\/2017\/03\/Mazda_MX5-2012_r_06-300x199.jpg 300w, https:\/\/www.paudimodel.com\/wp-content\/uploads\/2017\/03\/Mazda_MX5-2012_r_06-450x299.jpg 450w, https:\/\/www.paudimodel.com\/wp-content\/uploads\/2017\/03\/Mazda_MX5-2012_r_06-768x510.jpg 768w\" sizes=\"auto, (max-width: 990px) 100vw, 990px\" \/> <img loading=\"lazy\" decoding=\"async\" class=\"alignnone size-full wp-image-46396 aligncenter\" src=\"http:\/\/www.paudimodel.com\/wp-content\/uploads\/2017\/03\/Mazda_MX5-2012_r_10.jpg\" alt=\"\" width=\"990\" height=\"658\" srcset=\"https:\/\/www.paudimodel.com\/wp-content\/uploads\/2017\/03\/Mazda_MX5-2012_r_10.jpg 990w, https:\/\/www.paudimodel.com\/wp-content\/uploads\/2017\/03\/Mazda_MX5-2012_r_10-300x199.jpg 300w, https:\/\/www.paudimodel.com\/wp-content\/uploads\/2017\/03\/Mazda_MX5-2012_r_10-450x299.jpg 450w, https:\/\/www.paudimodel.com\/wp-content\/uploads\/2017\/03\/Mazda_MX5-2012_r_10-768x510.jpg 768w\" sizes=\"auto, (max-width: 990px) 100vw, 990px\" \/><\/p>","protected":false},"excerpt":{"rendered":"<p>Gro\u00dfhandel mit Mazda MX-5 2012 Modellautos im Ma\u00dfstab 1:18 (Druckgussmodell)<\/p>\n<p>Produktcode: 23737R<\/p>\n<p>Farbe: Rot<\/p>\n<p>Dieses Produkt basiert auf dem Mazda Cherokee-Modell und wurde verkleinert produziert. Das Modellauto im Ma\u00dfstab 1:18 ist ein hochwertiges Diecast-Modell aus der Mazda-Modellauto-Serie. Es besteht aus einer Zinklegierung und enth\u00e4lt Hunderte von Teilen. Mit seinem Sammlerwert ist es die beste Wahl f\u00fcr Sammler und als Geschenk.<\/p>","protected":false},"featured_media":46390,"comment_status":"open","ping_status":"closed","template":"","meta":[],"product_brand":[],"product_cat":[122],"product_tag":[50,63,513,802,59],"class_list":{"0":"post-46388","1":"product","2":"type-product","3":"status-publish","4":"has-post-thumbnail","6":"product_cat-mazda","7":"product_tag-diecast-model-car","8":"product_tag-hobby-model-car","9":"product_tag-mazda","10":"product_tag-mazda-mx5","11":"product_tag-scale-model-car","12":"pa_color-redcolor","13":"pa_material-zinc-alloy-abs-variety-of-composite-materials","14":"pa_scale-34","16":"first","17":"outofstock","18":"taxable","19":"shipping-taxable","20":"purchasable","21":"product-type-simple"},"yoast_head":"<!-- This site is optimized with the Yoast SEO Premium plugin v25.6 (Yoast SEO v26.7) - https:\/\/yoast.com\/wordpress\/plugins\/seo\/ -->\n<title>Mazda MX-5 2012 Red 1\/18 Scale Diecast Model Car - Paudi Model | High Quality Diecast Model<\/title>\n<meta name=\"robots\" content=\"index, follow, max-snippet:-1, max-image-preview:large, max-video-preview:-1\" \/>\n<link rel=\"canonical\" href=\"https:\/\/www.paudimodel.com\/de\/produkt\/mazda-mx-5-2012-red-118-scale-diecast-model-car\/\" \/>\n<meta property=\"og:locale\" content=\"de_DE\" \/>\n<meta property=\"og:type\" content=\"article\" \/>\n<meta property=\"og:title\" content=\"Mazda MX-5 2012 Red 1\/18 Scale Diecast Model Car\" \/>\n<meta property=\"og:url\" content=\"https:\/\/www.paudimodel.com\/de\/produkt\/mazda-mx-5-2012-red-118-scale-diecast-model-car\/\" \/>\n<meta property=\"og:site_name\" content=\"Paudi Model | High Quality Diecast Model\" \/>\n<meta property=\"article:publisher\" content=\"https:\/\/www.facebook\/paudimodel\" \/>\n<meta property=\"article:modified_time\" content=\"2018-07-12T08:31:58+00:00\" \/>\n<meta property=\"og:image\" content=\"https:\/\/www.paudimodel.com\/wp-content\/uploads\/2017\/03\/Mazda_MX5-2012_r_01.jpg\" \/>\n\t<meta property=\"og:image:width\" content=\"990\" \/>\n\t<meta property=\"og:image:height\" content=\"658\" \/>\n\t<meta property=\"og:image:type\" content=\"image\/jpeg\" \/>\n<meta name=\"twitter:card\" content=\"summary_large_image\" \/>\n<meta name=\"twitter:site\" content=\"@paudimodel\" \/>\n<meta name=\"twitter:label1\" content=\"Gesch\u00e4tzte Lesezeit\" \/>\n\t<meta name=\"twitter:data1\" content=\"1\u00a0Minute\" \/>\n<script type=\"application\/ld+json\" class=\"yoast-schema-graph\">{\"@context\":\"https:\/\/schema.org\",\"@graph\":[{\"@type\":\"WebPage\",\"@id\":\"https:\/\/www.paudimodel.com\/product\/mazda-mx-5-2012-red-118-scale-diecast-model-car\/\",\"url\":\"https:\/\/www.paudimodel.com\/product\/mazda-mx-5-2012-red-118-scale-diecast-model-car\/\",\"name\":\"Mazda MX-5 2012 Red 1\/18 Scale Diecast Model Car - Paudi Model | High Quality Diecast Model\",\"isPartOf\":{\"@id\":\"https:\/\/www.paudimodel.com\/#website\"},\"primaryImageOfPage\":{\"@id\":\"https:\/\/www.paudimodel.com\/product\/mazda-mx-5-2012-red-118-scale-diecast-model-car\/#primaryimage\"},\"image\":{\"@id\":\"https:\/\/www.paudimodel.com\/product\/mazda-mx-5-2012-red-118-scale-diecast-model-car\/#primaryimage\"},\"thumbnailUrl\":\"https:\/\/www.paudimodel.com\/wp-content\/uploads\/2017\/03\/Mazda_MX5-2012_r_01.jpg\",\"datePublished\":\"2017-03-13T17:26:20+00:00\",\"dateModified\":\"2018-07-12T08:31:58+00:00\",\"breadcrumb\":{\"@id\":\"https:\/\/www.paudimodel.com\/product\/mazda-mx-5-2012-red-118-scale-diecast-model-car\/#breadcrumb\"},\"inLanguage\":\"de\",\"potentialAction\":[{\"@type\":\"ReadAction\",\"target\":[\"https:\/\/www.paudimodel.com\/product\/mazda-mx-5-2012-red-118-scale-diecast-model-car\/\"]}]},{\"@type\":\"ImageObject\",\"inLanguage\":\"de\",\"@id\":\"https:\/\/www.paudimodel.com\/product\/mazda-mx-5-2012-red-118-scale-diecast-model-car\/#primaryimage\",\"url\":\"https:\/\/www.paudimodel.com\/wp-content\/uploads\/2017\/03\/Mazda_MX5-2012_r_01.jpg\",\"contentUrl\":\"https:\/\/www.paudimodel.com\/wp-content\/uploads\/2017\/03\/Mazda_MX5-2012_r_01.jpg\",\"width\":990,\"height\":658},{\"@type\":\"BreadcrumbList\",\"@id\":\"https:\/\/www.paudimodel.com\/product\/mazda-mx-5-2012-red-118-scale-diecast-model-car\/#breadcrumb\",\"itemListElement\":[{\"@type\":\"ListItem\",\"position\":1,\"name\":\"Home\",\"item\":\"https:\/\/www.paudimodel.com\/\"},{\"@type\":\"ListItem\",\"position\":2,\"name\":\"Products\",\"item\":\"https:\/\/www.paudimodel.com\/products\/\"},{\"@type\":\"ListItem\",\"position\":3,\"name\":\"Mazda MX-5 2012 Red 1\/18 Scale Diecast Model Car\"}]},{\"@type\":\"WebSite\",\"@id\":\"https:\/\/www.paudimodel.com\/#website\",\"url\":\"https:\/\/www.paudimodel.com\/\",\"name\":\"Paudi Model | High Quality Diecast Model\",\"description\":\"Shop For Diecast Models From Top-Rated Brands Like Dealer Edition, Paudi, Kyosho, Autoart &amp; More. Low Online Prices. Super-Detailed Models.Find Your Make &amp; Model.Huge Selection. Satisfaction Guaranteed. Types: Diecast Model Cars, Diecast Model Trucks.\",\"publisher\":{\"@id\":\"https:\/\/www.paudimodel.com\/#organization\"},\"alternateName\":\"Scale model design, development and production\",\"potentialAction\":[{\"@type\":\"SearchAction\",\"target\":{\"@type\":\"EntryPoint\",\"urlTemplate\":\"https:\/\/www.paudimodel.com\/?s={search_term_string}\"},\"query-input\":{\"@type\":\"PropertyValueSpecification\",\"valueRequired\":true,\"valueName\":\"search_term_string\"}}],\"inLanguage\":\"de\"},{\"@type\":\"Organization\",\"@id\":\"https:\/\/www.paudimodel.com\/#organization\",\"name\":\"Guangzhou Paudi Model Technology Ltd.\",\"url\":\"https:\/\/www.paudimodel.com\/\",\"logo\":{\"@type\":\"ImageObject\",\"inLanguage\":\"de\",\"@id\":\"https:\/\/www.paudimodel.com\/#\/schema\/logo\/image\/\",\"url\":\"https:\/\/www.paudimodel.com\/wp-content\/uploads\/2023\/02\/696x696.png\",\"contentUrl\":\"https:\/\/www.paudimodel.com\/wp-content\/uploads\/2023\/02\/696x696.png\",\"width\":696,\"height\":696,\"caption\":\"Guangzhou Paudi Model Technology Ltd.\"},\"image\":{\"@id\":\"https:\/\/www.paudimodel.com\/#\/schema\/logo\/image\/\"},\"sameAs\":[\"https:\/\/www.facebook\/paudimodel\",\"https:\/\/x.com\/paudimodel\"]}]}<\/script>\n<!-- \/ Yoast SEO Premium plugin. -->","yoast_head_json":{"title":"Mazda MX-5 2012 Rot, Ma\u00dfstab 1:18, Diecast-Modellauto \u2013 Paudi Model | Hochwertiges Diecast-Modell","robots":{"index":"index","follow":"follow","max-snippet":"max-snippet:-1","max-image-preview":"max-image-preview:large","max-video-preview":"max-video-preview:-1"},"canonical":"https:\/\/www.paudimodel.com\/de\/produkt\/mazda-mx-5-2012-red-118-scale-diecast-model-car\/","og_locale":"de_DE","og_type":"article","og_title":"Mazda MX-5 2012 Red 1\/18 Scale Diecast Model Car","og_url":"https:\/\/www.paudimodel.com\/de\/produkt\/mazda-mx-5-2012-red-118-scale-diecast-model-car\/","og_site_name":"Paudi Model | High Quality Diecast Model","article_publisher":"https:\/\/www.facebook\/paudimodel","article_modified_time":"2018-07-12T08:31:58+00:00","og_image":[{"width":990,"height":658,"url":"https:\/\/www.paudimodel.com\/wp-content\/uploads\/2017\/03\/Mazda_MX5-2012_r_01.jpg","type":"image\/jpeg"}],"twitter_card":"summary_large_image","twitter_site":"@paudimodel","twitter_misc":{"Gesch\u00e4tzte Lesezeit":"1\u00a0Minute"},"schema":{"@context":"https:\/\/schema.org","@graph":[{"@type":"WebPage","@id":"https:\/\/www.paudimodel.com\/product\/mazda-mx-5-2012-red-118-scale-diecast-model-car\/","url":"https:\/\/www.paudimodel.com\/product\/mazda-mx-5-2012-red-118-scale-diecast-model-car\/","name":"Mazda MX-5 2012 Rot, Ma\u00dfstab 1:18, Diecast-Modellauto \u2013 Paudi Model | Hochwertiges Diecast-Modell","isPartOf":{"@id":"https:\/\/www.paudimodel.com\/#website"},"primaryImageOfPage":{"@id":"https:\/\/www.paudimodel.com\/product\/mazda-mx-5-2012-red-118-scale-diecast-model-car\/#primaryimage"},"image":{"@id":"https:\/\/www.paudimodel.com\/product\/mazda-mx-5-2012-red-118-scale-diecast-model-car\/#primaryimage"},"thumbnailUrl":"https:\/\/www.paudimodel.com\/wp-content\/uploads\/2017\/03\/Mazda_MX5-2012_r_01.jpg","datePublished":"2017-03-13T17:26:20+00:00","dateModified":"2018-07-12T08:31:58+00:00","breadcrumb":{"@id":"https:\/\/www.paudimodel.com\/product\/mazda-mx-5-2012-red-118-scale-diecast-model-car\/#breadcrumb"},"inLanguage":"de","potentialAction":[{"@type":"ReadAction","target":["https:\/\/www.paudimodel.com\/product\/mazda-mx-5-2012-red-118-scale-diecast-model-car\/"]}]},{"@type":"ImageObject","inLanguage":"de","@id":"https:\/\/www.paudimodel.com\/product\/mazda-mx-5-2012-red-118-scale-diecast-model-car\/#primaryimage","url":"https:\/\/www.paudimodel.com\/wp-content\/uploads\/2017\/03\/Mazda_MX5-2012_r_01.jpg","contentUrl":"https:\/\/www.paudimodel.com\/wp-content\/uploads\/2017\/03\/Mazda_MX5-2012_r_01.jpg","width":990,"height":658},{"@type":"BreadcrumbList","@id":"https:\/\/www.paudimodel.com\/product\/mazda-mx-5-2012-red-118-scale-diecast-model-car\/#breadcrumb","itemListElement":[{"@type":"ListItem","position":1,"name":"Home","item":"https:\/\/www.paudimodel.com\/"},{"@type":"ListItem","position":2,"name":"Products","item":"https:\/\/www.paudimodel.com\/products\/"},{"@type":"ListItem","position":3,"name":"Mazda MX-5 2012 Red 1\/18 Scale Diecast Model Car"}]},{"@type":"WebSite","@id":"https:\/\/www.paudimodel.com\/#website","url":"https:\/\/www.paudimodel.com\/","name":"Paudi-Modell | Hochwertiges Druckgussmodell","description":"Kaufen Sie Druckgussmodelle von Top-Marken wie Dealer Edition, Paudi, Kyosho, Autoart und mehr. G\u00fcnstige Online-Preise. Superdetaillierte Modelle. Finden Sie Ihre Marke und Ihr Modell. Riesige Auswahl. Zufriedenheitsgarantie. Typen: Druckguss-Modellautos, Druckguss-Modell-LKWs.","publisher":{"@id":"https:\/\/www.paudimodel.com\/#organization"},"alternateName":"Scale model design, development and production","potentialAction":[{"@type":"SearchAction","target":{"@type":"EntryPoint","urlTemplate":"https:\/\/www.paudimodel.com\/?s={search_term_string}"},"query-input":{"@type":"PropertyValueSpecification","valueRequired":true,"valueName":"search_term_string"}}],"inLanguage":"de"},{"@type":"Organization","@id":"https:\/\/www.paudimodel.com\/#organization","name":"Guangzhou Paudi Model Technology Ltd.","url":"https:\/\/www.paudimodel.com\/","logo":{"@type":"ImageObject","inLanguage":"de","@id":"https:\/\/www.paudimodel.com\/#\/schema\/logo\/image\/","url":"https:\/\/www.paudimodel.com\/wp-content\/uploads\/2023\/02\/696x696.png","contentUrl":"https:\/\/www.paudimodel.com\/wp-content\/uploads\/2023\/02\/696x696.png","width":696,"height":696,"caption":"Guangzhou Paudi Model Technology Ltd."},"image":{"@id":"https:\/\/www.paudimodel.com\/#\/schema\/logo\/image\/"},"sameAs":["https:\/\/www.facebook\/paudimodel","https:\/\/x.com\/paudimodel"]}]}},"_links":{"self":[{"href":"https:\/\/www.paudimodel.com\/de\/wp-json\/wp\/v2\/product\/46388","targetHints":{"allow":["GET"]}}],"collection":[{"href":"https:\/\/www.paudimodel.com\/de\/wp-json\/wp\/v2\/product"}],"about":[{"href":"https:\/\/www.paudimodel.com\/de\/wp-json\/wp\/v2\/types\/product"}],"replies":[{"embeddable":true,"href":"https:\/\/www.paudimodel.com\/de\/wp-json\/wp\/v2\/comments?post=46388"}],"wp:featuredmedia":[{"embeddable":true,"href":"https:\/\/www.paudimodel.com\/de\/wp-json\/wp\/v2\/media\/46390"}],"wp:attachment":[{"href":"https:\/\/www.paudimodel.com\/de\/wp-json\/wp\/v2\/media?parent=46388"}],"wp:term":[{"taxonomy":"product_brand","embeddable":true,"href":"https:\/\/www.paudimodel.com\/de\/wp-json\/wp\/v2\/product_brand?post=46388"},{"taxonomy":"product_cat","embeddable":true,"href":"https:\/\/www.paudimodel.com\/de\/wp-json\/wp\/v2\/product_cat?post=46388"},{"taxonomy":"product_tag","embeddable":true,"href":"https:\/\/www.paudimodel.com\/de\/wp-json\/wp\/v2\/product_tag?post=46388"}],"curies":[{"name":"wp","href":"https:\/\/api.w.org\/{rel}","templated":true}]}}