{"id":46529,"date":"2017-03-19T11:09:40","date_gmt":"2017-03-19T11:09:40","guid":{"rendered":"http:\/\/www.paudimodel.com\/?post_type=product&#038;p=46529"},"modified":"2021-08-04T01:19:27","modified_gmt":"2021-08-04T01:19:27","slug":"volkswagen-passat-gp-143-scale-die-cast-model-car-wholesale","status":"publish","type":"product","link":"https:\/\/www.paudimodel.com\/de\/produkt\/volkswagen-passat-gp-143-scale-die-cast-model-car-wholesale\/","title":{"rendered":"Volkswagen Passat GP 1\/43 Ma\u00dfstab Druckguss Modellauto Gro\u00dfhandel"},"content":{"rendered":"<p><img loading=\"lazy\" decoding=\"async\" class=\"aligncenter size-full wp-image-46534\" src=\"http:\/\/www.paudimodel.com\/wp-content\/uploads\/2017\/03\/1-43-pasate-gp_bk_03.jpg\" alt=\"\" width=\"1280\" height=\"960\" srcset=\"https:\/\/www.paudimodel.com\/wp-content\/uploads\/2017\/03\/1-43-pasate-gp_bk_03.jpg 1280w, https:\/\/www.paudimodel.com\/wp-content\/uploads\/2017\/03\/1-43-pasate-gp_bk_03-450x338.jpg 450w, https:\/\/www.paudimodel.com\/wp-content\/uploads\/2017\/03\/1-43-pasate-gp_bk_03-300x225.jpg 300w, https:\/\/www.paudimodel.com\/wp-content\/uploads\/2017\/03\/1-43-pasate-gp_bk_03-768x576.jpg 768w, https:\/\/www.paudimodel.com\/wp-content\/uploads\/2017\/03\/1-43-pasate-gp_bk_03-1024x768.jpg 1024w\" sizes=\"auto, (max-width: 1280px) 100vw, 1280px\" \/><\/p>\n<p><img loading=\"lazy\" decoding=\"async\" class=\"aligncenter size-full wp-image-46535\" src=\"http:\/\/www.paudimodel.com\/wp-content\/uploads\/2017\/03\/1-43-pasate-gp_bk_04.jpg\" alt=\"\" width=\"1280\" height=\"960\" srcset=\"https:\/\/www.paudimodel.com\/wp-content\/uploads\/2017\/03\/1-43-pasate-gp_bk_04.jpg 1280w, https:\/\/www.paudimodel.com\/wp-content\/uploads\/2017\/03\/1-43-pasate-gp_bk_04-450x338.jpg 450w, https:\/\/www.paudimodel.com\/wp-content\/uploads\/2017\/03\/1-43-pasate-gp_bk_04-300x225.jpg 300w, https:\/\/www.paudimodel.com\/wp-content\/uploads\/2017\/03\/1-43-pasate-gp_bk_04-768x576.jpg 768w, https:\/\/www.paudimodel.com\/wp-content\/uploads\/2017\/03\/1-43-pasate-gp_bk_04-1024x768.jpg 1024w\" sizes=\"auto, (max-width: 1280px) 100vw, 1280px\" \/><\/p>","protected":false},"excerpt":{"rendered":"<p>Produktcode: 4351BK, 4351BR<\/p>\n<p>Farbe: Schwarz, Braun<\/p>\n<p>Das Produkt basiert auf der Nachbildung und Verkleinerung der Modelle des neuen Passat der Firma Volkswagen und hat einen Modellauto-Ma\u00dfstab von 1:43. Mit seinem Sammelwert ist es die beste Wahl f\u00fcr Sammlerst\u00fccke und Geschenke.<\/p>","protected":false},"featured_media":46531,"comment_status":"open","ping_status":"closed","template":"","meta":[],"product_brand":[],"product_cat":[147,567],"product_tag":[779,783],"class_list":{"0":"post-46529","1":"product","2":"type-product","3":"status-publish","4":"has-post-thumbnail","6":"product_cat-volkswagen","7":"product_cat-1-43-scale-die-cast-model-cars","8":"product_tag-143-scale","9":"product_tag-volkswagen-new-passat","10":"pa_color-blackcolor","11":"pa_color-gold","12":"pa_material-die-cast","13":"pa_scale-568","15":"first","16":"instock","17":"taxable","18":"shipping-taxable","19":"purchasable","20":"product-type-variable"},"yoast_head":"<!-- This site is optimized with the Yoast SEO Premium plugin v25.6 (Yoast SEO v26.7) - https:\/\/yoast.com\/wordpress\/plugins\/seo\/ -->\n<title>Volkswagen Passat GP 1\/43 Scale Die-cast Model Car Wholesale - Paudi Model | High Quality Diecast Model<\/title>\n<meta name=\"robots\" content=\"index, follow, max-snippet:-1, max-image-preview:large, max-video-preview:-1\" \/>\n<link rel=\"canonical\" href=\"https:\/\/www.paudimodel.com\/de\/produkt\/volkswagen-passat-gp-143-scale-die-cast-model-car-wholesale\/\" \/>\n<meta property=\"og:locale\" content=\"de_DE\" \/>\n<meta property=\"og:type\" content=\"article\" \/>\n<meta property=\"og:title\" content=\"Volkswagen Passat GP 1\/43 Scale Die-cast Model Car Wholesale\" \/>\n<meta property=\"og:url\" content=\"https:\/\/www.paudimodel.com\/de\/produkt\/volkswagen-passat-gp-143-scale-die-cast-model-car-wholesale\/\" \/>\n<meta property=\"og:site_name\" content=\"Paudi Model | High Quality Diecast Model\" \/>\n<meta property=\"article:publisher\" content=\"https:\/\/www.facebook\/paudimodel\" \/>\n<meta property=\"article:modified_time\" content=\"2021-08-04T01:19:27+00:00\" \/>\n<meta property=\"og:image\" content=\"https:\/\/www.paudimodel.com\/wp-content\/uploads\/2017\/03\/1-43-pasate-gp_bk_01.jpg\" \/>\n\t<meta property=\"og:image:width\" content=\"1280\" \/>\n\t<meta property=\"og:image:height\" content=\"960\" \/>\n\t<meta property=\"og:image:type\" content=\"image\/jpeg\" \/>\n<meta name=\"twitter:card\" content=\"summary_large_image\" \/>\n<meta name=\"twitter:site\" content=\"@paudimodel\" \/>\n<script type=\"application\/ld+json\" class=\"yoast-schema-graph\">{\"@context\":\"https:\/\/schema.org\",\"@graph\":[{\"@type\":\"WebPage\",\"@id\":\"https:\/\/www.paudimodel.com\/product\/volkswagen-passat-gp-143-scale-die-cast-model-car-wholesale\/\",\"url\":\"https:\/\/www.paudimodel.com\/product\/volkswagen-passat-gp-143-scale-die-cast-model-car-wholesale\/\",\"name\":\"Volkswagen Passat GP 1\/43 Scale Die-cast Model Car Wholesale - Paudi Model | High Quality Diecast Model\",\"isPartOf\":{\"@id\":\"https:\/\/www.paudimodel.com\/#website\"},\"primaryImageOfPage\":{\"@id\":\"https:\/\/www.paudimodel.com\/product\/volkswagen-passat-gp-143-scale-die-cast-model-car-wholesale\/#primaryimage\"},\"image\":{\"@id\":\"https:\/\/www.paudimodel.com\/product\/volkswagen-passat-gp-143-scale-die-cast-model-car-wholesale\/#primaryimage\"},\"thumbnailUrl\":\"https:\/\/www.paudimodel.com\/wp-content\/uploads\/2017\/03\/1-43-pasate-gp_bk_01.jpg\",\"datePublished\":\"2017-03-19T11:09:40+00:00\",\"dateModified\":\"2021-08-04T01:19:27+00:00\",\"breadcrumb\":{\"@id\":\"https:\/\/www.paudimodel.com\/product\/volkswagen-passat-gp-143-scale-die-cast-model-car-wholesale\/#breadcrumb\"},\"inLanguage\":\"de\",\"potentialAction\":[{\"@type\":\"ReadAction\",\"target\":[\"https:\/\/www.paudimodel.com\/product\/volkswagen-passat-gp-143-scale-die-cast-model-car-wholesale\/\"]}]},{\"@type\":\"ImageObject\",\"inLanguage\":\"de\",\"@id\":\"https:\/\/www.paudimodel.com\/product\/volkswagen-passat-gp-143-scale-die-cast-model-car-wholesale\/#primaryimage\",\"url\":\"https:\/\/www.paudimodel.com\/wp-content\/uploads\/2017\/03\/1-43-pasate-gp_bk_01.jpg\",\"contentUrl\":\"https:\/\/www.paudimodel.com\/wp-content\/uploads\/2017\/03\/1-43-pasate-gp_bk_01.jpg\",\"width\":1280,\"height\":960},{\"@type\":\"BreadcrumbList\",\"@id\":\"https:\/\/www.paudimodel.com\/product\/volkswagen-passat-gp-143-scale-die-cast-model-car-wholesale\/#breadcrumb\",\"itemListElement\":[{\"@type\":\"ListItem\",\"position\":1,\"name\":\"Home\",\"item\":\"https:\/\/www.paudimodel.com\/\"},{\"@type\":\"ListItem\",\"position\":2,\"name\":\"Products\",\"item\":\"https:\/\/www.paudimodel.com\/products\/\"},{\"@type\":\"ListItem\",\"position\":3,\"name\":\"Volkswagen Passat GP 1\/43 Scale Die-cast Model Car Wholesale\"}]},{\"@type\":\"WebSite\",\"@id\":\"https:\/\/www.paudimodel.com\/#website\",\"url\":\"https:\/\/www.paudimodel.com\/\",\"name\":\"Paudi Model | High Quality Diecast Model\",\"description\":\"Shop For Diecast Models From Top-Rated Brands Like Dealer Edition, Paudi, Kyosho, Autoart &amp; More. Low Online Prices. Super-Detailed Models.Find Your Make &amp; Model.Huge Selection. Satisfaction Guaranteed. Types: Diecast Model Cars, Diecast Model Trucks.\",\"publisher\":{\"@id\":\"https:\/\/www.paudimodel.com\/#organization\"},\"alternateName\":\"Scale model design, development and production\",\"potentialAction\":[{\"@type\":\"SearchAction\",\"target\":{\"@type\":\"EntryPoint\",\"urlTemplate\":\"https:\/\/www.paudimodel.com\/?s={search_term_string}\"},\"query-input\":{\"@type\":\"PropertyValueSpecification\",\"valueRequired\":true,\"valueName\":\"search_term_string\"}}],\"inLanguage\":\"de\"},{\"@type\":\"Organization\",\"@id\":\"https:\/\/www.paudimodel.com\/#organization\",\"name\":\"Guangzhou Paudi Model Technology Ltd.\",\"url\":\"https:\/\/www.paudimodel.com\/\",\"logo\":{\"@type\":\"ImageObject\",\"inLanguage\":\"de\",\"@id\":\"https:\/\/www.paudimodel.com\/#\/schema\/logo\/image\/\",\"url\":\"https:\/\/www.paudimodel.com\/wp-content\/uploads\/2023\/02\/696x696.png\",\"contentUrl\":\"https:\/\/www.paudimodel.com\/wp-content\/uploads\/2023\/02\/696x696.png\",\"width\":696,\"height\":696,\"caption\":\"Guangzhou Paudi Model Technology Ltd.\"},\"image\":{\"@id\":\"https:\/\/www.paudimodel.com\/#\/schema\/logo\/image\/\"},\"sameAs\":[\"https:\/\/www.facebook\/paudimodel\",\"https:\/\/x.com\/paudimodel\"]}]}<\/script>\n<!-- \/ Yoast SEO Premium plugin. -->","yoast_head_json":{"title":"Volkswagen Passat GP Modellauto im Ma\u00dfstab 1:43 \u2013 Gro\u00dfhandel \u2013 Paudi Model | Hochwertiges Modellauto","robots":{"index":"index","follow":"follow","max-snippet":"max-snippet:-1","max-image-preview":"max-image-preview:large","max-video-preview":"max-video-preview:-1"},"canonical":"https:\/\/www.paudimodel.com\/de\/produkt\/volkswagen-passat-gp-143-scale-die-cast-model-car-wholesale\/","og_locale":"de_DE","og_type":"article","og_title":"Volkswagen Passat GP 1\/43 Scale Die-cast Model Car Wholesale","og_url":"https:\/\/www.paudimodel.com\/de\/produkt\/volkswagen-passat-gp-143-scale-die-cast-model-car-wholesale\/","og_site_name":"Paudi Model | High Quality Diecast Model","article_publisher":"https:\/\/www.facebook\/paudimodel","article_modified_time":"2021-08-04T01:19:27+00:00","og_image":[{"width":1280,"height":960,"url":"https:\/\/www.paudimodel.com\/wp-content\/uploads\/2017\/03\/1-43-pasate-gp_bk_01.jpg","type":"image\/jpeg"}],"twitter_card":"summary_large_image","twitter_site":"@paudimodel","schema":{"@context":"https:\/\/schema.org","@graph":[{"@type":"WebPage","@id":"https:\/\/www.paudimodel.com\/product\/volkswagen-passat-gp-143-scale-die-cast-model-car-wholesale\/","url":"https:\/\/www.paudimodel.com\/product\/volkswagen-passat-gp-143-scale-die-cast-model-car-wholesale\/","name":"Volkswagen Passat GP Modellauto im Ma\u00dfstab 1:43 \u2013 Gro\u00dfhandel \u2013 Paudi Model | Hochwertiges Modellauto","isPartOf":{"@id":"https:\/\/www.paudimodel.com\/#website"},"primaryImageOfPage":{"@id":"https:\/\/www.paudimodel.com\/product\/volkswagen-passat-gp-143-scale-die-cast-model-car-wholesale\/#primaryimage"},"image":{"@id":"https:\/\/www.paudimodel.com\/product\/volkswagen-passat-gp-143-scale-die-cast-model-car-wholesale\/#primaryimage"},"thumbnailUrl":"https:\/\/www.paudimodel.com\/wp-content\/uploads\/2017\/03\/1-43-pasate-gp_bk_01.jpg","datePublished":"2017-03-19T11:09:40+00:00","dateModified":"2021-08-04T01:19:27+00:00","breadcrumb":{"@id":"https:\/\/www.paudimodel.com\/product\/volkswagen-passat-gp-143-scale-die-cast-model-car-wholesale\/#breadcrumb"},"inLanguage":"de","potentialAction":[{"@type":"ReadAction","target":["https:\/\/www.paudimodel.com\/product\/volkswagen-passat-gp-143-scale-die-cast-model-car-wholesale\/"]}]},{"@type":"ImageObject","inLanguage":"de","@id":"https:\/\/www.paudimodel.com\/product\/volkswagen-passat-gp-143-scale-die-cast-model-car-wholesale\/#primaryimage","url":"https:\/\/www.paudimodel.com\/wp-content\/uploads\/2017\/03\/1-43-pasate-gp_bk_01.jpg","contentUrl":"https:\/\/www.paudimodel.com\/wp-content\/uploads\/2017\/03\/1-43-pasate-gp_bk_01.jpg","width":1280,"height":960},{"@type":"BreadcrumbList","@id":"https:\/\/www.paudimodel.com\/product\/volkswagen-passat-gp-143-scale-die-cast-model-car-wholesale\/#breadcrumb","itemListElement":[{"@type":"ListItem","position":1,"name":"Home","item":"https:\/\/www.paudimodel.com\/"},{"@type":"ListItem","position":2,"name":"Products","item":"https:\/\/www.paudimodel.com\/products\/"},{"@type":"ListItem","position":3,"name":"Volkswagen Passat GP 1\/43 Scale Die-cast Model Car Wholesale"}]},{"@type":"WebSite","@id":"https:\/\/www.paudimodel.com\/#website","url":"https:\/\/www.paudimodel.com\/","name":"Paudi-Modell | Hochwertiges Druckgussmodell","description":"Kaufen Sie Druckgussmodelle von Top-Marken wie Dealer Edition, Paudi, Kyosho, Autoart und mehr. G\u00fcnstige Online-Preise. Superdetaillierte Modelle. Finden Sie Ihre Marke und Ihr Modell. Riesige Auswahl. Zufriedenheitsgarantie. Typen: Druckguss-Modellautos, Druckguss-Modell-LKWs.","publisher":{"@id":"https:\/\/www.paudimodel.com\/#organization"},"alternateName":"Scale model design, development and production","potentialAction":[{"@type":"SearchAction","target":{"@type":"EntryPoint","urlTemplate":"https:\/\/www.paudimodel.com\/?s={search_term_string}"},"query-input":{"@type":"PropertyValueSpecification","valueRequired":true,"valueName":"search_term_string"}}],"inLanguage":"de"},{"@type":"Organization","@id":"https:\/\/www.paudimodel.com\/#organization","name":"Guangzhou Paudi Model Technology Ltd.","url":"https:\/\/www.paudimodel.com\/","logo":{"@type":"ImageObject","inLanguage":"de","@id":"https:\/\/www.paudimodel.com\/#\/schema\/logo\/image\/","url":"https:\/\/www.paudimodel.com\/wp-content\/uploads\/2023\/02\/696x696.png","contentUrl":"https:\/\/www.paudimodel.com\/wp-content\/uploads\/2023\/02\/696x696.png","width":696,"height":696,"caption":"Guangzhou Paudi Model Technology Ltd."},"image":{"@id":"https:\/\/www.paudimodel.com\/#\/schema\/logo\/image\/"},"sameAs":["https:\/\/www.facebook\/paudimodel","https:\/\/x.com\/paudimodel"]}]}},"_links":{"self":[{"href":"https:\/\/www.paudimodel.com\/de\/wp-json\/wp\/v2\/product\/46529","targetHints":{"allow":["GET"]}}],"collection":[{"href":"https:\/\/www.paudimodel.com\/de\/wp-json\/wp\/v2\/product"}],"about":[{"href":"https:\/\/www.paudimodel.com\/de\/wp-json\/wp\/v2\/types\/product"}],"replies":[{"embeddable":true,"href":"https:\/\/www.paudimodel.com\/de\/wp-json\/wp\/v2\/comments?post=46529"}],"wp:featuredmedia":[{"embeddable":true,"href":"https:\/\/www.paudimodel.com\/de\/wp-json\/wp\/v2\/media\/46531"}],"wp:attachment":[{"href":"https:\/\/www.paudimodel.com\/de\/wp-json\/wp\/v2\/media?parent=46529"}],"wp:term":[{"taxonomy":"product_brand","embeddable":true,"href":"https:\/\/www.paudimodel.com\/de\/wp-json\/wp\/v2\/product_brand?post=46529"},{"taxonomy":"product_cat","embeddable":true,"href":"https:\/\/www.paudimodel.com\/de\/wp-json\/wp\/v2\/product_cat?post=46529"},{"taxonomy":"product_tag","embeddable":true,"href":"https:\/\/www.paudimodel.com\/de\/wp-json\/wp\/v2\/product_tag?post=46529"}],"curies":[{"name":"wp","href":"https:\/\/api.w.org\/{rel}","templated":true}]}}