{"id":47999,"date":"2017-04-20T09:21:51","date_gmt":"2017-04-20T01:21:51","guid":{"rendered":"http:\/\/www.paudimodel.com\/?post_type=product&#038;p=47999"},"modified":"2023-01-18T04:47:07","modified_gmt":"2023-01-18T04:47:07","slug":"118-scale-infiniti-qx30-2016-diecast-model-car","status":"publish","type":"product","link":"https:\/\/www.paudimodel.com\/de\/produkt\/118-scale-infiniti-qx30-2016-diecast-model-car\/","title":{"rendered":"Infiniti QX30 2016 1\/18 Ma\u00dfstab Druckguss Modellauto Gro\u00dfhandel"},"content":{"rendered":"<h2>Infiniti QX30 2016 1:18 Ma\u00dfstab Diecast Modellauto Kurzbeschreibung:<\/h2>\n<p>Beim Entnehmen des Produkts sollten Sie sich an die Unterseite des Styropors stellen, die Karosserie des Fahrzeugs fest greifen und mit gleichm\u00e4\u00dfiger Kraft senkrecht nach oben das Modellauto entnehmen.<br \/>\n<span style=\"text-decoration: underline;\"><strong>Erw\u00e4rmen!<\/strong>\u00a0Um die T\u00fcr des Modellautos zu \u00f6ffnen, verwenden Sie bitte den speziellen T\u00fcrschl\u00fcssel im Styropor und verwenden Sie einen Schnittwinkel von etwa 45 Grad, um die T\u00fcr zu \u00f6ffnen. Drehen Sie zum \u00d6ffnen der T\u00fcr nicht den R\u00fcckspiegel!<\/span><\/p>\n<h2 class=\"null\">Beschreibung:<\/h2>\n<p>1. Dieses Druckgussfahrzeug hat zu \u00f6ffnende Vorder- und Hintert\u00fcren. Nach dem \u00d6ffnen werden Sie eine erstaunliche Menge an Details auf dem Armaturenbrett sehen.<br \/>\n2. Unser Infiniti QX30 verf\u00fcgt \u00fcber ein Panoramadach, das sich um 15 Grad \u00f6ffnen l\u00e4sst, sowie \u00fcber ein verschiebbares Innenrollo, genau wie beim Original.<br \/>\n3. Alle vier R\u00e4der sind drehbar und verf\u00fcgen \u00fcber (Sto\u00dfd\u00e4mpfer).<br \/>\n4. Tankdeckel \u00f6ffnen<br \/>\n5. Klappbare linke und rechte Seitenspiegel.<br \/>\n6. Durch das \u00d6ffnen der Motorhaube wird ein sehr detaillierter Motorraum sichtbar.<br \/>\n7. Aktives Lenkrad, das die Vorderr\u00e4der bewegt.<br \/>\n8. Fahrerhaussitz nach vorne verschiebbar<br \/>\n9. Beim \u00d6ffnen der hinteren T\u00fcr wird der detailreiche Innenraum sichtbar.<\/p>\n<p><img loading=\"lazy\" decoding=\"async\" class=\"alignnone size-full wp-image-48002\" src=\"http:\/\/www.paudimodel.com\/wp-content\/uploads\/2017\/04\/Infiniti-QX30-W-2.jpg\" alt=\"\" width=\"990\" height=\"658\" srcset=\"https:\/\/www.paudimodel.com\/wp-content\/uploads\/2017\/04\/Infiniti-QX30-W-2.jpg 990w, https:\/\/www.paudimodel.com\/wp-content\/uploads\/2017\/04\/Infiniti-QX30-W-2-300x199.jpg 300w, https:\/\/www.paudimodel.com\/wp-content\/uploads\/2017\/04\/Infiniti-QX30-W-2-450x299.jpg 450w, https:\/\/www.paudimodel.com\/wp-content\/uploads\/2017\/04\/Infiniti-QX30-W-2-768x510.jpg 768w\" sizes=\"auto, (max-width: 990px) 100vw, 990px\" \/><\/p>\n<p><img loading=\"lazy\" decoding=\"async\" class=\"alignnone size-full wp-image-48004\" src=\"http:\/\/www.paudimodel.com\/wp-content\/uploads\/2017\/04\/Infiniti-QX30-W-3.jpg\" alt=\"\" width=\"990\" height=\"658\" srcset=\"https:\/\/www.paudimodel.com\/wp-content\/uploads\/2017\/04\/Infiniti-QX30-W-3.jpg 990w, https:\/\/www.paudimodel.com\/wp-content\/uploads\/2017\/04\/Infiniti-QX30-W-3-300x199.jpg 300w, https:\/\/www.paudimodel.com\/wp-content\/uploads\/2017\/04\/Infiniti-QX30-W-3-450x299.jpg 450w, https:\/\/www.paudimodel.com\/wp-content\/uploads\/2017\/04\/Infiniti-QX30-W-3-768x510.jpg 768w\" sizes=\"auto, (max-width: 990px) 100vw, 990px\" \/><\/p>\n<p><img loading=\"lazy\" decoding=\"async\" class=\"alignnone size-full wp-image-48012\" src=\"http:\/\/www.paudimodel.com\/wp-content\/uploads\/2017\/04\/Infiniti-QX30-W-7.jpg\" alt=\"\" width=\"990\" height=\"658\" srcset=\"https:\/\/www.paudimodel.com\/wp-content\/uploads\/2017\/04\/Infiniti-QX30-W-7.jpg 990w, https:\/\/www.paudimodel.com\/wp-content\/uploads\/2017\/04\/Infiniti-QX30-W-7-300x199.jpg 300w, https:\/\/www.paudimodel.com\/wp-content\/uploads\/2017\/04\/Infiniti-QX30-W-7-450x299.jpg 450w, https:\/\/www.paudimodel.com\/wp-content\/uploads\/2017\/04\/Infiniti-QX30-W-7-768x510.jpg 768w\" sizes=\"auto, (max-width: 990px) 100vw, 990px\" \/><\/p>\n<p><img loading=\"lazy\" decoding=\"async\" class=\"alignnone size-full wp-image-48014\" src=\"http:\/\/www.paudimodel.com\/wp-content\/uploads\/2017\/04\/Infiniti-QX30-W-8.jpg\" alt=\"\" width=\"990\" height=\"658\" srcset=\"https:\/\/www.paudimodel.com\/wp-content\/uploads\/2017\/04\/Infiniti-QX30-W-8.jpg 990w, https:\/\/www.paudimodel.com\/wp-content\/uploads\/2017\/04\/Infiniti-QX30-W-8-300x199.jpg 300w, https:\/\/www.paudimodel.com\/wp-content\/uploads\/2017\/04\/Infiniti-QX30-W-8-450x299.jpg 450w, https:\/\/www.paudimodel.com\/wp-content\/uploads\/2017\/04\/Infiniti-QX30-W-8-768x510.jpg 768w\" sizes=\"auto, (max-width: 990px) 100vw, 990px\" \/><\/p>\n<p><img loading=\"lazy\" decoding=\"async\" class=\"alignnone size-full wp-image-48016\" src=\"http:\/\/www.paudimodel.com\/wp-content\/uploads\/2017\/04\/Infiniti-QX30-W-9.jpg\" alt=\"\" width=\"990\" height=\"658\" srcset=\"https:\/\/www.paudimodel.com\/wp-content\/uploads\/2017\/04\/Infiniti-QX30-W-9.jpg 990w, https:\/\/www.paudimodel.com\/wp-content\/uploads\/2017\/04\/Infiniti-QX30-W-9-300x199.jpg 300w, https:\/\/www.paudimodel.com\/wp-content\/uploads\/2017\/04\/Infiniti-QX30-W-9-450x299.jpg 450w, https:\/\/www.paudimodel.com\/wp-content\/uploads\/2017\/04\/Infiniti-QX30-W-9-768x510.jpg 768w\" sizes=\"auto, (max-width: 990px) 100vw, 990px\" \/><\/p>\n<p><img loading=\"lazy\" decoding=\"async\" class=\"alignnone size-full wp-image-48018\" src=\"http:\/\/www.paudimodel.com\/wp-content\/uploads\/2017\/04\/Infiniti-QX30-W-10.jpg\" alt=\"\" width=\"990\" height=\"658\" srcset=\"https:\/\/www.paudimodel.com\/wp-content\/uploads\/2017\/04\/Infiniti-QX30-W-10.jpg 990w, https:\/\/www.paudimodel.com\/wp-content\/uploads\/2017\/04\/Infiniti-QX30-W-10-300x199.jpg 300w, https:\/\/www.paudimodel.com\/wp-content\/uploads\/2017\/04\/Infiniti-QX30-W-10-450x299.jpg 450w, https:\/\/www.paudimodel.com\/wp-content\/uploads\/2017\/04\/Infiniti-QX30-W-10-768x510.jpg 768w\" sizes=\"auto, (max-width: 990px) 100vw, 990px\" \/><\/p>\n<p><img loading=\"lazy\" decoding=\"async\" class=\"alignnone size-full wp-image-48022\" src=\"http:\/\/www.paudimodel.com\/wp-content\/uploads\/2017\/04\/Infiniti-QX30-W-11.jpg\" alt=\"\" width=\"990\" height=\"658\" srcset=\"https:\/\/www.paudimodel.com\/wp-content\/uploads\/2017\/04\/Infiniti-QX30-W-11.jpg 990w, https:\/\/www.paudimodel.com\/wp-content\/uploads\/2017\/04\/Infiniti-QX30-W-11-300x199.jpg 300w, https:\/\/www.paudimodel.com\/wp-content\/uploads\/2017\/04\/Infiniti-QX30-W-11-450x299.jpg 450w, https:\/\/www.paudimodel.com\/wp-content\/uploads\/2017\/04\/Infiniti-QX30-W-11-768x510.jpg 768w\" sizes=\"auto, (max-width: 990px) 100vw, 990px\" \/><\/p>\n<p><img loading=\"lazy\" decoding=\"async\" class=\"alignnone size-full wp-image-48024\" src=\"http:\/\/www.paudimodel.com\/wp-content\/uploads\/2017\/04\/Infiniti-QX30-W-12.jpg\" alt=\"\" width=\"990\" height=\"658\" srcset=\"https:\/\/www.paudimodel.com\/wp-content\/uploads\/2017\/04\/Infiniti-QX30-W-12.jpg 990w, https:\/\/www.paudimodel.com\/wp-content\/uploads\/2017\/04\/Infiniti-QX30-W-12-300x199.jpg 300w, https:\/\/www.paudimodel.com\/wp-content\/uploads\/2017\/04\/Infiniti-QX30-W-12-450x299.jpg 450w, https:\/\/www.paudimodel.com\/wp-content\/uploads\/2017\/04\/Infiniti-QX30-W-12-768x510.jpg 768w\" sizes=\"auto, (max-width: 990px) 100vw, 990px\" \/><\/p>\n<p><img loading=\"lazy\" decoding=\"async\" class=\"alignnone size-full wp-image-48034\" src=\"http:\/\/www.paudimodel.com\/wp-content\/uploads\/2017\/04\/Infiniti-QX30-W-13.jpg\" alt=\"\" width=\"990\" height=\"658\" srcset=\"https:\/\/www.paudimodel.com\/wp-content\/uploads\/2017\/04\/Infiniti-QX30-W-13.jpg 990w, https:\/\/www.paudimodel.com\/wp-content\/uploads\/2017\/04\/Infiniti-QX30-W-13-300x199.jpg 300w, https:\/\/www.paudimodel.com\/wp-content\/uploads\/2017\/04\/Infiniti-QX30-W-13-450x299.jpg 450w, https:\/\/www.paudimodel.com\/wp-content\/uploads\/2017\/04\/Infiniti-QX30-W-13-768x510.jpg 768w\" sizes=\"auto, (max-width: 990px) 100vw, 990px\" \/><\/p>\n<p><img loading=\"lazy\" decoding=\"async\" class=\"alignnone size-full wp-image-48026\" src=\"http:\/\/www.paudimodel.com\/wp-content\/uploads\/2017\/04\/Infiniti-QX30-W-14.jpg\" alt=\"\" width=\"990\" height=\"658\" srcset=\"https:\/\/www.paudimodel.com\/wp-content\/uploads\/2017\/04\/Infiniti-QX30-W-14.jpg 990w, https:\/\/www.paudimodel.com\/wp-content\/uploads\/2017\/04\/Infiniti-QX30-W-14-300x199.jpg 300w, https:\/\/www.paudimodel.com\/wp-content\/uploads\/2017\/04\/Infiniti-QX30-W-14-450x299.jpg 450w, https:\/\/www.paudimodel.com\/wp-content\/uploads\/2017\/04\/Infiniti-QX30-W-14-768x510.jpg 768w\" sizes=\"auto, (max-width: 990px) 100vw, 990px\" \/><\/p>\n<p><img loading=\"lazy\" decoding=\"async\" class=\"alignnone size-full wp-image-48028\" src=\"http:\/\/www.paudimodel.com\/wp-content\/uploads\/2017\/04\/Infiniti-QX30-W-15.jpg\" alt=\"\" width=\"990\" height=\"658\" srcset=\"https:\/\/www.paudimodel.com\/wp-content\/uploads\/2017\/04\/Infiniti-QX30-W-15.jpg 990w, https:\/\/www.paudimodel.com\/wp-content\/uploads\/2017\/04\/Infiniti-QX30-W-15-300x199.jpg 300w, https:\/\/www.paudimodel.com\/wp-content\/uploads\/2017\/04\/Infiniti-QX30-W-15-450x299.jpg 450w, https:\/\/www.paudimodel.com\/wp-content\/uploads\/2017\/04\/Infiniti-QX30-W-15-768x510.jpg 768w\" sizes=\"auto, (max-width: 990px) 100vw, 990px\" \/><\/p>","protected":false},"excerpt":{"rendered":"<p>Gro\u00dfhandel 1\/18 Sammlung Diecast-Autos des Infiniti QX30 2016<\/p>\n<p>Produktcode: 5514W<\/p>\n<p>Farbe: Wei\u00df<\/p>\n<p>Wir freuen uns, die Ver\u00f6ffentlichung des Infiniti QX30 im Ma\u00dfstab 1:18 bekanntzugeben. Dieses sehr detaillierte Modell aus Zinklegierung besteht aus \u00fcber einhundert Teilen und eignet sich nicht nur f\u00fcr Sammler, sondern auch als Geschenk.<\/p>\n<p>&nbsp;<\/p>\n<p><img loading=\"lazy\" decoding=\"async\" class=\"size-full wp-image-42563 alignleft\" src=\"http:\/\/www.paudimodel.com\/wp-content\/uploads\/2016\/04\/1.png\" alt=\"1\" width=\"50\" height=\"45\" \/><img loading=\"lazy\" decoding=\"async\" class=\"size-full wp-image-42562 alignleft\" src=\"http:\/\/www.paudimodel.com\/wp-content\/uploads\/2016\/04\/10.png\" alt=\"10\" width=\"50\" height=\"49\" \/><img loading=\"lazy\" decoding=\"async\" class=\"size-full wp-image-42564 alignleft\" src=\"http:\/\/www.paudimodel.com\/wp-content\/uploads\/2016\/04\/2.png\" alt=\"2\" width=\"50\" height=\"45\" \/><\/p>\n<p><img loading=\"lazy\" decoding=\"async\" class=\"size-full wp-image-42566 alignleft\" src=\"http:\/\/www.paudimodel.com\/wp-content\/uploads\/2016\/04\/4.png\" alt=\"4\" width=\"50\" height=\"48\" \/><\/p>\n<p><img loading=\"lazy\" decoding=\"async\" class=\"size-full wp-image-42565 alignleft\" src=\"http:\/\/www.paudimodel.com\/wp-content\/uploads\/2016\/04\/3.png\" alt=\"3\" width=\"50\" height=\"42\" \/><\/p>\n<p><img loading=\"lazy\" decoding=\"async\" class=\"size-full wp-image-42568 alignleft\" src=\"http:\/\/www.paudimodel.com\/wp-content\/uploads\/2016\/04\/6.png\" alt=\"6\" width=\"50\" height=\"49\" \/><\/p>\n<p>&nbsp;<\/p>\n<p>&nbsp;<\/p>","protected":false},"featured_media":48000,"comment_status":"open","ping_status":"closed","template":"","meta":[],"product_brand":[],"product_cat":[466,51],"product_tag":[62,63,53,661,55,59],"class_list":{"0":"post-47999","1":"product","2":"type-product","3":"status-publish","4":"has-post-thumbnail","6":"product_cat-1-18-scale","7":"product_cat-infiniti","8":"product_tag-die-cast-model-car","9":"product_tag-hobby-model-car","10":"product_tag-infiniti-model-car","11":"product_tag-infiniti-qx30","12":"product_tag-model-car","13":"product_tag-scale-model-car","14":"pa_color-pearl-white","15":"pa_material-zinc-alloy-abs-variety-of-composite-materials","16":"pa_scale-34","18":"first","19":"outofstock","20":"taxable","21":"shipping-taxable","22":"purchasable","23":"product-type-simple"},"yoast_head":"<!-- This site is optimized with the Yoast SEO Premium plugin v25.6 (Yoast SEO v26.7) - https:\/\/yoast.com\/wordpress\/plugins\/seo\/ -->\n<title>Infiniti QX30 2016 1\/18 Scale Diecast Model Car Wholesale - Paudi Model | High Quality Diecast Model<\/title>\n<meta name=\"description\" content=\"1:18 Scale Infiniti QX30 2016 Diecast Model Car\" \/>\n<meta name=\"robots\" content=\"index, follow, max-snippet:-1, max-image-preview:large, max-video-preview:-1\" \/>\n<link rel=\"canonical\" href=\"https:\/\/www.paudimodel.com\/de\/produkt\/118-scale-infiniti-qx30-2016-diecast-model-car\/\" \/>\n<meta property=\"og:locale\" content=\"de_DE\" \/>\n<meta property=\"og:type\" content=\"article\" \/>\n<meta property=\"og:title\" content=\"Infiniti QX30 2016 1\/18 Scale Diecast Model Car Wholesale\" \/>\n<meta property=\"og:description\" content=\"1:18 Scale Infiniti QX30 2016 Diecast Model Car\" \/>\n<meta property=\"og:url\" content=\"https:\/\/www.paudimodel.com\/de\/produkt\/118-scale-infiniti-qx30-2016-diecast-model-car\/\" \/>\n<meta property=\"og:site_name\" content=\"Paudi Model | High Quality Diecast Model\" \/>\n<meta property=\"article:publisher\" content=\"https:\/\/www.facebook\/paudimodel\" \/>\n<meta property=\"article:modified_time\" content=\"2023-01-18T04:47:07+00:00\" \/>\n<meta property=\"og:image\" content=\"https:\/\/www.paudimodel.com\/wp-content\/uploads\/2017\/04\/Infiniti-QX30-W-1.jpg\" \/>\n\t<meta property=\"og:image:width\" content=\"990\" \/>\n\t<meta property=\"og:image:height\" content=\"658\" \/>\n\t<meta property=\"og:image:type\" content=\"image\/jpeg\" \/>\n<meta name=\"twitter:card\" content=\"summary_large_image\" \/>\n<meta name=\"twitter:site\" content=\"@paudimodel\" \/>\n<meta name=\"twitter:label1\" content=\"Gesch\u00e4tzte Lesezeit\" \/>\n\t<meta name=\"twitter:data1\" content=\"1\u00a0Minute\" \/>\n<script type=\"application\/ld+json\" class=\"yoast-schema-graph\">{\"@context\":\"https:\/\/schema.org\",\"@graph\":[{\"@type\":\"WebPage\",\"@id\":\"https:\/\/www.paudimodel.com\/product\/118-scale-infiniti-qx30-2016-diecast-model-car\/\",\"url\":\"https:\/\/www.paudimodel.com\/product\/118-scale-infiniti-qx30-2016-diecast-model-car\/\",\"name\":\"Infiniti QX30 2016 1\/18 Scale Diecast Model Car Wholesale - Paudi Model | High Quality Diecast Model\",\"isPartOf\":{\"@id\":\"https:\/\/www.paudimodel.com\/#website\"},\"primaryImageOfPage\":{\"@id\":\"https:\/\/www.paudimodel.com\/product\/118-scale-infiniti-qx30-2016-diecast-model-car\/#primaryimage\"},\"image\":{\"@id\":\"https:\/\/www.paudimodel.com\/product\/118-scale-infiniti-qx30-2016-diecast-model-car\/#primaryimage\"},\"thumbnailUrl\":\"https:\/\/www.paudimodel.com\/wp-content\/uploads\/2017\/04\/Infiniti-QX30-W-1.jpg\",\"datePublished\":\"2017-04-20T01:21:51+00:00\",\"dateModified\":\"2023-01-18T04:47:07+00:00\",\"description\":\"1:18 Scale Infiniti QX30 2016 Diecast Model Car\",\"breadcrumb\":{\"@id\":\"https:\/\/www.paudimodel.com\/product\/118-scale-infiniti-qx30-2016-diecast-model-car\/#breadcrumb\"},\"inLanguage\":\"de\",\"potentialAction\":[{\"@type\":\"ReadAction\",\"target\":[\"https:\/\/www.paudimodel.com\/product\/118-scale-infiniti-qx30-2016-diecast-model-car\/\"]}]},{\"@type\":\"ImageObject\",\"inLanguage\":\"de\",\"@id\":\"https:\/\/www.paudimodel.com\/product\/118-scale-infiniti-qx30-2016-diecast-model-car\/#primaryimage\",\"url\":\"https:\/\/www.paudimodel.com\/wp-content\/uploads\/2017\/04\/Infiniti-QX30-W-1.jpg\",\"contentUrl\":\"https:\/\/www.paudimodel.com\/wp-content\/uploads\/2017\/04\/Infiniti-QX30-W-1.jpg\",\"width\":990,\"height\":658},{\"@type\":\"BreadcrumbList\",\"@id\":\"https:\/\/www.paudimodel.com\/product\/118-scale-infiniti-qx30-2016-diecast-model-car\/#breadcrumb\",\"itemListElement\":[{\"@type\":\"ListItem\",\"position\":1,\"name\":\"Home\",\"item\":\"https:\/\/www.paudimodel.com\/\"},{\"@type\":\"ListItem\",\"position\":2,\"name\":\"Products\",\"item\":\"https:\/\/www.paudimodel.com\/products\/\"},{\"@type\":\"ListItem\",\"position\":3,\"name\":\"Infiniti QX30 2016 1\/18 Scale Diecast Model Car Wholesale\"}]},{\"@type\":\"WebSite\",\"@id\":\"https:\/\/www.paudimodel.com\/#website\",\"url\":\"https:\/\/www.paudimodel.com\/\",\"name\":\"Paudi Model | High Quality Diecast Model\",\"description\":\"Shop For Diecast Models From Top-Rated Brands Like Dealer Edition, Paudi, Kyosho, Autoart &amp; More. Low Online Prices. Super-Detailed Models.Find Your Make &amp; Model.Huge Selection. Satisfaction Guaranteed. Types: Diecast Model Cars, Diecast Model Trucks.\",\"publisher\":{\"@id\":\"https:\/\/www.paudimodel.com\/#organization\"},\"alternateName\":\"Scale model design, development and production\",\"potentialAction\":[{\"@type\":\"SearchAction\",\"target\":{\"@type\":\"EntryPoint\",\"urlTemplate\":\"https:\/\/www.paudimodel.com\/?s={search_term_string}\"},\"query-input\":{\"@type\":\"PropertyValueSpecification\",\"valueRequired\":true,\"valueName\":\"search_term_string\"}}],\"inLanguage\":\"de\"},{\"@type\":\"Organization\",\"@id\":\"https:\/\/www.paudimodel.com\/#organization\",\"name\":\"Guangzhou Paudi Model Technology Ltd.\",\"url\":\"https:\/\/www.paudimodel.com\/\",\"logo\":{\"@type\":\"ImageObject\",\"inLanguage\":\"de\",\"@id\":\"https:\/\/www.paudimodel.com\/#\/schema\/logo\/image\/\",\"url\":\"https:\/\/www.paudimodel.com\/wp-content\/uploads\/2023\/02\/696x696.png\",\"contentUrl\":\"https:\/\/www.paudimodel.com\/wp-content\/uploads\/2023\/02\/696x696.png\",\"width\":696,\"height\":696,\"caption\":\"Guangzhou Paudi Model Technology Ltd.\"},\"image\":{\"@id\":\"https:\/\/www.paudimodel.com\/#\/schema\/logo\/image\/\"},\"sameAs\":[\"https:\/\/www.facebook\/paudimodel\",\"https:\/\/x.com\/paudimodel\"]}]}<\/script>\n<!-- \/ Yoast SEO Premium plugin. -->","yoast_head_json":{"title":"Infiniti QX30 2016 1\/18 Scale Diecast Model Car Wholesale - Paudi Model | High Quality Diecast Model","description":"1:18 Scale Infiniti QX30 2016 Diecast Model Car","robots":{"index":"index","follow":"follow","max-snippet":"max-snippet:-1","max-image-preview":"max-image-preview:large","max-video-preview":"max-video-preview:-1"},"canonical":"https:\/\/www.paudimodel.com\/de\/produkt\/118-scale-infiniti-qx30-2016-diecast-model-car\/","og_locale":"de_DE","og_type":"article","og_title":"Infiniti QX30 2016 1\/18 Scale Diecast Model Car Wholesale","og_description":"1:18 Scale Infiniti QX30 2016 Diecast Model Car","og_url":"https:\/\/www.paudimodel.com\/de\/produkt\/118-scale-infiniti-qx30-2016-diecast-model-car\/","og_site_name":"Paudi Model | High Quality Diecast Model","article_publisher":"https:\/\/www.facebook\/paudimodel","article_modified_time":"2023-01-18T04:47:07+00:00","og_image":[{"width":990,"height":658,"url":"https:\/\/www.paudimodel.com\/wp-content\/uploads\/2017\/04\/Infiniti-QX30-W-1.jpg","type":"image\/jpeg"}],"twitter_card":"summary_large_image","twitter_site":"@paudimodel","twitter_misc":{"Gesch\u00e4tzte Lesezeit":"1\u00a0Minute"},"schema":{"@context":"https:\/\/schema.org","@graph":[{"@type":"WebPage","@id":"https:\/\/www.paudimodel.com\/product\/118-scale-infiniti-qx30-2016-diecast-model-car\/","url":"https:\/\/www.paudimodel.com\/product\/118-scale-infiniti-qx30-2016-diecast-model-car\/","name":"Infiniti QX30 2016 1\/18 Scale Diecast Model Car Wholesale - Paudi Model | High Quality Diecast Model","isPartOf":{"@id":"https:\/\/www.paudimodel.com\/#website"},"primaryImageOfPage":{"@id":"https:\/\/www.paudimodel.com\/product\/118-scale-infiniti-qx30-2016-diecast-model-car\/#primaryimage"},"image":{"@id":"https:\/\/www.paudimodel.com\/product\/118-scale-infiniti-qx30-2016-diecast-model-car\/#primaryimage"},"thumbnailUrl":"https:\/\/www.paudimodel.com\/wp-content\/uploads\/2017\/04\/Infiniti-QX30-W-1.jpg","datePublished":"2017-04-20T01:21:51+00:00","dateModified":"2023-01-18T04:47:07+00:00","description":"1:18 Scale Infiniti QX30 2016 Diecast Model Car","breadcrumb":{"@id":"https:\/\/www.paudimodel.com\/product\/118-scale-infiniti-qx30-2016-diecast-model-car\/#breadcrumb"},"inLanguage":"de","potentialAction":[{"@type":"ReadAction","target":["https:\/\/www.paudimodel.com\/product\/118-scale-infiniti-qx30-2016-diecast-model-car\/"]}]},{"@type":"ImageObject","inLanguage":"de","@id":"https:\/\/www.paudimodel.com\/product\/118-scale-infiniti-qx30-2016-diecast-model-car\/#primaryimage","url":"https:\/\/www.paudimodel.com\/wp-content\/uploads\/2017\/04\/Infiniti-QX30-W-1.jpg","contentUrl":"https:\/\/www.paudimodel.com\/wp-content\/uploads\/2017\/04\/Infiniti-QX30-W-1.jpg","width":990,"height":658},{"@type":"BreadcrumbList","@id":"https:\/\/www.paudimodel.com\/product\/118-scale-infiniti-qx30-2016-diecast-model-car\/#breadcrumb","itemListElement":[{"@type":"ListItem","position":1,"name":"Home","item":"https:\/\/www.paudimodel.com\/"},{"@type":"ListItem","position":2,"name":"Products","item":"https:\/\/www.paudimodel.com\/products\/"},{"@type":"ListItem","position":3,"name":"Infiniti QX30 2016 1\/18 Scale Diecast Model Car Wholesale"}]},{"@type":"WebSite","@id":"https:\/\/www.paudimodel.com\/#website","url":"https:\/\/www.paudimodel.com\/","name":"Paudi-Modell | Hochwertiges Druckgussmodell","description":"Kaufen Sie Druckgussmodelle von Top-Marken wie Dealer Edition, Paudi, Kyosho, Autoart und mehr. G\u00fcnstige Online-Preise. Superdetaillierte Modelle. Finden Sie Ihre Marke und Ihr Modell. Riesige Auswahl. Zufriedenheitsgarantie. Typen: Druckguss-Modellautos, Druckguss-Modell-LKWs.","publisher":{"@id":"https:\/\/www.paudimodel.com\/#organization"},"alternateName":"Scale model design, development and production","potentialAction":[{"@type":"SearchAction","target":{"@type":"EntryPoint","urlTemplate":"https:\/\/www.paudimodel.com\/?s={search_term_string}"},"query-input":{"@type":"PropertyValueSpecification","valueRequired":true,"valueName":"search_term_string"}}],"inLanguage":"de"},{"@type":"Organization","@id":"https:\/\/www.paudimodel.com\/#organization","name":"Guangzhou Paudi Model Technology Ltd.","url":"https:\/\/www.paudimodel.com\/","logo":{"@type":"ImageObject","inLanguage":"de","@id":"https:\/\/www.paudimodel.com\/#\/schema\/logo\/image\/","url":"https:\/\/www.paudimodel.com\/wp-content\/uploads\/2023\/02\/696x696.png","contentUrl":"https:\/\/www.paudimodel.com\/wp-content\/uploads\/2023\/02\/696x696.png","width":696,"height":696,"caption":"Guangzhou Paudi Model Technology Ltd."},"image":{"@id":"https:\/\/www.paudimodel.com\/#\/schema\/logo\/image\/"},"sameAs":["https:\/\/www.facebook\/paudimodel","https:\/\/x.com\/paudimodel"]}]}},"_links":{"self":[{"href":"https:\/\/www.paudimodel.com\/de\/wp-json\/wp\/v2\/product\/47999","targetHints":{"allow":["GET"]}}],"collection":[{"href":"https:\/\/www.paudimodel.com\/de\/wp-json\/wp\/v2\/product"}],"about":[{"href":"https:\/\/www.paudimodel.com\/de\/wp-json\/wp\/v2\/types\/product"}],"replies":[{"embeddable":true,"href":"https:\/\/www.paudimodel.com\/de\/wp-json\/wp\/v2\/comments?post=47999"}],"wp:featuredmedia":[{"embeddable":true,"href":"https:\/\/www.paudimodel.com\/de\/wp-json\/wp\/v2\/media\/48000"}],"wp:attachment":[{"href":"https:\/\/www.paudimodel.com\/de\/wp-json\/wp\/v2\/media?parent=47999"}],"wp:term":[{"taxonomy":"product_brand","embeddable":true,"href":"https:\/\/www.paudimodel.com\/de\/wp-json\/wp\/v2\/product_brand?post=47999"},{"taxonomy":"product_cat","embeddable":true,"href":"https:\/\/www.paudimodel.com\/de\/wp-json\/wp\/v2\/product_cat?post=47999"},{"taxonomy":"product_tag","embeddable":true,"href":"https:\/\/www.paudimodel.com\/de\/wp-json\/wp\/v2\/product_tag?post=47999"}],"curies":[{"name":"wp","href":"https:\/\/api.w.org\/{rel}","templated":true}]}}