{"id":48258,"date":"2017-04-30T14:58:13","date_gmt":"2017-04-30T06:58:13","guid":{"rendered":"http:\/\/www.paudimodel.com\/?post_type=product&#038;p=48258"},"modified":"2021-04-07T09:00:49","modified_gmt":"2021-04-07T09:00:49","slug":"118-scale-volkswagen-tiguan-l-2017-diecast-model-car","status":"publish","type":"product","link":"https:\/\/www.paudimodel.com\/de\/produkt\/118-scale-volkswagen-tiguan-l-2017-diecast-model-car\/","title":{"rendered":"VW Volkswagen Tiguan L 2017 1\/18 Ma\u00dfstab Diecast Modellauto Gro\u00dfhandel"},"content":{"rendered":"<h2>Volkswagen Tiguan L 2017 1:18 Ma\u00dfstab Diecast Modellauto Kurzbeschreibung:<\/h2>\n<p>Beim Entnehmen des Produkts sollten Sie sich an die Unterseite des Styropors stellen, die Karosserie des Fahrzeugs fest greifen und mit gleichm\u00e4\u00dfiger Kraft senkrecht nach oben das Modellauto entnehmen.<br \/>\n<span style=\"text-decoration: underline\"><strong>Erw\u00e4rmen!<\/strong>\u00a0Um die T\u00fcr des Modellautos zu \u00f6ffnen, verwenden Sie bitte den speziellen T\u00fcrschl\u00fcssel im Styropor und verwenden Sie einen Schnittwinkel von etwa 45 Grad, um die T\u00fcr zu \u00f6ffnen. Drehen Sie zum \u00d6ffnen der T\u00fcr nicht den R\u00fcckspiegel!<\/span><\/p>\n<p>1. Bei den Druckgussautos lassen sich sowohl die Vordert\u00fcr als auch die Hintert\u00fcr des Autos frei \u00f6ffnen, die Scharniere der Autot\u00fcr sind flexible Scharniere. Nachdem Sie die Autot\u00fcr ge\u00f6ffnet haben, k\u00f6nnen Sie das Innere des Cockpits sehen.<br \/>\n2. Doppelschichtiges Oberlicht, die innere Schicht kann verschoben werden und die \u00e4u\u00dfere Schicht kann um 15 Grad ge\u00f6ffnet werden.<br \/>\n3.Die vier R\u00e4der k\u00f6nnen sich hin und her bewegen und haben die Funktion von Sto\u00dfd\u00e4mpfern<br \/>\n4. Der Tankdeckel kann ge\u00f6ffnet werden<br \/>\n5. Der linke und rechte Seitenspiegel kann eingeklappt werden<br \/>\n6. Um die Frontabdeckung zu \u00f6ffnen, sollten Sie zuerst die untere Taste dr\u00fccken und sie dann mit dem T\u00fcrschl\u00fcssel \u00f6ffnen.<br \/>\n7. \u00d6ffnen Sie die vordere Abdeckung, um die innere Struktur des Motors deutlich zu sehen<br \/>\n8. Drehen Sie das Lenkrad kann fahren<br \/>\n9. vorne vorne kann sich hin und her bewegen<br \/>\n10. Die Endabdeckung kann ge\u00f6ffnet werden, um das Innere zu sehen.<\/p>\n<p><img loading=\"lazy\" decoding=\"async\" class=\"alignnone size-full wp-image-48698\" src=\"http:\/\/www.paudimodel.com\/wp-content\/uploads\/2017\/04\/Volkswagen-New-Tiguan-L-2017-orange-01-1.jpg\" alt=\"\" width=\"990\" height=\"658\" srcset=\"https:\/\/www.paudimodel.com\/wp-content\/uploads\/2017\/04\/Volkswagen-New-Tiguan-L-2017-orange-01-1.jpg 990w, https:\/\/www.paudimodel.com\/wp-content\/uploads\/2017\/04\/Volkswagen-New-Tiguan-L-2017-orange-01-1-300x199.jpg 300w, https:\/\/www.paudimodel.com\/wp-content\/uploads\/2017\/04\/Volkswagen-New-Tiguan-L-2017-orange-01-1-450x299.jpg 450w, https:\/\/www.paudimodel.com\/wp-content\/uploads\/2017\/04\/Volkswagen-New-Tiguan-L-2017-orange-01-1-768x510.jpg 768w\" sizes=\"auto, (max-width: 990px) 100vw, 990px\" \/><\/p>\n<p><img loading=\"lazy\" decoding=\"async\" class=\"alignnone size-full wp-image-48702\" src=\"http:\/\/www.paudimodel.com\/wp-content\/uploads\/2017\/04\/Volkswagen-New-Tiguan-L-2017-orange-03-1.jpg\" alt=\"\" width=\"990\" height=\"658\" srcset=\"https:\/\/www.paudimodel.com\/wp-content\/uploads\/2017\/04\/Volkswagen-New-Tiguan-L-2017-orange-03-1.jpg 990w, https:\/\/www.paudimodel.com\/wp-content\/uploads\/2017\/04\/Volkswagen-New-Tiguan-L-2017-orange-03-1-300x199.jpg 300w, https:\/\/www.paudimodel.com\/wp-content\/uploads\/2017\/04\/Volkswagen-New-Tiguan-L-2017-orange-03-1-450x299.jpg 450w, https:\/\/www.paudimodel.com\/wp-content\/uploads\/2017\/04\/Volkswagen-New-Tiguan-L-2017-orange-03-1-768x510.jpg 768w\" sizes=\"auto, (max-width: 990px) 100vw, 990px\" \/> <img loading=\"lazy\" decoding=\"async\" class=\"alignnone size-full wp-image-48700\" src=\"http:\/\/www.paudimodel.com\/wp-content\/uploads\/2017\/04\/Volkswagen-New-Tiguan-L-2017-orange-02-1.jpg\" alt=\"\" width=\"990\" height=\"658\" srcset=\"https:\/\/www.paudimodel.com\/wp-content\/uploads\/2017\/04\/Volkswagen-New-Tiguan-L-2017-orange-02-1.jpg 990w, https:\/\/www.paudimodel.com\/wp-content\/uploads\/2017\/04\/Volkswagen-New-Tiguan-L-2017-orange-02-1-300x199.jpg 300w, https:\/\/www.paudimodel.com\/wp-content\/uploads\/2017\/04\/Volkswagen-New-Tiguan-L-2017-orange-02-1-450x299.jpg 450w, https:\/\/www.paudimodel.com\/wp-content\/uploads\/2017\/04\/Volkswagen-New-Tiguan-L-2017-orange-02-1-768x510.jpg 768w\" sizes=\"auto, (max-width: 990px) 100vw, 990px\" \/><img loading=\"lazy\" decoding=\"async\" class=\"alignnone size-full wp-image-48717\" src=\"http:\/\/www.paudimodel.com\/wp-content\/uploads\/2017\/04\/Volkswagen-New-Tiguan-L-2017-orange-11-1.jpg\" alt=\"\" width=\"990\" height=\"658\" srcset=\"https:\/\/www.paudimodel.com\/wp-content\/uploads\/2017\/04\/Volkswagen-New-Tiguan-L-2017-orange-11-1.jpg 990w, https:\/\/www.paudimodel.com\/wp-content\/uploads\/2017\/04\/Volkswagen-New-Tiguan-L-2017-orange-11-1-300x199.jpg 300w, https:\/\/www.paudimodel.com\/wp-content\/uploads\/2017\/04\/Volkswagen-New-Tiguan-L-2017-orange-11-1-450x299.jpg 450w, https:\/\/www.paudimodel.com\/wp-content\/uploads\/2017\/04\/Volkswagen-New-Tiguan-L-2017-orange-11-1-768x510.jpg 768w\" sizes=\"auto, (max-width: 990px) 100vw, 990px\" \/> <img loading=\"lazy\" decoding=\"async\" class=\"alignnone size-full wp-image-48715\" src=\"http:\/\/www.paudimodel.com\/wp-content\/uploads\/2017\/04\/Volkswagen-New-Tiguan-L-2017-orange-09-1.jpg\" alt=\"\" width=\"990\" height=\"658\" srcset=\"https:\/\/www.paudimodel.com\/wp-content\/uploads\/2017\/04\/Volkswagen-New-Tiguan-L-2017-orange-09-1.jpg 990w, https:\/\/www.paudimodel.com\/wp-content\/uploads\/2017\/04\/Volkswagen-New-Tiguan-L-2017-orange-09-1-300x199.jpg 300w, https:\/\/www.paudimodel.com\/wp-content\/uploads\/2017\/04\/Volkswagen-New-Tiguan-L-2017-orange-09-1-450x299.jpg 450w, https:\/\/www.paudimodel.com\/wp-content\/uploads\/2017\/04\/Volkswagen-New-Tiguan-L-2017-orange-09-1-768x510.jpg 768w\" sizes=\"auto, (max-width: 990px) 100vw, 990px\" \/> <img loading=\"lazy\" decoding=\"async\" class=\"alignnone size-full wp-image-48713\" src=\"http:\/\/www.paudimodel.com\/wp-content\/uploads\/2017\/04\/Volkswagen-New-Tiguan-L-2017-orange-08-1.jpg\" alt=\"\" width=\"990\" height=\"658\" srcset=\"https:\/\/www.paudimodel.com\/wp-content\/uploads\/2017\/04\/Volkswagen-New-Tiguan-L-2017-orange-08-1.jpg 990w, https:\/\/www.paudimodel.com\/wp-content\/uploads\/2017\/04\/Volkswagen-New-Tiguan-L-2017-orange-08-1-300x199.jpg 300w, https:\/\/www.paudimodel.com\/wp-content\/uploads\/2017\/04\/Volkswagen-New-Tiguan-L-2017-orange-08-1-450x299.jpg 450w, https:\/\/www.paudimodel.com\/wp-content\/uploads\/2017\/04\/Volkswagen-New-Tiguan-L-2017-orange-08-1-768x510.jpg 768w\" sizes=\"auto, (max-width: 990px) 100vw, 990px\" \/><\/p>\n<p><img loading=\"lazy\" decoding=\"async\" class=\"alignnone size-full wp-image-48711\" src=\"http:\/\/www.paudimodel.com\/wp-content\/uploads\/2017\/04\/Volkswagen-New-Tiguan-L-2017-orange-07-1.jpg\" alt=\"\" width=\"990\" height=\"658\" srcset=\"https:\/\/www.paudimodel.com\/wp-content\/uploads\/2017\/04\/Volkswagen-New-Tiguan-L-2017-orange-07-1.jpg 990w, https:\/\/www.paudimodel.com\/wp-content\/uploads\/2017\/04\/Volkswagen-New-Tiguan-L-2017-orange-07-1-300x199.jpg 300w, https:\/\/www.paudimodel.com\/wp-content\/uploads\/2017\/04\/Volkswagen-New-Tiguan-L-2017-orange-07-1-450x299.jpg 450w, https:\/\/www.paudimodel.com\/wp-content\/uploads\/2017\/04\/Volkswagen-New-Tiguan-L-2017-orange-07-1-768x510.jpg 768w\" sizes=\"auto, (max-width: 990px) 100vw, 990px\" \/> <img loading=\"lazy\" decoding=\"async\" class=\"alignnone size-full wp-image-48709\" src=\"http:\/\/www.paudimodel.com\/wp-content\/uploads\/2017\/04\/Volkswagen-New-Tiguan-L-2017-orange-06-1.jpg\" alt=\"\" width=\"990\" height=\"658\" srcset=\"https:\/\/www.paudimodel.com\/wp-content\/uploads\/2017\/04\/Volkswagen-New-Tiguan-L-2017-orange-06-1.jpg 990w, https:\/\/www.paudimodel.com\/wp-content\/uploads\/2017\/04\/Volkswagen-New-Tiguan-L-2017-orange-06-1-300x199.jpg 300w, https:\/\/www.paudimodel.com\/wp-content\/uploads\/2017\/04\/Volkswagen-New-Tiguan-L-2017-orange-06-1-450x299.jpg 450w, https:\/\/www.paudimodel.com\/wp-content\/uploads\/2017\/04\/Volkswagen-New-Tiguan-L-2017-orange-06-1-768x510.jpg 768w\" sizes=\"auto, (max-width: 990px) 100vw, 990px\" \/> <img loading=\"lazy\" decoding=\"async\" class=\"alignnone size-full wp-image-48707\" src=\"http:\/\/www.paudimodel.com\/wp-content\/uploads\/2017\/04\/Volkswagen-New-Tiguan-L-2017-orange-05-1.jpg\" alt=\"\" width=\"990\" height=\"658\" srcset=\"https:\/\/www.paudimodel.com\/wp-content\/uploads\/2017\/04\/Volkswagen-New-Tiguan-L-2017-orange-05-1.jpg 990w, https:\/\/www.paudimodel.com\/wp-content\/uploads\/2017\/04\/Volkswagen-New-Tiguan-L-2017-orange-05-1-300x199.jpg 300w, https:\/\/www.paudimodel.com\/wp-content\/uploads\/2017\/04\/Volkswagen-New-Tiguan-L-2017-orange-05-1-450x299.jpg 450w, https:\/\/www.paudimodel.com\/wp-content\/uploads\/2017\/04\/Volkswagen-New-Tiguan-L-2017-orange-05-1-768x510.jpg 768w\" sizes=\"auto, (max-width: 990px) 100vw, 990px\" \/> <img loading=\"lazy\" decoding=\"async\" class=\"alignnone size-full wp-image-48705\" src=\"http:\/\/www.paudimodel.com\/wp-content\/uploads\/2017\/04\/Volkswagen-New-Tiguan-L-2017-orange-04-1.jpg\" alt=\"\" width=\"990\" height=\"658\" srcset=\"https:\/\/www.paudimodel.com\/wp-content\/uploads\/2017\/04\/Volkswagen-New-Tiguan-L-2017-orange-04-1.jpg 990w, https:\/\/www.paudimodel.com\/wp-content\/uploads\/2017\/04\/Volkswagen-New-Tiguan-L-2017-orange-04-1-300x199.jpg 300w, https:\/\/www.paudimodel.com\/wp-content\/uploads\/2017\/04\/Volkswagen-New-Tiguan-L-2017-orange-04-1-450x299.jpg 450w, https:\/\/www.paudimodel.com\/wp-content\/uploads\/2017\/04\/Volkswagen-New-Tiguan-L-2017-orange-04-1-768x510.jpg 768w\" sizes=\"auto, (max-width: 990px) 100vw, 990px\" \/><\/p>","protected":false},"excerpt":{"rendered":"<p>Gro\u00dfhandel mit einem Modellauto im Ma\u00dfstab 1:18 des Volkswagen Tiguan L von 2017.<\/p>\n<p>Produktcode: 2386OR, 2386S, 2386BR<\/p>\n<p>Farben: Orange, Silber, Braun<\/p>\n<p>Dieses Modellauto, eine detailgetreue Nachbildung des VW Cherokee im Ma\u00dfstab 1:18, ist ein hochwertiges Diecast-Modell aus der VW-Modellauto-Serie. Es besteht aus einer Zinklegierung und ist mit einer dreifachen elektrostatischen Lackierung versehen. Das Modellauto verf\u00fcgt \u00fcber Hunderte von Einzelteilen und ist aufgrund seines Sammlerwerts die ideale Wahl f\u00fcr Sammler und als Geschenk.<\/p>\n<p><img loading=\"lazy\" decoding=\"async\" class=\"size-full wp-image-42563 alignleft\" src=\"http:\/\/www.paudimodel.com\/wp-content\/uploads\/2016\/04\/1.png\" alt=\"1\" width=\"50\" height=\"45\" \/><img loading=\"lazy\" decoding=\"async\" class=\"size-full wp-image-42562 alignleft\" src=\"http:\/\/www.paudimodel.com\/wp-content\/uploads\/2016\/04\/10.png\" alt=\"10\" width=\"50\" height=\"49\" \/><img loading=\"lazy\" decoding=\"async\" class=\"size-full wp-image-42564 alignleft\" src=\"http:\/\/www.paudimodel.com\/wp-content\/uploads\/2016\/04\/2.png\" alt=\"2\" width=\"50\" height=\"45\" \/><\/p>\n<p><img loading=\"lazy\" decoding=\"async\" class=\"size-full wp-image-42566 alignleft\" src=\"http:\/\/www.paudimodel.com\/wp-content\/uploads\/2016\/04\/4.png\" alt=\"4\" width=\"50\" height=\"48\" \/><\/p>\n<p><img loading=\"lazy\" decoding=\"async\" class=\"size-full wp-image-42565 alignleft\" src=\"http:\/\/www.paudimodel.com\/wp-content\/uploads\/2016\/04\/3.png\" alt=\"3\" width=\"50\" height=\"42\" \/><\/p>\n<p><img loading=\"lazy\" decoding=\"async\" class=\"size-full wp-image-42568 alignleft\" src=\"http:\/\/www.paudimodel.com\/wp-content\/uploads\/2016\/04\/6.png\" alt=\"6\" width=\"50\" height=\"49\" \/><\/p>","protected":false},"featured_media":48698,"comment_status":"open","ping_status":"closed","template":"","meta":[],"product_brand":[],"product_cat":[466,147],"product_tag":[50,63,55,59,689,686,688],"class_list":{"0":"post-48258","1":"product","2":"type-product","3":"status-publish","4":"has-post-thumbnail","6":"product_cat-1-18-scale","7":"product_cat-volkswagen","8":"product_tag-diecast-model-car","9":"product_tag-hobby-model-car","10":"product_tag-model-car","11":"product_tag-scale-model-car","12":"product_tag-tiguan-2017","13":"product_tag-tiguan-l","14":"product_tag-volkswagen-tiguan","15":"pa_color-brown","16":"pa_color-orange","17":"pa_color-silver","18":"pa_material-die-cast","19":"pa_scale-34","21":"first","22":"instock","23":"taxable","24":"shipping-taxable","25":"purchasable","26":"product-type-variable","27":"has-default-attributes"},"yoast_head":"<!-- This site is optimized with the Yoast SEO Premium plugin v25.6 (Yoast SEO v26.7) - https:\/\/yoast.com\/wordpress\/plugins\/seo\/ -->\n<title>VW Volkswagen Tiguan L 2017 1\/18 Scale Diecast Model Car Wholesale - Paudi Model | High Quality Diecast Model<\/title>\n<meta name=\"robots\" content=\"index, follow, max-snippet:-1, max-image-preview:large, max-video-preview:-1\" \/>\n<link rel=\"canonical\" href=\"https:\/\/www.paudimodel.com\/de\/produkt\/118-scale-volkswagen-tiguan-l-2017-diecast-model-car\/\" \/>\n<meta property=\"og:locale\" content=\"de_DE\" \/>\n<meta property=\"og:type\" content=\"article\" \/>\n<meta property=\"og:title\" content=\"VW Volkswagen Tiguan L 2017 1\/18 Scale Diecast Model Car Wholesale\" \/>\n<meta property=\"og:url\" content=\"https:\/\/www.paudimodel.com\/de\/produkt\/118-scale-volkswagen-tiguan-l-2017-diecast-model-car\/\" \/>\n<meta property=\"og:site_name\" content=\"Paudi Model | High Quality Diecast Model\" \/>\n<meta property=\"article:publisher\" content=\"https:\/\/www.facebook\/paudimodel\" \/>\n<meta property=\"article:modified_time\" content=\"2021-04-07T09:00:49+00:00\" \/>\n<meta property=\"og:image\" content=\"https:\/\/www.paudimodel.com\/wp-content\/uploads\/2017\/04\/Volkswagen-New-Tiguan-L-2017-orange-01-1.jpg\" \/>\n\t<meta property=\"og:image:width\" content=\"990\" \/>\n\t<meta property=\"og:image:height\" content=\"658\" \/>\n\t<meta property=\"og:image:type\" content=\"image\/jpeg\" \/>\n<meta name=\"twitter:card\" content=\"summary_large_image\" \/>\n<meta name=\"twitter:site\" content=\"@paudimodel\" \/>\n<meta name=\"twitter:label1\" content=\"Gesch\u00e4tzte Lesezeit\" \/>\n\t<meta name=\"twitter:data1\" content=\"1\u00a0Minute\" \/>\n<script type=\"application\/ld+json\" class=\"yoast-schema-graph\">{\"@context\":\"https:\/\/schema.org\",\"@graph\":[{\"@type\":\"WebPage\",\"@id\":\"https:\/\/www.paudimodel.com\/product\/118-scale-volkswagen-tiguan-l-2017-diecast-model-car\/\",\"url\":\"https:\/\/www.paudimodel.com\/product\/118-scale-volkswagen-tiguan-l-2017-diecast-model-car\/\",\"name\":\"VW Volkswagen Tiguan L 2017 1\/18 Scale Diecast Model Car Wholesale - Paudi Model | High Quality Diecast Model\",\"isPartOf\":{\"@id\":\"https:\/\/www.paudimodel.com\/#website\"},\"primaryImageOfPage\":{\"@id\":\"https:\/\/www.paudimodel.com\/product\/118-scale-volkswagen-tiguan-l-2017-diecast-model-car\/#primaryimage\"},\"image\":{\"@id\":\"https:\/\/www.paudimodel.com\/product\/118-scale-volkswagen-tiguan-l-2017-diecast-model-car\/#primaryimage\"},\"thumbnailUrl\":\"https:\/\/www.paudimodel.com\/wp-content\/uploads\/2017\/04\/Volkswagen-New-Tiguan-L-2017-orange-01-1.jpg\",\"datePublished\":\"2017-04-30T06:58:13+00:00\",\"dateModified\":\"2021-04-07T09:00:49+00:00\",\"breadcrumb\":{\"@id\":\"https:\/\/www.paudimodel.com\/product\/118-scale-volkswagen-tiguan-l-2017-diecast-model-car\/#breadcrumb\"},\"inLanguage\":\"de\",\"potentialAction\":[{\"@type\":\"ReadAction\",\"target\":[\"https:\/\/www.paudimodel.com\/product\/118-scale-volkswagen-tiguan-l-2017-diecast-model-car\/\"]}]},{\"@type\":\"ImageObject\",\"inLanguage\":\"de\",\"@id\":\"https:\/\/www.paudimodel.com\/product\/118-scale-volkswagen-tiguan-l-2017-diecast-model-car\/#primaryimage\",\"url\":\"https:\/\/www.paudimodel.com\/wp-content\/uploads\/2017\/04\/Volkswagen-New-Tiguan-L-2017-orange-01-1.jpg\",\"contentUrl\":\"https:\/\/www.paudimodel.com\/wp-content\/uploads\/2017\/04\/Volkswagen-New-Tiguan-L-2017-orange-01-1.jpg\",\"width\":990,\"height\":658},{\"@type\":\"BreadcrumbList\",\"@id\":\"https:\/\/www.paudimodel.com\/product\/118-scale-volkswagen-tiguan-l-2017-diecast-model-car\/#breadcrumb\",\"itemListElement\":[{\"@type\":\"ListItem\",\"position\":1,\"name\":\"Home\",\"item\":\"https:\/\/www.paudimodel.com\/\"},{\"@type\":\"ListItem\",\"position\":2,\"name\":\"Products\",\"item\":\"https:\/\/www.paudimodel.com\/products\/\"},{\"@type\":\"ListItem\",\"position\":3,\"name\":\"VW Volkswagen Tiguan L 2017 1\/18 Scale Diecast Model Car Wholesale\"}]},{\"@type\":\"WebSite\",\"@id\":\"https:\/\/www.paudimodel.com\/#website\",\"url\":\"https:\/\/www.paudimodel.com\/\",\"name\":\"Paudi Model | High Quality Diecast Model\",\"description\":\"Shop For Diecast Models From Top-Rated Brands Like Dealer Edition, Paudi, Kyosho, Autoart &amp; More. Low Online Prices. Super-Detailed Models.Find Your Make &amp; Model.Huge Selection. Satisfaction Guaranteed. Types: Diecast Model Cars, Diecast Model Trucks.\",\"publisher\":{\"@id\":\"https:\/\/www.paudimodel.com\/#organization\"},\"alternateName\":\"Scale model design, development and production\",\"potentialAction\":[{\"@type\":\"SearchAction\",\"target\":{\"@type\":\"EntryPoint\",\"urlTemplate\":\"https:\/\/www.paudimodel.com\/?s={search_term_string}\"},\"query-input\":{\"@type\":\"PropertyValueSpecification\",\"valueRequired\":true,\"valueName\":\"search_term_string\"}}],\"inLanguage\":\"de\"},{\"@type\":\"Organization\",\"@id\":\"https:\/\/www.paudimodel.com\/#organization\",\"name\":\"Guangzhou Paudi Model Technology Ltd.\",\"url\":\"https:\/\/www.paudimodel.com\/\",\"logo\":{\"@type\":\"ImageObject\",\"inLanguage\":\"de\",\"@id\":\"https:\/\/www.paudimodel.com\/#\/schema\/logo\/image\/\",\"url\":\"https:\/\/www.paudimodel.com\/wp-content\/uploads\/2023\/02\/696x696.png\",\"contentUrl\":\"https:\/\/www.paudimodel.com\/wp-content\/uploads\/2023\/02\/696x696.png\",\"width\":696,\"height\":696,\"caption\":\"Guangzhou Paudi Model Technology Ltd.\"},\"image\":{\"@id\":\"https:\/\/www.paudimodel.com\/#\/schema\/logo\/image\/\"},\"sameAs\":[\"https:\/\/www.facebook\/paudimodel\",\"https:\/\/x.com\/paudimodel\"]}]}<\/script>\n<!-- \/ Yoast SEO Premium plugin. -->","yoast_head_json":{"title":"VW Volkswagen Tiguan L 2017 1\/18 Scale Diecast Model Car Wholesale - Paudi Model | High Quality Diecast Model","robots":{"index":"index","follow":"follow","max-snippet":"max-snippet:-1","max-image-preview":"max-image-preview:large","max-video-preview":"max-video-preview:-1"},"canonical":"https:\/\/www.paudimodel.com\/de\/produkt\/118-scale-volkswagen-tiguan-l-2017-diecast-model-car\/","og_locale":"de_DE","og_type":"article","og_title":"VW Volkswagen Tiguan L 2017 1\/18 Scale Diecast Model Car Wholesale","og_url":"https:\/\/www.paudimodel.com\/de\/produkt\/118-scale-volkswagen-tiguan-l-2017-diecast-model-car\/","og_site_name":"Paudi Model | High Quality Diecast Model","article_publisher":"https:\/\/www.facebook\/paudimodel","article_modified_time":"2021-04-07T09:00:49+00:00","og_image":[{"width":990,"height":658,"url":"https:\/\/www.paudimodel.com\/wp-content\/uploads\/2017\/04\/Volkswagen-New-Tiguan-L-2017-orange-01-1.jpg","type":"image\/jpeg"}],"twitter_card":"summary_large_image","twitter_site":"@paudimodel","twitter_misc":{"Gesch\u00e4tzte Lesezeit":"1\u00a0Minute"},"schema":{"@context":"https:\/\/schema.org","@graph":[{"@type":"WebPage","@id":"https:\/\/www.paudimodel.com\/product\/118-scale-volkswagen-tiguan-l-2017-diecast-model-car\/","url":"https:\/\/www.paudimodel.com\/product\/118-scale-volkswagen-tiguan-l-2017-diecast-model-car\/","name":"VW Volkswagen Tiguan L 2017 1\/18 Scale Diecast Model Car Wholesale - Paudi Model | High Quality Diecast Model","isPartOf":{"@id":"https:\/\/www.paudimodel.com\/#website"},"primaryImageOfPage":{"@id":"https:\/\/www.paudimodel.com\/product\/118-scale-volkswagen-tiguan-l-2017-diecast-model-car\/#primaryimage"},"image":{"@id":"https:\/\/www.paudimodel.com\/product\/118-scale-volkswagen-tiguan-l-2017-diecast-model-car\/#primaryimage"},"thumbnailUrl":"https:\/\/www.paudimodel.com\/wp-content\/uploads\/2017\/04\/Volkswagen-New-Tiguan-L-2017-orange-01-1.jpg","datePublished":"2017-04-30T06:58:13+00:00","dateModified":"2021-04-07T09:00:49+00:00","breadcrumb":{"@id":"https:\/\/www.paudimodel.com\/product\/118-scale-volkswagen-tiguan-l-2017-diecast-model-car\/#breadcrumb"},"inLanguage":"de","potentialAction":[{"@type":"ReadAction","target":["https:\/\/www.paudimodel.com\/product\/118-scale-volkswagen-tiguan-l-2017-diecast-model-car\/"]}]},{"@type":"ImageObject","inLanguage":"de","@id":"https:\/\/www.paudimodel.com\/product\/118-scale-volkswagen-tiguan-l-2017-diecast-model-car\/#primaryimage","url":"https:\/\/www.paudimodel.com\/wp-content\/uploads\/2017\/04\/Volkswagen-New-Tiguan-L-2017-orange-01-1.jpg","contentUrl":"https:\/\/www.paudimodel.com\/wp-content\/uploads\/2017\/04\/Volkswagen-New-Tiguan-L-2017-orange-01-1.jpg","width":990,"height":658},{"@type":"BreadcrumbList","@id":"https:\/\/www.paudimodel.com\/product\/118-scale-volkswagen-tiguan-l-2017-diecast-model-car\/#breadcrumb","itemListElement":[{"@type":"ListItem","position":1,"name":"Home","item":"https:\/\/www.paudimodel.com\/"},{"@type":"ListItem","position":2,"name":"Products","item":"https:\/\/www.paudimodel.com\/products\/"},{"@type":"ListItem","position":3,"name":"VW Volkswagen Tiguan L 2017 1\/18 Scale Diecast Model Car Wholesale"}]},{"@type":"WebSite","@id":"https:\/\/www.paudimodel.com\/#website","url":"https:\/\/www.paudimodel.com\/","name":"Paudi-Modell | Hochwertiges Druckgussmodell","description":"Kaufen Sie Druckgussmodelle von Top-Marken wie Dealer Edition, Paudi, Kyosho, Autoart und mehr. G\u00fcnstige Online-Preise. Superdetaillierte Modelle. Finden Sie Ihre Marke und Ihr Modell. Riesige Auswahl. Zufriedenheitsgarantie. Typen: Druckguss-Modellautos, Druckguss-Modell-LKWs.","publisher":{"@id":"https:\/\/www.paudimodel.com\/#organization"},"alternateName":"Scale model design, development and production","potentialAction":[{"@type":"SearchAction","target":{"@type":"EntryPoint","urlTemplate":"https:\/\/www.paudimodel.com\/?s={search_term_string}"},"query-input":{"@type":"PropertyValueSpecification","valueRequired":true,"valueName":"search_term_string"}}],"inLanguage":"de"},{"@type":"Organization","@id":"https:\/\/www.paudimodel.com\/#organization","name":"Guangzhou Paudi Model Technology Ltd.","url":"https:\/\/www.paudimodel.com\/","logo":{"@type":"ImageObject","inLanguage":"de","@id":"https:\/\/www.paudimodel.com\/#\/schema\/logo\/image\/","url":"https:\/\/www.paudimodel.com\/wp-content\/uploads\/2023\/02\/696x696.png","contentUrl":"https:\/\/www.paudimodel.com\/wp-content\/uploads\/2023\/02\/696x696.png","width":696,"height":696,"caption":"Guangzhou Paudi Model Technology Ltd."},"image":{"@id":"https:\/\/www.paudimodel.com\/#\/schema\/logo\/image\/"},"sameAs":["https:\/\/www.facebook\/paudimodel","https:\/\/x.com\/paudimodel"]}]}},"_links":{"self":[{"href":"https:\/\/www.paudimodel.com\/de\/wp-json\/wp\/v2\/product\/48258","targetHints":{"allow":["GET"]}}],"collection":[{"href":"https:\/\/www.paudimodel.com\/de\/wp-json\/wp\/v2\/product"}],"about":[{"href":"https:\/\/www.paudimodel.com\/de\/wp-json\/wp\/v2\/types\/product"}],"replies":[{"embeddable":true,"href":"https:\/\/www.paudimodel.com\/de\/wp-json\/wp\/v2\/comments?post=48258"}],"wp:featuredmedia":[{"embeddable":true,"href":"https:\/\/www.paudimodel.com\/de\/wp-json\/wp\/v2\/media\/48698"}],"wp:attachment":[{"href":"https:\/\/www.paudimodel.com\/de\/wp-json\/wp\/v2\/media?parent=48258"}],"wp:term":[{"taxonomy":"product_brand","embeddable":true,"href":"https:\/\/www.paudimodel.com\/de\/wp-json\/wp\/v2\/product_brand?post=48258"},{"taxonomy":"product_cat","embeddable":true,"href":"https:\/\/www.paudimodel.com\/de\/wp-json\/wp\/v2\/product_cat?post=48258"},{"taxonomy":"product_tag","embeddable":true,"href":"https:\/\/www.paudimodel.com\/de\/wp-json\/wp\/v2\/product_tag?post=48258"}],"curies":[{"name":"wp","href":"https:\/\/api.w.org\/{rel}","templated":true}]}}