{"id":48990,"date":"2017-05-16T11:44:00","date_gmt":"2017-05-16T03:44:00","guid":{"rendered":"http:\/\/www.paudimodel.com\/?post_type=product&#038;p=48990"},"modified":"2020-10-15T02:14:46","modified_gmt":"2020-10-15T02:14:46","slug":"volkswagenvw-magotan-2017-118-scale-diecast-model-car","status":"publish","type":"product","link":"https:\/\/www.paudimodel.com\/de\/produkt\/volkswagenvw-magotan-2017-118-scale-diecast-model-car\/","title":{"rendered":"Volkswagen\/VW Magotan 2017, Druckguss-Modellauto im Ma\u00dfstab 1:18"},"content":{"rendered":"<h2>Volkswagen\/VW Magotan 2017 1\/18 Ma\u00dfstab Diecast Modellauto Kurzbeschreibung:<\/h2>\n<p>Beim Entnehmen des Produkts sollten Sie sich an die Unterseite des Styropors stellen, die Karosserie des Fahrzeugs fest greifen und mit gleichm\u00e4\u00dfiger Kraft senkrecht nach oben das Modellauto entnehmen.<br \/>\n<span style=\"text-decoration: underline;\"><strong>Erw\u00e4rmen!<\/strong> Um die T\u00fcr des Modellautos zu \u00f6ffnen, verwenden Sie bitte den speziellen T\u00fcrschl\u00fcssel im Styropor und verwenden Sie einen Schnittwinkel von etwa 45 Grad, um die T\u00fcr zu \u00f6ffnen. Drehen Sie zum \u00d6ffnen der T\u00fcr nicht den R\u00fcckspiegel!<\/span><\/p>\n<p>1. Bei den Druckgussautos lassen sich sowohl die Vordert\u00fcr als auch die Hintert\u00fcr des Autos frei \u00f6ffnen, die Scharniere der Autot\u00fcr sind flexible Scharniere. Nachdem Sie die Autot\u00fcr ge\u00f6ffnet haben, k\u00f6nnen Sie das Innere des Cockpits sehen.<br \/>\n2. Das Modellauto verf\u00fcgt \u00fcber ein doppelwandiges Dachfenster, dessen innere Schicht verschiebbar ist und dessen \u00e4u\u00dfere Schicht sich um 15 Grad \u00f6ffnen l\u00e4sst.<br \/>\n3.Die vier R\u00e4der k\u00f6nnen sich hin und her bewegen und haben die Funktion von Sto\u00dfd\u00e4mpfern<br \/>\n4. Der Tankdeckel kann ge\u00f6ffnet werden<br \/>\n5. Der linke und rechte Seitenspiegel kann eingeklappt werden<br \/>\n6. Um die Frontabdeckung zu \u00f6ffnen, sollten Sie zuerst die untere Taste dr\u00fccken und sie dann mit dem T\u00fcrschl\u00fcssel \u00f6ffnen.<br \/>\n7. \u00d6ffnen Sie die vordere Abdeckung, um die innere Struktur des Motors deutlich zu sehen<br \/>\n8. Drehen Sie das Lenkrad kann fahren<br \/>\n9. vorne vorne kann sich hin und her bewegen<br \/>\n10. Die Endabdeckung kann ge\u00f6ffnet werden, um das Innere zu sehen.<\/p>\n<p>&nbsp;<\/p>\n<p><img loading=\"lazy\" decoding=\"async\" class=\"alignnone size-full wp-image-49025\" src=\"http:\/\/www.paudimodel.com\/wp-content\/uploads\/2017\/05\/Volkswagen-Magotan-2017-BK-4.jpg\" alt=\"\" width=\"990\" height=\"658\" srcset=\"https:\/\/www.paudimodel.com\/wp-content\/uploads\/2017\/05\/Volkswagen-Magotan-2017-BK-4.jpg 990w, https:\/\/www.paudimodel.com\/wp-content\/uploads\/2017\/05\/Volkswagen-Magotan-2017-BK-4-300x199.jpg 300w, https:\/\/www.paudimodel.com\/wp-content\/uploads\/2017\/05\/Volkswagen-Magotan-2017-BK-4-450x299.jpg 450w, https:\/\/www.paudimodel.com\/wp-content\/uploads\/2017\/05\/Volkswagen-Magotan-2017-BK-4-768x510.jpg 768w\" sizes=\"auto, (max-width: 990px) 100vw, 990px\" \/><\/p>\n<p><img loading=\"lazy\" decoding=\"async\" class=\"alignnone size-full wp-image-49027\" src=\"http:\/\/www.paudimodel.com\/wp-content\/uploads\/2017\/05\/Volkswagen-Magotan-2017-BK-5.jpg\" alt=\"\" width=\"990\" height=\"658\" srcset=\"https:\/\/www.paudimodel.com\/wp-content\/uploads\/2017\/05\/Volkswagen-Magotan-2017-BK-5.jpg 990w, https:\/\/www.paudimodel.com\/wp-content\/uploads\/2017\/05\/Volkswagen-Magotan-2017-BK-5-300x199.jpg 300w, https:\/\/www.paudimodel.com\/wp-content\/uploads\/2017\/05\/Volkswagen-Magotan-2017-BK-5-450x299.jpg 450w, https:\/\/www.paudimodel.com\/wp-content\/uploads\/2017\/05\/Volkswagen-Magotan-2017-BK-5-768x510.jpg 768w\" sizes=\"auto, (max-width: 990px) 100vw, 990px\" \/><\/p>\n<p><img loading=\"lazy\" decoding=\"async\" class=\"alignnone size-full wp-image-49029\" src=\"http:\/\/www.paudimodel.com\/wp-content\/uploads\/2017\/05\/Volkswagen-Magotan-2017-BK-6.jpg\" alt=\"\" width=\"990\" height=\"658\" srcset=\"https:\/\/www.paudimodel.com\/wp-content\/uploads\/2017\/05\/Volkswagen-Magotan-2017-BK-6.jpg 990w, https:\/\/www.paudimodel.com\/wp-content\/uploads\/2017\/05\/Volkswagen-Magotan-2017-BK-6-300x199.jpg 300w, https:\/\/www.paudimodel.com\/wp-content\/uploads\/2017\/05\/Volkswagen-Magotan-2017-BK-6-450x299.jpg 450w, https:\/\/www.paudimodel.com\/wp-content\/uploads\/2017\/05\/Volkswagen-Magotan-2017-BK-6-768x510.jpg 768w\" sizes=\"auto, (max-width: 990px) 100vw, 990px\" \/><\/p>\n<p><img loading=\"lazy\" decoding=\"async\" class=\"alignnone size-full wp-image-49021\" src=\"http:\/\/www.paudimodel.com\/wp-content\/uploads\/2017\/05\/Volkswagen-Magotan-2017-BK-2.jpg\" alt=\"\" width=\"990\" height=\"658\" srcset=\"https:\/\/www.paudimodel.com\/wp-content\/uploads\/2017\/05\/Volkswagen-Magotan-2017-BK-2.jpg 990w, https:\/\/www.paudimodel.com\/wp-content\/uploads\/2017\/05\/Volkswagen-Magotan-2017-BK-2-300x199.jpg 300w, https:\/\/www.paudimodel.com\/wp-content\/uploads\/2017\/05\/Volkswagen-Magotan-2017-BK-2-450x299.jpg 450w, https:\/\/www.paudimodel.com\/wp-content\/uploads\/2017\/05\/Volkswagen-Magotan-2017-BK-2-768x510.jpg 768w\" sizes=\"auto, (max-width: 990px) 100vw, 990px\" \/><\/p>\n<p><img loading=\"lazy\" decoding=\"async\" class=\"alignnone size-full wp-image-49023\" src=\"http:\/\/www.paudimodel.com\/wp-content\/uploads\/2017\/05\/Volkswagen-Magotan-2017-BK-3.jpg\" alt=\"\" width=\"990\" height=\"658\" srcset=\"https:\/\/www.paudimodel.com\/wp-content\/uploads\/2017\/05\/Volkswagen-Magotan-2017-BK-3.jpg 990w, https:\/\/www.paudimodel.com\/wp-content\/uploads\/2017\/05\/Volkswagen-Magotan-2017-BK-3-300x199.jpg 300w, https:\/\/www.paudimodel.com\/wp-content\/uploads\/2017\/05\/Volkswagen-Magotan-2017-BK-3-450x299.jpg 450w, https:\/\/www.paudimodel.com\/wp-content\/uploads\/2017\/05\/Volkswagen-Magotan-2017-BK-3-768x510.jpg 768w\" sizes=\"auto, (max-width: 990px) 100vw, 990px\" \/><\/p>\n<p><img loading=\"lazy\" decoding=\"async\" class=\"alignnone size-full wp-image-49031\" src=\"http:\/\/www.paudimodel.com\/wp-content\/uploads\/2017\/05\/Volkswagen-Magotan-2017-BK-7.jpg\" alt=\"\" width=\"990\" height=\"658\" srcset=\"https:\/\/www.paudimodel.com\/wp-content\/uploads\/2017\/05\/Volkswagen-Magotan-2017-BK-7.jpg 990w, https:\/\/www.paudimodel.com\/wp-content\/uploads\/2017\/05\/Volkswagen-Magotan-2017-BK-7-300x199.jpg 300w, https:\/\/www.paudimodel.com\/wp-content\/uploads\/2017\/05\/Volkswagen-Magotan-2017-BK-7-450x299.jpg 450w, https:\/\/www.paudimodel.com\/wp-content\/uploads\/2017\/05\/Volkswagen-Magotan-2017-BK-7-768x510.jpg 768w\" sizes=\"auto, (max-width: 990px) 100vw, 990px\" \/><\/p>\n<p><img loading=\"lazy\" decoding=\"async\" class=\"alignnone size-full wp-image-49037\" src=\"http:\/\/www.paudimodel.com\/wp-content\/uploads\/2017\/05\/Volkswagen-Magotan-2017-BK-10.jpg\" alt=\"\" width=\"990\" height=\"658\" srcset=\"https:\/\/www.paudimodel.com\/wp-content\/uploads\/2017\/05\/Volkswagen-Magotan-2017-BK-10.jpg 990w, https:\/\/www.paudimodel.com\/wp-content\/uploads\/2017\/05\/Volkswagen-Magotan-2017-BK-10-300x199.jpg 300w, https:\/\/www.paudimodel.com\/wp-content\/uploads\/2017\/05\/Volkswagen-Magotan-2017-BK-10-450x299.jpg 450w, https:\/\/www.paudimodel.com\/wp-content\/uploads\/2017\/05\/Volkswagen-Magotan-2017-BK-10-768x510.jpg 768w\" sizes=\"auto, (max-width: 990px) 100vw, 990px\" \/><\/p>\n<p><img loading=\"lazy\" decoding=\"async\" class=\"alignnone size-full wp-image-49033\" src=\"http:\/\/www.paudimodel.com\/wp-content\/uploads\/2017\/05\/Volkswagen-Magotan-2017-BK-8.jpg\" alt=\"\" width=\"990\" height=\"658\" srcset=\"https:\/\/www.paudimodel.com\/wp-content\/uploads\/2017\/05\/Volkswagen-Magotan-2017-BK-8.jpg 990w, https:\/\/www.paudimodel.com\/wp-content\/uploads\/2017\/05\/Volkswagen-Magotan-2017-BK-8-300x199.jpg 300w, https:\/\/www.paudimodel.com\/wp-content\/uploads\/2017\/05\/Volkswagen-Magotan-2017-BK-8-450x299.jpg 450w, https:\/\/www.paudimodel.com\/wp-content\/uploads\/2017\/05\/Volkswagen-Magotan-2017-BK-8-768x510.jpg 768w\" sizes=\"auto, (max-width: 990px) 100vw, 990px\" \/><\/p>\n<p><img loading=\"lazy\" decoding=\"async\" class=\"alignnone size-full wp-image-49035\" src=\"http:\/\/www.paudimodel.com\/wp-content\/uploads\/2017\/05\/Volkswagen-Magotan-2017-BK-9.jpg\" alt=\"\" width=\"990\" height=\"658\" srcset=\"https:\/\/www.paudimodel.com\/wp-content\/uploads\/2017\/05\/Volkswagen-Magotan-2017-BK-9.jpg 990w, https:\/\/www.paudimodel.com\/wp-content\/uploads\/2017\/05\/Volkswagen-Magotan-2017-BK-9-300x199.jpg 300w, https:\/\/www.paudimodel.com\/wp-content\/uploads\/2017\/05\/Volkswagen-Magotan-2017-BK-9-450x299.jpg 450w, https:\/\/www.paudimodel.com\/wp-content\/uploads\/2017\/05\/Volkswagen-Magotan-2017-BK-9-768x510.jpg 768w\" sizes=\"auto, (max-width: 990px) 100vw, 990px\" \/><\/p>\n<p><img loading=\"lazy\" decoding=\"async\" class=\"alignnone size-full wp-image-49039\" src=\"http:\/\/www.paudimodel.com\/wp-content\/uploads\/2017\/05\/Volkswagen-Magotan-2017-BK-11.jpg\" alt=\"\" width=\"990\" height=\"658\" srcset=\"https:\/\/www.paudimodel.com\/wp-content\/uploads\/2017\/05\/Volkswagen-Magotan-2017-BK-11.jpg 990w, https:\/\/www.paudimodel.com\/wp-content\/uploads\/2017\/05\/Volkswagen-Magotan-2017-BK-11-300x199.jpg 300w, https:\/\/www.paudimodel.com\/wp-content\/uploads\/2017\/05\/Volkswagen-Magotan-2017-BK-11-450x299.jpg 450w, https:\/\/www.paudimodel.com\/wp-content\/uploads\/2017\/05\/Volkswagen-Magotan-2017-BK-11-768x510.jpg 768w\" sizes=\"auto, (max-width: 990px) 100vw, 990px\" \/><\/p>","protected":false},"excerpt":{"rendered":"<p>Dieses 1\/18 Druckgussauto akzeptiert den Gro\u00dfhandel, wird zum Gro\u00dfhandel und kann sich beim Anmelden den Gro\u00dfhandelspreis ansehen<\/p>\n<p>Produktcode: 2390W, 2390BK<\/p>\n<p>Farbe: Wei\u00df, Schwarz<\/p>\n<p>Das Modellauto hat den Ma\u00dfstab 1:18 des Originalautos, das Material besteht aus Zinklegierungen + ABS + anderen Verbundwerkstoffen. Die Lackoberfl\u00e4che wird durch dreischichtige elektrostatische Spr\u00fchlackierung hergestellt, die Montageteile haben einen Wert von bis zu 150\u2013300 und sind mit Sammelwert die beste Wahl f\u00fcr Sammlerst\u00fccke und Geschenke.<\/p>","protected":false},"featured_media":49019,"comment_status":"open","ping_status":"closed","template":"","meta":[],"product_brand":[],"product_cat":[466,147],"product_tag":[195],"class_list":{"0":"post-48990","1":"product","2":"type-product","3":"status-publish","4":"has-post-thumbnail","6":"product_cat-1-18-scale","7":"product_cat-volkswagen","8":"product_tag-passat","9":"pa_color-blackcolor","10":"pa_color-silver","11":"pa_color-whitecolor","12":"pa_material-zinc-alloy-abs-variety-of-composite-materials","13":"pa_scale-34","15":"first","16":"instock","17":"taxable","18":"shipping-taxable","19":"purchasable","20":"product-type-variable","21":"has-default-attributes"},"yoast_head":"<!-- This site is optimized with the Yoast SEO Premium plugin v25.6 (Yoast SEO v26.7) - https:\/\/yoast.com\/wordpress\/plugins\/seo\/ -->\n<title>Volkswagen\/VW Magotan 2017 1\/18 Scale Diecast Model Car - Paudi Model | High Quality Diecast Model<\/title>\n<meta name=\"description\" content=\"1). The engine hood can be opened 2). The trunk can be opened. 3). Four doors can be opened 4). The louver can be opened 5). The rear mirror can be folded\" \/>\n<meta name=\"robots\" content=\"index, follow, max-snippet:-1, max-image-preview:large, max-video-preview:-1\" \/>\n<link rel=\"canonical\" href=\"https:\/\/www.paudimodel.com\/de\/produkt\/volkswagenvw-magotan-2017-118-scale-diecast-model-car\/\" \/>\n<meta property=\"og:locale\" content=\"de_DE\" \/>\n<meta property=\"og:type\" content=\"article\" \/>\n<meta property=\"og:title\" content=\"Volkswagen\/VW Magotan 2017 1\/18 Scale Diecast Model Car\" \/>\n<meta property=\"og:description\" content=\"1). The engine hood can be opened 2). The trunk can be opened. 3). Four doors can be opened 4). The louver can be opened 5). The rear mirror can be folded\" \/>\n<meta property=\"og:url\" content=\"https:\/\/www.paudimodel.com\/de\/produkt\/volkswagenvw-magotan-2017-118-scale-diecast-model-car\/\" \/>\n<meta property=\"og:site_name\" content=\"Paudi Model | High Quality Diecast Model\" \/>\n<meta property=\"article:publisher\" content=\"https:\/\/www.facebook\/paudimodel\" \/>\n<meta property=\"article:modified_time\" content=\"2020-10-15T02:14:46+00:00\" \/>\n<meta property=\"og:image\" content=\"https:\/\/www.paudimodel.com\/wp-content\/uploads\/2017\/05\/Volkswagen-Magotan-2017-BK-1.jpg\" \/>\n\t<meta property=\"og:image:width\" content=\"990\" \/>\n\t<meta property=\"og:image:height\" content=\"658\" \/>\n\t<meta property=\"og:image:type\" content=\"image\/jpeg\" \/>\n<meta name=\"twitter:card\" content=\"summary_large_image\" \/>\n<meta name=\"twitter:site\" content=\"@paudimodel\" \/>\n<meta name=\"twitter:label1\" content=\"Gesch\u00e4tzte Lesezeit\" \/>\n\t<meta name=\"twitter:data1\" content=\"1\u00a0Minute\" \/>\n<script type=\"application\/ld+json\" class=\"yoast-schema-graph\">{\"@context\":\"https:\/\/schema.org\",\"@graph\":[{\"@type\":\"WebPage\",\"@id\":\"https:\/\/www.paudimodel.com\/product\/volkswagenvw-magotan-2017-118-scale-diecast-model-car\/\",\"url\":\"https:\/\/www.paudimodel.com\/product\/volkswagenvw-magotan-2017-118-scale-diecast-model-car\/\",\"name\":\"Volkswagen\/VW Magotan 2017 1\/18 Scale Diecast Model Car - Paudi Model | High Quality Diecast Model\",\"isPartOf\":{\"@id\":\"https:\/\/www.paudimodel.com\/#website\"},\"primaryImageOfPage\":{\"@id\":\"https:\/\/www.paudimodel.com\/product\/volkswagenvw-magotan-2017-118-scale-diecast-model-car\/#primaryimage\"},\"image\":{\"@id\":\"https:\/\/www.paudimodel.com\/product\/volkswagenvw-magotan-2017-118-scale-diecast-model-car\/#primaryimage\"},\"thumbnailUrl\":\"https:\/\/www.paudimodel.com\/wp-content\/uploads\/2017\/05\/Volkswagen-Magotan-2017-BK-1.jpg\",\"datePublished\":\"2017-05-16T03:44:00+00:00\",\"dateModified\":\"2020-10-15T02:14:46+00:00\",\"description\":\"1). The engine hood can be opened 2). The trunk can be opened. 3). Four doors can be opened 4). The louver can be opened 5). The rear mirror can be folded\",\"breadcrumb\":{\"@id\":\"https:\/\/www.paudimodel.com\/product\/volkswagenvw-magotan-2017-118-scale-diecast-model-car\/#breadcrumb\"},\"inLanguage\":\"de\",\"potentialAction\":[{\"@type\":\"ReadAction\",\"target\":[\"https:\/\/www.paudimodel.com\/product\/volkswagenvw-magotan-2017-118-scale-diecast-model-car\/\"]}]},{\"@type\":\"ImageObject\",\"inLanguage\":\"de\",\"@id\":\"https:\/\/www.paudimodel.com\/product\/volkswagenvw-magotan-2017-118-scale-diecast-model-car\/#primaryimage\",\"url\":\"https:\/\/www.paudimodel.com\/wp-content\/uploads\/2017\/05\/Volkswagen-Magotan-2017-BK-1.jpg\",\"contentUrl\":\"https:\/\/www.paudimodel.com\/wp-content\/uploads\/2017\/05\/Volkswagen-Magotan-2017-BK-1.jpg\",\"width\":990,\"height\":658},{\"@type\":\"BreadcrumbList\",\"@id\":\"https:\/\/www.paudimodel.com\/product\/volkswagenvw-magotan-2017-118-scale-diecast-model-car\/#breadcrumb\",\"itemListElement\":[{\"@type\":\"ListItem\",\"position\":1,\"name\":\"Home\",\"item\":\"https:\/\/www.paudimodel.com\/\"},{\"@type\":\"ListItem\",\"position\":2,\"name\":\"Products\",\"item\":\"https:\/\/www.paudimodel.com\/products\/\"},{\"@type\":\"ListItem\",\"position\":3,\"name\":\"Volkswagen\/VW Magotan 2017 1\/18 Scale Diecast Model Car\"}]},{\"@type\":\"WebSite\",\"@id\":\"https:\/\/www.paudimodel.com\/#website\",\"url\":\"https:\/\/www.paudimodel.com\/\",\"name\":\"Paudi Model | High Quality Diecast Model\",\"description\":\"Shop For Diecast Models From Top-Rated Brands Like Dealer Edition, Paudi, Kyosho, Autoart &amp; More. Low Online Prices. Super-Detailed Models.Find Your Make &amp; Model.Huge Selection. Satisfaction Guaranteed. Types: Diecast Model Cars, Diecast Model Trucks.\",\"publisher\":{\"@id\":\"https:\/\/www.paudimodel.com\/#organization\"},\"alternateName\":\"Scale model design, development and production\",\"potentialAction\":[{\"@type\":\"SearchAction\",\"target\":{\"@type\":\"EntryPoint\",\"urlTemplate\":\"https:\/\/www.paudimodel.com\/?s={search_term_string}\"},\"query-input\":{\"@type\":\"PropertyValueSpecification\",\"valueRequired\":true,\"valueName\":\"search_term_string\"}}],\"inLanguage\":\"de\"},{\"@type\":\"Organization\",\"@id\":\"https:\/\/www.paudimodel.com\/#organization\",\"name\":\"Guangzhou Paudi Model Technology Ltd.\",\"url\":\"https:\/\/www.paudimodel.com\/\",\"logo\":{\"@type\":\"ImageObject\",\"inLanguage\":\"de\",\"@id\":\"https:\/\/www.paudimodel.com\/#\/schema\/logo\/image\/\",\"url\":\"https:\/\/www.paudimodel.com\/wp-content\/uploads\/2023\/02\/696x696.png\",\"contentUrl\":\"https:\/\/www.paudimodel.com\/wp-content\/uploads\/2023\/02\/696x696.png\",\"width\":696,\"height\":696,\"caption\":\"Guangzhou Paudi Model Technology Ltd.\"},\"image\":{\"@id\":\"https:\/\/www.paudimodel.com\/#\/schema\/logo\/image\/\"},\"sameAs\":[\"https:\/\/www.facebook\/paudimodel\",\"https:\/\/x.com\/paudimodel\"]}]}<\/script>\n<!-- \/ Yoast SEO Premium plugin. -->","yoast_head_json":{"title":"Volkswagen\/VW Magotan 2017 1\/18 Scale Diecast Model Car - Paudi Model | High Quality Diecast Model","description":"1) Die Motorhaube l\u00e4sst sich \u00f6ffnen. 2) Der Kofferraum l\u00e4sst sich \u00f6ffnen. 3) Alle vier T\u00fcren lassen sich \u00f6ffnen. 4) Die L\u00fcftungsschlitze lassen sich \u00f6ffnen. 5) Die Au\u00dfenspiegel lassen sich einklappen.","robots":{"index":"index","follow":"follow","max-snippet":"max-snippet:-1","max-image-preview":"max-image-preview:large","max-video-preview":"max-video-preview:-1"},"canonical":"https:\/\/www.paudimodel.com\/de\/produkt\/volkswagenvw-magotan-2017-118-scale-diecast-model-car\/","og_locale":"de_DE","og_type":"article","og_title":"Volkswagen\/VW Magotan 2017 1\/18 Scale Diecast Model Car","og_description":"1). The engine hood can be opened 2). The trunk can be opened. 3). Four doors can be opened 4). The louver can be opened 5). The rear mirror can be folded","og_url":"https:\/\/www.paudimodel.com\/de\/produkt\/volkswagenvw-magotan-2017-118-scale-diecast-model-car\/","og_site_name":"Paudi Model | High Quality Diecast Model","article_publisher":"https:\/\/www.facebook\/paudimodel","article_modified_time":"2020-10-15T02:14:46+00:00","og_image":[{"width":990,"height":658,"url":"https:\/\/www.paudimodel.com\/wp-content\/uploads\/2017\/05\/Volkswagen-Magotan-2017-BK-1.jpg","type":"image\/jpeg"}],"twitter_card":"summary_large_image","twitter_site":"@paudimodel","twitter_misc":{"Gesch\u00e4tzte Lesezeit":"1\u00a0Minute"},"schema":{"@context":"https:\/\/schema.org","@graph":[{"@type":"WebPage","@id":"https:\/\/www.paudimodel.com\/product\/volkswagenvw-magotan-2017-118-scale-diecast-model-car\/","url":"https:\/\/www.paudimodel.com\/product\/volkswagenvw-magotan-2017-118-scale-diecast-model-car\/","name":"Volkswagen\/VW Magotan 2017 1\/18 Scale Diecast Model Car - Paudi Model | High Quality Diecast Model","isPartOf":{"@id":"https:\/\/www.paudimodel.com\/#website"},"primaryImageOfPage":{"@id":"https:\/\/www.paudimodel.com\/product\/volkswagenvw-magotan-2017-118-scale-diecast-model-car\/#primaryimage"},"image":{"@id":"https:\/\/www.paudimodel.com\/product\/volkswagenvw-magotan-2017-118-scale-diecast-model-car\/#primaryimage"},"thumbnailUrl":"https:\/\/www.paudimodel.com\/wp-content\/uploads\/2017\/05\/Volkswagen-Magotan-2017-BK-1.jpg","datePublished":"2017-05-16T03:44:00+00:00","dateModified":"2020-10-15T02:14:46+00:00","description":"1) Die Motorhaube l\u00e4sst sich \u00f6ffnen. 2) Der Kofferraum l\u00e4sst sich \u00f6ffnen. 3) Alle vier T\u00fcren lassen sich \u00f6ffnen. 4) Die L\u00fcftungsschlitze lassen sich \u00f6ffnen. 5) Die Au\u00dfenspiegel lassen sich einklappen.","breadcrumb":{"@id":"https:\/\/www.paudimodel.com\/product\/volkswagenvw-magotan-2017-118-scale-diecast-model-car\/#breadcrumb"},"inLanguage":"de","potentialAction":[{"@type":"ReadAction","target":["https:\/\/www.paudimodel.com\/product\/volkswagenvw-magotan-2017-118-scale-diecast-model-car\/"]}]},{"@type":"ImageObject","inLanguage":"de","@id":"https:\/\/www.paudimodel.com\/product\/volkswagenvw-magotan-2017-118-scale-diecast-model-car\/#primaryimage","url":"https:\/\/www.paudimodel.com\/wp-content\/uploads\/2017\/05\/Volkswagen-Magotan-2017-BK-1.jpg","contentUrl":"https:\/\/www.paudimodel.com\/wp-content\/uploads\/2017\/05\/Volkswagen-Magotan-2017-BK-1.jpg","width":990,"height":658},{"@type":"BreadcrumbList","@id":"https:\/\/www.paudimodel.com\/product\/volkswagenvw-magotan-2017-118-scale-diecast-model-car\/#breadcrumb","itemListElement":[{"@type":"ListItem","position":1,"name":"Home","item":"https:\/\/www.paudimodel.com\/"},{"@type":"ListItem","position":2,"name":"Products","item":"https:\/\/www.paudimodel.com\/products\/"},{"@type":"ListItem","position":3,"name":"Volkswagen\/VW Magotan 2017 1\/18 Scale Diecast Model Car"}]},{"@type":"WebSite","@id":"https:\/\/www.paudimodel.com\/#website","url":"https:\/\/www.paudimodel.com\/","name":"Paudi-Modell | Hochwertiges Druckgussmodell","description":"Kaufen Sie Druckgussmodelle von Top-Marken wie Dealer Edition, Paudi, Kyosho, Autoart und mehr. G\u00fcnstige Online-Preise. Superdetaillierte Modelle. Finden Sie Ihre Marke und Ihr Modell. Riesige Auswahl. Zufriedenheitsgarantie. Typen: Druckguss-Modellautos, Druckguss-Modell-LKWs.","publisher":{"@id":"https:\/\/www.paudimodel.com\/#organization"},"alternateName":"Scale model design, development and production","potentialAction":[{"@type":"SearchAction","target":{"@type":"EntryPoint","urlTemplate":"https:\/\/www.paudimodel.com\/?s={search_term_string}"},"query-input":{"@type":"PropertyValueSpecification","valueRequired":true,"valueName":"search_term_string"}}],"inLanguage":"de"},{"@type":"Organization","@id":"https:\/\/www.paudimodel.com\/#organization","name":"Guangzhou Paudi Model Technology Ltd.","url":"https:\/\/www.paudimodel.com\/","logo":{"@type":"ImageObject","inLanguage":"de","@id":"https:\/\/www.paudimodel.com\/#\/schema\/logo\/image\/","url":"https:\/\/www.paudimodel.com\/wp-content\/uploads\/2023\/02\/696x696.png","contentUrl":"https:\/\/www.paudimodel.com\/wp-content\/uploads\/2023\/02\/696x696.png","width":696,"height":696,"caption":"Guangzhou Paudi Model Technology Ltd."},"image":{"@id":"https:\/\/www.paudimodel.com\/#\/schema\/logo\/image\/"},"sameAs":["https:\/\/www.facebook\/paudimodel","https:\/\/x.com\/paudimodel"]}]}},"_links":{"self":[{"href":"https:\/\/www.paudimodel.com\/de\/wp-json\/wp\/v2\/product\/48990","targetHints":{"allow":["GET"]}}],"collection":[{"href":"https:\/\/www.paudimodel.com\/de\/wp-json\/wp\/v2\/product"}],"about":[{"href":"https:\/\/www.paudimodel.com\/de\/wp-json\/wp\/v2\/types\/product"}],"replies":[{"embeddable":true,"href":"https:\/\/www.paudimodel.com\/de\/wp-json\/wp\/v2\/comments?post=48990"}],"wp:featuredmedia":[{"embeddable":true,"href":"https:\/\/www.paudimodel.com\/de\/wp-json\/wp\/v2\/media\/49019"}],"wp:attachment":[{"href":"https:\/\/www.paudimodel.com\/de\/wp-json\/wp\/v2\/media?parent=48990"}],"wp:term":[{"taxonomy":"product_brand","embeddable":true,"href":"https:\/\/www.paudimodel.com\/de\/wp-json\/wp\/v2\/product_brand?post=48990"},{"taxonomy":"product_cat","embeddable":true,"href":"https:\/\/www.paudimodel.com\/de\/wp-json\/wp\/v2\/product_cat?post=48990"},{"taxonomy":"product_tag","embeddable":true,"href":"https:\/\/www.paudimodel.com\/de\/wp-json\/wp\/v2\/product_tag?post=48990"}],"curies":[{"name":"wp","href":"https:\/\/api.w.org\/{rel}","templated":true}]}}