{"id":51791,"date":"2017-10-13T16:36:05","date_gmt":"2017-10-13T08:36:05","guid":{"rendered":"http:\/\/www.paudimodel.com?post_type=product&#038;p=51791"},"modified":"2019-11-20T08:28:24","modified_gmt":"2019-11-20T08:28:24","slug":"citroen-c3-xr-2014-118-scale-diecast-model-car","status":"publish","type":"product","link":"https:\/\/www.paudimodel.com\/de\/produkt\/citroen-c3-xr-2014-118-scale-diecast-model-car\/","title":{"rendered":"Citroen C3-XR 2014, Ma\u00dfstab 1:18, Diecast-Modellauto"},"content":{"rendered":"<h2>Citroen C3-XR 2014 1\/18 Ma\u00dfstab Diecast Modellauto Kurzbeschreibung:<\/h2>\n<p>Beim Entnehmen des Produkts sollten Sie sich an die Unterseite des Styropors stellen, die Karosserie des Fahrzeugs fest greifen und mit gleichm\u00e4\u00dfiger Kraft senkrecht nach oben das Modellauto entnehmen.<br \/>\n<span style=\"text-decoration: underline\"><strong>Erw\u00e4rmen!<\/strong> Um die T\u00fcr des Modellautos zu \u00f6ffnen, benutzen Sie bitte den speziellen T\u00fcrschl\u00fcssel aus dem Styropor. \u00d6ffnen Sie die T\u00fcr mit einem Schnittwinkel von etwa 15 Grad. Drehen Sie zum \u00d6ffnen der T\u00fcr nicht den R\u00fcckspiegel!<\/span><\/p>\n<p>1. Die Vorder- und Hintert\u00fcren des Druckgussautos lassen sich frei \u00f6ffnen, und auch die T\u00fcr im Cockpit kann ge\u00f6ffnet werden.<br \/>\n2. Schiebedach f\u00fcr Modellautos<br \/>\n3. Vier Runden k\u00f6nnen mit seismischer Funktion hin und her bewegt werden.<br \/>\n4. Die Motorhaube kann ge\u00f6ffnet werden, um die verschiedenen Teile der Motorkomponenten deutlich zu sehen.<br \/>\n5. Das drehbare Lenkrad kann vom Vorderrad angetrieben werden.<br \/>\n6. Der Vordersitz kann vor- und zur\u00fcckgeschoben werden.<br \/>\n7. Der Kofferraum l\u00e4sst sich \u00f6ffnen; durch \u00d6ffnen der T\u00fcr kann man den simulierten Teppich im Innenraum sehen.<\/p>\n<p><img loading=\"lazy\" decoding=\"async\" src=\"http:\/\/www.paudimodel.com\/wp-content\/uploads\/2017\/10\/Citroen-C3-XR-2014-W-2.jpg\" alt=\"\" width=\"800\" height=\"533\" class=\"alignnone size-full wp-image-51796\" srcset=\"https:\/\/www.paudimodel.com\/wp-content\/uploads\/2017\/10\/Citroen-C3-XR-2014-W-2.jpg 800w, https:\/\/www.paudimodel.com\/wp-content\/uploads\/2017\/10\/Citroen-C3-XR-2014-W-2-300x200.jpg 300w, https:\/\/www.paudimodel.com\/wp-content\/uploads\/2017\/10\/Citroen-C3-XR-2014-W-2-450x300.jpg 450w, https:\/\/www.paudimodel.com\/wp-content\/uploads\/2017\/10\/Citroen-C3-XR-2014-W-2-768x512.jpg 768w\" sizes=\"auto, (max-width: 800px) 100vw, 800px\" \/><\/p>\n<p><img loading=\"lazy\" decoding=\"async\" src=\"http:\/\/www.paudimodel.com\/wp-content\/uploads\/2017\/10\/Citroen-C3-XR-2014-W-3.jpg\" alt=\"\" width=\"800\" height=\"533\" class=\"alignnone size-full wp-image-51799\" srcset=\"https:\/\/www.paudimodel.com\/wp-content\/uploads\/2017\/10\/Citroen-C3-XR-2014-W-3.jpg 800w, https:\/\/www.paudimodel.com\/wp-content\/uploads\/2017\/10\/Citroen-C3-XR-2014-W-3-300x200.jpg 300w, https:\/\/www.paudimodel.com\/wp-content\/uploads\/2017\/10\/Citroen-C3-XR-2014-W-3-450x300.jpg 450w, https:\/\/www.paudimodel.com\/wp-content\/uploads\/2017\/10\/Citroen-C3-XR-2014-W-3-768x512.jpg 768w\" sizes=\"auto, (max-width: 800px) 100vw, 800px\" \/><\/p>\n<p><img loading=\"lazy\" decoding=\"async\" src=\"http:\/\/www.paudimodel.com\/wp-content\/uploads\/2017\/10\/Citroen-C3-XR-2014-W-4.jpg\" alt=\"\" width=\"800\" height=\"533\" class=\"alignnone size-full wp-image-51802\" srcset=\"https:\/\/www.paudimodel.com\/wp-content\/uploads\/2017\/10\/Citroen-C3-XR-2014-W-4.jpg 800w, https:\/\/www.paudimodel.com\/wp-content\/uploads\/2017\/10\/Citroen-C3-XR-2014-W-4-300x200.jpg 300w, https:\/\/www.paudimodel.com\/wp-content\/uploads\/2017\/10\/Citroen-C3-XR-2014-W-4-450x300.jpg 450w, https:\/\/www.paudimodel.com\/wp-content\/uploads\/2017\/10\/Citroen-C3-XR-2014-W-4-768x512.jpg 768w\" sizes=\"auto, (max-width: 800px) 100vw, 800px\" \/><\/p>\n<p><img loading=\"lazy\" decoding=\"async\" src=\"http:\/\/www.paudimodel.com\/wp-content\/uploads\/2017\/10\/Citroen-C3-XR-2014-W-5.jpg\" alt=\"\" width=\"800\" height=\"533\" class=\"alignnone size-full wp-image-51805\" srcset=\"https:\/\/www.paudimodel.com\/wp-content\/uploads\/2017\/10\/Citroen-C3-XR-2014-W-5.jpg 800w, https:\/\/www.paudimodel.com\/wp-content\/uploads\/2017\/10\/Citroen-C3-XR-2014-W-5-300x200.jpg 300w, https:\/\/www.paudimodel.com\/wp-content\/uploads\/2017\/10\/Citroen-C3-XR-2014-W-5-450x300.jpg 450w, https:\/\/www.paudimodel.com\/wp-content\/uploads\/2017\/10\/Citroen-C3-XR-2014-W-5-768x512.jpg 768w\" sizes=\"auto, (max-width: 800px) 100vw, 800px\" \/><\/p>\n<p><img loading=\"lazy\" decoding=\"async\" src=\"http:\/\/www.paudimodel.com\/wp-content\/uploads\/2017\/10\/Citroen-C3-XR-2014-W-6.jpg\" alt=\"\" width=\"800\" height=\"533\" class=\"alignnone size-full wp-image-51808\" srcset=\"https:\/\/www.paudimodel.com\/wp-content\/uploads\/2017\/10\/Citroen-C3-XR-2014-W-6.jpg 800w, https:\/\/www.paudimodel.com\/wp-content\/uploads\/2017\/10\/Citroen-C3-XR-2014-W-6-300x200.jpg 300w, https:\/\/www.paudimodel.com\/wp-content\/uploads\/2017\/10\/Citroen-C3-XR-2014-W-6-450x300.jpg 450w, https:\/\/www.paudimodel.com\/wp-content\/uploads\/2017\/10\/Citroen-C3-XR-2014-W-6-768x512.jpg 768w\" sizes=\"auto, (max-width: 800px) 100vw, 800px\" \/><\/p>\n<p><img loading=\"lazy\" decoding=\"async\" src=\"http:\/\/www.paudimodel.com\/wp-content\/uploads\/2017\/10\/Citroen-C3-XR-2014-W-7.jpg\" alt=\"\" width=\"800\" height=\"533\" class=\"alignnone size-full wp-image-51811\" srcset=\"https:\/\/www.paudimodel.com\/wp-content\/uploads\/2017\/10\/Citroen-C3-XR-2014-W-7.jpg 800w, https:\/\/www.paudimodel.com\/wp-content\/uploads\/2017\/10\/Citroen-C3-XR-2014-W-7-300x200.jpg 300w, https:\/\/www.paudimodel.com\/wp-content\/uploads\/2017\/10\/Citroen-C3-XR-2014-W-7-450x300.jpg 450w, https:\/\/www.paudimodel.com\/wp-content\/uploads\/2017\/10\/Citroen-C3-XR-2014-W-7-768x512.jpg 768w\" sizes=\"auto, (max-width: 800px) 100vw, 800px\" \/><\/p>\n<p><img loading=\"lazy\" decoding=\"async\" src=\"http:\/\/www.paudimodel.com\/wp-content\/uploads\/2017\/10\/Citroen-C3-XR-2014-W-8.jpg\" alt=\"\" width=\"800\" height=\"533\" class=\"alignnone size-full wp-image-51814\" srcset=\"https:\/\/www.paudimodel.com\/wp-content\/uploads\/2017\/10\/Citroen-C3-XR-2014-W-8.jpg 800w, https:\/\/www.paudimodel.com\/wp-content\/uploads\/2017\/10\/Citroen-C3-XR-2014-W-8-300x200.jpg 300w, https:\/\/www.paudimodel.com\/wp-content\/uploads\/2017\/10\/Citroen-C3-XR-2014-W-8-450x300.jpg 450w, https:\/\/www.paudimodel.com\/wp-content\/uploads\/2017\/10\/Citroen-C3-XR-2014-W-8-768x512.jpg 768w\" sizes=\"auto, (max-width: 800px) 100vw, 800px\" \/><\/p>","protected":false},"excerpt":{"rendered":"<p>Dieses 1\/18 Druckgussauto akzeptiert den Gro\u00dfhandel, wird zum Gro\u00dfhandel und kann sich beim Anmelden den Gro\u00dfhandelspreis ansehen<\/p>\n<p>Artikel-Nr.:\u00a0<\/p>\n<p>Farbe: Wei\u00df <\/p>\n<p>Das Modellauto hat den Ma\u00dfstab 1:18 des Originalautos, das Material besteht aus Zinklegierungen + ABS + anderen Verbundwerkstoffen. Die Lackoberfl\u00e4che wird durch dreischichtige elektrostatische Spr\u00fchlackierung hergestellt, die Montageteile haben einen Wert von bis zu 150\u2013300 und sind mit Sammelwert die beste Wahl f\u00fcr Sammlerst\u00fccke und Geschenke.<\/p>","protected":false},"featured_media":51793,"comment_status":"closed","ping_status":"closed","template":"","meta":[],"product_brand":[],"product_cat":[466,825],"product_tag":[828,827,826,50,63,133,59],"class_list":{"0":"post-51791","1":"product","2":"type-product","3":"status-publish","4":"has-post-thumbnail","6":"product_cat-1-18-scale","7":"product_cat-citroen","8":"product_tag-c3-xr","9":"product_tag-citroen","10":"product_tag-citroen-c3-xr","11":"product_tag-diecast-model-car","12":"product_tag-hobby-model-car","13":"product_tag-paudimodel","14":"product_tag-scale-model-car","15":"pa_color-pearl-white","17":"first","18":"outofstock","19":"taxable","20":"shipping-taxable","21":"purchasable","22":"product-type-variable"},"yoast_head":"<!-- This site is optimized with the Yoast SEO Premium plugin v25.6 (Yoast SEO v26.7) - https:\/\/yoast.com\/wordpress\/plugins\/seo\/ -->\n<title>Citroen C3-XR 2014 1\/18 Scale Diecast Model Car - Paudi Model | High Quality Diecast Model<\/title>\n<meta name=\"description\" content=\"1). The engine hood can be opened 2). The trunk can be opened. 3). Four doors can be opened 4). The louver can be opened 5). The rear mirror can be folded\" \/>\n<meta name=\"robots\" content=\"index, follow, max-snippet:-1, max-image-preview:large, max-video-preview:-1\" \/>\n<link rel=\"canonical\" href=\"https:\/\/www.paudimodel.com\/de\/produkt\/citroen-c3-xr-2014-118-scale-diecast-model-car\/\" \/>\n<meta property=\"og:locale\" content=\"de_DE\" \/>\n<meta property=\"og:type\" content=\"article\" \/>\n<meta property=\"og:title\" content=\"Citroen C3-XR 2014 1\/18 Scale Diecast Model Car\" \/>\n<meta property=\"og:description\" content=\"1). The engine hood can be opened 2). The trunk can be opened. 3). Four doors can be opened 4). The louver can be opened 5). The rear mirror can be folded\" \/>\n<meta property=\"og:url\" content=\"https:\/\/www.paudimodel.com\/de\/produkt\/citroen-c3-xr-2014-118-scale-diecast-model-car\/\" \/>\n<meta property=\"og:site_name\" content=\"Paudi Model | High Quality Diecast Model\" \/>\n<meta property=\"article:publisher\" content=\"https:\/\/www.facebook\/paudimodel\" \/>\n<meta property=\"article:modified_time\" content=\"2019-11-20T08:28:24+00:00\" \/>\n<meta property=\"og:image\" content=\"https:\/\/www.paudimodel.com\/wp-content\/uploads\/2017\/10\/Citroen-C3-XR-2014-W-1.jpg\" \/>\n\t<meta property=\"og:image:width\" content=\"800\" \/>\n\t<meta property=\"og:image:height\" content=\"533\" \/>\n\t<meta property=\"og:image:type\" content=\"image\/jpeg\" \/>\n<meta name=\"twitter:card\" content=\"summary_large_image\" \/>\n<meta name=\"twitter:site\" content=\"@paudimodel\" \/>\n<meta name=\"twitter:label1\" content=\"Gesch\u00e4tzte Lesezeit\" \/>\n\t<meta name=\"twitter:data1\" content=\"1\u00a0Minute\" \/>\n<script type=\"application\/ld+json\" class=\"yoast-schema-graph\">{\"@context\":\"https:\/\/schema.org\",\"@graph\":[{\"@type\":\"WebPage\",\"@id\":\"https:\/\/www.paudimodel.com\/product\/citroen-c3-xr-2014-118-scale-diecast-model-car\/\",\"url\":\"https:\/\/www.paudimodel.com\/product\/citroen-c3-xr-2014-118-scale-diecast-model-car\/\",\"name\":\"Citroen C3-XR 2014 1\/18 Scale Diecast Model Car - Paudi Model | High Quality Diecast Model\",\"isPartOf\":{\"@id\":\"https:\/\/www.paudimodel.com\/#website\"},\"primaryImageOfPage\":{\"@id\":\"https:\/\/www.paudimodel.com\/product\/citroen-c3-xr-2014-118-scale-diecast-model-car\/#primaryimage\"},\"image\":{\"@id\":\"https:\/\/www.paudimodel.com\/product\/citroen-c3-xr-2014-118-scale-diecast-model-car\/#primaryimage\"},\"thumbnailUrl\":\"https:\/\/www.paudimodel.com\/wp-content\/uploads\/2017\/10\/Citroen-C3-XR-2014-W-1.jpg\",\"datePublished\":\"2017-10-13T08:36:05+00:00\",\"dateModified\":\"2019-11-20T08:28:24+00:00\",\"description\":\"1). The engine hood can be opened 2). The trunk can be opened. 3). Four doors can be opened 4). The louver can be opened 5). The rear mirror can be folded\",\"breadcrumb\":{\"@id\":\"https:\/\/www.paudimodel.com\/product\/citroen-c3-xr-2014-118-scale-diecast-model-car\/#breadcrumb\"},\"inLanguage\":\"de\",\"potentialAction\":[{\"@type\":\"ReadAction\",\"target\":[\"https:\/\/www.paudimodel.com\/product\/citroen-c3-xr-2014-118-scale-diecast-model-car\/\"]}]},{\"@type\":\"ImageObject\",\"inLanguage\":\"de\",\"@id\":\"https:\/\/www.paudimodel.com\/product\/citroen-c3-xr-2014-118-scale-diecast-model-car\/#primaryimage\",\"url\":\"https:\/\/www.paudimodel.com\/wp-content\/uploads\/2017\/10\/Citroen-C3-XR-2014-W-1.jpg\",\"contentUrl\":\"https:\/\/www.paudimodel.com\/wp-content\/uploads\/2017\/10\/Citroen-C3-XR-2014-W-1.jpg\",\"width\":800,\"height\":533},{\"@type\":\"BreadcrumbList\",\"@id\":\"https:\/\/www.paudimodel.com\/product\/citroen-c3-xr-2014-118-scale-diecast-model-car\/#breadcrumb\",\"itemListElement\":[{\"@type\":\"ListItem\",\"position\":1,\"name\":\"Home\",\"item\":\"https:\/\/www.paudimodel.com\/\"},{\"@type\":\"ListItem\",\"position\":2,\"name\":\"Products\",\"item\":\"https:\/\/www.paudimodel.com\/products\/\"},{\"@type\":\"ListItem\",\"position\":3,\"name\":\"Citroen C3-XR 2014 1\/18 Scale Diecast Model Car\"}]},{\"@type\":\"WebSite\",\"@id\":\"https:\/\/www.paudimodel.com\/#website\",\"url\":\"https:\/\/www.paudimodel.com\/\",\"name\":\"Paudi Model | High Quality Diecast Model\",\"description\":\"Shop For Diecast Models From Top-Rated Brands Like Dealer Edition, Paudi, Kyosho, Autoart &amp; More. Low Online Prices. Super-Detailed Models.Find Your Make &amp; Model.Huge Selection. Satisfaction Guaranteed. Types: Diecast Model Cars, Diecast Model Trucks.\",\"publisher\":{\"@id\":\"https:\/\/www.paudimodel.com\/#organization\"},\"alternateName\":\"Scale model design, development and production\",\"potentialAction\":[{\"@type\":\"SearchAction\",\"target\":{\"@type\":\"EntryPoint\",\"urlTemplate\":\"https:\/\/www.paudimodel.com\/?s={search_term_string}\"},\"query-input\":{\"@type\":\"PropertyValueSpecification\",\"valueRequired\":true,\"valueName\":\"search_term_string\"}}],\"inLanguage\":\"de\"},{\"@type\":\"Organization\",\"@id\":\"https:\/\/www.paudimodel.com\/#organization\",\"name\":\"Guangzhou Paudi Model Technology Ltd.\",\"url\":\"https:\/\/www.paudimodel.com\/\",\"logo\":{\"@type\":\"ImageObject\",\"inLanguage\":\"de\",\"@id\":\"https:\/\/www.paudimodel.com\/#\/schema\/logo\/image\/\",\"url\":\"https:\/\/www.paudimodel.com\/wp-content\/uploads\/2023\/02\/696x696.png\",\"contentUrl\":\"https:\/\/www.paudimodel.com\/wp-content\/uploads\/2023\/02\/696x696.png\",\"width\":696,\"height\":696,\"caption\":\"Guangzhou Paudi Model Technology Ltd.\"},\"image\":{\"@id\":\"https:\/\/www.paudimodel.com\/#\/schema\/logo\/image\/\"},\"sameAs\":[\"https:\/\/www.facebook\/paudimodel\",\"https:\/\/x.com\/paudimodel\"]}]}<\/script>\n<!-- \/ Yoast SEO Premium plugin. -->","yoast_head_json":{"title":"Citro\u00ebn C3-XR 2014, Ma\u00dfstab 1:18, Diecast-Modellauto \u2013 Paudi Model | Hochwertiges Diecast-Modell","description":"1) Die Motorhaube l\u00e4sst sich \u00f6ffnen. 2) Der Kofferraum l\u00e4sst sich \u00f6ffnen. 3) Alle vier T\u00fcren lassen sich \u00f6ffnen. 4) Die L\u00fcftungsschlitze lassen sich \u00f6ffnen. 5) Die Au\u00dfenspiegel lassen sich einklappen.","robots":{"index":"index","follow":"follow","max-snippet":"max-snippet:-1","max-image-preview":"max-image-preview:large","max-video-preview":"max-video-preview:-1"},"canonical":"https:\/\/www.paudimodel.com\/de\/produkt\/citroen-c3-xr-2014-118-scale-diecast-model-car\/","og_locale":"de_DE","og_type":"article","og_title":"Citroen C3-XR 2014 1\/18 Scale Diecast Model Car","og_description":"1). The engine hood can be opened 2). The trunk can be opened. 3). Four doors can be opened 4). The louver can be opened 5). The rear mirror can be folded","og_url":"https:\/\/www.paudimodel.com\/de\/produkt\/citroen-c3-xr-2014-118-scale-diecast-model-car\/","og_site_name":"Paudi Model | High Quality Diecast Model","article_publisher":"https:\/\/www.facebook\/paudimodel","article_modified_time":"2019-11-20T08:28:24+00:00","og_image":[{"width":800,"height":533,"url":"https:\/\/www.paudimodel.com\/wp-content\/uploads\/2017\/10\/Citroen-C3-XR-2014-W-1.jpg","type":"image\/jpeg"}],"twitter_card":"summary_large_image","twitter_site":"@paudimodel","twitter_misc":{"Gesch\u00e4tzte Lesezeit":"1\u00a0Minute"},"schema":{"@context":"https:\/\/schema.org","@graph":[{"@type":"WebPage","@id":"https:\/\/www.paudimodel.com\/product\/citroen-c3-xr-2014-118-scale-diecast-model-car\/","url":"https:\/\/www.paudimodel.com\/product\/citroen-c3-xr-2014-118-scale-diecast-model-car\/","name":"Citro\u00ebn C3-XR 2014, Ma\u00dfstab 1:18, Diecast-Modellauto \u2013 Paudi Model | Hochwertiges Diecast-Modell","isPartOf":{"@id":"https:\/\/www.paudimodel.com\/#website"},"primaryImageOfPage":{"@id":"https:\/\/www.paudimodel.com\/product\/citroen-c3-xr-2014-118-scale-diecast-model-car\/#primaryimage"},"image":{"@id":"https:\/\/www.paudimodel.com\/product\/citroen-c3-xr-2014-118-scale-diecast-model-car\/#primaryimage"},"thumbnailUrl":"https:\/\/www.paudimodel.com\/wp-content\/uploads\/2017\/10\/Citroen-C3-XR-2014-W-1.jpg","datePublished":"2017-10-13T08:36:05+00:00","dateModified":"2019-11-20T08:28:24+00:00","description":"1) Die Motorhaube l\u00e4sst sich \u00f6ffnen. 2) Der Kofferraum l\u00e4sst sich \u00f6ffnen. 3) Alle vier T\u00fcren lassen sich \u00f6ffnen. 4) Die L\u00fcftungsschlitze lassen sich \u00f6ffnen. 5) Die Au\u00dfenspiegel lassen sich einklappen.","breadcrumb":{"@id":"https:\/\/www.paudimodel.com\/product\/citroen-c3-xr-2014-118-scale-diecast-model-car\/#breadcrumb"},"inLanguage":"de","potentialAction":[{"@type":"ReadAction","target":["https:\/\/www.paudimodel.com\/product\/citroen-c3-xr-2014-118-scale-diecast-model-car\/"]}]},{"@type":"ImageObject","inLanguage":"de","@id":"https:\/\/www.paudimodel.com\/product\/citroen-c3-xr-2014-118-scale-diecast-model-car\/#primaryimage","url":"https:\/\/www.paudimodel.com\/wp-content\/uploads\/2017\/10\/Citroen-C3-XR-2014-W-1.jpg","contentUrl":"https:\/\/www.paudimodel.com\/wp-content\/uploads\/2017\/10\/Citroen-C3-XR-2014-W-1.jpg","width":800,"height":533},{"@type":"BreadcrumbList","@id":"https:\/\/www.paudimodel.com\/product\/citroen-c3-xr-2014-118-scale-diecast-model-car\/#breadcrumb","itemListElement":[{"@type":"ListItem","position":1,"name":"Home","item":"https:\/\/www.paudimodel.com\/"},{"@type":"ListItem","position":2,"name":"Products","item":"https:\/\/www.paudimodel.com\/products\/"},{"@type":"ListItem","position":3,"name":"Citroen C3-XR 2014 1\/18 Scale Diecast Model Car"}]},{"@type":"WebSite","@id":"https:\/\/www.paudimodel.com\/#website","url":"https:\/\/www.paudimodel.com\/","name":"Paudi-Modell | Hochwertiges Druckgussmodell","description":"Kaufen Sie Druckgussmodelle von Top-Marken wie Dealer Edition, Paudi, Kyosho, Autoart und mehr. G\u00fcnstige Online-Preise. Superdetaillierte Modelle. Finden Sie Ihre Marke und Ihr Modell. Riesige Auswahl. Zufriedenheitsgarantie. Typen: Druckguss-Modellautos, Druckguss-Modell-LKWs.","publisher":{"@id":"https:\/\/www.paudimodel.com\/#organization"},"alternateName":"Scale model design, development and production","potentialAction":[{"@type":"SearchAction","target":{"@type":"EntryPoint","urlTemplate":"https:\/\/www.paudimodel.com\/?s={search_term_string}"},"query-input":{"@type":"PropertyValueSpecification","valueRequired":true,"valueName":"search_term_string"}}],"inLanguage":"de"},{"@type":"Organization","@id":"https:\/\/www.paudimodel.com\/#organization","name":"Guangzhou Paudi Model Technology Ltd.","url":"https:\/\/www.paudimodel.com\/","logo":{"@type":"ImageObject","inLanguage":"de","@id":"https:\/\/www.paudimodel.com\/#\/schema\/logo\/image\/","url":"https:\/\/www.paudimodel.com\/wp-content\/uploads\/2023\/02\/696x696.png","contentUrl":"https:\/\/www.paudimodel.com\/wp-content\/uploads\/2023\/02\/696x696.png","width":696,"height":696,"caption":"Guangzhou Paudi Model Technology Ltd."},"image":{"@id":"https:\/\/www.paudimodel.com\/#\/schema\/logo\/image\/"},"sameAs":["https:\/\/www.facebook\/paudimodel","https:\/\/x.com\/paudimodel"]}]}},"_links":{"self":[{"href":"https:\/\/www.paudimodel.com\/de\/wp-json\/wp\/v2\/product\/51791","targetHints":{"allow":["GET"]}}],"collection":[{"href":"https:\/\/www.paudimodel.com\/de\/wp-json\/wp\/v2\/product"}],"about":[{"href":"https:\/\/www.paudimodel.com\/de\/wp-json\/wp\/v2\/types\/product"}],"replies":[{"embeddable":true,"href":"https:\/\/www.paudimodel.com\/de\/wp-json\/wp\/v2\/comments?post=51791"}],"wp:featuredmedia":[{"embeddable":true,"href":"https:\/\/www.paudimodel.com\/de\/wp-json\/wp\/v2\/media\/51793"}],"wp:attachment":[{"href":"https:\/\/www.paudimodel.com\/de\/wp-json\/wp\/v2\/media?parent=51791"}],"wp:term":[{"taxonomy":"product_brand","embeddable":true,"href":"https:\/\/www.paudimodel.com\/de\/wp-json\/wp\/v2\/product_brand?post=51791"},{"taxonomy":"product_cat","embeddable":true,"href":"https:\/\/www.paudimodel.com\/de\/wp-json\/wp\/v2\/product_cat?post=51791"},{"taxonomy":"product_tag","embeddable":true,"href":"https:\/\/www.paudimodel.com\/de\/wp-json\/wp\/v2\/product_tag?post=51791"}],"curies":[{"name":"wp","href":"https:\/\/api.w.org\/{rel}","templated":true}]}}