{"id":52591,"date":"2017-11-10T15:16:47","date_gmt":"2017-11-10T15:16:47","guid":{"rendered":"http:\/\/www.paudimodel.com?post_type=product&#038;p=52591"},"modified":"2021-10-22T08:05:49","modified_gmt":"2021-10-22T08:05:49","slug":"mazda-6-2009-red-118-scale-diecast-model-car","status":"publish","type":"product","link":"https:\/\/www.paudimodel.com\/de\/produkt\/mazda-6-2009-red-118-scale-diecast-model-car\/","title":{"rendered":"Mazda 6 2009 Rot, Ma\u00dfstab 1:18, Diecast-Modellauto"},"content":{"rendered":"<h2>Mazda 6 2009 Rot 1\/18 Ma\u00dfstab Diecast Modellauto Kurzbeschreibung:<\/h2>\n<p>Beim Entnehmen des Produkts sollten Sie sich an die Unterseite des Styropors stellen, die Karosserie des Fahrzeugs fest greifen und mit gleichm\u00e4\u00dfiger Kraft senkrecht nach oben das Modellauto entnehmen.<br \/>\n<span style=\"text-decoration: underline\"><strong>Erw\u00e4rmen!<\/strong>\u00a0Um die T\u00fcr des Modellautos zu \u00f6ffnen, verwenden Sie bitte den speziellen T\u00fcrschl\u00fcssel im Styropor und verwenden Sie einen Schnittwinkel von etwa 45 Grad, um die T\u00fcr zu \u00f6ffnen. Drehen Sie zum \u00d6ffnen der T\u00fcr nicht den R\u00fcckspiegel!<\/span><\/p>\n<p>1. Bei den Druckgussautos lassen sich sowohl die Vordert\u00fcr als auch die Hintert\u00fcr des Autos frei \u00f6ffnen, die Scharniere der Autot\u00fcr sind flexible Scharniere. Nachdem Sie die Autot\u00fcr ge\u00f6ffnet haben, k\u00f6nnen Sie das Innere des Cockpits sehen.<br \/>\n2. Doppellagiges Oberlicht, die innere Schicht ist verschiebbar.<br \/>\n3.Die vier R\u00e4der k\u00f6nnen sich hin und her bewegen und haben die Funktion von Sto\u00dfd\u00e4mpfern<br \/>\n4. Um die Frontabdeckung zu \u00f6ffnen, dr\u00fccken Sie zuerst den unteren Knopf und \u00f6ffnen Sie sie dann mit dem T\u00fcrschl\u00fcssel.<br \/>\n5. Durch \u00d6ffnen der vorderen Abdeckung kann man die innere Struktur des Motors deutlich erkennen.<br \/>\n6. Drehen Sie das Lenkrad, um fahren zu k\u00f6nnen.<br \/>\n7. Die Vorderseite kann sich vor- und zur\u00fcckbewegen.<br \/>\n8. Die Endabdeckung kann ge\u00f6ffnet werden, sodass man ins Innere sehen kann.<\/p>","protected":false},"excerpt":{"rendered":"<p>Gro\u00dfhandel mit Mazda 6 2009 Modellautos im Ma\u00dfstab 1:18 (Diecast-Modellauto)<\/p>\n<p>Produktcode: 2215R,2215BL<\/p>\n<p>Farbe: Rot, Blau<\/p>\n<p>Dieses Produkt basiert auf dem Mazda Cherokee-Modell und wurde verkleinert produziert. Das Modellauto im Ma\u00dfstab 1:18 ist ein hochwertiges Diecast-Modell aus der Mazda-Modellauto-Serie. Es besteht aus einer Zinklegierung und enth\u00e4lt Hunderte von Teilen. Mit seinem Sammlerwert ist es die beste Wahl f\u00fcr Sammler und als Geschenk.<\/p>","protected":false},"featured_media":52595,"comment_status":"closed","ping_status":"closed","template":"","meta":[],"product_brand":[],"product_cat":[122],"product_tag":[50,63,513,837,836,59],"class_list":{"0":"post-52591","1":"product","2":"type-product","3":"status-publish","4":"has-post-thumbnail","6":"product_cat-mazda","7":"product_tag-diecast-model-car","8":"product_tag-hobby-model-car","9":"product_tag-mazda","10":"product_tag-mazda-6","11":"product_tag-mazda-6-2009","12":"product_tag-scale-model-car","13":"pa_color-bluecolor","14":"pa_color-redcolor","15":"pa_material-zinc-alloy-abs-variety-of-composite-materials","16":"pa_scale-34","18":"first","19":"outofstock","20":"taxable","21":"shipping-taxable","22":"purchasable","23":"product-type-variable","24":"has-default-attributes"},"yoast_head":"<!-- This site is optimized with the Yoast SEO Premium plugin v25.6 (Yoast SEO v26.7) - https:\/\/yoast.com\/wordpress\/plugins\/seo\/ -->\n<title>Mazda 6 2009 Red 1\/18 Scale Diecast Model Car - Paudi Model | High Quality Diecast Model<\/title>\n<meta name=\"robots\" content=\"index, follow, max-snippet:-1, max-image-preview:large, max-video-preview:-1\" \/>\n<link rel=\"canonical\" href=\"https:\/\/www.paudimodel.com\/de\/produkt\/mazda-6-2009-red-118-scale-diecast-model-car\/\" \/>\n<meta property=\"og:locale\" content=\"de_DE\" \/>\n<meta property=\"og:type\" content=\"article\" \/>\n<meta property=\"og:title\" content=\"Mazda 6 2009 Red 1\/18 Scale Diecast Model Car\" \/>\n<meta property=\"og:url\" content=\"https:\/\/www.paudimodel.com\/de\/produkt\/mazda-6-2009-red-118-scale-diecast-model-car\/\" \/>\n<meta property=\"og:site_name\" content=\"Paudi Model | High Quality Diecast Model\" \/>\n<meta property=\"article:publisher\" content=\"https:\/\/www.facebook\/paudimodel\" \/>\n<meta property=\"article:modified_time\" content=\"2021-10-22T08:05:49+00:00\" \/>\n<meta property=\"og:image\" content=\"https:\/\/www.paudimodel.com\/wp-content\/uploads\/2017\/11\/mazda6_2009_r_01.jpg\" \/>\n\t<meta property=\"og:image:width\" content=\"990\" \/>\n\t<meta property=\"og:image:height\" content=\"660\" \/>\n\t<meta property=\"og:image:type\" content=\"image\/jpeg\" \/>\n<meta name=\"twitter:card\" content=\"summary_large_image\" \/>\n<meta name=\"twitter:site\" content=\"@paudimodel\" \/>\n<meta name=\"twitter:label1\" content=\"Gesch\u00e4tzte Lesezeit\" \/>\n\t<meta name=\"twitter:data1\" content=\"1\u00a0Minute\" \/>\n<script type=\"application\/ld+json\" class=\"yoast-schema-graph\">{\"@context\":\"https:\/\/schema.org\",\"@graph\":[{\"@type\":\"WebPage\",\"@id\":\"https:\/\/www.paudimodel.com\/product\/mazda-6-2009-red-118-scale-diecast-model-car\/\",\"url\":\"https:\/\/www.paudimodel.com\/product\/mazda-6-2009-red-118-scale-diecast-model-car\/\",\"name\":\"Mazda 6 2009 Red 1\/18 Scale Diecast Model Car - Paudi Model | High Quality Diecast Model\",\"isPartOf\":{\"@id\":\"https:\/\/www.paudimodel.com\/#website\"},\"primaryImageOfPage\":{\"@id\":\"https:\/\/www.paudimodel.com\/product\/mazda-6-2009-red-118-scale-diecast-model-car\/#primaryimage\"},\"image\":{\"@id\":\"https:\/\/www.paudimodel.com\/product\/mazda-6-2009-red-118-scale-diecast-model-car\/#primaryimage\"},\"thumbnailUrl\":\"https:\/\/www.paudimodel.com\/wp-content\/uploads\/2017\/11\/mazda6_2009_r_01.jpg\",\"datePublished\":\"2017-11-10T15:16:47+00:00\",\"dateModified\":\"2021-10-22T08:05:49+00:00\",\"breadcrumb\":{\"@id\":\"https:\/\/www.paudimodel.com\/product\/mazda-6-2009-red-118-scale-diecast-model-car\/#breadcrumb\"},\"inLanguage\":\"de\",\"potentialAction\":[{\"@type\":\"ReadAction\",\"target\":[\"https:\/\/www.paudimodel.com\/product\/mazda-6-2009-red-118-scale-diecast-model-car\/\"]}]},{\"@type\":\"ImageObject\",\"inLanguage\":\"de\",\"@id\":\"https:\/\/www.paudimodel.com\/product\/mazda-6-2009-red-118-scale-diecast-model-car\/#primaryimage\",\"url\":\"https:\/\/www.paudimodel.com\/wp-content\/uploads\/2017\/11\/mazda6_2009_r_01.jpg\",\"contentUrl\":\"https:\/\/www.paudimodel.com\/wp-content\/uploads\/2017\/11\/mazda6_2009_r_01.jpg\",\"width\":990,\"height\":660},{\"@type\":\"BreadcrumbList\",\"@id\":\"https:\/\/www.paudimodel.com\/product\/mazda-6-2009-red-118-scale-diecast-model-car\/#breadcrumb\",\"itemListElement\":[{\"@type\":\"ListItem\",\"position\":1,\"name\":\"Home\",\"item\":\"https:\/\/www.paudimodel.com\/\"},{\"@type\":\"ListItem\",\"position\":2,\"name\":\"Products\",\"item\":\"https:\/\/www.paudimodel.com\/products\/\"},{\"@type\":\"ListItem\",\"position\":3,\"name\":\"Mazda 6 2009 Red 1\/18 Scale Diecast Model Car\"}]},{\"@type\":\"WebSite\",\"@id\":\"https:\/\/www.paudimodel.com\/#website\",\"url\":\"https:\/\/www.paudimodel.com\/\",\"name\":\"Paudi Model | High Quality Diecast Model\",\"description\":\"Shop For Diecast Models From Top-Rated Brands Like Dealer Edition, Paudi, Kyosho, Autoart &amp; More. Low Online Prices. Super-Detailed Models.Find Your Make &amp; Model.Huge Selection. Satisfaction Guaranteed. Types: Diecast Model Cars, Diecast Model Trucks.\",\"publisher\":{\"@id\":\"https:\/\/www.paudimodel.com\/#organization\"},\"alternateName\":\"Scale model design, development and production\",\"potentialAction\":[{\"@type\":\"SearchAction\",\"target\":{\"@type\":\"EntryPoint\",\"urlTemplate\":\"https:\/\/www.paudimodel.com\/?s={search_term_string}\"},\"query-input\":{\"@type\":\"PropertyValueSpecification\",\"valueRequired\":true,\"valueName\":\"search_term_string\"}}],\"inLanguage\":\"de\"},{\"@type\":\"Organization\",\"@id\":\"https:\/\/www.paudimodel.com\/#organization\",\"name\":\"Guangzhou Paudi Model Technology Ltd.\",\"url\":\"https:\/\/www.paudimodel.com\/\",\"logo\":{\"@type\":\"ImageObject\",\"inLanguage\":\"de\",\"@id\":\"https:\/\/www.paudimodel.com\/#\/schema\/logo\/image\/\",\"url\":\"https:\/\/www.paudimodel.com\/wp-content\/uploads\/2023\/02\/696x696.png\",\"contentUrl\":\"https:\/\/www.paudimodel.com\/wp-content\/uploads\/2023\/02\/696x696.png\",\"width\":696,\"height\":696,\"caption\":\"Guangzhou Paudi Model Technology Ltd.\"},\"image\":{\"@id\":\"https:\/\/www.paudimodel.com\/#\/schema\/logo\/image\/\"},\"sameAs\":[\"https:\/\/www.facebook\/paudimodel\",\"https:\/\/x.com\/paudimodel\"]}]}<\/script>\n<!-- \/ Yoast SEO Premium plugin. -->","yoast_head_json":{"title":"Mazda 6 2009 Rot, Ma\u00dfstab 1:18, Diecast-Modellauto \u2013 Paudi-Modell | Hochwertiges Diecast-Modell","robots":{"index":"index","follow":"follow","max-snippet":"max-snippet:-1","max-image-preview":"max-image-preview:large","max-video-preview":"max-video-preview:-1"},"canonical":"https:\/\/www.paudimodel.com\/de\/produkt\/mazda-6-2009-red-118-scale-diecast-model-car\/","og_locale":"de_DE","og_type":"article","og_title":"Mazda 6 2009 Red 1\/18 Scale Diecast Model Car","og_url":"https:\/\/www.paudimodel.com\/de\/produkt\/mazda-6-2009-red-118-scale-diecast-model-car\/","og_site_name":"Paudi Model | High Quality Diecast Model","article_publisher":"https:\/\/www.facebook\/paudimodel","article_modified_time":"2021-10-22T08:05:49+00:00","og_image":[{"width":990,"height":660,"url":"https:\/\/www.paudimodel.com\/wp-content\/uploads\/2017\/11\/mazda6_2009_r_01.jpg","type":"image\/jpeg"}],"twitter_card":"summary_large_image","twitter_site":"@paudimodel","twitter_misc":{"Gesch\u00e4tzte Lesezeit":"1\u00a0Minute"},"schema":{"@context":"https:\/\/schema.org","@graph":[{"@type":"WebPage","@id":"https:\/\/www.paudimodel.com\/product\/mazda-6-2009-red-118-scale-diecast-model-car\/","url":"https:\/\/www.paudimodel.com\/product\/mazda-6-2009-red-118-scale-diecast-model-car\/","name":"Mazda 6 2009 Rot, Ma\u00dfstab 1:18, Diecast-Modellauto \u2013 Paudi-Modell | Hochwertiges Diecast-Modell","isPartOf":{"@id":"https:\/\/www.paudimodel.com\/#website"},"primaryImageOfPage":{"@id":"https:\/\/www.paudimodel.com\/product\/mazda-6-2009-red-118-scale-diecast-model-car\/#primaryimage"},"image":{"@id":"https:\/\/www.paudimodel.com\/product\/mazda-6-2009-red-118-scale-diecast-model-car\/#primaryimage"},"thumbnailUrl":"https:\/\/www.paudimodel.com\/wp-content\/uploads\/2017\/11\/mazda6_2009_r_01.jpg","datePublished":"2017-11-10T15:16:47+00:00","dateModified":"2021-10-22T08:05:49+00:00","breadcrumb":{"@id":"https:\/\/www.paudimodel.com\/product\/mazda-6-2009-red-118-scale-diecast-model-car\/#breadcrumb"},"inLanguage":"de","potentialAction":[{"@type":"ReadAction","target":["https:\/\/www.paudimodel.com\/product\/mazda-6-2009-red-118-scale-diecast-model-car\/"]}]},{"@type":"ImageObject","inLanguage":"de","@id":"https:\/\/www.paudimodel.com\/product\/mazda-6-2009-red-118-scale-diecast-model-car\/#primaryimage","url":"https:\/\/www.paudimodel.com\/wp-content\/uploads\/2017\/11\/mazda6_2009_r_01.jpg","contentUrl":"https:\/\/www.paudimodel.com\/wp-content\/uploads\/2017\/11\/mazda6_2009_r_01.jpg","width":990,"height":660},{"@type":"BreadcrumbList","@id":"https:\/\/www.paudimodel.com\/product\/mazda-6-2009-red-118-scale-diecast-model-car\/#breadcrumb","itemListElement":[{"@type":"ListItem","position":1,"name":"Home","item":"https:\/\/www.paudimodel.com\/"},{"@type":"ListItem","position":2,"name":"Products","item":"https:\/\/www.paudimodel.com\/products\/"},{"@type":"ListItem","position":3,"name":"Mazda 6 2009 Red 1\/18 Scale Diecast Model Car"}]},{"@type":"WebSite","@id":"https:\/\/www.paudimodel.com\/#website","url":"https:\/\/www.paudimodel.com\/","name":"Paudi-Modell | Hochwertiges Druckgussmodell","description":"Kaufen Sie Druckgussmodelle von Top-Marken wie Dealer Edition, Paudi, Kyosho, Autoart und mehr. G\u00fcnstige Online-Preise. Superdetaillierte Modelle. Finden Sie Ihre Marke und Ihr Modell. Riesige Auswahl. Zufriedenheitsgarantie. Typen: Druckguss-Modellautos, Druckguss-Modell-LKWs.","publisher":{"@id":"https:\/\/www.paudimodel.com\/#organization"},"alternateName":"Scale model design, development and production","potentialAction":[{"@type":"SearchAction","target":{"@type":"EntryPoint","urlTemplate":"https:\/\/www.paudimodel.com\/?s={search_term_string}"},"query-input":{"@type":"PropertyValueSpecification","valueRequired":true,"valueName":"search_term_string"}}],"inLanguage":"de"},{"@type":"Organization","@id":"https:\/\/www.paudimodel.com\/#organization","name":"Guangzhou Paudi Model Technology Ltd.","url":"https:\/\/www.paudimodel.com\/","logo":{"@type":"ImageObject","inLanguage":"de","@id":"https:\/\/www.paudimodel.com\/#\/schema\/logo\/image\/","url":"https:\/\/www.paudimodel.com\/wp-content\/uploads\/2023\/02\/696x696.png","contentUrl":"https:\/\/www.paudimodel.com\/wp-content\/uploads\/2023\/02\/696x696.png","width":696,"height":696,"caption":"Guangzhou Paudi Model Technology Ltd."},"image":{"@id":"https:\/\/www.paudimodel.com\/#\/schema\/logo\/image\/"},"sameAs":["https:\/\/www.facebook\/paudimodel","https:\/\/x.com\/paudimodel"]}]}},"_links":{"self":[{"href":"https:\/\/www.paudimodel.com\/de\/wp-json\/wp\/v2\/product\/52591","targetHints":{"allow":["GET"]}}],"collection":[{"href":"https:\/\/www.paudimodel.com\/de\/wp-json\/wp\/v2\/product"}],"about":[{"href":"https:\/\/www.paudimodel.com\/de\/wp-json\/wp\/v2\/types\/product"}],"replies":[{"embeddable":true,"href":"https:\/\/www.paudimodel.com\/de\/wp-json\/wp\/v2\/comments?post=52591"}],"wp:featuredmedia":[{"embeddable":true,"href":"https:\/\/www.paudimodel.com\/de\/wp-json\/wp\/v2\/media\/52595"}],"wp:attachment":[{"href":"https:\/\/www.paudimodel.com\/de\/wp-json\/wp\/v2\/media?parent=52591"}],"wp:term":[{"taxonomy":"product_brand","embeddable":true,"href":"https:\/\/www.paudimodel.com\/de\/wp-json\/wp\/v2\/product_brand?post=52591"},{"taxonomy":"product_cat","embeddable":true,"href":"https:\/\/www.paudimodel.com\/de\/wp-json\/wp\/v2\/product_cat?post=52591"},{"taxonomy":"product_tag","embeddable":true,"href":"https:\/\/www.paudimodel.com\/de\/wp-json\/wp\/v2\/product_tag?post=52591"}],"curies":[{"name":"wp","href":"https:\/\/api.w.org\/{rel}","templated":true}]}}