{"id":53122,"date":"2018-01-17T09:03:48","date_gmt":"2018-01-17T09:03:48","guid":{"rendered":"http:\/\/www.paudimodel.com?post_type=product&#038;p=53122"},"modified":"2019-11-20T08:22:46","modified_gmt":"2019-11-20T08:22:46","slug":"beijing-jeep-bj80j-1-18-scale-diecast-model-car","status":"publish","type":"product","link":"https:\/\/www.paudimodel.com\/de\/produkt\/beijing-jeep-bj80j-1-18-scale-diecast-model-car\/","title":{"rendered":"BJC BJ80J Druckguss-Modellauto im Ma\u00dfstab 1:18"},"content":{"rendered":"<p>BJC BJ40 1:18 Ma\u00dfstab Diecast Modellauto Kurzbeschreibung:<\/p>\n<p>Beim Entnehmen des Produkts sollten Sie sich an die Unterseite des Styropors stellen, die Karosserie des Fahrzeugs fest greifen und mit gleichm\u00e4\u00dfiger Kraft senkrecht nach oben das Modellauto entnehmen.<br \/>\nWarnung! Um die T\u00fcr des Modellautos zu \u00f6ffnen, verwenden Sie bitte den speziellen T\u00fcrschl\u00fcssel im Styropor und verwenden Sie einen Schnittwinkel von etwa 45 Grad. Drehen Sie zum \u00d6ffnen der T\u00fcr nicht den R\u00fcckspiegel!<\/p>\n<p>Beschreibung:<br \/>\n1. Dieses Modellauto aus Druckguss hat eine zu \u00f6ffnende Vorder- und Hintert\u00fcr. Nach dem \u00d6ffnen sieht man viele Details auf dem Armaturenbrett.<br \/>\n2. Der Tankdeckel kann ge\u00f6ffnet werden.<br \/>\n3. Alle vier R\u00e4der sind drehbar und verf\u00fcgen \u00fcber (Sto\u00dfd\u00e4mpfer).<br \/>\n4. Klappen Sie die linken und rechten Au\u00dfenspiegel ein.<br \/>\n5. \u00d6ffnen Sie die Motorhaube, um einen sehr detaillierten Motorraum zu sehen.<br \/>\n6. Aktives Lenkrad, das das Vorderrad bewegt.<br \/>\n7. Der Fahrersitz kann nach vorne verschoben werden.<br \/>\n8. \u00d6ffnen Sie die Hintert\u00fcr, um einen sehr detaillierten Innenraum zu sehen.<\/p>\n<p><img loading=\"lazy\" decoding=\"async\" class=\"alignnone size-full wp-image-53129\" src=\"http:\/\/www.paudimodel.com\/wp-content\/uploads\/2018\/01\/BJ80J-GE-2.jpg\" alt=\"\" width=\"990\" height=\"658\" srcset=\"https:\/\/www.paudimodel.com\/wp-content\/uploads\/2018\/01\/BJ80J-GE-2.jpg 990w, https:\/\/www.paudimodel.com\/wp-content\/uploads\/2018\/01\/BJ80J-GE-2-300x199.jpg 300w, https:\/\/www.paudimodel.com\/wp-content\/uploads\/2018\/01\/BJ80J-GE-2-450x299.jpg 450w, https:\/\/www.paudimodel.com\/wp-content\/uploads\/2018\/01\/BJ80J-GE-2-768x510.jpg 768w\" sizes=\"auto, (max-width: 990px) 100vw, 990px\" \/><\/p>\n<p><img loading=\"lazy\" decoding=\"async\" class=\"alignnone size-full wp-image-53132\" src=\"http:\/\/www.paudimodel.com\/wp-content\/uploads\/2018\/01\/BJ80J-GE-3.jpg\" alt=\"\" width=\"990\" height=\"658\" srcset=\"https:\/\/www.paudimodel.com\/wp-content\/uploads\/2018\/01\/BJ80J-GE-3.jpg 990w, https:\/\/www.paudimodel.com\/wp-content\/uploads\/2018\/01\/BJ80J-GE-3-300x199.jpg 300w, https:\/\/www.paudimodel.com\/wp-content\/uploads\/2018\/01\/BJ80J-GE-3-450x299.jpg 450w, https:\/\/www.paudimodel.com\/wp-content\/uploads\/2018\/01\/BJ80J-GE-3-768x510.jpg 768w\" sizes=\"auto, (max-width: 990px) 100vw, 990px\" \/><\/p>\n<p><img loading=\"lazy\" decoding=\"async\" class=\"alignnone size-full wp-image-53144\" src=\"http:\/\/www.paudimodel.com\/wp-content\/uploads\/2018\/01\/BJ80J-GE-7.jpg\" alt=\"\" width=\"990\" height=\"658\" srcset=\"https:\/\/www.paudimodel.com\/wp-content\/uploads\/2018\/01\/BJ80J-GE-7.jpg 990w, https:\/\/www.paudimodel.com\/wp-content\/uploads\/2018\/01\/BJ80J-GE-7-300x199.jpg 300w, https:\/\/www.paudimodel.com\/wp-content\/uploads\/2018\/01\/BJ80J-GE-7-450x299.jpg 450w, https:\/\/www.paudimodel.com\/wp-content\/uploads\/2018\/01\/BJ80J-GE-7-768x510.jpg 768w\" sizes=\"auto, (max-width: 990px) 100vw, 990px\" \/><\/p>\n<p><img loading=\"lazy\" decoding=\"async\" class=\"alignnone size-full wp-image-53147\" src=\"http:\/\/www.paudimodel.com\/wp-content\/uploads\/2018\/01\/BJ80J-GE-8.jpg\" alt=\"\" width=\"990\" height=\"658\" srcset=\"https:\/\/www.paudimodel.com\/wp-content\/uploads\/2018\/01\/BJ80J-GE-8.jpg 990w, https:\/\/www.paudimodel.com\/wp-content\/uploads\/2018\/01\/BJ80J-GE-8-300x199.jpg 300w, https:\/\/www.paudimodel.com\/wp-content\/uploads\/2018\/01\/BJ80J-GE-8-450x299.jpg 450w, https:\/\/www.paudimodel.com\/wp-content\/uploads\/2018\/01\/BJ80J-GE-8-768x510.jpg 768w\" sizes=\"auto, (max-width: 990px) 100vw, 990px\" \/><\/p>\n<p><img loading=\"lazy\" decoding=\"async\" class=\"alignnone size-full wp-image-53150\" src=\"http:\/\/www.paudimodel.com\/wp-content\/uploads\/2018\/01\/BJ80J-GE-9.jpg\" alt=\"\" width=\"990\" height=\"658\" srcset=\"https:\/\/www.paudimodel.com\/wp-content\/uploads\/2018\/01\/BJ80J-GE-9.jpg 990w, https:\/\/www.paudimodel.com\/wp-content\/uploads\/2018\/01\/BJ80J-GE-9-300x199.jpg 300w, https:\/\/www.paudimodel.com\/wp-content\/uploads\/2018\/01\/BJ80J-GE-9-450x299.jpg 450w, https:\/\/www.paudimodel.com\/wp-content\/uploads\/2018\/01\/BJ80J-GE-9-768x510.jpg 768w\" sizes=\"auto, (max-width: 990px) 100vw, 990px\" \/><\/p>\n<p><img loading=\"lazy\" decoding=\"async\" class=\"alignnone size-full wp-image-53153\" src=\"http:\/\/www.paudimodel.com\/wp-content\/uploads\/2018\/01\/BJ80J-GE-10.jpg\" alt=\"\" width=\"990\" height=\"658\" srcset=\"https:\/\/www.paudimodel.com\/wp-content\/uploads\/2018\/01\/BJ80J-GE-10.jpg 990w, https:\/\/www.paudimodel.com\/wp-content\/uploads\/2018\/01\/BJ80J-GE-10-300x199.jpg 300w, https:\/\/www.paudimodel.com\/wp-content\/uploads\/2018\/01\/BJ80J-GE-10-450x299.jpg 450w, https:\/\/www.paudimodel.com\/wp-content\/uploads\/2018\/01\/BJ80J-GE-10-768x510.jpg 768w\" sizes=\"auto, (max-width: 990px) 100vw, 990px\" \/><\/p>\n<p><img loading=\"lazy\" decoding=\"async\" class=\"alignnone size-full wp-image-53156\" src=\"http:\/\/www.paudimodel.com\/wp-content\/uploads\/2018\/01\/BJ80J-GE-11.jpg\" alt=\"\" width=\"990\" height=\"658\" srcset=\"https:\/\/www.paudimodel.com\/wp-content\/uploads\/2018\/01\/BJ80J-GE-11.jpg 990w, https:\/\/www.paudimodel.com\/wp-content\/uploads\/2018\/01\/BJ80J-GE-11-300x199.jpg 300w, https:\/\/www.paudimodel.com\/wp-content\/uploads\/2018\/01\/BJ80J-GE-11-450x299.jpg 450w, https:\/\/www.paudimodel.com\/wp-content\/uploads\/2018\/01\/BJ80J-GE-11-768x510.jpg 768w\" sizes=\"auto, (max-width: 990px) 100vw, 990px\" \/><\/p>\n<p><img loading=\"lazy\" decoding=\"async\" class=\"alignnone size-full wp-image-53159\" src=\"http:\/\/www.paudimodel.com\/wp-content\/uploads\/2018\/01\/BJ80J-GE-12.jpg\" alt=\"\" width=\"990\" height=\"658\" srcset=\"https:\/\/www.paudimodel.com\/wp-content\/uploads\/2018\/01\/BJ80J-GE-12.jpg 990w, https:\/\/www.paudimodel.com\/wp-content\/uploads\/2018\/01\/BJ80J-GE-12-300x199.jpg 300w, https:\/\/www.paudimodel.com\/wp-content\/uploads\/2018\/01\/BJ80J-GE-12-450x299.jpg 450w, https:\/\/www.paudimodel.com\/wp-content\/uploads\/2018\/01\/BJ80J-GE-12-768x510.jpg 768w\" sizes=\"auto, (max-width: 990px) 100vw, 990px\" \/><\/p>\n<p><img loading=\"lazy\" decoding=\"async\" class=\"alignnone size-full wp-image-53162\" src=\"http:\/\/www.paudimodel.com\/wp-content\/uploads\/2018\/01\/BJ80J-GE-13.jpg\" alt=\"\" width=\"990\" height=\"658\" srcset=\"https:\/\/www.paudimodel.com\/wp-content\/uploads\/2018\/01\/BJ80J-GE-13.jpg 990w, https:\/\/www.paudimodel.com\/wp-content\/uploads\/2018\/01\/BJ80J-GE-13-300x199.jpg 300w, https:\/\/www.paudimodel.com\/wp-content\/uploads\/2018\/01\/BJ80J-GE-13-450x299.jpg 450w, https:\/\/www.paudimodel.com\/wp-content\/uploads\/2018\/01\/BJ80J-GE-13-768x510.jpg 768w\" sizes=\"auto, (max-width: 990px) 100vw, 990px\" \/><\/p>","protected":false},"excerpt":{"rendered":"<p><b>Produktcode: 2561GE<\/b><\/p>\n<p>Farbe: Gr\u00fcn<\/p>\n<p>Dieses Modellauto, eine detailgetreue Nachbildung des Beijing Jeep BJ80J im Ma\u00dfstab 1:18, ist ein hochwertiges Diecast-Modell der Beijing Jeep-Modellautoserie. Es besteht aus einer Zinklegierung und ist mit einer dreifachen elektrostatischen Lackierung versehen. Das Modellauto verf\u00fcgt \u00fcber Hunderte von Einzelteilen und ist aufgrund seines Sammlerwerts die ideale Wahl f\u00fcr Sammler und als Geschenk. Die Karosserie ist aus einer Zinklegierung gefertigt und verf\u00fcgt \u00fcber eine Vorder- und Hinterradaufh\u00e4ngung, vier zu \u00f6ffnende T\u00fcren, eine zu \u00f6ffnende Motorhaube, die den Blick auf die Motorkomponenten freigibt, sowie eine zu \u00f6ffnende Heckklappe. Der Innenraum ist mit einem realistisch gestalteten Teppichboden und galvanisierten Reifen ausgestattet.<\/p>\n<p><img loading=\"lazy\" decoding=\"async\" class=\"size-full wp-image-42559 alignleft\" src=\"http:\/\/www.paudimodel.com\/wp-content\/uploads\/2016\/04\/7.png\" alt=\"7\" width=\"50\" height=\"49\" \/><\/p>\n<p><img loading=\"lazy\" decoding=\"async\" class=\"size-full wp-image-42566 alignleft\" src=\"http:\/\/www.paudimodel.com\/wp-content\/uploads\/2016\/04\/4.png\" alt=\"4\" width=\"50\" height=\"48\" \/>\u00a0<img loading=\"lazy\" decoding=\"async\" class=\"size-full wp-image-42568 alignleft\" src=\"http:\/\/www.paudimodel.com\/wp-content\/uploads\/2016\/04\/6.png\" alt=\"6\" width=\"50\" height=\"49\" \/><img loading=\"lazy\" decoding=\"async\" class=\"size-full wp-image-42565 alignleft\" src=\"http:\/\/www.paudimodel.com\/wp-content\/uploads\/2016\/04\/3.png\" alt=\"3\" width=\"50\" height=\"42\" \/><img loading=\"lazy\" decoding=\"async\" class=\"size-full wp-image-42564 alignleft\" src=\"http:\/\/www.paudimodel.com\/wp-content\/uploads\/2016\/04\/2.png\" alt=\"2\" width=\"50\" height=\"45\" \/><img loading=\"lazy\" decoding=\"async\" class=\"size-full wp-image-42563 alignleft\" src=\"http:\/\/www.paudimodel.com\/wp-content\/uploads\/2016\/04\/1.png\" alt=\"1\" width=\"50\" height=\"45\" \/><img loading=\"lazy\" decoding=\"async\" class=\"size-full wp-image-42562 alignleft\" src=\"http:\/\/www.paudimodel.com\/wp-content\/uploads\/2016\/04\/10.png\" alt=\"10\" width=\"50\" height=\"49\" \/><\/p>","protected":false},"featured_media":53126,"comment_status":"open","ping_status":"closed","template":"","meta":[],"product_brand":[],"product_cat":[466,952],"product_tag":[873,62,872,55,59],"class_list":{"0":"post-53122","1":"product","2":"type-product","3":"status-publish","4":"has-post-thumbnail","6":"product_cat-1-18-scale","7":"product_cat-bjc","8":"product_tag-bj80j","9":"product_tag-die-cast-model-car","10":"product_tag-jeep-bj80j","11":"product_tag-model-car","12":"product_tag-scale-model-car","13":"pa_color-greencolor","14":"pa_material-zinc-alloy-abs-variety-of-composite-materials","15":"pa_scale-34","17":"first","18":"outofstock","19":"taxable","20":"shipping-taxable","21":"purchasable","22":"product-type-variable"},"yoast_head":"<!-- This site is optimized with the Yoast SEO Premium plugin v25.6 (Yoast SEO v26.7) - https:\/\/yoast.com\/wordpress\/plugins\/seo\/ -->\n<title>BJC BJ80J 1\/18 Scale Diecast Model Car - Paudi Model | High Quality Diecast Model<\/title>\n<meta name=\"description\" content=\"1:18 Infiniti Q70L 2014 Diecast Model Car\" \/>\n<meta name=\"robots\" content=\"index, follow, max-snippet:-1, max-image-preview:large, max-video-preview:-1\" \/>\n<link rel=\"canonical\" href=\"https:\/\/www.paudimodel.com\/de\/produkt\/beijing-jeep-bj80j-1-18-scale-diecast-model-car\/\" \/>\n<meta property=\"og:locale\" content=\"de_DE\" \/>\n<meta property=\"og:type\" content=\"article\" \/>\n<meta property=\"og:title\" content=\"BJC BJ80J 1\/18 Scale Diecast Model Car\" \/>\n<meta property=\"og:description\" content=\"1:18 Infiniti Q70L 2014 Diecast Model Car\" \/>\n<meta property=\"og:url\" content=\"https:\/\/www.paudimodel.com\/de\/produkt\/beijing-jeep-bj80j-1-18-scale-diecast-model-car\/\" \/>\n<meta property=\"og:site_name\" content=\"Paudi Model | High Quality Diecast Model\" \/>\n<meta property=\"article:publisher\" content=\"https:\/\/www.facebook\/paudimodel\" \/>\n<meta property=\"article:modified_time\" content=\"2019-11-20T08:22:46+00:00\" \/>\n<meta property=\"og:image\" content=\"https:\/\/www.paudimodel.com\/wp-content\/uploads\/2018\/01\/BJ80J-GE-1.jpg\" \/>\n\t<meta property=\"og:image:width\" content=\"990\" \/>\n\t<meta property=\"og:image:height\" content=\"658\" \/>\n\t<meta property=\"og:image:type\" content=\"image\/jpeg\" \/>\n<meta name=\"twitter:card\" content=\"summary_large_image\" \/>\n<meta name=\"twitter:site\" content=\"@paudimodel\" \/>\n<meta name=\"twitter:label1\" content=\"Gesch\u00e4tzte Lesezeit\" \/>\n\t<meta name=\"twitter:data1\" content=\"1\u00a0Minute\" \/>\n<script type=\"application\/ld+json\" class=\"yoast-schema-graph\">{\"@context\":\"https:\/\/schema.org\",\"@graph\":[{\"@type\":\"WebPage\",\"@id\":\"https:\/\/www.paudimodel.com\/product\/beijing-jeep-bj80j-1-18-scale-diecast-model-car\/\",\"url\":\"https:\/\/www.paudimodel.com\/product\/beijing-jeep-bj80j-1-18-scale-diecast-model-car\/\",\"name\":\"BJC BJ80J 1\/18 Scale Diecast Model Car - Paudi Model | High Quality Diecast Model\",\"isPartOf\":{\"@id\":\"https:\/\/www.paudimodel.com\/#website\"},\"primaryImageOfPage\":{\"@id\":\"https:\/\/www.paudimodel.com\/product\/beijing-jeep-bj80j-1-18-scale-diecast-model-car\/#primaryimage\"},\"image\":{\"@id\":\"https:\/\/www.paudimodel.com\/product\/beijing-jeep-bj80j-1-18-scale-diecast-model-car\/#primaryimage\"},\"thumbnailUrl\":\"https:\/\/www.paudimodel.com\/wp-content\/uploads\/2018\/01\/BJ80J-GE-1.jpg\",\"datePublished\":\"2018-01-17T09:03:48+00:00\",\"dateModified\":\"2019-11-20T08:22:46+00:00\",\"description\":\"1:18 Infiniti Q70L 2014 Diecast Model Car\",\"breadcrumb\":{\"@id\":\"https:\/\/www.paudimodel.com\/product\/beijing-jeep-bj80j-1-18-scale-diecast-model-car\/#breadcrumb\"},\"inLanguage\":\"de\",\"potentialAction\":[{\"@type\":\"ReadAction\",\"target\":[\"https:\/\/www.paudimodel.com\/product\/beijing-jeep-bj80j-1-18-scale-diecast-model-car\/\"]}]},{\"@type\":\"ImageObject\",\"inLanguage\":\"de\",\"@id\":\"https:\/\/www.paudimodel.com\/product\/beijing-jeep-bj80j-1-18-scale-diecast-model-car\/#primaryimage\",\"url\":\"https:\/\/www.paudimodel.com\/wp-content\/uploads\/2018\/01\/BJ80J-GE-1.jpg\",\"contentUrl\":\"https:\/\/www.paudimodel.com\/wp-content\/uploads\/2018\/01\/BJ80J-GE-1.jpg\",\"width\":990,\"height\":658},{\"@type\":\"BreadcrumbList\",\"@id\":\"https:\/\/www.paudimodel.com\/product\/beijing-jeep-bj80j-1-18-scale-diecast-model-car\/#breadcrumb\",\"itemListElement\":[{\"@type\":\"ListItem\",\"position\":1,\"name\":\"Home\",\"item\":\"https:\/\/www.paudimodel.com\/\"},{\"@type\":\"ListItem\",\"position\":2,\"name\":\"Products\",\"item\":\"https:\/\/www.paudimodel.com\/products\/\"},{\"@type\":\"ListItem\",\"position\":3,\"name\":\"BJC BJ80J 1\/18 Scale Diecast Model Car\"}]},{\"@type\":\"WebSite\",\"@id\":\"https:\/\/www.paudimodel.com\/#website\",\"url\":\"https:\/\/www.paudimodel.com\/\",\"name\":\"Paudi Model | High Quality Diecast Model\",\"description\":\"Shop For Diecast Models From Top-Rated Brands Like Dealer Edition, Paudi, Kyosho, Autoart &amp; More. Low Online Prices. Super-Detailed Models.Find Your Make &amp; Model.Huge Selection. Satisfaction Guaranteed. Types: Diecast Model Cars, Diecast Model Trucks.\",\"publisher\":{\"@id\":\"https:\/\/www.paudimodel.com\/#organization\"},\"alternateName\":\"Scale model design, development and production\",\"potentialAction\":[{\"@type\":\"SearchAction\",\"target\":{\"@type\":\"EntryPoint\",\"urlTemplate\":\"https:\/\/www.paudimodel.com\/?s={search_term_string}\"},\"query-input\":{\"@type\":\"PropertyValueSpecification\",\"valueRequired\":true,\"valueName\":\"search_term_string\"}}],\"inLanguage\":\"de\"},{\"@type\":\"Organization\",\"@id\":\"https:\/\/www.paudimodel.com\/#organization\",\"name\":\"Guangzhou Paudi Model Technology Ltd.\",\"url\":\"https:\/\/www.paudimodel.com\/\",\"logo\":{\"@type\":\"ImageObject\",\"inLanguage\":\"de\",\"@id\":\"https:\/\/www.paudimodel.com\/#\/schema\/logo\/image\/\",\"url\":\"https:\/\/www.paudimodel.com\/wp-content\/uploads\/2023\/02\/696x696.png\",\"contentUrl\":\"https:\/\/www.paudimodel.com\/wp-content\/uploads\/2023\/02\/696x696.png\",\"width\":696,\"height\":696,\"caption\":\"Guangzhou Paudi Model Technology Ltd.\"},\"image\":{\"@id\":\"https:\/\/www.paudimodel.com\/#\/schema\/logo\/image\/\"},\"sameAs\":[\"https:\/\/www.facebook\/paudimodel\",\"https:\/\/x.com\/paudimodel\"]}]}<\/script>\n<!-- \/ Yoast SEO Premium plugin. -->","yoast_head_json":{"title":"BJC BJ80J 1\/18 Scale Diecast Model Car - Paudi Model | High Quality Diecast Model","description":"Infiniti Q70L 2014 Modellauto im Ma\u00dfstab 1:18","robots":{"index":"index","follow":"follow","max-snippet":"max-snippet:-1","max-image-preview":"max-image-preview:large","max-video-preview":"max-video-preview:-1"},"canonical":"https:\/\/www.paudimodel.com\/de\/produkt\/beijing-jeep-bj80j-1-18-scale-diecast-model-car\/","og_locale":"de_DE","og_type":"article","og_title":"BJC BJ80J 1\/18 Scale Diecast Model Car","og_description":"1:18 Infiniti Q70L 2014 Diecast Model Car","og_url":"https:\/\/www.paudimodel.com\/de\/produkt\/beijing-jeep-bj80j-1-18-scale-diecast-model-car\/","og_site_name":"Paudi Model | High Quality Diecast Model","article_publisher":"https:\/\/www.facebook\/paudimodel","article_modified_time":"2019-11-20T08:22:46+00:00","og_image":[{"width":990,"height":658,"url":"https:\/\/www.paudimodel.com\/wp-content\/uploads\/2018\/01\/BJ80J-GE-1.jpg","type":"image\/jpeg"}],"twitter_card":"summary_large_image","twitter_site":"@paudimodel","twitter_misc":{"Gesch\u00e4tzte Lesezeit":"1\u00a0Minute"},"schema":{"@context":"https:\/\/schema.org","@graph":[{"@type":"WebPage","@id":"https:\/\/www.paudimodel.com\/product\/beijing-jeep-bj80j-1-18-scale-diecast-model-car\/","url":"https:\/\/www.paudimodel.com\/product\/beijing-jeep-bj80j-1-18-scale-diecast-model-car\/","name":"BJC BJ80J 1\/18 Scale Diecast Model Car - Paudi Model | High Quality Diecast Model","isPartOf":{"@id":"https:\/\/www.paudimodel.com\/#website"},"primaryImageOfPage":{"@id":"https:\/\/www.paudimodel.com\/product\/beijing-jeep-bj80j-1-18-scale-diecast-model-car\/#primaryimage"},"image":{"@id":"https:\/\/www.paudimodel.com\/product\/beijing-jeep-bj80j-1-18-scale-diecast-model-car\/#primaryimage"},"thumbnailUrl":"https:\/\/www.paudimodel.com\/wp-content\/uploads\/2018\/01\/BJ80J-GE-1.jpg","datePublished":"2018-01-17T09:03:48+00:00","dateModified":"2019-11-20T08:22:46+00:00","description":"Infiniti Q70L 2014 Modellauto im Ma\u00dfstab 1:18","breadcrumb":{"@id":"https:\/\/www.paudimodel.com\/product\/beijing-jeep-bj80j-1-18-scale-diecast-model-car\/#breadcrumb"},"inLanguage":"de","potentialAction":[{"@type":"ReadAction","target":["https:\/\/www.paudimodel.com\/product\/beijing-jeep-bj80j-1-18-scale-diecast-model-car\/"]}]},{"@type":"ImageObject","inLanguage":"de","@id":"https:\/\/www.paudimodel.com\/product\/beijing-jeep-bj80j-1-18-scale-diecast-model-car\/#primaryimage","url":"https:\/\/www.paudimodel.com\/wp-content\/uploads\/2018\/01\/BJ80J-GE-1.jpg","contentUrl":"https:\/\/www.paudimodel.com\/wp-content\/uploads\/2018\/01\/BJ80J-GE-1.jpg","width":990,"height":658},{"@type":"BreadcrumbList","@id":"https:\/\/www.paudimodel.com\/product\/beijing-jeep-bj80j-1-18-scale-diecast-model-car\/#breadcrumb","itemListElement":[{"@type":"ListItem","position":1,"name":"Home","item":"https:\/\/www.paudimodel.com\/"},{"@type":"ListItem","position":2,"name":"Products","item":"https:\/\/www.paudimodel.com\/products\/"},{"@type":"ListItem","position":3,"name":"BJC BJ80J 1\/18 Scale Diecast Model Car"}]},{"@type":"WebSite","@id":"https:\/\/www.paudimodel.com\/#website","url":"https:\/\/www.paudimodel.com\/","name":"Paudi-Modell | Hochwertiges Druckgussmodell","description":"Kaufen Sie Druckgussmodelle von Top-Marken wie Dealer Edition, Paudi, Kyosho, Autoart und mehr. G\u00fcnstige Online-Preise. Superdetaillierte Modelle. Finden Sie Ihre Marke und Ihr Modell. Riesige Auswahl. Zufriedenheitsgarantie. Typen: Druckguss-Modellautos, Druckguss-Modell-LKWs.","publisher":{"@id":"https:\/\/www.paudimodel.com\/#organization"},"alternateName":"Scale model design, development and production","potentialAction":[{"@type":"SearchAction","target":{"@type":"EntryPoint","urlTemplate":"https:\/\/www.paudimodel.com\/?s={search_term_string}"},"query-input":{"@type":"PropertyValueSpecification","valueRequired":true,"valueName":"search_term_string"}}],"inLanguage":"de"},{"@type":"Organization","@id":"https:\/\/www.paudimodel.com\/#organization","name":"Guangzhou Paudi Model Technology Ltd.","url":"https:\/\/www.paudimodel.com\/","logo":{"@type":"ImageObject","inLanguage":"de","@id":"https:\/\/www.paudimodel.com\/#\/schema\/logo\/image\/","url":"https:\/\/www.paudimodel.com\/wp-content\/uploads\/2023\/02\/696x696.png","contentUrl":"https:\/\/www.paudimodel.com\/wp-content\/uploads\/2023\/02\/696x696.png","width":696,"height":696,"caption":"Guangzhou Paudi Model Technology Ltd."},"image":{"@id":"https:\/\/www.paudimodel.com\/#\/schema\/logo\/image\/"},"sameAs":["https:\/\/www.facebook\/paudimodel","https:\/\/x.com\/paudimodel"]}]}},"_links":{"self":[{"href":"https:\/\/www.paudimodel.com\/de\/wp-json\/wp\/v2\/product\/53122","targetHints":{"allow":["GET"]}}],"collection":[{"href":"https:\/\/www.paudimodel.com\/de\/wp-json\/wp\/v2\/product"}],"about":[{"href":"https:\/\/www.paudimodel.com\/de\/wp-json\/wp\/v2\/types\/product"}],"replies":[{"embeddable":true,"href":"https:\/\/www.paudimodel.com\/de\/wp-json\/wp\/v2\/comments?post=53122"}],"wp:featuredmedia":[{"embeddable":true,"href":"https:\/\/www.paudimodel.com\/de\/wp-json\/wp\/v2\/media\/53126"}],"wp:attachment":[{"href":"https:\/\/www.paudimodel.com\/de\/wp-json\/wp\/v2\/media?parent=53122"}],"wp:term":[{"taxonomy":"product_brand","embeddable":true,"href":"https:\/\/www.paudimodel.com\/de\/wp-json\/wp\/v2\/product_brand?post=53122"},{"taxonomy":"product_cat","embeddable":true,"href":"https:\/\/www.paudimodel.com\/de\/wp-json\/wp\/v2\/product_cat?post=53122"},{"taxonomy":"product_tag","embeddable":true,"href":"https:\/\/www.paudimodel.com\/de\/wp-json\/wp\/v2\/product_tag?post=53122"}],"curies":[{"name":"wp","href":"https:\/\/api.w.org\/{rel}","templated":true}]}}