{"id":53809,"date":"2018-03-15T06:47:04","date_gmt":"2018-03-15T06:47:04","guid":{"rendered":"http:\/\/www.paudimodel.com\/?post_type=product&#038;p=53809"},"modified":"2022-11-07T04:37:17","modified_gmt":"2022-11-07T04:37:17","slug":"honda-civic-2016%ef%bc%8810th-generation%ef%bc%89-1-18-scale-diecast-model-car","status":"publish","type":"product","link":"https:\/\/www.paudimodel.com\/de\/produkt\/honda-civic-2016%ef%bc%8810th-generation%ef%bc%89-1-18-scale-diecast-model-car\/","title":{"rendered":"Honda Civic 2016 (10. Generation) 1\/18 Ma\u00dfstab Diecast Modellauto"},"content":{"rendered":"<h2>Honda CIVIC 2016 (10. Generation) 1\/18 Ma\u00dfstab Diecast Modellauto Kurzbeschreibung:<\/h2>\n<p>Beim Entnehmen des Produkts sollten Sie sich an die Unterseite des Styropors stellen, die Karosserie des Fahrzeugs fest greifen und mit gleichm\u00e4\u00dfiger Kraft senkrecht nach oben das Modellauto entnehmen.<br \/>\n<span style=\"text-decoration: underline\"><strong>Erw\u00e4rmen!<\/strong> Um die T\u00fcr des Modellautos zu \u00f6ffnen, verwenden Sie bitte den speziellen T\u00fcrschl\u00fcssel im Styropor und verwenden Sie einen Schnittwinkel von etwa 45 Grad, um die T\u00fcr zu \u00f6ffnen. Drehen Sie zum \u00d6ffnen der T\u00fcr nicht den R\u00fcckspiegel!<\/span><\/p>\n<p>1. Die Vorder- und Hintert\u00fcren des Druckgussautos lassen sich frei \u00f6ffnen, und auch die T\u00fcr im Cockpit kann ge\u00f6ffnet werden.<br \/>\n2. Schiebedach f\u00fcr Modellautos<br \/>\n3. Vier Runden k\u00f6nnen mit seismischer Funktion hin und her bewegt werden.<br \/>\n4. Die Motorhaube kann ge\u00f6ffnet werden, um die verschiedenen Teile der Motorkomponenten deutlich zu sehen.<br \/>\n5. Das drehbare Lenkrad kann vom Vorderrad angetrieben werden.<br \/>\n6. Der Vordersitz kann vor- und zur\u00fcckgeschoben werden.<br \/>\n7. Der R\u00fcckspiegel kann eingeklappt werden.<br \/>\n8. Der Tankdeckel kann ge\u00f6ffnet werden.<br \/>\n9. Der Kofferraum l\u00e4sst sich \u00f6ffnen; durch \u00d6ffnen der T\u00fcr kann man den simulierten Innenraumteppich sehen.<\/p>\n<p><img loading=\"lazy\" decoding=\"async\" class=\"alignnone size-full wp-image-53820\" src=\"http:\/\/www.paudimodel.com\/wp-content\/uploads\/2018\/03\/Honda-Civic-2016-OR-2.jpg\" alt=\"\" width=\"990\" height=\"658\" srcset=\"https:\/\/www.paudimodel.com\/wp-content\/uploads\/2018\/03\/Honda-Civic-2016-OR-2.jpg 990w, https:\/\/www.paudimodel.com\/wp-content\/uploads\/2018\/03\/Honda-Civic-2016-OR-2-300x199.jpg 300w, https:\/\/www.paudimodel.com\/wp-content\/uploads\/2018\/03\/Honda-Civic-2016-OR-2-450x299.jpg 450w, https:\/\/www.paudimodel.com\/wp-content\/uploads\/2018\/03\/Honda-Civic-2016-OR-2-768x510.jpg 768w\" sizes=\"auto, (max-width: 990px) 100vw, 990px\" \/><br \/>\n<img loading=\"lazy\" decoding=\"async\" class=\"alignnone size-full wp-image-53823\" src=\"http:\/\/www.paudimodel.com\/wp-content\/uploads\/2018\/03\/Honda-Civic-2016-OR-3.jpg\" alt=\"\" width=\"990\" height=\"658\" srcset=\"https:\/\/www.paudimodel.com\/wp-content\/uploads\/2018\/03\/Honda-Civic-2016-OR-3.jpg 990w, https:\/\/www.paudimodel.com\/wp-content\/uploads\/2018\/03\/Honda-Civic-2016-OR-3-300x199.jpg 300w, https:\/\/www.paudimodel.com\/wp-content\/uploads\/2018\/03\/Honda-Civic-2016-OR-3-450x299.jpg 450w, https:\/\/www.paudimodel.com\/wp-content\/uploads\/2018\/03\/Honda-Civic-2016-OR-3-768x510.jpg 768w\" sizes=\"auto, (max-width: 990px) 100vw, 990px\" \/><br \/>\n<img loading=\"lazy\" decoding=\"async\" class=\"alignnone size-full wp-image-53826\" src=\"http:\/\/www.paudimodel.com\/wp-content\/uploads\/2018\/03\/Honda-Civic-2016-OR-4.jpg\" alt=\"\" width=\"990\" height=\"658\" srcset=\"https:\/\/www.paudimodel.com\/wp-content\/uploads\/2018\/03\/Honda-Civic-2016-OR-4.jpg 990w, https:\/\/www.paudimodel.com\/wp-content\/uploads\/2018\/03\/Honda-Civic-2016-OR-4-300x199.jpg 300w, https:\/\/www.paudimodel.com\/wp-content\/uploads\/2018\/03\/Honda-Civic-2016-OR-4-450x299.jpg 450w, https:\/\/www.paudimodel.com\/wp-content\/uploads\/2018\/03\/Honda-Civic-2016-OR-4-768x510.jpg 768w\" sizes=\"auto, (max-width: 990px) 100vw, 990px\" \/><br \/>\n<img loading=\"lazy\" decoding=\"async\" class=\"alignnone size-full wp-image-53829\" src=\"http:\/\/www.paudimodel.com\/wp-content\/uploads\/2018\/03\/Honda-Civic-2016-OR-5.jpg\" alt=\"\" width=\"990\" height=\"658\" srcset=\"https:\/\/www.paudimodel.com\/wp-content\/uploads\/2018\/03\/Honda-Civic-2016-OR-5.jpg 990w, https:\/\/www.paudimodel.com\/wp-content\/uploads\/2018\/03\/Honda-Civic-2016-OR-5-300x199.jpg 300w, https:\/\/www.paudimodel.com\/wp-content\/uploads\/2018\/03\/Honda-Civic-2016-OR-5-450x299.jpg 450w, https:\/\/www.paudimodel.com\/wp-content\/uploads\/2018\/03\/Honda-Civic-2016-OR-5-768x510.jpg 768w\" sizes=\"auto, (max-width: 990px) 100vw, 990px\" \/><br \/>\n<img loading=\"lazy\" decoding=\"async\" class=\"alignnone size-full wp-image-53832\" src=\"http:\/\/www.paudimodel.com\/wp-content\/uploads\/2018\/03\/Honda-Civic-2016-OR-6.jpg\" alt=\"\" width=\"990\" height=\"658\" srcset=\"https:\/\/www.paudimodel.com\/wp-content\/uploads\/2018\/03\/Honda-Civic-2016-OR-6.jpg 990w, https:\/\/www.paudimodel.com\/wp-content\/uploads\/2018\/03\/Honda-Civic-2016-OR-6-300x199.jpg 300w, https:\/\/www.paudimodel.com\/wp-content\/uploads\/2018\/03\/Honda-Civic-2016-OR-6-450x299.jpg 450w, https:\/\/www.paudimodel.com\/wp-content\/uploads\/2018\/03\/Honda-Civic-2016-OR-6-768x510.jpg 768w\" sizes=\"auto, (max-width: 990px) 100vw, 990px\" \/><br \/>\n<img loading=\"lazy\" decoding=\"async\" class=\"alignnone size-full wp-image-53835\" src=\"http:\/\/www.paudimodel.com\/wp-content\/uploads\/2018\/03\/Honda-Civic-2016-OR-7.jpg\" alt=\"\" width=\"990\" height=\"658\" srcset=\"https:\/\/www.paudimodel.com\/wp-content\/uploads\/2018\/03\/Honda-Civic-2016-OR-7.jpg 990w, https:\/\/www.paudimodel.com\/wp-content\/uploads\/2018\/03\/Honda-Civic-2016-OR-7-300x199.jpg 300w, https:\/\/www.paudimodel.com\/wp-content\/uploads\/2018\/03\/Honda-Civic-2016-OR-7-450x299.jpg 450w, https:\/\/www.paudimodel.com\/wp-content\/uploads\/2018\/03\/Honda-Civic-2016-OR-7-768x510.jpg 768w\" sizes=\"auto, (max-width: 990px) 100vw, 990px\" \/><br \/>\n<img loading=\"lazy\" decoding=\"async\" class=\"alignnone size-full wp-image-53838\" src=\"http:\/\/www.paudimodel.com\/wp-content\/uploads\/2018\/03\/Honda-Civic-2016-OR-8.jpg\" alt=\"\" width=\"990\" height=\"658\" srcset=\"https:\/\/www.paudimodel.com\/wp-content\/uploads\/2018\/03\/Honda-Civic-2016-OR-8.jpg 990w, https:\/\/www.paudimodel.com\/wp-content\/uploads\/2018\/03\/Honda-Civic-2016-OR-8-300x199.jpg 300w, https:\/\/www.paudimodel.com\/wp-content\/uploads\/2018\/03\/Honda-Civic-2016-OR-8-450x299.jpg 450w, https:\/\/www.paudimodel.com\/wp-content\/uploads\/2018\/03\/Honda-Civic-2016-OR-8-768x510.jpg 768w\" sizes=\"auto, (max-width: 990px) 100vw, 990px\" \/><br \/>\n<img loading=\"lazy\" decoding=\"async\" class=\"alignnone size-full wp-image-53841\" src=\"http:\/\/www.paudimodel.com\/wp-content\/uploads\/2018\/03\/Honda-Civic-2016-OR-9.jpg\" alt=\"\" width=\"990\" height=\"658\" srcset=\"https:\/\/www.paudimodel.com\/wp-content\/uploads\/2018\/03\/Honda-Civic-2016-OR-9.jpg 990w, https:\/\/www.paudimodel.com\/wp-content\/uploads\/2018\/03\/Honda-Civic-2016-OR-9-300x199.jpg 300w, https:\/\/www.paudimodel.com\/wp-content\/uploads\/2018\/03\/Honda-Civic-2016-OR-9-450x299.jpg 450w, https:\/\/www.paudimodel.com\/wp-content\/uploads\/2018\/03\/Honda-Civic-2016-OR-9-768x510.jpg 768w\" sizes=\"auto, (max-width: 990px) 100vw, 990px\" \/><br \/>\n<img loading=\"lazy\" decoding=\"async\" class=\"alignnone size-full wp-image-53844\" src=\"http:\/\/www.paudimodel.com\/wp-content\/uploads\/2018\/03\/Honda-Civic-2016-OR-10.jpg\" alt=\"\" width=\"990\" height=\"658\" srcset=\"https:\/\/www.paudimodel.com\/wp-content\/uploads\/2018\/03\/Honda-Civic-2016-OR-10.jpg 990w, https:\/\/www.paudimodel.com\/wp-content\/uploads\/2018\/03\/Honda-Civic-2016-OR-10-300x199.jpg 300w, https:\/\/www.paudimodel.com\/wp-content\/uploads\/2018\/03\/Honda-Civic-2016-OR-10-450x299.jpg 450w, https:\/\/www.paudimodel.com\/wp-content\/uploads\/2018\/03\/Honda-Civic-2016-OR-10-768x510.jpg 768w\" sizes=\"auto, (max-width: 990px) 100vw, 990px\" \/><br \/>\n<img loading=\"lazy\" decoding=\"async\" class=\"alignnone size-full wp-image-53847\" src=\"http:\/\/www.paudimodel.com\/wp-content\/uploads\/2018\/03\/Honda-Civic-2016-OR-11.jpg\" alt=\"\" width=\"990\" height=\"658\" srcset=\"https:\/\/www.paudimodel.com\/wp-content\/uploads\/2018\/03\/Honda-Civic-2016-OR-11.jpg 990w, https:\/\/www.paudimodel.com\/wp-content\/uploads\/2018\/03\/Honda-Civic-2016-OR-11-300x199.jpg 300w, https:\/\/www.paudimodel.com\/wp-content\/uploads\/2018\/03\/Honda-Civic-2016-OR-11-450x299.jpg 450w, https:\/\/www.paudimodel.com\/wp-content\/uploads\/2018\/03\/Honda-Civic-2016-OR-11-768x510.jpg 768w\" sizes=\"auto, (max-width: 990px) 100vw, 990px\" \/><br \/>\n<img loading=\"lazy\" decoding=\"async\" class=\"alignnone size-full wp-image-53850\" src=\"http:\/\/www.paudimodel.com\/wp-content\/uploads\/2018\/03\/Honda-Civic-2016-OR-12.jpg\" alt=\"\" width=\"990\" height=\"658\" srcset=\"https:\/\/www.paudimodel.com\/wp-content\/uploads\/2018\/03\/Honda-Civic-2016-OR-12.jpg 990w, https:\/\/www.paudimodel.com\/wp-content\/uploads\/2018\/03\/Honda-Civic-2016-OR-12-300x199.jpg 300w, https:\/\/www.paudimodel.com\/wp-content\/uploads\/2018\/03\/Honda-Civic-2016-OR-12-450x299.jpg 450w, https:\/\/www.paudimodel.com\/wp-content\/uploads\/2018\/03\/Honda-Civic-2016-OR-12-768x510.jpg 768w\" sizes=\"auto, (max-width: 990px) 100vw, 990px\" \/><br \/>\n<img loading=\"lazy\" decoding=\"async\" class=\"alignnone size-full wp-image-53853\" src=\"http:\/\/www.paudimodel.com\/wp-content\/uploads\/2018\/03\/Honda-Civic-2016-OR-13.jpg\" alt=\"\" width=\"990\" height=\"658\" srcset=\"https:\/\/www.paudimodel.com\/wp-content\/uploads\/2018\/03\/Honda-Civic-2016-OR-13.jpg 990w, https:\/\/www.paudimodel.com\/wp-content\/uploads\/2018\/03\/Honda-Civic-2016-OR-13-300x199.jpg 300w, https:\/\/www.paudimodel.com\/wp-content\/uploads\/2018\/03\/Honda-Civic-2016-OR-13-450x299.jpg 450w, https:\/\/www.paudimodel.com\/wp-content\/uploads\/2018\/03\/Honda-Civic-2016-OR-13-768x510.jpg 768w\" sizes=\"auto, (max-width: 990px) 100vw, 990px\" \/><\/p>","protected":false},"excerpt":{"rendered":"<p>Dieses 1\/18 Druckgussauto akzeptiert den Gro\u00dfhandel, wird zum Gro\u00dfhandel und kann sich beim Anmelden den Gro\u00dfhandelspreis ansehen<\/p>\n<p>Produktcode: 2501BL,2501OR<\/p>\n<p>Farbe: Blau, Orange <\/p>\n<p>Das Modellauto hat den Ma\u00dfstab 1:18 des Originalautos, das Material besteht aus Zinklegierungen + ABS + anderen Verbundwerkstoffen. Die Lackoberfl\u00e4che wird durch dreischichtige elektrostatische Spr\u00fchlackierung hergestellt, die Montageteile haben einen Wert von bis zu 150\u2013300 und sind mit Sammelwert die beste Wahl f\u00fcr Sammlerst\u00fccke und Geschenke.<\/p>","protected":false},"featured_media":53817,"comment_status":"closed","ping_status":"closed","template":"","meta":[],"product_brand":[],"product_cat":[466,811],"product_tag":[1015,50,63,812,133,59],"class_list":{"0":"post-53809","1":"product","2":"type-product","3":"status-publish","4":"has-post-thumbnail","6":"product_cat-1-18-scale","7":"product_cat-honda","8":"product_tag-civic","9":"product_tag-diecast-model-car","10":"product_tag-hobby-model-car","11":"product_tag-honda","12":"product_tag-paudimodel","13":"product_tag-scale-model-car","14":"pa_color-orange","15":"pa_color-deep-blue-pearl","17":"first","18":"outofstock","19":"taxable","20":"shipping-taxable","21":"purchasable","22":"product-type-variable","23":"has-default-attributes"},"yoast_head":"<!-- This site is optimized with the Yoast SEO Premium plugin v25.6 (Yoast SEO v26.7) - https:\/\/yoast.com\/wordpress\/plugins\/seo\/ -->\n<title>Honda CIVIC 2016\uff0810th generation\uff09 1\/18 Scale Diecast Model Car - Paudi Model | High Quality Diecast Model<\/title>\n<meta name=\"description\" content=\"1). The engine hood can be opened 2). The trunk can be opened. 3). Four doors can be opened 4). The louver can be opened 5). The rear mirror can be folded\" \/>\n<meta name=\"robots\" content=\"index, follow, max-snippet:-1, max-image-preview:large, max-video-preview:-1\" \/>\n<link rel=\"canonical\" href=\"https:\/\/www.paudimodel.com\/de\/produkt\/honda-civic-2016\uff0810th-generation\uff09-1-18-scale-diecast-model-car\/\" \/>\n<meta property=\"og:locale\" content=\"de_DE\" \/>\n<meta property=\"og:type\" content=\"article\" \/>\n<meta property=\"og:title\" content=\"Honda CIVIC 2016\uff0810th generation\uff09 1\/18 Scale Diecast Model Car\" \/>\n<meta property=\"og:description\" content=\"1). The engine hood can be opened 2). The trunk can be opened. 3). Four doors can be opened 4). The louver can be opened 5). The rear mirror can be folded\" \/>\n<meta property=\"og:url\" content=\"https:\/\/www.paudimodel.com\/de\/produkt\/honda-civic-2016\uff0810th-generation\uff09-1-18-scale-diecast-model-car\/\" \/>\n<meta property=\"og:site_name\" content=\"Paudi Model | High Quality Diecast Model\" \/>\n<meta property=\"article:publisher\" content=\"https:\/\/www.facebook\/paudimodel\" \/>\n<meta property=\"article:modified_time\" content=\"2022-11-07T04:37:17+00:00\" \/>\n<meta property=\"og:image\" content=\"https:\/\/www.paudimodel.com\/wp-content\/uploads\/2018\/03\/Honda-Civic-2016-OR-1.jpg\" \/>\n\t<meta property=\"og:image:width\" content=\"990\" \/>\n\t<meta property=\"og:image:height\" content=\"658\" \/>\n\t<meta property=\"og:image:type\" content=\"image\/jpeg\" \/>\n<meta name=\"twitter:card\" content=\"summary_large_image\" \/>\n<meta name=\"twitter:site\" content=\"@paudimodel\" \/>\n<meta name=\"twitter:label1\" content=\"Gesch\u00e4tzte Lesezeit\" \/>\n\t<meta name=\"twitter:data1\" content=\"1\u00a0Minute\" \/>\n<script type=\"application\/ld+json\" class=\"yoast-schema-graph\">{\"@context\":\"https:\/\/schema.org\",\"@graph\":[{\"@type\":\"WebPage\",\"@id\":\"https:\/\/www.paudimodel.com\/product\/honda-civic-2016%ef%bc%8810th-generation%ef%bc%89-1-18-scale-diecast-model-car\/\",\"url\":\"https:\/\/www.paudimodel.com\/product\/honda-civic-2016%ef%bc%8810th-generation%ef%bc%89-1-18-scale-diecast-model-car\/\",\"name\":\"Honda CIVIC 2016\uff0810th generation\uff09 1\/18 Scale Diecast Model Car - Paudi Model | High Quality Diecast Model\",\"isPartOf\":{\"@id\":\"https:\/\/www.paudimodel.com\/#website\"},\"primaryImageOfPage\":{\"@id\":\"https:\/\/www.paudimodel.com\/product\/honda-civic-2016%ef%bc%8810th-generation%ef%bc%89-1-18-scale-diecast-model-car\/#primaryimage\"},\"image\":{\"@id\":\"https:\/\/www.paudimodel.com\/product\/honda-civic-2016%ef%bc%8810th-generation%ef%bc%89-1-18-scale-diecast-model-car\/#primaryimage\"},\"thumbnailUrl\":\"https:\/\/www.paudimodel.com\/wp-content\/uploads\/2018\/03\/Honda-Civic-2016-OR-1.jpg\",\"datePublished\":\"2018-03-15T06:47:04+00:00\",\"dateModified\":\"2022-11-07T04:37:17+00:00\",\"description\":\"1). The engine hood can be opened 2). The trunk can be opened. 3). Four doors can be opened 4). The louver can be opened 5). The rear mirror can be folded\",\"breadcrumb\":{\"@id\":\"https:\/\/www.paudimodel.com\/product\/honda-civic-2016%ef%bc%8810th-generation%ef%bc%89-1-18-scale-diecast-model-car\/#breadcrumb\"},\"inLanguage\":\"de\",\"potentialAction\":[{\"@type\":\"ReadAction\",\"target\":[\"https:\/\/www.paudimodel.com\/product\/honda-civic-2016%ef%bc%8810th-generation%ef%bc%89-1-18-scale-diecast-model-car\/\"]}]},{\"@type\":\"ImageObject\",\"inLanguage\":\"de\",\"@id\":\"https:\/\/www.paudimodel.com\/product\/honda-civic-2016%ef%bc%8810th-generation%ef%bc%89-1-18-scale-diecast-model-car\/#primaryimage\",\"url\":\"https:\/\/www.paudimodel.com\/wp-content\/uploads\/2018\/03\/Honda-Civic-2016-OR-1.jpg\",\"contentUrl\":\"https:\/\/www.paudimodel.com\/wp-content\/uploads\/2018\/03\/Honda-Civic-2016-OR-1.jpg\",\"width\":990,\"height\":658},{\"@type\":\"BreadcrumbList\",\"@id\":\"https:\/\/www.paudimodel.com\/product\/honda-civic-2016%ef%bc%8810th-generation%ef%bc%89-1-18-scale-diecast-model-car\/#breadcrumb\",\"itemListElement\":[{\"@type\":\"ListItem\",\"position\":1,\"name\":\"Home\",\"item\":\"https:\/\/www.paudimodel.com\/\"},{\"@type\":\"ListItem\",\"position\":2,\"name\":\"Products\",\"item\":\"https:\/\/www.paudimodel.com\/products\/\"},{\"@type\":\"ListItem\",\"position\":3,\"name\":\"Honda CIVIC 2016\uff0810th generation\uff09 1\/18 Scale Diecast Model Car\"}]},{\"@type\":\"WebSite\",\"@id\":\"https:\/\/www.paudimodel.com\/#website\",\"url\":\"https:\/\/www.paudimodel.com\/\",\"name\":\"Paudi Model | High Quality Diecast Model\",\"description\":\"Shop For Diecast Models From Top-Rated Brands Like Dealer Edition, Paudi, Kyosho, Autoart &amp; More. Low Online Prices. Super-Detailed Models.Find Your Make &amp; Model.Huge Selection. Satisfaction Guaranteed. Types: Diecast Model Cars, Diecast Model Trucks.\",\"publisher\":{\"@id\":\"https:\/\/www.paudimodel.com\/#organization\"},\"alternateName\":\"Scale model design, development and production\",\"potentialAction\":[{\"@type\":\"SearchAction\",\"target\":{\"@type\":\"EntryPoint\",\"urlTemplate\":\"https:\/\/www.paudimodel.com\/?s={search_term_string}\"},\"query-input\":{\"@type\":\"PropertyValueSpecification\",\"valueRequired\":true,\"valueName\":\"search_term_string\"}}],\"inLanguage\":\"de\"},{\"@type\":\"Organization\",\"@id\":\"https:\/\/www.paudimodel.com\/#organization\",\"name\":\"Guangzhou Paudi Model Technology Ltd.\",\"url\":\"https:\/\/www.paudimodel.com\/\",\"logo\":{\"@type\":\"ImageObject\",\"inLanguage\":\"de\",\"@id\":\"https:\/\/www.paudimodel.com\/#\/schema\/logo\/image\/\",\"url\":\"https:\/\/www.paudimodel.com\/wp-content\/uploads\/2023\/02\/696x696.png\",\"contentUrl\":\"https:\/\/www.paudimodel.com\/wp-content\/uploads\/2023\/02\/696x696.png\",\"width\":696,\"height\":696,\"caption\":\"Guangzhou Paudi Model Technology Ltd.\"},\"image\":{\"@id\":\"https:\/\/www.paudimodel.com\/#\/schema\/logo\/image\/\"},\"sameAs\":[\"https:\/\/www.facebook\/paudimodel\",\"https:\/\/x.com\/paudimodel\"]}]}<\/script>\n<!-- \/ Yoast SEO Premium plugin. -->","yoast_head_json":{"title":"Honda CIVIC 2016\uff0810th generation\uff09 1\/18 Scale Diecast Model Car - Paudi Model | High Quality Diecast Model","description":"1) Die Motorhaube l\u00e4sst sich \u00f6ffnen. 2) Der Kofferraum l\u00e4sst sich \u00f6ffnen. 3) Alle vier T\u00fcren lassen sich \u00f6ffnen. 4) Die L\u00fcftungsschlitze lassen sich \u00f6ffnen. 5) Die Au\u00dfenspiegel lassen sich einklappen.","robots":{"index":"index","follow":"follow","max-snippet":"max-snippet:-1","max-image-preview":"max-image-preview:large","max-video-preview":"max-video-preview:-1"},"canonical":"https:\/\/www.paudimodel.com\/de\/produkt\/honda-civic-2016\uff0810th-generation\uff09-1-18-scale-diecast-model-car\/","og_locale":"de_DE","og_type":"article","og_title":"Honda CIVIC 2016\uff0810th generation\uff09 1\/18 Scale Diecast Model Car","og_description":"1). The engine hood can be opened 2). The trunk can be opened. 3). Four doors can be opened 4). The louver can be opened 5). The rear mirror can be folded","og_url":"https:\/\/www.paudimodel.com\/de\/produkt\/honda-civic-2016\uff0810th-generation\uff09-1-18-scale-diecast-model-car\/","og_site_name":"Paudi Model | High Quality Diecast Model","article_publisher":"https:\/\/www.facebook\/paudimodel","article_modified_time":"2022-11-07T04:37:17+00:00","og_image":[{"width":990,"height":658,"url":"https:\/\/www.paudimodel.com\/wp-content\/uploads\/2018\/03\/Honda-Civic-2016-OR-1.jpg","type":"image\/jpeg"}],"twitter_card":"summary_large_image","twitter_site":"@paudimodel","twitter_misc":{"Gesch\u00e4tzte Lesezeit":"1\u00a0Minute"},"schema":{"@context":"https:\/\/schema.org","@graph":[{"@type":"WebPage","@id":"https:\/\/www.paudimodel.com\/product\/honda-civic-2016%ef%bc%8810th-generation%ef%bc%89-1-18-scale-diecast-model-car\/","url":"https:\/\/www.paudimodel.com\/product\/honda-civic-2016%ef%bc%8810th-generation%ef%bc%89-1-18-scale-diecast-model-car\/","name":"Honda CIVIC 2016\uff0810th generation\uff09 1\/18 Scale Diecast Model Car - Paudi Model | High Quality Diecast Model","isPartOf":{"@id":"https:\/\/www.paudimodel.com\/#website"},"primaryImageOfPage":{"@id":"https:\/\/www.paudimodel.com\/product\/honda-civic-2016%ef%bc%8810th-generation%ef%bc%89-1-18-scale-diecast-model-car\/#primaryimage"},"image":{"@id":"https:\/\/www.paudimodel.com\/product\/honda-civic-2016%ef%bc%8810th-generation%ef%bc%89-1-18-scale-diecast-model-car\/#primaryimage"},"thumbnailUrl":"https:\/\/www.paudimodel.com\/wp-content\/uploads\/2018\/03\/Honda-Civic-2016-OR-1.jpg","datePublished":"2018-03-15T06:47:04+00:00","dateModified":"2022-11-07T04:37:17+00:00","description":"1) Die Motorhaube l\u00e4sst sich \u00f6ffnen. 2) Der Kofferraum l\u00e4sst sich \u00f6ffnen. 3) Alle vier T\u00fcren lassen sich \u00f6ffnen. 4) Die L\u00fcftungsschlitze lassen sich \u00f6ffnen. 5) Die Au\u00dfenspiegel lassen sich einklappen.","breadcrumb":{"@id":"https:\/\/www.paudimodel.com\/product\/honda-civic-2016%ef%bc%8810th-generation%ef%bc%89-1-18-scale-diecast-model-car\/#breadcrumb"},"inLanguage":"de","potentialAction":[{"@type":"ReadAction","target":["https:\/\/www.paudimodel.com\/product\/honda-civic-2016%ef%bc%8810th-generation%ef%bc%89-1-18-scale-diecast-model-car\/"]}]},{"@type":"ImageObject","inLanguage":"de","@id":"https:\/\/www.paudimodel.com\/product\/honda-civic-2016%ef%bc%8810th-generation%ef%bc%89-1-18-scale-diecast-model-car\/#primaryimage","url":"https:\/\/www.paudimodel.com\/wp-content\/uploads\/2018\/03\/Honda-Civic-2016-OR-1.jpg","contentUrl":"https:\/\/www.paudimodel.com\/wp-content\/uploads\/2018\/03\/Honda-Civic-2016-OR-1.jpg","width":990,"height":658},{"@type":"BreadcrumbList","@id":"https:\/\/www.paudimodel.com\/product\/honda-civic-2016%ef%bc%8810th-generation%ef%bc%89-1-18-scale-diecast-model-car\/#breadcrumb","itemListElement":[{"@type":"ListItem","position":1,"name":"Home","item":"https:\/\/www.paudimodel.com\/"},{"@type":"ListItem","position":2,"name":"Products","item":"https:\/\/www.paudimodel.com\/products\/"},{"@type":"ListItem","position":3,"name":"Honda CIVIC 2016\uff0810th generation\uff09 1\/18 Scale Diecast Model Car"}]},{"@type":"WebSite","@id":"https:\/\/www.paudimodel.com\/#website","url":"https:\/\/www.paudimodel.com\/","name":"Paudi-Modell | Hochwertiges Druckgussmodell","description":"Kaufen Sie Druckgussmodelle von Top-Marken wie Dealer Edition, Paudi, Kyosho, Autoart und mehr. G\u00fcnstige Online-Preise. Superdetaillierte Modelle. Finden Sie Ihre Marke und Ihr Modell. Riesige Auswahl. Zufriedenheitsgarantie. Typen: Druckguss-Modellautos, Druckguss-Modell-LKWs.","publisher":{"@id":"https:\/\/www.paudimodel.com\/#organization"},"alternateName":"Scale model design, development and production","potentialAction":[{"@type":"SearchAction","target":{"@type":"EntryPoint","urlTemplate":"https:\/\/www.paudimodel.com\/?s={search_term_string}"},"query-input":{"@type":"PropertyValueSpecification","valueRequired":true,"valueName":"search_term_string"}}],"inLanguage":"de"},{"@type":"Organization","@id":"https:\/\/www.paudimodel.com\/#organization","name":"Guangzhou Paudi Model Technology Ltd.","url":"https:\/\/www.paudimodel.com\/","logo":{"@type":"ImageObject","inLanguage":"de","@id":"https:\/\/www.paudimodel.com\/#\/schema\/logo\/image\/","url":"https:\/\/www.paudimodel.com\/wp-content\/uploads\/2023\/02\/696x696.png","contentUrl":"https:\/\/www.paudimodel.com\/wp-content\/uploads\/2023\/02\/696x696.png","width":696,"height":696,"caption":"Guangzhou Paudi Model Technology Ltd."},"image":{"@id":"https:\/\/www.paudimodel.com\/#\/schema\/logo\/image\/"},"sameAs":["https:\/\/www.facebook\/paudimodel","https:\/\/x.com\/paudimodel"]}]}},"_links":{"self":[{"href":"https:\/\/www.paudimodel.com\/de\/wp-json\/wp\/v2\/product\/53809","targetHints":{"allow":["GET"]}}],"collection":[{"href":"https:\/\/www.paudimodel.com\/de\/wp-json\/wp\/v2\/product"}],"about":[{"href":"https:\/\/www.paudimodel.com\/de\/wp-json\/wp\/v2\/types\/product"}],"replies":[{"embeddable":true,"href":"https:\/\/www.paudimodel.com\/de\/wp-json\/wp\/v2\/comments?post=53809"}],"wp:featuredmedia":[{"embeddable":true,"href":"https:\/\/www.paudimodel.com\/de\/wp-json\/wp\/v2\/media\/53817"}],"wp:attachment":[{"href":"https:\/\/www.paudimodel.com\/de\/wp-json\/wp\/v2\/media?parent=53809"}],"wp:term":[{"taxonomy":"product_brand","embeddable":true,"href":"https:\/\/www.paudimodel.com\/de\/wp-json\/wp\/v2\/product_brand?post=53809"},{"taxonomy":"product_cat","embeddable":true,"href":"https:\/\/www.paudimodel.com\/de\/wp-json\/wp\/v2\/product_cat?post=53809"},{"taxonomy":"product_tag","embeddable":true,"href":"https:\/\/www.paudimodel.com\/de\/wp-json\/wp\/v2\/product_tag?post=53809"}],"curies":[{"name":"wp","href":"https:\/\/api.w.org\/{rel}","templated":true}]}}