{"id":53862,"date":"2018-03-15T07:02:56","date_gmt":"2018-03-15T07:02:56","guid":{"rendered":"http:\/\/www.paudimodel.com\/?post_type=product&#038;p=53862"},"modified":"2021-06-24T03:44:43","modified_gmt":"2021-06-24T03:44:43","slug":"infiniti-q60-2018-1-18-scale-diecast-model-car","status":"publish","type":"product","link":"https:\/\/www.paudimodel.com\/de\/produkt\/infiniti-q60-2018-1-18-scale-diecast-model-car\/","title":{"rendered":"Infiniti Q60 2018, Druckguss-Modellauto im Ma\u00dfstab 1:18"},"content":{"rendered":"<p>1\/18 Infiniti Q60 2018 Modellauto\/Druckgussmodellauto\/Sammlermodell\/Miniaturauto\/Ma\u00dfstabsmodellauto Kurzbeschreibung:<\/p>\n<p>Beim Entfernen des Produkts die Karosserie des Fahrzeugs fest umfassen und mit gleichm\u00e4\u00dfiger Kraft senkrecht nach oben dr\u00fccken, um das Modellauto zu entfernen.<br \/>\nTipp! Zum \u00d6ffnen der Modellautot\u00fcr verwenden Sie bitte den speziellen T\u00fcrschl\u00fcssel, der sich im Styropor befindet. \u00d6ffnen Sie die T\u00fcr mit einem Winkel von etwa 45 Grad. Drehen Sie zum \u00d6ffnen der T\u00fcr nicht den R\u00fcckspiegel!<\/p>\n<p>Beschreibung:<\/p>\n<p>1. Dieses Druckgussfahrzeug hat zu \u00f6ffnende Vorder- und Hintert\u00fcren. Nach dem \u00d6ffnen werden Sie eine erstaunliche Menge an Details auf dem Armaturenbrett sehen.<br \/>\n2. Mit einem Panoramadach, das sich bis zu 45 Grad \u00f6ffnen l\u00e4sst<br \/>\n3. Alle vier R\u00e4der sind drehbar und mit Sto\u00dfd\u00e4mpfern ausgestattet.<br \/>\n4. Tankdeckel \u00f6ffnen<br \/>\n5. Klappbare linke und rechte Seitenspiegel.<br \/>\n6. Durch das \u00d6ffnen der Motorhaube wird ein sehr detaillierter Motorraum sichtbar.<br \/>\n7. Das aktive Lenkrad, das die Vorderr\u00e4der bewegt.<br \/>\n8. Fahrerhaussitz nach vorne verschiebbar<br \/>\n9. Beim \u00d6ffnen der hinteren T\u00fcr offenbart sich ein \u00e4u\u00dferst detaillierter Innenraum.<\/p>\n<p><img loading=\"lazy\" decoding=\"async\" class=\"alignnone size-full wp-image-53874\" src=\"http:\/\/www.paudimodel.com\/wp-content\/uploads\/2018\/03\/Infiniti-Q60-2017-R-2.jpg\" alt=\"\" width=\"990\" height=\"658\" srcset=\"https:\/\/www.paudimodel.com\/wp-content\/uploads\/2018\/03\/Infiniti-Q60-2017-R-2.jpg 990w, https:\/\/www.paudimodel.com\/wp-content\/uploads\/2018\/03\/Infiniti-Q60-2017-R-2-300x199.jpg 300w, https:\/\/www.paudimodel.com\/wp-content\/uploads\/2018\/03\/Infiniti-Q60-2017-R-2-450x299.jpg 450w, https:\/\/www.paudimodel.com\/wp-content\/uploads\/2018\/03\/Infiniti-Q60-2017-R-2-768x510.jpg 768w\" sizes=\"auto, (max-width: 990px) 100vw, 990px\" \/><br \/>\n<img loading=\"lazy\" decoding=\"async\" class=\"alignnone size-full wp-image-53877\" src=\"http:\/\/www.paudimodel.com\/wp-content\/uploads\/2018\/03\/Infiniti-Q60-2017-R-3.jpg\" alt=\"\" width=\"990\" height=\"658\" srcset=\"https:\/\/www.paudimodel.com\/wp-content\/uploads\/2018\/03\/Infiniti-Q60-2017-R-3.jpg 990w, https:\/\/www.paudimodel.com\/wp-content\/uploads\/2018\/03\/Infiniti-Q60-2017-R-3-300x199.jpg 300w, https:\/\/www.paudimodel.com\/wp-content\/uploads\/2018\/03\/Infiniti-Q60-2017-R-3-450x299.jpg 450w, https:\/\/www.paudimodel.com\/wp-content\/uploads\/2018\/03\/Infiniti-Q60-2017-R-3-768x510.jpg 768w\" sizes=\"auto, (max-width: 990px) 100vw, 990px\" \/><br \/>\n<img loading=\"lazy\" decoding=\"async\" class=\"alignnone size-full wp-image-53880\" src=\"http:\/\/www.paudimodel.com\/wp-content\/uploads\/2018\/03\/Infiniti-Q60-2017-R-4.jpg\" alt=\"\" width=\"990\" height=\"658\" srcset=\"https:\/\/www.paudimodel.com\/wp-content\/uploads\/2018\/03\/Infiniti-Q60-2017-R-4.jpg 990w, https:\/\/www.paudimodel.com\/wp-content\/uploads\/2018\/03\/Infiniti-Q60-2017-R-4-300x199.jpg 300w, https:\/\/www.paudimodel.com\/wp-content\/uploads\/2018\/03\/Infiniti-Q60-2017-R-4-450x299.jpg 450w, https:\/\/www.paudimodel.com\/wp-content\/uploads\/2018\/03\/Infiniti-Q60-2017-R-4-768x510.jpg 768w\" sizes=\"auto, (max-width: 990px) 100vw, 990px\" \/><br \/>\n<img loading=\"lazy\" decoding=\"async\" class=\"alignnone size-full wp-image-53883\" src=\"http:\/\/www.paudimodel.com\/wp-content\/uploads\/2018\/03\/Infiniti-Q60-2017-R-5.jpg\" alt=\"\" width=\"990\" height=\"658\" srcset=\"https:\/\/www.paudimodel.com\/wp-content\/uploads\/2018\/03\/Infiniti-Q60-2017-R-5.jpg 990w, https:\/\/www.paudimodel.com\/wp-content\/uploads\/2018\/03\/Infiniti-Q60-2017-R-5-300x199.jpg 300w, https:\/\/www.paudimodel.com\/wp-content\/uploads\/2018\/03\/Infiniti-Q60-2017-R-5-450x299.jpg 450w, https:\/\/www.paudimodel.com\/wp-content\/uploads\/2018\/03\/Infiniti-Q60-2017-R-5-768x510.jpg 768w\" sizes=\"auto, (max-width: 990px) 100vw, 990px\" \/><br \/>\n<img loading=\"lazy\" decoding=\"async\" class=\"alignnone size-full wp-image-53886\" src=\"http:\/\/www.paudimodel.com\/wp-content\/uploads\/2018\/03\/Infiniti-Q60-2017-R-6.jpg\" alt=\"\" width=\"990\" height=\"658\" srcset=\"https:\/\/www.paudimodel.com\/wp-content\/uploads\/2018\/03\/Infiniti-Q60-2017-R-6.jpg 990w, https:\/\/www.paudimodel.com\/wp-content\/uploads\/2018\/03\/Infiniti-Q60-2017-R-6-300x199.jpg 300w, https:\/\/www.paudimodel.com\/wp-content\/uploads\/2018\/03\/Infiniti-Q60-2017-R-6-450x299.jpg 450w, https:\/\/www.paudimodel.com\/wp-content\/uploads\/2018\/03\/Infiniti-Q60-2017-R-6-768x510.jpg 768w\" sizes=\"auto, (max-width: 990px) 100vw, 990px\" \/><br \/>\n<img loading=\"lazy\" decoding=\"async\" class=\"alignnone size-full wp-image-53889\" src=\"http:\/\/www.paudimodel.com\/wp-content\/uploads\/2018\/03\/Infiniti-Q60-2017-R-7.jpg\" alt=\"\" width=\"990\" height=\"658\" srcset=\"https:\/\/www.paudimodel.com\/wp-content\/uploads\/2018\/03\/Infiniti-Q60-2017-R-7.jpg 990w, https:\/\/www.paudimodel.com\/wp-content\/uploads\/2018\/03\/Infiniti-Q60-2017-R-7-300x199.jpg 300w, https:\/\/www.paudimodel.com\/wp-content\/uploads\/2018\/03\/Infiniti-Q60-2017-R-7-450x299.jpg 450w, https:\/\/www.paudimodel.com\/wp-content\/uploads\/2018\/03\/Infiniti-Q60-2017-R-7-768x510.jpg 768w\" sizes=\"auto, (max-width: 990px) 100vw, 990px\" \/><br \/>\n<img loading=\"lazy\" decoding=\"async\" class=\"alignnone size-full wp-image-53892\" src=\"http:\/\/www.paudimodel.com\/wp-content\/uploads\/2018\/03\/Infiniti-Q60-2017-R-8.jpg\" alt=\"\" width=\"990\" height=\"658\" srcset=\"https:\/\/www.paudimodel.com\/wp-content\/uploads\/2018\/03\/Infiniti-Q60-2017-R-8.jpg 990w, https:\/\/www.paudimodel.com\/wp-content\/uploads\/2018\/03\/Infiniti-Q60-2017-R-8-300x199.jpg 300w, https:\/\/www.paudimodel.com\/wp-content\/uploads\/2018\/03\/Infiniti-Q60-2017-R-8-450x299.jpg 450w, https:\/\/www.paudimodel.com\/wp-content\/uploads\/2018\/03\/Infiniti-Q60-2017-R-8-768x510.jpg 768w\" sizes=\"auto, (max-width: 990px) 100vw, 990px\" \/><br \/>\n<img loading=\"lazy\" decoding=\"async\" class=\"alignnone size-full wp-image-53895\" src=\"http:\/\/www.paudimodel.com\/wp-content\/uploads\/2018\/03\/Infiniti-Q60-2017-R-9.jpg\" alt=\"\" width=\"990\" height=\"658\" srcset=\"https:\/\/www.paudimodel.com\/wp-content\/uploads\/2018\/03\/Infiniti-Q60-2017-R-9.jpg 990w, https:\/\/www.paudimodel.com\/wp-content\/uploads\/2018\/03\/Infiniti-Q60-2017-R-9-300x199.jpg 300w, https:\/\/www.paudimodel.com\/wp-content\/uploads\/2018\/03\/Infiniti-Q60-2017-R-9-450x299.jpg 450w, https:\/\/www.paudimodel.com\/wp-content\/uploads\/2018\/03\/Infiniti-Q60-2017-R-9-768x510.jpg 768w\" sizes=\"auto, (max-width: 990px) 100vw, 990px\" \/><br \/>\n<img loading=\"lazy\" decoding=\"async\" class=\"alignnone size-full wp-image-53898\" src=\"http:\/\/www.paudimodel.com\/wp-content\/uploads\/2018\/03\/Infiniti-Q60-2017-R-10.jpg\" alt=\"\" width=\"990\" height=\"658\" srcset=\"https:\/\/www.paudimodel.com\/wp-content\/uploads\/2018\/03\/Infiniti-Q60-2017-R-10.jpg 990w, https:\/\/www.paudimodel.com\/wp-content\/uploads\/2018\/03\/Infiniti-Q60-2017-R-10-300x199.jpg 300w, https:\/\/www.paudimodel.com\/wp-content\/uploads\/2018\/03\/Infiniti-Q60-2017-R-10-450x299.jpg 450w, https:\/\/www.paudimodel.com\/wp-content\/uploads\/2018\/03\/Infiniti-Q60-2017-R-10-768x510.jpg 768w\" sizes=\"auto, (max-width: 990px) 100vw, 990px\" \/><br \/>\n<img loading=\"lazy\" decoding=\"async\" class=\"alignnone size-full wp-image-53901\" src=\"http:\/\/www.paudimodel.com\/wp-content\/uploads\/2018\/03\/Infiniti-Q60-2017-R-11.jpg\" alt=\"\" width=\"990\" height=\"658\" srcset=\"https:\/\/www.paudimodel.com\/wp-content\/uploads\/2018\/03\/Infiniti-Q60-2017-R-11.jpg 990w, https:\/\/www.paudimodel.com\/wp-content\/uploads\/2018\/03\/Infiniti-Q60-2017-R-11-300x199.jpg 300w, https:\/\/www.paudimodel.com\/wp-content\/uploads\/2018\/03\/Infiniti-Q60-2017-R-11-450x299.jpg 450w, https:\/\/www.paudimodel.com\/wp-content\/uploads\/2018\/03\/Infiniti-Q60-2017-R-11-768x510.jpg 768w\" sizes=\"auto, (max-width: 990px) 100vw, 990px\" \/><br \/>\n<img loading=\"lazy\" decoding=\"async\" class=\"alignnone size-full wp-image-53904\" src=\"http:\/\/www.paudimodel.com\/wp-content\/uploads\/2018\/03\/Infiniti-Q60-2017-R-12.jpg\" alt=\"\" width=\"990\" height=\"658\" srcset=\"https:\/\/www.paudimodel.com\/wp-content\/uploads\/2018\/03\/Infiniti-Q60-2017-R-12.jpg 990w, https:\/\/www.paudimodel.com\/wp-content\/uploads\/2018\/03\/Infiniti-Q60-2017-R-12-300x199.jpg 300w, https:\/\/www.paudimodel.com\/wp-content\/uploads\/2018\/03\/Infiniti-Q60-2017-R-12-450x299.jpg 450w, https:\/\/www.paudimodel.com\/wp-content\/uploads\/2018\/03\/Infiniti-Q60-2017-R-12-768x510.jpg 768w\" sizes=\"auto, (max-width: 990px) 100vw, 990px\" \/><br \/>\n<img loading=\"lazy\" decoding=\"async\" class=\"alignnone size-full wp-image-53907\" src=\"http:\/\/www.paudimodel.com\/wp-content\/uploads\/2018\/03\/Infiniti-Q60-2017-R-13.jpg\" alt=\"\" width=\"990\" height=\"658\" srcset=\"https:\/\/www.paudimodel.com\/wp-content\/uploads\/2018\/03\/Infiniti-Q60-2017-R-13.jpg 990w, https:\/\/www.paudimodel.com\/wp-content\/uploads\/2018\/03\/Infiniti-Q60-2017-R-13-300x199.jpg 300w, https:\/\/www.paudimodel.com\/wp-content\/uploads\/2018\/03\/Infiniti-Q60-2017-R-13-450x299.jpg 450w, https:\/\/www.paudimodel.com\/wp-content\/uploads\/2018\/03\/Infiniti-Q60-2017-R-13-768x510.jpg 768w\" sizes=\"auto, (max-width: 990px) 100vw, 990px\" \/><\/p>","protected":false},"excerpt":{"rendered":"<p>1\/18 Infiniti Q60 2018 model car\/diecast model car\/Collection model\/Miniature car<br \/>\nArtikel-Nr.: <strong>5520R<\/strong><br \/>\nFarbe: Rot<\/p>","protected":false},"featured_media":53871,"comment_status":"open","ping_status":"closed","template":"","meta":[],"product_brand":[],"product_cat":[466,51],"product_tag":[52,53],"class_list":{"0":"post-53862","1":"product","2":"type-product","3":"status-publish","4":"has-post-thumbnail","6":"product_cat-1-18-scale","7":"product_cat-infiniti","8":"product_tag-infiniti","9":"product_tag-infiniti-model-car","10":"pa_color-redcolor","11":"pa_material-zinc-alloy-abs-variety-of-composite-materials","12":"pa_scale-34","14":"first","15":"outofstock","16":"featured","17":"taxable","18":"shipping-taxable","19":"purchasable","20":"product-type-variable","21":"has-default-attributes"},"yoast_head":"<!-- This site is optimized with the Yoast SEO Premium plugin v25.6 (Yoast SEO v26.7) - https:\/\/yoast.com\/wordpress\/plugins\/seo\/ -->\n<title>Infiniti Q60 2018 1\/18 Scale Diecast Model Car - Paudi Model | High Quality Diecast Model<\/title>\n<meta name=\"description\" content=\"1:18 Infiniti Q70L 2014 Diecast Model Car\" \/>\n<meta name=\"robots\" content=\"index, follow, max-snippet:-1, max-image-preview:large, max-video-preview:-1\" \/>\n<link rel=\"canonical\" href=\"https:\/\/www.paudimodel.com\/de\/produkt\/infiniti-q60-2018-1-18-scale-diecast-model-car\/\" \/>\n<meta property=\"og:locale\" content=\"de_DE\" \/>\n<meta property=\"og:type\" content=\"article\" \/>\n<meta property=\"og:title\" content=\"Infiniti Q60 2018 1\/18 Scale Diecast Model Car\" \/>\n<meta property=\"og:description\" content=\"1:18 Infiniti Q70L 2014 Diecast Model Car\" \/>\n<meta property=\"og:url\" content=\"https:\/\/www.paudimodel.com\/de\/produkt\/infiniti-q60-2018-1-18-scale-diecast-model-car\/\" \/>\n<meta property=\"og:site_name\" content=\"Paudi Model | High Quality Diecast Model\" \/>\n<meta property=\"article:publisher\" content=\"https:\/\/www.facebook\/paudimodel\" \/>\n<meta property=\"article:modified_time\" content=\"2021-06-24T03:44:43+00:00\" \/>\n<meta property=\"og:image\" content=\"https:\/\/www.paudimodel.com\/wp-content\/uploads\/2018\/03\/Infiniti-Q60-2017-R-1.jpg\" \/>\n\t<meta property=\"og:image:width\" content=\"990\" \/>\n\t<meta property=\"og:image:height\" content=\"658\" \/>\n\t<meta property=\"og:image:type\" content=\"image\/jpeg\" \/>\n<meta name=\"twitter:card\" content=\"summary_large_image\" \/>\n<meta name=\"twitter:site\" content=\"@paudimodel\" \/>\n<meta name=\"twitter:label1\" content=\"Gesch\u00e4tzte Lesezeit\" \/>\n\t<meta name=\"twitter:data1\" content=\"1\u00a0Minute\" \/>\n<script type=\"application\/ld+json\" class=\"yoast-schema-graph\">{\"@context\":\"https:\/\/schema.org\",\"@graph\":[{\"@type\":\"WebPage\",\"@id\":\"https:\/\/www.paudimodel.com\/product\/infiniti-q60-2018-1-18-scale-diecast-model-car\/\",\"url\":\"https:\/\/www.paudimodel.com\/product\/infiniti-q60-2018-1-18-scale-diecast-model-car\/\",\"name\":\"Infiniti Q60 2018 1\/18 Scale Diecast Model Car - Paudi Model | High Quality Diecast Model\",\"isPartOf\":{\"@id\":\"https:\/\/www.paudimodel.com\/#website\"},\"primaryImageOfPage\":{\"@id\":\"https:\/\/www.paudimodel.com\/product\/infiniti-q60-2018-1-18-scale-diecast-model-car\/#primaryimage\"},\"image\":{\"@id\":\"https:\/\/www.paudimodel.com\/product\/infiniti-q60-2018-1-18-scale-diecast-model-car\/#primaryimage\"},\"thumbnailUrl\":\"https:\/\/www.paudimodel.com\/wp-content\/uploads\/2018\/03\/Infiniti-Q60-2017-R-1.jpg\",\"datePublished\":\"2018-03-15T07:02:56+00:00\",\"dateModified\":\"2021-06-24T03:44:43+00:00\",\"description\":\"1:18 Infiniti Q70L 2014 Diecast Model Car\",\"breadcrumb\":{\"@id\":\"https:\/\/www.paudimodel.com\/product\/infiniti-q60-2018-1-18-scale-diecast-model-car\/#breadcrumb\"},\"inLanguage\":\"de\",\"potentialAction\":[{\"@type\":\"ReadAction\",\"target\":[\"https:\/\/www.paudimodel.com\/product\/infiniti-q60-2018-1-18-scale-diecast-model-car\/\"]}]},{\"@type\":\"ImageObject\",\"inLanguage\":\"de\",\"@id\":\"https:\/\/www.paudimodel.com\/product\/infiniti-q60-2018-1-18-scale-diecast-model-car\/#primaryimage\",\"url\":\"https:\/\/www.paudimodel.com\/wp-content\/uploads\/2018\/03\/Infiniti-Q60-2017-R-1.jpg\",\"contentUrl\":\"https:\/\/www.paudimodel.com\/wp-content\/uploads\/2018\/03\/Infiniti-Q60-2017-R-1.jpg\",\"width\":990,\"height\":658},{\"@type\":\"BreadcrumbList\",\"@id\":\"https:\/\/www.paudimodel.com\/product\/infiniti-q60-2018-1-18-scale-diecast-model-car\/#breadcrumb\",\"itemListElement\":[{\"@type\":\"ListItem\",\"position\":1,\"name\":\"Home\",\"item\":\"https:\/\/www.paudimodel.com\/\"},{\"@type\":\"ListItem\",\"position\":2,\"name\":\"Products\",\"item\":\"https:\/\/www.paudimodel.com\/products\/\"},{\"@type\":\"ListItem\",\"position\":3,\"name\":\"Infiniti Q60 2018 1\/18 Scale Diecast Model Car\"}]},{\"@type\":\"WebSite\",\"@id\":\"https:\/\/www.paudimodel.com\/#website\",\"url\":\"https:\/\/www.paudimodel.com\/\",\"name\":\"Paudi Model | High Quality Diecast Model\",\"description\":\"Shop For Diecast Models From Top-Rated Brands Like Dealer Edition, Paudi, Kyosho, Autoart &amp; More. Low Online Prices. Super-Detailed Models.Find Your Make &amp; Model.Huge Selection. Satisfaction Guaranteed. Types: Diecast Model Cars, Diecast Model Trucks.\",\"publisher\":{\"@id\":\"https:\/\/www.paudimodel.com\/#organization\"},\"alternateName\":\"Scale model design, development and production\",\"potentialAction\":[{\"@type\":\"SearchAction\",\"target\":{\"@type\":\"EntryPoint\",\"urlTemplate\":\"https:\/\/www.paudimodel.com\/?s={search_term_string}\"},\"query-input\":{\"@type\":\"PropertyValueSpecification\",\"valueRequired\":true,\"valueName\":\"search_term_string\"}}],\"inLanguage\":\"de\"},{\"@type\":\"Organization\",\"@id\":\"https:\/\/www.paudimodel.com\/#organization\",\"name\":\"Guangzhou Paudi Model Technology Ltd.\",\"url\":\"https:\/\/www.paudimodel.com\/\",\"logo\":{\"@type\":\"ImageObject\",\"inLanguage\":\"de\",\"@id\":\"https:\/\/www.paudimodel.com\/#\/schema\/logo\/image\/\",\"url\":\"https:\/\/www.paudimodel.com\/wp-content\/uploads\/2023\/02\/696x696.png\",\"contentUrl\":\"https:\/\/www.paudimodel.com\/wp-content\/uploads\/2023\/02\/696x696.png\",\"width\":696,\"height\":696,\"caption\":\"Guangzhou Paudi Model Technology Ltd.\"},\"image\":{\"@id\":\"https:\/\/www.paudimodel.com\/#\/schema\/logo\/image\/\"},\"sameAs\":[\"https:\/\/www.facebook\/paudimodel\",\"https:\/\/x.com\/paudimodel\"]}]}<\/script>\n<!-- \/ Yoast SEO Premium plugin. -->","yoast_head_json":{"title":"Infiniti Q60 2018 1\/18 Scale Diecast Model Car - Paudi Model | High Quality Diecast Model","description":"Infiniti Q70L 2014 Modellauto im Ma\u00dfstab 1:18","robots":{"index":"index","follow":"follow","max-snippet":"max-snippet:-1","max-image-preview":"max-image-preview:large","max-video-preview":"max-video-preview:-1"},"canonical":"https:\/\/www.paudimodel.com\/de\/produkt\/infiniti-q60-2018-1-18-scale-diecast-model-car\/","og_locale":"de_DE","og_type":"article","og_title":"Infiniti Q60 2018 1\/18 Scale Diecast Model Car","og_description":"1:18 Infiniti Q70L 2014 Diecast Model Car","og_url":"https:\/\/www.paudimodel.com\/de\/produkt\/infiniti-q60-2018-1-18-scale-diecast-model-car\/","og_site_name":"Paudi Model | High Quality Diecast Model","article_publisher":"https:\/\/www.facebook\/paudimodel","article_modified_time":"2021-06-24T03:44:43+00:00","og_image":[{"width":990,"height":658,"url":"https:\/\/www.paudimodel.com\/wp-content\/uploads\/2018\/03\/Infiniti-Q60-2017-R-1.jpg","type":"image\/jpeg"}],"twitter_card":"summary_large_image","twitter_site":"@paudimodel","twitter_misc":{"Gesch\u00e4tzte Lesezeit":"1\u00a0Minute"},"schema":{"@context":"https:\/\/schema.org","@graph":[{"@type":"WebPage","@id":"https:\/\/www.paudimodel.com\/product\/infiniti-q60-2018-1-18-scale-diecast-model-car\/","url":"https:\/\/www.paudimodel.com\/product\/infiniti-q60-2018-1-18-scale-diecast-model-car\/","name":"Infiniti Q60 2018 1\/18 Scale Diecast Model Car - Paudi Model | High Quality Diecast Model","isPartOf":{"@id":"https:\/\/www.paudimodel.com\/#website"},"primaryImageOfPage":{"@id":"https:\/\/www.paudimodel.com\/product\/infiniti-q60-2018-1-18-scale-diecast-model-car\/#primaryimage"},"image":{"@id":"https:\/\/www.paudimodel.com\/product\/infiniti-q60-2018-1-18-scale-diecast-model-car\/#primaryimage"},"thumbnailUrl":"https:\/\/www.paudimodel.com\/wp-content\/uploads\/2018\/03\/Infiniti-Q60-2017-R-1.jpg","datePublished":"2018-03-15T07:02:56+00:00","dateModified":"2021-06-24T03:44:43+00:00","description":"Infiniti Q70L 2014 Modellauto im Ma\u00dfstab 1:18","breadcrumb":{"@id":"https:\/\/www.paudimodel.com\/product\/infiniti-q60-2018-1-18-scale-diecast-model-car\/#breadcrumb"},"inLanguage":"de","potentialAction":[{"@type":"ReadAction","target":["https:\/\/www.paudimodel.com\/product\/infiniti-q60-2018-1-18-scale-diecast-model-car\/"]}]},{"@type":"ImageObject","inLanguage":"de","@id":"https:\/\/www.paudimodel.com\/product\/infiniti-q60-2018-1-18-scale-diecast-model-car\/#primaryimage","url":"https:\/\/www.paudimodel.com\/wp-content\/uploads\/2018\/03\/Infiniti-Q60-2017-R-1.jpg","contentUrl":"https:\/\/www.paudimodel.com\/wp-content\/uploads\/2018\/03\/Infiniti-Q60-2017-R-1.jpg","width":990,"height":658},{"@type":"BreadcrumbList","@id":"https:\/\/www.paudimodel.com\/product\/infiniti-q60-2018-1-18-scale-diecast-model-car\/#breadcrumb","itemListElement":[{"@type":"ListItem","position":1,"name":"Home","item":"https:\/\/www.paudimodel.com\/"},{"@type":"ListItem","position":2,"name":"Products","item":"https:\/\/www.paudimodel.com\/products\/"},{"@type":"ListItem","position":3,"name":"Infiniti Q60 2018 1\/18 Scale Diecast Model Car"}]},{"@type":"WebSite","@id":"https:\/\/www.paudimodel.com\/#website","url":"https:\/\/www.paudimodel.com\/","name":"Paudi-Modell | Hochwertiges Druckgussmodell","description":"Kaufen Sie Druckgussmodelle von Top-Marken wie Dealer Edition, Paudi, Kyosho, Autoart und mehr. G\u00fcnstige Online-Preise. Superdetaillierte Modelle. Finden Sie Ihre Marke und Ihr Modell. Riesige Auswahl. Zufriedenheitsgarantie. Typen: Druckguss-Modellautos, Druckguss-Modell-LKWs.","publisher":{"@id":"https:\/\/www.paudimodel.com\/#organization"},"alternateName":"Scale model design, development and production","potentialAction":[{"@type":"SearchAction","target":{"@type":"EntryPoint","urlTemplate":"https:\/\/www.paudimodel.com\/?s={search_term_string}"},"query-input":{"@type":"PropertyValueSpecification","valueRequired":true,"valueName":"search_term_string"}}],"inLanguage":"de"},{"@type":"Organization","@id":"https:\/\/www.paudimodel.com\/#organization","name":"Guangzhou Paudi Model Technology Ltd.","url":"https:\/\/www.paudimodel.com\/","logo":{"@type":"ImageObject","inLanguage":"de","@id":"https:\/\/www.paudimodel.com\/#\/schema\/logo\/image\/","url":"https:\/\/www.paudimodel.com\/wp-content\/uploads\/2023\/02\/696x696.png","contentUrl":"https:\/\/www.paudimodel.com\/wp-content\/uploads\/2023\/02\/696x696.png","width":696,"height":696,"caption":"Guangzhou Paudi Model Technology Ltd."},"image":{"@id":"https:\/\/www.paudimodel.com\/#\/schema\/logo\/image\/"},"sameAs":["https:\/\/www.facebook\/paudimodel","https:\/\/x.com\/paudimodel"]}]}},"_links":{"self":[{"href":"https:\/\/www.paudimodel.com\/de\/wp-json\/wp\/v2\/product\/53862","targetHints":{"allow":["GET"]}}],"collection":[{"href":"https:\/\/www.paudimodel.com\/de\/wp-json\/wp\/v2\/product"}],"about":[{"href":"https:\/\/www.paudimodel.com\/de\/wp-json\/wp\/v2\/types\/product"}],"replies":[{"embeddable":true,"href":"https:\/\/www.paudimodel.com\/de\/wp-json\/wp\/v2\/comments?post=53862"}],"wp:featuredmedia":[{"embeddable":true,"href":"https:\/\/www.paudimodel.com\/de\/wp-json\/wp\/v2\/media\/53871"}],"wp:attachment":[{"href":"https:\/\/www.paudimodel.com\/de\/wp-json\/wp\/v2\/media?parent=53862"}],"wp:term":[{"taxonomy":"product_brand","embeddable":true,"href":"https:\/\/www.paudimodel.com\/de\/wp-json\/wp\/v2\/product_brand?post=53862"},{"taxonomy":"product_cat","embeddable":true,"href":"https:\/\/www.paudimodel.com\/de\/wp-json\/wp\/v2\/product_cat?post=53862"},{"taxonomy":"product_tag","embeddable":true,"href":"https:\/\/www.paudimodel.com\/de\/wp-json\/wp\/v2\/product_tag?post=53862"}],"curies":[{"name":"wp","href":"https:\/\/api.w.org\/{rel}","templated":true}]}}