{"id":54383,"date":"2018-07-13T07:59:01","date_gmt":"2018-07-13T07:59:01","guid":{"rendered":"http:\/\/www.paudimodel.com\/?post_type=product&#038;p=54383"},"modified":"2019-11-20T08:31:06","modified_gmt":"2019-11-20T08:31:06","slug":"118-hyundai-encino-kona-2018","status":"publish","type":"product","link":"https:\/\/www.paudimodel.com\/de\/produkt\/118-hyundai-encino-kona-2018\/","title":{"rendered":"1:18 Hyundai ENCINO\/Kona 2018"},"content":{"rendered":"<p>1:18 Hyundai ENCINO\/Kona 2018 Modellauto\/ Diecast Auto\/ Miniatur Modellauto\/ Mini Replik<br \/>\nKurzbeschreibung:<br \/>\nDer Kona, der mit seinem auff\u00e4lligen und einzigartigen Design ein wichtiges Auto ist, wurde von Hyundai als Raiders-CUV-Markt konzipiert.<br \/>\nDer Kona ist bereits seit einiger Zeit auf dem Markt. Die Hauptantriebskonfiguration umfasst drei Benziner, einen Dreizylinder, einen Vierzylinder-Turbomotor und einen 1,6-Liter-Dieselmotor. Das Getriebe ist mit einem 1,6-Liter- und einem Dieselmotor ausgestattet. Das Siebengang-Doppelkupplungsgetriebe beschleunigt in beeindruckenden 8 Sekunden von 0 auf 100 km\/h. Neben der Motorarchitektur und der Ausstattung, die ein Crossover-SUV bieten sollte, ist auch die charakteristische Hauptaufgabe des Kona die Struktur des Cockpits, der Touchscreen an der Mittelkonsole und die M\u00f6glichkeit zum kabellosen Laden sowie Apple CarPlay.<\/p>\n<p>Modellauto Beschreibung:<\/p>\n<p>1. Dieses Druckgussfahrzeug hat zu \u00f6ffnende Vorder- und Hintert\u00fcren. Nach dem \u00d6ffnen werden Sie eine erstaunliche Menge an Details auf dem Armaturenbrett sehen.<br \/>\n2. Mit einem Panoramadach, das sich bis zu 45 Grad \u00f6ffnen l\u00e4sst<br \/>\n3. Alle vier R\u00e4der sind drehbar und verf\u00fcgen \u00fcber (Sto\u00dfd\u00e4mpfer).<br \/>\n4. Tankdeckel \u00f6ffnen<br \/>\n5. Klappbare linke und rechte Seitenspiegel.<br \/>\n6. Durch das \u00d6ffnen der Motorhaube wird ein sehr detaillierter Motorraum sichtbar.<br \/>\n7. Aktives Lenkrad, das die Vorderr\u00e4der bewegt.<br \/>\n8. Fahrerhaussitz nach vorne verschiebbar<br \/>\n9. Beim \u00d6ffnen der hinteren T\u00fcr wird der detailreiche Innenraum sichtbar.<\/p>\n<p>Warnung! Um die T\u00fcr des Modellautos zu \u00f6ffnen, verwenden Sie bitte den speziellen T\u00fcrschl\u00fcssel im Styropor und verwenden Sie einen Schnittwinkel von etwa 45 Grad. Drehen Sie zum \u00d6ffnen der T\u00fcr nicht den R\u00fcckspiegel!<br \/>\nBeim Entnehmen des Produkts sollten Sie sich an die Unterseite des Styropors stellen, die Karosserie des Fahrzeugs fest greifen und mit gleichm\u00e4\u00dfiger Kraft senkrecht nach oben das Modellauto entnehmen.<\/p>\n<p><img loading=\"lazy\" decoding=\"async\" class=\"aligncenter size-full wp-image-54430\" src=\"http:\/\/www.paudimodel.com\/wp-content\/uploads\/2018\/07\/HY-ENCINO-gray-04-1.jpg\" alt=\"\" width=\"990\" height=\"658\" srcset=\"https:\/\/www.paudimodel.com\/wp-content\/uploads\/2018\/07\/HY-ENCINO-gray-04-1.jpg 990w, https:\/\/www.paudimodel.com\/wp-content\/uploads\/2018\/07\/HY-ENCINO-gray-04-1-300x199.jpg 300w, https:\/\/www.paudimodel.com\/wp-content\/uploads\/2018\/07\/HY-ENCINO-gray-04-1-450x299.jpg 450w, https:\/\/www.paudimodel.com\/wp-content\/uploads\/2018\/07\/HY-ENCINO-gray-04-1-768x510.jpg 768w\" sizes=\"auto, (max-width: 990px) 100vw, 990px\" \/><\/p>\n<p><img loading=\"lazy\" decoding=\"async\" class=\"aligncenter size-full wp-image-54432\" src=\"http:\/\/www.paudimodel.com\/wp-content\/uploads\/2018\/07\/HY-ENCINO-gray-06-1.jpg\" alt=\"\" width=\"990\" height=\"658\" srcset=\"https:\/\/www.paudimodel.com\/wp-content\/uploads\/2018\/07\/HY-ENCINO-gray-06-1.jpg 990w, https:\/\/www.paudimodel.com\/wp-content\/uploads\/2018\/07\/HY-ENCINO-gray-06-1-300x199.jpg 300w, https:\/\/www.paudimodel.com\/wp-content\/uploads\/2018\/07\/HY-ENCINO-gray-06-1-450x299.jpg 450w, https:\/\/www.paudimodel.com\/wp-content\/uploads\/2018\/07\/HY-ENCINO-gray-06-1-768x510.jpg 768w\" sizes=\"auto, (max-width: 990px) 100vw, 990px\" \/><\/p>\n<p><img loading=\"lazy\" decoding=\"async\" class=\"aligncenter size-full wp-image-54433\" src=\"http:\/\/www.paudimodel.com\/wp-content\/uploads\/2018\/07\/HY-ENCINO-gray-07-1.jpg\" alt=\"\" width=\"990\" height=\"658\" srcset=\"https:\/\/www.paudimodel.com\/wp-content\/uploads\/2018\/07\/HY-ENCINO-gray-07-1.jpg 990w, https:\/\/www.paudimodel.com\/wp-content\/uploads\/2018\/07\/HY-ENCINO-gray-07-1-300x199.jpg 300w, https:\/\/www.paudimodel.com\/wp-content\/uploads\/2018\/07\/HY-ENCINO-gray-07-1-450x299.jpg 450w, https:\/\/www.paudimodel.com\/wp-content\/uploads\/2018\/07\/HY-ENCINO-gray-07-1-768x510.jpg 768w\" sizes=\"auto, (max-width: 990px) 100vw, 990px\" \/><\/p>\n<p><img loading=\"lazy\" decoding=\"async\" class=\"aligncenter size-full wp-image-54434\" src=\"http:\/\/www.paudimodel.com\/wp-content\/uploads\/2018\/07\/HY-ENCINO-gray-08-1.jpg\" alt=\"\" width=\"990\" height=\"658\" srcset=\"https:\/\/www.paudimodel.com\/wp-content\/uploads\/2018\/07\/HY-ENCINO-gray-08-1.jpg 990w, https:\/\/www.paudimodel.com\/wp-content\/uploads\/2018\/07\/HY-ENCINO-gray-08-1-300x199.jpg 300w, https:\/\/www.paudimodel.com\/wp-content\/uploads\/2018\/07\/HY-ENCINO-gray-08-1-450x299.jpg 450w, https:\/\/www.paudimodel.com\/wp-content\/uploads\/2018\/07\/HY-ENCINO-gray-08-1-768x510.jpg 768w\" sizes=\"auto, (max-width: 990px) 100vw, 990px\" \/><\/p>\n<p><img loading=\"lazy\" decoding=\"async\" class=\"aligncenter size-full wp-image-54435\" src=\"http:\/\/www.paudimodel.com\/wp-content\/uploads\/2018\/07\/HY-ENCINO-gray-10-1.jpg\" alt=\"\" width=\"990\" height=\"658\" srcset=\"https:\/\/www.paudimodel.com\/wp-content\/uploads\/2018\/07\/HY-ENCINO-gray-10-1.jpg 990w, https:\/\/www.paudimodel.com\/wp-content\/uploads\/2018\/07\/HY-ENCINO-gray-10-1-300x199.jpg 300w, https:\/\/www.paudimodel.com\/wp-content\/uploads\/2018\/07\/HY-ENCINO-gray-10-1-450x299.jpg 450w, https:\/\/www.paudimodel.com\/wp-content\/uploads\/2018\/07\/HY-ENCINO-gray-10-1-768x510.jpg 768w\" sizes=\"auto, (max-width: 990px) 100vw, 990px\" \/><\/p>\n<p><img loading=\"lazy\" decoding=\"async\" class=\"aligncenter size-full wp-image-54436\" src=\"http:\/\/www.paudimodel.com\/wp-content\/uploads\/2018\/07\/HY-ENCINO-gray-11-1.jpg\" alt=\"\" width=\"990\" height=\"658\" srcset=\"https:\/\/www.paudimodel.com\/wp-content\/uploads\/2018\/07\/HY-ENCINO-gray-11-1.jpg 990w, https:\/\/www.paudimodel.com\/wp-content\/uploads\/2018\/07\/HY-ENCINO-gray-11-1-300x199.jpg 300w, https:\/\/www.paudimodel.com\/wp-content\/uploads\/2018\/07\/HY-ENCINO-gray-11-1-450x299.jpg 450w, https:\/\/www.paudimodel.com\/wp-content\/uploads\/2018\/07\/HY-ENCINO-gray-11-1-768x510.jpg 768w\" sizes=\"auto, (max-width: 990px) 100vw, 990px\" \/><\/p>\n<p><img loading=\"lazy\" decoding=\"async\" class=\"aligncenter size-full wp-image-54437\" src=\"http:\/\/www.paudimodel.com\/wp-content\/uploads\/2018\/07\/HY-ENCINO-gray-12-1.jpg\" alt=\"\" width=\"990\" height=\"658\" srcset=\"https:\/\/www.paudimodel.com\/wp-content\/uploads\/2018\/07\/HY-ENCINO-gray-12-1.jpg 990w, https:\/\/www.paudimodel.com\/wp-content\/uploads\/2018\/07\/HY-ENCINO-gray-12-1-300x199.jpg 300w, https:\/\/www.paudimodel.com\/wp-content\/uploads\/2018\/07\/HY-ENCINO-gray-12-1-450x299.jpg 450w, https:\/\/www.paudimodel.com\/wp-content\/uploads\/2018\/07\/HY-ENCINO-gray-12-1-768x510.jpg 768w\" sizes=\"auto, (max-width: 990px) 100vw, 990px\" \/><\/p>\n<p>&nbsp;<\/p>","protected":false},"excerpt":{"rendered":"<p>1:18 Hyundai ENCINO\/Kona 2018 Modellauto \/ Druckgussauto \/ Miniaturmodellauto \/ Mini-Replik \/ Hobby-Sammlerst\u00fccke \/ Autoboutique \/ Autogeschenke<\/p>\n<p>Artikel-Nr.:<b>\u00a02568GY,2568Y,2568W<\/b><\/p>\n<p>Farbe: Gary, Gelb, Wei\u00df<\/p>\n<p>Produktionszeit: 2018<\/p>","protected":false},"featured_media":54427,"comment_status":"open","ping_status":"closed","template":"","meta":[],"product_brand":[],"product_cat":[466,1141],"product_tag":[1152,1151],"class_list":{"0":"post-54383","1":"product","2":"type-product","3":"status-publish","4":"has-post-thumbnail","6":"product_cat-1-18-scale","7":"product_cat-hyundai","8":"product_tag-2018-kona","9":"product_tag-hyundai","10":"pa_color-greycolor","11":"pa_color-pearl-white","12":"pa_color-2362","13":"pa_material-zinc-alloy-abs-variety-of-composite-materials","15":"first","16":"outofstock","17":"taxable","18":"shipping-taxable","19":"purchasable","20":"product-type-variable","21":"has-default-attributes"},"yoast_head":"<!-- This site is optimized with the Yoast SEO Premium plugin v25.6 (Yoast SEO v26.7) - https:\/\/yoast.com\/wordpress\/plugins\/seo\/ -->\n<title>1:18 Hyundai ENCINO\/Kona 2018 - Paudi Model | High Quality Diecast Model<\/title>\n<meta name=\"robots\" content=\"index, follow, max-snippet:-1, max-image-preview:large, max-video-preview:-1\" \/>\n<link rel=\"canonical\" href=\"https:\/\/www.paudimodel.com\/de\/produkt\/118-hyundai-encino-kona-2018\/\" \/>\n<meta property=\"og:locale\" content=\"de_DE\" \/>\n<meta property=\"og:type\" content=\"article\" \/>\n<meta property=\"og:title\" content=\"1:18 Hyundai ENCINO\/Kona 2018\" \/>\n<meta property=\"og:url\" content=\"https:\/\/www.paudimodel.com\/de\/produkt\/118-hyundai-encino-kona-2018\/\" \/>\n<meta property=\"og:site_name\" content=\"Paudi Model | High Quality Diecast Model\" \/>\n<meta property=\"article:publisher\" content=\"https:\/\/www.facebook\/paudimodel\" \/>\n<meta property=\"article:modified_time\" content=\"2019-11-20T08:31:06+00:00\" \/>\n<meta property=\"og:image\" content=\"https:\/\/www.paudimodel.com\/wp-content\/uploads\/2018\/07\/HY-ENCINO-gray-01-1.jpg\" \/>\n\t<meta property=\"og:image:width\" content=\"990\" \/>\n\t<meta property=\"og:image:height\" content=\"658\" \/>\n\t<meta property=\"og:image:type\" content=\"image\/jpeg\" \/>\n<meta name=\"twitter:card\" content=\"summary_large_image\" \/>\n<meta name=\"twitter:site\" content=\"@paudimodel\" \/>\n<meta name=\"twitter:label1\" content=\"Gesch\u00e4tzte Lesezeit\" \/>\n\t<meta name=\"twitter:data1\" content=\"1\u00a0Minute\" \/>\n<script type=\"application\/ld+json\" class=\"yoast-schema-graph\">{\"@context\":\"https:\/\/schema.org\",\"@graph\":[{\"@type\":\"WebPage\",\"@id\":\"https:\/\/www.paudimodel.com\/product\/118-hyundai-encino-kona-2018\/\",\"url\":\"https:\/\/www.paudimodel.com\/product\/118-hyundai-encino-kona-2018\/\",\"name\":\"1:18 Hyundai ENCINO\/Kona 2018 - Paudi Model | High Quality Diecast Model\",\"isPartOf\":{\"@id\":\"https:\/\/www.paudimodel.com\/#website\"},\"primaryImageOfPage\":{\"@id\":\"https:\/\/www.paudimodel.com\/product\/118-hyundai-encino-kona-2018\/#primaryimage\"},\"image\":{\"@id\":\"https:\/\/www.paudimodel.com\/product\/118-hyundai-encino-kona-2018\/#primaryimage\"},\"thumbnailUrl\":\"https:\/\/www.paudimodel.com\/wp-content\/uploads\/2018\/07\/HY-ENCINO-gray-01-1.jpg\",\"datePublished\":\"2018-07-13T07:59:01+00:00\",\"dateModified\":\"2019-11-20T08:31:06+00:00\",\"breadcrumb\":{\"@id\":\"https:\/\/www.paudimodel.com\/product\/118-hyundai-encino-kona-2018\/#breadcrumb\"},\"inLanguage\":\"de\",\"potentialAction\":[{\"@type\":\"ReadAction\",\"target\":[\"https:\/\/www.paudimodel.com\/product\/118-hyundai-encino-kona-2018\/\"]}]},{\"@type\":\"ImageObject\",\"inLanguage\":\"de\",\"@id\":\"https:\/\/www.paudimodel.com\/product\/118-hyundai-encino-kona-2018\/#primaryimage\",\"url\":\"https:\/\/www.paudimodel.com\/wp-content\/uploads\/2018\/07\/HY-ENCINO-gray-01-1.jpg\",\"contentUrl\":\"https:\/\/www.paudimodel.com\/wp-content\/uploads\/2018\/07\/HY-ENCINO-gray-01-1.jpg\",\"width\":990,\"height\":658},{\"@type\":\"BreadcrumbList\",\"@id\":\"https:\/\/www.paudimodel.com\/product\/118-hyundai-encino-kona-2018\/#breadcrumb\",\"itemListElement\":[{\"@type\":\"ListItem\",\"position\":1,\"name\":\"Home\",\"item\":\"https:\/\/www.paudimodel.com\/\"},{\"@type\":\"ListItem\",\"position\":2,\"name\":\"Products\",\"item\":\"https:\/\/www.paudimodel.com\/products\/\"},{\"@type\":\"ListItem\",\"position\":3,\"name\":\"1:18 Hyundai ENCINO\/Kona 2018\"}]},{\"@type\":\"WebSite\",\"@id\":\"https:\/\/www.paudimodel.com\/#website\",\"url\":\"https:\/\/www.paudimodel.com\/\",\"name\":\"Paudi Model | High Quality Diecast Model\",\"description\":\"Shop For Diecast Models From Top-Rated Brands Like Dealer Edition, Paudi, Kyosho, Autoart &amp; More. Low Online Prices. Super-Detailed Models.Find Your Make &amp; Model.Huge Selection. Satisfaction Guaranteed. Types: Diecast Model Cars, Diecast Model Trucks.\",\"publisher\":{\"@id\":\"https:\/\/www.paudimodel.com\/#organization\"},\"alternateName\":\"Scale model design, development and production\",\"potentialAction\":[{\"@type\":\"SearchAction\",\"target\":{\"@type\":\"EntryPoint\",\"urlTemplate\":\"https:\/\/www.paudimodel.com\/?s={search_term_string}\"},\"query-input\":{\"@type\":\"PropertyValueSpecification\",\"valueRequired\":true,\"valueName\":\"search_term_string\"}}],\"inLanguage\":\"de\"},{\"@type\":\"Organization\",\"@id\":\"https:\/\/www.paudimodel.com\/#organization\",\"name\":\"Guangzhou Paudi Model Technology Ltd.\",\"url\":\"https:\/\/www.paudimodel.com\/\",\"logo\":{\"@type\":\"ImageObject\",\"inLanguage\":\"de\",\"@id\":\"https:\/\/www.paudimodel.com\/#\/schema\/logo\/image\/\",\"url\":\"https:\/\/www.paudimodel.com\/wp-content\/uploads\/2023\/02\/696x696.png\",\"contentUrl\":\"https:\/\/www.paudimodel.com\/wp-content\/uploads\/2023\/02\/696x696.png\",\"width\":696,\"height\":696,\"caption\":\"Guangzhou Paudi Model Technology Ltd.\"},\"image\":{\"@id\":\"https:\/\/www.paudimodel.com\/#\/schema\/logo\/image\/\"},\"sameAs\":[\"https:\/\/www.facebook\/paudimodel\",\"https:\/\/x.com\/paudimodel\"]}]}<\/script>\n<!-- \/ Yoast SEO Premium plugin. -->","yoast_head_json":{"title":"Hyundai Encino\/Kona 2018 im Ma\u00dfstab 1:18 \u2013 Paudi-Modell | Hochwertiges Diecast-Modell","robots":{"index":"index","follow":"follow","max-snippet":"max-snippet:-1","max-image-preview":"max-image-preview:large","max-video-preview":"max-video-preview:-1"},"canonical":"https:\/\/www.paudimodel.com\/de\/produkt\/118-hyundai-encino-kona-2018\/","og_locale":"de_DE","og_type":"article","og_title":"1:18 Hyundai ENCINO\/Kona 2018","og_url":"https:\/\/www.paudimodel.com\/de\/produkt\/118-hyundai-encino-kona-2018\/","og_site_name":"Paudi Model | High Quality Diecast Model","article_publisher":"https:\/\/www.facebook\/paudimodel","article_modified_time":"2019-11-20T08:31:06+00:00","og_image":[{"width":990,"height":658,"url":"https:\/\/www.paudimodel.com\/wp-content\/uploads\/2018\/07\/HY-ENCINO-gray-01-1.jpg","type":"image\/jpeg"}],"twitter_card":"summary_large_image","twitter_site":"@paudimodel","twitter_misc":{"Gesch\u00e4tzte Lesezeit":"1\u00a0Minute"},"schema":{"@context":"https:\/\/schema.org","@graph":[{"@type":"WebPage","@id":"https:\/\/www.paudimodel.com\/product\/118-hyundai-encino-kona-2018\/","url":"https:\/\/www.paudimodel.com\/product\/118-hyundai-encino-kona-2018\/","name":"Hyundai Encino\/Kona 2018 im Ma\u00dfstab 1:18 \u2013 Paudi-Modell | Hochwertiges Diecast-Modell","isPartOf":{"@id":"https:\/\/www.paudimodel.com\/#website"},"primaryImageOfPage":{"@id":"https:\/\/www.paudimodel.com\/product\/118-hyundai-encino-kona-2018\/#primaryimage"},"image":{"@id":"https:\/\/www.paudimodel.com\/product\/118-hyundai-encino-kona-2018\/#primaryimage"},"thumbnailUrl":"https:\/\/www.paudimodel.com\/wp-content\/uploads\/2018\/07\/HY-ENCINO-gray-01-1.jpg","datePublished":"2018-07-13T07:59:01+00:00","dateModified":"2019-11-20T08:31:06+00:00","breadcrumb":{"@id":"https:\/\/www.paudimodel.com\/product\/118-hyundai-encino-kona-2018\/#breadcrumb"},"inLanguage":"de","potentialAction":[{"@type":"ReadAction","target":["https:\/\/www.paudimodel.com\/product\/118-hyundai-encino-kona-2018\/"]}]},{"@type":"ImageObject","inLanguage":"de","@id":"https:\/\/www.paudimodel.com\/product\/118-hyundai-encino-kona-2018\/#primaryimage","url":"https:\/\/www.paudimodel.com\/wp-content\/uploads\/2018\/07\/HY-ENCINO-gray-01-1.jpg","contentUrl":"https:\/\/www.paudimodel.com\/wp-content\/uploads\/2018\/07\/HY-ENCINO-gray-01-1.jpg","width":990,"height":658},{"@type":"BreadcrumbList","@id":"https:\/\/www.paudimodel.com\/product\/118-hyundai-encino-kona-2018\/#breadcrumb","itemListElement":[{"@type":"ListItem","position":1,"name":"Home","item":"https:\/\/www.paudimodel.com\/"},{"@type":"ListItem","position":2,"name":"Products","item":"https:\/\/www.paudimodel.com\/products\/"},{"@type":"ListItem","position":3,"name":"1:18 Hyundai ENCINO\/Kona 2018"}]},{"@type":"WebSite","@id":"https:\/\/www.paudimodel.com\/#website","url":"https:\/\/www.paudimodel.com\/","name":"Paudi-Modell | Hochwertiges Druckgussmodell","description":"Kaufen Sie Druckgussmodelle von Top-Marken wie Dealer Edition, Paudi, Kyosho, Autoart und mehr. G\u00fcnstige Online-Preise. Superdetaillierte Modelle. Finden Sie Ihre Marke und Ihr Modell. Riesige Auswahl. Zufriedenheitsgarantie. Typen: Druckguss-Modellautos, Druckguss-Modell-LKWs.","publisher":{"@id":"https:\/\/www.paudimodel.com\/#organization"},"alternateName":"Scale model design, development and production","potentialAction":[{"@type":"SearchAction","target":{"@type":"EntryPoint","urlTemplate":"https:\/\/www.paudimodel.com\/?s={search_term_string}"},"query-input":{"@type":"PropertyValueSpecification","valueRequired":true,"valueName":"search_term_string"}}],"inLanguage":"de"},{"@type":"Organization","@id":"https:\/\/www.paudimodel.com\/#organization","name":"Guangzhou Paudi Model Technology Ltd.","url":"https:\/\/www.paudimodel.com\/","logo":{"@type":"ImageObject","inLanguage":"de","@id":"https:\/\/www.paudimodel.com\/#\/schema\/logo\/image\/","url":"https:\/\/www.paudimodel.com\/wp-content\/uploads\/2023\/02\/696x696.png","contentUrl":"https:\/\/www.paudimodel.com\/wp-content\/uploads\/2023\/02\/696x696.png","width":696,"height":696,"caption":"Guangzhou Paudi Model Technology Ltd."},"image":{"@id":"https:\/\/www.paudimodel.com\/#\/schema\/logo\/image\/"},"sameAs":["https:\/\/www.facebook\/paudimodel","https:\/\/x.com\/paudimodel"]}]}},"_links":{"self":[{"href":"https:\/\/www.paudimodel.com\/de\/wp-json\/wp\/v2\/product\/54383","targetHints":{"allow":["GET"]}}],"collection":[{"href":"https:\/\/www.paudimodel.com\/de\/wp-json\/wp\/v2\/product"}],"about":[{"href":"https:\/\/www.paudimodel.com\/de\/wp-json\/wp\/v2\/types\/product"}],"replies":[{"embeddable":true,"href":"https:\/\/www.paudimodel.com\/de\/wp-json\/wp\/v2\/comments?post=54383"}],"wp:featuredmedia":[{"embeddable":true,"href":"https:\/\/www.paudimodel.com\/de\/wp-json\/wp\/v2\/media\/54427"}],"wp:attachment":[{"href":"https:\/\/www.paudimodel.com\/de\/wp-json\/wp\/v2\/media?parent=54383"}],"wp:term":[{"taxonomy":"product_brand","embeddable":true,"href":"https:\/\/www.paudimodel.com\/de\/wp-json\/wp\/v2\/product_brand?post=54383"},{"taxonomy":"product_cat","embeddable":true,"href":"https:\/\/www.paudimodel.com\/de\/wp-json\/wp\/v2\/product_cat?post=54383"},{"taxonomy":"product_tag","embeddable":true,"href":"https:\/\/www.paudimodel.com\/de\/wp-json\/wp\/v2\/product_tag?post=54383"}],"curies":[{"name":"wp","href":"https:\/\/api.w.org\/{rel}","templated":true}]}}