{"id":54438,"date":"2018-07-18T04:02:36","date_gmt":"2018-07-18T04:02:36","guid":{"rendered":"http:\/\/www.paudimodel.com\/?post_type=product&#038;p=54438"},"modified":"2020-03-04T08:19:01","modified_gmt":"2020-03-04T08:19:01","slug":"volvo-xc60-2017-1-18-scale-diecast-model-car","status":"publish","type":"product","link":"https:\/\/www.paudimodel.com\/de\/produkt\/volvo-xc60-2017-1-18-scale-diecast-model-car\/","title":{"rendered":"1:18 Volvo XC60 2017 Ma\u00dfstab Druckguss-Modellauto"},"content":{"rendered":"<p>Volvo XC60 2017 Modellauto im Ma\u00dfstab 1:18 \/ Diecast-Modellauto \/ Miniaturmodellauto \/ Mini-Replika<br \/>\nKurzbeschreibung:<\/p>\n<ul>\n<li>Vier T\u00fcren lassen sich \u00f6ffnen.<\/li>\n<li>Die Motorhaube kann ge\u00f6ffnet werden.<\/li>\n<li>Die hintere T\u00fcr kann ge\u00f6ffnet werden.<\/li>\n<li>Klappbare linke und rechte Au\u00dfenspiegel.<\/li>\n<li>Das Schiebedach l\u00e4sst sich bis zu 45 Grad \u00f6ffnen.<\/li>\n<li>Die Verkleidung des Schiebedachs kann bewegt werden.<\/li>\n<li>Der Fahrersitz kann nach vorne verschoben werden.<\/li>\n<li>Die Beifahrersitze k\u00f6nnen nach vorne verschoben werden.<\/li>\n<li>Aktives Lenkrad, das die Vorderr\u00e4der bewegt.<\/li>\n<li>Tankdeckel \u00f6ffnen.<\/li>\n<li>Alle vier R\u00e4der sind drehbar und mit Sto\u00dfd\u00e4mpfern ausgestattet.<\/li>\n<\/ul>\n<p><img loading=\"lazy\" decoding=\"async\" class=\"alignnone size-full wp-image-54443\" src=\"http:\/\/www.paudimodel.com\/wp-content\/uploads\/2018\/07\/Volvo-XC60-2017-BL-2.jpg\" alt=\"\" width=\"990\" height=\"658\" srcset=\"https:\/\/www.paudimodel.com\/wp-content\/uploads\/2018\/07\/Volvo-XC60-2017-BL-2.jpg 990w, https:\/\/www.paudimodel.com\/wp-content\/uploads\/2018\/07\/Volvo-XC60-2017-BL-2-300x199.jpg 300w, https:\/\/www.paudimodel.com\/wp-content\/uploads\/2018\/07\/Volvo-XC60-2017-BL-2-450x299.jpg 450w, https:\/\/www.paudimodel.com\/wp-content\/uploads\/2018\/07\/Volvo-XC60-2017-BL-2-768x510.jpg 768w\" sizes=\"auto, (max-width: 990px) 100vw, 990px\" \/><\/p>\n<p><img loading=\"lazy\" decoding=\"async\" class=\"aligncenter size-full wp-image-54444\" src=\"http:\/\/www.paudimodel.com\/wp-content\/uploads\/2018\/07\/Volvo-XC60-2017-BL-3.jpg\" alt=\"\" width=\"990\" height=\"658\" srcset=\"https:\/\/www.paudimodel.com\/wp-content\/uploads\/2018\/07\/Volvo-XC60-2017-BL-3.jpg 990w, https:\/\/www.paudimodel.com\/wp-content\/uploads\/2018\/07\/Volvo-XC60-2017-BL-3-300x199.jpg 300w, https:\/\/www.paudimodel.com\/wp-content\/uploads\/2018\/07\/Volvo-XC60-2017-BL-3-450x299.jpg 450w, https:\/\/www.paudimodel.com\/wp-content\/uploads\/2018\/07\/Volvo-XC60-2017-BL-3-768x510.jpg 768w\" sizes=\"auto, (max-width: 990px) 100vw, 990px\" \/><\/p>\n<p><img loading=\"lazy\" decoding=\"async\" class=\"aligncenter size-full wp-image-54445\" src=\"http:\/\/www.paudimodel.com\/wp-content\/uploads\/2018\/07\/Volvo-XC60-2017-BL-4.jpg\" alt=\"\" width=\"990\" height=\"658\" srcset=\"https:\/\/www.paudimodel.com\/wp-content\/uploads\/2018\/07\/Volvo-XC60-2017-BL-4.jpg 990w, https:\/\/www.paudimodel.com\/wp-content\/uploads\/2018\/07\/Volvo-XC60-2017-BL-4-300x199.jpg 300w, https:\/\/www.paudimodel.com\/wp-content\/uploads\/2018\/07\/Volvo-XC60-2017-BL-4-450x299.jpg 450w, https:\/\/www.paudimodel.com\/wp-content\/uploads\/2018\/07\/Volvo-XC60-2017-BL-4-768x510.jpg 768w\" sizes=\"auto, (max-width: 990px) 100vw, 990px\" \/><\/p>\n<p><img loading=\"lazy\" decoding=\"async\" class=\"alignnone size-full wp-image-54446\" src=\"http:\/\/www.paudimodel.com\/wp-content\/uploads\/2018\/07\/Volvo-XC60-2017-BL-5.jpg\" alt=\"\" width=\"990\" height=\"658\" srcset=\"https:\/\/www.paudimodel.com\/wp-content\/uploads\/2018\/07\/Volvo-XC60-2017-BL-5.jpg 990w, https:\/\/www.paudimodel.com\/wp-content\/uploads\/2018\/07\/Volvo-XC60-2017-BL-5-300x199.jpg 300w, https:\/\/www.paudimodel.com\/wp-content\/uploads\/2018\/07\/Volvo-XC60-2017-BL-5-450x299.jpg 450w, https:\/\/www.paudimodel.com\/wp-content\/uploads\/2018\/07\/Volvo-XC60-2017-BL-5-768x510.jpg 768w\" sizes=\"auto, (max-width: 990px) 100vw, 990px\" \/><\/p>\n<p><img loading=\"lazy\" decoding=\"async\" class=\"aligncenter size-full wp-image-54447\" src=\"http:\/\/www.paudimodel.com\/wp-content\/uploads\/2018\/07\/Volvo-XC60-2017-BL-6.jpg\" alt=\"\" width=\"990\" height=\"658\" srcset=\"https:\/\/www.paudimodel.com\/wp-content\/uploads\/2018\/07\/Volvo-XC60-2017-BL-6.jpg 990w, https:\/\/www.paudimodel.com\/wp-content\/uploads\/2018\/07\/Volvo-XC60-2017-BL-6-300x199.jpg 300w, https:\/\/www.paudimodel.com\/wp-content\/uploads\/2018\/07\/Volvo-XC60-2017-BL-6-450x299.jpg 450w, https:\/\/www.paudimodel.com\/wp-content\/uploads\/2018\/07\/Volvo-XC60-2017-BL-6-768x510.jpg 768w\" sizes=\"auto, (max-width: 990px) 100vw, 990px\" \/><\/p>\n<p><img loading=\"lazy\" decoding=\"async\" class=\"alignnone size-full wp-image-54448\" src=\"http:\/\/www.paudimodel.com\/wp-content\/uploads\/2018\/07\/Volvo-XC60-2017-BL-10.jpg\" alt=\"\" width=\"990\" height=\"658\" srcset=\"https:\/\/www.paudimodel.com\/wp-content\/uploads\/2018\/07\/Volvo-XC60-2017-BL-10.jpg 990w, https:\/\/www.paudimodel.com\/wp-content\/uploads\/2018\/07\/Volvo-XC60-2017-BL-10-300x199.jpg 300w, https:\/\/www.paudimodel.com\/wp-content\/uploads\/2018\/07\/Volvo-XC60-2017-BL-10-450x299.jpg 450w, https:\/\/www.paudimodel.com\/wp-content\/uploads\/2018\/07\/Volvo-XC60-2017-BL-10-768x510.jpg 768w\" sizes=\"auto, (max-width: 990px) 100vw, 990px\" \/> <img loading=\"lazy\" decoding=\"async\" class=\"alignnone size-full wp-image-54449\" src=\"http:\/\/www.paudimodel.com\/wp-content\/uploads\/2018\/07\/Volvo-XC60-2017-BL-11.jpg\" alt=\"\" width=\"990\" height=\"658\" srcset=\"https:\/\/www.paudimodel.com\/wp-content\/uploads\/2018\/07\/Volvo-XC60-2017-BL-11.jpg 990w, https:\/\/www.paudimodel.com\/wp-content\/uploads\/2018\/07\/Volvo-XC60-2017-BL-11-300x199.jpg 300w, https:\/\/www.paudimodel.com\/wp-content\/uploads\/2018\/07\/Volvo-XC60-2017-BL-11-450x299.jpg 450w, https:\/\/www.paudimodel.com\/wp-content\/uploads\/2018\/07\/Volvo-XC60-2017-BL-11-768x510.jpg 768w\" sizes=\"auto, (max-width: 990px) 100vw, 990px\" \/> <img loading=\"lazy\" decoding=\"async\" class=\"alignnone size-full wp-image-54441\" src=\"http:\/\/www.paudimodel.com\/wp-content\/uploads\/2018\/07\/Volvo-XC60-2017-BL-15.jpg\" alt=\"\" width=\"990\" height=\"658\" srcset=\"https:\/\/www.paudimodel.com\/wp-content\/uploads\/2018\/07\/Volvo-XC60-2017-BL-15.jpg 990w, https:\/\/www.paudimodel.com\/wp-content\/uploads\/2018\/07\/Volvo-XC60-2017-BL-15-300x199.jpg 300w, https:\/\/www.paudimodel.com\/wp-content\/uploads\/2018\/07\/Volvo-XC60-2017-BL-15-450x299.jpg 450w, https:\/\/www.paudimodel.com\/wp-content\/uploads\/2018\/07\/Volvo-XC60-2017-BL-15-768x510.jpg 768w\" sizes=\"auto, (max-width: 990px) 100vw, 990px\" \/> <img loading=\"lazy\" decoding=\"async\" class=\"alignnone size-full wp-image-54453\" src=\"http:\/\/www.paudimodel.com\/wp-content\/uploads\/2018\/07\/Volvo-XC60-2017-W-2.jpg\" alt=\"\" width=\"990\" height=\"658\" srcset=\"https:\/\/www.paudimodel.com\/wp-content\/uploads\/2018\/07\/Volvo-XC60-2017-W-2.jpg 990w, https:\/\/www.paudimodel.com\/wp-content\/uploads\/2018\/07\/Volvo-XC60-2017-W-2-300x199.jpg 300w, https:\/\/www.paudimodel.com\/wp-content\/uploads\/2018\/07\/Volvo-XC60-2017-W-2-450x299.jpg 450w, https:\/\/www.paudimodel.com\/wp-content\/uploads\/2018\/07\/Volvo-XC60-2017-W-2-768x510.jpg 768w\" sizes=\"auto, (max-width: 990px) 100vw, 990px\" \/> <img loading=\"lazy\" decoding=\"async\" class=\"alignnone size-full wp-image-54456\" src=\"http:\/\/www.paudimodel.com\/wp-content\/uploads\/2018\/07\/Volvo-XC60-2017-W-5.jpg\" alt=\"\" width=\"990\" height=\"658\" srcset=\"https:\/\/www.paudimodel.com\/wp-content\/uploads\/2018\/07\/Volvo-XC60-2017-W-5.jpg 990w, https:\/\/www.paudimodel.com\/wp-content\/uploads\/2018\/07\/Volvo-XC60-2017-W-5-300x199.jpg 300w, https:\/\/www.paudimodel.com\/wp-content\/uploads\/2018\/07\/Volvo-XC60-2017-W-5-450x299.jpg 450w, https:\/\/www.paudimodel.com\/wp-content\/uploads\/2018\/07\/Volvo-XC60-2017-W-5-768x510.jpg 768w\" sizes=\"auto, (max-width: 990px) 100vw, 990px\" \/> <img loading=\"lazy\" decoding=\"async\" class=\"alignnone size-full wp-image-54459\" src=\"http:\/\/www.paudimodel.com\/wp-content\/uploads\/2018\/07\/Volvo-XC60-2017-W-8.jpg\" alt=\"\" width=\"990\" height=\"658\" srcset=\"https:\/\/www.paudimodel.com\/wp-content\/uploads\/2018\/07\/Volvo-XC60-2017-W-8.jpg 990w, https:\/\/www.paudimodel.com\/wp-content\/uploads\/2018\/07\/Volvo-XC60-2017-W-8-300x199.jpg 300w, https:\/\/www.paudimodel.com\/wp-content\/uploads\/2018\/07\/Volvo-XC60-2017-W-8-450x299.jpg 450w, https:\/\/www.paudimodel.com\/wp-content\/uploads\/2018\/07\/Volvo-XC60-2017-W-8-768x510.jpg 768w\" sizes=\"auto, (max-width: 990px) 100vw, 990px\" \/> <img loading=\"lazy\" decoding=\"async\" class=\"alignnone size-full wp-image-54460\" src=\"http:\/\/www.paudimodel.com\/wp-content\/uploads\/2018\/07\/Volvo-XC60-2017-W-9.jpg\" alt=\"\" width=\"990\" height=\"658\" srcset=\"https:\/\/www.paudimodel.com\/wp-content\/uploads\/2018\/07\/Volvo-XC60-2017-W-9.jpg 990w, https:\/\/www.paudimodel.com\/wp-content\/uploads\/2018\/07\/Volvo-XC60-2017-W-9-300x199.jpg 300w, https:\/\/www.paudimodel.com\/wp-content\/uploads\/2018\/07\/Volvo-XC60-2017-W-9-450x299.jpg 450w, https:\/\/www.paudimodel.com\/wp-content\/uploads\/2018\/07\/Volvo-XC60-2017-W-9-768x510.jpg 768w\" sizes=\"auto, (max-width: 990px) 100vw, 990px\" \/><\/p>\n<p><strong>Erw\u00e4rmen!<\/strong> Um die T\u00fcr des Modellautos zu \u00f6ffnen, verwenden Sie bitte den speziellen T\u00fcrschl\u00fcssel im Styropor und verwenden Sie einen Schnittwinkel von etwa 45 Grad, um die T\u00fcr zu \u00f6ffnen. Drehen Sie zum \u00d6ffnen der T\u00fcr nicht den R\u00fcckspiegel!<br \/>\nBeim Entnehmen des Produkts sollten Sie sich an die Unterseite des Styropors stellen, die Karosserie des Fahrzeugs fest greifen und mit gleichm\u00e4\u00dfiger Kraft senkrecht nach oben das Modellauto entnehmen.<\/p>","protected":false},"excerpt":{"rendered":"<p>Volvo XC60 2017 Modellauto im Ma\u00dfstab 1:18 \/ Ma\u00dfstabsgetreues Diecast-Modellauto \/ Miniaturauto \/ Sammlerst\u00fcck \/ Auto-Boutique \/ Autogeschenke<\/p>\n<p>Artikel-Nr.:<b> 2564BL,2564W,<\/b><\/p>\n<p>Farbe: Blau, Wei\u00df<\/p>","protected":false},"featured_media":54442,"comment_status":"open","ping_status":"closed","template":"","meta":[],"product_brand":[],"product_cat":[466,856],"product_tag":[1189,1188],"class_list":{"0":"post-54438","1":"product","2":"type-product","3":"status-publish","4":"has-post-thumbnail","6":"product_cat-1-18-scale","7":"product_cat-volvo","8":"product_tag-volvo","9":"product_tag-xc60","10":"pa_color-bluecolor","11":"pa_color-whitecolor","12":"pa_material-zinc-alloy-abs-variety-of-composite-materials","13":"pa_scale-34","15":"first","16":"outofstock","17":"taxable","18":"shipping-taxable","19":"purchasable","20":"product-type-variable","21":"has-default-attributes"},"yoast_head":"<!-- This site is optimized with the Yoast SEO Premium plugin v25.6 (Yoast SEO v26.7) - https:\/\/yoast.com\/wordpress\/plugins\/seo\/ -->\n<title>1:18 Volvo XC60 2017 Scale Diecast Model car - Paudi Model | High Quality Diecast Model<\/title>\n<meta name=\"description\" content=\"Volvo XC60 2017 1\/18 model car\/Scale Diecast Car\/ Miniature car\/Hobbies Collectibles model car\/Car boutique\/Car wholesale\" \/>\n<meta name=\"robots\" content=\"index, follow, max-snippet:-1, max-image-preview:large, max-video-preview:-1\" \/>\n<link rel=\"canonical\" href=\"https:\/\/www.paudimodel.com\/de\/produkt\/volvo-xc60-2017-1-18-scale-diecast-model-car\/\" \/>\n<meta property=\"og:locale\" content=\"de_DE\" \/>\n<meta property=\"og:type\" content=\"article\" \/>\n<meta property=\"og:title\" content=\"1:18 Volvo XC60 2017 Scale Diecast Model car\" \/>\n<meta property=\"og:description\" content=\"Volvo XC60 2017 1\/18 model car\/Scale Diecast Car\/ Miniature car\/Hobbies Collectibles model car\/Car boutique\/Car wholesale\" \/>\n<meta property=\"og:url\" content=\"https:\/\/www.paudimodel.com\/de\/produkt\/volvo-xc60-2017-1-18-scale-diecast-model-car\/\" \/>\n<meta property=\"og:site_name\" content=\"Paudi Model | High Quality Diecast Model\" \/>\n<meta property=\"article:publisher\" content=\"https:\/\/www.facebook\/paudimodel\" \/>\n<meta property=\"article:modified_time\" content=\"2020-03-04T08:19:01+00:00\" \/>\n<meta property=\"og:image\" content=\"https:\/\/www.paudimodel.com\/wp-content\/uploads\/2018\/07\/Volvo-XC60-2017-BL-1.jpg\" \/>\n\t<meta property=\"og:image:width\" content=\"990\" \/>\n\t<meta property=\"og:image:height\" content=\"658\" \/>\n\t<meta property=\"og:image:type\" content=\"image\/jpeg\" \/>\n<meta name=\"twitter:card\" content=\"summary_large_image\" \/>\n<meta name=\"twitter:site\" content=\"@paudimodel\" \/>\n<meta name=\"twitter:label1\" content=\"Gesch\u00e4tzte Lesezeit\" \/>\n\t<meta name=\"twitter:data1\" content=\"1\u00a0Minute\" \/>\n<script type=\"application\/ld+json\" class=\"yoast-schema-graph\">{\"@context\":\"https:\/\/schema.org\",\"@graph\":[{\"@type\":\"WebPage\",\"@id\":\"https:\/\/www.paudimodel.com\/product\/volvo-xc60-2017-1-18-scale-diecast-model-car\/\",\"url\":\"https:\/\/www.paudimodel.com\/product\/volvo-xc60-2017-1-18-scale-diecast-model-car\/\",\"name\":\"1:18 Volvo XC60 2017 Scale Diecast Model car - Paudi Model | High Quality Diecast Model\",\"isPartOf\":{\"@id\":\"https:\/\/www.paudimodel.com\/#website\"},\"primaryImageOfPage\":{\"@id\":\"https:\/\/www.paudimodel.com\/product\/volvo-xc60-2017-1-18-scale-diecast-model-car\/#primaryimage\"},\"image\":{\"@id\":\"https:\/\/www.paudimodel.com\/product\/volvo-xc60-2017-1-18-scale-diecast-model-car\/#primaryimage\"},\"thumbnailUrl\":\"https:\/\/www.paudimodel.com\/wp-content\/uploads\/2018\/07\/Volvo-XC60-2017-BL-1.jpg\",\"datePublished\":\"2018-07-18T04:02:36+00:00\",\"dateModified\":\"2020-03-04T08:19:01+00:00\",\"description\":\"Volvo XC60 2017 1\/18 model car\/Scale Diecast Car\/ Miniature car\/Hobbies Collectibles model car\/Car boutique\/Car wholesale\",\"breadcrumb\":{\"@id\":\"https:\/\/www.paudimodel.com\/product\/volvo-xc60-2017-1-18-scale-diecast-model-car\/#breadcrumb\"},\"inLanguage\":\"de\",\"potentialAction\":[{\"@type\":\"ReadAction\",\"target\":[\"https:\/\/www.paudimodel.com\/product\/volvo-xc60-2017-1-18-scale-diecast-model-car\/\"]}]},{\"@type\":\"ImageObject\",\"inLanguage\":\"de\",\"@id\":\"https:\/\/www.paudimodel.com\/product\/volvo-xc60-2017-1-18-scale-diecast-model-car\/#primaryimage\",\"url\":\"https:\/\/www.paudimodel.com\/wp-content\/uploads\/2018\/07\/Volvo-XC60-2017-BL-1.jpg\",\"contentUrl\":\"https:\/\/www.paudimodel.com\/wp-content\/uploads\/2018\/07\/Volvo-XC60-2017-BL-1.jpg\",\"width\":990,\"height\":658},{\"@type\":\"BreadcrumbList\",\"@id\":\"https:\/\/www.paudimodel.com\/product\/volvo-xc60-2017-1-18-scale-diecast-model-car\/#breadcrumb\",\"itemListElement\":[{\"@type\":\"ListItem\",\"position\":1,\"name\":\"Home\",\"item\":\"https:\/\/www.paudimodel.com\/\"},{\"@type\":\"ListItem\",\"position\":2,\"name\":\"Products\",\"item\":\"https:\/\/www.paudimodel.com\/products\/\"},{\"@type\":\"ListItem\",\"position\":3,\"name\":\"1:18 Volvo XC60 2017 Scale Diecast Model car\"}]},{\"@type\":\"WebSite\",\"@id\":\"https:\/\/www.paudimodel.com\/#website\",\"url\":\"https:\/\/www.paudimodel.com\/\",\"name\":\"Paudi Model | High Quality Diecast Model\",\"description\":\"Shop For Diecast Models From Top-Rated Brands Like Dealer Edition, Paudi, Kyosho, Autoart &amp; More. Low Online Prices. Super-Detailed Models.Find Your Make &amp; Model.Huge Selection. Satisfaction Guaranteed. Types: Diecast Model Cars, Diecast Model Trucks.\",\"publisher\":{\"@id\":\"https:\/\/www.paudimodel.com\/#organization\"},\"alternateName\":\"Scale model design, development and production\",\"potentialAction\":[{\"@type\":\"SearchAction\",\"target\":{\"@type\":\"EntryPoint\",\"urlTemplate\":\"https:\/\/www.paudimodel.com\/?s={search_term_string}\"},\"query-input\":{\"@type\":\"PropertyValueSpecification\",\"valueRequired\":true,\"valueName\":\"search_term_string\"}}],\"inLanguage\":\"de\"},{\"@type\":\"Organization\",\"@id\":\"https:\/\/www.paudimodel.com\/#organization\",\"name\":\"Guangzhou Paudi Model Technology Ltd.\",\"url\":\"https:\/\/www.paudimodel.com\/\",\"logo\":{\"@type\":\"ImageObject\",\"inLanguage\":\"de\",\"@id\":\"https:\/\/www.paudimodel.com\/#\/schema\/logo\/image\/\",\"url\":\"https:\/\/www.paudimodel.com\/wp-content\/uploads\/2023\/02\/696x696.png\",\"contentUrl\":\"https:\/\/www.paudimodel.com\/wp-content\/uploads\/2023\/02\/696x696.png\",\"width\":696,\"height\":696,\"caption\":\"Guangzhou Paudi Model Technology Ltd.\"},\"image\":{\"@id\":\"https:\/\/www.paudimodel.com\/#\/schema\/logo\/image\/\"},\"sameAs\":[\"https:\/\/www.facebook\/paudimodel\",\"https:\/\/x.com\/paudimodel\"]}]}<\/script>\n<!-- \/ Yoast SEO Premium plugin. -->","yoast_head_json":{"title":"Volvo XC60 2017 Modellauto im Ma\u00dfstab 1:18 \u2013 Paudi Model | Hochwertiges Diecast-Modell","description":"Volvo XC60 2017 Modellauto im Ma\u00dfstab 1:18 \/ Ma\u00dfstabsgetreues Diecast-Modellauto \/ Miniaturauto \/ Sammlerst\u00fcck \/ Modellauto-Boutique \/ Modellauto-Gro\u00dfhandel","robots":{"index":"index","follow":"follow","max-snippet":"max-snippet:-1","max-image-preview":"max-image-preview:large","max-video-preview":"max-video-preview:-1"},"canonical":"https:\/\/www.paudimodel.com\/de\/produkt\/volvo-xc60-2017-1-18-scale-diecast-model-car\/","og_locale":"de_DE","og_type":"article","og_title":"1:18 Volvo XC60 2017 Scale Diecast Model car","og_description":"Volvo XC60 2017 1\/18 model car\/Scale Diecast Car\/ Miniature car\/Hobbies Collectibles model car\/Car boutique\/Car wholesale","og_url":"https:\/\/www.paudimodel.com\/de\/produkt\/volvo-xc60-2017-1-18-scale-diecast-model-car\/","og_site_name":"Paudi Model | High Quality Diecast Model","article_publisher":"https:\/\/www.facebook\/paudimodel","article_modified_time":"2020-03-04T08:19:01+00:00","og_image":[{"width":990,"height":658,"url":"https:\/\/www.paudimodel.com\/wp-content\/uploads\/2018\/07\/Volvo-XC60-2017-BL-1.jpg","type":"image\/jpeg"}],"twitter_card":"summary_large_image","twitter_site":"@paudimodel","twitter_misc":{"Gesch\u00e4tzte Lesezeit":"1\u00a0Minute"},"schema":{"@context":"https:\/\/schema.org","@graph":[{"@type":"WebPage","@id":"https:\/\/www.paudimodel.com\/product\/volvo-xc60-2017-1-18-scale-diecast-model-car\/","url":"https:\/\/www.paudimodel.com\/product\/volvo-xc60-2017-1-18-scale-diecast-model-car\/","name":"Volvo XC60 2017 Modellauto im Ma\u00dfstab 1:18 \u2013 Paudi Model | Hochwertiges Diecast-Modell","isPartOf":{"@id":"https:\/\/www.paudimodel.com\/#website"},"primaryImageOfPage":{"@id":"https:\/\/www.paudimodel.com\/product\/volvo-xc60-2017-1-18-scale-diecast-model-car\/#primaryimage"},"image":{"@id":"https:\/\/www.paudimodel.com\/product\/volvo-xc60-2017-1-18-scale-diecast-model-car\/#primaryimage"},"thumbnailUrl":"https:\/\/www.paudimodel.com\/wp-content\/uploads\/2018\/07\/Volvo-XC60-2017-BL-1.jpg","datePublished":"2018-07-18T04:02:36+00:00","dateModified":"2020-03-04T08:19:01+00:00","description":"Volvo XC60 2017 Modellauto im Ma\u00dfstab 1:18 \/ Ma\u00dfstabsgetreues Diecast-Modellauto \/ Miniaturauto \/ Sammlerst\u00fcck \/ Modellauto-Boutique \/ Modellauto-Gro\u00dfhandel","breadcrumb":{"@id":"https:\/\/www.paudimodel.com\/product\/volvo-xc60-2017-1-18-scale-diecast-model-car\/#breadcrumb"},"inLanguage":"de","potentialAction":[{"@type":"ReadAction","target":["https:\/\/www.paudimodel.com\/product\/volvo-xc60-2017-1-18-scale-diecast-model-car\/"]}]},{"@type":"ImageObject","inLanguage":"de","@id":"https:\/\/www.paudimodel.com\/product\/volvo-xc60-2017-1-18-scale-diecast-model-car\/#primaryimage","url":"https:\/\/www.paudimodel.com\/wp-content\/uploads\/2018\/07\/Volvo-XC60-2017-BL-1.jpg","contentUrl":"https:\/\/www.paudimodel.com\/wp-content\/uploads\/2018\/07\/Volvo-XC60-2017-BL-1.jpg","width":990,"height":658},{"@type":"BreadcrumbList","@id":"https:\/\/www.paudimodel.com\/product\/volvo-xc60-2017-1-18-scale-diecast-model-car\/#breadcrumb","itemListElement":[{"@type":"ListItem","position":1,"name":"Home","item":"https:\/\/www.paudimodel.com\/"},{"@type":"ListItem","position":2,"name":"Products","item":"https:\/\/www.paudimodel.com\/products\/"},{"@type":"ListItem","position":3,"name":"1:18 Volvo XC60 2017 Scale Diecast Model car"}]},{"@type":"WebSite","@id":"https:\/\/www.paudimodel.com\/#website","url":"https:\/\/www.paudimodel.com\/","name":"Paudi-Modell | Hochwertiges Druckgussmodell","description":"Kaufen Sie Druckgussmodelle von Top-Marken wie Dealer Edition, Paudi, Kyosho, Autoart und mehr. G\u00fcnstige Online-Preise. Superdetaillierte Modelle. Finden Sie Ihre Marke und Ihr Modell. Riesige Auswahl. Zufriedenheitsgarantie. Typen: Druckguss-Modellautos, Druckguss-Modell-LKWs.","publisher":{"@id":"https:\/\/www.paudimodel.com\/#organization"},"alternateName":"Scale model design, development and production","potentialAction":[{"@type":"SearchAction","target":{"@type":"EntryPoint","urlTemplate":"https:\/\/www.paudimodel.com\/?s={search_term_string}"},"query-input":{"@type":"PropertyValueSpecification","valueRequired":true,"valueName":"search_term_string"}}],"inLanguage":"de"},{"@type":"Organization","@id":"https:\/\/www.paudimodel.com\/#organization","name":"Guangzhou Paudi Model Technology Ltd.","url":"https:\/\/www.paudimodel.com\/","logo":{"@type":"ImageObject","inLanguage":"de","@id":"https:\/\/www.paudimodel.com\/#\/schema\/logo\/image\/","url":"https:\/\/www.paudimodel.com\/wp-content\/uploads\/2023\/02\/696x696.png","contentUrl":"https:\/\/www.paudimodel.com\/wp-content\/uploads\/2023\/02\/696x696.png","width":696,"height":696,"caption":"Guangzhou Paudi Model Technology Ltd."},"image":{"@id":"https:\/\/www.paudimodel.com\/#\/schema\/logo\/image\/"},"sameAs":["https:\/\/www.facebook\/paudimodel","https:\/\/x.com\/paudimodel"]}]}},"_links":{"self":[{"href":"https:\/\/www.paudimodel.com\/de\/wp-json\/wp\/v2\/product\/54438","targetHints":{"allow":["GET"]}}],"collection":[{"href":"https:\/\/www.paudimodel.com\/de\/wp-json\/wp\/v2\/product"}],"about":[{"href":"https:\/\/www.paudimodel.com\/de\/wp-json\/wp\/v2\/types\/product"}],"replies":[{"embeddable":true,"href":"https:\/\/www.paudimodel.com\/de\/wp-json\/wp\/v2\/comments?post=54438"}],"wp:featuredmedia":[{"embeddable":true,"href":"https:\/\/www.paudimodel.com\/de\/wp-json\/wp\/v2\/media\/54442"}],"wp:attachment":[{"href":"https:\/\/www.paudimodel.com\/de\/wp-json\/wp\/v2\/media?parent=54438"}],"wp:term":[{"taxonomy":"product_brand","embeddable":true,"href":"https:\/\/www.paudimodel.com\/de\/wp-json\/wp\/v2\/product_brand?post=54438"},{"taxonomy":"product_cat","embeddable":true,"href":"https:\/\/www.paudimodel.com\/de\/wp-json\/wp\/v2\/product_cat?post=54438"},{"taxonomy":"product_tag","embeddable":true,"href":"https:\/\/www.paudimodel.com\/de\/wp-json\/wp\/v2\/product_tag?post=54438"}],"curies":[{"name":"wp","href":"https:\/\/api.w.org\/{rel}","templated":true}]}}