{"id":54463,"date":"2018-07-20T13:00:32","date_gmt":"2018-07-20T13:00:32","guid":{"rendered":"http:\/\/www.paudimodel.com\/?post_type=product&#038;p=54463"},"modified":"2025-11-27T11:40:34","modified_gmt":"2025-11-27T11:40:34","slug":"118-toyota-camry-2018-die-cast-model-car","status":"publish","type":"product","link":"https:\/\/www.paudimodel.com\/de\/produkt\/118-toyota-camry-2018-die-cast-model-car\/","title":{"rendered":"Toyota Camry 2018 Modellauto im Ma\u00dfstab 1:18"},"content":{"rendered":"<p>Die achte Generation des Camry hat mit ihrer Ver\u00e4nderung viele \u00fcberrascht. Beim Camry denkt man normalerweise an Wirtschaftlichkeit und Stabilit\u00e4t, doch der neue Camry ist so modisch und sportlich \u2013 gerade f\u00fcr junge Leute. Ist so ein Camry nicht genau das, was sie sich w\u00fcnschen?<\/p>\n<p><img loading=\"lazy\" decoding=\"async\" class=\"aligncenter size-full wp-image-54475\" src=\"http:\/\/www.paudimodel.com\/wp-content\/uploads\/2018\/07\/9ab5d0952bca46d382b55258f3e6b586.jpeg\" alt=\"\" width=\"900\" height=\"600\" srcset=\"https:\/\/www.paudimodel.com\/wp-content\/uploads\/2018\/07\/9ab5d0952bca46d382b55258f3e6b586.jpeg 900w, https:\/\/www.paudimodel.com\/wp-content\/uploads\/2018\/07\/9ab5d0952bca46d382b55258f3e6b586-300x200.jpeg 300w, https:\/\/www.paudimodel.com\/wp-content\/uploads\/2018\/07\/9ab5d0952bca46d382b55258f3e6b586-450x300.jpeg 450w, https:\/\/www.paudimodel.com\/wp-content\/uploads\/2018\/07\/9ab5d0952bca46d382b55258f3e6b586-768x512.jpeg 768w\" sizes=\"auto, (max-width: 900px) 100vw, 900px\" \/><\/p>\n<p>&nbsp;<\/p>\n<p>&nbsp;<\/p>\n<p>Toyota Camry 2018 Modellauto im Ma\u00dfstab 1:18 \/ Diecast-Modellauto \/ Miniaturmodellauto \/ Mini-Replika<br \/>\nKurzbeschreibung:<\/p>\n<ul>\n<li>Vier T\u00fcren lassen sich \u00f6ffnen.<\/li>\n<li>Die Motorhaube kann ge\u00f6ffnet werden.<\/li>\n<li>Die hintere T\u00fcr kann ge\u00f6ffnet werden.<\/li>\n<li>Der Fahrersitz kann nach vorne verschoben werden.<\/li>\n<li>Die Beifahrersitze k\u00f6nnen nach vorne verschoben werden.<\/li>\n<li>Aktives Lenkrad, das die Vorderr\u00e4der bewegt.<\/li>\n<li>Alle vier R\u00e4der sind drehbar und mit Sto\u00dfd\u00e4mpfern ausgestattet.<\/li>\n<\/ul>\n<p>&nbsp;<\/p>\n<p><img loading=\"lazy\" decoding=\"async\" class=\"aligncenter size-full wp-image-54472\" src=\"http:\/\/www.paudimodel.com\/wp-content\/uploads\/2018\/07\/Toyota_Camry_2018_W_9.jpg\" alt=\"\" width=\"990\" height=\"658\" srcset=\"https:\/\/www.paudimodel.com\/wp-content\/uploads\/2018\/07\/Toyota_Camry_2018_W_9.jpg 990w, https:\/\/www.paudimodel.com\/wp-content\/uploads\/2018\/07\/Toyota_Camry_2018_W_9-300x199.jpg 300w, https:\/\/www.paudimodel.com\/wp-content\/uploads\/2018\/07\/Toyota_Camry_2018_W_9-450x299.jpg 450w, https:\/\/www.paudimodel.com\/wp-content\/uploads\/2018\/07\/Toyota_Camry_2018_W_9-768x510.jpg 768w\" sizes=\"auto, (max-width: 990px) 100vw, 990px\" \/><\/p>\n<p><img loading=\"lazy\" decoding=\"async\" class=\"aligncenter size-full wp-image-54473\" src=\"http:\/\/www.paudimodel.com\/wp-content\/uploads\/2018\/07\/Toyota_Camry_2018_W_10.jpg\" alt=\"\" width=\"990\" height=\"658\" srcset=\"https:\/\/www.paudimodel.com\/wp-content\/uploads\/2018\/07\/Toyota_Camry_2018_W_10.jpg 990w, https:\/\/www.paudimodel.com\/wp-content\/uploads\/2018\/07\/Toyota_Camry_2018_W_10-300x199.jpg 300w, https:\/\/www.paudimodel.com\/wp-content\/uploads\/2018\/07\/Toyota_Camry_2018_W_10-450x299.jpg 450w, https:\/\/www.paudimodel.com\/wp-content\/uploads\/2018\/07\/Toyota_Camry_2018_W_10-768x510.jpg 768w\" sizes=\"auto, (max-width: 990px) 100vw, 990px\" \/><\/p>\n<p><img loading=\"lazy\" decoding=\"async\" class=\"aligncenter size-full wp-image-54467\" src=\"http:\/\/www.paudimodel.com\/wp-content\/uploads\/2018\/07\/Toyota_Camry_2018_W_4.jpg\" alt=\"\" width=\"990\" height=\"658\" srcset=\"https:\/\/www.paudimodel.com\/wp-content\/uploads\/2018\/07\/Toyota_Camry_2018_W_4.jpg 990w, https:\/\/www.paudimodel.com\/wp-content\/uploads\/2018\/07\/Toyota_Camry_2018_W_4-300x199.jpg 300w, https:\/\/www.paudimodel.com\/wp-content\/uploads\/2018\/07\/Toyota_Camry_2018_W_4-450x299.jpg 450w, https:\/\/www.paudimodel.com\/wp-content\/uploads\/2018\/07\/Toyota_Camry_2018_W_4-768x510.jpg 768w\" sizes=\"auto, (max-width: 990px) 100vw, 990px\" \/><img loading=\"lazy\" decoding=\"async\" class=\"aligncenter size-full wp-image-54468\" src=\"http:\/\/www.paudimodel.com\/wp-content\/uploads\/2018\/07\/Toyota_Camry_2018_W_5.jpg\" alt=\"\" width=\"990\" height=\"658\" srcset=\"https:\/\/www.paudimodel.com\/wp-content\/uploads\/2018\/07\/Toyota_Camry_2018_W_5.jpg 990w, https:\/\/www.paudimodel.com\/wp-content\/uploads\/2018\/07\/Toyota_Camry_2018_W_5-300x199.jpg 300w, https:\/\/www.paudimodel.com\/wp-content\/uploads\/2018\/07\/Toyota_Camry_2018_W_5-450x299.jpg 450w, https:\/\/www.paudimodel.com\/wp-content\/uploads\/2018\/07\/Toyota_Camry_2018_W_5-768x510.jpg 768w\" sizes=\"auto, (max-width: 990px) 100vw, 990px\" \/><img loading=\"lazy\" decoding=\"async\" class=\"aligncenter size-full wp-image-54469\" src=\"http:\/\/www.paudimodel.com\/wp-content\/uploads\/2018\/07\/Toyota_Camry_2018_W_6.jpg\" alt=\"\" width=\"990\" height=\"658\" srcset=\"https:\/\/www.paudimodel.com\/wp-content\/uploads\/2018\/07\/Toyota_Camry_2018_W_6.jpg 990w, https:\/\/www.paudimodel.com\/wp-content\/uploads\/2018\/07\/Toyota_Camry_2018_W_6-300x199.jpg 300w, https:\/\/www.paudimodel.com\/wp-content\/uploads\/2018\/07\/Toyota_Camry_2018_W_6-450x299.jpg 450w, https:\/\/www.paudimodel.com\/wp-content\/uploads\/2018\/07\/Toyota_Camry_2018_W_6-768x510.jpg 768w\" sizes=\"auto, (max-width: 990px) 100vw, 990px\" \/><\/p>\n<p><img loading=\"lazy\" decoding=\"async\" class=\"aligncenter size-full wp-image-54470\" src=\"http:\/\/www.paudimodel.com\/wp-content\/uploads\/2018\/07\/Toyota_Camry_2018_W_7.jpg\" alt=\"\" width=\"990\" height=\"658\" srcset=\"https:\/\/www.paudimodel.com\/wp-content\/uploads\/2018\/07\/Toyota_Camry_2018_W_7.jpg 990w, https:\/\/www.paudimodel.com\/wp-content\/uploads\/2018\/07\/Toyota_Camry_2018_W_7-300x199.jpg 300w, https:\/\/www.paudimodel.com\/wp-content\/uploads\/2018\/07\/Toyota_Camry_2018_W_7-450x299.jpg 450w, https:\/\/www.paudimodel.com\/wp-content\/uploads\/2018\/07\/Toyota_Camry_2018_W_7-768x510.jpg 768w\" sizes=\"auto, (max-width: 990px) 100vw, 990px\" \/><\/p>\n<p><img loading=\"lazy\" decoding=\"async\" class=\"aligncenter size-full wp-image-54471\" src=\"http:\/\/www.paudimodel.com\/wp-content\/uploads\/2018\/07\/Toyota_Camry_2018_W_8.jpg\" alt=\"\" width=\"990\" height=\"658\" srcset=\"https:\/\/www.paudimodel.com\/wp-content\/uploads\/2018\/07\/Toyota_Camry_2018_W_8.jpg 990w, https:\/\/www.paudimodel.com\/wp-content\/uploads\/2018\/07\/Toyota_Camry_2018_W_8-300x199.jpg 300w, https:\/\/www.paudimodel.com\/wp-content\/uploads\/2018\/07\/Toyota_Camry_2018_W_8-450x299.jpg 450w, https:\/\/www.paudimodel.com\/wp-content\/uploads\/2018\/07\/Toyota_Camry_2018_W_8-768x510.jpg 768w\" sizes=\"auto, (max-width: 990px) 100vw, 990px\" \/><\/p>\n<p>&nbsp;<\/p>\n<p><img loading=\"lazy\" decoding=\"async\" class=\"aligncenter size-full wp-image-54485\" src=\"http:\/\/www.paudimodel.com\/wp-content\/uploads\/2018\/07\/Toyota_Camry_2018_BK_10.jpg\" alt=\"\" width=\"990\" height=\"658\" srcset=\"https:\/\/www.paudimodel.com\/wp-content\/uploads\/2018\/07\/Toyota_Camry_2018_BK_10.jpg 990w, https:\/\/www.paudimodel.com\/wp-content\/uploads\/2018\/07\/Toyota_Camry_2018_BK_10-300x199.jpg 300w, https:\/\/www.paudimodel.com\/wp-content\/uploads\/2018\/07\/Toyota_Camry_2018_BK_10-450x299.jpg 450w, https:\/\/www.paudimodel.com\/wp-content\/uploads\/2018\/07\/Toyota_Camry_2018_BK_10-768x510.jpg 768w\" sizes=\"auto, (max-width: 990px) 100vw, 990px\" \/><\/p>\n<p><img loading=\"lazy\" decoding=\"async\" class=\"aligncenter size-full wp-image-54484\" src=\"http:\/\/www.paudimodel.com\/wp-content\/uploads\/2018\/07\/Toyota_Camry_2018_BK_9.jpg\" alt=\"\" width=\"990\" height=\"658\" srcset=\"https:\/\/www.paudimodel.com\/wp-content\/uploads\/2018\/07\/Toyota_Camry_2018_BK_9.jpg 990w, https:\/\/www.paudimodel.com\/wp-content\/uploads\/2018\/07\/Toyota_Camry_2018_BK_9-300x199.jpg 300w, https:\/\/www.paudimodel.com\/wp-content\/uploads\/2018\/07\/Toyota_Camry_2018_BK_9-450x299.jpg 450w, https:\/\/www.paudimodel.com\/wp-content\/uploads\/2018\/07\/Toyota_Camry_2018_BK_9-768x510.jpg 768w\" sizes=\"auto, (max-width: 990px) 100vw, 990px\" \/><\/p>\n<p><img loading=\"lazy\" decoding=\"async\" class=\"aligncenter size-full wp-image-54477\" src=\"http:\/\/www.paudimodel.com\/wp-content\/uploads\/2018\/07\/Toyota_Camry_2018_BK_2.jpg\" alt=\"\" width=\"990\" height=\"658\" srcset=\"https:\/\/www.paudimodel.com\/wp-content\/uploads\/2018\/07\/Toyota_Camry_2018_BK_2.jpg 990w, https:\/\/www.paudimodel.com\/wp-content\/uploads\/2018\/07\/Toyota_Camry_2018_BK_2-300x199.jpg 300w, https:\/\/www.paudimodel.com\/wp-content\/uploads\/2018\/07\/Toyota_Camry_2018_BK_2-450x299.jpg 450w, https:\/\/www.paudimodel.com\/wp-content\/uploads\/2018\/07\/Toyota_Camry_2018_BK_2-768x510.jpg 768w\" sizes=\"auto, (max-width: 990px) 100vw, 990px\" \/><\/p>\n<p><img loading=\"lazy\" decoding=\"async\" class=\"aligncenter size-full wp-image-54478\" src=\"http:\/\/www.paudimodel.com\/wp-content\/uploads\/2018\/07\/Toyota_Camry_2018_BK_3.jpg\" alt=\"\" width=\"990\" height=\"658\" srcset=\"https:\/\/www.paudimodel.com\/wp-content\/uploads\/2018\/07\/Toyota_Camry_2018_BK_3.jpg 990w, https:\/\/www.paudimodel.com\/wp-content\/uploads\/2018\/07\/Toyota_Camry_2018_BK_3-300x199.jpg 300w, https:\/\/www.paudimodel.com\/wp-content\/uploads\/2018\/07\/Toyota_Camry_2018_BK_3-450x299.jpg 450w, https:\/\/www.paudimodel.com\/wp-content\/uploads\/2018\/07\/Toyota_Camry_2018_BK_3-768x510.jpg 768w\" sizes=\"auto, (max-width: 990px) 100vw, 990px\" \/> <img loading=\"lazy\" decoding=\"async\" class=\"aligncenter size-full wp-image-54479\" src=\"http:\/\/www.paudimodel.com\/wp-content\/uploads\/2018\/07\/Toyota_Camry_2018_BK_4.jpg\" alt=\"\" width=\"990\" height=\"658\" srcset=\"https:\/\/www.paudimodel.com\/wp-content\/uploads\/2018\/07\/Toyota_Camry_2018_BK_4.jpg 990w, https:\/\/www.paudimodel.com\/wp-content\/uploads\/2018\/07\/Toyota_Camry_2018_BK_4-300x199.jpg 300w, https:\/\/www.paudimodel.com\/wp-content\/uploads\/2018\/07\/Toyota_Camry_2018_BK_4-450x299.jpg 450w, https:\/\/www.paudimodel.com\/wp-content\/uploads\/2018\/07\/Toyota_Camry_2018_BK_4-768x510.jpg 768w\" sizes=\"auto, (max-width: 990px) 100vw, 990px\" \/> <img loading=\"lazy\" decoding=\"async\" class=\"aligncenter size-full wp-image-54480\" src=\"http:\/\/www.paudimodel.com\/wp-content\/uploads\/2018\/07\/Toyota_Camry_2018_BK_5.jpg\" alt=\"\" width=\"990\" height=\"658\" srcset=\"https:\/\/www.paudimodel.com\/wp-content\/uploads\/2018\/07\/Toyota_Camry_2018_BK_5.jpg 990w, https:\/\/www.paudimodel.com\/wp-content\/uploads\/2018\/07\/Toyota_Camry_2018_BK_5-300x199.jpg 300w, https:\/\/www.paudimodel.com\/wp-content\/uploads\/2018\/07\/Toyota_Camry_2018_BK_5-450x299.jpg 450w, https:\/\/www.paudimodel.com\/wp-content\/uploads\/2018\/07\/Toyota_Camry_2018_BK_5-768x510.jpg 768w\" sizes=\"auto, (max-width: 990px) 100vw, 990px\" \/> <img loading=\"lazy\" decoding=\"async\" class=\"aligncenter size-full wp-image-54481\" src=\"http:\/\/www.paudimodel.com\/wp-content\/uploads\/2018\/07\/Toyota_Camry_2018_BK_6.jpg\" alt=\"\" width=\"990\" height=\"658\" srcset=\"https:\/\/www.paudimodel.com\/wp-content\/uploads\/2018\/07\/Toyota_Camry_2018_BK_6.jpg 990w, https:\/\/www.paudimodel.com\/wp-content\/uploads\/2018\/07\/Toyota_Camry_2018_BK_6-300x199.jpg 300w, https:\/\/www.paudimodel.com\/wp-content\/uploads\/2018\/07\/Toyota_Camry_2018_BK_6-450x299.jpg 450w, https:\/\/www.paudimodel.com\/wp-content\/uploads\/2018\/07\/Toyota_Camry_2018_BK_6-768x510.jpg 768w\" sizes=\"auto, (max-width: 990px) 100vw, 990px\" \/> <img loading=\"lazy\" decoding=\"async\" class=\"aligncenter size-full wp-image-54482\" src=\"http:\/\/www.paudimodel.com\/wp-content\/uploads\/2018\/07\/Toyota_Camry_2018_BK_7.jpg\" alt=\"\" width=\"990\" height=\"658\" srcset=\"https:\/\/www.paudimodel.com\/wp-content\/uploads\/2018\/07\/Toyota_Camry_2018_BK_7.jpg 990w, https:\/\/www.paudimodel.com\/wp-content\/uploads\/2018\/07\/Toyota_Camry_2018_BK_7-300x199.jpg 300w, https:\/\/www.paudimodel.com\/wp-content\/uploads\/2018\/07\/Toyota_Camry_2018_BK_7-450x299.jpg 450w, https:\/\/www.paudimodel.com\/wp-content\/uploads\/2018\/07\/Toyota_Camry_2018_BK_7-768x510.jpg 768w\" sizes=\"auto, (max-width: 990px) 100vw, 990px\" \/> <img loading=\"lazy\" decoding=\"async\" class=\"aligncenter size-full wp-image-54483\" src=\"http:\/\/www.paudimodel.com\/wp-content\/uploads\/2018\/07\/Toyota_Camry_2018_BK_8.jpg\" alt=\"\" width=\"990\" height=\"658\" srcset=\"https:\/\/www.paudimodel.com\/wp-content\/uploads\/2018\/07\/Toyota_Camry_2018_BK_8.jpg 990w, https:\/\/www.paudimodel.com\/wp-content\/uploads\/2018\/07\/Toyota_Camry_2018_BK_8-300x199.jpg 300w, https:\/\/www.paudimodel.com\/wp-content\/uploads\/2018\/07\/Toyota_Camry_2018_BK_8-450x299.jpg 450w, https:\/\/www.paudimodel.com\/wp-content\/uploads\/2018\/07\/Toyota_Camry_2018_BK_8-768x510.jpg 768w\" sizes=\"auto, (max-width: 990px) 100vw, 990px\" \/><\/p>\n<p>&nbsp;<\/p>\n<p><strong>Erw\u00e4rmen!<\/strong> Um die T\u00fcr des Modellautos zu \u00f6ffnen, verwenden Sie bitte den speziellen T\u00fcrschl\u00fcssel im Styropor und verwenden Sie einen Schnittwinkel von etwa 45 Grad, um die T\u00fcr zu \u00f6ffnen. Drehen Sie zum \u00d6ffnen der T\u00fcr nicht den R\u00fcckspiegel!<br \/>\nBeim Entnehmen des Produkts sollten Sie sich an die Unterseite des Styropors stellen, die Karosserie des Fahrzeugs fest greifen und mit gleichm\u00e4\u00dfiger Kraft senkrecht nach oben das Modellauto entnehmen.<\/p>\n<p>&nbsp;<\/p>","protected":false},"excerpt":{"rendered":"<p>For the eighth generation of Camry, its change really surprised many people. When it comes to Camry, everyone thinks of business and stability, but now this Camry is so fashionable and sporty, especially for For those young people, isn\u2019t such a Camry exactly what they want? &nbsp; &nbsp; 1:18 Toyota Camry 2018 Scale Model Car\/ [&hellip;]<\/p>","protected":false},"featured_media":54464,"comment_status":"open","ping_status":"closed","template":"","meta":[],"product_brand":[2610],"product_cat":[466,91],"product_tag":[],"class_list":{"0":"post-54463","1":"product","2":"type-product","3":"status-publish","4":"has-post-thumbnail","6":"product_brand-gac-toyota","7":"product_cat-1-18-scale","8":"product_cat-toyota","9":"pa_color-blackcolor","10":"pa_color-redcolor","11":"pa_color-whitecolor","12":"pa_material-die-cast","13":"pa_scale-34","15":"first","16":"instock","17":"taxable","18":"shipping-taxable","19":"purchasable","20":"product-type-variable"},"yoast_head":"<!-- This site is optimized with the Yoast SEO Premium plugin v25.6 (Yoast SEO v26.7) - https:\/\/yoast.com\/wordpress\/plugins\/seo\/ -->\n<title>1:18 Toyota Camry 2018 Die-cast model car - Paudi Model | High Quality Diecast Model<\/title>\n<meta name=\"robots\" content=\"index, follow, max-snippet:-1, max-image-preview:large, max-video-preview:-1\" \/>\n<link rel=\"canonical\" href=\"https:\/\/www.paudimodel.com\/de\/produkt\/118-toyota-camry-2018-die-cast-model-car\/\" \/>\n<meta property=\"og:locale\" content=\"de_DE\" \/>\n<meta property=\"og:type\" content=\"article\" \/>\n<meta property=\"og:title\" content=\"1:18 Toyota Camry 2018 Die-cast model car\" \/>\n<meta property=\"og:url\" content=\"https:\/\/www.paudimodel.com\/de\/produkt\/118-toyota-camry-2018-die-cast-model-car\/\" \/>\n<meta property=\"og:site_name\" content=\"Paudi Model | High Quality Diecast Model\" \/>\n<meta property=\"article:publisher\" content=\"https:\/\/www.facebook\/paudimodel\" \/>\n<meta property=\"article:modified_time\" content=\"2025-11-27T11:40:34+00:00\" \/>\n<meta property=\"og:image\" content=\"https:\/\/www.paudimodel.com\/wp-content\/uploads\/2018\/07\/Toyota_Camry_2018_W_1.jpg\" \/>\n\t<meta property=\"og:image:width\" content=\"990\" \/>\n\t<meta property=\"og:image:height\" content=\"658\" \/>\n\t<meta property=\"og:image:type\" content=\"image\/jpeg\" \/>\n<meta name=\"twitter:card\" content=\"summary_large_image\" \/>\n<meta name=\"twitter:site\" content=\"@paudimodel\" \/>\n<meta name=\"twitter:label1\" content=\"Gesch\u00e4tzte Lesezeit\" \/>\n\t<meta name=\"twitter:data1\" content=\"1\u00a0Minute\" \/>\n<script type=\"application\/ld+json\" class=\"yoast-schema-graph\">{\"@context\":\"https:\/\/schema.org\",\"@graph\":[{\"@type\":\"WebPage\",\"@id\":\"https:\/\/www.paudimodel.com\/product\/118-toyota-camry-2018-die-cast-model-car\/\",\"url\":\"https:\/\/www.paudimodel.com\/product\/118-toyota-camry-2018-die-cast-model-car\/\",\"name\":\"1:18 Toyota Camry 2018 Die-cast model car - Paudi Model | High Quality Diecast Model\",\"isPartOf\":{\"@id\":\"https:\/\/www.paudimodel.com\/#website\"},\"primaryImageOfPage\":{\"@id\":\"https:\/\/www.paudimodel.com\/product\/118-toyota-camry-2018-die-cast-model-car\/#primaryimage\"},\"image\":{\"@id\":\"https:\/\/www.paudimodel.com\/product\/118-toyota-camry-2018-die-cast-model-car\/#primaryimage\"},\"thumbnailUrl\":\"https:\/\/www.paudimodel.com\/wp-content\/uploads\/2018\/07\/Toyota_Camry_2018_W_1.jpg\",\"datePublished\":\"2018-07-20T13:00:32+00:00\",\"dateModified\":\"2025-11-27T11:40:34+00:00\",\"breadcrumb\":{\"@id\":\"https:\/\/www.paudimodel.com\/product\/118-toyota-camry-2018-die-cast-model-car\/#breadcrumb\"},\"inLanguage\":\"de\",\"potentialAction\":[{\"@type\":\"ReadAction\",\"target\":[\"https:\/\/www.paudimodel.com\/product\/118-toyota-camry-2018-die-cast-model-car\/\"]}]},{\"@type\":\"ImageObject\",\"inLanguage\":\"de\",\"@id\":\"https:\/\/www.paudimodel.com\/product\/118-toyota-camry-2018-die-cast-model-car\/#primaryimage\",\"url\":\"https:\/\/www.paudimodel.com\/wp-content\/uploads\/2018\/07\/Toyota_Camry_2018_W_1.jpg\",\"contentUrl\":\"https:\/\/www.paudimodel.com\/wp-content\/uploads\/2018\/07\/Toyota_Camry_2018_W_1.jpg\",\"width\":990,\"height\":658},{\"@type\":\"BreadcrumbList\",\"@id\":\"https:\/\/www.paudimodel.com\/product\/118-toyota-camry-2018-die-cast-model-car\/#breadcrumb\",\"itemListElement\":[{\"@type\":\"ListItem\",\"position\":1,\"name\":\"Home\",\"item\":\"https:\/\/www.paudimodel.com\/\"},{\"@type\":\"ListItem\",\"position\":2,\"name\":\"Products\",\"item\":\"https:\/\/www.paudimodel.com\/products\/\"},{\"@type\":\"ListItem\",\"position\":3,\"name\":\"1:18 Toyota Camry 2018 Die-cast model car\"}]},{\"@type\":\"WebSite\",\"@id\":\"https:\/\/www.paudimodel.com\/#website\",\"url\":\"https:\/\/www.paudimodel.com\/\",\"name\":\"Paudi Model | High Quality Diecast Model\",\"description\":\"Shop For Diecast Models From Top-Rated Brands Like Dealer Edition, Paudi, Kyosho, Autoart &amp; More. Low Online Prices. Super-Detailed Models.Find Your Make &amp; Model.Huge Selection. Satisfaction Guaranteed. Types: Diecast Model Cars, Diecast Model Trucks.\",\"publisher\":{\"@id\":\"https:\/\/www.paudimodel.com\/#organization\"},\"alternateName\":\"Scale model design, development and production\",\"potentialAction\":[{\"@type\":\"SearchAction\",\"target\":{\"@type\":\"EntryPoint\",\"urlTemplate\":\"https:\/\/www.paudimodel.com\/?s={search_term_string}\"},\"query-input\":{\"@type\":\"PropertyValueSpecification\",\"valueRequired\":true,\"valueName\":\"search_term_string\"}}],\"inLanguage\":\"de\"},{\"@type\":\"Organization\",\"@id\":\"https:\/\/www.paudimodel.com\/#organization\",\"name\":\"Guangzhou Paudi Model Technology Ltd.\",\"url\":\"https:\/\/www.paudimodel.com\/\",\"logo\":{\"@type\":\"ImageObject\",\"inLanguage\":\"de\",\"@id\":\"https:\/\/www.paudimodel.com\/#\/schema\/logo\/image\/\",\"url\":\"https:\/\/www.paudimodel.com\/wp-content\/uploads\/2023\/02\/696x696.png\",\"contentUrl\":\"https:\/\/www.paudimodel.com\/wp-content\/uploads\/2023\/02\/696x696.png\",\"width\":696,\"height\":696,\"caption\":\"Guangzhou Paudi Model Technology Ltd.\"},\"image\":{\"@id\":\"https:\/\/www.paudimodel.com\/#\/schema\/logo\/image\/\"},\"sameAs\":[\"https:\/\/www.facebook\/paudimodel\",\"https:\/\/x.com\/paudimodel\"]}]}<\/script>\n<!-- \/ Yoast SEO Premium plugin. -->","yoast_head_json":{"title":"1:18 Toyota Camry 2018 Die-cast model car - Paudi Model | High Quality Diecast Model","robots":{"index":"index","follow":"follow","max-snippet":"max-snippet:-1","max-image-preview":"max-image-preview:large","max-video-preview":"max-video-preview:-1"},"canonical":"https:\/\/www.paudimodel.com\/de\/produkt\/118-toyota-camry-2018-die-cast-model-car\/","og_locale":"de_DE","og_type":"article","og_title":"1:18 Toyota Camry 2018 Die-cast model car","og_url":"https:\/\/www.paudimodel.com\/de\/produkt\/118-toyota-camry-2018-die-cast-model-car\/","og_site_name":"Paudi Model | High Quality Diecast Model","article_publisher":"https:\/\/www.facebook\/paudimodel","article_modified_time":"2025-11-27T11:40:34+00:00","og_image":[{"width":990,"height":658,"url":"https:\/\/www.paudimodel.com\/wp-content\/uploads\/2018\/07\/Toyota_Camry_2018_W_1.jpg","type":"image\/jpeg"}],"twitter_card":"summary_large_image","twitter_site":"@paudimodel","twitter_misc":{"Gesch\u00e4tzte Lesezeit":"1\u00a0Minute"},"schema":{"@context":"https:\/\/schema.org","@graph":[{"@type":"WebPage","@id":"https:\/\/www.paudimodel.com\/product\/118-toyota-camry-2018-die-cast-model-car\/","url":"https:\/\/www.paudimodel.com\/product\/118-toyota-camry-2018-die-cast-model-car\/","name":"1:18 Toyota Camry 2018 Die-cast model car - Paudi Model | High Quality Diecast Model","isPartOf":{"@id":"https:\/\/www.paudimodel.com\/#website"},"primaryImageOfPage":{"@id":"https:\/\/www.paudimodel.com\/product\/118-toyota-camry-2018-die-cast-model-car\/#primaryimage"},"image":{"@id":"https:\/\/www.paudimodel.com\/product\/118-toyota-camry-2018-die-cast-model-car\/#primaryimage"},"thumbnailUrl":"https:\/\/www.paudimodel.com\/wp-content\/uploads\/2018\/07\/Toyota_Camry_2018_W_1.jpg","datePublished":"2018-07-20T13:00:32+00:00","dateModified":"2025-11-27T11:40:34+00:00","breadcrumb":{"@id":"https:\/\/www.paudimodel.com\/product\/118-toyota-camry-2018-die-cast-model-car\/#breadcrumb"},"inLanguage":"de","potentialAction":[{"@type":"ReadAction","target":["https:\/\/www.paudimodel.com\/product\/118-toyota-camry-2018-die-cast-model-car\/"]}]},{"@type":"ImageObject","inLanguage":"de","@id":"https:\/\/www.paudimodel.com\/product\/118-toyota-camry-2018-die-cast-model-car\/#primaryimage","url":"https:\/\/www.paudimodel.com\/wp-content\/uploads\/2018\/07\/Toyota_Camry_2018_W_1.jpg","contentUrl":"https:\/\/www.paudimodel.com\/wp-content\/uploads\/2018\/07\/Toyota_Camry_2018_W_1.jpg","width":990,"height":658},{"@type":"BreadcrumbList","@id":"https:\/\/www.paudimodel.com\/product\/118-toyota-camry-2018-die-cast-model-car\/#breadcrumb","itemListElement":[{"@type":"ListItem","position":1,"name":"Home","item":"https:\/\/www.paudimodel.com\/"},{"@type":"ListItem","position":2,"name":"Products","item":"https:\/\/www.paudimodel.com\/products\/"},{"@type":"ListItem","position":3,"name":"1:18 Toyota Camry 2018 Die-cast model car"}]},{"@type":"WebSite","@id":"https:\/\/www.paudimodel.com\/#website","url":"https:\/\/www.paudimodel.com\/","name":"Paudi-Modell | Hochwertiges Druckgussmodell","description":"Kaufen Sie Druckgussmodelle von Top-Marken wie Dealer Edition, Paudi, Kyosho, Autoart und mehr. G\u00fcnstige Online-Preise. Superdetaillierte Modelle. Finden Sie Ihre Marke und Ihr Modell. Riesige Auswahl. Zufriedenheitsgarantie. Typen: Druckguss-Modellautos, Druckguss-Modell-LKWs.","publisher":{"@id":"https:\/\/www.paudimodel.com\/#organization"},"alternateName":"Scale model design, development and production","potentialAction":[{"@type":"SearchAction","target":{"@type":"EntryPoint","urlTemplate":"https:\/\/www.paudimodel.com\/?s={search_term_string}"},"query-input":{"@type":"PropertyValueSpecification","valueRequired":true,"valueName":"search_term_string"}}],"inLanguage":"de"},{"@type":"Organization","@id":"https:\/\/www.paudimodel.com\/#organization","name":"Guangzhou Paudi Model Technology Ltd.","url":"https:\/\/www.paudimodel.com\/","logo":{"@type":"ImageObject","inLanguage":"de","@id":"https:\/\/www.paudimodel.com\/#\/schema\/logo\/image\/","url":"https:\/\/www.paudimodel.com\/wp-content\/uploads\/2023\/02\/696x696.png","contentUrl":"https:\/\/www.paudimodel.com\/wp-content\/uploads\/2023\/02\/696x696.png","width":696,"height":696,"caption":"Guangzhou Paudi Model Technology Ltd."},"image":{"@id":"https:\/\/www.paudimodel.com\/#\/schema\/logo\/image\/"},"sameAs":["https:\/\/www.facebook\/paudimodel","https:\/\/x.com\/paudimodel"]}]}},"_links":{"self":[{"href":"https:\/\/www.paudimodel.com\/de\/wp-json\/wp\/v2\/product\/54463","targetHints":{"allow":["GET"]}}],"collection":[{"href":"https:\/\/www.paudimodel.com\/de\/wp-json\/wp\/v2\/product"}],"about":[{"href":"https:\/\/www.paudimodel.com\/de\/wp-json\/wp\/v2\/types\/product"}],"replies":[{"embeddable":true,"href":"https:\/\/www.paudimodel.com\/de\/wp-json\/wp\/v2\/comments?post=54463"}],"wp:featuredmedia":[{"embeddable":true,"href":"https:\/\/www.paudimodel.com\/de\/wp-json\/wp\/v2\/media\/54464"}],"wp:attachment":[{"href":"https:\/\/www.paudimodel.com\/de\/wp-json\/wp\/v2\/media?parent=54463"}],"wp:term":[{"taxonomy":"product_brand","embeddable":true,"href":"https:\/\/www.paudimodel.com\/de\/wp-json\/wp\/v2\/product_brand?post=54463"},{"taxonomy":"product_cat","embeddable":true,"href":"https:\/\/www.paudimodel.com\/de\/wp-json\/wp\/v2\/product_cat?post=54463"},{"taxonomy":"product_tag","embeddable":true,"href":"https:\/\/www.paudimodel.com\/de\/wp-json\/wp\/v2\/product_tag?post=54463"}],"curies":[{"name":"wp","href":"https:\/\/api.w.org\/{rel}","templated":true}]}}