{"id":54507,"date":"2018-08-15T03:01:41","date_gmt":"2018-08-15T03:01:41","guid":{"rendered":"http:\/\/www.paudimodel.com\/?post_type=product&#038;p=54507"},"modified":"2021-05-14T11:53:00","modified_gmt":"2021-05-14T11:53:00","slug":"118-jeep-grand-commander-2018-die-cast-model-car","status":"publish","type":"product","link":"https:\/\/www.paudimodel.com\/de\/produkt\/118-jeep-grand-commander-2018-die-cast-model-car\/","title":{"rendered":"1:18 Jeep Grand Commander 2018 Druckguss-Modellauto"},"content":{"rendered":"<h2>Jeep Grand Commander 2018, Ma\u00dfstab 1:18, Diecast-Modellauto \u2013 Kurzbeschreibung:<\/h2>\n<p>Achtung! Zum \u00d6ffnen der Modellautot\u00fcr verwenden Sie bitte den speziellen T\u00fcrschl\u00fcssel aus dem Styropor. \u00d6ffnen Sie die T\u00fcr mit einem Schnittwinkel von etwa 45 Grad. Drehen Sie zum \u00d6ffnen der T\u00fcr nicht den R\u00fcckspiegel!<\/p>\n<p>1. Bei den Druckgussautos lassen sich sowohl die Vordert\u00fcr als auch die Hintert\u00fcr des Autos frei \u00f6ffnen, die Scharniere der Autot\u00fcr sind flexible Scharniere. Nachdem Sie die Autot\u00fcr ge\u00f6ffnet haben, k\u00f6nnen Sie das Innere des Cockpits sehen.<br \/>\n2. Doppelschichtiges Oberlicht, die innere Schicht kann verschoben werden und die \u00e4u\u00dfere Schicht kann um 15 Grad ge\u00f6ffnet werden.<br \/>\n3. Die vier R\u00e4der k\u00f6nnen sich vor- und zur\u00fcckbewegen und haben die Funktion von Sto\u00dfd\u00e4mpfern.<br \/>\n4. Der Tankdeckel kann ge\u00f6ffnet werden<br \/>\n5. Der linke und rechte Seitenspiegel kann eingeklappt werden<br \/>\n6. Um die Frontabdeckung zu \u00f6ffnen, sollten Sie zuerst die untere Taste dr\u00fccken und sie dann mit dem T\u00fcrschl\u00fcssel \u00f6ffnen.<br \/>\n7. \u00d6ffnen Sie die vordere Abdeckung, um die innere Struktur des Motors deutlich zu sehen<br \/>\n8. Drehen Sie das Lenkrad kann fahren<br \/>\n9. Front kann sich hin und her bewegen<br \/>\n10. Die Endabdeckung l\u00e4sst sich \u00f6ffnen, sodass man ins Innere sehen kann.<\/p>\n<h2><img loading=\"lazy\" decoding=\"async\" class=\"alignnone size-full wp-image-54509\" style=\"font-size: 14px; font-weight: normal;\" src=\"http:\/\/www.paudimodel.com\/wp-content\/uploads\/2018\/08\/Jeep-Grand-Commander-4X4-white-02.jpg\" alt=\"\" width=\"990\" height=\"658\" srcset=\"https:\/\/www.paudimodel.com\/wp-content\/uploads\/2018\/08\/Jeep-Grand-Commander-4X4-white-02.jpg 990w, https:\/\/www.paudimodel.com\/wp-content\/uploads\/2018\/08\/Jeep-Grand-Commander-4X4-white-02-300x199.jpg 300w, https:\/\/www.paudimodel.com\/wp-content\/uploads\/2018\/08\/Jeep-Grand-Commander-4X4-white-02-450x299.jpg 450w, https:\/\/www.paudimodel.com\/wp-content\/uploads\/2018\/08\/Jeep-Grand-Commander-4X4-white-02-768x510.jpg 768w\" sizes=\"auto, (max-width: 990px) 100vw, 990px\" \/> <img loading=\"lazy\" decoding=\"async\" class=\"alignnone size-full wp-image-54511\" style=\"font-size: 14px; font-weight: normal;\" src=\"http:\/\/www.paudimodel.com\/wp-content\/uploads\/2018\/08\/Jeep-Grand-Commander-4X4-white-04.jpg\" alt=\"\" width=\"990\" height=\"658\" srcset=\"https:\/\/www.paudimodel.com\/wp-content\/uploads\/2018\/08\/Jeep-Grand-Commander-4X4-white-04.jpg 990w, https:\/\/www.paudimodel.com\/wp-content\/uploads\/2018\/08\/Jeep-Grand-Commander-4X4-white-04-300x199.jpg 300w, https:\/\/www.paudimodel.com\/wp-content\/uploads\/2018\/08\/Jeep-Grand-Commander-4X4-white-04-450x299.jpg 450w, https:\/\/www.paudimodel.com\/wp-content\/uploads\/2018\/08\/Jeep-Grand-Commander-4X4-white-04-768x510.jpg 768w\" sizes=\"auto, (max-width: 990px) 100vw, 990px\" \/> <img loading=\"lazy\" decoding=\"async\" class=\"alignnone size-full wp-image-54512\" style=\"font-size: 14px; font-weight: normal;\" src=\"http:\/\/www.paudimodel.com\/wp-content\/uploads\/2018\/08\/Jeep-Grand-Commander-4X4-white-05.jpg\" alt=\"\" width=\"990\" height=\"658\" srcset=\"https:\/\/www.paudimodel.com\/wp-content\/uploads\/2018\/08\/Jeep-Grand-Commander-4X4-white-05.jpg 990w, https:\/\/www.paudimodel.com\/wp-content\/uploads\/2018\/08\/Jeep-Grand-Commander-4X4-white-05-300x199.jpg 300w, https:\/\/www.paudimodel.com\/wp-content\/uploads\/2018\/08\/Jeep-Grand-Commander-4X4-white-05-450x299.jpg 450w, https:\/\/www.paudimodel.com\/wp-content\/uploads\/2018\/08\/Jeep-Grand-Commander-4X4-white-05-768x510.jpg 768w\" sizes=\"auto, (max-width: 990px) 100vw, 990px\" \/> <img loading=\"lazy\" decoding=\"async\" class=\"alignnone size-full wp-image-54514\" style=\"font-size: 14px; font-weight: normal;\" src=\"http:\/\/www.paudimodel.com\/wp-content\/uploads\/2018\/08\/Jeep-Grand-Commander-4X4-white-07.jpg\" alt=\"\" width=\"990\" height=\"658\" srcset=\"https:\/\/www.paudimodel.com\/wp-content\/uploads\/2018\/08\/Jeep-Grand-Commander-4X4-white-07.jpg 990w, https:\/\/www.paudimodel.com\/wp-content\/uploads\/2018\/08\/Jeep-Grand-Commander-4X4-white-07-300x199.jpg 300w, https:\/\/www.paudimodel.com\/wp-content\/uploads\/2018\/08\/Jeep-Grand-Commander-4X4-white-07-450x299.jpg 450w, https:\/\/www.paudimodel.com\/wp-content\/uploads\/2018\/08\/Jeep-Grand-Commander-4X4-white-07-768x510.jpg 768w\" sizes=\"auto, (max-width: 990px) 100vw, 990px\" \/> <img loading=\"lazy\" decoding=\"async\" class=\"alignnone size-full wp-image-54518\" style=\"font-size: 14px; font-weight: normal;\" src=\"http:\/\/www.paudimodel.com\/wp-content\/uploads\/2018\/08\/Jeep-Grand-Commander-4X4-white-11.jpg\" alt=\"\" width=\"990\" height=\"658\" srcset=\"https:\/\/www.paudimodel.com\/wp-content\/uploads\/2018\/08\/Jeep-Grand-Commander-4X4-white-11.jpg 990w, https:\/\/www.paudimodel.com\/wp-content\/uploads\/2018\/08\/Jeep-Grand-Commander-4X4-white-11-300x199.jpg 300w, https:\/\/www.paudimodel.com\/wp-content\/uploads\/2018\/08\/Jeep-Grand-Commander-4X4-white-11-450x299.jpg 450w, https:\/\/www.paudimodel.com\/wp-content\/uploads\/2018\/08\/Jeep-Grand-Commander-4X4-white-11-768x510.jpg 768w\" sizes=\"auto, (max-width: 990px) 100vw, 990px\" \/> <img loading=\"lazy\" decoding=\"async\" class=\"alignnone size-full wp-image-54519\" style=\"font-size: 14px; font-weight: normal;\" src=\"http:\/\/www.paudimodel.com\/wp-content\/uploads\/2018\/08\/Jeep-Grand-Commander-4X4-white-12.jpg\" alt=\"\" width=\"990\" height=\"658\" srcset=\"https:\/\/www.paudimodel.com\/wp-content\/uploads\/2018\/08\/Jeep-Grand-Commander-4X4-white-12.jpg 990w, https:\/\/www.paudimodel.com\/wp-content\/uploads\/2018\/08\/Jeep-Grand-Commander-4X4-white-12-300x199.jpg 300w, https:\/\/www.paudimodel.com\/wp-content\/uploads\/2018\/08\/Jeep-Grand-Commander-4X4-white-12-450x299.jpg 450w, https:\/\/www.paudimodel.com\/wp-content\/uploads\/2018\/08\/Jeep-Grand-Commander-4X4-white-12-768x510.jpg 768w\" sizes=\"auto, (max-width: 990px) 100vw, 990px\" \/> <img loading=\"lazy\" decoding=\"async\" class=\"alignnone size-full wp-image-54520\" style=\"font-size: 14px; font-weight: normal;\" src=\"http:\/\/www.paudimodel.com\/wp-content\/uploads\/2018\/08\/Jeep-Grand-Commander-4X4-white-13.jpg\" alt=\"\" width=\"990\" height=\"658\" srcset=\"https:\/\/www.paudimodel.com\/wp-content\/uploads\/2018\/08\/Jeep-Grand-Commander-4X4-white-13.jpg 990w, https:\/\/www.paudimodel.com\/wp-content\/uploads\/2018\/08\/Jeep-Grand-Commander-4X4-white-13-300x199.jpg 300w, https:\/\/www.paudimodel.com\/wp-content\/uploads\/2018\/08\/Jeep-Grand-Commander-4X4-white-13-450x299.jpg 450w, https:\/\/www.paudimodel.com\/wp-content\/uploads\/2018\/08\/Jeep-Grand-Commander-4X4-white-13-768x510.jpg 768w\" sizes=\"auto, (max-width: 990px) 100vw, 990px\" \/><\/h2>","protected":false},"excerpt":{"rendered":"<p>Jeep Grand Commander 2018, Ma\u00dfstab 1:18, Diecast-Modellauto \u2013 Kurzbeschreibung: Achtung! Zum \u00d6ffnen der T\u00fcr des Modellautos verwenden Sie bitte den speziellen T\u00fcrschl\u00fcssel aus der Styroporverpackung. \u00d6ffnen Sie die T\u00fcr mit einem Winkel von ca. 45 Grad. Drehen Sie zum \u00d6ffnen der T\u00fcr nicht den R\u00fcckspiegel! 1. Die Diecast-Modellautos: Sowohl die Vordert\u00fcr als auch [\u2026]<\/p>","protected":false},"featured_media":54521,"comment_status":"open","ping_status":"closed","template":"","meta":[],"product_brand":[],"product_cat":[466,655],"product_tag":[770],"class_list":{"0":"post-54507","1":"product","2":"type-product","3":"status-publish","4":"has-post-thumbnail","6":"product_cat-1-18-scale","7":"product_cat-jeep","8":"product_tag-jeep","9":"pa_color-brown","10":"pa_color-whitecolor","11":"pa_material-zinc-alloy-abs-variety-of-composite-materials","12":"pa_scale-34","14":"first","15":"instock","16":"taxable","17":"shipping-taxable","18":"purchasable","19":"product-type-variable"},"yoast_head":"<!-- This site is optimized with the Yoast SEO Premium plugin v25.6 (Yoast SEO v26.7) - https:\/\/yoast.com\/wordpress\/plugins\/seo\/ -->\n<title>1:18 Jeep Grand Commander 2018 Die-cast Model Car - Paudi Model | High Quality Diecast Model<\/title>\n<meta name=\"description\" content=\"The product according to the Jeep\u00a0company Grand Commander models to replicate and shrink production, the model car proportion to 1:18 scale\" \/>\n<meta name=\"robots\" content=\"index, follow, max-snippet:-1, max-image-preview:large, max-video-preview:-1\" \/>\n<link rel=\"canonical\" href=\"https:\/\/www.paudimodel.com\/de\/produkt\/118-jeep-grand-commander-2018-die-cast-model-car\/\" \/>\n<meta property=\"og:locale\" content=\"de_DE\" \/>\n<meta property=\"og:type\" content=\"article\" \/>\n<meta property=\"og:title\" content=\"1:18 Jeep Grand Commander 2018 Die-cast Model Car\" \/>\n<meta property=\"og:description\" content=\"The product according to the Jeep\u00a0company Grand Commander models to replicate and shrink production, the model car proportion to 1:18 scale\" \/>\n<meta property=\"og:url\" content=\"https:\/\/www.paudimodel.com\/de\/produkt\/118-jeep-grand-commander-2018-die-cast-model-car\/\" \/>\n<meta property=\"og:site_name\" content=\"Paudi Model | High Quality Diecast Model\" \/>\n<meta property=\"article:publisher\" content=\"https:\/\/www.facebook\/paudimodel\" \/>\n<meta property=\"article:modified_time\" content=\"2021-05-14T11:53:00+00:00\" \/>\n<meta property=\"og:image\" content=\"https:\/\/www.paudimodel.com\/wp-content\/uploads\/2018\/08\/Jeep-Grand-Commander-4X4-white-01-1.jpg\" \/>\n\t<meta property=\"og:image:width\" content=\"990\" \/>\n\t<meta property=\"og:image:height\" content=\"658\" \/>\n\t<meta property=\"og:image:type\" content=\"image\/jpeg\" \/>\n<meta name=\"twitter:card\" content=\"summary_large_image\" \/>\n<meta name=\"twitter:site\" content=\"@paudimodel\" \/>\n<meta name=\"twitter:label1\" content=\"Gesch\u00e4tzte Lesezeit\" \/>\n\t<meta name=\"twitter:data1\" content=\"1\u00a0Minute\" \/>\n<script type=\"application\/ld+json\" class=\"yoast-schema-graph\">{\"@context\":\"https:\/\/schema.org\",\"@graph\":[{\"@type\":\"WebPage\",\"@id\":\"https:\/\/www.paudimodel.com\/product\/118-jeep-grand-commander-2018-die-cast-model-car\/\",\"url\":\"https:\/\/www.paudimodel.com\/product\/118-jeep-grand-commander-2018-die-cast-model-car\/\",\"name\":\"1:18 Jeep Grand Commander 2018 Die-cast Model Car - Paudi Model | High Quality Diecast Model\",\"isPartOf\":{\"@id\":\"https:\/\/www.paudimodel.com\/#website\"},\"primaryImageOfPage\":{\"@id\":\"https:\/\/www.paudimodel.com\/product\/118-jeep-grand-commander-2018-die-cast-model-car\/#primaryimage\"},\"image\":{\"@id\":\"https:\/\/www.paudimodel.com\/product\/118-jeep-grand-commander-2018-die-cast-model-car\/#primaryimage\"},\"thumbnailUrl\":\"https:\/\/www.paudimodel.com\/wp-content\/uploads\/2018\/08\/Jeep-Grand-Commander-4X4-white-01-1.jpg\",\"datePublished\":\"2018-08-15T03:01:41+00:00\",\"dateModified\":\"2021-05-14T11:53:00+00:00\",\"description\":\"The product according to the Jeep\u00a0company Grand Commander models to replicate and shrink production, the model car proportion to 1:18 scale\",\"breadcrumb\":{\"@id\":\"https:\/\/www.paudimodel.com\/product\/118-jeep-grand-commander-2018-die-cast-model-car\/#breadcrumb\"},\"inLanguage\":\"de\",\"potentialAction\":[{\"@type\":\"ReadAction\",\"target\":[\"https:\/\/www.paudimodel.com\/product\/118-jeep-grand-commander-2018-die-cast-model-car\/\"]}]},{\"@type\":\"ImageObject\",\"inLanguage\":\"de\",\"@id\":\"https:\/\/www.paudimodel.com\/product\/118-jeep-grand-commander-2018-die-cast-model-car\/#primaryimage\",\"url\":\"https:\/\/www.paudimodel.com\/wp-content\/uploads\/2018\/08\/Jeep-Grand-Commander-4X4-white-01-1.jpg\",\"contentUrl\":\"https:\/\/www.paudimodel.com\/wp-content\/uploads\/2018\/08\/Jeep-Grand-Commander-4X4-white-01-1.jpg\",\"width\":990,\"height\":658},{\"@type\":\"BreadcrumbList\",\"@id\":\"https:\/\/www.paudimodel.com\/product\/118-jeep-grand-commander-2018-die-cast-model-car\/#breadcrumb\",\"itemListElement\":[{\"@type\":\"ListItem\",\"position\":1,\"name\":\"Home\",\"item\":\"https:\/\/www.paudimodel.com\/\"},{\"@type\":\"ListItem\",\"position\":2,\"name\":\"Products\",\"item\":\"https:\/\/www.paudimodel.com\/products\/\"},{\"@type\":\"ListItem\",\"position\":3,\"name\":\"1:18 Jeep Grand Commander 2018 Die-cast Model Car\"}]},{\"@type\":\"WebSite\",\"@id\":\"https:\/\/www.paudimodel.com\/#website\",\"url\":\"https:\/\/www.paudimodel.com\/\",\"name\":\"Paudi Model | High Quality Diecast Model\",\"description\":\"Shop For Diecast Models From Top-Rated Brands Like Dealer Edition, Paudi, Kyosho, Autoart &amp; More. Low Online Prices. Super-Detailed Models.Find Your Make &amp; Model.Huge Selection. Satisfaction Guaranteed. Types: Diecast Model Cars, Diecast Model Trucks.\",\"publisher\":{\"@id\":\"https:\/\/www.paudimodel.com\/#organization\"},\"alternateName\":\"Scale model design, development and production\",\"potentialAction\":[{\"@type\":\"SearchAction\",\"target\":{\"@type\":\"EntryPoint\",\"urlTemplate\":\"https:\/\/www.paudimodel.com\/?s={search_term_string}\"},\"query-input\":{\"@type\":\"PropertyValueSpecification\",\"valueRequired\":true,\"valueName\":\"search_term_string\"}}],\"inLanguage\":\"de\"},{\"@type\":\"Organization\",\"@id\":\"https:\/\/www.paudimodel.com\/#organization\",\"name\":\"Guangzhou Paudi Model Technology Ltd.\",\"url\":\"https:\/\/www.paudimodel.com\/\",\"logo\":{\"@type\":\"ImageObject\",\"inLanguage\":\"de\",\"@id\":\"https:\/\/www.paudimodel.com\/#\/schema\/logo\/image\/\",\"url\":\"https:\/\/www.paudimodel.com\/wp-content\/uploads\/2023\/02\/696x696.png\",\"contentUrl\":\"https:\/\/www.paudimodel.com\/wp-content\/uploads\/2023\/02\/696x696.png\",\"width\":696,\"height\":696,\"caption\":\"Guangzhou Paudi Model Technology Ltd.\"},\"image\":{\"@id\":\"https:\/\/www.paudimodel.com\/#\/schema\/logo\/image\/\"},\"sameAs\":[\"https:\/\/www.facebook\/paudimodel\",\"https:\/\/x.com\/paudimodel\"]}]}<\/script>\n<!-- \/ Yoast SEO Premium plugin. -->","yoast_head_json":{"title":"Jeep Grand Commander 2018 Modellauto im Ma\u00dfstab 1:18 \u2013 Paudi-Modell | Hochwertiges Diecast-Modell","description":"Das Produkt basiert auf dem Jeep Grand Commander Modell und wurde verkleinert im Ma\u00dfstab 1:18 gefertigt.","robots":{"index":"index","follow":"follow","max-snippet":"max-snippet:-1","max-image-preview":"max-image-preview:large","max-video-preview":"max-video-preview:-1"},"canonical":"https:\/\/www.paudimodel.com\/de\/produkt\/118-jeep-grand-commander-2018-die-cast-model-car\/","og_locale":"de_DE","og_type":"article","og_title":"1:18 Jeep Grand Commander 2018 Die-cast Model Car","og_description":"The product according to the Jeep\u00a0company Grand Commander models to replicate and shrink production, the model car proportion to 1:18 scale","og_url":"https:\/\/www.paudimodel.com\/de\/produkt\/118-jeep-grand-commander-2018-die-cast-model-car\/","og_site_name":"Paudi Model | High Quality Diecast Model","article_publisher":"https:\/\/www.facebook\/paudimodel","article_modified_time":"2021-05-14T11:53:00+00:00","og_image":[{"width":990,"height":658,"url":"https:\/\/www.paudimodel.com\/wp-content\/uploads\/2018\/08\/Jeep-Grand-Commander-4X4-white-01-1.jpg","type":"image\/jpeg"}],"twitter_card":"summary_large_image","twitter_site":"@paudimodel","twitter_misc":{"Gesch\u00e4tzte Lesezeit":"1\u00a0Minute"},"schema":{"@context":"https:\/\/schema.org","@graph":[{"@type":"WebPage","@id":"https:\/\/www.paudimodel.com\/product\/118-jeep-grand-commander-2018-die-cast-model-car\/","url":"https:\/\/www.paudimodel.com\/product\/118-jeep-grand-commander-2018-die-cast-model-car\/","name":"Jeep Grand Commander 2018 Modellauto im Ma\u00dfstab 1:18 \u2013 Paudi-Modell | Hochwertiges Diecast-Modell","isPartOf":{"@id":"https:\/\/www.paudimodel.com\/#website"},"primaryImageOfPage":{"@id":"https:\/\/www.paudimodel.com\/product\/118-jeep-grand-commander-2018-die-cast-model-car\/#primaryimage"},"image":{"@id":"https:\/\/www.paudimodel.com\/product\/118-jeep-grand-commander-2018-die-cast-model-car\/#primaryimage"},"thumbnailUrl":"https:\/\/www.paudimodel.com\/wp-content\/uploads\/2018\/08\/Jeep-Grand-Commander-4X4-white-01-1.jpg","datePublished":"2018-08-15T03:01:41+00:00","dateModified":"2021-05-14T11:53:00+00:00","description":"Das Produkt basiert auf dem Jeep Grand Commander Modell und wurde verkleinert im Ma\u00dfstab 1:18 gefertigt.","breadcrumb":{"@id":"https:\/\/www.paudimodel.com\/product\/118-jeep-grand-commander-2018-die-cast-model-car\/#breadcrumb"},"inLanguage":"de","potentialAction":[{"@type":"ReadAction","target":["https:\/\/www.paudimodel.com\/product\/118-jeep-grand-commander-2018-die-cast-model-car\/"]}]},{"@type":"ImageObject","inLanguage":"de","@id":"https:\/\/www.paudimodel.com\/product\/118-jeep-grand-commander-2018-die-cast-model-car\/#primaryimage","url":"https:\/\/www.paudimodel.com\/wp-content\/uploads\/2018\/08\/Jeep-Grand-Commander-4X4-white-01-1.jpg","contentUrl":"https:\/\/www.paudimodel.com\/wp-content\/uploads\/2018\/08\/Jeep-Grand-Commander-4X4-white-01-1.jpg","width":990,"height":658},{"@type":"BreadcrumbList","@id":"https:\/\/www.paudimodel.com\/product\/118-jeep-grand-commander-2018-die-cast-model-car\/#breadcrumb","itemListElement":[{"@type":"ListItem","position":1,"name":"Home","item":"https:\/\/www.paudimodel.com\/"},{"@type":"ListItem","position":2,"name":"Products","item":"https:\/\/www.paudimodel.com\/products\/"},{"@type":"ListItem","position":3,"name":"1:18 Jeep Grand Commander 2018 Die-cast Model Car"}]},{"@type":"WebSite","@id":"https:\/\/www.paudimodel.com\/#website","url":"https:\/\/www.paudimodel.com\/","name":"Paudi-Modell | Hochwertiges Druckgussmodell","description":"Kaufen Sie Druckgussmodelle von Top-Marken wie Dealer Edition, Paudi, Kyosho, Autoart und mehr. G\u00fcnstige Online-Preise. Superdetaillierte Modelle. Finden Sie Ihre Marke und Ihr Modell. Riesige Auswahl. Zufriedenheitsgarantie. Typen: Druckguss-Modellautos, Druckguss-Modell-LKWs.","publisher":{"@id":"https:\/\/www.paudimodel.com\/#organization"},"alternateName":"Scale model design, development and production","potentialAction":[{"@type":"SearchAction","target":{"@type":"EntryPoint","urlTemplate":"https:\/\/www.paudimodel.com\/?s={search_term_string}"},"query-input":{"@type":"PropertyValueSpecification","valueRequired":true,"valueName":"search_term_string"}}],"inLanguage":"de"},{"@type":"Organization","@id":"https:\/\/www.paudimodel.com\/#organization","name":"Guangzhou Paudi Model Technology Ltd.","url":"https:\/\/www.paudimodel.com\/","logo":{"@type":"ImageObject","inLanguage":"de","@id":"https:\/\/www.paudimodel.com\/#\/schema\/logo\/image\/","url":"https:\/\/www.paudimodel.com\/wp-content\/uploads\/2023\/02\/696x696.png","contentUrl":"https:\/\/www.paudimodel.com\/wp-content\/uploads\/2023\/02\/696x696.png","width":696,"height":696,"caption":"Guangzhou Paudi Model Technology Ltd."},"image":{"@id":"https:\/\/www.paudimodel.com\/#\/schema\/logo\/image\/"},"sameAs":["https:\/\/www.facebook\/paudimodel","https:\/\/x.com\/paudimodel"]}]}},"_links":{"self":[{"href":"https:\/\/www.paudimodel.com\/de\/wp-json\/wp\/v2\/product\/54507","targetHints":{"allow":["GET"]}}],"collection":[{"href":"https:\/\/www.paudimodel.com\/de\/wp-json\/wp\/v2\/product"}],"about":[{"href":"https:\/\/www.paudimodel.com\/de\/wp-json\/wp\/v2\/types\/product"}],"replies":[{"embeddable":true,"href":"https:\/\/www.paudimodel.com\/de\/wp-json\/wp\/v2\/comments?post=54507"}],"wp:featuredmedia":[{"embeddable":true,"href":"https:\/\/www.paudimodel.com\/de\/wp-json\/wp\/v2\/media\/54521"}],"wp:attachment":[{"href":"https:\/\/www.paudimodel.com\/de\/wp-json\/wp\/v2\/media?parent=54507"}],"wp:term":[{"taxonomy":"product_brand","embeddable":true,"href":"https:\/\/www.paudimodel.com\/de\/wp-json\/wp\/v2\/product_brand?post=54507"},{"taxonomy":"product_cat","embeddable":true,"href":"https:\/\/www.paudimodel.com\/de\/wp-json\/wp\/v2\/product_cat?post=54507"},{"taxonomy":"product_tag","embeddable":true,"href":"https:\/\/www.paudimodel.com\/de\/wp-json\/wp\/v2\/product_tag?post=54507"}],"curies":[{"name":"wp","href":"https:\/\/api.w.org\/{rel}","templated":true}]}}