{"id":54544,"date":"2018-08-21T13:28:07","date_gmt":"2018-08-21T13:28:07","guid":{"rendered":"http:\/\/www.paudimodel.com\/?post_type=product&#038;p=54544"},"modified":"2021-05-14T11:49:39","modified_gmt":"2021-05-14T11:49:39","slug":"118-volvo-xc90-2016","status":"publish","type":"product","link":"https:\/\/www.paudimodel.com\/de\/produkt\/118-volvo-xc90-2016\/","title":{"rendered":"1:18 Volvo XC90 2016"},"content":{"rendered":"<p>Volvo XC90 2016 Modellauto im Ma\u00dfstab 1:18 \/ Diecast-Modellauto \/ Miniaturmodellauto \/ Mini-Replika<br \/>\nKurzbeschreibung:<\/p>\n<ul>\n<li>Vier T\u00fcren lassen sich \u00f6ffnen.<\/li>\n<li>Die Motorhaube kann ge\u00f6ffnet werden.<\/li>\n<li>Die hintere T\u00fcr kann ge\u00f6ffnet werden.<\/li>\n<li>Klappbare linke und rechte Au\u00dfenspiegel.<\/li>\n<li>Das Schiebedach l\u00e4sst sich bis zu 45 Grad \u00f6ffnen.<\/li>\n<li>Die Verkleidung des Schiebedachs kann bewegt werden.<\/li>\n<li>Der Fahrersitz kann nach vorne verschoben werden.<\/li>\n<li>Die Beifahrersitze k\u00f6nnen nach vorne verschoben werden.<\/li>\n<li>Aktives Lenkrad, das die Vorderr\u00e4der bewegt.<\/li>\n<li>Tankdeckel \u00f6ffnen.<\/li>\n<li>Alle vier R\u00e4der sind drehbar und mit Sto\u00dfd\u00e4mpfern ausgestattet.<\/li>\n<\/ul>\n<p><img loading=\"lazy\" decoding=\"async\" class=\"alignnone size-full wp-image-54546\" src=\"http:\/\/www.paudimodel.com\/wp-content\/uploads\/2018\/08\/Volvo-XC90-black-02.jpg\" alt=\"\" width=\"990\" height=\"658\" srcset=\"https:\/\/www.paudimodel.com\/wp-content\/uploads\/2018\/08\/Volvo-XC90-black-02.jpg 990w, https:\/\/www.paudimodel.com\/wp-content\/uploads\/2018\/08\/Volvo-XC90-black-02-300x199.jpg 300w, https:\/\/www.paudimodel.com\/wp-content\/uploads\/2018\/08\/Volvo-XC90-black-02-450x299.jpg 450w, https:\/\/www.paudimodel.com\/wp-content\/uploads\/2018\/08\/Volvo-XC90-black-02-768x510.jpg 768w\" sizes=\"auto, (max-width: 990px) 100vw, 990px\" \/><\/p>\n<p><img loading=\"lazy\" decoding=\"async\" class=\"alignnone size-full wp-image-54547\" src=\"http:\/\/www.paudimodel.com\/wp-content\/uploads\/2018\/08\/Volvo-XC90-black-03.jpg\" alt=\"\" width=\"990\" height=\"658\" srcset=\"https:\/\/www.paudimodel.com\/wp-content\/uploads\/2018\/08\/Volvo-XC90-black-03.jpg 990w, https:\/\/www.paudimodel.com\/wp-content\/uploads\/2018\/08\/Volvo-XC90-black-03-300x199.jpg 300w, https:\/\/www.paudimodel.com\/wp-content\/uploads\/2018\/08\/Volvo-XC90-black-03-450x299.jpg 450w, https:\/\/www.paudimodel.com\/wp-content\/uploads\/2018\/08\/Volvo-XC90-black-03-768x510.jpg 768w\" sizes=\"auto, (max-width: 990px) 100vw, 990px\" \/><br \/>\n<img loading=\"lazy\" decoding=\"async\" class=\"alignnone size-full wp-image-54550\" src=\"http:\/\/www.paudimodel.com\/wp-content\/uploads\/2018\/08\/Volvo-XC90-black-07.jpg\" alt=\"\" width=\"990\" height=\"658\" srcset=\"https:\/\/www.paudimodel.com\/wp-content\/uploads\/2018\/08\/Volvo-XC90-black-07.jpg 990w, https:\/\/www.paudimodel.com\/wp-content\/uploads\/2018\/08\/Volvo-XC90-black-07-300x199.jpg 300w, https:\/\/www.paudimodel.com\/wp-content\/uploads\/2018\/08\/Volvo-XC90-black-07-450x299.jpg 450w, https:\/\/www.paudimodel.com\/wp-content\/uploads\/2018\/08\/Volvo-XC90-black-07-768x510.jpg 768w\" sizes=\"auto, (max-width: 990px) 100vw, 990px\" \/><br \/>\n<img loading=\"lazy\" decoding=\"async\" class=\"alignnone size-full wp-image-54551\" src=\"http:\/\/www.paudimodel.com\/wp-content\/uploads\/2018\/08\/Volvo-XC90-black-08.jpg\" alt=\"\" width=\"990\" height=\"658\" srcset=\"https:\/\/www.paudimodel.com\/wp-content\/uploads\/2018\/08\/Volvo-XC90-black-08.jpg 990w, https:\/\/www.paudimodel.com\/wp-content\/uploads\/2018\/08\/Volvo-XC90-black-08-300x199.jpg 300w, https:\/\/www.paudimodel.com\/wp-content\/uploads\/2018\/08\/Volvo-XC90-black-08-450x299.jpg 450w, https:\/\/www.paudimodel.com\/wp-content\/uploads\/2018\/08\/Volvo-XC90-black-08-768x510.jpg 768w\" sizes=\"auto, (max-width: 990px) 100vw, 990px\" \/><br \/>\n<img loading=\"lazy\" decoding=\"async\" class=\"alignnone size-full wp-image-54552\" src=\"http:\/\/www.paudimodel.com\/wp-content\/uploads\/2018\/08\/Volvo-XC90-black-09.jpg\" alt=\"\" width=\"990\" height=\"658\" srcset=\"https:\/\/www.paudimodel.com\/wp-content\/uploads\/2018\/08\/Volvo-XC90-black-09.jpg 990w, https:\/\/www.paudimodel.com\/wp-content\/uploads\/2018\/08\/Volvo-XC90-black-09-300x199.jpg 300w, https:\/\/www.paudimodel.com\/wp-content\/uploads\/2018\/08\/Volvo-XC90-black-09-450x299.jpg 450w, https:\/\/www.paudimodel.com\/wp-content\/uploads\/2018\/08\/Volvo-XC90-black-09-768x510.jpg 768w\" sizes=\"auto, (max-width: 990px) 100vw, 990px\" \/><br \/>\n<img loading=\"lazy\" decoding=\"async\" class=\"alignnone size-full wp-image-54553\" src=\"http:\/\/www.paudimodel.com\/wp-content\/uploads\/2018\/08\/Volvo-XC90-black-06.jpg\" alt=\"\" width=\"990\" height=\"658\" srcset=\"https:\/\/www.paudimodel.com\/wp-content\/uploads\/2018\/08\/Volvo-XC90-black-06.jpg 990w, https:\/\/www.paudimodel.com\/wp-content\/uploads\/2018\/08\/Volvo-XC90-black-06-300x199.jpg 300w, https:\/\/www.paudimodel.com\/wp-content\/uploads\/2018\/08\/Volvo-XC90-black-06-450x299.jpg 450w, https:\/\/www.paudimodel.com\/wp-content\/uploads\/2018\/08\/Volvo-XC90-black-06-768x510.jpg 768w\" sizes=\"auto, (max-width: 990px) 100vw, 990px\" \/><br \/>\n<img loading=\"lazy\" decoding=\"async\" class=\"alignnone size-full wp-image-54555\" src=\"http:\/\/www.paudimodel.com\/wp-content\/uploads\/2018\/08\/Volvo-XC90-black-11.jpg\" alt=\"\" width=\"990\" height=\"658\" srcset=\"https:\/\/www.paudimodel.com\/wp-content\/uploads\/2018\/08\/Volvo-XC90-black-11.jpg 990w, https:\/\/www.paudimodel.com\/wp-content\/uploads\/2018\/08\/Volvo-XC90-black-11-300x199.jpg 300w, https:\/\/www.paudimodel.com\/wp-content\/uploads\/2018\/08\/Volvo-XC90-black-11-450x299.jpg 450w, https:\/\/www.paudimodel.com\/wp-content\/uploads\/2018\/08\/Volvo-XC90-black-11-768x510.jpg 768w\" sizes=\"auto, (max-width: 990px) 100vw, 990px\" \/><br \/>\n<img loading=\"lazy\" decoding=\"async\" class=\"alignnone size-full wp-image-54575\" src=\"http:\/\/www.paudimodel.com\/wp-content\/uploads\/2018\/08\/Volvo-XC90-gold-02.jpg\" alt=\"\" width=\"990\" height=\"658\" srcset=\"https:\/\/www.paudimodel.com\/wp-content\/uploads\/2018\/08\/Volvo-XC90-gold-02.jpg 990w, https:\/\/www.paudimodel.com\/wp-content\/uploads\/2018\/08\/Volvo-XC90-gold-02-300x199.jpg 300w, https:\/\/www.paudimodel.com\/wp-content\/uploads\/2018\/08\/Volvo-XC90-gold-02-450x299.jpg 450w, https:\/\/www.paudimodel.com\/wp-content\/uploads\/2018\/08\/Volvo-XC90-gold-02-768x510.jpg 768w\" sizes=\"auto, (max-width: 990px) 100vw, 990px\" \/><br \/>\n<img loading=\"lazy\" decoding=\"async\" class=\"alignnone size-full wp-image-54576\" src=\"http:\/\/www.paudimodel.com\/wp-content\/uploads\/2018\/08\/Volvo-XC90-gold-03.jpg\" alt=\"\" width=\"990\" height=\"658\" srcset=\"https:\/\/www.paudimodel.com\/wp-content\/uploads\/2018\/08\/Volvo-XC90-gold-03.jpg 990w, https:\/\/www.paudimodel.com\/wp-content\/uploads\/2018\/08\/Volvo-XC90-gold-03-300x199.jpg 300w, https:\/\/www.paudimodel.com\/wp-content\/uploads\/2018\/08\/Volvo-XC90-gold-03-450x299.jpg 450w, https:\/\/www.paudimodel.com\/wp-content\/uploads\/2018\/08\/Volvo-XC90-gold-03-768x510.jpg 768w\" sizes=\"auto, (max-width: 990px) 100vw, 990px\" \/><br \/>\n<img loading=\"lazy\" decoding=\"async\" class=\"alignnone size-full wp-image-54578\" src=\"http:\/\/www.paudimodel.com\/wp-content\/uploads\/2018\/08\/Volvo-XC90-gold-04.jpg\" alt=\"\" width=\"990\" height=\"658\" srcset=\"https:\/\/www.paudimodel.com\/wp-content\/uploads\/2018\/08\/Volvo-XC90-gold-04.jpg 990w, https:\/\/www.paudimodel.com\/wp-content\/uploads\/2018\/08\/Volvo-XC90-gold-04-300x199.jpg 300w, https:\/\/www.paudimodel.com\/wp-content\/uploads\/2018\/08\/Volvo-XC90-gold-04-450x299.jpg 450w, https:\/\/www.paudimodel.com\/wp-content\/uploads\/2018\/08\/Volvo-XC90-gold-04-768x510.jpg 768w\" sizes=\"auto, (max-width: 990px) 100vw, 990px\" \/><br \/>\n<img loading=\"lazy\" decoding=\"async\" class=\"alignnone size-full wp-image-54579\" src=\"http:\/\/www.paudimodel.com\/wp-content\/uploads\/2018\/08\/Volvo-XC90-gold-05.jpg\" alt=\"\" width=\"990\" height=\"658\" srcset=\"https:\/\/www.paudimodel.com\/wp-content\/uploads\/2018\/08\/Volvo-XC90-gold-05.jpg 990w, https:\/\/www.paudimodel.com\/wp-content\/uploads\/2018\/08\/Volvo-XC90-gold-05-300x199.jpg 300w, https:\/\/www.paudimodel.com\/wp-content\/uploads\/2018\/08\/Volvo-XC90-gold-05-450x299.jpg 450w, https:\/\/www.paudimodel.com\/wp-content\/uploads\/2018\/08\/Volvo-XC90-gold-05-768x510.jpg 768w\" sizes=\"auto, (max-width: 990px) 100vw, 990px\" \/><br \/>\n<img loading=\"lazy\" decoding=\"async\" class=\"alignnone size-full wp-image-54572\" src=\"http:\/\/www.paudimodel.com\/wp-content\/uploads\/2018\/08\/Volvo-XC90-gold-06.jpg\" alt=\"\" width=\"990\" height=\"658\" srcset=\"https:\/\/www.paudimodel.com\/wp-content\/uploads\/2018\/08\/Volvo-XC90-gold-06.jpg 990w, https:\/\/www.paudimodel.com\/wp-content\/uploads\/2018\/08\/Volvo-XC90-gold-06-300x199.jpg 300w, https:\/\/www.paudimodel.com\/wp-content\/uploads\/2018\/08\/Volvo-XC90-gold-06-450x299.jpg 450w, https:\/\/www.paudimodel.com\/wp-content\/uploads\/2018\/08\/Volvo-XC90-gold-06-768x510.jpg 768w\" sizes=\"auto, (max-width: 990px) 100vw, 990px\" \/><br \/>\n<img loading=\"lazy\" decoding=\"async\" class=\"alignnone size-full wp-image-54573\" src=\"http:\/\/www.paudimodel.com\/wp-content\/uploads\/2018\/08\/Volvo-XC90-gold-07.jpg\" alt=\"\" width=\"990\" height=\"658\" srcset=\"https:\/\/www.paudimodel.com\/wp-content\/uploads\/2018\/08\/Volvo-XC90-gold-07.jpg 990w, https:\/\/www.paudimodel.com\/wp-content\/uploads\/2018\/08\/Volvo-XC90-gold-07-300x199.jpg 300w, https:\/\/www.paudimodel.com\/wp-content\/uploads\/2018\/08\/Volvo-XC90-gold-07-450x299.jpg 450w, https:\/\/www.paudimodel.com\/wp-content\/uploads\/2018\/08\/Volvo-XC90-gold-07-768x510.jpg 768w\" sizes=\"auto, (max-width: 990px) 100vw, 990px\" \/><br \/>\n<img loading=\"lazy\" decoding=\"async\" class=\"alignnone size-full wp-image-54574\" src=\"http:\/\/www.paudimodel.com\/wp-content\/uploads\/2018\/08\/Volvo-XC90-gold-08.jpg\" alt=\"\" width=\"990\" height=\"658\" srcset=\"https:\/\/www.paudimodel.com\/wp-content\/uploads\/2018\/08\/Volvo-XC90-gold-08.jpg 990w, https:\/\/www.paudimodel.com\/wp-content\/uploads\/2018\/08\/Volvo-XC90-gold-08-300x199.jpg 300w, https:\/\/www.paudimodel.com\/wp-content\/uploads\/2018\/08\/Volvo-XC90-gold-08-450x299.jpg 450w, https:\/\/www.paudimodel.com\/wp-content\/uploads\/2018\/08\/Volvo-XC90-gold-08-768x510.jpg 768w\" sizes=\"auto, (max-width: 990px) 100vw, 990px\" \/><\/p>","protected":false},"excerpt":{"rendered":"<p>1:18 Volvo XC90 2016 Scale Model Car\/ Diecast car\/ Miniature model car\/ Mini replica Brief Description: Four doors can be opened. The hood can be opened. The rear door can be opened. Folding left and right side mirrors. The sunroof can be opened to 45 degrees. The clapboard of the sunroof can be moved. Cab [&hellip;]<\/p>\n","protected":false},"featured_media":54545,"comment_status":"open","ping_status":"closed","template":"","meta":[],"product_brand":[],"product_cat":[856],"product_tag":[],"class_list":{"0":"post-54544","1":"product","2":"type-product","3":"status-publish","4":"has-post-thumbnail","6":"product_cat-volvo","7":"pa_color-blackcolor","8":"pa_color-gold","9":"pa_material-zinc-alloy-abs-variety-of-composite-materials","10":"pa_scale-34","12":"first","13":"outofstock","14":"taxable","15":"shipping-taxable","16":"purchasable","17":"product-type-variable","18":"has-default-attributes"},"yoast_head":"<!-- This site is optimized with the Yoast SEO Premium plugin v25.6 (Yoast SEO v27.5) - https:\/\/yoast.com\/product\/yoast-seo-premium-wordpress\/ -->\n<title>1:18 Volvo XC90 2016 - Paudi Model | High Quality Diecast Model<\/title>\n<meta name=\"robots\" content=\"index, follow, max-snippet:-1, max-image-preview:large, max-video-preview:-1\" \/>\n<link rel=\"canonical\" href=\"https:\/\/www.paudimodel.com\/de\/produkt\/118-volvo-xc90-2016\/\" \/>\n<meta property=\"og:locale\" content=\"de_DE\" \/>\n<meta property=\"og:type\" content=\"article\" \/>\n<meta property=\"og:title\" content=\"1:18 Volvo XC90 2016\" \/>\n<meta property=\"og:url\" content=\"https:\/\/www.paudimodel.com\/de\/produkt\/118-volvo-xc90-2016\/\" \/>\n<meta property=\"og:site_name\" content=\"Paudi Model | High Quality Diecast Model\" \/>\n<meta property=\"article:publisher\" content=\"https:\/\/www.facebook\/paudimodel\" \/>\n<meta property=\"article:modified_time\" content=\"2021-05-14T11:49:39+00:00\" \/>\n<meta property=\"og:image\" content=\"https:\/\/www.paudimodel.com\/wp-content\/uploads\/2018\/08\/Volvo-XC90-black-01.jpg\" \/>\n\t<meta property=\"og:image:width\" content=\"990\" \/>\n\t<meta property=\"og:image:height\" content=\"658\" \/>\n\t<meta property=\"og:image:type\" content=\"image\/jpeg\" \/>\n<meta name=\"twitter:card\" content=\"summary_large_image\" \/>\n<meta name=\"twitter:site\" content=\"@paudimodel\" \/>\n<script type=\"application\/ld+json\" class=\"yoast-schema-graph\">{\"@context\":\"https:\\\/\\\/schema.org\",\"@graph\":[{\"@type\":\"WebPage\",\"@id\":\"https:\\\/\\\/www.paudimodel.com\\\/product\\\/118-volvo-xc90-2016\\\/\",\"url\":\"https:\\\/\\\/www.paudimodel.com\\\/product\\\/118-volvo-xc90-2016\\\/\",\"name\":\"1:18 Volvo XC90 2016 - Paudi Model | High Quality Diecast Model\",\"isPartOf\":{\"@id\":\"https:\\\/\\\/www.paudimodel.com\\\/#website\"},\"primaryImageOfPage\":{\"@id\":\"https:\\\/\\\/www.paudimodel.com\\\/product\\\/118-volvo-xc90-2016\\\/#primaryimage\"},\"image\":{\"@id\":\"https:\\\/\\\/www.paudimodel.com\\\/product\\\/118-volvo-xc90-2016\\\/#primaryimage\"},\"thumbnailUrl\":\"https:\\\/\\\/www.paudimodel.com\\\/wp-content\\\/uploads\\\/2018\\\/08\\\/Volvo-XC90-black-01.jpg\",\"datePublished\":\"2018-08-21T13:28:07+00:00\",\"dateModified\":\"2021-05-14T11:49:39+00:00\",\"breadcrumb\":{\"@id\":\"https:\\\/\\\/www.paudimodel.com\\\/product\\\/118-volvo-xc90-2016\\\/#breadcrumb\"},\"inLanguage\":\"de\",\"potentialAction\":[{\"@type\":\"ReadAction\",\"target\":[\"https:\\\/\\\/www.paudimodel.com\\\/product\\\/118-volvo-xc90-2016\\\/\"]}]},{\"@type\":\"ImageObject\",\"inLanguage\":\"de\",\"@id\":\"https:\\\/\\\/www.paudimodel.com\\\/product\\\/118-volvo-xc90-2016\\\/#primaryimage\",\"url\":\"https:\\\/\\\/www.paudimodel.com\\\/wp-content\\\/uploads\\\/2018\\\/08\\\/Volvo-XC90-black-01.jpg\",\"contentUrl\":\"https:\\\/\\\/www.paudimodel.com\\\/wp-content\\\/uploads\\\/2018\\\/08\\\/Volvo-XC90-black-01.jpg\",\"width\":990,\"height\":658},{\"@type\":\"BreadcrumbList\",\"@id\":\"https:\\\/\\\/www.paudimodel.com\\\/product\\\/118-volvo-xc90-2016\\\/#breadcrumb\",\"itemListElement\":[{\"@type\":\"ListItem\",\"position\":1,\"name\":\"Home\",\"item\":\"https:\\\/\\\/www.paudimodel.com\\\/\"},{\"@type\":\"ListItem\",\"position\":2,\"name\":\"Products\",\"item\":\"https:\\\/\\\/www.paudimodel.com\\\/products\\\/\"},{\"@type\":\"ListItem\",\"position\":3,\"name\":\"1:18 Volvo XC90 2016\"}]},{\"@type\":\"WebSite\",\"@id\":\"https:\\\/\\\/www.paudimodel.com\\\/#website\",\"url\":\"https:\\\/\\\/www.paudimodel.com\\\/\",\"name\":\"Paudi Model | High Quality Diecast Model\",\"description\":\"Shop For Diecast Models From Top-Rated Brands Like Dealer Edition, Paudi, Kyosho, Autoart &amp; More. Low Online Prices. Super-Detailed Models.Find Your Make &amp; Model.Huge Selection. Satisfaction Guaranteed. Types: Diecast Model Cars, Diecast Model Trucks.\",\"publisher\":{\"@id\":\"https:\\\/\\\/www.paudimodel.com\\\/#organization\"},\"alternateName\":\"Scale model design, development and production\",\"potentialAction\":[{\"@type\":\"SearchAction\",\"target\":{\"@type\":\"EntryPoint\",\"urlTemplate\":\"https:\\\/\\\/www.paudimodel.com\\\/?s={search_term_string}\"},\"query-input\":{\"@type\":\"PropertyValueSpecification\",\"valueRequired\":true,\"valueName\":\"search_term_string\"}}],\"inLanguage\":\"de\"},{\"@type\":\"Organization\",\"@id\":\"https:\\\/\\\/www.paudimodel.com\\\/#organization\",\"name\":\"Guangzhou Paudi Model Technology Ltd.\",\"url\":\"https:\\\/\\\/www.paudimodel.com\\\/\",\"logo\":{\"@type\":\"ImageObject\",\"inLanguage\":\"de\",\"@id\":\"https:\\\/\\\/www.paudimodel.com\\\/#\\\/schema\\\/logo\\\/image\\\/\",\"url\":\"https:\\\/\\\/www.paudimodel.com\\\/wp-content\\\/uploads\\\/2023\\\/02\\\/696x696.png\",\"contentUrl\":\"https:\\\/\\\/www.paudimodel.com\\\/wp-content\\\/uploads\\\/2023\\\/02\\\/696x696.png\",\"width\":696,\"height\":696,\"caption\":\"Guangzhou Paudi Model Technology Ltd.\"},\"image\":{\"@id\":\"https:\\\/\\\/www.paudimodel.com\\\/#\\\/schema\\\/logo\\\/image\\\/\"},\"sameAs\":[\"https:\\\/\\\/www.facebook\\\/paudimodel\",\"https:\\\/\\\/x.com\\\/paudimodel\"]}]}<\/script>\n<!-- \/ Yoast SEO Premium plugin. -->","yoast_head_json":{"title":"Volvo XC90 2016 im Ma\u00dfstab 1:18 \u2013 Paudi-Modell | Hochwertiges Diecast-Modell","robots":{"index":"index","follow":"follow","max-snippet":"max-snippet:-1","max-image-preview":"max-image-preview:large","max-video-preview":"max-video-preview:-1"},"canonical":"https:\/\/www.paudimodel.com\/de\/produkt\/118-volvo-xc90-2016\/","og_locale":"de_DE","og_type":"article","og_title":"1:18 Volvo XC90 2016","og_url":"https:\/\/www.paudimodel.com\/de\/produkt\/118-volvo-xc90-2016\/","og_site_name":"Paudi Model | High Quality Diecast Model","article_publisher":"https:\/\/www.facebook\/paudimodel","article_modified_time":"2021-05-14T11:49:39+00:00","og_image":[{"width":990,"height":658,"url":"https:\/\/www.paudimodel.com\/wp-content\/uploads\/2018\/08\/Volvo-XC90-black-01.jpg","type":"image\/jpeg"}],"twitter_card":"summary_large_image","twitter_site":"@paudimodel","schema":{"@context":"https:\/\/schema.org","@graph":[{"@type":"WebPage","@id":"https:\/\/www.paudimodel.com\/product\/118-volvo-xc90-2016\/","url":"https:\/\/www.paudimodel.com\/product\/118-volvo-xc90-2016\/","name":"Volvo XC90 2016 im Ma\u00dfstab 1:18 \u2013 Paudi-Modell | Hochwertiges Diecast-Modell","isPartOf":{"@id":"https:\/\/www.paudimodel.com\/#website"},"primaryImageOfPage":{"@id":"https:\/\/www.paudimodel.com\/product\/118-volvo-xc90-2016\/#primaryimage"},"image":{"@id":"https:\/\/www.paudimodel.com\/product\/118-volvo-xc90-2016\/#primaryimage"},"thumbnailUrl":"https:\/\/www.paudimodel.com\/wp-content\/uploads\/2018\/08\/Volvo-XC90-black-01.jpg","datePublished":"2018-08-21T13:28:07+00:00","dateModified":"2021-05-14T11:49:39+00:00","breadcrumb":{"@id":"https:\/\/www.paudimodel.com\/product\/118-volvo-xc90-2016\/#breadcrumb"},"inLanguage":"de","potentialAction":[{"@type":"ReadAction","target":["https:\/\/www.paudimodel.com\/product\/118-volvo-xc90-2016\/"]}]},{"@type":"ImageObject","inLanguage":"de","@id":"https:\/\/www.paudimodel.com\/product\/118-volvo-xc90-2016\/#primaryimage","url":"https:\/\/www.paudimodel.com\/wp-content\/uploads\/2018\/08\/Volvo-XC90-black-01.jpg","contentUrl":"https:\/\/www.paudimodel.com\/wp-content\/uploads\/2018\/08\/Volvo-XC90-black-01.jpg","width":990,"height":658},{"@type":"BreadcrumbList","@id":"https:\/\/www.paudimodel.com\/product\/118-volvo-xc90-2016\/#breadcrumb","itemListElement":[{"@type":"ListItem","position":1,"name":"Home","item":"https:\/\/www.paudimodel.com\/"},{"@type":"ListItem","position":2,"name":"Products","item":"https:\/\/www.paudimodel.com\/products\/"},{"@type":"ListItem","position":3,"name":"1:18 Volvo XC90 2016"}]},{"@type":"WebSite","@id":"https:\/\/www.paudimodel.com\/#website","url":"https:\/\/www.paudimodel.com\/","name":"Paudi-Modell | Hochwertiges Druckgussmodell","description":"Kaufen Sie Druckgussmodelle von Top-Marken wie Dealer Edition, Paudi, Kyosho, Autoart und mehr. G\u00fcnstige Online-Preise. Superdetaillierte Modelle. Finden Sie Ihre Marke und Ihr Modell. Riesige Auswahl. Zufriedenheitsgarantie. Typen: Druckguss-Modellautos, Druckguss-Modell-LKWs.","publisher":{"@id":"https:\/\/www.paudimodel.com\/#organization"},"alternateName":"Scale model design, development and production","potentialAction":[{"@type":"SearchAction","target":{"@type":"EntryPoint","urlTemplate":"https:\/\/www.paudimodel.com\/?s={search_term_string}"},"query-input":{"@type":"PropertyValueSpecification","valueRequired":true,"valueName":"search_term_string"}}],"inLanguage":"de"},{"@type":"Organization","@id":"https:\/\/www.paudimodel.com\/#organization","name":"Guangzhou Paudi Model Technology Ltd.","url":"https:\/\/www.paudimodel.com\/","logo":{"@type":"ImageObject","inLanguage":"de","@id":"https:\/\/www.paudimodel.com\/#\/schema\/logo\/image\/","url":"https:\/\/www.paudimodel.com\/wp-content\/uploads\/2023\/02\/696x696.png","contentUrl":"https:\/\/www.paudimodel.com\/wp-content\/uploads\/2023\/02\/696x696.png","width":696,"height":696,"caption":"Guangzhou Paudi Model Technology Ltd."},"image":{"@id":"https:\/\/www.paudimodel.com\/#\/schema\/logo\/image\/"},"sameAs":["https:\/\/www.facebook\/paudimodel","https:\/\/x.com\/paudimodel"]}]}},"_links":{"self":[{"href":"https:\/\/www.paudimodel.com\/de\/wp-json\/wp\/v2\/product\/54544","targetHints":{"allow":["GET"]}}],"collection":[{"href":"https:\/\/www.paudimodel.com\/de\/wp-json\/wp\/v2\/product"}],"about":[{"href":"https:\/\/www.paudimodel.com\/de\/wp-json\/wp\/v2\/types\/product"}],"replies":[{"embeddable":true,"href":"https:\/\/www.paudimodel.com\/de\/wp-json\/wp\/v2\/comments?post=54544"}],"wp:featuredmedia":[{"embeddable":true,"href":"https:\/\/www.paudimodel.com\/de\/wp-json\/wp\/v2\/media\/54545"}],"wp:attachment":[{"href":"https:\/\/www.paudimodel.com\/de\/wp-json\/wp\/v2\/media?parent=54544"}],"wp:term":[{"taxonomy":"product_brand","embeddable":true,"href":"https:\/\/www.paudimodel.com\/de\/wp-json\/wp\/v2\/product_brand?post=54544"},{"taxonomy":"product_cat","embeddable":true,"href":"https:\/\/www.paudimodel.com\/de\/wp-json\/wp\/v2\/product_cat?post=54544"},{"taxonomy":"product_tag","embeddable":true,"href":"https:\/\/www.paudimodel.com\/de\/wp-json\/wp\/v2\/product_tag?post=54544"}],"curies":[{"name":"wp","href":"https:\/\/api.w.org\/{rel}","templated":true}]}}