{"id":55846,"date":"2018-11-02T03:17:45","date_gmt":"2018-11-02T03:17:45","guid":{"rendered":"http:\/\/www.paudimodel.com\/?post_type=product&#038;p=55846"},"modified":"2021-05-14T11:37:28","modified_gmt":"2021-05-14T11:37:28","slug":"118-scale-citroen-c5-aircross-2018-diecast-model-car","status":"publish","type":"product","link":"https:\/\/www.paudimodel.com\/de\/produkt\/118-scale-citroen-c5-aircross-2018-diecast-model-car\/","title":{"rendered":"Ma\u00dfstab 1:18 Citroen C5 Aircross 2018 Druckguss-Modellauto"},"content":{"rendered":"<p>Citro\u00ebn C5 2018 Modellauto im Ma\u00dfstab 1:18 \/ Diecast-Modellauto \/ Miniaturmodellauto \/ Mini-Replika \/ Sammlerst\u00fcck \/ Auto-Boutique \/ Autogeschenke<\/p>\n<p>Produktcode: 2530R<\/p>\n<p>Farbe: Rot<\/p>\n<p>Produktionszeit: 2018<\/p>\n<p><img loading=\"lazy\" decoding=\"async\" class=\"alignnone size-full wp-image-55862\" src=\"http:\/\/www.paudimodel.com\/wp-content\/uploads\/2018\/11\/Citroen-C5-Aircross-2018-Red-03.png\" alt=\"\" width=\"990\" height=\"658\" srcset=\"https:\/\/www.paudimodel.com\/wp-content\/uploads\/2018\/11\/Citroen-C5-Aircross-2018-Red-03.png 990w, https:\/\/www.paudimodel.com\/wp-content\/uploads\/2018\/11\/Citroen-C5-Aircross-2018-Red-03-300x199.png 300w, https:\/\/www.paudimodel.com\/wp-content\/uploads\/2018\/11\/Citroen-C5-Aircross-2018-Red-03-450x299.png 450w, https:\/\/www.paudimodel.com\/wp-content\/uploads\/2018\/11\/Citroen-C5-Aircross-2018-Red-03-768x510.png 768w, https:\/\/www.paudimodel.com\/wp-content\/uploads\/2018\/11\/Citroen-C5-Aircross-2018-Red-03-705x469.png 705w\" sizes=\"auto, (max-width: 990px) 100vw, 990px\" \/> <img loading=\"lazy\" decoding=\"async\" class=\"alignnone size-full wp-image-55874\" src=\"http:\/\/www.paudimodel.com\/wp-content\/uploads\/2018\/11\/Citroen-C5-Aircross-2018-Red-10.png\" alt=\"\" width=\"990\" height=\"658\" srcset=\"https:\/\/www.paudimodel.com\/wp-content\/uploads\/2018\/11\/Citroen-C5-Aircross-2018-Red-10.png 990w, https:\/\/www.paudimodel.com\/wp-content\/uploads\/2018\/11\/Citroen-C5-Aircross-2018-Red-10-300x199.png 300w, https:\/\/www.paudimodel.com\/wp-content\/uploads\/2018\/11\/Citroen-C5-Aircross-2018-Red-10-450x299.png 450w, https:\/\/www.paudimodel.com\/wp-content\/uploads\/2018\/11\/Citroen-C5-Aircross-2018-Red-10-768x510.png 768w, https:\/\/www.paudimodel.com\/wp-content\/uploads\/2018\/11\/Citroen-C5-Aircross-2018-Red-10-705x469.png 705w\" sizes=\"auto, (max-width: 990px) 100vw, 990px\" \/> <img loading=\"lazy\" decoding=\"async\" class=\"alignnone size-full wp-image-55856\" src=\"http:\/\/www.paudimodel.com\/wp-content\/uploads\/2018\/11\/Citroen-C5-Aircross-2018-Red-01.png\" alt=\"\" width=\"990\" height=\"658\" srcset=\"https:\/\/www.paudimodel.com\/wp-content\/uploads\/2018\/11\/Citroen-C5-Aircross-2018-Red-01.png 990w, https:\/\/www.paudimodel.com\/wp-content\/uploads\/2018\/11\/Citroen-C5-Aircross-2018-Red-01-300x199.png 300w, https:\/\/www.paudimodel.com\/wp-content\/uploads\/2018\/11\/Citroen-C5-Aircross-2018-Red-01-450x299.png 450w, https:\/\/www.paudimodel.com\/wp-content\/uploads\/2018\/11\/Citroen-C5-Aircross-2018-Red-01-768x510.png 768w, https:\/\/www.paudimodel.com\/wp-content\/uploads\/2018\/11\/Citroen-C5-Aircross-2018-Red-01-705x469.png 705w\" sizes=\"auto, (max-width: 990px) 100vw, 990px\" \/> <img loading=\"lazy\" decoding=\"async\" class=\"alignnone size-full wp-image-55868\" src=\"http:\/\/www.paudimodel.com\/wp-content\/uploads\/2018\/11\/Citroen-C5-Aircross-2018-Red-05.png\" alt=\"\" width=\"990\" height=\"658\" srcset=\"https:\/\/www.paudimodel.com\/wp-content\/uploads\/2018\/11\/Citroen-C5-Aircross-2018-Red-05.png 990w, https:\/\/www.paudimodel.com\/wp-content\/uploads\/2018\/11\/Citroen-C5-Aircross-2018-Red-05-300x199.png 300w, https:\/\/www.paudimodel.com\/wp-content\/uploads\/2018\/11\/Citroen-C5-Aircross-2018-Red-05-450x299.png 450w, https:\/\/www.paudimodel.com\/wp-content\/uploads\/2018\/11\/Citroen-C5-Aircross-2018-Red-05-768x510.png 768w, https:\/\/www.paudimodel.com\/wp-content\/uploads\/2018\/11\/Citroen-C5-Aircross-2018-Red-05-705x469.png 705w\" sizes=\"auto, (max-width: 990px) 100vw, 990px\" \/> <img loading=\"lazy\" decoding=\"async\" class=\"alignnone size-full wp-image-55880\" src=\"http:\/\/www.paudimodel.com\/wp-content\/uploads\/2018\/11\/Citroen-C5-Aircross-2018-Red-16.png\" alt=\"\" width=\"990\" height=\"658\" srcset=\"https:\/\/www.paudimodel.com\/wp-content\/uploads\/2018\/11\/Citroen-C5-Aircross-2018-Red-16.png 990w, https:\/\/www.paudimodel.com\/wp-content\/uploads\/2018\/11\/Citroen-C5-Aircross-2018-Red-16-300x199.png 300w, https:\/\/www.paudimodel.com\/wp-content\/uploads\/2018\/11\/Citroen-C5-Aircross-2018-Red-16-450x299.png 450w, https:\/\/www.paudimodel.com\/wp-content\/uploads\/2018\/11\/Citroen-C5-Aircross-2018-Red-16-768x510.png 768w, https:\/\/www.paudimodel.com\/wp-content\/uploads\/2018\/11\/Citroen-C5-Aircross-2018-Red-16-705x469.png 705w\" sizes=\"auto, (max-width: 990px) 100vw, 990px\" \/> <img loading=\"lazy\" decoding=\"async\" class=\"alignnone size-full wp-image-55883\" src=\"http:\/\/www.paudimodel.com\/wp-content\/uploads\/2018\/11\/Citroen-C5-Aircross-2018-Red-17.png\" alt=\"\" width=\"990\" height=\"658\" srcset=\"https:\/\/www.paudimodel.com\/wp-content\/uploads\/2018\/11\/Citroen-C5-Aircross-2018-Red-17.png 990w, https:\/\/www.paudimodel.com\/wp-content\/uploads\/2018\/11\/Citroen-C5-Aircross-2018-Red-17-300x199.png 300w, https:\/\/www.paudimodel.com\/wp-content\/uploads\/2018\/11\/Citroen-C5-Aircross-2018-Red-17-450x299.png 450w, https:\/\/www.paudimodel.com\/wp-content\/uploads\/2018\/11\/Citroen-C5-Aircross-2018-Red-17-768x510.png 768w, https:\/\/www.paudimodel.com\/wp-content\/uploads\/2018\/11\/Citroen-C5-Aircross-2018-Red-17-705x469.png 705w\" sizes=\"auto, (max-width: 990px) 100vw, 990px\" \/> <img loading=\"lazy\" decoding=\"async\" class=\"alignnone size-full wp-image-55886\" src=\"http:\/\/www.paudimodel.com\/wp-content\/uploads\/2018\/11\/Citroen-C5-Aircross-2018-Red-18.png\" alt=\"\" width=\"990\" height=\"658\" srcset=\"https:\/\/www.paudimodel.com\/wp-content\/uploads\/2018\/11\/Citroen-C5-Aircross-2018-Red-18.png 990w, https:\/\/www.paudimodel.com\/wp-content\/uploads\/2018\/11\/Citroen-C5-Aircross-2018-Red-18-300x199.png 300w, https:\/\/www.paudimodel.com\/wp-content\/uploads\/2018\/11\/Citroen-C5-Aircross-2018-Red-18-450x299.png 450w, https:\/\/www.paudimodel.com\/wp-content\/uploads\/2018\/11\/Citroen-C5-Aircross-2018-Red-18-768x510.png 768w, https:\/\/www.paudimodel.com\/wp-content\/uploads\/2018\/11\/Citroen-C5-Aircross-2018-Red-18-705x469.png 705w\" sizes=\"auto, (max-width: 990px) 100vw, 990px\" \/><\/p>","protected":false},"excerpt":{"rendered":"<p>Citro\u00ebn C5 Modellauto im Ma\u00dfstab 1:18 (2018) \/ Diecast-Modellauto \/ Miniaturmodellauto \/ Mini-Replika \/ Sammlerst\u00fcck \/ Auto-Boutique \/ Auto-Geschenkartikel \/ Produktcode: 2530R \/ Farbe: Rot \/ Produktionsdatum: 2018<\/p>","protected":false},"featured_media":55859,"comment_status":"open","ping_status":"closed","template":"","meta":[],"product_brand":[],"product_cat":[466,825],"product_tag":[2052,827],"class_list":{"0":"post-55846","1":"product","2":"type-product","3":"status-publish","4":"has-post-thumbnail","6":"product_cat-1-18-scale","7":"product_cat-citroen","8":"product_tag-c5","9":"product_tag-citroen","10":"pa_color-cayenne-red","11":"pa_material-zinc-alloy-abs-variety-of-composite-materials","13":"first","14":"outofstock","15":"taxable","16":"shipping-taxable","17":"purchasable","18":"product-type-simple"},"yoast_head":"<!-- This site is optimized with the Yoast SEO Premium plugin v25.6 (Yoast SEO v26.7) - https:\/\/yoast.com\/wordpress\/plugins\/seo\/ -->\n<title>1:18 Scale Citroen C5 Aircross 2018 Diecast Model Car - Paudi Model | High Quality Diecast Model<\/title>\n<meta name=\"robots\" content=\"index, follow, max-snippet:-1, max-image-preview:large, max-video-preview:-1\" \/>\n<link rel=\"canonical\" href=\"https:\/\/www.paudimodel.com\/de\/produkt\/118-scale-citroen-c5-aircross-2018-diecast-model-car\/\" \/>\n<meta property=\"og:locale\" content=\"de_DE\" \/>\n<meta property=\"og:type\" content=\"article\" \/>\n<meta property=\"og:title\" content=\"1:18 Scale Citroen C5 Aircross 2018 Diecast Model Car\" \/>\n<meta property=\"og:url\" content=\"https:\/\/www.paudimodel.com\/de\/produkt\/118-scale-citroen-c5-aircross-2018-diecast-model-car\/\" \/>\n<meta property=\"og:site_name\" content=\"Paudi Model | High Quality Diecast Model\" \/>\n<meta property=\"article:publisher\" content=\"https:\/\/www.facebook\/paudimodel\" \/>\n<meta property=\"article:modified_time\" content=\"2021-05-14T11:37:28+00:00\" \/>\n<meta property=\"og:image\" content=\"https:\/\/www.paudimodel.com\/wp-content\/uploads\/2018\/11\/Citroen-C5-Aircross-2018-Red-02.png\" \/>\n\t<meta property=\"og:image:width\" content=\"990\" \/>\n\t<meta property=\"og:image:height\" content=\"658\" \/>\n\t<meta property=\"og:image:type\" content=\"image\/png\" \/>\n<meta name=\"twitter:card\" content=\"summary_large_image\" \/>\n<meta name=\"twitter:site\" content=\"@paudimodel\" \/>\n<meta name=\"twitter:label1\" content=\"Gesch\u00e4tzte Lesezeit\" \/>\n\t<meta name=\"twitter:data1\" content=\"2\u00a0Minuten\" \/>\n<script type=\"application\/ld+json\" class=\"yoast-schema-graph\">{\"@context\":\"https:\/\/schema.org\",\"@graph\":[{\"@type\":\"WebPage\",\"@id\":\"https:\/\/www.paudimodel.com\/product\/118-scale-citroen-c5-aircross-2018-diecast-model-car\/\",\"url\":\"https:\/\/www.paudimodel.com\/product\/118-scale-citroen-c5-aircross-2018-diecast-model-car\/\",\"name\":\"1:18 Scale Citroen C5 Aircross 2018 Diecast Model Car - Paudi Model | High Quality Diecast Model\",\"isPartOf\":{\"@id\":\"https:\/\/www.paudimodel.com\/#website\"},\"primaryImageOfPage\":{\"@id\":\"https:\/\/www.paudimodel.com\/product\/118-scale-citroen-c5-aircross-2018-diecast-model-car\/#primaryimage\"},\"image\":{\"@id\":\"https:\/\/www.paudimodel.com\/product\/118-scale-citroen-c5-aircross-2018-diecast-model-car\/#primaryimage\"},\"thumbnailUrl\":\"https:\/\/www.paudimodel.com\/wp-content\/uploads\/2018\/11\/Citroen-C5-Aircross-2018-Red-02.png\",\"datePublished\":\"2018-11-02T03:17:45+00:00\",\"dateModified\":\"2021-05-14T11:37:28+00:00\",\"breadcrumb\":{\"@id\":\"https:\/\/www.paudimodel.com\/product\/118-scale-citroen-c5-aircross-2018-diecast-model-car\/#breadcrumb\"},\"inLanguage\":\"de\",\"potentialAction\":[{\"@type\":\"ReadAction\",\"target\":[\"https:\/\/www.paudimodel.com\/product\/118-scale-citroen-c5-aircross-2018-diecast-model-car\/\"]}]},{\"@type\":\"ImageObject\",\"inLanguage\":\"de\",\"@id\":\"https:\/\/www.paudimodel.com\/product\/118-scale-citroen-c5-aircross-2018-diecast-model-car\/#primaryimage\",\"url\":\"https:\/\/www.paudimodel.com\/wp-content\/uploads\/2018\/11\/Citroen-C5-Aircross-2018-Red-02.png\",\"contentUrl\":\"https:\/\/www.paudimodel.com\/wp-content\/uploads\/2018\/11\/Citroen-C5-Aircross-2018-Red-02.png\",\"width\":990,\"height\":658},{\"@type\":\"BreadcrumbList\",\"@id\":\"https:\/\/www.paudimodel.com\/product\/118-scale-citroen-c5-aircross-2018-diecast-model-car\/#breadcrumb\",\"itemListElement\":[{\"@type\":\"ListItem\",\"position\":1,\"name\":\"Home\",\"item\":\"https:\/\/www.paudimodel.com\/\"},{\"@type\":\"ListItem\",\"position\":2,\"name\":\"Products\",\"item\":\"https:\/\/www.paudimodel.com\/products\/\"},{\"@type\":\"ListItem\",\"position\":3,\"name\":\"1:18 Scale Citroen C5 Aircross 2018 Diecast Model Car\"}]},{\"@type\":\"WebSite\",\"@id\":\"https:\/\/www.paudimodel.com\/#website\",\"url\":\"https:\/\/www.paudimodel.com\/\",\"name\":\"Paudi Model | High Quality Diecast Model\",\"description\":\"Shop For Diecast Models From Top-Rated Brands Like Dealer Edition, Paudi, Kyosho, Autoart &amp; More. Low Online Prices. Super-Detailed Models.Find Your Make &amp; Model.Huge Selection. Satisfaction Guaranteed. Types: Diecast Model Cars, Diecast Model Trucks.\",\"publisher\":{\"@id\":\"https:\/\/www.paudimodel.com\/#organization\"},\"alternateName\":\"Scale model design, development and production\",\"potentialAction\":[{\"@type\":\"SearchAction\",\"target\":{\"@type\":\"EntryPoint\",\"urlTemplate\":\"https:\/\/www.paudimodel.com\/?s={search_term_string}\"},\"query-input\":{\"@type\":\"PropertyValueSpecification\",\"valueRequired\":true,\"valueName\":\"search_term_string\"}}],\"inLanguage\":\"de\"},{\"@type\":\"Organization\",\"@id\":\"https:\/\/www.paudimodel.com\/#organization\",\"name\":\"Guangzhou Paudi Model Technology Ltd.\",\"url\":\"https:\/\/www.paudimodel.com\/\",\"logo\":{\"@type\":\"ImageObject\",\"inLanguage\":\"de\",\"@id\":\"https:\/\/www.paudimodel.com\/#\/schema\/logo\/image\/\",\"url\":\"https:\/\/www.paudimodel.com\/wp-content\/uploads\/2023\/02\/696x696.png\",\"contentUrl\":\"https:\/\/www.paudimodel.com\/wp-content\/uploads\/2023\/02\/696x696.png\",\"width\":696,\"height\":696,\"caption\":\"Guangzhou Paudi Model Technology Ltd.\"},\"image\":{\"@id\":\"https:\/\/www.paudimodel.com\/#\/schema\/logo\/image\/\"},\"sameAs\":[\"https:\/\/www.facebook\/paudimodel\",\"https:\/\/x.com\/paudimodel\"]}]}<\/script>\n<!-- \/ Yoast SEO Premium plugin. -->","yoast_head_json":{"title":"Citro\u00ebn C5 Aircross 2018 Modellauto im Ma\u00dfstab 1:18 \u2013 Paudi Model | Hochwertiges Diecast-Modell","robots":{"index":"index","follow":"follow","max-snippet":"max-snippet:-1","max-image-preview":"max-image-preview:large","max-video-preview":"max-video-preview:-1"},"canonical":"https:\/\/www.paudimodel.com\/de\/produkt\/118-scale-citroen-c5-aircross-2018-diecast-model-car\/","og_locale":"de_DE","og_type":"article","og_title":"1:18 Scale Citroen C5 Aircross 2018 Diecast Model Car","og_url":"https:\/\/www.paudimodel.com\/de\/produkt\/118-scale-citroen-c5-aircross-2018-diecast-model-car\/","og_site_name":"Paudi Model | High Quality Diecast Model","article_publisher":"https:\/\/www.facebook\/paudimodel","article_modified_time":"2021-05-14T11:37:28+00:00","og_image":[{"width":990,"height":658,"url":"https:\/\/www.paudimodel.com\/wp-content\/uploads\/2018\/11\/Citroen-C5-Aircross-2018-Red-02.png","type":"image\/png"}],"twitter_card":"summary_large_image","twitter_site":"@paudimodel","twitter_misc":{"Gesch\u00e4tzte Lesezeit":"2\u00a0Minuten"},"schema":{"@context":"https:\/\/schema.org","@graph":[{"@type":"WebPage","@id":"https:\/\/www.paudimodel.com\/product\/118-scale-citroen-c5-aircross-2018-diecast-model-car\/","url":"https:\/\/www.paudimodel.com\/product\/118-scale-citroen-c5-aircross-2018-diecast-model-car\/","name":"Citro\u00ebn C5 Aircross 2018 Modellauto im Ma\u00dfstab 1:18 \u2013 Paudi Model | Hochwertiges Diecast-Modell","isPartOf":{"@id":"https:\/\/www.paudimodel.com\/#website"},"primaryImageOfPage":{"@id":"https:\/\/www.paudimodel.com\/product\/118-scale-citroen-c5-aircross-2018-diecast-model-car\/#primaryimage"},"image":{"@id":"https:\/\/www.paudimodel.com\/product\/118-scale-citroen-c5-aircross-2018-diecast-model-car\/#primaryimage"},"thumbnailUrl":"https:\/\/www.paudimodel.com\/wp-content\/uploads\/2018\/11\/Citroen-C5-Aircross-2018-Red-02.png","datePublished":"2018-11-02T03:17:45+00:00","dateModified":"2021-05-14T11:37:28+00:00","breadcrumb":{"@id":"https:\/\/www.paudimodel.com\/product\/118-scale-citroen-c5-aircross-2018-diecast-model-car\/#breadcrumb"},"inLanguage":"de","potentialAction":[{"@type":"ReadAction","target":["https:\/\/www.paudimodel.com\/product\/118-scale-citroen-c5-aircross-2018-diecast-model-car\/"]}]},{"@type":"ImageObject","inLanguage":"de","@id":"https:\/\/www.paudimodel.com\/product\/118-scale-citroen-c5-aircross-2018-diecast-model-car\/#primaryimage","url":"https:\/\/www.paudimodel.com\/wp-content\/uploads\/2018\/11\/Citroen-C5-Aircross-2018-Red-02.png","contentUrl":"https:\/\/www.paudimodel.com\/wp-content\/uploads\/2018\/11\/Citroen-C5-Aircross-2018-Red-02.png","width":990,"height":658},{"@type":"BreadcrumbList","@id":"https:\/\/www.paudimodel.com\/product\/118-scale-citroen-c5-aircross-2018-diecast-model-car\/#breadcrumb","itemListElement":[{"@type":"ListItem","position":1,"name":"Home","item":"https:\/\/www.paudimodel.com\/"},{"@type":"ListItem","position":2,"name":"Products","item":"https:\/\/www.paudimodel.com\/products\/"},{"@type":"ListItem","position":3,"name":"1:18 Scale Citroen C5 Aircross 2018 Diecast Model Car"}]},{"@type":"WebSite","@id":"https:\/\/www.paudimodel.com\/#website","url":"https:\/\/www.paudimodel.com\/","name":"Paudi-Modell | Hochwertiges Druckgussmodell","description":"Kaufen Sie Druckgussmodelle von Top-Marken wie Dealer Edition, Paudi, Kyosho, Autoart und mehr. G\u00fcnstige Online-Preise. Superdetaillierte Modelle. Finden Sie Ihre Marke und Ihr Modell. Riesige Auswahl. Zufriedenheitsgarantie. Typen: Druckguss-Modellautos, Druckguss-Modell-LKWs.","publisher":{"@id":"https:\/\/www.paudimodel.com\/#organization"},"alternateName":"Scale model design, development and production","potentialAction":[{"@type":"SearchAction","target":{"@type":"EntryPoint","urlTemplate":"https:\/\/www.paudimodel.com\/?s={search_term_string}"},"query-input":{"@type":"PropertyValueSpecification","valueRequired":true,"valueName":"search_term_string"}}],"inLanguage":"de"},{"@type":"Organization","@id":"https:\/\/www.paudimodel.com\/#organization","name":"Guangzhou Paudi Model Technology Ltd.","url":"https:\/\/www.paudimodel.com\/","logo":{"@type":"ImageObject","inLanguage":"de","@id":"https:\/\/www.paudimodel.com\/#\/schema\/logo\/image\/","url":"https:\/\/www.paudimodel.com\/wp-content\/uploads\/2023\/02\/696x696.png","contentUrl":"https:\/\/www.paudimodel.com\/wp-content\/uploads\/2023\/02\/696x696.png","width":696,"height":696,"caption":"Guangzhou Paudi Model Technology Ltd."},"image":{"@id":"https:\/\/www.paudimodel.com\/#\/schema\/logo\/image\/"},"sameAs":["https:\/\/www.facebook\/paudimodel","https:\/\/x.com\/paudimodel"]}]}},"_links":{"self":[{"href":"https:\/\/www.paudimodel.com\/de\/wp-json\/wp\/v2\/product\/55846","targetHints":{"allow":["GET"]}}],"collection":[{"href":"https:\/\/www.paudimodel.com\/de\/wp-json\/wp\/v2\/product"}],"about":[{"href":"https:\/\/www.paudimodel.com\/de\/wp-json\/wp\/v2\/types\/product"}],"replies":[{"embeddable":true,"href":"https:\/\/www.paudimodel.com\/de\/wp-json\/wp\/v2\/comments?post=55846"}],"wp:featuredmedia":[{"embeddable":true,"href":"https:\/\/www.paudimodel.com\/de\/wp-json\/wp\/v2\/media\/55859"}],"wp:attachment":[{"href":"https:\/\/www.paudimodel.com\/de\/wp-json\/wp\/v2\/media?parent=55846"}],"wp:term":[{"taxonomy":"product_brand","embeddable":true,"href":"https:\/\/www.paudimodel.com\/de\/wp-json\/wp\/v2\/product_brand?post=55846"},{"taxonomy":"product_cat","embeddable":true,"href":"https:\/\/www.paudimodel.com\/de\/wp-json\/wp\/v2\/product_cat?post=55846"},{"taxonomy":"product_tag","embeddable":true,"href":"https:\/\/www.paudimodel.com\/de\/wp-json\/wp\/v2\/product_tag?post=55846"}],"curies":[{"name":"wp","href":"https:\/\/api.w.org\/{rel}","templated":true}]}}